{"id":21239,"date":"2020-03-09T19:13:30","date_gmt":"2020-03-09T23:13:30","guid":{"rendered":"https:\/\/thehometownlawyers.com\/?page_id=21239"},"modified":"2025-02-03T14:21:09","modified_gmt":"2025-02-03T19:21:09","slug":"abogados-de-accidentes-de-motocicleta-que-prestan-servicios-en-new-miami-ohio","status":"publish","type":"page","link":"https:\/\/thehometownlawyers.com\/es\/abogados-de-lesiones-personales-que-prestan-servicios-en-new-miami-ohio\/abogados-de-accidentes-de-motocicleta-que-prestan-servicios-en-new-miami-ohio\/","title":{"rendered":"Abogado de Accidente de Motocicleta en New Miami"},"content":{"rendered":"<p>Kruger &amp; Hodges Attorneys at Law es un bufete de abogados de accidentes de motocicleta que presta servicios en New Miami, Ohio, que puede ayudarlo si usted o un ser querido result\u00f3 herido en un accidente de motocicleta. Los accidentes de motocicleta pueden dejar a las v\u00edctimas con lesiones o discapacidades catastr\u00f3ficas. Las v\u00edctimas pueden terminar con lesiones cerebrales traum\u00e1ticas, lesiones de la m\u00e9dula espinal, amputaciones, desfiguraciones, erupciones en la carretera y otras lesiones graves. Estas lesiones pueden hacer que las v\u00edctimas se enfrenten a facturas m\u00e9dicas elevadas, p\u00e9rdida de salarios debido a ausencias laborales, costos de rehabilitaci\u00f3n y otros da\u00f1os. Despu\u00e9s de un accidente de motocicleta, las v\u00edctimas y las familias pueden tener una variedad de preguntas. Es posible que se pregunte cu\u00e1l podr\u00eda ser el valor de su reclamo, si tiene un reclamo y qu\u00e9 opciones podr\u00eda tener cuando se trata de presentar su reclamo de seguro. Los abogados de accidentes de motocicleta de <a href=\"https:\/\/thehometownlawyers.com\/es\/\">Kruger &amp; Hodges Attorneys at Law<\/a> que prestan servicios en New Miami, Ohio, pueden ayudarlo.<\/p>\n<h2>C\u00f3mo un bufete de abogados de accidentes de motocicleta que presta servicios en New Miami, Ohio puede ayudarlo<\/h2>\n<p>El bufete de abogados de accidentes de motocicleta de Kruger &amp; Hodges Attorneys at Law que presta servicios en New Miami, Ohio, puede ayudarlo evaluando su reclamo, estimando el valor de sus da\u00f1os, identificando a las partes negligentes y ayud\u00e1ndolo a buscar los da\u00f1os que puede merecer de negligencia. las partes y sus aseguradoras. Cuando los conductores cometen errores, desafortunadamente, los motociclistas son los m\u00e1s afectados porque est\u00e1n m\u00e1s directamente expuestos a la carretera y a las fuerzas de impacto de la colisi\u00f3n. La conducci\u00f3n distra\u00edda, los mensajes de texto y la conducci\u00f3n, el exceso de velocidad, la conducci\u00f3n imprudente y el incumplimiento de las normas de tr\u00e1nsito pueden provocar accidentes de motocicleta. Cuando los conductores giran a la izquierda sin prestar atenci\u00f3n a los motociclistas, los conductores pueden chocar con los motociclistas, con consecuencias desastrosas. Cuando el descuido o la negligencia de un conductor provocan un accidente, las v\u00edctimas pueden tener derecho a reclamar da\u00f1os y perjuicios por sus p\u00e9rdidas. Los abogados de accidentes de motocicleta de Kruger &amp; Hodges Attorneys at Law que prestan servicios en New Miami, Ohio, pueden revisar los informes policiales para identificar a las partes negligentes y luchar para ayudarlo a reclamar da\u00f1os y perjuicios a los responsables.<\/p>\n<p>Las lesiones por accidentes de motocicleta pueden ser graves. Cuando los pasajeros sufren una lesi\u00f3n catastr\u00f3fica, a veces pueden enfrentar el rechazo de las compa\u00f1\u00edas de seguros por su reclamo. A veces, es posible que los ciclistas no siempre est\u00e9n al tanto del valor de su reclamo. A los pasajeros se les puede ofrecer lo que parece ser un acuerdo sustancial, sin saber que podr\u00edan haber cobrado m\u00e1s da\u00f1os. Comprender el valor de su reclamo puede ser importante al determinar si llegar a un acuerdo con los ajustadores de seguros y buscar m\u00e1s da\u00f1os. Los abogados de accidentes de motocicleta de Kruger &amp; Hodges Attorneys at Law que prestan servicios en New Miami, Ohio, pueden revisar sus facturas, gastos y p\u00e9rdidas, estimar el valor de su reclamo y trabajar con los ajustadores de seguros para ayudarlo a obtener el acuerdo que merece seg\u00fan la ley.<\/p>\n<p class=\"rs-content-cta rs-content-cta-small\">Para una consulta legal gratuita, llame al <a href=\"tel:+15138943333\">513-894-3333 <\/a><\/p><h2>Buscando justicia para las v\u00edctimas de accidentes de motocicleta<\/h2>\n<p>Los motociclistas a veces pueden enfrentar la parcialidad de las compa\u00f1\u00edas de seguros (que a veces pueden culpar al motociclista por el accidente), o pueden enfrentar la parcialidad de otras partes en el proceso de reclamo. Tener un abogado de accidentes de motocicleta de su lado que comprenda los desaf\u00edos \u00fanicos del proceso de reclamos y que comprenda las causas y factores comunes que conducen a los accidentes de motocicleta puede ser de gran ayuda para proteger sus derechos. Si lo culpan a usted por el accidente, pero cree que el otro conductor puede tener la culpa, o si sufre lesiones y se pregunta c\u00f3mo llegar\u00e1 a fin de mes, no est\u00e1 solo. Kruger &amp; Hodges Attorneys at Law es un bufete de abogados de accidentes de motocicleta que presta servicios en New Miami, Ohio, que puede ayudarlo con su reclamo. Es posible que solo tenga una cantidad limitada de tiempo para reclamar da\u00f1os y perjuicios seg\u00fan la ley. <a href=\"https:\/\/thehometownlawyers.com\/es\/contacto\/\">P\u00f3ngase<\/a> en contacto con nuestros abogados hoy.<\/p>\n<p class=\"rs-content-cta rs-content-cta-small\">Llame o env\u00ede un mensaje de texto al <a href=\"tel:+15138943333\">513-894-3333<\/a> o complete una <a href=\"\/es\/contacto\/\">evaluaci\u00f3n gratuita de su caso<\/a><\/p>","protected":false},"excerpt":{"rendered":"<p>Kruger &amp; Hodges Attorneys at Law es un bufete de abogados de accidentes de motocicleta que presta servicios en New Miami, Ohio, que puede ayudarlo si usted o un ser querido result\u00f3 herido en un accidente de motocicleta. Los accidentes de motocicleta pueden dejar a las v\u00edctimas con lesiones o discapacidades catastr\u00f3ficas. Las v\u00edctimas pueden &#8230;<\/p>\n","protected":false},"author":7,"featured_media":20740,"parent":21237,"menu_order":0,"comment_status":"closed","ping_status":"closed","template":"","meta":{"_acf_changed":false,"inline_featured_image":false,"_genesis_hide_title":false,"_genesis_hide_breadcrumbs":false,"_genesis_hide_singular_image":false,"_genesis_hide_footer_widgets":false,"_genesis_custom_body_class":"","_genesis_custom_post_class":"","_genesis_layout":"","footnotes":""},"hc_faqs":[],"hc_spanish_faqs":[],"class_list":{"0":"post-21239","1":"page","2":"type-page","3":"status-publish","4":"has-post-thumbnail","6":"hc_city_location-new-miami-es","7":"entry"},"acf":[],"yoast_head":"<!-- This site is optimized with the Yoast SEO plugin v27.3 - https:\/\/yoast.com\/product\/yoast-seo-wordpress\/ -->\n<title>Abogados de accidentes de motocicleta que prestan servicios en New Miami, Ohio: Consulta gratuita<\/title>\n<meta name=\"description\" content=\"Kruger &amp; Hodges Attorneys at Law es un bufete de abogados de accidentes de motocicleta que presta servicios en New Miami, Ohio, que puede ayudarlo si\" \/>\n<meta name=\"robots\" content=\"index, follow, max-snippet:-1, max-image-preview:large, max-video-preview:-1\" \/>\n<link rel=\"canonical\" href=\"https:\/\/thehometownlawyers.com\/es\/abogados-de-lesiones-personales-que-prestan-servicios-en-new-miami-ohio\/abogados-de-accidentes-de-motocicleta-que-prestan-servicios-en-new-miami-ohio\/\" \/>\n<meta property=\"og:locale\" content=\"es_MX\" \/>\n<meta property=\"og:type\" content=\"article\" \/>\n<meta property=\"og:title\" content=\"Abogados de accidentes de motocicleta que prestan servicios en New Miami, Ohio: Consulta gratuita\" \/>\n<meta property=\"og:description\" content=\"Kruger &amp; Hodges Attorneys at Law es un bufete de abogados de accidentes de motocicleta que presta servicios en New Miami, Ohio, que puede ayudarlo si\" \/>\n<meta property=\"og:url\" content=\"https:\/\/thehometownlawyers.com\/es\/abogados-de-lesiones-personales-que-prestan-servicios-en-new-miami-ohio\/abogados-de-accidentes-de-motocicleta-que-prestan-servicios-en-new-miami-ohio\/\" \/>\n<meta property=\"og:site_name\" content=\"Kruger &amp; Hodges Abogados De Lesiones\" \/>\n<meta property=\"article:publisher\" content=\"https:\/\/www.facebook.com\/KrugerHodges\/\" \/>\n<meta property=\"article:modified_time\" content=\"2025-02-03T19:21:09+00:00\" \/>\n<meta property=\"og:image\" content=\"https:\/\/thehometownlawyers.com\/wp-content\/uploads\/2020\/02\/iStock-912151500.jpg\" \/>\n\t<meta property=\"og:image:width\" content=\"2048\" \/>\n\t<meta property=\"og:image:height\" content=\"1365\" \/>\n\t<meta property=\"og:image:type\" content=\"image\/jpeg\" \/>\n<meta name=\"twitter:card\" content=\"summary_large_image\" \/>\n<meta name=\"twitter:label1\" content=\"Tiempo de lectura\" \/>\n\t<meta name=\"twitter:data1\" content=\"4 minutos\" \/>\n<script type=\"application\/ld+json\" class=\"yoast-schema-graph\">{\"@context\":\"https:\\\/\\\/schema.org\",\"@graph\":[{\"@type\":\"WebPage\",\"@id\":\"https:\\\/\\\/thehometownlawyers.com\\\/es\\\/abogados-de-lesiones-personales-que-prestan-servicios-en-new-miami-ohio\\\/abogados-de-accidentes-de-motocicleta-que-prestan-servicios-en-new-miami-ohio\\\/\",\"url\":\"https:\\\/\\\/thehometownlawyers.com\\\/es\\\/abogados-de-lesiones-personales-que-prestan-servicios-en-new-miami-ohio\\\/abogados-de-accidentes-de-motocicleta-que-prestan-servicios-en-new-miami-ohio\\\/\",\"name\":\"Abogados de accidentes de motocicleta que prestan servicios en New Miami, Ohio: Consulta gratuita\",\"isPartOf\":{\"@id\":\"https:\\\/\\\/thehometownlawyers.com\\\/es\\\/#website\"},\"primaryImageOfPage\":{\"@id\":\"https:\\\/\\\/thehometownlawyers.com\\\/es\\\/abogados-de-lesiones-personales-que-prestan-servicios-en-new-miami-ohio\\\/abogados-de-accidentes-de-motocicleta-que-prestan-servicios-en-new-miami-ohio\\\/#primaryimage\"},\"image\":{\"@id\":\"https:\\\/\\\/thehometownlawyers.com\\\/es\\\/abogados-de-lesiones-personales-que-prestan-servicios-en-new-miami-ohio\\\/abogados-de-accidentes-de-motocicleta-que-prestan-servicios-en-new-miami-ohio\\\/#primaryimage\"},\"thumbnailUrl\":\"https:\\\/\\\/thehometownlawyers.com\\\/wp-content\\\/uploads\\\/2020\\\/02\\\/iStock-912151500.jpg\",\"datePublished\":\"2020-03-09T23:13:30+00:00\",\"dateModified\":\"2025-02-03T19:21:09+00:00\",\"description\":\"Kruger &amp; Hodges Attorneys at Law es un bufete de abogados de accidentes de motocicleta que presta servicios en New Miami, Ohio, que puede ayudarlo si\",\"breadcrumb\":{\"@id\":\"https:\\\/\\\/thehometownlawyers.com\\\/es\\\/abogados-de-lesiones-personales-que-prestan-servicios-en-new-miami-ohio\\\/abogados-de-accidentes-de-motocicleta-que-prestan-servicios-en-new-miami-ohio\\\/#breadcrumb\"},\"inLanguage\":\"es\",\"potentialAction\":[{\"@type\":\"ReadAction\",\"target\":[\"https:\\\/\\\/thehometownlawyers.com\\\/es\\\/abogados-de-lesiones-personales-que-prestan-servicios-en-new-miami-ohio\\\/abogados-de-accidentes-de-motocicleta-que-prestan-servicios-en-new-miami-ohio\\\/\"]}]},{\"@type\":\"ImageObject\",\"inLanguage\":\"es\",\"@id\":\"https:\\\/\\\/thehometownlawyers.com\\\/es\\\/abogados-de-lesiones-personales-que-prestan-servicios-en-new-miami-ohio\\\/abogados-de-accidentes-de-motocicleta-que-prestan-servicios-en-new-miami-ohio\\\/#primaryimage\",\"url\":\"https:\\\/\\\/thehometownlawyers.com\\\/wp-content\\\/uploads\\\/2020\\\/02\\\/iStock-912151500.jpg\",\"contentUrl\":\"https:\\\/\\\/thehometownlawyers.com\\\/wp-content\\\/uploads\\\/2020\\\/02\\\/iStock-912151500.jpg\",\"width\":2048,\"height\":1365,\"caption\":\"Motocicleta y casco volcados en la calle tras colisi\u00f3n con el coche\"},{\"@type\":\"BreadcrumbList\",\"@id\":\"https:\\\/\\\/thehometownlawyers.com\\\/es\\\/abogados-de-lesiones-personales-que-prestan-servicios-en-new-miami-ohio\\\/abogados-de-accidentes-de-motocicleta-que-prestan-servicios-en-new-miami-ohio\\\/#breadcrumb\",\"itemListElement\":[{\"@type\":\"ListItem\",\"position\":1,\"name\":\"Home\",\"item\":\"https:\\\/\\\/thehometownlawyers.com\\\/es\\\/\"},{\"@type\":\"ListItem\",\"position\":2,\"name\":\"Abogado de Lesiones Personales en New Miami\",\"item\":\"https:\\\/\\\/thehometownlawyers.com\\\/es\\\/abogados-de-lesiones-personales-que-prestan-servicios-en-new-miami-ohio\\\/\"},{\"@type\":\"ListItem\",\"position\":3,\"name\":\"Abogado de Accidente de Motocicleta en New Miami\"}]},{\"@type\":\"WebSite\",\"@id\":\"https:\\\/\\\/thehometownlawyers.com\\\/es\\\/#website\",\"url\":\"https:\\\/\\\/thehometownlawyers.com\\\/es\\\/\",\"name\":\"Kruger & Hodges Hometown Injury Lawyers | Accident Attorneys\",\"description\":\"Attorneys for Car, Truck and Motorcycle Accidents, Personal Injuries, and Criminal Defense.\",\"publisher\":{\"@id\":\"https:\\\/\\\/thehometownlawyers.com\\\/es\\\/#organization\"},\"alternateName\":\"Kruger & Hodges Personal Injury Lawyers\",\"inLanguage\":\"es\"},{\"@type\":\"Organization\",\"@id\":\"https:\\\/\\\/thehometownlawyers.com\\\/es\\\/#organization\",\"name\":\"Kruger & Hodges Hometown Injury Lawyers\",\"alternateName\":\"Kruger & Hodges\",\"url\":\"https:\\\/\\\/thehometownlawyers.com\\\/es\\\/\",\"logo\":{\"@type\":\"ImageObject\",\"inLanguage\":\"es\",\"@id\":\"https:\\\/\\\/thehometownlawyers.com\\\/es\\\/#\\\/schema\\\/logo\\\/image\\\/\",\"url\":\"https:\\\/\\\/thehometownlawyers.com\\\/wp-content\\\/uploads\\\/2025\\\/12\\\/revised-kh-logo-vertical-white-background-scaled.png\",\"contentUrl\":\"https:\\\/\\\/thehometownlawyers.com\\\/wp-content\\\/uploads\\\/2025\\\/12\\\/revised-kh-logo-vertical-white-background-scaled.png\",\"width\":2560,\"height\":1440,\"caption\":\"Kruger & Hodges Hometown Injury Lawyers\"},\"image\":{\"@id\":\"https:\\\/\\\/thehometownlawyers.com\\\/es\\\/#\\\/schema\\\/logo\\\/image\\\/\"},\"sameAs\":[\"https:\\\/\\\/www.facebook.com\\\/KrugerHodges\\\/\",\"https:\\\/\\\/www.instagram.com\\\/krugerhodges\\\/\",\"https:\\\/\\\/www.linkedin.com\\\/company\\\/kruger-hodges-hometown-injury-lawyers\\\/\",\"https:\\\/\\\/www.youtube.com\\\/channel\\\/UCeYcMaMaN2rb9jMlqt4EIdQ\",\"https:\\\/\\\/www.tiktok.com\\\/@thehometownlawyer\"]}]}<\/script>\n<!-- \/ Yoast SEO plugin. -->","yoast_head_json":{"title":"Abogados de accidentes de motocicleta que prestan servicios en New Miami, Ohio: Consulta gratuita","description":"Kruger &amp; Hodges Attorneys at Law es un bufete de abogados de accidentes de motocicleta que presta servicios en New Miami, Ohio, que puede ayudarlo si","robots":{"index":"index","follow":"follow","max-snippet":"max-snippet:-1","max-image-preview":"max-image-preview:large","max-video-preview":"max-video-preview:-1"},"canonical":"https:\/\/thehometownlawyers.com\/es\/abogados-de-lesiones-personales-que-prestan-servicios-en-new-miami-ohio\/abogados-de-accidentes-de-motocicleta-que-prestan-servicios-en-new-miami-ohio\/","og_locale":"es_MX","og_type":"article","og_title":"Abogados de accidentes de motocicleta que prestan servicios en New Miami, Ohio: Consulta gratuita","og_description":"Kruger &amp; Hodges Attorneys at Law es un bufete de abogados de accidentes de motocicleta que presta servicios en New Miami, Ohio, que puede ayudarlo si","og_url":"https:\/\/thehometownlawyers.com\/es\/abogados-de-lesiones-personales-que-prestan-servicios-en-new-miami-ohio\/abogados-de-accidentes-de-motocicleta-que-prestan-servicios-en-new-miami-ohio\/","og_site_name":"Kruger &amp; Hodges Abogados De Lesiones","article_publisher":"https:\/\/www.facebook.com\/KrugerHodges\/","article_modified_time":"2025-02-03T19:21:09+00:00","og_image":[{"width":2048,"height":1365,"url":"https:\/\/thehometownlawyers.com\/wp-content\/uploads\/2020\/02\/iStock-912151500.jpg","type":"image\/jpeg"}],"twitter_card":"summary_large_image","twitter_misc":{"Tiempo de lectura":"4 minutos"},"schema":{"@context":"https:\/\/schema.org","@graph":[{"@type":"WebPage","@id":"https:\/\/thehometownlawyers.com\/es\/abogados-de-lesiones-personales-que-prestan-servicios-en-new-miami-ohio\/abogados-de-accidentes-de-motocicleta-que-prestan-servicios-en-new-miami-ohio\/","url":"https:\/\/thehometownlawyers.com\/es\/abogados-de-lesiones-personales-que-prestan-servicios-en-new-miami-ohio\/abogados-de-accidentes-de-motocicleta-que-prestan-servicios-en-new-miami-ohio\/","name":"Abogados de accidentes de motocicleta que prestan servicios en New Miami, Ohio: Consulta gratuita","isPartOf":{"@id":"https:\/\/thehometownlawyers.com\/es\/#website"},"primaryImageOfPage":{"@id":"https:\/\/thehometownlawyers.com\/es\/abogados-de-lesiones-personales-que-prestan-servicios-en-new-miami-ohio\/abogados-de-accidentes-de-motocicleta-que-prestan-servicios-en-new-miami-ohio\/#primaryimage"},"image":{"@id":"https:\/\/thehometownlawyers.com\/es\/abogados-de-lesiones-personales-que-prestan-servicios-en-new-miami-ohio\/abogados-de-accidentes-de-motocicleta-que-prestan-servicios-en-new-miami-ohio\/#primaryimage"},"thumbnailUrl":"https:\/\/thehometownlawyers.com\/wp-content\/uploads\/2020\/02\/iStock-912151500.jpg","datePublished":"2020-03-09T23:13:30+00:00","dateModified":"2025-02-03T19:21:09+00:00","description":"Kruger &amp; Hodges Attorneys at Law es un bufete de abogados de accidentes de motocicleta que presta servicios en New Miami, Ohio, que puede ayudarlo si","breadcrumb":{"@id":"https:\/\/thehometownlawyers.com\/es\/abogados-de-lesiones-personales-que-prestan-servicios-en-new-miami-ohio\/abogados-de-accidentes-de-motocicleta-que-prestan-servicios-en-new-miami-ohio\/#breadcrumb"},"inLanguage":"es","potentialAction":[{"@type":"ReadAction","target":["https:\/\/thehometownlawyers.com\/es\/abogados-de-lesiones-personales-que-prestan-servicios-en-new-miami-ohio\/abogados-de-accidentes-de-motocicleta-que-prestan-servicios-en-new-miami-ohio\/"]}]},{"@type":"ImageObject","inLanguage":"es","@id":"https:\/\/thehometownlawyers.com\/es\/abogados-de-lesiones-personales-que-prestan-servicios-en-new-miami-ohio\/abogados-de-accidentes-de-motocicleta-que-prestan-servicios-en-new-miami-ohio\/#primaryimage","url":"https:\/\/thehometownlawyers.com\/wp-content\/uploads\/2020\/02\/iStock-912151500.jpg","contentUrl":"https:\/\/thehometownlawyers.com\/wp-content\/uploads\/2020\/02\/iStock-912151500.jpg","width":2048,"height":1365,"caption":"Motocicleta y casco volcados en la calle tras colisi\u00f3n con el coche"},{"@type":"BreadcrumbList","@id":"https:\/\/thehometownlawyers.com\/es\/abogados-de-lesiones-personales-que-prestan-servicios-en-new-miami-ohio\/abogados-de-accidentes-de-motocicleta-que-prestan-servicios-en-new-miami-ohio\/#breadcrumb","itemListElement":[{"@type":"ListItem","position":1,"name":"Home","item":"https:\/\/thehometownlawyers.com\/es\/"},{"@type":"ListItem","position":2,"name":"Abogado de Lesiones Personales en New Miami","item":"https:\/\/thehometownlawyers.com\/es\/abogados-de-lesiones-personales-que-prestan-servicios-en-new-miami-ohio\/"},{"@type":"ListItem","position":3,"name":"Abogado de Accidente de Motocicleta en New Miami"}]},{"@type":"WebSite","@id":"https:\/\/thehometownlawyers.com\/es\/#website","url":"https:\/\/thehometownlawyers.com\/es\/","name":"Kruger & Hodges Hometown Injury Lawyers | Accident Attorneys","description":"Attorneys for Car, Truck and Motorcycle Accidents, Personal Injuries, and Criminal Defense.","publisher":{"@id":"https:\/\/thehometownlawyers.com\/es\/#organization"},"alternateName":"Kruger & Hodges Personal Injury Lawyers","inLanguage":"es"},{"@type":"Organization","@id":"https:\/\/thehometownlawyers.com\/es\/#organization","name":"Kruger & Hodges Hometown Injury Lawyers","alternateName":"Kruger & Hodges","url":"https:\/\/thehometownlawyers.com\/es\/","logo":{"@type":"ImageObject","inLanguage":"es","@id":"https:\/\/thehometownlawyers.com\/es\/#\/schema\/logo\/image\/","url":"https:\/\/thehometownlawyers.com\/wp-content\/uploads\/2025\/12\/revised-kh-logo-vertical-white-background-scaled.png","contentUrl":"https:\/\/thehometownlawyers.com\/wp-content\/uploads\/2025\/12\/revised-kh-logo-vertical-white-background-scaled.png","width":2560,"height":1440,"caption":"Kruger & Hodges Hometown Injury Lawyers"},"image":{"@id":"https:\/\/thehometownlawyers.com\/es\/#\/schema\/logo\/image\/"},"sameAs":["https:\/\/www.facebook.com\/KrugerHodges\/","https:\/\/www.instagram.com\/krugerhodges\/","https:\/\/www.linkedin.com\/company\/kruger-hodges-hometown-injury-lawyers\/","https:\/\/www.youtube.com\/channel\/UCeYcMaMaN2rb9jMlqt4EIdQ","https:\/\/www.tiktok.com\/@thehometownlawyer"]}]}},"_links":{"self":[{"href":"https:\/\/thehometownlawyers.com\/es\/wp-json\/wp\/v2\/pages\/21239","targetHints":{"allow":["GET"]}}],"collection":[{"href":"https:\/\/thehometownlawyers.com\/es\/wp-json\/wp\/v2\/pages"}],"about":[{"href":"https:\/\/thehometownlawyers.com\/es\/wp-json\/wp\/v2\/types\/page"}],"author":[{"embeddable":true,"href":"https:\/\/thehometownlawyers.com\/es\/wp-json\/wp\/v2\/users\/7"}],"replies":[{"embeddable":true,"href":"https:\/\/thehometownlawyers.com\/es\/wp-json\/wp\/v2\/comments?post=21239"}],"version-history":[{"count":0,"href":"https:\/\/thehometownlawyers.com\/es\/wp-json\/wp\/v2\/pages\/21239\/revisions"}],"up":[{"embeddable":true,"href":"https:\/\/thehometownlawyers.com\/es\/wp-json\/wp\/v2\/pages\/21237"}],"wp:featuredmedia":[{"embeddable":true,"href":"https:\/\/thehometownlawyers.com\/es\/wp-json\/wp\/v2\/media\/20740"}],"wp:attachment":[{"href":"https:\/\/thehometownlawyers.com\/es\/wp-json\/wp\/v2\/media?parent=21239"}],"wp:term":[{"taxonomy":"hc_faqs","embeddable":true,"href":"https:\/\/thehometownlawyers.com\/es\/wp-json\/wp\/v2\/hc_faqs?post=21239"},{"taxonomy":"hc_spanish_faqs","embeddable":true,"href":"https:\/\/thehometownlawyers.com\/es\/wp-json\/wp\/v2\/hc_spanish_faqs?post=21239"}],"curies":[{"name":"wp","href":"https:\/\/api.w.org\/{rel}","templated":true}]}}