{"id":21240,"date":"2020-03-09T20:00:42","date_gmt":"2020-03-10T00:00:42","guid":{"rendered":"https:\/\/thehometownlawyers.com\/?page_id=21240"},"modified":"2025-01-31T10:49:06","modified_gmt":"2025-01-31T15:49:06","slug":"abogados-de-accidentes-por-conducir-ebrio-que-prestan-servicios-en-millville-ohio","status":"publish","type":"page","link":"https:\/\/thehometownlawyers.com\/es\/abogados-de-lesiones-personales-que-prestan-servicios-en-millville-ohio\/abogados-de-accidentes-por-conducir-ebrio-que-prestan-servicios-en-millville-ohio\/","title":{"rendered":"Abogado de Accidente por Conducir Ebrio en Millville"},"content":{"rendered":"<p>Si usted o alguien a quien ama result\u00f3 herido en un accidente por conducir ebrio en Millville, Ohio, es posible que tenga muchas preguntas. Es posible que usted y su familia est\u00e9n luchando con gastos inesperados, salarios perdidos debido a d\u00edas de trabajo perdidos y es posible que est\u00e9 luchando para llegar a fin de mes. Con cualquier reclamo por lesiones personales, la persona contra la que est\u00e1 tratando de presentar un reclamo debe ser declarada negligente por el accidente. Con los reclamos por conducir ebrio, es m\u00e1s probable que el conductor que fue acusado de beber y conducir sea culpable del accidente. Conducir ebrio no solo es ilegal, sino que representa un peligro para todos en la carretera. Las v\u00edctimas y sus familias pueden tener derecho a buscar una compensaci\u00f3n de los conductores ebrios y sus aseguradoras. Si un bar sirvi\u00f3 alcohol a una persona que estaba visiblemente intoxicada, las v\u00edctimas tambi\u00e9n pueden reclamar da\u00f1os y perjuicios al bar o restaurante por sus p\u00e9rdidas seg\u00fan las leyes de tiendas de bebidas alcoh\u00f3licas de Ohio. Despu\u00e9s de un accidente por conducir ebrio, las v\u00edctimas y sus familias pueden tener una variedad de opciones cuando se trata de buscar da\u00f1os y perjuicios. Kruger &amp; Hodges Attorneys at Law es un bufete de abogados de accidentes por conducir ebrio que presta servicios en Millville, Ohio, que puede ayudarlo con su caso. Nuestros abogados pueden revisar los detalles de su accidente, estimar el valor de sus reclamos e identificar posibles partes interesadas que puedan ser responsables de pagar sus da\u00f1os.<\/p>\n<h2>Herido en un accidente por conducir ebrio en Millville, Ohio: \u00bfQui\u00e9n paga?<\/h2>\n<p>Si result\u00f3 herido en un accidente por conducir ebrio en Millville, Ohio, es posible que se pregunte qui\u00e9n es responsable de pagar sus da\u00f1os y p\u00e9rdidas. Despu\u00e9s de un accidente, la parte negligente generalmente es responsable de pagar los da\u00f1os por las facturas m\u00e9dicas de las v\u00edctimas, los salarios perdidos, los gastos de rehabilitaci\u00f3n y el dolor y el sufrimiento. Sin embargo, despu\u00e9s de un accidente por conducir ebrio, su abogado de manejo en estado de ebriedad puede revisar varios factores porque varias partes pueden ser responsables de cubrir sus da\u00f1os. \u00bfQui\u00e9n paga despu\u00e9s de un accidente por conducir ebrio?<\/p>\n<ul>\n<li>El conductor ebrio. Obviamente, el conductor culpable del accidente generalmente ser\u00e1 responsable de pagar los da\u00f1os. Sin embargo, a veces estos conductores pueden no tener el dinero disponible para cubrir todas sus p\u00e9rdidas y facturas m\u00e9dicas. Si este es el caso, su abogado de manejo ebrio puede recurrir a otras partes.<\/li>\n<li>La compa\u00f1\u00eda de seguros del conductor ebrio. Si el conductor ebrio est\u00e1 asegurado, su seguro puede cubrir sus da\u00f1os y p\u00e9rdidas hasta los l\u00edmites del seguro del conductor. Esto puede ayudarlo a pagar los costos m\u00e9dicos, los gastos de rehabilitaci\u00f3n y otras p\u00e9rdidas.<\/li>\n<li>Su cobertura de motorista sin seguro o con seguro insuficiente. Si la cobertura de seguro del conductor ebrio no es suficiente para cubrir todas sus p\u00e9rdidas y se alcanzan los l\u00edmites, su propia cobertura de conductor sin seguro o con seguro insuficiente puede activarse.<\/li>\n<li>Propietarios de bares o personas que sirvieron alcohol. Seg\u00fan las leyes de tiendas de bebidas alcoh\u00f3licas de Ohio, las v\u00edctimas tambi\u00e9n pueden reclamar da\u00f1os y perjuicios de bares o restaurantes que, a sabiendas, sirvieron alcohol a una persona que estaba borracha. Esto puede ser dif\u00edcil de probar, pero si puede demostrar que un cantinero sirvi\u00f3 muchas bebidas a una sola persona o si muestra en las facturas o recibos que la persona bebi\u00f3 bastante en un bar o establecimiento, es posible que pueda reclamar da\u00f1os y perjuicios. . Adem\u00e1s, si un bar, restaurante, o incluso si un individuo privado sirvi\u00f3 alcohol a una persona menor de 21 a\u00f1os, tambi\u00e9n puede reclamar da\u00f1os y perjuicios a esta parte si la elecci\u00f3n de la persona de beber y conducir result\u00f3 en sus lesiones.<\/li>\n<\/ul>\n<p>Estas son algunas de las partes que podr\u00edan ser consideradas responsables si usted o un ser querido result\u00f3 herido en un accidente por conducir ebrio en Millville, Ohio. Kruger &amp; Hodges Attorneys at Law es un bufete de abogados de conducci\u00f3n en estado de ebriedad que presta servicios en Millville, Ohio, que puede evaluar su caso, identificar a las partes responsables y luchar para ayudarlo a obtener la compensaci\u00f3n que puede merecer. Comprender el valor potencial de su caso tambi\u00e9n es importante al negociar con los ajustadores de seguros y al buscar da\u00f1os y perjuicios por parte de las partes negligentes. Cuanto m\u00e1s graves sean sus lesiones, mejor ser\u00eda tener un abogado de lesiones personales que revise y eval\u00fae su reclamo.<\/p>\n<p class=\"rs-content-cta rs-content-cta-small\">Para una consulta legal gratuita, llame al <a href=\"tel:+15138943333\">513-894-3333 <\/a><\/p><h2>Justicia para las v\u00edctimas de conductores ebrios<\/h2>\n<p><a href=\"https:\/\/thehometownlawyers.com\/es\/\">Kruger &amp; Hodges<\/a> Attorneys at Law es un bufete de abogados de accidentes por conducci\u00f3n en estado de ebriedad que presta servicios en Millville, Ohio, que lucha por la justicia para las v\u00edctimas de conducci\u00f3n en estado de ebriedad. <a href=\"https:\/\/thehometownlawyers.com\/es\/contacto\/\">Cont\u00e1ctenos hoy<\/a> . Los accidentes por conducir ebrio son altamente prevenibles. Cuando las personas eligen beber y conducir, las v\u00edctimas que las responsabilizan env\u00edan un fuerte mensaje a la comunidad de que no se tolerar\u00e1 conducir ebrio.<\/p>\n<p class=\"rs-content-cta rs-content-cta-small\">Llame o env\u00ede un mensaje de texto al <a href=\"tel:+15138943333\">513-894-3333<\/a> o complete una <a href=\"\/es\/contacto\/\">evaluaci\u00f3n gratuita de su caso<\/a><\/p>","protected":false},"excerpt":{"rendered":"<p>Si usted o alguien a quien ama result\u00f3 herido en un accidente por conducir ebrio en Millville, Ohio, es posible que tenga muchas preguntas. Es posible que usted y su familia est\u00e9n luchando con gastos inesperados, salarios perdidos debido a d\u00edas de trabajo perdidos y es posible que est\u00e9 luchando para llegar a fin de &#8230;<\/p>\n","protected":false},"author":7,"featured_media":20847,"parent":21233,"menu_order":0,"comment_status":"closed","ping_status":"closed","template":"","meta":{"_acf_changed":false,"inline_featured_image":false,"_genesis_hide_title":false,"_genesis_hide_breadcrumbs":false,"_genesis_hide_singular_image":false,"_genesis_hide_footer_widgets":false,"_genesis_custom_body_class":"","_genesis_custom_post_class":"","_genesis_layout":"","footnotes":""},"hc_faqs":[],"hc_spanish_faqs":[],"class_list":{"0":"post-21240","1":"page","2":"type-page","3":"status-publish","4":"has-post-thumbnail","6":"hc_city_location-millville-es","7":"entry"},"acf":[],"yoast_head":"<!-- This site is optimized with the Yoast SEO plugin v27.4 - https:\/\/yoast.com\/product\/yoast-seo-wordpress\/ -->\n<title>Abogados de accidentes por conducir ebrio que prestan servicios en Millville, Ohio: Consulta gratuita<\/title>\n<meta name=\"description\" content=\"Si usted o alguien a quien ama result\u00f3 herido en un accidente por conducir ebrio en Millville, Ohio, es posible que tenga muchas preguntas. Es posible que\" \/>\n<meta name=\"robots\" content=\"index, follow, max-snippet:-1, max-image-preview:large, max-video-preview:-1\" \/>\n<link rel=\"canonical\" href=\"https:\/\/thehometownlawyers.com\/es\/abogados-de-lesiones-personales-que-prestan-servicios-en-millville-ohio\/abogados-de-accidentes-por-conducir-ebrio-que-prestan-servicios-en-millville-ohio\/\" \/>\n<meta property=\"og:locale\" content=\"es_MX\" \/>\n<meta property=\"og:type\" content=\"article\" \/>\n<meta property=\"og:title\" content=\"Abogados de accidentes por conducir ebrio que prestan servicios en Millville, Ohio: Consulta gratuita\" \/>\n<meta property=\"og:description\" content=\"Si usted o alguien a quien ama result\u00f3 herido en un accidente por conducir ebrio en Millville, Ohio, es posible que tenga muchas preguntas. Es posible que\" \/>\n<meta property=\"og:url\" content=\"https:\/\/thehometownlawyers.com\/es\/abogados-de-lesiones-personales-que-prestan-servicios-en-millville-ohio\/abogados-de-accidentes-por-conducir-ebrio-que-prestan-servicios-en-millville-ohio\/\" \/>\n<meta property=\"og:site_name\" content=\"Kruger &amp; Hodges Abogados De Lesiones\" \/>\n<meta property=\"article:publisher\" content=\"https:\/\/www.facebook.com\/KrugerHodges\/\" \/>\n<meta property=\"article:modified_time\" content=\"2025-01-31T15:49:06+00:00\" \/>\n<meta property=\"og:image\" content=\"https:\/\/thehometownlawyers.com\/wp-content\/uploads\/2021\/09\/car-driving-wheel.jpg\" \/>\n\t<meta property=\"og:image:width\" content=\"1920\" \/>\n\t<meta property=\"og:image:height\" content=\"1080\" \/>\n\t<meta property=\"og:image:type\" content=\"image\/jpeg\" \/>\n<meta name=\"twitter:card\" content=\"summary_large_image\" \/>\n<meta name=\"twitter:label1\" content=\"Tiempo de lectura\" \/>\n\t<meta name=\"twitter:data1\" content=\"4 minutos\" \/>\n<script type=\"application\/ld+json\" class=\"yoast-schema-graph\">{\"@context\":\"https:\\\/\\\/schema.org\",\"@graph\":[{\"@type\":\"WebPage\",\"@id\":\"https:\\\/\\\/thehometownlawyers.com\\\/es\\\/abogados-de-lesiones-personales-que-prestan-servicios-en-millville-ohio\\\/abogados-de-accidentes-por-conducir-ebrio-que-prestan-servicios-en-millville-ohio\\\/\",\"url\":\"https:\\\/\\\/thehometownlawyers.com\\\/es\\\/abogados-de-lesiones-personales-que-prestan-servicios-en-millville-ohio\\\/abogados-de-accidentes-por-conducir-ebrio-que-prestan-servicios-en-millville-ohio\\\/\",\"name\":\"Abogados de accidentes por conducir ebrio que prestan servicios en Millville, Ohio: Consulta gratuita\",\"isPartOf\":{\"@id\":\"https:\\\/\\\/thehometownlawyers.com\\\/es\\\/#website\"},\"primaryImageOfPage\":{\"@id\":\"https:\\\/\\\/thehometownlawyers.com\\\/es\\\/abogados-de-lesiones-personales-que-prestan-servicios-en-millville-ohio\\\/abogados-de-accidentes-por-conducir-ebrio-que-prestan-servicios-en-millville-ohio\\\/#primaryimage\"},\"image\":{\"@id\":\"https:\\\/\\\/thehometownlawyers.com\\\/es\\\/abogados-de-lesiones-personales-que-prestan-servicios-en-millville-ohio\\\/abogados-de-accidentes-por-conducir-ebrio-que-prestan-servicios-en-millville-ohio\\\/#primaryimage\"},\"thumbnailUrl\":\"https:\\\/\\\/thehometownlawyers.com\\\/wp-content\\\/uploads\\\/2021\\\/09\\\/car-driving-wheel.jpg\",\"datePublished\":\"2020-03-10T00:00:42+00:00\",\"dateModified\":\"2025-01-31T15:49:06+00:00\",\"description\":\"Si usted o alguien a quien ama result\u00f3 herido en un accidente por conducir ebrio en Millville, Ohio, es posible que tenga muchas preguntas. Es posible que\",\"breadcrumb\":{\"@id\":\"https:\\\/\\\/thehometownlawyers.com\\\/es\\\/abogados-de-lesiones-personales-que-prestan-servicios-en-millville-ohio\\\/abogados-de-accidentes-por-conducir-ebrio-que-prestan-servicios-en-millville-ohio\\\/#breadcrumb\"},\"inLanguage\":\"es\",\"potentialAction\":[{\"@type\":\"ReadAction\",\"target\":[\"https:\\\/\\\/thehometownlawyers.com\\\/es\\\/abogados-de-lesiones-personales-que-prestan-servicios-en-millville-ohio\\\/abogados-de-accidentes-por-conducir-ebrio-que-prestan-servicios-en-millville-ohio\\\/\"]}]},{\"@type\":\"ImageObject\",\"inLanguage\":\"es\",\"@id\":\"https:\\\/\\\/thehometownlawyers.com\\\/es\\\/abogados-de-lesiones-personales-que-prestan-servicios-en-millville-ohio\\\/abogados-de-accidentes-por-conducir-ebrio-que-prestan-servicios-en-millville-ohio\\\/#primaryimage\",\"url\":\"https:\\\/\\\/thehometownlawyers.com\\\/wp-content\\\/uploads\\\/2021\\\/09\\\/car-driving-wheel.jpg\",\"contentUrl\":\"https:\\\/\\\/thehometownlawyers.com\\\/wp-content\\\/uploads\\\/2021\\\/09\\\/car-driving-wheel.jpg\",\"width\":1920,\"height\":1080,\"caption\":\"conductor e interior del veh\u00edculo\"},{\"@type\":\"BreadcrumbList\",\"@id\":\"https:\\\/\\\/thehometownlawyers.com\\\/es\\\/abogados-de-lesiones-personales-que-prestan-servicios-en-millville-ohio\\\/abogados-de-accidentes-por-conducir-ebrio-que-prestan-servicios-en-millville-ohio\\\/#breadcrumb\",\"itemListElement\":[{\"@type\":\"ListItem\",\"position\":1,\"name\":\"Home\",\"item\":\"https:\\\/\\\/thehometownlawyers.com\\\/es\\\/\"},{\"@type\":\"ListItem\",\"position\":2,\"name\":\"Abogado de Lesiones Personales en Millville\",\"item\":\"https:\\\/\\\/thehometownlawyers.com\\\/es\\\/abogados-de-lesiones-personales-que-prestan-servicios-en-millville-ohio\\\/\"},{\"@type\":\"ListItem\",\"position\":3,\"name\":\"Abogado de Accidente por Conducir Ebrio en Millville\"}]},{\"@type\":\"WebSite\",\"@id\":\"https:\\\/\\\/thehometownlawyers.com\\\/es\\\/#website\",\"url\":\"https:\\\/\\\/thehometownlawyers.com\\\/es\\\/\",\"name\":\"Kruger & Hodges Hometown Injury Lawyers | Accident Attorneys\",\"description\":\"Attorneys for Car, Truck and Motorcycle Accidents, Personal Injuries, and Criminal Defense.\",\"publisher\":{\"@id\":\"https:\\\/\\\/thehometownlawyers.com\\\/es\\\/#organization\"},\"alternateName\":\"Kruger & Hodges Personal Injury Lawyers\",\"inLanguage\":\"es\"},{\"@type\":\"Organization\",\"@id\":\"https:\\\/\\\/thehometownlawyers.com\\\/es\\\/#organization\",\"name\":\"Kruger & Hodges Hometown Injury Lawyers\",\"alternateName\":\"Kruger & Hodges\",\"url\":\"https:\\\/\\\/thehometownlawyers.com\\\/es\\\/\",\"logo\":{\"@type\":\"ImageObject\",\"inLanguage\":\"es\",\"@id\":\"https:\\\/\\\/thehometownlawyers.com\\\/es\\\/#\\\/schema\\\/logo\\\/image\\\/\",\"url\":\"https:\\\/\\\/thehometownlawyers.com\\\/wp-content\\\/uploads\\\/2025\\\/12\\\/revised-kh-logo-vertical-white-background-scaled.png\",\"contentUrl\":\"https:\\\/\\\/thehometownlawyers.com\\\/wp-content\\\/uploads\\\/2025\\\/12\\\/revised-kh-logo-vertical-white-background-scaled.png\",\"width\":2560,\"height\":1440,\"caption\":\"Kruger & Hodges Hometown Injury Lawyers\"},\"image\":{\"@id\":\"https:\\\/\\\/thehometownlawyers.com\\\/es\\\/#\\\/schema\\\/logo\\\/image\\\/\"},\"sameAs\":[\"https:\\\/\\\/www.facebook.com\\\/KrugerHodges\\\/\",\"https:\\\/\\\/www.instagram.com\\\/krugerhodges\\\/\",\"https:\\\/\\\/www.linkedin.com\\\/company\\\/kruger-hodges-hometown-injury-lawyers\\\/\",\"https:\\\/\\\/www.youtube.com\\\/channel\\\/UCeYcMaMaN2rb9jMlqt4EIdQ\",\"https:\\\/\\\/www.tiktok.com\\\/@thehometownlawyer\"]}]}<\/script>\n<!-- \/ Yoast SEO plugin. -->","yoast_head_json":{"title":"Abogados de accidentes por conducir ebrio que prestan servicios en Millville, Ohio: Consulta gratuita","description":"Si usted o alguien a quien ama result\u00f3 herido en un accidente por conducir ebrio en Millville, Ohio, es posible que tenga muchas preguntas. Es posible que","robots":{"index":"index","follow":"follow","max-snippet":"max-snippet:-1","max-image-preview":"max-image-preview:large","max-video-preview":"max-video-preview:-1"},"canonical":"https:\/\/thehometownlawyers.com\/es\/abogados-de-lesiones-personales-que-prestan-servicios-en-millville-ohio\/abogados-de-accidentes-por-conducir-ebrio-que-prestan-servicios-en-millville-ohio\/","og_locale":"es_MX","og_type":"article","og_title":"Abogados de accidentes por conducir ebrio que prestan servicios en Millville, Ohio: Consulta gratuita","og_description":"Si usted o alguien a quien ama result\u00f3 herido en un accidente por conducir ebrio en Millville, Ohio, es posible que tenga muchas preguntas. Es posible que","og_url":"https:\/\/thehometownlawyers.com\/es\/abogados-de-lesiones-personales-que-prestan-servicios-en-millville-ohio\/abogados-de-accidentes-por-conducir-ebrio-que-prestan-servicios-en-millville-ohio\/","og_site_name":"Kruger &amp; Hodges Abogados De Lesiones","article_publisher":"https:\/\/www.facebook.com\/KrugerHodges\/","article_modified_time":"2025-01-31T15:49:06+00:00","og_image":[{"width":1920,"height":1080,"url":"https:\/\/thehometownlawyers.com\/wp-content\/uploads\/2021\/09\/car-driving-wheel.jpg","type":"image\/jpeg"}],"twitter_card":"summary_large_image","twitter_misc":{"Tiempo de lectura":"4 minutos"},"schema":{"@context":"https:\/\/schema.org","@graph":[{"@type":"WebPage","@id":"https:\/\/thehometownlawyers.com\/es\/abogados-de-lesiones-personales-que-prestan-servicios-en-millville-ohio\/abogados-de-accidentes-por-conducir-ebrio-que-prestan-servicios-en-millville-ohio\/","url":"https:\/\/thehometownlawyers.com\/es\/abogados-de-lesiones-personales-que-prestan-servicios-en-millville-ohio\/abogados-de-accidentes-por-conducir-ebrio-que-prestan-servicios-en-millville-ohio\/","name":"Abogados de accidentes por conducir ebrio que prestan servicios en Millville, Ohio: Consulta gratuita","isPartOf":{"@id":"https:\/\/thehometownlawyers.com\/es\/#website"},"primaryImageOfPage":{"@id":"https:\/\/thehometownlawyers.com\/es\/abogados-de-lesiones-personales-que-prestan-servicios-en-millville-ohio\/abogados-de-accidentes-por-conducir-ebrio-que-prestan-servicios-en-millville-ohio\/#primaryimage"},"image":{"@id":"https:\/\/thehometownlawyers.com\/es\/abogados-de-lesiones-personales-que-prestan-servicios-en-millville-ohio\/abogados-de-accidentes-por-conducir-ebrio-que-prestan-servicios-en-millville-ohio\/#primaryimage"},"thumbnailUrl":"https:\/\/thehometownlawyers.com\/wp-content\/uploads\/2021\/09\/car-driving-wheel.jpg","datePublished":"2020-03-10T00:00:42+00:00","dateModified":"2025-01-31T15:49:06+00:00","description":"Si usted o alguien a quien ama result\u00f3 herido en un accidente por conducir ebrio en Millville, Ohio, es posible que tenga muchas preguntas. Es posible que","breadcrumb":{"@id":"https:\/\/thehometownlawyers.com\/es\/abogados-de-lesiones-personales-que-prestan-servicios-en-millville-ohio\/abogados-de-accidentes-por-conducir-ebrio-que-prestan-servicios-en-millville-ohio\/#breadcrumb"},"inLanguage":"es","potentialAction":[{"@type":"ReadAction","target":["https:\/\/thehometownlawyers.com\/es\/abogados-de-lesiones-personales-que-prestan-servicios-en-millville-ohio\/abogados-de-accidentes-por-conducir-ebrio-que-prestan-servicios-en-millville-ohio\/"]}]},{"@type":"ImageObject","inLanguage":"es","@id":"https:\/\/thehometownlawyers.com\/es\/abogados-de-lesiones-personales-que-prestan-servicios-en-millville-ohio\/abogados-de-accidentes-por-conducir-ebrio-que-prestan-servicios-en-millville-ohio\/#primaryimage","url":"https:\/\/thehometownlawyers.com\/wp-content\/uploads\/2021\/09\/car-driving-wheel.jpg","contentUrl":"https:\/\/thehometownlawyers.com\/wp-content\/uploads\/2021\/09\/car-driving-wheel.jpg","width":1920,"height":1080,"caption":"conductor e interior del veh\u00edculo"},{"@type":"BreadcrumbList","@id":"https:\/\/thehometownlawyers.com\/es\/abogados-de-lesiones-personales-que-prestan-servicios-en-millville-ohio\/abogados-de-accidentes-por-conducir-ebrio-que-prestan-servicios-en-millville-ohio\/#breadcrumb","itemListElement":[{"@type":"ListItem","position":1,"name":"Home","item":"https:\/\/thehometownlawyers.com\/es\/"},{"@type":"ListItem","position":2,"name":"Abogado de Lesiones Personales en Millville","item":"https:\/\/thehometownlawyers.com\/es\/abogados-de-lesiones-personales-que-prestan-servicios-en-millville-ohio\/"},{"@type":"ListItem","position":3,"name":"Abogado de Accidente por Conducir Ebrio en Millville"}]},{"@type":"WebSite","@id":"https:\/\/thehometownlawyers.com\/es\/#website","url":"https:\/\/thehometownlawyers.com\/es\/","name":"Kruger & Hodges Hometown Injury Lawyers | Accident Attorneys","description":"Attorneys for Car, Truck and Motorcycle Accidents, Personal Injuries, and Criminal Defense.","publisher":{"@id":"https:\/\/thehometownlawyers.com\/es\/#organization"},"alternateName":"Kruger & Hodges Personal Injury Lawyers","inLanguage":"es"},{"@type":"Organization","@id":"https:\/\/thehometownlawyers.com\/es\/#organization","name":"Kruger & Hodges Hometown Injury Lawyers","alternateName":"Kruger & Hodges","url":"https:\/\/thehometownlawyers.com\/es\/","logo":{"@type":"ImageObject","inLanguage":"es","@id":"https:\/\/thehometownlawyers.com\/es\/#\/schema\/logo\/image\/","url":"https:\/\/thehometownlawyers.com\/wp-content\/uploads\/2025\/12\/revised-kh-logo-vertical-white-background-scaled.png","contentUrl":"https:\/\/thehometownlawyers.com\/wp-content\/uploads\/2025\/12\/revised-kh-logo-vertical-white-background-scaled.png","width":2560,"height":1440,"caption":"Kruger & Hodges Hometown Injury Lawyers"},"image":{"@id":"https:\/\/thehometownlawyers.com\/es\/#\/schema\/logo\/image\/"},"sameAs":["https:\/\/www.facebook.com\/KrugerHodges\/","https:\/\/www.instagram.com\/krugerhodges\/","https:\/\/www.linkedin.com\/company\/kruger-hodges-hometown-injury-lawyers\/","https:\/\/www.youtube.com\/channel\/UCeYcMaMaN2rb9jMlqt4EIdQ","https:\/\/www.tiktok.com\/@thehometownlawyer"]}]}},"_links":{"self":[{"href":"https:\/\/thehometownlawyers.com\/es\/wp-json\/wp\/v2\/pages\/21240","targetHints":{"allow":["GET"]}}],"collection":[{"href":"https:\/\/thehometownlawyers.com\/es\/wp-json\/wp\/v2\/pages"}],"about":[{"href":"https:\/\/thehometownlawyers.com\/es\/wp-json\/wp\/v2\/types\/page"}],"author":[{"embeddable":true,"href":"https:\/\/thehometownlawyers.com\/es\/wp-json\/wp\/v2\/users\/7"}],"replies":[{"embeddable":true,"href":"https:\/\/thehometownlawyers.com\/es\/wp-json\/wp\/v2\/comments?post=21240"}],"version-history":[{"count":0,"href":"https:\/\/thehometownlawyers.com\/es\/wp-json\/wp\/v2\/pages\/21240\/revisions"}],"up":[{"embeddable":true,"href":"https:\/\/thehometownlawyers.com\/es\/wp-json\/wp\/v2\/pages\/21233"}],"wp:featuredmedia":[{"embeddable":true,"href":"https:\/\/thehometownlawyers.com\/es\/wp-json\/wp\/v2\/media\/20847"}],"wp:attachment":[{"href":"https:\/\/thehometownlawyers.com\/es\/wp-json\/wp\/v2\/media?parent=21240"}],"wp:term":[{"taxonomy":"hc_faqs","embeddable":true,"href":"https:\/\/thehometownlawyers.com\/es\/wp-json\/wp\/v2\/hc_faqs?post=21240"},{"taxonomy":"hc_spanish_faqs","embeddable":true,"href":"https:\/\/thehometownlawyers.com\/es\/wp-json\/wp\/v2\/hc_spanish_faqs?post=21240"}],"curies":[{"name":"wp","href":"https:\/\/api.w.org\/{rel}","templated":true}]}}