{"id":21241,"date":"2020-03-09T19:07:57","date_gmt":"2020-03-09T23:07:57","guid":{"rendered":"https:\/\/thehometownlawyers.com\/?page_id=21241"},"modified":"2025-02-05T15:44:35","modified_gmt":"2025-02-05T20:44:35","slug":"abogados-de-accidentes-de-peatones-y-bicicletas-que-prestan-servicios-en-new-miami-oh","status":"publish","type":"page","link":"https:\/\/thehometownlawyers.com\/es\/abogados-de-lesiones-personales-que-prestan-servicios-en-new-miami-ohio\/abogados-de-accidentes-de-peatones-y-bicicletas-que-prestan-servicios-en-new-miami-oh\/","title":{"rendered":"Abogado de Accidente de Bicicleta en New Miami"},"content":{"rendered":"<p>\\Los ciclistas tienen la responsabilidad de seguir las mismas leyes que los veh\u00edculos motorizados cuando los ciclistas usan las carreteras. Los peatones tambi\u00e9n tienen ciertas responsabilidades cuando se trata de cruzar las calles, que incluyen obedecer las se\u00f1ales de tr\u00e1nsito, cruzar en los cruces peatonales y tomar precauciones antes de ingresar a la calzada. Dicho esto, cuando los autom\u00f3viles chocan con ciclistas o peatones, el resultado puede ser catastr\u00f3fico. Los ciclistas y peatones est\u00e1n directamente expuestos a las fuerzas de impacto de un veh\u00edculo si un veh\u00edculo choca con ellos. Estos usuarios vulnerables de la carretera pueden enfrentarse a lesiones graves y catastr\u00f3ficas en caso de accidente. Por ejemplo, los ciclistas y peatones podr\u00edan enfrentarse a lesiones cerebrales traum\u00e1ticas, lesiones de la m\u00e9dula espinal, lesiones por erupciones en la carretera, amputaciones, lesiones que desfiguran y otras lesiones graves o catastr\u00f3ficas. Estas lesiones pueden afectar la vida de las v\u00edctimas de muchas maneras, desde facturas m\u00e9dicas inesperadas, salarios perdidos debido a d\u00edas de trabajo perdidos, discapacidad que puede afectar la capacidad de una persona para llegar a fin de mes, dolor y sufrimiento, y costos de rehabilitaci\u00f3n. Kruger &amp; Hodges Attorneys at Law es un bufete de abogados de accidentes de bicicletas y peatones que presta servicios en New Miami, Ohio, que puede ayudarlo a usted y a su familia a buscar da\u00f1os por sus p\u00e9rdidas si las acciones de otro conductor resultaron en sus lesiones. Los reclamos por accidentes de bicicletas y peatones pueden ser especialmente complejos porque, a diferencia de un accidente automovil\u00edstico que involucra a dos conductores, es posible que los ciclistas y los peatones no puedan hacer sus propios reclamos de seguro, pero pueden depender de presentar un reclamo contra el seguro de los conductores responsables. (Sin embargo, si es propietario de un autom\u00f3vil y tiene un seguro de autom\u00f3vil, es posible que pueda presentar un reclamo ante la compa\u00f1\u00eda de seguros de su autom\u00f3vil si el conductor no se hace responsable o si el conductor no es responsable). Los abogados de accidentes de bicicletas y peatones de Kruger &amp; Hodges Attorneys at Law que prestan servicios en New Miami, Ohio, pueden ayudarlo con los diversos aspectos de su reclamo.<\/p>\n<h2>C\u00f3mo un bufete de abogados de accidentes de peatones y bicicletas que presta servicios en New Miami, Ohio puede ayudarlo con su reclamo<\/h2>\n<p>Si result\u00f3 herido en un accidente de bicicleta o peat\u00f3n, los abogados de Kruger &amp; Hodges Attorneys at Law que prestan servicios en New Miami, Ohio, pueden ayudarlo con su reclamo. Nuestros abogados pueden revisar el informe policial y hablar con los testigos para determinar qui\u00e9n pudo haber tenido la culpa del accidente. En la confusi\u00f3n de la escena del accidente, a veces ambas partes discuten los detalles. Si la polic\u00eda se equivoca en los hechos, pero varios testigos vieron las cosas de otra manera, esto podr\u00eda ser \u00fatil para su caso. Nuestros abogados tambi\u00e9n pueden presentar un reclamo con el seguro del conductor o presentar un reclamo contra el otro conductor directamente. Si no tiene seguro de autom\u00f3vil, esta puede ser la forma principal a trav\u00e9s de la cual podr\u00e1 buscar una compensaci\u00f3n. Si tiene un seguro de autom\u00f3vil, es posible que tambi\u00e9n pueda presentar un reclamo con su propia aseguradora, en algunos casos.<\/p>\n<p>Kruger &amp; Hodges Attorneys at Law es un bufete de abogados de accidentes de bicicleta que presta servicios en New Miami, Ohio, que puede ayudarlo a evaluar su reclamo, estimar el valor de su reclamo y luchar para ayudarlo a obtener el acuerdo que puede merecer de las aseguradoras y los negligentes. fiestas. \u00bfTiene preguntas sobre sus derechos? P\u00f3ngase en contacto con los abogados de Kruger &amp; Hodges hoy.<\/p>\n<p class=\"rs-content-cta rs-content-cta-small\">Para una consulta legal gratuita, llame al <a href=\"tel:+15138943333\">513-894-3333 <\/a><\/p><h2>Sus derechos pueden depender de las causas de su accidente de bicicleta y peat\u00f3n<\/h2>\n<p>Para presentar un reclamo por accidente de bicicleta o peat\u00f3n, es posible que deba demostrar que el conductor u otra parte tuvo la culpa de su accidente. Con los reclamos por accidentes de bicicleta, a veces otro conductor puede tener la culpa y, a veces, un defecto en la bicicleta puede ser el culpable. Las v\u00edctimas pueden presentar un reclamo contra el otro conductor o el fabricante del producto. Sin embargo, si se determina que el ciclista o el peat\u00f3n tienen la culpa, podr\u00eda ser dif\u00edcil presentar un reclamo. A veces, los conductores pueden intentar afirmar que el peat\u00f3n o el ciclista tienen la culpa. Aqu\u00ed es donde ayuda a obtener relatos de testigos, tener un informe policial del accidente y donde puede ser \u00fatil hablar con el bufete de abogados de accidentes de bicicletas y peatones de Kruger &amp; Hodges Attorneys at New Miami, Ohio.<\/p>\n<p class=\"rs-content-cta rs-content-cta-small\">Llame o env\u00ede un mensaje de texto al <a href=\"tel:+15138943333\">513-894-3333<\/a> o complete una <a href=\"\/es\/contacto\/\">evaluaci\u00f3n gratuita de su caso<\/a><\/p>","protected":false},"excerpt":{"rendered":"<p>\\Los ciclistas tienen la responsabilidad de seguir las mismas leyes que los veh\u00edculos motorizados cuando los ciclistas usan las carreteras. Los peatones tambi\u00e9n tienen ciertas responsabilidades cuando se trata de cruzar las calles, que incluyen obedecer las se\u00f1ales de tr\u00e1nsito, cruzar en los cruces peatonales y tomar precauciones antes de ingresar a la calzada. Dicho &#8230;<\/p>\n","protected":false},"author":7,"featured_media":20698,"parent":21237,"menu_order":0,"comment_status":"closed","ping_status":"closed","template":"","meta":{"_acf_changed":false,"inline_featured_image":false,"_genesis_hide_title":false,"_genesis_hide_breadcrumbs":false,"_genesis_hide_singular_image":false,"_genesis_hide_footer_widgets":false,"_genesis_custom_body_class":"","_genesis_custom_post_class":"","_genesis_layout":"","footnotes":""},"hc_faqs":[],"hc_spanish_faqs":[],"class_list":{"0":"post-21241","1":"page","2":"type-page","3":"status-publish","4":"has-post-thumbnail","6":"hc_city_location-new-miami-es","7":"entry"},"acf":[],"yoast_head":"<!-- This site is optimized with the Yoast SEO plugin v27.5 - https:\/\/yoast.com\/product\/yoast-seo-wordpress\/ -->\n<title>Abogado de Accidente de Bicicleta en New Miami | Consulta Gratuita<\/title>\n<meta name=\"description\" content=\"Los ciclistas tienen la responsabilidad de seguir las mismas leyes que los veh\u00edculos motorizados cuando los ciclistas usan las carreteras. Los peatones\" \/>\n<meta name=\"robots\" content=\"index, follow, max-snippet:-1, max-image-preview:large, max-video-preview:-1\" \/>\n<link rel=\"canonical\" href=\"https:\/\/thehometownlawyers.com\/es\/abogados-de-lesiones-personales-que-prestan-servicios-en-new-miami-ohio\/abogados-de-accidentes-de-peatones-y-bicicletas-que-prestan-servicios-en-new-miami-oh\/\" \/>\n<meta property=\"og:locale\" content=\"es_MX\" \/>\n<meta property=\"og:type\" content=\"article\" \/>\n<meta property=\"og:title\" content=\"Abogado de Accidente de Bicicleta en New Miami | Consulta Gratuita\" \/>\n<meta property=\"og:description\" content=\"Los ciclistas tienen la responsabilidad de seguir las mismas leyes que los veh\u00edculos motorizados cuando los ciclistas usan las carreteras. Los peatones\" \/>\n<meta property=\"og:url\" content=\"https:\/\/thehometownlawyers.com\/es\/abogados-de-lesiones-personales-que-prestan-servicios-en-new-miami-ohio\/abogados-de-accidentes-de-peatones-y-bicicletas-que-prestan-servicios-en-new-miami-oh\/\" \/>\n<meta property=\"og:site_name\" content=\"Kruger &amp; Hodges Abogados De Lesiones\" \/>\n<meta property=\"article:publisher\" content=\"https:\/\/www.facebook.com\/KrugerHodges\/\" \/>\n<meta property=\"article:modified_time\" content=\"2025-02-05T20:44:35+00:00\" \/>\n<meta property=\"og:image\" content=\"https:\/\/thehometownlawyers.com\/wp-content\/uploads\/2019\/12\/Bike-rider-Hamilton-Ohio.jpg\" \/>\n\t<meta property=\"og:image:width\" content=\"640\" \/>\n\t<meta property=\"og:image:height\" content=\"423\" \/>\n\t<meta property=\"og:image:type\" content=\"image\/jpeg\" \/>\n<meta name=\"twitter:card\" content=\"summary_large_image\" \/>\n<meta name=\"twitter:label1\" content=\"Tiempo de lectura\" \/>\n\t<meta name=\"twitter:data1\" content=\"4 minutos\" \/>\n<script type=\"application\/ld+json\" class=\"yoast-schema-graph\">{\"@context\":\"https:\\\/\\\/schema.org\",\"@graph\":[{\"@type\":\"WebPage\",\"@id\":\"https:\\\/\\\/thehometownlawyers.com\\\/es\\\/abogados-de-lesiones-personales-que-prestan-servicios-en-new-miami-ohio\\\/abogados-de-accidentes-de-peatones-y-bicicletas-que-prestan-servicios-en-new-miami-oh\\\/\",\"url\":\"https:\\\/\\\/thehometownlawyers.com\\\/es\\\/abogados-de-lesiones-personales-que-prestan-servicios-en-new-miami-ohio\\\/abogados-de-accidentes-de-peatones-y-bicicletas-que-prestan-servicios-en-new-miami-oh\\\/\",\"name\":\"Abogado de Accidente de Bicicleta en New Miami | Consulta Gratuita\",\"isPartOf\":{\"@id\":\"https:\\\/\\\/thehometownlawyers.com\\\/es\\\/#website\"},\"primaryImageOfPage\":{\"@id\":\"https:\\\/\\\/thehometownlawyers.com\\\/es\\\/abogados-de-lesiones-personales-que-prestan-servicios-en-new-miami-ohio\\\/abogados-de-accidentes-de-peatones-y-bicicletas-que-prestan-servicios-en-new-miami-oh\\\/#primaryimage\"},\"image\":{\"@id\":\"https:\\\/\\\/thehometownlawyers.com\\\/es\\\/abogados-de-lesiones-personales-que-prestan-servicios-en-new-miami-ohio\\\/abogados-de-accidentes-de-peatones-y-bicicletas-que-prestan-servicios-en-new-miami-oh\\\/#primaryimage\"},\"thumbnailUrl\":\"https:\\\/\\\/thehometownlawyers.com\\\/wp-content\\\/uploads\\\/2019\\\/12\\\/Bike-rider-Hamilton-Ohio.jpg\",\"datePublished\":\"2020-03-09T23:07:57+00:00\",\"dateModified\":\"2025-02-05T20:44:35+00:00\",\"description\":\"\\\\Los ciclistas tienen la responsabilidad de seguir las mismas leyes que los veh\u00edculos motorizados cuando los ciclistas usan las carreteras. Los peatones\",\"breadcrumb\":{\"@id\":\"https:\\\/\\\/thehometownlawyers.com\\\/es\\\/abogados-de-lesiones-personales-que-prestan-servicios-en-new-miami-ohio\\\/abogados-de-accidentes-de-peatones-y-bicicletas-que-prestan-servicios-en-new-miami-oh\\\/#breadcrumb\"},\"inLanguage\":\"es\",\"potentialAction\":[{\"@type\":\"ReadAction\",\"target\":[\"https:\\\/\\\/thehometownlawyers.com\\\/es\\\/abogados-de-lesiones-personales-que-prestan-servicios-en-new-miami-ohio\\\/abogados-de-accidentes-de-peatones-y-bicicletas-que-prestan-servicios-en-new-miami-oh\\\/\"]}]},{\"@type\":\"ImageObject\",\"inLanguage\":\"es\",\"@id\":\"https:\\\/\\\/thehometownlawyers.com\\\/es\\\/abogados-de-lesiones-personales-que-prestan-servicios-en-new-miami-ohio\\\/abogados-de-accidentes-de-peatones-y-bicicletas-que-prestan-servicios-en-new-miami-oh\\\/#primaryimage\",\"url\":\"https:\\\/\\\/thehometownlawyers.com\\\/wp-content\\\/uploads\\\/2019\\\/12\\\/Bike-rider-Hamilton-Ohio.jpg\",\"contentUrl\":\"https:\\\/\\\/thehometownlawyers.com\\\/wp-content\\\/uploads\\\/2019\\\/12\\\/Bike-rider-Hamilton-Ohio.jpg\",\"width\":640,\"height\":423,\"caption\":\"Accidentes de bicicleta\"},{\"@type\":\"BreadcrumbList\",\"@id\":\"https:\\\/\\\/thehometownlawyers.com\\\/es\\\/abogados-de-lesiones-personales-que-prestan-servicios-en-new-miami-ohio\\\/abogados-de-accidentes-de-peatones-y-bicicletas-que-prestan-servicios-en-new-miami-oh\\\/#breadcrumb\",\"itemListElement\":[{\"@type\":\"ListItem\",\"position\":1,\"name\":\"Home\",\"item\":\"https:\\\/\\\/thehometownlawyers.com\\\/es\\\/\"},{\"@type\":\"ListItem\",\"position\":2,\"name\":\"Abogado de Lesiones Personales en New Miami\",\"item\":\"https:\\\/\\\/thehometownlawyers.com\\\/es\\\/abogados-de-lesiones-personales-que-prestan-servicios-en-new-miami-ohio\\\/\"},{\"@type\":\"ListItem\",\"position\":3,\"name\":\"Abogado de Accidente de Bicicleta en New Miami\"}]},{\"@type\":\"WebSite\",\"@id\":\"https:\\\/\\\/thehometownlawyers.com\\\/es\\\/#website\",\"url\":\"https:\\\/\\\/thehometownlawyers.com\\\/es\\\/\",\"name\":\"Kruger & Hodges Hometown Injury Lawyers | Accident Attorneys\",\"description\":\"Attorneys for Car, Truck and Motorcycle Accidents, Personal Injuries, and Criminal Defense.\",\"publisher\":{\"@id\":\"https:\\\/\\\/thehometownlawyers.com\\\/es\\\/#organization\"},\"alternateName\":\"Kruger & Hodges Personal Injury Lawyers\",\"inLanguage\":\"es\"},{\"@type\":\"Organization\",\"@id\":\"https:\\\/\\\/thehometownlawyers.com\\\/es\\\/#organization\",\"name\":\"Kruger & Hodges Hometown Injury Lawyers\",\"alternateName\":\"Kruger & Hodges\",\"url\":\"https:\\\/\\\/thehometownlawyers.com\\\/es\\\/\",\"logo\":{\"@type\":\"ImageObject\",\"inLanguage\":\"es\",\"@id\":\"https:\\\/\\\/thehometownlawyers.com\\\/es\\\/#\\\/schema\\\/logo\\\/image\\\/\",\"url\":\"https:\\\/\\\/thehometownlawyers.com\\\/wp-content\\\/uploads\\\/2025\\\/12\\\/revised-kh-logo-vertical-white-background-scaled.png\",\"contentUrl\":\"https:\\\/\\\/thehometownlawyers.com\\\/wp-content\\\/uploads\\\/2025\\\/12\\\/revised-kh-logo-vertical-white-background-scaled.png\",\"width\":2560,\"height\":1440,\"caption\":\"Kruger & Hodges Hometown Injury Lawyers\"},\"image\":{\"@id\":\"https:\\\/\\\/thehometownlawyers.com\\\/es\\\/#\\\/schema\\\/logo\\\/image\\\/\"},\"sameAs\":[\"https:\\\/\\\/www.facebook.com\\\/KrugerHodges\\\/\",\"https:\\\/\\\/www.instagram.com\\\/krugerhodges\\\/\",\"https:\\\/\\\/www.linkedin.com\\\/company\\\/kruger-hodges-hometown-injury-lawyers\\\/\",\"https:\\\/\\\/www.youtube.com\\\/channel\\\/UCeYcMaMaN2rb9jMlqt4EIdQ\",\"https:\\\/\\\/www.tiktok.com\\\/@thehometownlawyer\"]}]}<\/script>\n<!-- \/ Yoast SEO plugin. -->","yoast_head_json":{"title":"Abogado de Accidente de Bicicleta en New Miami | Consulta Gratuita","description":"Los ciclistas tienen la responsabilidad de seguir las mismas leyes que los veh\u00edculos motorizados cuando los ciclistas usan las carreteras. Los peatones","robots":{"index":"index","follow":"follow","max-snippet":"max-snippet:-1","max-image-preview":"max-image-preview:large","max-video-preview":"max-video-preview:-1"},"canonical":"https:\/\/thehometownlawyers.com\/es\/abogados-de-lesiones-personales-que-prestan-servicios-en-new-miami-ohio\/abogados-de-accidentes-de-peatones-y-bicicletas-que-prestan-servicios-en-new-miami-oh\/","og_locale":"es_MX","og_type":"article","og_title":"Abogado de Accidente de Bicicleta en New Miami | Consulta Gratuita","og_description":"Los ciclistas tienen la responsabilidad de seguir las mismas leyes que los veh\u00edculos motorizados cuando los ciclistas usan las carreteras. Los peatones","og_url":"https:\/\/thehometownlawyers.com\/es\/abogados-de-lesiones-personales-que-prestan-servicios-en-new-miami-ohio\/abogados-de-accidentes-de-peatones-y-bicicletas-que-prestan-servicios-en-new-miami-oh\/","og_site_name":"Kruger &amp; Hodges Abogados De Lesiones","article_publisher":"https:\/\/www.facebook.com\/KrugerHodges\/","article_modified_time":"2025-02-05T20:44:35+00:00","og_image":[{"width":640,"height":423,"url":"https:\/\/thehometownlawyers.com\/wp-content\/uploads\/2019\/12\/Bike-rider-Hamilton-Ohio.jpg","type":"image\/jpeg"}],"twitter_card":"summary_large_image","twitter_misc":{"Tiempo de lectura":"4 minutos"},"schema":{"@context":"https:\/\/schema.org","@graph":[{"@type":"WebPage","@id":"https:\/\/thehometownlawyers.com\/es\/abogados-de-lesiones-personales-que-prestan-servicios-en-new-miami-ohio\/abogados-de-accidentes-de-peatones-y-bicicletas-que-prestan-servicios-en-new-miami-oh\/","url":"https:\/\/thehometownlawyers.com\/es\/abogados-de-lesiones-personales-que-prestan-servicios-en-new-miami-ohio\/abogados-de-accidentes-de-peatones-y-bicicletas-que-prestan-servicios-en-new-miami-oh\/","name":"Abogado de Accidente de Bicicleta en New Miami | Consulta Gratuita","isPartOf":{"@id":"https:\/\/thehometownlawyers.com\/es\/#website"},"primaryImageOfPage":{"@id":"https:\/\/thehometownlawyers.com\/es\/abogados-de-lesiones-personales-que-prestan-servicios-en-new-miami-ohio\/abogados-de-accidentes-de-peatones-y-bicicletas-que-prestan-servicios-en-new-miami-oh\/#primaryimage"},"image":{"@id":"https:\/\/thehometownlawyers.com\/es\/abogados-de-lesiones-personales-que-prestan-servicios-en-new-miami-ohio\/abogados-de-accidentes-de-peatones-y-bicicletas-que-prestan-servicios-en-new-miami-oh\/#primaryimage"},"thumbnailUrl":"https:\/\/thehometownlawyers.com\/wp-content\/uploads\/2019\/12\/Bike-rider-Hamilton-Ohio.jpg","datePublished":"2020-03-09T23:07:57+00:00","dateModified":"2025-02-05T20:44:35+00:00","description":"\\Los ciclistas tienen la responsabilidad de seguir las mismas leyes que los veh\u00edculos motorizados cuando los ciclistas usan las carreteras. Los peatones","breadcrumb":{"@id":"https:\/\/thehometownlawyers.com\/es\/abogados-de-lesiones-personales-que-prestan-servicios-en-new-miami-ohio\/abogados-de-accidentes-de-peatones-y-bicicletas-que-prestan-servicios-en-new-miami-oh\/#breadcrumb"},"inLanguage":"es","potentialAction":[{"@type":"ReadAction","target":["https:\/\/thehometownlawyers.com\/es\/abogados-de-lesiones-personales-que-prestan-servicios-en-new-miami-ohio\/abogados-de-accidentes-de-peatones-y-bicicletas-que-prestan-servicios-en-new-miami-oh\/"]}]},{"@type":"ImageObject","inLanguage":"es","@id":"https:\/\/thehometownlawyers.com\/es\/abogados-de-lesiones-personales-que-prestan-servicios-en-new-miami-ohio\/abogados-de-accidentes-de-peatones-y-bicicletas-que-prestan-servicios-en-new-miami-oh\/#primaryimage","url":"https:\/\/thehometownlawyers.com\/wp-content\/uploads\/2019\/12\/Bike-rider-Hamilton-Ohio.jpg","contentUrl":"https:\/\/thehometownlawyers.com\/wp-content\/uploads\/2019\/12\/Bike-rider-Hamilton-Ohio.jpg","width":640,"height":423,"caption":"Accidentes de bicicleta"},{"@type":"BreadcrumbList","@id":"https:\/\/thehometownlawyers.com\/es\/abogados-de-lesiones-personales-que-prestan-servicios-en-new-miami-ohio\/abogados-de-accidentes-de-peatones-y-bicicletas-que-prestan-servicios-en-new-miami-oh\/#breadcrumb","itemListElement":[{"@type":"ListItem","position":1,"name":"Home","item":"https:\/\/thehometownlawyers.com\/es\/"},{"@type":"ListItem","position":2,"name":"Abogado de Lesiones Personales en New Miami","item":"https:\/\/thehometownlawyers.com\/es\/abogados-de-lesiones-personales-que-prestan-servicios-en-new-miami-ohio\/"},{"@type":"ListItem","position":3,"name":"Abogado de Accidente de Bicicleta en New Miami"}]},{"@type":"WebSite","@id":"https:\/\/thehometownlawyers.com\/es\/#website","url":"https:\/\/thehometownlawyers.com\/es\/","name":"Kruger & Hodges Hometown Injury Lawyers | Accident Attorneys","description":"Attorneys for Car, Truck and Motorcycle Accidents, Personal Injuries, and Criminal Defense.","publisher":{"@id":"https:\/\/thehometownlawyers.com\/es\/#organization"},"alternateName":"Kruger & Hodges Personal Injury Lawyers","inLanguage":"es"},{"@type":"Organization","@id":"https:\/\/thehometownlawyers.com\/es\/#organization","name":"Kruger & Hodges Hometown Injury Lawyers","alternateName":"Kruger & Hodges","url":"https:\/\/thehometownlawyers.com\/es\/","logo":{"@type":"ImageObject","inLanguage":"es","@id":"https:\/\/thehometownlawyers.com\/es\/#\/schema\/logo\/image\/","url":"https:\/\/thehometownlawyers.com\/wp-content\/uploads\/2025\/12\/revised-kh-logo-vertical-white-background-scaled.png","contentUrl":"https:\/\/thehometownlawyers.com\/wp-content\/uploads\/2025\/12\/revised-kh-logo-vertical-white-background-scaled.png","width":2560,"height":1440,"caption":"Kruger & Hodges Hometown Injury Lawyers"},"image":{"@id":"https:\/\/thehometownlawyers.com\/es\/#\/schema\/logo\/image\/"},"sameAs":["https:\/\/www.facebook.com\/KrugerHodges\/","https:\/\/www.instagram.com\/krugerhodges\/","https:\/\/www.linkedin.com\/company\/kruger-hodges-hometown-injury-lawyers\/","https:\/\/www.youtube.com\/channel\/UCeYcMaMaN2rb9jMlqt4EIdQ","https:\/\/www.tiktok.com\/@thehometownlawyer"]}]}},"_links":{"self":[{"href":"https:\/\/thehometownlawyers.com\/es\/wp-json\/wp\/v2\/pages\/21241","targetHints":{"allow":["GET"]}}],"collection":[{"href":"https:\/\/thehometownlawyers.com\/es\/wp-json\/wp\/v2\/pages"}],"about":[{"href":"https:\/\/thehometownlawyers.com\/es\/wp-json\/wp\/v2\/types\/page"}],"author":[{"embeddable":true,"href":"https:\/\/thehometownlawyers.com\/es\/wp-json\/wp\/v2\/users\/7"}],"replies":[{"embeddable":true,"href":"https:\/\/thehometownlawyers.com\/es\/wp-json\/wp\/v2\/comments?post=21241"}],"version-history":[{"count":0,"href":"https:\/\/thehometownlawyers.com\/es\/wp-json\/wp\/v2\/pages\/21241\/revisions"}],"up":[{"embeddable":true,"href":"https:\/\/thehometownlawyers.com\/es\/wp-json\/wp\/v2\/pages\/21237"}],"wp:featuredmedia":[{"embeddable":true,"href":"https:\/\/thehometownlawyers.com\/es\/wp-json\/wp\/v2\/media\/20698"}],"wp:attachment":[{"href":"https:\/\/thehometownlawyers.com\/es\/wp-json\/wp\/v2\/media?parent=21241"}],"wp:term":[{"taxonomy":"hc_faqs","embeddable":true,"href":"https:\/\/thehometownlawyers.com\/es\/wp-json\/wp\/v2\/hc_faqs?post=21241"},{"taxonomy":"hc_spanish_faqs","embeddable":true,"href":"https:\/\/thehometownlawyers.com\/es\/wp-json\/wp\/v2\/hc_spanish_faqs?post=21241"}],"curies":[{"name":"wp","href":"https:\/\/api.w.org\/{rel}","templated":true}]}}