{"id":21242,"date":"2020-03-04T16:29:03","date_gmt":"2020-03-04T21:29:03","guid":{"rendered":"https:\/\/thehometownlawyers.com\/?page_id=21242"},"modified":"2025-04-03T13:52:03","modified_gmt":"2025-04-03T17:52:03","slug":"abogados-de-accidentes-de-peatones-y-bicicletas-que-prestan-servicios-en-oxford-ohio","status":"publish","type":"page","link":"https:\/\/thehometownlawyers.com\/es\/abogados-de-lesiones-personales-que-prestan-servicios-en-oxford-ohio\/abogados-de-accidentes-de-peatones-y-bicicletas-que-prestan-servicios-en-oxford-ohio\/","title":{"rendered":"Abogado de Accidentes Peatonales en Oxford"},"content":{"rendered":"<p>Seg\u00fan la <a href=\"https:\/\/crashstats.nhtsa.dot.gov\/Api\/Public\/ViewPublication\/812681\" target=\"_blank\" rel=\"noopener\">Administraci\u00f3n Nacional de Seguridad del Tr\u00e1fico en las Carreteras<\/a> , 5977 personas murieron en choques de peatones en los EE. UU. Estas cifras no dan cuenta de la cantidad de personas que resultaron heridas en accidentes de peatones. La <a href=\"https:\/\/www.nhtsa.gov\/road-safety\/bicycle-safety\" target=\"_blank\" rel=\"noopener\">Administraci\u00f3n Nacional de Seguridad del Tr\u00e1fico en Carreteras<\/a> se\u00f1ala que 857 personas murieron en accidentes de bicicleta en 2017. Cada a\u00f1o, muchos m\u00e1s resultan heridos en accidentes de bicicleta. Cuando una bicicleta y un autom\u00f3vil est\u00e1n involucrados en un accidente, el ciclista es el usuario de la carretera m\u00e1s vulnerable y tiene m\u00e1s probabilidades de sufrir lesiones. Las lesiones de los peatones pueden ser particularmente devastadoras porque los peatones simplemente no tienen la misma protecci\u00f3n que tienen los conductores de veh\u00edculos de pasajeros en caso de accidente.<\/p>\n<p>Si usted o un ser querido result\u00f3 herido en un accidente peatonal o de bicicleta, es posible que est\u00e9 luchando para llegar a fin de mes, que est\u00e9 enfrentando facturas m\u00e9dicas y gastos de rehabilitaci\u00f3n inesperados, que haya tenido que faltar al trabajo para recuperarse o que est\u00e9 luchando para recuperarse. adaptarse a la vida con una discapacidad. Si la negligencia o el descuido de otro conductor ocasion\u00f3 lesiones en su bicicleta o peatones, usted y su familia pueden tener derecho a reclamar da\u00f1os y perjuicios por sus p\u00e9rdidas. Sin embargo, es posible que solo tenga un tiempo limitado seg\u00fan la ley para presentar un reclamo. Kruger &amp; Hodges Attorneys at Law es un bufete de abogados de accidentes de peatones y bicicletas que presta servicios en Oxford, Ohio, que puede ayudarlo. P\u00f3ngase en contacto con nuestros abogados de bicicletas y peatones hoy.<\/p>\n<h2>Factores \u00fanicos que pueden afectar un reclamo por accidente de bicicleta o peat\u00f3n<\/h2>\n<p>Hay varios factores \u00fanicos que pueden afectar su reclamo por accidente de bicicleta o peat\u00f3n. Cuando dos autos chocan, en la mayor\u00eda de los casos, ambos conductores tienen seguro y pueden hacer un reclamo con sus compa\u00f1\u00edas de seguros. Pero, cuando un autom\u00f3vil choca con un ciclista o peat\u00f3n, a menudo el conductor es el que est\u00e1 asegurado, y el ciclista y el peat\u00f3n pueden tener que probar que el conductor tuvo la culpa del choque para poder reclamar da\u00f1os y perjuicios. p\u00e9rdidas del seguro del conductor. Los reclamos por accidentes de bicicletas y peatones tambi\u00e9n pueden implicar reclamos por lesiones m\u00e1s graves. Cuando un autom\u00f3vil golpea a un ciclista o peat\u00f3n, el ciclista o peat\u00f3n, al no tener la protecci\u00f3n de un veh\u00edculo, puede sufrir lesiones graves como lesiones en la cabeza, lesiones en la m\u00e9dula espinal, erupciones en la carretera, lesiones internas y m\u00e1s. Kruger &amp; Hodges Attorneys at Law es un bufete de abogados de accidentes de peatones y bicicletas que presta servicios en Oxford, Ohio, que puede ayudarlo a abordar los desaf\u00edos \u00fanicos que pueden afectar su reclamo. Nuestros abogados pueden negociar con los ajustadores de seguros, buscar da\u00f1os de las partes negligentes, revisar su caso, estimar sus da\u00f1os y ayudarlo a buscar justicia despu\u00e9s de un caso de accidente de bicicleta o peat\u00f3n.<\/p>\n<p class=\"rs-content-cta rs-content-cta-small\">Para una consulta legal gratuita, llame al <a href=\"tel:+15138943333\">513-894-3333 <\/a><\/p><h2>Busque justicia hoy<\/h2>\n<p>Los conductores tienen la responsabilidad de compartir el camino con los ciclistas y los conductores tienen la responsabilidad de ceder el paso a los peatones en un cruce de peatones y vigilar a los que caminan. Cuando los conductores est\u00e1n distra\u00eddos, cuando aceleran, se saltan los sem\u00e1foros en rojo o las se\u00f1ales de alto, conducen ebrios o infringen la ley de otra manera, pueden lesionar gravemente a los ciclistas y peatones. Si usted o alguien a quien ama result\u00f3 herido mientras andaba en bicicleta o caminaba, es posible que tenga derecho a reclamar da\u00f1os y perjuicios al conductor responsable conforme a la ley. Kruger &amp; Hodges Attorneys at Law es un bufete de abogados de accidentes de bicicletas y peatones que presta servicios en Oxford, Ohio, que puede ayudarlo. Nuestros abogados pueden evaluar su caso, estimar el valor de su reclamo y luchar por sus derechos dentro o fuera de la corte. P\u00f3ngase en contacto con nuestros abogados hoy para obtener m\u00e1s informaci\u00f3n.<\/p>\n<p class=\"rs-content-cta rs-content-cta-small\">Llame o env\u00ede un mensaje de texto al <a href=\"tel:+15138943333\">513-894-3333<\/a> o complete una <a href=\"\/es\/contacto\/\">evaluaci\u00f3n gratuita de su caso<\/a><\/p>","protected":false},"excerpt":{"rendered":"<p>Seg\u00fan la Administraci\u00f3n Nacional de Seguridad del Tr\u00e1fico en las Carreteras , 5977 personas murieron en choques de peatones en los EE. UU. Estas cifras no dan cuenta de la cantidad de personas que resultaron heridas en accidentes de peatones. La Administraci\u00f3n Nacional de Seguridad del Tr\u00e1fico en Carreteras se\u00f1ala que 857 personas murieron en &#8230;<\/p>\n","protected":false},"author":7,"featured_media":24670,"parent":21248,"menu_order":0,"comment_status":"closed","ping_status":"closed","template":"","meta":{"_acf_changed":false,"inline_featured_image":false,"_genesis_hide_title":false,"_genesis_hide_breadcrumbs":false,"_genesis_hide_singular_image":false,"_genesis_hide_footer_widgets":false,"_genesis_custom_body_class":"","_genesis_custom_post_class":"","_genesis_layout":"","footnotes":""},"hc_faqs":[],"hc_spanish_faqs":[],"class_list":{"0":"post-21242","1":"page","2":"type-page","3":"status-publish","4":"has-post-thumbnail","6":"hc_city_location-oxford-es","7":"entry"},"acf":[],"yoast_head":"<!-- This site is optimized with the Yoast SEO plugin v27.4 - https:\/\/yoast.com\/product\/yoast-seo-wordpress\/ -->\n<title>Abogado de Accidentes Peatonales en Oxford | Consulta Gratuita<\/title>\n<meta name=\"description\" content=\"Seg\u00fan la Administraci\u00f3n Nacional de Seguridad del Tr\u00e1fico en las Carreteras , 5977 personas murieron en choques de peatones en los EE. UU. Estas cifras no\" \/>\n<meta name=\"robots\" content=\"index, follow, max-snippet:-1, max-image-preview:large, max-video-preview:-1\" \/>\n<link rel=\"canonical\" href=\"https:\/\/thehometownlawyers.com\/es\/abogados-de-lesiones-personales-que-prestan-servicios-en-oxford-ohio\/abogados-de-accidentes-de-peatones-y-bicicletas-que-prestan-servicios-en-oxford-ohio\/\" \/>\n<meta property=\"og:locale\" content=\"es_MX\" \/>\n<meta property=\"og:type\" content=\"article\" \/>\n<meta property=\"og:title\" content=\"Abogado de Accidentes Peatonales en Oxford | Consulta Gratuita\" \/>\n<meta property=\"og:description\" content=\"Seg\u00fan la Administraci\u00f3n Nacional de Seguridad del Tr\u00e1fico en las Carreteras , 5977 personas murieron en choques de peatones en los EE. UU. Estas cifras no\" \/>\n<meta property=\"og:url\" content=\"https:\/\/thehometownlawyers.com\/es\/abogados-de-lesiones-personales-que-prestan-servicios-en-oxford-ohio\/abogados-de-accidentes-de-peatones-y-bicicletas-que-prestan-servicios-en-oxford-ohio\/\" \/>\n<meta property=\"og:site_name\" content=\"Kruger &amp; Hodges Abogados De Lesiones\" \/>\n<meta property=\"article:publisher\" content=\"https:\/\/www.facebook.com\/KrugerHodges\/\" \/>\n<meta property=\"article:modified_time\" content=\"2025-04-03T17:52:03+00:00\" \/>\n<meta property=\"og:image\" content=\"https:\/\/thehometownlawyers.com\/wp-content\/uploads\/2025\/03\/abogados-de-accidentes-de-peatones-y-bicicletas-que-prestan-servicios-en-oxford-ohio.jpg\" \/>\n\t<meta property=\"og:image:width\" content=\"768\" \/>\n\t<meta property=\"og:image:height\" content=\"512\" \/>\n\t<meta property=\"og:image:type\" content=\"image\/jpeg\" \/>\n<meta name=\"twitter:card\" content=\"summary_large_image\" \/>\n<meta name=\"twitter:label1\" content=\"Tiempo de lectura\" \/>\n\t<meta name=\"twitter:data1\" content=\"4 minutos\" \/>\n<script type=\"application\/ld+json\" class=\"yoast-schema-graph\">{\"@context\":\"https:\\\/\\\/schema.org\",\"@graph\":[{\"@type\":\"WebPage\",\"@id\":\"https:\\\/\\\/thehometownlawyers.com\\\/es\\\/abogados-de-lesiones-personales-que-prestan-servicios-en-oxford-ohio\\\/abogados-de-accidentes-de-peatones-y-bicicletas-que-prestan-servicios-en-oxford-ohio\\\/\",\"url\":\"https:\\\/\\\/thehometownlawyers.com\\\/es\\\/abogados-de-lesiones-personales-que-prestan-servicios-en-oxford-ohio\\\/abogados-de-accidentes-de-peatones-y-bicicletas-que-prestan-servicios-en-oxford-ohio\\\/\",\"name\":\"Abogado de Accidentes Peatonales en Oxford | Consulta Gratuita\",\"isPartOf\":{\"@id\":\"https:\\\/\\\/thehometownlawyers.com\\\/es\\\/#website\"},\"primaryImageOfPage\":{\"@id\":\"https:\\\/\\\/thehometownlawyers.com\\\/es\\\/abogados-de-lesiones-personales-que-prestan-servicios-en-oxford-ohio\\\/abogados-de-accidentes-de-peatones-y-bicicletas-que-prestan-servicios-en-oxford-ohio\\\/#primaryimage\"},\"image\":{\"@id\":\"https:\\\/\\\/thehometownlawyers.com\\\/es\\\/abogados-de-lesiones-personales-que-prestan-servicios-en-oxford-ohio\\\/abogados-de-accidentes-de-peatones-y-bicicletas-que-prestan-servicios-en-oxford-ohio\\\/#primaryimage\"},\"thumbnailUrl\":\"https:\\\/\\\/thehometownlawyers.com\\\/wp-content\\\/uploads\\\/2025\\\/03\\\/abogados-de-accidentes-de-peatones-y-bicicletas-que-prestan-servicios-en-oxford-ohio.jpg\",\"datePublished\":\"2020-03-04T21:29:03+00:00\",\"dateModified\":\"2025-04-03T17:52:03+00:00\",\"description\":\"Seg\u00fan la Administraci\u00f3n Nacional de Seguridad del Tr\u00e1fico en las Carreteras , 5977 personas murieron en choques de peatones en los EE. UU. Estas cifras no\",\"breadcrumb\":{\"@id\":\"https:\\\/\\\/thehometownlawyers.com\\\/es\\\/abogados-de-lesiones-personales-que-prestan-servicios-en-oxford-ohio\\\/abogados-de-accidentes-de-peatones-y-bicicletas-que-prestan-servicios-en-oxford-ohio\\\/#breadcrumb\"},\"inLanguage\":\"es\",\"potentialAction\":[{\"@type\":\"ReadAction\",\"target\":[\"https:\\\/\\\/thehometownlawyers.com\\\/es\\\/abogados-de-lesiones-personales-que-prestan-servicios-en-oxford-ohio\\\/abogados-de-accidentes-de-peatones-y-bicicletas-que-prestan-servicios-en-oxford-ohio\\\/\"]}]},{\"@type\":\"ImageObject\",\"inLanguage\":\"es\",\"@id\":\"https:\\\/\\\/thehometownlawyers.com\\\/es\\\/abogados-de-lesiones-personales-que-prestan-servicios-en-oxford-ohio\\\/abogados-de-accidentes-de-peatones-y-bicicletas-que-prestan-servicios-en-oxford-ohio\\\/#primaryimage\",\"url\":\"https:\\\/\\\/thehometownlawyers.com\\\/wp-content\\\/uploads\\\/2025\\\/03\\\/abogados-de-accidentes-de-peatones-y-bicicletas-que-prestan-servicios-en-oxford-ohio.jpg\",\"contentUrl\":\"https:\\\/\\\/thehometownlawyers.com\\\/wp-content\\\/uploads\\\/2025\\\/03\\\/abogados-de-accidentes-de-peatones-y-bicicletas-que-prestan-servicios-en-oxford-ohio.jpg\",\"width\":768,\"height\":512,\"caption\":\"Crosswalk on the street for safety, logistic import export and transport industry.\"},{\"@type\":\"BreadcrumbList\",\"@id\":\"https:\\\/\\\/thehometownlawyers.com\\\/es\\\/abogados-de-lesiones-personales-que-prestan-servicios-en-oxford-ohio\\\/abogados-de-accidentes-de-peatones-y-bicicletas-que-prestan-servicios-en-oxford-ohio\\\/#breadcrumb\",\"itemListElement\":[{\"@type\":\"ListItem\",\"position\":1,\"name\":\"Home\",\"item\":\"https:\\\/\\\/thehometownlawyers.com\\\/es\\\/\"},{\"@type\":\"ListItem\",\"position\":2,\"name\":\"Abogado de Lesiones Personales en Oxford\",\"item\":\"https:\\\/\\\/thehometownlawyers.com\\\/es\\\/abogados-de-lesiones-personales-que-prestan-servicios-en-oxford-ohio\\\/\"},{\"@type\":\"ListItem\",\"position\":3,\"name\":\"Abogado de Accidentes Peatonales en Oxford\"}]},{\"@type\":\"WebSite\",\"@id\":\"https:\\\/\\\/thehometownlawyers.com\\\/es\\\/#website\",\"url\":\"https:\\\/\\\/thehometownlawyers.com\\\/es\\\/\",\"name\":\"Kruger & Hodges Hometown Injury Lawyers | Accident Attorneys\",\"description\":\"Attorneys for Car, Truck and Motorcycle Accidents, Personal Injuries, and Criminal Defense.\",\"publisher\":{\"@id\":\"https:\\\/\\\/thehometownlawyers.com\\\/es\\\/#organization\"},\"alternateName\":\"Kruger & Hodges Personal Injury Lawyers\",\"inLanguage\":\"es\"},{\"@type\":\"Organization\",\"@id\":\"https:\\\/\\\/thehometownlawyers.com\\\/es\\\/#organization\",\"name\":\"Kruger & Hodges Hometown Injury Lawyers\",\"alternateName\":\"Kruger & Hodges\",\"url\":\"https:\\\/\\\/thehometownlawyers.com\\\/es\\\/\",\"logo\":{\"@type\":\"ImageObject\",\"inLanguage\":\"es\",\"@id\":\"https:\\\/\\\/thehometownlawyers.com\\\/es\\\/#\\\/schema\\\/logo\\\/image\\\/\",\"url\":\"https:\\\/\\\/thehometownlawyers.com\\\/wp-content\\\/uploads\\\/2025\\\/12\\\/revised-kh-logo-vertical-white-background-scaled.png\",\"contentUrl\":\"https:\\\/\\\/thehometownlawyers.com\\\/wp-content\\\/uploads\\\/2025\\\/12\\\/revised-kh-logo-vertical-white-background-scaled.png\",\"width\":2560,\"height\":1440,\"caption\":\"Kruger & Hodges Hometown Injury Lawyers\"},\"image\":{\"@id\":\"https:\\\/\\\/thehometownlawyers.com\\\/es\\\/#\\\/schema\\\/logo\\\/image\\\/\"},\"sameAs\":[\"https:\\\/\\\/www.facebook.com\\\/KrugerHodges\\\/\",\"https:\\\/\\\/www.instagram.com\\\/krugerhodges\\\/\",\"https:\\\/\\\/www.linkedin.com\\\/company\\\/kruger-hodges-hometown-injury-lawyers\\\/\",\"https:\\\/\\\/www.youtube.com\\\/channel\\\/UCeYcMaMaN2rb9jMlqt4EIdQ\",\"https:\\\/\\\/www.tiktok.com\\\/@thehometownlawyer\"]}]}<\/script>\n<!-- \/ Yoast SEO plugin. -->","yoast_head_json":{"title":"Abogado de Accidentes Peatonales en Oxford | Consulta Gratuita","description":"Seg\u00fan la Administraci\u00f3n Nacional de Seguridad del Tr\u00e1fico en las Carreteras , 5977 personas murieron en choques de peatones en los EE. UU. Estas cifras no","robots":{"index":"index","follow":"follow","max-snippet":"max-snippet:-1","max-image-preview":"max-image-preview:large","max-video-preview":"max-video-preview:-1"},"canonical":"https:\/\/thehometownlawyers.com\/es\/abogados-de-lesiones-personales-que-prestan-servicios-en-oxford-ohio\/abogados-de-accidentes-de-peatones-y-bicicletas-que-prestan-servicios-en-oxford-ohio\/","og_locale":"es_MX","og_type":"article","og_title":"Abogado de Accidentes Peatonales en Oxford | Consulta Gratuita","og_description":"Seg\u00fan la Administraci\u00f3n Nacional de Seguridad del Tr\u00e1fico en las Carreteras , 5977 personas murieron en choques de peatones en los EE. UU. Estas cifras no","og_url":"https:\/\/thehometownlawyers.com\/es\/abogados-de-lesiones-personales-que-prestan-servicios-en-oxford-ohio\/abogados-de-accidentes-de-peatones-y-bicicletas-que-prestan-servicios-en-oxford-ohio\/","og_site_name":"Kruger &amp; Hodges Abogados De Lesiones","article_publisher":"https:\/\/www.facebook.com\/KrugerHodges\/","article_modified_time":"2025-04-03T17:52:03+00:00","og_image":[{"width":768,"height":512,"url":"https:\/\/thehometownlawyers.com\/wp-content\/uploads\/2025\/03\/abogados-de-accidentes-de-peatones-y-bicicletas-que-prestan-servicios-en-oxford-ohio.jpg","type":"image\/jpeg"}],"twitter_card":"summary_large_image","twitter_misc":{"Tiempo de lectura":"4 minutos"},"schema":{"@context":"https:\/\/schema.org","@graph":[{"@type":"WebPage","@id":"https:\/\/thehometownlawyers.com\/es\/abogados-de-lesiones-personales-que-prestan-servicios-en-oxford-ohio\/abogados-de-accidentes-de-peatones-y-bicicletas-que-prestan-servicios-en-oxford-ohio\/","url":"https:\/\/thehometownlawyers.com\/es\/abogados-de-lesiones-personales-que-prestan-servicios-en-oxford-ohio\/abogados-de-accidentes-de-peatones-y-bicicletas-que-prestan-servicios-en-oxford-ohio\/","name":"Abogado de Accidentes Peatonales en Oxford | Consulta Gratuita","isPartOf":{"@id":"https:\/\/thehometownlawyers.com\/es\/#website"},"primaryImageOfPage":{"@id":"https:\/\/thehometownlawyers.com\/es\/abogados-de-lesiones-personales-que-prestan-servicios-en-oxford-ohio\/abogados-de-accidentes-de-peatones-y-bicicletas-que-prestan-servicios-en-oxford-ohio\/#primaryimage"},"image":{"@id":"https:\/\/thehometownlawyers.com\/es\/abogados-de-lesiones-personales-que-prestan-servicios-en-oxford-ohio\/abogados-de-accidentes-de-peatones-y-bicicletas-que-prestan-servicios-en-oxford-ohio\/#primaryimage"},"thumbnailUrl":"https:\/\/thehometownlawyers.com\/wp-content\/uploads\/2025\/03\/abogados-de-accidentes-de-peatones-y-bicicletas-que-prestan-servicios-en-oxford-ohio.jpg","datePublished":"2020-03-04T21:29:03+00:00","dateModified":"2025-04-03T17:52:03+00:00","description":"Seg\u00fan la Administraci\u00f3n Nacional de Seguridad del Tr\u00e1fico en las Carreteras , 5977 personas murieron en choques de peatones en los EE. UU. Estas cifras no","breadcrumb":{"@id":"https:\/\/thehometownlawyers.com\/es\/abogados-de-lesiones-personales-que-prestan-servicios-en-oxford-ohio\/abogados-de-accidentes-de-peatones-y-bicicletas-que-prestan-servicios-en-oxford-ohio\/#breadcrumb"},"inLanguage":"es","potentialAction":[{"@type":"ReadAction","target":["https:\/\/thehometownlawyers.com\/es\/abogados-de-lesiones-personales-que-prestan-servicios-en-oxford-ohio\/abogados-de-accidentes-de-peatones-y-bicicletas-que-prestan-servicios-en-oxford-ohio\/"]}]},{"@type":"ImageObject","inLanguage":"es","@id":"https:\/\/thehometownlawyers.com\/es\/abogados-de-lesiones-personales-que-prestan-servicios-en-oxford-ohio\/abogados-de-accidentes-de-peatones-y-bicicletas-que-prestan-servicios-en-oxford-ohio\/#primaryimage","url":"https:\/\/thehometownlawyers.com\/wp-content\/uploads\/2025\/03\/abogados-de-accidentes-de-peatones-y-bicicletas-que-prestan-servicios-en-oxford-ohio.jpg","contentUrl":"https:\/\/thehometownlawyers.com\/wp-content\/uploads\/2025\/03\/abogados-de-accidentes-de-peatones-y-bicicletas-que-prestan-servicios-en-oxford-ohio.jpg","width":768,"height":512,"caption":"Crosswalk on the street for safety, logistic import export and transport industry."},{"@type":"BreadcrumbList","@id":"https:\/\/thehometownlawyers.com\/es\/abogados-de-lesiones-personales-que-prestan-servicios-en-oxford-ohio\/abogados-de-accidentes-de-peatones-y-bicicletas-que-prestan-servicios-en-oxford-ohio\/#breadcrumb","itemListElement":[{"@type":"ListItem","position":1,"name":"Home","item":"https:\/\/thehometownlawyers.com\/es\/"},{"@type":"ListItem","position":2,"name":"Abogado de Lesiones Personales en Oxford","item":"https:\/\/thehometownlawyers.com\/es\/abogados-de-lesiones-personales-que-prestan-servicios-en-oxford-ohio\/"},{"@type":"ListItem","position":3,"name":"Abogado de Accidentes Peatonales en Oxford"}]},{"@type":"WebSite","@id":"https:\/\/thehometownlawyers.com\/es\/#website","url":"https:\/\/thehometownlawyers.com\/es\/","name":"Kruger & Hodges Hometown Injury Lawyers | Accident Attorneys","description":"Attorneys for Car, Truck and Motorcycle Accidents, Personal Injuries, and Criminal Defense.","publisher":{"@id":"https:\/\/thehometownlawyers.com\/es\/#organization"},"alternateName":"Kruger & Hodges Personal Injury Lawyers","inLanguage":"es"},{"@type":"Organization","@id":"https:\/\/thehometownlawyers.com\/es\/#organization","name":"Kruger & Hodges Hometown Injury Lawyers","alternateName":"Kruger & Hodges","url":"https:\/\/thehometownlawyers.com\/es\/","logo":{"@type":"ImageObject","inLanguage":"es","@id":"https:\/\/thehometownlawyers.com\/es\/#\/schema\/logo\/image\/","url":"https:\/\/thehometownlawyers.com\/wp-content\/uploads\/2025\/12\/revised-kh-logo-vertical-white-background-scaled.png","contentUrl":"https:\/\/thehometownlawyers.com\/wp-content\/uploads\/2025\/12\/revised-kh-logo-vertical-white-background-scaled.png","width":2560,"height":1440,"caption":"Kruger & Hodges Hometown Injury Lawyers"},"image":{"@id":"https:\/\/thehometownlawyers.com\/es\/#\/schema\/logo\/image\/"},"sameAs":["https:\/\/www.facebook.com\/KrugerHodges\/","https:\/\/www.instagram.com\/krugerhodges\/","https:\/\/www.linkedin.com\/company\/kruger-hodges-hometown-injury-lawyers\/","https:\/\/www.youtube.com\/channel\/UCeYcMaMaN2rb9jMlqt4EIdQ","https:\/\/www.tiktok.com\/@thehometownlawyer"]}]}},"_links":{"self":[{"href":"https:\/\/thehometownlawyers.com\/es\/wp-json\/wp\/v2\/pages\/21242","targetHints":{"allow":["GET"]}}],"collection":[{"href":"https:\/\/thehometownlawyers.com\/es\/wp-json\/wp\/v2\/pages"}],"about":[{"href":"https:\/\/thehometownlawyers.com\/es\/wp-json\/wp\/v2\/types\/page"}],"author":[{"embeddable":true,"href":"https:\/\/thehometownlawyers.com\/es\/wp-json\/wp\/v2\/users\/7"}],"replies":[{"embeddable":true,"href":"https:\/\/thehometownlawyers.com\/es\/wp-json\/wp\/v2\/comments?post=21242"}],"version-history":[{"count":0,"href":"https:\/\/thehometownlawyers.com\/es\/wp-json\/wp\/v2\/pages\/21242\/revisions"}],"up":[{"embeddable":true,"href":"https:\/\/thehometownlawyers.com\/es\/wp-json\/wp\/v2\/pages\/21248"}],"wp:featuredmedia":[{"embeddable":true,"href":"https:\/\/thehometownlawyers.com\/es\/wp-json\/wp\/v2\/media\/24670"}],"wp:attachment":[{"href":"https:\/\/thehometownlawyers.com\/es\/wp-json\/wp\/v2\/media?parent=21242"}],"wp:term":[{"taxonomy":"hc_faqs","embeddable":true,"href":"https:\/\/thehometownlawyers.com\/es\/wp-json\/wp\/v2\/hc_faqs?post=21242"},{"taxonomy":"hc_spanish_faqs","embeddable":true,"href":"https:\/\/thehometownlawyers.com\/es\/wp-json\/wp\/v2\/hc_spanish_faqs?post=21242"}],"curies":[{"name":"wp","href":"https:\/\/api.w.org\/{rel}","templated":true}]}}