{"id":21243,"date":"2020-03-04T16:04:05","date_gmt":"2020-03-04T21:04:05","guid":{"rendered":"https:\/\/thehometownlawyers.com\/?page_id=21243"},"modified":"2025-01-31T10:51:21","modified_gmt":"2025-01-31T15:51:21","slug":"abogados-de-accidentes-de-camiones-que-prestan-servicios-en-oxford-ohio","status":"publish","type":"page","link":"https:\/\/thehometownlawyers.com\/es\/abogados-de-lesiones-personales-que-prestan-servicios-en-oxford-ohio\/abogados-de-accidentes-de-camiones-que-prestan-servicios-en-oxford-ohio\/","title":{"rendered":"Abogado de Accidente de Cami\u00f3n en Oxford"},"content":{"rendered":"<p>De acuerdo con la <a href=\"https:\/\/cms8.fmcsa.dot.gov\/safety\/data-and-statistics\/large-truck-and-bus-crash-facts-2017#A9\" target=\"_blank\" rel=\"noopener\">Administraci\u00f3n Federal de Seguridad de Autotransportes<\/a>, en 2017, 148,000 personas resultaron lesionadas en choques de camiones grandes en los EE. UU. Debido al gran tama\u00f1o y peso de estos veh\u00edculos, las v\u00edctimas que resultan heridas en choques de camiones grandes pueden enfrentar lesiones graves, discapacidad y pueden faltar al trabajo o incluso ser incapaz de volver al trabajo. Kruger &amp; Hodges Attorneys at Law es un bufete de abogados de accidentes de camiones que presta servicios en Oxford, Ohio, que puede ayudarlo a buscar da\u00f1os por sus p\u00e9rdidas despu\u00e9s de un gran accidente de cami\u00f3n. Las compa\u00f1\u00edas de camiones est\u00e1n obligadas a seguir estrictas leyes de camiones federales y locales. Cuando los conductores infringen la ley o cuando las empresas de camiones toman atajos, estas empresas podr\u00edan verse obligadas a pagar los gastos m\u00e9dicos de las v\u00edctimas, los costos de rehabilitaci\u00f3n, los salarios perdidos y los da\u00f1os causados por el dolor y el sufrimiento.<\/p>\n<h2>C\u00f3mo puede ayudarlo un abogado de accidentes de camiones en Oxford, Ohio<\/h2>\n<p>Un abogado de accidentes de camiones que presta servicios en Oxford, Ohio, puede ayudarlo con su reclamo por lesiones personales de accidentes de camiones de varias maneras. <a href=\"https:\/\/thehometownlawyers.com\/es\/\">Los abogados de Kruger &amp; Hodges<\/a> pueden revisar su caso y determinar las razones por las que ocurri\u00f3 su accidente. Para presentar un reclamo por lesiones personales en Oxford, Ohio, deber\u00e1 demostrar que la otra parte tuvo la culpa o fue responsable de su accidente. Debido a que las empresas de camiones deben cumplir con las estrictas leyes federales y locales que rigen la industria del transporte por carretera, las empresas de camiones a menudo est\u00e1n sujetas a un est\u00e1ndar m\u00e1s alto que los conductores de veh\u00edculos de pasajeros en lo que respecta a la seguridad del conductor. Por ejemplo, seg\u00fan las leyes federales de horas de servicio, los conductores de camiones no pueden permanecer al volante de un cami\u00f3n por m\u00e1s de once horas seguidas. Esta ley est\u00e1 en vigor para evitar la fatiga del conductor. Despu\u00e9s de un accidente, un abogado de accidentes de camiones puede revisar los registros del conductor, los registros de env\u00edo y otras pruebas para determinar si el conductor podr\u00eda haberse fatigado. Las empresas de camiones tambi\u00e9n est\u00e1n obligadas a realizar un mantenimiento regular en sus veh\u00edculos. Cuando las empresas de camiones no realizan el mantenimiento adecuado o cuando toman atajos, pueden ocurrir accidentes. Los camiones tambi\u00e9n deben estar debidamente cargados. Los camiones sobrecargados pueden tardar m\u00e1s en detenerse y los camiones cargados de manera desigual pueden correr un mayor riesgo de volcarse. Los conductores de camiones tambi\u00e9n deben cumplir requisitos espec\u00edficos. Por ejemplo, los conductores de camiones deben aprobar ex\u00e1menes m\u00e9dicos regulares y las compa\u00f1\u00edas de camiones pueden tener la responsabilidad de examinar a los conductores y analizar su historial de manejo para determinar si un conductor puede tener antecedentes de accidentes.<\/p>\n<p>Cuando las compa\u00f1\u00edas de camiones violan las leyes de camiones o no toman las precauciones adecuadas, pueden ocurrir accidentes. Kruger &amp; Hodges Attorneys at Law es un bufete de abogados de accidentes de camiones que presta servicios en Oxford, Ohio, que puede revisar su caso, determinar si la empresa del cami\u00f3n o el conductor podr\u00edan haber tenido la culpa y ayudarlo a buscar da\u00f1os por su accidente. Su abogado de accidentes de camiones puede revisar los informes policiales y de accidentes, hablar con testigos que pueden haber visto ocurrir el accidente, investigar a la compa\u00f1\u00eda de camiones y sus conductores, y negociar con los ajustadores de seguros o partes negligentes para ayudarlo a obtener el acuerdo que puede merecer bajo el ley.<\/p>\n<p class=\"rs-content-cta rs-content-cta-small\">Para una consulta legal gratuita, llame al <a href=\"tel:+15138943333\">513-894-3333 <\/a><\/p><h2>\u00bfCu\u00e1l es el valor de mi reclamo por accidente de cami\u00f3n en Oxford, Ohio?<\/h2>\n<p>El valor de su reclamo por accidente de cami\u00f3n en Oxford, Ohio, depender\u00e1 de una variedad de factores. Primero, su abogado de accidentes de camiones deber\u00e1 establecer negligencia por parte del conductor del cami\u00f3n o de la compa\u00f1\u00eda de camiones. Sin negligencia, no podr\u00e1 hacer un reclamo. Luego, su abogado de accidentes de camiones deber\u00e1 revisar sus facturas m\u00e9dicas, salarios perdidos, costos de rehabilitaci\u00f3n y da\u00f1os por dolor y sufrimiento. Es posible que pueda reclamar da\u00f1os por costos m\u00e9dicos futuros, salarios perdidos futuros y gastos de rehabilitaci\u00f3n futuros, as\u00ed como tambi\u00e9n por da\u00f1os que ya ha sufrido. Finalmente, es importante considerar tambi\u00e9n los da\u00f1os por dolor y sufrimiento al estimar el valor de su reclamo. Los accidentes de camiones pueden dejar a las v\u00edctimas con discapacidades graves que alteran la vida y pueden afectar la calidad de vida. Un reclamo de dolor y sufrimiento puede ayudarlo. Si tiene preguntas sobre sus derechos si usted o un ser querido result\u00f3 herido en un accidente de cami\u00f3n en Oxford, Ohio, no est\u00e1 solo. <a href=\"https:\/\/thehometownlawyers.com\/es\/contacto\/\">Comun\u00edquese con Kruger &amp; Hodges Attorneys at Law<\/a> , un bufete de abogados de accidentes de camiones, hoy.<\/p>\n<p class=\"rs-content-cta rs-content-cta-small\">Llame o env\u00ede un mensaje de texto al <a href=\"tel:+15138943333\">513-894-3333<\/a> o complete una <a href=\"\/es\/contacto\/\">evaluaci\u00f3n gratuita de su caso<\/a><\/p>","protected":false},"excerpt":{"rendered":"<p>De acuerdo con la Administraci\u00f3n Federal de Seguridad de Autotransportes, en 2017, 148,000 personas resultaron lesionadas en choques de camiones grandes en los EE. UU. Debido al gran tama\u00f1o y peso de estos veh\u00edculos, las v\u00edctimas que resultan heridas en choques de camiones grandes pueden enfrentar lesiones graves, discapacidad y pueden faltar al trabajo o &#8230;<\/p>\n","protected":false},"author":7,"featured_media":26406,"parent":21248,"menu_order":0,"comment_status":"closed","ping_status":"closed","template":"","meta":{"_acf_changed":false,"inline_featured_image":false,"_genesis_hide_title":false,"_genesis_hide_breadcrumbs":false,"_genesis_hide_singular_image":false,"_genesis_hide_footer_widgets":false,"_genesis_custom_body_class":"","_genesis_custom_post_class":"","_genesis_layout":"","footnotes":""},"hc_faqs":[],"hc_spanish_faqs":[],"class_list":{"0":"post-21243","1":"page","2":"type-page","3":"status-publish","4":"has-post-thumbnail","6":"hc_city_location-oxford-es","7":"entry"},"acf":[],"yoast_head":"<!-- This site is optimized with the Yoast SEO plugin v27.3 - https:\/\/yoast.com\/product\/yoast-seo-wordpress\/ -->\n<title>Abogados de accidentes de camiones que prestan servicios en Oxford, Ohio: Consulta gratuita<\/title>\n<meta name=\"description\" content=\"De acuerdo con la Administraci\u00f3n Federal de Seguridad de Autotransportes, en 2017, 148,000 personas resultaron lesionadas en choques de camiones grandes\" \/>\n<meta name=\"robots\" content=\"index, follow, max-snippet:-1, max-image-preview:large, max-video-preview:-1\" \/>\n<link rel=\"canonical\" href=\"https:\/\/thehometownlawyers.com\/es\/abogados-de-lesiones-personales-que-prestan-servicios-en-oxford-ohio\/abogados-de-accidentes-de-camiones-que-prestan-servicios-en-oxford-ohio\/\" \/>\n<meta property=\"og:locale\" content=\"es_MX\" \/>\n<meta property=\"og:type\" content=\"article\" \/>\n<meta property=\"og:title\" content=\"Abogados de accidentes de camiones que prestan servicios en Oxford, Ohio: Consulta gratuita\" \/>\n<meta property=\"og:description\" content=\"De acuerdo con la Administraci\u00f3n Federal de Seguridad de Autotransportes, en 2017, 148,000 personas resultaron lesionadas en choques de camiones grandes\" \/>\n<meta property=\"og:url\" content=\"https:\/\/thehometownlawyers.com\/es\/abogados-de-lesiones-personales-que-prestan-servicios-en-oxford-ohio\/abogados-de-accidentes-de-camiones-que-prestan-servicios-en-oxford-ohio\/\" \/>\n<meta property=\"og:site_name\" content=\"Kruger &amp; Hodges Abogados De Lesiones\" \/>\n<meta property=\"article:publisher\" content=\"https:\/\/www.facebook.com\/KrugerHodges\/\" \/>\n<meta property=\"article:modified_time\" content=\"2025-01-31T15:51:21+00:00\" \/>\n<meta property=\"og:image\" content=\"https:\/\/thehometownlawyers.com\/wp-content\/uploads\/2026\/02\/TEAM-PHOTO-2026-scaled.jpg\" \/>\n\t<meta property=\"og:image:width\" content=\"2560\" \/>\n\t<meta property=\"og:image:height\" content=\"1689\" \/>\n\t<meta property=\"og:image:type\" content=\"image\/jpeg\" \/>\n<meta name=\"twitter:card\" content=\"summary_large_image\" \/>\n<meta name=\"twitter:label1\" content=\"Tiempo de lectura\" \/>\n\t<meta name=\"twitter:data1\" content=\"4 minutos\" \/>\n<script type=\"application\/ld+json\" class=\"yoast-schema-graph\">{\"@context\":\"https:\\\/\\\/schema.org\",\"@graph\":[{\"@type\":\"WebPage\",\"@id\":\"https:\\\/\\\/thehometownlawyers.com\\\/es\\\/abogados-de-lesiones-personales-que-prestan-servicios-en-oxford-ohio\\\/abogados-de-accidentes-de-camiones-que-prestan-servicios-en-oxford-ohio\\\/\",\"url\":\"https:\\\/\\\/thehometownlawyers.com\\\/es\\\/abogados-de-lesiones-personales-que-prestan-servicios-en-oxford-ohio\\\/abogados-de-accidentes-de-camiones-que-prestan-servicios-en-oxford-ohio\\\/\",\"name\":\"Abogados de accidentes de camiones que prestan servicios en Oxford, Ohio: Consulta gratuita\",\"isPartOf\":{\"@id\":\"https:\\\/\\\/thehometownlawyers.com\\\/es\\\/#website\"},\"primaryImageOfPage\":{\"@id\":\"https:\\\/\\\/thehometownlawyers.com\\\/es\\\/abogados-de-lesiones-personales-que-prestan-servicios-en-oxford-ohio\\\/abogados-de-accidentes-de-camiones-que-prestan-servicios-en-oxford-ohio\\\/#primaryimage\"},\"image\":{\"@id\":\"https:\\\/\\\/thehometownlawyers.com\\\/es\\\/abogados-de-lesiones-personales-que-prestan-servicios-en-oxford-ohio\\\/abogados-de-accidentes-de-camiones-que-prestan-servicios-en-oxford-ohio\\\/#primaryimage\"},\"thumbnailUrl\":\"https:\\\/\\\/thehometownlawyers.com\\\/wp-content\\\/uploads\\\/2026\\\/02\\\/TEAM-PHOTO-2026-scaled.jpg\",\"datePublished\":\"2020-03-04T21:04:05+00:00\",\"dateModified\":\"2025-01-31T15:51:21+00:00\",\"description\":\"De acuerdo con la Administraci\u00f3n Federal de Seguridad de Autotransportes, en 2017, 148,000 personas resultaron lesionadas en choques de camiones grandes\",\"breadcrumb\":{\"@id\":\"https:\\\/\\\/thehometownlawyers.com\\\/es\\\/abogados-de-lesiones-personales-que-prestan-servicios-en-oxford-ohio\\\/abogados-de-accidentes-de-camiones-que-prestan-servicios-en-oxford-ohio\\\/#breadcrumb\"},\"inLanguage\":\"es\",\"potentialAction\":[{\"@type\":\"ReadAction\",\"target\":[\"https:\\\/\\\/thehometownlawyers.com\\\/es\\\/abogados-de-lesiones-personales-que-prestan-servicios-en-oxford-ohio\\\/abogados-de-accidentes-de-camiones-que-prestan-servicios-en-oxford-ohio\\\/\"]}]},{\"@type\":\"ImageObject\",\"inLanguage\":\"es\",\"@id\":\"https:\\\/\\\/thehometownlawyers.com\\\/es\\\/abogados-de-lesiones-personales-que-prestan-servicios-en-oxford-ohio\\\/abogados-de-accidentes-de-camiones-que-prestan-servicios-en-oxford-ohio\\\/#primaryimage\",\"url\":\"https:\\\/\\\/thehometownlawyers.com\\\/wp-content\\\/uploads\\\/2026\\\/02\\\/TEAM-PHOTO-2026-scaled.jpg\",\"contentUrl\":\"https:\\\/\\\/thehometownlawyers.com\\\/wp-content\\\/uploads\\\/2026\\\/02\\\/TEAM-PHOTO-2026-scaled.jpg\",\"width\":2560,\"height\":1689,\"caption\":\"KRUGER & HODGES TEAM PHOTO\"},{\"@type\":\"BreadcrumbList\",\"@id\":\"https:\\\/\\\/thehometownlawyers.com\\\/es\\\/abogados-de-lesiones-personales-que-prestan-servicios-en-oxford-ohio\\\/abogados-de-accidentes-de-camiones-que-prestan-servicios-en-oxford-ohio\\\/#breadcrumb\",\"itemListElement\":[{\"@type\":\"ListItem\",\"position\":1,\"name\":\"Home\",\"item\":\"https:\\\/\\\/thehometownlawyers.com\\\/es\\\/\"},{\"@type\":\"ListItem\",\"position\":2,\"name\":\"Abogado de Lesiones Personales en Oxford\",\"item\":\"https:\\\/\\\/thehometownlawyers.com\\\/es\\\/abogados-de-lesiones-personales-que-prestan-servicios-en-oxford-ohio\\\/\"},{\"@type\":\"ListItem\",\"position\":3,\"name\":\"Abogado de Accidente de Cami\u00f3n en Oxford\"}]},{\"@type\":\"WebSite\",\"@id\":\"https:\\\/\\\/thehometownlawyers.com\\\/es\\\/#website\",\"url\":\"https:\\\/\\\/thehometownlawyers.com\\\/es\\\/\",\"name\":\"Kruger & Hodges Hometown Injury Lawyers | Accident Attorneys\",\"description\":\"Attorneys for Car, Truck and Motorcycle Accidents, Personal Injuries, and Criminal Defense.\",\"publisher\":{\"@id\":\"https:\\\/\\\/thehometownlawyers.com\\\/es\\\/#organization\"},\"alternateName\":\"Kruger & Hodges Personal Injury Lawyers\",\"inLanguage\":\"es\"},{\"@type\":\"Organization\",\"@id\":\"https:\\\/\\\/thehometownlawyers.com\\\/es\\\/#organization\",\"name\":\"Kruger & Hodges Hometown Injury Lawyers\",\"alternateName\":\"Kruger & Hodges Accident Attorneys\",\"url\":\"https:\\\/\\\/thehometownlawyers.com\\\/es\\\/\",\"logo\":{\"@type\":\"ImageObject\",\"inLanguage\":\"es\",\"@id\":\"https:\\\/\\\/thehometownlawyers.com\\\/es\\\/#\\\/schema\\\/logo\\\/image\\\/\",\"url\":\"https:\\\/\\\/thehometownlawyers.com\\\/wp-content\\\/uploads\\\/2025\\\/12\\\/revised-kh-logo-vertical-white-background-scaled.png\",\"contentUrl\":\"https:\\\/\\\/thehometownlawyers.com\\\/wp-content\\\/uploads\\\/2025\\\/12\\\/revised-kh-logo-vertical-white-background-scaled.png\",\"width\":2560,\"height\":1440,\"caption\":\"Kruger & Hodges Hometown Injury Lawyers\"},\"image\":{\"@id\":\"https:\\\/\\\/thehometownlawyers.com\\\/es\\\/#\\\/schema\\\/logo\\\/image\\\/\"},\"sameAs\":[\"https:\\\/\\\/www.facebook.com\\\/KrugerHodges\\\/\",\"https:\\\/\\\/www.instagram.com\\\/krugerhodges\\\/\",\"https:\\\/\\\/www.linkedin.com\\\/company\\\/kruger-hodges-hometown-injury-lawyers\\\/\",\"https:\\\/\\\/www.youtube.com\\\/channel\\\/UCeYcMaMaN2rb9jMlqt4EIdQ\",\"https:\\\/\\\/www.tiktok.com\\\/@thehometownlawyer\"]}]}<\/script>\n<!-- \/ Yoast SEO plugin. -->","yoast_head_json":{"title":"Abogados de accidentes de camiones que prestan servicios en Oxford, Ohio: Consulta gratuita","description":"De acuerdo con la Administraci\u00f3n Federal de Seguridad de Autotransportes, en 2017, 148,000 personas resultaron lesionadas en choques de camiones grandes","robots":{"index":"index","follow":"follow","max-snippet":"max-snippet:-1","max-image-preview":"max-image-preview:large","max-video-preview":"max-video-preview:-1"},"canonical":"https:\/\/thehometownlawyers.com\/es\/abogados-de-lesiones-personales-que-prestan-servicios-en-oxford-ohio\/abogados-de-accidentes-de-camiones-que-prestan-servicios-en-oxford-ohio\/","og_locale":"es_MX","og_type":"article","og_title":"Abogados de accidentes de camiones que prestan servicios en Oxford, Ohio: Consulta gratuita","og_description":"De acuerdo con la Administraci\u00f3n Federal de Seguridad de Autotransportes, en 2017, 148,000 personas resultaron lesionadas en choques de camiones grandes","og_url":"https:\/\/thehometownlawyers.com\/es\/abogados-de-lesiones-personales-que-prestan-servicios-en-oxford-ohio\/abogados-de-accidentes-de-camiones-que-prestan-servicios-en-oxford-ohio\/","og_site_name":"Kruger &amp; Hodges Abogados De Lesiones","article_publisher":"https:\/\/www.facebook.com\/KrugerHodges\/","article_modified_time":"2025-01-31T15:51:21+00:00","og_image":[{"width":2560,"height":1689,"url":"https:\/\/thehometownlawyers.com\/wp-content\/uploads\/2026\/02\/TEAM-PHOTO-2026-scaled.jpg","type":"image\/jpeg"}],"twitter_card":"summary_large_image","twitter_misc":{"Tiempo de lectura":"4 minutos"},"schema":{"@context":"https:\/\/schema.org","@graph":[{"@type":"WebPage","@id":"https:\/\/thehometownlawyers.com\/es\/abogados-de-lesiones-personales-que-prestan-servicios-en-oxford-ohio\/abogados-de-accidentes-de-camiones-que-prestan-servicios-en-oxford-ohio\/","url":"https:\/\/thehometownlawyers.com\/es\/abogados-de-lesiones-personales-que-prestan-servicios-en-oxford-ohio\/abogados-de-accidentes-de-camiones-que-prestan-servicios-en-oxford-ohio\/","name":"Abogados de accidentes de camiones que prestan servicios en Oxford, Ohio: Consulta gratuita","isPartOf":{"@id":"https:\/\/thehometownlawyers.com\/es\/#website"},"primaryImageOfPage":{"@id":"https:\/\/thehometownlawyers.com\/es\/abogados-de-lesiones-personales-que-prestan-servicios-en-oxford-ohio\/abogados-de-accidentes-de-camiones-que-prestan-servicios-en-oxford-ohio\/#primaryimage"},"image":{"@id":"https:\/\/thehometownlawyers.com\/es\/abogados-de-lesiones-personales-que-prestan-servicios-en-oxford-ohio\/abogados-de-accidentes-de-camiones-que-prestan-servicios-en-oxford-ohio\/#primaryimage"},"thumbnailUrl":"https:\/\/thehometownlawyers.com\/wp-content\/uploads\/2026\/02\/TEAM-PHOTO-2026-scaled.jpg","datePublished":"2020-03-04T21:04:05+00:00","dateModified":"2025-01-31T15:51:21+00:00","description":"De acuerdo con la Administraci\u00f3n Federal de Seguridad de Autotransportes, en 2017, 148,000 personas resultaron lesionadas en choques de camiones grandes","breadcrumb":{"@id":"https:\/\/thehometownlawyers.com\/es\/abogados-de-lesiones-personales-que-prestan-servicios-en-oxford-ohio\/abogados-de-accidentes-de-camiones-que-prestan-servicios-en-oxford-ohio\/#breadcrumb"},"inLanguage":"es","potentialAction":[{"@type":"ReadAction","target":["https:\/\/thehometownlawyers.com\/es\/abogados-de-lesiones-personales-que-prestan-servicios-en-oxford-ohio\/abogados-de-accidentes-de-camiones-que-prestan-servicios-en-oxford-ohio\/"]}]},{"@type":"ImageObject","inLanguage":"es","@id":"https:\/\/thehometownlawyers.com\/es\/abogados-de-lesiones-personales-que-prestan-servicios-en-oxford-ohio\/abogados-de-accidentes-de-camiones-que-prestan-servicios-en-oxford-ohio\/#primaryimage","url":"https:\/\/thehometownlawyers.com\/wp-content\/uploads\/2026\/02\/TEAM-PHOTO-2026-scaled.jpg","contentUrl":"https:\/\/thehometownlawyers.com\/wp-content\/uploads\/2026\/02\/TEAM-PHOTO-2026-scaled.jpg","width":2560,"height":1689,"caption":"KRUGER & HODGES TEAM PHOTO"},{"@type":"BreadcrumbList","@id":"https:\/\/thehometownlawyers.com\/es\/abogados-de-lesiones-personales-que-prestan-servicios-en-oxford-ohio\/abogados-de-accidentes-de-camiones-que-prestan-servicios-en-oxford-ohio\/#breadcrumb","itemListElement":[{"@type":"ListItem","position":1,"name":"Home","item":"https:\/\/thehometownlawyers.com\/es\/"},{"@type":"ListItem","position":2,"name":"Abogado de Lesiones Personales en Oxford","item":"https:\/\/thehometownlawyers.com\/es\/abogados-de-lesiones-personales-que-prestan-servicios-en-oxford-ohio\/"},{"@type":"ListItem","position":3,"name":"Abogado de Accidente de Cami\u00f3n en Oxford"}]},{"@type":"WebSite","@id":"https:\/\/thehometownlawyers.com\/es\/#website","url":"https:\/\/thehometownlawyers.com\/es\/","name":"Kruger & Hodges Hometown Injury Lawyers | Accident Attorneys","description":"Attorneys for Car, Truck and Motorcycle Accidents, Personal Injuries, and Criminal Defense.","publisher":{"@id":"https:\/\/thehometownlawyers.com\/es\/#organization"},"alternateName":"Kruger & Hodges Personal Injury Lawyers","inLanguage":"es"},{"@type":"Organization","@id":"https:\/\/thehometownlawyers.com\/es\/#organization","name":"Kruger & Hodges Hometown Injury Lawyers","alternateName":"Kruger & Hodges Accident Attorneys","url":"https:\/\/thehometownlawyers.com\/es\/","logo":{"@type":"ImageObject","inLanguage":"es","@id":"https:\/\/thehometownlawyers.com\/es\/#\/schema\/logo\/image\/","url":"https:\/\/thehometownlawyers.com\/wp-content\/uploads\/2025\/12\/revised-kh-logo-vertical-white-background-scaled.png","contentUrl":"https:\/\/thehometownlawyers.com\/wp-content\/uploads\/2025\/12\/revised-kh-logo-vertical-white-background-scaled.png","width":2560,"height":1440,"caption":"Kruger & Hodges Hometown Injury Lawyers"},"image":{"@id":"https:\/\/thehometownlawyers.com\/es\/#\/schema\/logo\/image\/"},"sameAs":["https:\/\/www.facebook.com\/KrugerHodges\/","https:\/\/www.instagram.com\/krugerhodges\/","https:\/\/www.linkedin.com\/company\/kruger-hodges-hometown-injury-lawyers\/","https:\/\/www.youtube.com\/channel\/UCeYcMaMaN2rb9jMlqt4EIdQ","https:\/\/www.tiktok.com\/@thehometownlawyer"]}]}},"_links":{"self":[{"href":"https:\/\/thehometownlawyers.com\/es\/wp-json\/wp\/v2\/pages\/21243","targetHints":{"allow":["GET"]}}],"collection":[{"href":"https:\/\/thehometownlawyers.com\/es\/wp-json\/wp\/v2\/pages"}],"about":[{"href":"https:\/\/thehometownlawyers.com\/es\/wp-json\/wp\/v2\/types\/page"}],"author":[{"embeddable":true,"href":"https:\/\/thehometownlawyers.com\/es\/wp-json\/wp\/v2\/users\/7"}],"replies":[{"embeddable":true,"href":"https:\/\/thehometownlawyers.com\/es\/wp-json\/wp\/v2\/comments?post=21243"}],"version-history":[{"count":0,"href":"https:\/\/thehometownlawyers.com\/es\/wp-json\/wp\/v2\/pages\/21243\/revisions"}],"up":[{"embeddable":true,"href":"https:\/\/thehometownlawyers.com\/es\/wp-json\/wp\/v2\/pages\/21248"}],"wp:featuredmedia":[{"embeddable":true,"href":"https:\/\/thehometownlawyers.com\/es\/wp-json\/wp\/v2\/media\/26406"}],"wp:attachment":[{"href":"https:\/\/thehometownlawyers.com\/es\/wp-json\/wp\/v2\/media?parent=21243"}],"wp:term":[{"taxonomy":"hc_faqs","embeddable":true,"href":"https:\/\/thehometownlawyers.com\/es\/wp-json\/wp\/v2\/hc_faqs?post=21243"},{"taxonomy":"hc_spanish_faqs","embeddable":true,"href":"https:\/\/thehometownlawyers.com\/es\/wp-json\/wp\/v2\/hc_spanish_faqs?post=21243"}],"curies":[{"name":"wp","href":"https:\/\/api.w.org\/{rel}","templated":true}]}}