{"id":21244,"date":"2020-03-09T19:54:07","date_gmt":"2020-03-09T23:54:07","guid":{"rendered":"https:\/\/thehometownlawyers.com\/?page_id=21244"},"modified":"2025-01-31T10:48:30","modified_gmt":"2025-01-31T15:48:30","slug":"abogados-de-accidentes-de-autobus-que-prestan-servicios-en-millville-ohio","status":"publish","type":"page","link":"https:\/\/thehometownlawyers.com\/es\/abogados-de-lesiones-personales-que-prestan-servicios-en-millville-ohio\/abogados-de-accidentes-de-autobus-que-prestan-servicios-en-millville-ohio\/","title":{"rendered":"Abogado de Accidente de Autob\u00fas en Millville"},"content":{"rendered":"<p>La idea de que sus hijos est\u00e9n involucrados en un accidente de autob\u00fas escolar puede ser horrible. Estar involucrado en un accidente de autob\u00fas, ya sea que se trate de un autob\u00fas de transporte p\u00fablico o de un autob\u00fas privado, tambi\u00e9n puede ser estresante, aterrador y preocupante. La buena noticia es que cuando los autobuses se ven involucrados en accidentes, las posibilidades de que los pasajeros sufran lesiones graves se reducen gracias a la forma en que est\u00e1n dise\u00f1ados los autobuses. Dicho esto, si un accidente es lo suficientemente grave, o si el autob\u00fas se vuelca, a veces las personas a\u00fan pueden sufrir lesiones graves en un accidente de autob\u00fas. Si bien las compa\u00f1\u00edas de autobuses deben tener p\u00f3lizas de seguro de l\u00edmite alto para proteger a la compa\u00f1\u00eda y a los pasajeros en caso de un choque, si varias personas resultan heridas en un accidente de autob\u00fas, a veces se pueden alcanzar estos l\u00edmites. <a href=\"https:\/\/thehometownlawyers.com\/es\/\">Kruger &amp; Hodges<\/a> Attorneys at Law es un bufete de abogados de accidentes de autob\u00fas que presta servicios en Millville, Ohio, que puede investigar todas las v\u00edas de su caso, identificar a todas las partes potencialmente responsables y luchar para ayudarlo a buscar los da\u00f1os que puede merecer seg\u00fan la ley.<\/p>\n<p>A veces, las personas sufren lesiones mientras viajan en el transporte p\u00fablico o en los autobuses escolares, incluso si no ocurre un accidente. Las v\u00edctimas pueden resbalarse y caerse en la propiedad del transporte p\u00fablico o pueden sufrir un resbal\u00f3n y una ca\u00edda mientras se desplazan en un autob\u00fas. Si result\u00f3 herido mientras viajaba en el transporte p\u00fablico en Millville, Ohio, es posible que pueda reclamar da\u00f1os por sus lesiones y p\u00e9rdidas. Sin embargo, el proceso de demandar a una agencia gubernamental a veces puede ser m\u00e1s complicado que demandar a una parte privada. Aqu\u00ed es donde podr\u00eda ser \u00fatil tener de su lado a un abogado de accidentes de autob\u00fas como Kruger &amp; Hodges Attorneys at Law.<\/p>\n<h2>\u00bfCu\u00e1les son algunos factores \u00fanicos que pueden desempe\u00f1ar un papel en un accidente de autob\u00fas?<\/h2>\n<p>Los accidentes de autob\u00fas pueden ser causados por los mismos factores que pueden conducir a cualquier otro accidente automovil\u00edstico. Estos factores pueden incluir la conducci\u00f3n distra\u00edda, la conducci\u00f3n en estado de ebriedad, el exceso de velocidad, la fatiga, la conducci\u00f3n agresiva y el incumplimiento de las normas de tr\u00e1nsito. Los autobuses comerciales y sus conductores tambi\u00e9n est\u00e1n sujetos a leyes locales y federales estrictas que rigen si un conductor est\u00e1 calificado para conducir (un conductor debe tener una licencia de conducir comercial y debe pasar ex\u00e1menes m\u00e9dicos para determinar si est\u00e1 apto para conducir). Las empresas de autobuses tambi\u00e9n deben inspeccionar adecuadamente sus veh\u00edculos y mantenerlos adecuadamente. Cuando se revienta una llanta en un autom\u00f3vil o fallan los frenos, esto puede ser desastroso, pero cuando esto sucede en un autob\u00fas grande, las consecuencias pueden ser catastr\u00f3ficas. Los conductores tambi\u00e9n deben cumplir con las estrictas leyes de horas de servicio que limitan el tiempo que un conductor puede estar detr\u00e1s del volante. Finalmente, otros factores tambi\u00e9n pueden desempe\u00f1ar un papel en los accidentes de autob\u00fas, como autobuses abarrotados, falta de atenci\u00f3n del conductor cuando los pasajeros cargan o descargan, o fallas en el equipo debido a un mantenimiento deficiente.<\/p>\n<p>Si usted o alguien a quien ama result\u00f3 herido mientras viajaba en un autob\u00fas o result\u00f3 herido en un accidente de autob\u00fas, es posible que tenga derecho a reclamar da\u00f1os por sus facturas m\u00e9dicas, salarios perdidos, gastos de rehabilitaci\u00f3n y dolor y sufrimiento. Kruger &amp; Hodges Attorneys at Law es un bufete de abogados de accidentes de autob\u00fas que presta servicios en Millville, Ohio, que puede ayudarlo. \u00bfTienes dudas sobre tus derechos? \u00bfTiene dudas sobre los pr\u00f3ximos pasos? Nuestros abogados de accidentes de autob\u00fas pueden ayudarlo.<\/p>\n<p class=\"rs-content-cta rs-content-cta-small\">Para una consulta legal gratuita, llame al <a href=\"tel:+15138943333\">513-894-3333 <\/a><\/p><h2>C\u00f3mo puede ayudarlo un bufete de abogados de accidentes de autob\u00fas que presta servicios en Millville, Ohio<\/h2>\n<p>Un bufete de abogados de accidentes de autob\u00fas que presta servicios en Millville, Ohio, puede ayudarlo con su reclamo de accidente de autob\u00fas. Ya sea que se lastim\u00f3 mientras viajaba en un autob\u00fas o se lastim\u00f3 porque un autob\u00fas choc\u00f3 contra usted mientras conduc\u00eda, Kruger &amp; Hodges Attorneys at Law es un bufete de abogados de accidentes de autob\u00fas que presta servicios en Millville, Ohio, que puede revisar su caso, estimar el valor de su reclamo. , y luchar para ayudarlo a obtener el acuerdo que puede merecer seg\u00fan la ley. <a href=\"https:\/\/thehometownlawyers.com\/es\/contacto\/\">Comun\u00edquese con nuestro bufete de abogados<\/a> hoy para obtener m\u00e1s informaci\u00f3n.<\/p>\n<p class=\"rs-content-cta rs-content-cta-small\">Llame o env\u00ede un mensaje de texto al <a href=\"tel:+15138943333\">513-894-3333<\/a> o complete una <a href=\"\/es\/contacto\/\">evaluaci\u00f3n gratuita de su caso<\/a><\/p>","protected":false},"excerpt":{"rendered":"<p>La idea de que sus hijos est\u00e9n involucrados en un accidente de autob\u00fas escolar puede ser horrible. Estar involucrado en un accidente de autob\u00fas, ya sea que se trate de un autob\u00fas de transporte p\u00fablico o de un autob\u00fas privado, tambi\u00e9n puede ser estresante, aterrador y preocupante. La buena noticia es que cuando los autobuses &#8230;<\/p>\n","protected":false},"author":7,"featured_media":24510,"parent":21233,"menu_order":0,"comment_status":"closed","ping_status":"closed","template":"","meta":{"_acf_changed":false,"inline_featured_image":false,"_genesis_hide_title":false,"_genesis_hide_breadcrumbs":false,"_genesis_hide_singular_image":false,"_genesis_hide_footer_widgets":false,"_genesis_custom_body_class":"","_genesis_custom_post_class":"","_genesis_layout":"","footnotes":""},"hc_faqs":[],"hc_spanish_faqs":[],"class_list":{"0":"post-21244","1":"page","2":"type-page","3":"status-publish","4":"has-post-thumbnail","6":"hc_city_location-millville-es","7":"entry"},"acf":[],"yoast_head":"<!-- This site is optimized with the Yoast SEO plugin v27.3 - https:\/\/yoast.com\/product\/yoast-seo-wordpress\/ -->\n<title>Abogados de accidentes de autob\u00fas que prestan servicios en Millville, Ohio: Consulta gratuita<\/title>\n<meta name=\"description\" content=\"La idea de que sus hijos est\u00e9n involucrados en un accidente de autob\u00fas escolar puede ser horrible. Estar involucrado en un accidente de autob\u00fas, ya sea\" \/>\n<meta name=\"robots\" content=\"index, follow, max-snippet:-1, max-image-preview:large, max-video-preview:-1\" \/>\n<link rel=\"canonical\" href=\"https:\/\/thehometownlawyers.com\/es\/abogados-de-lesiones-personales-que-prestan-servicios-en-millville-ohio\/abogados-de-accidentes-de-autobus-que-prestan-servicios-en-millville-ohio\/\" \/>\n<meta property=\"og:locale\" content=\"es_MX\" \/>\n<meta property=\"og:type\" content=\"article\" \/>\n<meta property=\"og:title\" content=\"Abogados de accidentes de autob\u00fas que prestan servicios en Millville, Ohio: Consulta gratuita\" \/>\n<meta property=\"og:description\" content=\"La idea de que sus hijos est\u00e9n involucrados en un accidente de autob\u00fas escolar puede ser horrible. Estar involucrado en un accidente de autob\u00fas, ya sea\" \/>\n<meta property=\"og:url\" content=\"https:\/\/thehometownlawyers.com\/es\/abogados-de-lesiones-personales-que-prestan-servicios-en-millville-ohio\/abogados-de-accidentes-de-autobus-que-prestan-servicios-en-millville-ohio\/\" \/>\n<meta property=\"og:site_name\" content=\"Kruger &amp; Hodges Abogados De Lesiones\" \/>\n<meta property=\"article:publisher\" content=\"https:\/\/www.facebook.com\/KrugerHodges\/\" \/>\n<meta property=\"article:modified_time\" content=\"2025-01-31T15:48:30+00:00\" \/>\n<meta property=\"og:image\" content=\"https:\/\/thehometownlawyers.com\/wp-content\/uploads\/2021\/08\/bus-interior-seats.jpg\" \/>\n\t<meta property=\"og:image:width\" content=\"1920\" \/>\n\t<meta property=\"og:image:height\" content=\"1080\" \/>\n\t<meta property=\"og:image:type\" content=\"image\/jpeg\" \/>\n<meta name=\"twitter:card\" content=\"summary_large_image\" \/>\n<meta name=\"twitter:label1\" content=\"Tiempo de lectura\" \/>\n\t<meta name=\"twitter:data1\" content=\"4 minutos\" \/>\n<script type=\"application\/ld+json\" class=\"yoast-schema-graph\">{\"@context\":\"https:\\\/\\\/schema.org\",\"@graph\":[{\"@type\":\"WebPage\",\"@id\":\"https:\\\/\\\/thehometownlawyers.com\\\/es\\\/abogados-de-lesiones-personales-que-prestan-servicios-en-millville-ohio\\\/abogados-de-accidentes-de-autobus-que-prestan-servicios-en-millville-ohio\\\/\",\"url\":\"https:\\\/\\\/thehometownlawyers.com\\\/es\\\/abogados-de-lesiones-personales-que-prestan-servicios-en-millville-ohio\\\/abogados-de-accidentes-de-autobus-que-prestan-servicios-en-millville-ohio\\\/\",\"name\":\"Abogados de accidentes de autob\u00fas que prestan servicios en Millville, Ohio: Consulta gratuita\",\"isPartOf\":{\"@id\":\"https:\\\/\\\/thehometownlawyers.com\\\/es\\\/#website\"},\"primaryImageOfPage\":{\"@id\":\"https:\\\/\\\/thehometownlawyers.com\\\/es\\\/abogados-de-lesiones-personales-que-prestan-servicios-en-millville-ohio\\\/abogados-de-accidentes-de-autobus-que-prestan-servicios-en-millville-ohio\\\/#primaryimage\"},\"image\":{\"@id\":\"https:\\\/\\\/thehometownlawyers.com\\\/es\\\/abogados-de-lesiones-personales-que-prestan-servicios-en-millville-ohio\\\/abogados-de-accidentes-de-autobus-que-prestan-servicios-en-millville-ohio\\\/#primaryimage\"},\"thumbnailUrl\":\"https:\\\/\\\/thehometownlawyers.com\\\/wp-content\\\/uploads\\\/2025\\\/03\\\/millville-bus-accident-lawyer.jpg\",\"datePublished\":\"2020-03-09T23:54:07+00:00\",\"dateModified\":\"2025-01-31T15:48:30+00:00\",\"description\":\"La idea de que sus hijos est\u00e9n involucrados en un accidente de autob\u00fas escolar puede ser horrible. Estar involucrado en un accidente de autob\u00fas, ya sea\",\"breadcrumb\":{\"@id\":\"https:\\\/\\\/thehometownlawyers.com\\\/es\\\/abogados-de-lesiones-personales-que-prestan-servicios-en-millville-ohio\\\/abogados-de-accidentes-de-autobus-que-prestan-servicios-en-millville-ohio\\\/#breadcrumb\"},\"inLanguage\":\"es\",\"potentialAction\":[{\"@type\":\"ReadAction\",\"target\":[\"https:\\\/\\\/thehometownlawyers.com\\\/es\\\/abogados-de-lesiones-personales-que-prestan-servicios-en-millville-ohio\\\/abogados-de-accidentes-de-autobus-que-prestan-servicios-en-millville-ohio\\\/\"]}]},{\"@type\":\"ImageObject\",\"inLanguage\":\"es\",\"@id\":\"https:\\\/\\\/thehometownlawyers.com\\\/es\\\/abogados-de-lesiones-personales-que-prestan-servicios-en-millville-ohio\\\/abogados-de-accidentes-de-autobus-que-prestan-servicios-en-millville-ohio\\\/#primaryimage\",\"url\":\"https:\\\/\\\/thehometownlawyers.com\\\/wp-content\\\/uploads\\\/2025\\\/03\\\/millville-bus-accident-lawyer.jpg\",\"contentUrl\":\"https:\\\/\\\/thehometownlawyers.com\\\/wp-content\\\/uploads\\\/2025\\\/03\\\/millville-bus-accident-lawyer.jpg\",\"width\":768,\"height\":514,\"caption\":\"Bus accident lawyer in Milville, Ohio\"},{\"@type\":\"BreadcrumbList\",\"@id\":\"https:\\\/\\\/thehometownlawyers.com\\\/es\\\/abogados-de-lesiones-personales-que-prestan-servicios-en-millville-ohio\\\/abogados-de-accidentes-de-autobus-que-prestan-servicios-en-millville-ohio\\\/#breadcrumb\",\"itemListElement\":[{\"@type\":\"ListItem\",\"position\":1,\"name\":\"Home\",\"item\":\"https:\\\/\\\/thehometownlawyers.com\\\/es\\\/\"},{\"@type\":\"ListItem\",\"position\":2,\"name\":\"Abogado de Lesiones Personales en Millville\",\"item\":\"https:\\\/\\\/thehometownlawyers.com\\\/es\\\/abogados-de-lesiones-personales-que-prestan-servicios-en-millville-ohio\\\/\"},{\"@type\":\"ListItem\",\"position\":3,\"name\":\"Abogado de Accidente de Autob\u00fas en Millville\"}]},{\"@type\":\"WebSite\",\"@id\":\"https:\\\/\\\/thehometownlawyers.com\\\/es\\\/#website\",\"url\":\"https:\\\/\\\/thehometownlawyers.com\\\/es\\\/\",\"name\":\"Kruger & Hodges Hometown Injury Lawyers | Accident Attorneys\",\"description\":\"Attorneys for Car, Truck and Motorcycle Accidents, Personal Injuries, and Criminal Defense.\",\"publisher\":{\"@id\":\"https:\\\/\\\/thehometownlawyers.com\\\/es\\\/#organization\"},\"alternateName\":\"Kruger & Hodges Personal Injury Lawyers\",\"inLanguage\":\"es\"},{\"@type\":\"Organization\",\"@id\":\"https:\\\/\\\/thehometownlawyers.com\\\/es\\\/#organization\",\"name\":\"Kruger & Hodges Hometown Injury Lawyers\",\"alternateName\":\"Kruger & Hodges\",\"url\":\"https:\\\/\\\/thehometownlawyers.com\\\/es\\\/\",\"logo\":{\"@type\":\"ImageObject\",\"inLanguage\":\"es\",\"@id\":\"https:\\\/\\\/thehometownlawyers.com\\\/es\\\/#\\\/schema\\\/logo\\\/image\\\/\",\"url\":\"https:\\\/\\\/thehometownlawyers.com\\\/wp-content\\\/uploads\\\/2025\\\/12\\\/revised-kh-logo-vertical-white-background-scaled.png\",\"contentUrl\":\"https:\\\/\\\/thehometownlawyers.com\\\/wp-content\\\/uploads\\\/2025\\\/12\\\/revised-kh-logo-vertical-white-background-scaled.png\",\"width\":2560,\"height\":1440,\"caption\":\"Kruger & Hodges Hometown Injury Lawyers\"},\"image\":{\"@id\":\"https:\\\/\\\/thehometownlawyers.com\\\/es\\\/#\\\/schema\\\/logo\\\/image\\\/\"},\"sameAs\":[\"https:\\\/\\\/www.facebook.com\\\/KrugerHodges\\\/\",\"https:\\\/\\\/www.instagram.com\\\/krugerhodges\\\/\",\"https:\\\/\\\/www.linkedin.com\\\/company\\\/kruger-hodges-hometown-injury-lawyers\\\/\",\"https:\\\/\\\/www.youtube.com\\\/channel\\\/UCeYcMaMaN2rb9jMlqt4EIdQ\",\"https:\\\/\\\/www.tiktok.com\\\/@thehometownlawyer\"]}]}<\/script>\n<!-- \/ Yoast SEO plugin. -->","yoast_head_json":{"title":"Abogados de accidentes de autob\u00fas que prestan servicios en Millville, Ohio: Consulta gratuita","description":"La idea de que sus hijos est\u00e9n involucrados en un accidente de autob\u00fas escolar puede ser horrible. Estar involucrado en un accidente de autob\u00fas, ya sea","robots":{"index":"index","follow":"follow","max-snippet":"max-snippet:-1","max-image-preview":"max-image-preview:large","max-video-preview":"max-video-preview:-1"},"canonical":"https:\/\/thehometownlawyers.com\/es\/abogados-de-lesiones-personales-que-prestan-servicios-en-millville-ohio\/abogados-de-accidentes-de-autobus-que-prestan-servicios-en-millville-ohio\/","og_locale":"es_MX","og_type":"article","og_title":"Abogados de accidentes de autob\u00fas que prestan servicios en Millville, Ohio: Consulta gratuita","og_description":"La idea de que sus hijos est\u00e9n involucrados en un accidente de autob\u00fas escolar puede ser horrible. Estar involucrado en un accidente de autob\u00fas, ya sea","og_url":"https:\/\/thehometownlawyers.com\/es\/abogados-de-lesiones-personales-que-prestan-servicios-en-millville-ohio\/abogados-de-accidentes-de-autobus-que-prestan-servicios-en-millville-ohio\/","og_site_name":"Kruger &amp; Hodges Abogados De Lesiones","article_publisher":"https:\/\/www.facebook.com\/KrugerHodges\/","article_modified_time":"2025-01-31T15:48:30+00:00","og_image":[{"width":1920,"height":1080,"url":"https:\/\/thehometownlawyers.com\/wp-content\/uploads\/2021\/08\/bus-interior-seats.jpg","type":"image\/jpeg"}],"twitter_card":"summary_large_image","twitter_misc":{"Tiempo de lectura":"4 minutos"},"schema":{"@context":"https:\/\/schema.org","@graph":[{"@type":"WebPage","@id":"https:\/\/thehometownlawyers.com\/es\/abogados-de-lesiones-personales-que-prestan-servicios-en-millville-ohio\/abogados-de-accidentes-de-autobus-que-prestan-servicios-en-millville-ohio\/","url":"https:\/\/thehometownlawyers.com\/es\/abogados-de-lesiones-personales-que-prestan-servicios-en-millville-ohio\/abogados-de-accidentes-de-autobus-que-prestan-servicios-en-millville-ohio\/","name":"Abogados de accidentes de autob\u00fas que prestan servicios en Millville, Ohio: Consulta gratuita","isPartOf":{"@id":"https:\/\/thehometownlawyers.com\/es\/#website"},"primaryImageOfPage":{"@id":"https:\/\/thehometownlawyers.com\/es\/abogados-de-lesiones-personales-que-prestan-servicios-en-millville-ohio\/abogados-de-accidentes-de-autobus-que-prestan-servicios-en-millville-ohio\/#primaryimage"},"image":{"@id":"https:\/\/thehometownlawyers.com\/es\/abogados-de-lesiones-personales-que-prestan-servicios-en-millville-ohio\/abogados-de-accidentes-de-autobus-que-prestan-servicios-en-millville-ohio\/#primaryimage"},"thumbnailUrl":"https:\/\/thehometownlawyers.com\/wp-content\/uploads\/2025\/03\/millville-bus-accident-lawyer.jpg","datePublished":"2020-03-09T23:54:07+00:00","dateModified":"2025-01-31T15:48:30+00:00","description":"La idea de que sus hijos est\u00e9n involucrados en un accidente de autob\u00fas escolar puede ser horrible. Estar involucrado en un accidente de autob\u00fas, ya sea","breadcrumb":{"@id":"https:\/\/thehometownlawyers.com\/es\/abogados-de-lesiones-personales-que-prestan-servicios-en-millville-ohio\/abogados-de-accidentes-de-autobus-que-prestan-servicios-en-millville-ohio\/#breadcrumb"},"inLanguage":"es","potentialAction":[{"@type":"ReadAction","target":["https:\/\/thehometownlawyers.com\/es\/abogados-de-lesiones-personales-que-prestan-servicios-en-millville-ohio\/abogados-de-accidentes-de-autobus-que-prestan-servicios-en-millville-ohio\/"]}]},{"@type":"ImageObject","inLanguage":"es","@id":"https:\/\/thehometownlawyers.com\/es\/abogados-de-lesiones-personales-que-prestan-servicios-en-millville-ohio\/abogados-de-accidentes-de-autobus-que-prestan-servicios-en-millville-ohio\/#primaryimage","url":"https:\/\/thehometownlawyers.com\/wp-content\/uploads\/2025\/03\/millville-bus-accident-lawyer.jpg","contentUrl":"https:\/\/thehometownlawyers.com\/wp-content\/uploads\/2025\/03\/millville-bus-accident-lawyer.jpg","width":768,"height":514,"caption":"Bus accident lawyer in Milville, Ohio"},{"@type":"BreadcrumbList","@id":"https:\/\/thehometownlawyers.com\/es\/abogados-de-lesiones-personales-que-prestan-servicios-en-millville-ohio\/abogados-de-accidentes-de-autobus-que-prestan-servicios-en-millville-ohio\/#breadcrumb","itemListElement":[{"@type":"ListItem","position":1,"name":"Home","item":"https:\/\/thehometownlawyers.com\/es\/"},{"@type":"ListItem","position":2,"name":"Abogado de Lesiones Personales en Millville","item":"https:\/\/thehometownlawyers.com\/es\/abogados-de-lesiones-personales-que-prestan-servicios-en-millville-ohio\/"},{"@type":"ListItem","position":3,"name":"Abogado de Accidente de Autob\u00fas en Millville"}]},{"@type":"WebSite","@id":"https:\/\/thehometownlawyers.com\/es\/#website","url":"https:\/\/thehometownlawyers.com\/es\/","name":"Kruger & Hodges Hometown Injury Lawyers | Accident Attorneys","description":"Attorneys for Car, Truck and Motorcycle Accidents, Personal Injuries, and Criminal Defense.","publisher":{"@id":"https:\/\/thehometownlawyers.com\/es\/#organization"},"alternateName":"Kruger & Hodges Personal Injury Lawyers","inLanguage":"es"},{"@type":"Organization","@id":"https:\/\/thehometownlawyers.com\/es\/#organization","name":"Kruger & Hodges Hometown Injury Lawyers","alternateName":"Kruger & Hodges","url":"https:\/\/thehometownlawyers.com\/es\/","logo":{"@type":"ImageObject","inLanguage":"es","@id":"https:\/\/thehometownlawyers.com\/es\/#\/schema\/logo\/image\/","url":"https:\/\/thehometownlawyers.com\/wp-content\/uploads\/2025\/12\/revised-kh-logo-vertical-white-background-scaled.png","contentUrl":"https:\/\/thehometownlawyers.com\/wp-content\/uploads\/2025\/12\/revised-kh-logo-vertical-white-background-scaled.png","width":2560,"height":1440,"caption":"Kruger & Hodges Hometown Injury Lawyers"},"image":{"@id":"https:\/\/thehometownlawyers.com\/es\/#\/schema\/logo\/image\/"},"sameAs":["https:\/\/www.facebook.com\/KrugerHodges\/","https:\/\/www.instagram.com\/krugerhodges\/","https:\/\/www.linkedin.com\/company\/kruger-hodges-hometown-injury-lawyers\/","https:\/\/www.youtube.com\/channel\/UCeYcMaMaN2rb9jMlqt4EIdQ","https:\/\/www.tiktok.com\/@thehometownlawyer"]}]}},"_links":{"self":[{"href":"https:\/\/thehometownlawyers.com\/es\/wp-json\/wp\/v2\/pages\/21244","targetHints":{"allow":["GET"]}}],"collection":[{"href":"https:\/\/thehometownlawyers.com\/es\/wp-json\/wp\/v2\/pages"}],"about":[{"href":"https:\/\/thehometownlawyers.com\/es\/wp-json\/wp\/v2\/types\/page"}],"author":[{"embeddable":true,"href":"https:\/\/thehometownlawyers.com\/es\/wp-json\/wp\/v2\/users\/7"}],"replies":[{"embeddable":true,"href":"https:\/\/thehometownlawyers.com\/es\/wp-json\/wp\/v2\/comments?post=21244"}],"version-history":[{"count":0,"href":"https:\/\/thehometownlawyers.com\/es\/wp-json\/wp\/v2\/pages\/21244\/revisions"}],"up":[{"embeddable":true,"href":"https:\/\/thehometownlawyers.com\/es\/wp-json\/wp\/v2\/pages\/21233"}],"wp:featuredmedia":[{"embeddable":true,"href":"https:\/\/thehometownlawyers.com\/es\/wp-json\/wp\/v2\/media\/24510"}],"wp:attachment":[{"href":"https:\/\/thehometownlawyers.com\/es\/wp-json\/wp\/v2\/media?parent=21244"}],"wp:term":[{"taxonomy":"hc_faqs","embeddable":true,"href":"https:\/\/thehometownlawyers.com\/es\/wp-json\/wp\/v2\/hc_faqs?post=21244"},{"taxonomy":"hc_spanish_faqs","embeddable":true,"href":"https:\/\/thehometownlawyers.com\/es\/wp-json\/wp\/v2\/hc_spanish_faqs?post=21244"}],"curies":[{"name":"wp","href":"https:\/\/api.w.org\/{rel}","templated":true}]}}