{"id":21245,"date":"2020-03-09T19:04:20","date_gmt":"2020-03-09T23:04:20","guid":{"rendered":"https:\/\/thehometownlawyers.com\/?page_id=21245"},"modified":"2025-02-05T15:44:51","modified_gmt":"2025-02-05T20:44:51","slug":"abogados-de-accidentes-por-conducir-ebrio-que-prestan-servicios-en-new-miami-ohio","status":"publish","type":"page","link":"https:\/\/thehometownlawyers.com\/es\/abogados-de-lesiones-personales-que-prestan-servicios-en-new-miami-ohio\/abogados-de-accidentes-por-conducir-ebrio-que-prestan-servicios-en-new-miami-ohio\/","title":{"rendered":"Abogado de Accidente por Conducir Ebrio en New Miami"},"content":{"rendered":"<p>Kruger &amp; Hodges Attorneys at Law es un bufete de abogados de accidentes por conducir ebrio que presta servicios en New Miami, Ohio, que puede ayudarlo si usted o un ser querido result\u00f3 herido en un accidente por conducir ebrio. Seg\u00fan <a href=\"https:\/\/madd.org\/\" target=\"_blank\" rel=\"noopener\">Mothers Against Drunk Driving<\/a> , aproximadamente 300,000 personas resultan heridas cada a\u00f1o en choques por conducir ebrio y otras 10,511 personas pierden la vida. Si usted o alguien a quien ama result\u00f3 herido en un accidente debido a un conductor ebrio, es posible que tenga muchas preguntas y se pregunte qu\u00e9 puede hacer a continuaci\u00f3n. Las consecuencias de un accidente por conducir ebrio pueden dejar a las v\u00edctimas y sus familias en estado de shock, luchando para llegar a fin de mes y adapt\u00e1ndose a la vida con una discapacidad o lesiones graves. Las v\u00edctimas de conductores ebrios pueden tener derecho a reclamar da\u00f1os y perjuicios a los conductores ebrios y sus aseguradoras. Es posible que tenga derecho a solicitar una compensaci\u00f3n por sus costos m\u00e9dicos, gastos de rehabilitaci\u00f3n, salarios perdidos, da\u00f1os por dolor y sufrimiento y otras p\u00e9rdidas. Los abogados de accidentes por conducir ebrio de Kruger &amp; Hodges Attorneys at Law que prestan servicios en New Miami, Ohio, pueden ayudarlo con su reclamo si result\u00f3 herido debido a que otra persona decidi\u00f3 beber y conducir. Nuestros abogados pueden estimar el valor de su reclamo, luchar para ayudarlo a buscar da\u00f1os por su salario perdido y trabajar con usted para ayudarlo a obtener la justicia que merece de las partes negligentes.<\/p>\n<h2>\u00bfCu\u00e1nto tiempo le toma a un conductor estar sobrio?<\/h2>\n<p>El tiempo que le tomar\u00e1 a un conductor recuperar la sobriedad depende de m\u00faltiples factores, como cu\u00e1nto ha bebido una persona y qu\u00e9 tan r\u00e1pido su cuerpo metaboliza el alcohol. Para las personas que beben en exceso o que beben bastante alcohol la noche anterior o tarde en la noche, la persona a\u00fan podr\u00eda estar t\u00e9cnicamente demasiado borracha para conducir por la ma\u00f1ana. Es posible que su nivel de alcohol en la sangre siga siendo demasiado alto. Seg\u00fan la <a href=\"https:\/\/uhs.umich.edu\/time-to-sober-up\" target=\"_blank\" rel=\"noopener\">Universidad de Michigan<\/a> , el alcohol abandona el cuerpo a una tasa de 0,015% por hora. Para estar seguro, esto significa que una persona puede eliminar alrededor de medio trago cada hora. Entonces, si solo bebe una bebida, generalmente debe esperar un par de horas para conducir, y si tiene dos, es posible que deba esperar cuatro horas antes de que pueda conducir con seguridad. Por supuesto, estas estimaciones variar\u00e1n seg\u00fan el tipo de cuerpo, el metabolismo, si consumi\u00f3 alimentos con alcohol y qu\u00e9 tan r\u00e1pido su cuerpo metaboliza el alcohol. B\u00e1sicamente, en caso de duda, no conduzca.<\/p>\n<p>Las consecuencias de beber y conducir pueden ser graves. Es posible que las personas no solo enfrenten cargos penales, sino que tambi\u00e9n pueden enfrentar demandas de v\u00edctimas que pueden haber resultado heridas o muertas en un accidente. Evitar beber y conducir es una de las maneras m\u00e1s f\u00e1ciles de prevenir accidentes. Desafortunadamente, a veces las personas eligen beber y conducir con graves consecuencias. Si usted o alguien a quien ama result\u00f3 herido en un accidente por conducir ebrio, considere hablar con los abogados de accidentes por conducir ebrio de <a href=\"https:\/\/thehometownlawyers.com\/es\/\">Kruger &amp; Hodges<\/a> Attorneys at Law en New Miami, Ohio. Nuestros abogados pueden ayudarle.<\/p>\n<p class=\"rs-content-cta rs-content-cta-small\">Para una consulta legal gratuita, llame al <a href=\"tel:+15138943333\">513-894-3333 <\/a><\/p><h2>Buscando justicia para las v\u00edctimas de conductores ebrios<\/h2>\n<p>Kruger &amp; Hodges Attorneys at Law es un bufete de abogados de accidentes por conducir ebrio que presta servicios en New Miami, Ohio, que puede ayudarlo si ha resultado herido debido a las acciones de un conductor ebrio. Cuando las v\u00edctimas y las familias responsabilizan a los conductores ebrios por sus acciones, env\u00edan un fuerte mensaje a la comunidad: no se tolera conducir ebrio, y le costar\u00e1 a usted. Las v\u00edctimas pueden tener derecho a reclamar da\u00f1os por sus costos m\u00e9dicos, gastos de rehabilitaci\u00f3n, salarios perdidos y da\u00f1os por dolor y sufrimiento. \u00bfTiene preguntas sobre sus derechos? <a href=\"https:\/\/thehometownlawyers.com\/es\/contacto\/\">P\u00f3ngase en contacto con Kruger &amp; Hodges<\/a> Attorneys at Law, abogados de accidentes por conducir ebrio que prestan servicios en New Miami, Ohio hoy.<\/p>\n<p class=\"rs-content-cta rs-content-cta-small\">Llame o env\u00ede un mensaje de texto al <a href=\"tel:+15138943333\">513-894-3333<\/a> o complete una <a href=\"\/es\/contacto\/\">evaluaci\u00f3n gratuita de su caso<\/a><\/p>","protected":false},"excerpt":{"rendered":"<p>Kruger &amp; Hodges Attorneys at Law es un bufete de abogados de accidentes por conducir ebrio que presta servicios en New Miami, Ohio, que puede ayudarlo si usted o un ser querido result\u00f3 herido en un accidente por conducir ebrio. Seg\u00fan Mothers Against Drunk Driving , aproximadamente 300,000 personas resultan heridas cada a\u00f1o en choques &#8230;<\/p>\n","protected":false},"author":7,"featured_media":20806,"parent":21237,"menu_order":0,"comment_status":"closed","ping_status":"closed","template":"","meta":{"_acf_changed":false,"inline_featured_image":false,"_genesis_hide_title":false,"_genesis_hide_breadcrumbs":false,"_genesis_hide_singular_image":false,"_genesis_hide_footer_widgets":false,"_genesis_custom_body_class":"","_genesis_custom_post_class":"","_genesis_layout":"","footnotes":""},"hc_faqs":[],"hc_spanish_faqs":[],"class_list":{"0":"post-21245","1":"page","2":"type-page","3":"status-publish","4":"has-post-thumbnail","6":"hc_city_location-new-miami-es","7":"entry"},"acf":[],"yoast_head":"<!-- This site is optimized with the Yoast SEO plugin v27.2 - https:\/\/yoast.com\/product\/yoast-seo-wordpress\/ -->\n<title>Abogado de Accidente por Conducir Ebrio en New Miami | Consulta Gratuita<\/title>\n<meta name=\"description\" content=\"Kruger &amp; Hodges Attorneys at Law es un bufete de abogados de accidentes por conducir ebrio que presta servicios en New Miami, Ohio, que puede ayudarlo\" \/>\n<meta name=\"robots\" content=\"index, follow, max-snippet:-1, max-image-preview:large, max-video-preview:-1\" \/>\n<link rel=\"canonical\" href=\"https:\/\/thehometownlawyers.com\/es\/abogados-de-lesiones-personales-que-prestan-servicios-en-new-miami-ohio\/abogados-de-accidentes-por-conducir-ebrio-que-prestan-servicios-en-new-miami-ohio\/\" \/>\n<meta property=\"og:locale\" content=\"es_MX\" \/>\n<meta property=\"og:type\" content=\"article\" \/>\n<meta property=\"og:title\" content=\"Abogado de Accidente por Conducir Ebrio en New Miami | Consulta Gratuita\" \/>\n<meta property=\"og:description\" content=\"Kruger &amp; Hodges Attorneys at Law es un bufete de abogados de accidentes por conducir ebrio que presta servicios en New Miami, Ohio, que puede ayudarlo\" \/>\n<meta property=\"og:url\" content=\"https:\/\/thehometownlawyers.com\/es\/abogados-de-lesiones-personales-que-prestan-servicios-en-new-miami-ohio\/abogados-de-accidentes-por-conducir-ebrio-que-prestan-servicios-en-new-miami-ohio\/\" \/>\n<meta property=\"og:site_name\" content=\"Kruger &amp; Hodges Abogados De Lesiones\" \/>\n<meta property=\"article:publisher\" content=\"https:\/\/www.facebook.com\/KrugerHodges\/\" \/>\n<meta property=\"article:modified_time\" content=\"2025-02-05T20:44:51+00:00\" \/>\n<meta property=\"og:image\" content=\"https:\/\/thehometownlawyers.com\/wp-content\/uploads\/2021\/08\/dui-breathalizer.jpg\" \/>\n\t<meta property=\"og:image:width\" content=\"1920\" \/>\n\t<meta property=\"og:image:height\" content=\"1080\" \/>\n\t<meta property=\"og:image:type\" content=\"image\/jpeg\" \/>\n<meta name=\"twitter:card\" content=\"summary_large_image\" \/>\n<meta name=\"twitter:label1\" content=\"Tiempo de lectura\" \/>\n\t<meta name=\"twitter:data1\" content=\"4 minutos\" \/>\n<script type=\"application\/ld+json\" class=\"yoast-schema-graph\">{\"@context\":\"https:\/\/schema.org\",\"@graph\":[{\"@type\":\"WebPage\",\"@id\":\"https:\/\/thehometownlawyers.com\/es\/abogados-de-lesiones-personales-que-prestan-servicios-en-new-miami-ohio\/abogados-de-accidentes-por-conducir-ebrio-que-prestan-servicios-en-new-miami-ohio\/\",\"url\":\"https:\/\/thehometownlawyers.com\/es\/abogados-de-lesiones-personales-que-prestan-servicios-en-new-miami-ohio\/abogados-de-accidentes-por-conducir-ebrio-que-prestan-servicios-en-new-miami-ohio\/\",\"name\":\"Abogado de Accidente por Conducir Ebrio en New Miami | Consulta Gratuita\",\"isPartOf\":{\"@id\":\"https:\/\/thehometownlawyers.com\/es\/#website\"},\"primaryImageOfPage\":{\"@id\":\"https:\/\/thehometownlawyers.com\/es\/abogados-de-lesiones-personales-que-prestan-servicios-en-new-miami-ohio\/abogados-de-accidentes-por-conducir-ebrio-que-prestan-servicios-en-new-miami-ohio\/#primaryimage\"},\"image\":{\"@id\":\"https:\/\/thehometownlawyers.com\/es\/abogados-de-lesiones-personales-que-prestan-servicios-en-new-miami-ohio\/abogados-de-accidentes-por-conducir-ebrio-que-prestan-servicios-en-new-miami-ohio\/#primaryimage\"},\"thumbnailUrl\":\"https:\/\/thehometownlawyers.com\/wp-content\/uploads\/2021\/08\/dui-breathalizer.jpg\",\"datePublished\":\"2020-03-09T23:04:20+00:00\",\"dateModified\":\"2025-02-05T20:44:51+00:00\",\"description\":\"Kruger &amp; Hodges Attorneys at Law es un bufete de abogados de accidentes por conducir ebrio que presta servicios en New Miami, Ohio, que puede ayudarlo\",\"breadcrumb\":{\"@id\":\"https:\/\/thehometownlawyers.com\/es\/abogados-de-lesiones-personales-que-prestan-servicios-en-new-miami-ohio\/abogados-de-accidentes-por-conducir-ebrio-que-prestan-servicios-en-new-miami-ohio\/#breadcrumb\"},\"inLanguage\":\"es\",\"potentialAction\":[{\"@type\":\"ReadAction\",\"target\":[\"https:\/\/thehometownlawyers.com\/es\/abogados-de-lesiones-personales-que-prestan-servicios-en-new-miami-ohio\/abogados-de-accidentes-por-conducir-ebrio-que-prestan-servicios-en-new-miami-ohio\/\"]}]},{\"@type\":\"ImageObject\",\"inLanguage\":\"es\",\"@id\":\"https:\/\/thehometownlawyers.com\/es\/abogados-de-lesiones-personales-que-prestan-servicios-en-new-miami-ohio\/abogados-de-accidentes-por-conducir-ebrio-que-prestan-servicios-en-new-miami-ohio\/#primaryimage\",\"url\":\"https:\/\/thehometownlawyers.com\/wp-content\/uploads\/2021\/08\/dui-breathalizer.jpg\",\"contentUrl\":\"https:\/\/thehometownlawyers.com\/wp-content\/uploads\/2021\/08\/dui-breathalizer.jpg\",\"width\":1920,\"height\":1080,\"caption\":\"dando una prueba de alcoholemia al conductor\"},{\"@type\":\"BreadcrumbList\",\"@id\":\"https:\/\/thehometownlawyers.com\/es\/abogados-de-lesiones-personales-que-prestan-servicios-en-new-miami-ohio\/abogados-de-accidentes-por-conducir-ebrio-que-prestan-servicios-en-new-miami-ohio\/#breadcrumb\",\"itemListElement\":[{\"@type\":\"ListItem\",\"position\":1,\"name\":\"Home\",\"item\":\"https:\/\/thehometownlawyers.com\/es\/\"},{\"@type\":\"ListItem\",\"position\":2,\"name\":\"Abogado de Lesiones Personales en New Miami\",\"item\":\"https:\/\/thehometownlawyers.com\/es\/abogados-de-lesiones-personales-que-prestan-servicios-en-new-miami-ohio\/\"},{\"@type\":\"ListItem\",\"position\":3,\"name\":\"Abogado de Accidente por Conducir Ebrio en New Miami\"}]},{\"@type\":\"WebSite\",\"@id\":\"https:\/\/thehometownlawyers.com\/es\/#website\",\"url\":\"https:\/\/thehometownlawyers.com\/es\/\",\"name\":\"Kruger & Hodges Hometown Injury Lawyers | Accident Attorneys\",\"description\":\"Attorneys for Car, Truck and Motorcycle Accidents, Personal Injuries, and Criminal Defense.\",\"publisher\":{\"@id\":\"https:\/\/thehometownlawyers.com\/es\/#organization\"},\"alternateName\":\"Kruger & Hodges Personal Injury Lawyers\",\"inLanguage\":\"es\"},{\"@type\":\"Organization\",\"@id\":\"https:\/\/thehometownlawyers.com\/es\/#organization\",\"name\":\"Kruger & Hodges Hometown Injury Lawyers\",\"alternateName\":\"Kruger & Hodges Accident Attorneys\",\"url\":\"https:\/\/thehometownlawyers.com\/es\/\",\"logo\":{\"@type\":\"ImageObject\",\"inLanguage\":\"es\",\"@id\":\"https:\/\/thehometownlawyers.com\/es\/#\/schema\/logo\/image\/\",\"url\":\"https:\/\/thehometownlawyers.com\/wp-content\/uploads\/2025\/12\/revised-kh-logo-vertical-white-background-scaled.png\",\"contentUrl\":\"https:\/\/thehometownlawyers.com\/wp-content\/uploads\/2025\/12\/revised-kh-logo-vertical-white-background-scaled.png\",\"width\":2560,\"height\":1440,\"caption\":\"Kruger & Hodges Hometown Injury Lawyers\"},\"image\":{\"@id\":\"https:\/\/thehometownlawyers.com\/es\/#\/schema\/logo\/image\/\"},\"sameAs\":[\"https:\/\/www.facebook.com\/KrugerHodges\/\",\"https:\/\/www.instagram.com\/krugerhodges\/\",\"https:\/\/www.linkedin.com\/company\/kruger-hodges-hometown-injury-lawyers\/\",\"https:\/\/www.youtube.com\/channel\/UCeYcMaMaN2rb9jMlqt4EIdQ\",\"https:\/\/www.tiktok.com\/@thehometownlawyer\"]}]}<\/script>\n<!-- \/ Yoast SEO plugin. -->","yoast_head_json":{"title":"Abogado de Accidente por Conducir Ebrio en New Miami | Consulta Gratuita","description":"Kruger &amp; Hodges Attorneys at Law es un bufete de abogados de accidentes por conducir ebrio que presta servicios en New Miami, Ohio, que puede ayudarlo","robots":{"index":"index","follow":"follow","max-snippet":"max-snippet:-1","max-image-preview":"max-image-preview:large","max-video-preview":"max-video-preview:-1"},"canonical":"https:\/\/thehometownlawyers.com\/es\/abogados-de-lesiones-personales-que-prestan-servicios-en-new-miami-ohio\/abogados-de-accidentes-por-conducir-ebrio-que-prestan-servicios-en-new-miami-ohio\/","og_locale":"es_MX","og_type":"article","og_title":"Abogado de Accidente por Conducir Ebrio en New Miami | Consulta Gratuita","og_description":"Kruger &amp; Hodges Attorneys at Law es un bufete de abogados de accidentes por conducir ebrio que presta servicios en New Miami, Ohio, que puede ayudarlo","og_url":"https:\/\/thehometownlawyers.com\/es\/abogados-de-lesiones-personales-que-prestan-servicios-en-new-miami-ohio\/abogados-de-accidentes-por-conducir-ebrio-que-prestan-servicios-en-new-miami-ohio\/","og_site_name":"Kruger &amp; Hodges Abogados De Lesiones","article_publisher":"https:\/\/www.facebook.com\/KrugerHodges\/","article_modified_time":"2025-02-05T20:44:51+00:00","og_image":[{"width":1920,"height":1080,"url":"https:\/\/thehometownlawyers.com\/wp-content\/uploads\/2021\/08\/dui-breathalizer.jpg","type":"image\/jpeg"}],"twitter_card":"summary_large_image","twitter_misc":{"Tiempo de lectura":"4 minutos"},"schema":{"@context":"https:\/\/schema.org","@graph":[{"@type":"WebPage","@id":"https:\/\/thehometownlawyers.com\/es\/abogados-de-lesiones-personales-que-prestan-servicios-en-new-miami-ohio\/abogados-de-accidentes-por-conducir-ebrio-que-prestan-servicios-en-new-miami-ohio\/","url":"https:\/\/thehometownlawyers.com\/es\/abogados-de-lesiones-personales-que-prestan-servicios-en-new-miami-ohio\/abogados-de-accidentes-por-conducir-ebrio-que-prestan-servicios-en-new-miami-ohio\/","name":"Abogado de Accidente por Conducir Ebrio en New Miami | Consulta Gratuita","isPartOf":{"@id":"https:\/\/thehometownlawyers.com\/es\/#website"},"primaryImageOfPage":{"@id":"https:\/\/thehometownlawyers.com\/es\/abogados-de-lesiones-personales-que-prestan-servicios-en-new-miami-ohio\/abogados-de-accidentes-por-conducir-ebrio-que-prestan-servicios-en-new-miami-ohio\/#primaryimage"},"image":{"@id":"https:\/\/thehometownlawyers.com\/es\/abogados-de-lesiones-personales-que-prestan-servicios-en-new-miami-ohio\/abogados-de-accidentes-por-conducir-ebrio-que-prestan-servicios-en-new-miami-ohio\/#primaryimage"},"thumbnailUrl":"https:\/\/thehometownlawyers.com\/wp-content\/uploads\/2021\/08\/dui-breathalizer.jpg","datePublished":"2020-03-09T23:04:20+00:00","dateModified":"2025-02-05T20:44:51+00:00","description":"Kruger &amp; Hodges Attorneys at Law es un bufete de abogados de accidentes por conducir ebrio que presta servicios en New Miami, Ohio, que puede ayudarlo","breadcrumb":{"@id":"https:\/\/thehometownlawyers.com\/es\/abogados-de-lesiones-personales-que-prestan-servicios-en-new-miami-ohio\/abogados-de-accidentes-por-conducir-ebrio-que-prestan-servicios-en-new-miami-ohio\/#breadcrumb"},"inLanguage":"es","potentialAction":[{"@type":"ReadAction","target":["https:\/\/thehometownlawyers.com\/es\/abogados-de-lesiones-personales-que-prestan-servicios-en-new-miami-ohio\/abogados-de-accidentes-por-conducir-ebrio-que-prestan-servicios-en-new-miami-ohio\/"]}]},{"@type":"ImageObject","inLanguage":"es","@id":"https:\/\/thehometownlawyers.com\/es\/abogados-de-lesiones-personales-que-prestan-servicios-en-new-miami-ohio\/abogados-de-accidentes-por-conducir-ebrio-que-prestan-servicios-en-new-miami-ohio\/#primaryimage","url":"https:\/\/thehometownlawyers.com\/wp-content\/uploads\/2021\/08\/dui-breathalizer.jpg","contentUrl":"https:\/\/thehometownlawyers.com\/wp-content\/uploads\/2021\/08\/dui-breathalizer.jpg","width":1920,"height":1080,"caption":"dando una prueba de alcoholemia al conductor"},{"@type":"BreadcrumbList","@id":"https:\/\/thehometownlawyers.com\/es\/abogados-de-lesiones-personales-que-prestan-servicios-en-new-miami-ohio\/abogados-de-accidentes-por-conducir-ebrio-que-prestan-servicios-en-new-miami-ohio\/#breadcrumb","itemListElement":[{"@type":"ListItem","position":1,"name":"Home","item":"https:\/\/thehometownlawyers.com\/es\/"},{"@type":"ListItem","position":2,"name":"Abogado de Lesiones Personales en New Miami","item":"https:\/\/thehometownlawyers.com\/es\/abogados-de-lesiones-personales-que-prestan-servicios-en-new-miami-ohio\/"},{"@type":"ListItem","position":3,"name":"Abogado de Accidente por Conducir Ebrio en New Miami"}]},{"@type":"WebSite","@id":"https:\/\/thehometownlawyers.com\/es\/#website","url":"https:\/\/thehometownlawyers.com\/es\/","name":"Kruger & Hodges Hometown Injury Lawyers | Accident Attorneys","description":"Attorneys for Car, Truck and Motorcycle Accidents, Personal Injuries, and Criminal Defense.","publisher":{"@id":"https:\/\/thehometownlawyers.com\/es\/#organization"},"alternateName":"Kruger & Hodges Personal Injury Lawyers","inLanguage":"es"},{"@type":"Organization","@id":"https:\/\/thehometownlawyers.com\/es\/#organization","name":"Kruger & Hodges Hometown Injury Lawyers","alternateName":"Kruger & Hodges Accident Attorneys","url":"https:\/\/thehometownlawyers.com\/es\/","logo":{"@type":"ImageObject","inLanguage":"es","@id":"https:\/\/thehometownlawyers.com\/es\/#\/schema\/logo\/image\/","url":"https:\/\/thehometownlawyers.com\/wp-content\/uploads\/2025\/12\/revised-kh-logo-vertical-white-background-scaled.png","contentUrl":"https:\/\/thehometownlawyers.com\/wp-content\/uploads\/2025\/12\/revised-kh-logo-vertical-white-background-scaled.png","width":2560,"height":1440,"caption":"Kruger & Hodges Hometown Injury Lawyers"},"image":{"@id":"https:\/\/thehometownlawyers.com\/es\/#\/schema\/logo\/image\/"},"sameAs":["https:\/\/www.facebook.com\/KrugerHodges\/","https:\/\/www.instagram.com\/krugerhodges\/","https:\/\/www.linkedin.com\/company\/kruger-hodges-hometown-injury-lawyers\/","https:\/\/www.youtube.com\/channel\/UCeYcMaMaN2rb9jMlqt4EIdQ","https:\/\/www.tiktok.com\/@thehometownlawyer"]}]}},"_links":{"self":[{"href":"https:\/\/thehometownlawyers.com\/es\/wp-json\/wp\/v2\/pages\/21245","targetHints":{"allow":["GET"]}}],"collection":[{"href":"https:\/\/thehometownlawyers.com\/es\/wp-json\/wp\/v2\/pages"}],"about":[{"href":"https:\/\/thehometownlawyers.com\/es\/wp-json\/wp\/v2\/types\/page"}],"author":[{"embeddable":true,"href":"https:\/\/thehometownlawyers.com\/es\/wp-json\/wp\/v2\/users\/7"}],"replies":[{"embeddable":true,"href":"https:\/\/thehometownlawyers.com\/es\/wp-json\/wp\/v2\/comments?post=21245"}],"version-history":[{"count":0,"href":"https:\/\/thehometownlawyers.com\/es\/wp-json\/wp\/v2\/pages\/21245\/revisions"}],"up":[{"embeddable":true,"href":"https:\/\/thehometownlawyers.com\/es\/wp-json\/wp\/v2\/pages\/21237"}],"wp:featuredmedia":[{"embeddable":true,"href":"https:\/\/thehometownlawyers.com\/es\/wp-json\/wp\/v2\/media\/20806"}],"wp:attachment":[{"href":"https:\/\/thehometownlawyers.com\/es\/wp-json\/wp\/v2\/media?parent=21245"}],"wp:term":[{"taxonomy":"hc_faqs","embeddable":true,"href":"https:\/\/thehometownlawyers.com\/es\/wp-json\/wp\/v2\/hc_faqs?post=21245"},{"taxonomy":"hc_spanish_faqs","embeddable":true,"href":"https:\/\/thehometownlawyers.com\/es\/wp-json\/wp\/v2\/hc_spanish_faqs?post=21245"}],"curies":[{"name":"wp","href":"https:\/\/api.w.org\/{rel}","templated":true}]}}