{"id":21246,"date":"2020-03-04T16:23:59","date_gmt":"2020-03-04T21:23:59","guid":{"rendered":"https:\/\/thehometownlawyers.com\/?page_id=21246"},"modified":"2025-01-31T10:51:12","modified_gmt":"2025-01-31T15:51:12","slug":"abogados-de-accidentes-de-autobus-que-prestan-servicios-en-oxford-ohio","status":"publish","type":"page","link":"https:\/\/thehometownlawyers.com\/es\/abogados-de-lesiones-personales-que-prestan-servicios-en-oxford-ohio\/abogados-de-accidentes-de-autobus-que-prestan-servicios-en-oxford-ohio\/","title":{"rendered":"Abogado de Accidente de Autob\u00fas en Oxford"},"content":{"rendered":"<p>Si ha resultado herido en un accidente de autob\u00fas en el transporte p\u00fablico o en un autob\u00fas privado, usted y su familia pueden tener derecho a reclamar da\u00f1os y perjuicios por sus p\u00e9rdidas. Si bien los autobuses escolares e incluso el transporte p\u00fablico generalmente son bastante seguros, cuando ocurren accidentes, pueden dejar a las v\u00edctimas y las familias pregunt\u00e1ndose qu\u00e9 pueden hacer a continuaci\u00f3n. Si se lastim\u00f3 mientras viajaba en el transporte p\u00fablico, la parte culpable puede estar a cargo del gobierno local. Presentar un reclamo contra el gobierno puede ser m\u00e1s complejo que presentar un reclamo contra una entidad privada o un individuo. Kruger &amp; Hodges Attorneys at Law es un bufete de abogados de accidentes de autob\u00fas que presta servicios en Oxford, Ohio, que puede ayudarlo con su caso. Nuestros abogados pueden revisar las circunstancias que rodearon su accidente, evaluar qui\u00e9nes podr\u00edan ser las partes negligentes y luchar para que rindan cuentas.<\/p>\n<h2>\u00bfQu\u00e9 medidas puede tomar despu\u00e9s de un accidente de autob\u00fas para proteger sus derechos?<\/h2>\n<p>Hay varios pasos que puede tomar despu\u00e9s de un accidente de autob\u00fas en Oxford, Ohio, para proteger sus derechos. Si tiene preguntas sobre su caso o reclamo despu\u00e9s de un accidente, tambi\u00e9n puede hablar con un abogado de accidentes de autob\u00fas como Kruger &amp; Hodges Attorneys at Law que atiende a Oxford, Ohio. Nuestros abogados pueden revisar m\u00e1s a fondo su caso y guiarlo sobre los pr\u00f3ximos pasos que puede tomar para buscar compensaci\u00f3n, justicia y proteger sus derechos bajo la ley. Aqu\u00ed hay algunas cosas que puede hacer inmediatamente despu\u00e9s de un accidente para proteger sus intereses:<\/p>\n<p class=\"rs-content-cta rs-content-cta-small\">Para una consulta legal gratuita, llame al <a href=\"tel:+15138943333\">513-894-3333 <\/a><\/p><p><strong>Reportar el Accidente.<\/strong> Si sufri\u00f3 un resbal\u00f3n y una ca\u00edda en una propiedad de transporte p\u00fablico, informe el accidente al conductor del autob\u00fas o a un funcionario de transporte p\u00fablico. Llame a la polic\u00eda y haga un informe. La polic\u00eda y el personal de emergencia tambi\u00e9n pueden brindarle la atenci\u00f3n m\u00e9dica que pueda necesitar. Si result\u00f3 herido en un accidente de autob\u00fas, aseg\u00farese de haber llamado a la polic\u00eda. Un informe policial puede ser \u00fatil si necesita buscar da\u00f1os y perjuicios despu\u00e9s de un accidente y, por lo general, se puede obtener haciendo una solicitud de registros.<\/p>\n<p><strong>Busque atenci\u00f3n m\u00e9dica.<\/strong> Si ha resultado herido, no se demore en buscar atenci\u00f3n m\u00e9dica. Mantenga todos los registros de la atenci\u00f3n m\u00e9dica que recibe y haga un seguimiento con su m\u00e9dico seg\u00fan sea necesario.<\/p>\n<p><strong>Recopilar informaci\u00f3n.<\/strong> Conserve su boleto de autob\u00fas, anote el nombre del conductor del autob\u00fas e intercambie informaci\u00f3n con otros pasajeros en el autob\u00fas u otros testigos que puedan haber visto lo que sucedi\u00f3.<\/p>\n<p><strong>Tomar fotos<\/strong> . Si puede, tome fotos de la escena del accidente. Si bien su memoria puede servirle cuando se trata de lo que sucedi\u00f3, una imagen puede contar una historia m\u00e1s grande sobre los veh\u00edculos involucrados y lo que pudo haber sucedido.<\/p>\n<p class=\"rs-content-cta\">Abogado de Lesiones Personales de Oxford Cerca de M\u00ed <a href=\"tel:+15138943333\">513-894-3333<\/a><\/p><p><strong>Comun\u00edquese con un bufete de abogados de accidentes de autob\u00fas.<\/strong> Los <a href=\"https:\/\/thehometownlawyers.com\/hamilton\/bus-accident-lawyer\/\">abogados de accidentes de autob\u00fas<\/a> de Kruger &amp; Hodges Attorneys at Law que prestan servicios en Oxford, Ohio, pueden ayudarlo con su caso. Nuestros abogados entienden que el seguro de accidentes de autob\u00fas puede tener l\u00edmites de p\u00f3liza m\u00e1s altos y puede ofrecer cobertura a la compa\u00f1\u00eda de autobuses en caso de que ocurra un accidente de autob\u00fas importante. Nuestros abogados pueden revisar sus da\u00f1os y lesiones, estimar el valor de su reclamo y pueden ayudarlo a buscar una compensaci\u00f3n por sus p\u00e9rdidas. Sin embargo, los reclamos por accidentes de autob\u00fas pueden ser complicados porque en un accidente que involucra m\u00faltiples lesiones e individuos, muchas personas pueden presentar un reclamo con la p\u00f3liza de seguro de la compa\u00f1\u00eda de autobuses. Una p\u00f3liza que inicialmente puede parecer tener un l\u00edmite alto, puede resultar insuficiente para cubrir todos los reclamos de las personas lesionadas si varias personas en el accidente de autob\u00fas sufren lesiones graves. Un abogado de accidentes de autob\u00fas puede revisar el reclamo para ver qu\u00e9 otras opciones podr\u00edan tener usted y su familia, incluida la b\u00fasqueda de da\u00f1os de la propia compa\u00f1\u00eda de autobuses o de otras partes responsables. Si la parte responsable es el sistema de transporte p\u00fablico, un abogado de accidentes de autob\u00fas como los Abogados de Kruger &amp; Hodges en Oxford, Ohio, tambi\u00e9n puede ayudarlo con este tipo de reclamos. Estos reclamos pueden involucrar procesos espec\u00edficos dictados por el gobierno porque demandar a una entidad gubernamental es diferente a demandar a un particular.<\/p>\n<p class=\"rs-content-cta rs-content-cta-small\"><a href=\"\/es\/contacto\/\">Haga clic para contactar<\/a> con nuestros lesiones personales abogados hoy<\/p><p>Estas son solo algunas de las cosas que puede hacer despu\u00e9s de un accidente de autob\u00fas para proteger sus derechos. Si result\u00f3 herido en un accidente de autob\u00fas, no est\u00e1 solo. Si bien usted y su familia pueden enfrentar facturas m\u00e9dicas inesperadas y otros costos, tambi\u00e9n puede tener una variedad de opciones cuando se trata de buscar da\u00f1os por sus p\u00e9rdidas. P\u00f3ngase en contacto con los abogados de accidentes de autob\u00fas que prestan servicios en Oxford, Ohio en Kruger &amp; Hodges Attorneys at Law hoy.<\/p>\n<p class=\"rs-content-cta rs-content-cta-small\">Llame o env\u00ede un mensaje de texto al <a href=\"tel:+15138943333\">513-894-3333<\/a> o complete una <a href=\"\/es\/contacto\/\">evaluaci\u00f3n gratuita de su caso<\/a><\/p>","protected":false},"excerpt":{"rendered":"<p>Si ha resultado herido en un accidente de autob\u00fas en el transporte p\u00fablico o en un autob\u00fas privado, usted y su familia pueden tener derecho a reclamar da\u00f1os y perjuicios por sus p\u00e9rdidas. Si bien los autobuses escolares e incluso el transporte p\u00fablico generalmente son bastante seguros, cuando ocurren accidentes, pueden dejar a las v\u00edctimas &#8230;<\/p>\n","protected":false},"author":7,"featured_media":24514,"parent":21248,"menu_order":0,"comment_status":"closed","ping_status":"closed","template":"","meta":{"_acf_changed":false,"inline_featured_image":false,"_genesis_hide_title":false,"_genesis_hide_breadcrumbs":false,"_genesis_hide_singular_image":false,"_genesis_hide_footer_widgets":false,"_genesis_custom_body_class":"","_genesis_custom_post_class":"","_genesis_layout":"","footnotes":""},"hc_faqs":[],"hc_spanish_faqs":[],"class_list":{"0":"post-21246","1":"page","2":"type-page","3":"status-publish","4":"has-post-thumbnail","6":"hc_city_location-oxford-es","7":"entry"},"acf":[],"yoast_head":"<!-- This site is optimized with the Yoast SEO plugin v27.4 - https:\/\/yoast.com\/product\/yoast-seo-wordpress\/ -->\n<title>Abogados de accidentes de autob\u00fas que prestan servicios en Oxford, Ohio: Consulta gratuita<\/title>\n<meta name=\"description\" content=\"Si ha resultado herido en un accidente de autob\u00fas en el transporte p\u00fablico o en un autob\u00fas privado, usted y su familia pueden tener derecho a reclamar\" \/>\n<meta name=\"robots\" content=\"index, follow, max-snippet:-1, max-image-preview:large, max-video-preview:-1\" \/>\n<link rel=\"canonical\" href=\"https:\/\/thehometownlawyers.com\/es\/abogados-de-lesiones-personales-que-prestan-servicios-en-oxford-ohio\/abogados-de-accidentes-de-autobus-que-prestan-servicios-en-oxford-ohio\/\" \/>\n<meta property=\"og:locale\" content=\"es_MX\" \/>\n<meta property=\"og:type\" content=\"article\" \/>\n<meta property=\"og:title\" content=\"Abogados de accidentes de autob\u00fas que prestan servicios en Oxford, Ohio: Consulta gratuita\" \/>\n<meta property=\"og:description\" content=\"Si ha resultado herido en un accidente de autob\u00fas en el transporte p\u00fablico o en un autob\u00fas privado, usted y su familia pueden tener derecho a reclamar\" \/>\n<meta property=\"og:url\" content=\"https:\/\/thehometownlawyers.com\/es\/abogados-de-lesiones-personales-que-prestan-servicios-en-oxford-ohio\/abogados-de-accidentes-de-autobus-que-prestan-servicios-en-oxford-ohio\/\" \/>\n<meta property=\"og:site_name\" content=\"Kruger &amp; Hodges Abogados De Lesiones\" \/>\n<meta property=\"article:publisher\" content=\"https:\/\/www.facebook.com\/KrugerHodges\/\" \/>\n<meta property=\"article:modified_time\" content=\"2025-01-31T15:51:12+00:00\" \/>\n<meta property=\"og:image\" content=\"https:\/\/thehometownlawyers.com\/wp-content\/uploads\/2021\/08\/bus-interior-seats.jpg\" \/>\n\t<meta property=\"og:image:width\" content=\"1920\" \/>\n\t<meta property=\"og:image:height\" content=\"1080\" \/>\n\t<meta property=\"og:image:type\" content=\"image\/jpeg\" \/>\n<meta name=\"twitter:card\" content=\"summary_large_image\" \/>\n<meta name=\"twitter:label1\" content=\"Tiempo de lectura\" \/>\n\t<meta name=\"twitter:data1\" content=\"4 minutos\" \/>\n<script type=\"application\/ld+json\" class=\"yoast-schema-graph\">{\"@context\":\"https:\\\/\\\/schema.org\",\"@graph\":[{\"@type\":\"WebPage\",\"@id\":\"https:\\\/\\\/thehometownlawyers.com\\\/es\\\/abogados-de-lesiones-personales-que-prestan-servicios-en-oxford-ohio\\\/abogados-de-accidentes-de-autobus-que-prestan-servicios-en-oxford-ohio\\\/\",\"url\":\"https:\\\/\\\/thehometownlawyers.com\\\/es\\\/abogados-de-lesiones-personales-que-prestan-servicios-en-oxford-ohio\\\/abogados-de-accidentes-de-autobus-que-prestan-servicios-en-oxford-ohio\\\/\",\"name\":\"Abogados de accidentes de autob\u00fas que prestan servicios en Oxford, Ohio: Consulta gratuita\",\"isPartOf\":{\"@id\":\"https:\\\/\\\/thehometownlawyers.com\\\/es\\\/#website\"},\"primaryImageOfPage\":{\"@id\":\"https:\\\/\\\/thehometownlawyers.com\\\/es\\\/abogados-de-lesiones-personales-que-prestan-servicios-en-oxford-ohio\\\/abogados-de-accidentes-de-autobus-que-prestan-servicios-en-oxford-ohio\\\/#primaryimage\"},\"image\":{\"@id\":\"https:\\\/\\\/thehometownlawyers.com\\\/es\\\/abogados-de-lesiones-personales-que-prestan-servicios-en-oxford-ohio\\\/abogados-de-accidentes-de-autobus-que-prestan-servicios-en-oxford-ohio\\\/#primaryimage\"},\"thumbnailUrl\":\"https:\\\/\\\/thehometownlawyers.com\\\/wp-content\\\/uploads\\\/2025\\\/03\\\/oxford-bus-accident-lawyer.jpg\",\"datePublished\":\"2020-03-04T21:23:59+00:00\",\"dateModified\":\"2025-01-31T15:51:12+00:00\",\"description\":\"Si ha resultado herido en un accidente de autob\u00fas en el transporte p\u00fablico o en un autob\u00fas privado, usted y su familia pueden tener derecho a reclamar\",\"breadcrumb\":{\"@id\":\"https:\\\/\\\/thehometownlawyers.com\\\/es\\\/abogados-de-lesiones-personales-que-prestan-servicios-en-oxford-ohio\\\/abogados-de-accidentes-de-autobus-que-prestan-servicios-en-oxford-ohio\\\/#breadcrumb\"},\"inLanguage\":\"es\",\"potentialAction\":[{\"@type\":\"ReadAction\",\"target\":[\"https:\\\/\\\/thehometownlawyers.com\\\/es\\\/abogados-de-lesiones-personales-que-prestan-servicios-en-oxford-ohio\\\/abogados-de-accidentes-de-autobus-que-prestan-servicios-en-oxford-ohio\\\/\"]}]},{\"@type\":\"ImageObject\",\"inLanguage\":\"es\",\"@id\":\"https:\\\/\\\/thehometownlawyers.com\\\/es\\\/abogados-de-lesiones-personales-que-prestan-servicios-en-oxford-ohio\\\/abogados-de-accidentes-de-autobus-que-prestan-servicios-en-oxford-ohio\\\/#primaryimage\",\"url\":\"https:\\\/\\\/thehometownlawyers.com\\\/wp-content\\\/uploads\\\/2025\\\/03\\\/oxford-bus-accident-lawyer.jpg\",\"contentUrl\":\"https:\\\/\\\/thehometownlawyers.com\\\/wp-content\\\/uploads\\\/2025\\\/03\\\/oxford-bus-accident-lawyer.jpg\",\"width\":768,\"height\":512,\"caption\":\"Public transport. Empty interior of the city bus. Rows of blue passenger seats and yellow handrails.\"},{\"@type\":\"BreadcrumbList\",\"@id\":\"https:\\\/\\\/thehometownlawyers.com\\\/es\\\/abogados-de-lesiones-personales-que-prestan-servicios-en-oxford-ohio\\\/abogados-de-accidentes-de-autobus-que-prestan-servicios-en-oxford-ohio\\\/#breadcrumb\",\"itemListElement\":[{\"@type\":\"ListItem\",\"position\":1,\"name\":\"Home\",\"item\":\"https:\\\/\\\/thehometownlawyers.com\\\/es\\\/\"},{\"@type\":\"ListItem\",\"position\":2,\"name\":\"Abogado de Lesiones Personales en Oxford\",\"item\":\"https:\\\/\\\/thehometownlawyers.com\\\/es\\\/abogados-de-lesiones-personales-que-prestan-servicios-en-oxford-ohio\\\/\"},{\"@type\":\"ListItem\",\"position\":3,\"name\":\"Abogado de Accidente de Autob\u00fas en Oxford\"}]},{\"@type\":\"WebSite\",\"@id\":\"https:\\\/\\\/thehometownlawyers.com\\\/es\\\/#website\",\"url\":\"https:\\\/\\\/thehometownlawyers.com\\\/es\\\/\",\"name\":\"Kruger & Hodges Hometown Injury Lawyers | Accident Attorneys\",\"description\":\"Attorneys for Car, Truck and Motorcycle Accidents, Personal Injuries, and Criminal Defense.\",\"publisher\":{\"@id\":\"https:\\\/\\\/thehometownlawyers.com\\\/es\\\/#organization\"},\"alternateName\":\"Kruger & Hodges Personal Injury Lawyers\",\"inLanguage\":\"es\"},{\"@type\":\"Organization\",\"@id\":\"https:\\\/\\\/thehometownlawyers.com\\\/es\\\/#organization\",\"name\":\"Kruger & Hodges Hometown Injury Lawyers\",\"alternateName\":\"Kruger & Hodges\",\"url\":\"https:\\\/\\\/thehometownlawyers.com\\\/es\\\/\",\"logo\":{\"@type\":\"ImageObject\",\"inLanguage\":\"es\",\"@id\":\"https:\\\/\\\/thehometownlawyers.com\\\/es\\\/#\\\/schema\\\/logo\\\/image\\\/\",\"url\":\"https:\\\/\\\/thehometownlawyers.com\\\/wp-content\\\/uploads\\\/2025\\\/12\\\/revised-kh-logo-vertical-white-background-scaled.png\",\"contentUrl\":\"https:\\\/\\\/thehometownlawyers.com\\\/wp-content\\\/uploads\\\/2025\\\/12\\\/revised-kh-logo-vertical-white-background-scaled.png\",\"width\":2560,\"height\":1440,\"caption\":\"Kruger & Hodges Hometown Injury Lawyers\"},\"image\":{\"@id\":\"https:\\\/\\\/thehometownlawyers.com\\\/es\\\/#\\\/schema\\\/logo\\\/image\\\/\"},\"sameAs\":[\"https:\\\/\\\/www.facebook.com\\\/KrugerHodges\\\/\",\"https:\\\/\\\/www.instagram.com\\\/krugerhodges\\\/\",\"https:\\\/\\\/www.linkedin.com\\\/company\\\/kruger-hodges-hometown-injury-lawyers\\\/\",\"https:\\\/\\\/www.youtube.com\\\/channel\\\/UCeYcMaMaN2rb9jMlqt4EIdQ\",\"https:\\\/\\\/www.tiktok.com\\\/@thehometownlawyer\"]}]}<\/script>\n<!-- \/ Yoast SEO plugin. -->","yoast_head_json":{"title":"Abogados de accidentes de autob\u00fas que prestan servicios en Oxford, Ohio: Consulta gratuita","description":"Si ha resultado herido en un accidente de autob\u00fas en el transporte p\u00fablico o en un autob\u00fas privado, usted y su familia pueden tener derecho a reclamar","robots":{"index":"index","follow":"follow","max-snippet":"max-snippet:-1","max-image-preview":"max-image-preview:large","max-video-preview":"max-video-preview:-1"},"canonical":"https:\/\/thehometownlawyers.com\/es\/abogados-de-lesiones-personales-que-prestan-servicios-en-oxford-ohio\/abogados-de-accidentes-de-autobus-que-prestan-servicios-en-oxford-ohio\/","og_locale":"es_MX","og_type":"article","og_title":"Abogados de accidentes de autob\u00fas que prestan servicios en Oxford, Ohio: Consulta gratuita","og_description":"Si ha resultado herido en un accidente de autob\u00fas en el transporte p\u00fablico o en un autob\u00fas privado, usted y su familia pueden tener derecho a reclamar","og_url":"https:\/\/thehometownlawyers.com\/es\/abogados-de-lesiones-personales-que-prestan-servicios-en-oxford-ohio\/abogados-de-accidentes-de-autobus-que-prestan-servicios-en-oxford-ohio\/","og_site_name":"Kruger &amp; Hodges Abogados De Lesiones","article_publisher":"https:\/\/www.facebook.com\/KrugerHodges\/","article_modified_time":"2025-01-31T15:51:12+00:00","og_image":[{"width":1920,"height":1080,"url":"https:\/\/thehometownlawyers.com\/wp-content\/uploads\/2021\/08\/bus-interior-seats.jpg","type":"image\/jpeg"}],"twitter_card":"summary_large_image","twitter_misc":{"Tiempo de lectura":"4 minutos"},"schema":{"@context":"https:\/\/schema.org","@graph":[{"@type":"WebPage","@id":"https:\/\/thehometownlawyers.com\/es\/abogados-de-lesiones-personales-que-prestan-servicios-en-oxford-ohio\/abogados-de-accidentes-de-autobus-que-prestan-servicios-en-oxford-ohio\/","url":"https:\/\/thehometownlawyers.com\/es\/abogados-de-lesiones-personales-que-prestan-servicios-en-oxford-ohio\/abogados-de-accidentes-de-autobus-que-prestan-servicios-en-oxford-ohio\/","name":"Abogados de accidentes de autob\u00fas que prestan servicios en Oxford, Ohio: Consulta gratuita","isPartOf":{"@id":"https:\/\/thehometownlawyers.com\/es\/#website"},"primaryImageOfPage":{"@id":"https:\/\/thehometownlawyers.com\/es\/abogados-de-lesiones-personales-que-prestan-servicios-en-oxford-ohio\/abogados-de-accidentes-de-autobus-que-prestan-servicios-en-oxford-ohio\/#primaryimage"},"image":{"@id":"https:\/\/thehometownlawyers.com\/es\/abogados-de-lesiones-personales-que-prestan-servicios-en-oxford-ohio\/abogados-de-accidentes-de-autobus-que-prestan-servicios-en-oxford-ohio\/#primaryimage"},"thumbnailUrl":"https:\/\/thehometownlawyers.com\/wp-content\/uploads\/2025\/03\/oxford-bus-accident-lawyer.jpg","datePublished":"2020-03-04T21:23:59+00:00","dateModified":"2025-01-31T15:51:12+00:00","description":"Si ha resultado herido en un accidente de autob\u00fas en el transporte p\u00fablico o en un autob\u00fas privado, usted y su familia pueden tener derecho a reclamar","breadcrumb":{"@id":"https:\/\/thehometownlawyers.com\/es\/abogados-de-lesiones-personales-que-prestan-servicios-en-oxford-ohio\/abogados-de-accidentes-de-autobus-que-prestan-servicios-en-oxford-ohio\/#breadcrumb"},"inLanguage":"es","potentialAction":[{"@type":"ReadAction","target":["https:\/\/thehometownlawyers.com\/es\/abogados-de-lesiones-personales-que-prestan-servicios-en-oxford-ohio\/abogados-de-accidentes-de-autobus-que-prestan-servicios-en-oxford-ohio\/"]}]},{"@type":"ImageObject","inLanguage":"es","@id":"https:\/\/thehometownlawyers.com\/es\/abogados-de-lesiones-personales-que-prestan-servicios-en-oxford-ohio\/abogados-de-accidentes-de-autobus-que-prestan-servicios-en-oxford-ohio\/#primaryimage","url":"https:\/\/thehometownlawyers.com\/wp-content\/uploads\/2025\/03\/oxford-bus-accident-lawyer.jpg","contentUrl":"https:\/\/thehometownlawyers.com\/wp-content\/uploads\/2025\/03\/oxford-bus-accident-lawyer.jpg","width":768,"height":512,"caption":"Public transport. Empty interior of the city bus. Rows of blue passenger seats and yellow handrails."},{"@type":"BreadcrumbList","@id":"https:\/\/thehometownlawyers.com\/es\/abogados-de-lesiones-personales-que-prestan-servicios-en-oxford-ohio\/abogados-de-accidentes-de-autobus-que-prestan-servicios-en-oxford-ohio\/#breadcrumb","itemListElement":[{"@type":"ListItem","position":1,"name":"Home","item":"https:\/\/thehometownlawyers.com\/es\/"},{"@type":"ListItem","position":2,"name":"Abogado de Lesiones Personales en Oxford","item":"https:\/\/thehometownlawyers.com\/es\/abogados-de-lesiones-personales-que-prestan-servicios-en-oxford-ohio\/"},{"@type":"ListItem","position":3,"name":"Abogado de Accidente de Autob\u00fas en Oxford"}]},{"@type":"WebSite","@id":"https:\/\/thehometownlawyers.com\/es\/#website","url":"https:\/\/thehometownlawyers.com\/es\/","name":"Kruger & Hodges Hometown Injury Lawyers | Accident Attorneys","description":"Attorneys for Car, Truck and Motorcycle Accidents, Personal Injuries, and Criminal Defense.","publisher":{"@id":"https:\/\/thehometownlawyers.com\/es\/#organization"},"alternateName":"Kruger & Hodges Personal Injury Lawyers","inLanguage":"es"},{"@type":"Organization","@id":"https:\/\/thehometownlawyers.com\/es\/#organization","name":"Kruger & Hodges Hometown Injury Lawyers","alternateName":"Kruger & Hodges","url":"https:\/\/thehometownlawyers.com\/es\/","logo":{"@type":"ImageObject","inLanguage":"es","@id":"https:\/\/thehometownlawyers.com\/es\/#\/schema\/logo\/image\/","url":"https:\/\/thehometownlawyers.com\/wp-content\/uploads\/2025\/12\/revised-kh-logo-vertical-white-background-scaled.png","contentUrl":"https:\/\/thehometownlawyers.com\/wp-content\/uploads\/2025\/12\/revised-kh-logo-vertical-white-background-scaled.png","width":2560,"height":1440,"caption":"Kruger & Hodges Hometown Injury Lawyers"},"image":{"@id":"https:\/\/thehometownlawyers.com\/es\/#\/schema\/logo\/image\/"},"sameAs":["https:\/\/www.facebook.com\/KrugerHodges\/","https:\/\/www.instagram.com\/krugerhodges\/","https:\/\/www.linkedin.com\/company\/kruger-hodges-hometown-injury-lawyers\/","https:\/\/www.youtube.com\/channel\/UCeYcMaMaN2rb9jMlqt4EIdQ","https:\/\/www.tiktok.com\/@thehometownlawyer"]}]}},"_links":{"self":[{"href":"https:\/\/thehometownlawyers.com\/es\/wp-json\/wp\/v2\/pages\/21246","targetHints":{"allow":["GET"]}}],"collection":[{"href":"https:\/\/thehometownlawyers.com\/es\/wp-json\/wp\/v2\/pages"}],"about":[{"href":"https:\/\/thehometownlawyers.com\/es\/wp-json\/wp\/v2\/types\/page"}],"author":[{"embeddable":true,"href":"https:\/\/thehometownlawyers.com\/es\/wp-json\/wp\/v2\/users\/7"}],"replies":[{"embeddable":true,"href":"https:\/\/thehometownlawyers.com\/es\/wp-json\/wp\/v2\/comments?post=21246"}],"version-history":[{"count":0,"href":"https:\/\/thehometownlawyers.com\/es\/wp-json\/wp\/v2\/pages\/21246\/revisions"}],"up":[{"embeddable":true,"href":"https:\/\/thehometownlawyers.com\/es\/wp-json\/wp\/v2\/pages\/21248"}],"wp:featuredmedia":[{"embeddable":true,"href":"https:\/\/thehometownlawyers.com\/es\/wp-json\/wp\/v2\/media\/24514"}],"wp:attachment":[{"href":"https:\/\/thehometownlawyers.com\/es\/wp-json\/wp\/v2\/media?parent=21246"}],"wp:term":[{"taxonomy":"hc_faqs","embeddable":true,"href":"https:\/\/thehometownlawyers.com\/es\/wp-json\/wp\/v2\/hc_faqs?post=21246"},{"taxonomy":"hc_spanish_faqs","embeddable":true,"href":"https:\/\/thehometownlawyers.com\/es\/wp-json\/wp\/v2\/hc_spanish_faqs?post=21246"}],"curies":[{"name":"wp","href":"https:\/\/api.w.org\/{rel}","templated":true}]}}