{"id":21247,"date":"2020-03-04T16:21:52","date_gmt":"2020-03-04T21:21:52","guid":{"rendered":"https:\/\/thehometownlawyers.com\/?page_id=21247"},"modified":"2025-01-22T09:54:31","modified_gmt":"2025-01-22T14:54:31","slug":"abogados-de-accidentes-por-conducir-ebrio-que-prestan-servicios-en-oxford-ohio","status":"publish","type":"page","link":"https:\/\/thehometownlawyers.com\/es\/abogados-de-lesiones-personales-que-prestan-servicios-en-oxford-ohio\/abogados-de-accidentes-automovilisticos-en-oxford-ohio\/abogados-de-accidentes-por-conducir-ebrio-que-prestan-servicios-en-oxford-ohio\/","title":{"rendered":"Abogados de accidentes por conducir ebrio que prestan servicios en Oxford, Ohio"},"content":{"rendered":"<p>Si result\u00f3 herido en un accidente por conducir ebrio, es posible que est\u00e9 enfrentando una variedad de emociones. La frustraci\u00f3n, la ira, el dolor, la confusi\u00f3n y la incertidumbre pueden estar entre ellos. Las v\u00edctimas de <a href=\"https:\/\/thehometownlawyers.com\/es\/\">accidentes por conducir ebrio<\/a> pueden enfrentarse a facturas m\u00e9dicas inesperadas, un largo curso de recuperaci\u00f3n por delante, discapacidad, d\u00edas de trabajo perdidos y otros desaf\u00edos. Si la elecci\u00f3n de otro conductor de beber y conducir result\u00f3 en sus lesiones, usted y su familia pueden tener derecho a reclamar da\u00f1os por sus facturas m\u00e9dicas, costos de rehabilitaci\u00f3n, salarios perdidos y dolor y sufrimiento. Los conductores ebrios en Ohio no solo enfrentan tiempo en la c\u00e1rcel y otras consecuencias, sino que las personas lesionadas en un accidente automovil\u00edstico como resultado de un conductor ebrio pueden tener derecho a buscar da\u00f1os no solo para cubrir sus facturas m\u00e9dicas, costos de rehabilitaci\u00f3n, salarios perdidos y otros da\u00f1os. , pero tambi\u00e9n pueden tener derecho a buscar da\u00f1os punitivos o da\u00f1os dise\u00f1ados para castigar a un conductor por su conducta imprudente.<\/p>\n<p>Kruger &amp; Hodges Attorneys at Law es un bufete de abogados de conducci\u00f3n en estado de ebriedad que presta servicios en Oxford, Ohio, que puede ayudarlo con su reclamo. Nuestros abogados de accidentes por conducir ebrio pueden revisar los informes policiales, revisar sus p\u00e9rdidas, estimar sus da\u00f1os y luchar contra su reclamo dentro o fuera de la corte. Desde negociar con los ajustadores de seguros hasta buscar da\u00f1os y perjuicios de las partes responsables, los abogados de Kruger &amp; Hodges pueden ayudarlo.<\/p>\n<h2>Leyes de tiendas de bebidas alcoh\u00f3licas en Oxford, Ohio<\/h2>\n<p>Adem\u00e1s de poder reclamar da\u00f1os y perjuicios al conductor ebrio, en Ohio, las v\u00edctimas y sus familias tambi\u00e9n pueden tener derecho a reclamar da\u00f1os y perjuicios a las partes que sirvieron alcohol al conductor, en algunos casos. Si un bar, restaurante u otro establecimiento sirvi\u00f3 alcohol a una persona que parec\u00eda visiblemente intoxicada, las v\u00edctimas y sus familias podr\u00edan presentar un reclamo contra estas partes. Probar estas afirmaciones puede ser un desaf\u00edo, pero no imposible. Por ejemplo, los abogados de accidentes por conducir ebrio de Kruger &amp; Hodges Attorneys at Law que atienden a Oxford, Ohio, pueden revisar el cheque para ver cu\u00e1ntas bebidas se sirvieron al conductor ebrio antes de que abandonara el establecimiento. Si un bar, restaurante o particular sirve alcohol a una persona menor de 21 a\u00f1os a sabiendas, tambi\u00e9n podr\u00eda ser responsable de las lesiones y p\u00e9rdidas derivadas de un accidente por conducir ebrio.<\/p>\n<p>Las leyes de tiendas de bebidas alcoh\u00f3licas son otra v\u00eda a trav\u00e9s de la cual las v\u00edctimas de conductores ebrios pueden buscar una compensaci\u00f3n por sus p\u00e9rdidas. Las v\u00edctimas y las familias tambi\u00e9n pueden presentar un reclamo ante la compa\u00f1\u00eda de seguros del conductor ebrio, o incluso a trav\u00e9s de su propia p\u00f3liza de seguro. \u00bfTiene preguntas sobre los pr\u00f3ximos pasos que puede tomar si result\u00f3 herido en un accidente por conducir ebrio en Oxford, Ohio? Comun\u00edquese con Kruger &amp; Hodges Attorneys at Law, abogados especializados en conducir ebrio que prestan servicios en Oxford, Ohio.<\/p>\n<p class=\"rs-content-cta rs-content-cta-small\">Para una consulta legal gratuita, llame al <a href=\"tel:+15138943333\">513-894-3333 <\/a><\/p><h2>Busque justicia hoy<\/h2>\n<p>La elecci\u00f3n de beber y conducir es una decisi\u00f3n que puede afectar a todos en la carretera. Las v\u00edctimas y sus familias pueden tener derecho a reclamar da\u00f1os y perjuicios por sus p\u00e9rdidas y buscar justicia de las partes responsables. Uno de los aspectos m\u00e1s dif\u00edciles de un reclamo por lesiones personales a menudo implica probar que el otro conductor es responsable del accidente. Con un choque por conducir ebrio, el conductor ebrio a menudo es declarado negligente por estos accidentes porque conducir ebrio es ilegal.<\/p>\n<p>Kruger &amp; Hodges Attorneys at Law es un bufete de abogados de accidentes de conducci\u00f3n en estado de ebriedad que presta servicios en Oxford, Ohio, que puede ayudar a su familia a responsabilizar a estos conductores. Cuando las familias demandan a los conductores ebrios por da\u00f1os y perjuicios, env\u00edan un fuerte mensaje a la comunidad de que no se tolerar\u00e1 la conducci\u00f3n peligrosa. La esperanza es que al responsabilizar a estos conductores, otros lo pensar\u00e1n dos veces antes de beber y conducir. Si ha resultado herido, es posible que tenga derechos, pero es posible que solo tenga una cantidad limitada de tiempo para presentar un reclamo conforme a la ley. P\u00f3ngase en contacto con nuestros abogados de conducci\u00f3n ebria hoy.<\/p>\n<p class=\"rs-content-cta rs-content-cta-small\">Llame o env\u00ede un mensaje de texto al <a href=\"tel:+15138943333\">513-894-3333<\/a> o complete una <a href=\"\/es\/contacto\/\">evaluaci\u00f3n gratuita de su caso<\/a><\/p>","protected":false},"excerpt":{"rendered":"<p>Si result\u00f3 herido en un accidente por conducir ebrio, es posible que est\u00e9 enfrentando una variedad de emociones. La frustraci\u00f3n, la ira, el dolor, la confusi\u00f3n y la incertidumbre pueden estar entre ellos. Las v\u00edctimas de accidentes por conducir ebrio pueden enfrentarse a facturas m\u00e9dicas inesperadas, un largo curso de recuperaci\u00f3n por delante, discapacidad, d\u00edas &#8230;<\/p>\n","protected":false},"author":7,"featured_media":24539,"parent":21220,"menu_order":0,"comment_status":"closed","ping_status":"closed","template":"","meta":{"_acf_changed":false,"inline_featured_image":false,"_genesis_hide_title":false,"_genesis_hide_breadcrumbs":false,"_genesis_hide_singular_image":false,"_genesis_hide_footer_widgets":false,"_genesis_custom_body_class":"","_genesis_custom_post_class":"","_genesis_layout":"","footnotes":""},"hc_faqs":[],"hc_spanish_faqs":[],"class_list":{"0":"post-21247","1":"page","2":"type-page","3":"status-publish","4":"has-post-thumbnail","6":"hc_city_location-oxford-es","7":"entry"},"acf":[],"yoast_head":"<!-- This site is optimized with the Yoast SEO plugin v27.4 - https:\/\/yoast.com\/product\/yoast-seo-wordpress\/ -->\n<title>Abogados de accidentes por conducir ebrio que prestan servicios en Oxford, Ohio | &amp; Hodges<\/title>\n<meta name=\"description\" content=\"Si result\u00f3 herido en un accidente por conducir ebrio, es posible que est\u00e9 enfrentando una variedad de emociones. La frustraci\u00f3n, la ira, el dolor, la\" \/>\n<meta name=\"robots\" content=\"index, follow, max-snippet:-1, max-image-preview:large, max-video-preview:-1\" \/>\n<link rel=\"canonical\" href=\"https:\/\/thehometownlawyers.com\/es\/abogados-de-lesiones-personales-que-prestan-servicios-en-oxford-ohio\/abogados-de-accidentes-automovilisticos-en-oxford-ohio\/abogados-de-accidentes-por-conducir-ebrio-que-prestan-servicios-en-oxford-ohio\/\" \/>\n<meta property=\"og:locale\" content=\"es_MX\" \/>\n<meta property=\"og:type\" content=\"article\" \/>\n<meta property=\"og:title\" content=\"Abogados de accidentes por conducir ebrio que prestan servicios en Oxford, Ohio | &amp; Hodges\" \/>\n<meta property=\"og:description\" content=\"Si result\u00f3 herido en un accidente por conducir ebrio, es posible que est\u00e9 enfrentando una variedad de emociones. La frustraci\u00f3n, la ira, el dolor, la\" \/>\n<meta property=\"og:url\" content=\"https:\/\/thehometownlawyers.com\/es\/abogados-de-lesiones-personales-que-prestan-servicios-en-oxford-ohio\/abogados-de-accidentes-automovilisticos-en-oxford-ohio\/abogados-de-accidentes-por-conducir-ebrio-que-prestan-servicios-en-oxford-ohio\/\" \/>\n<meta property=\"og:site_name\" content=\"Kruger &amp; Hodges Abogados De Lesiones\" \/>\n<meta property=\"article:publisher\" content=\"https:\/\/www.facebook.com\/KrugerHodges\/\" \/>\n<meta property=\"article:modified_time\" content=\"2025-01-22T14:54:31+00:00\" \/>\n<meta property=\"og:image\" content=\"https:\/\/thehometownlawyers.com\/wp-content\/uploads\/2021\/08\/dui-breathalizer.jpg\" \/>\n\t<meta property=\"og:image:width\" content=\"1920\" \/>\n\t<meta property=\"og:image:height\" content=\"1080\" \/>\n\t<meta property=\"og:image:type\" content=\"image\/jpeg\" \/>\n<meta name=\"twitter:card\" content=\"summary_large_image\" \/>\n<meta name=\"twitter:label1\" content=\"Tiempo de lectura\" \/>\n\t<meta name=\"twitter:data1\" content=\"4 minutos\" \/>\n<script type=\"application\/ld+json\" class=\"yoast-schema-graph\">{\"@context\":\"https:\\\/\\\/schema.org\",\"@graph\":[{\"@type\":\"WebPage\",\"@id\":\"https:\\\/\\\/thehometownlawyers.com\\\/es\\\/abogados-de-lesiones-personales-que-prestan-servicios-en-oxford-ohio\\\/abogados-de-accidentes-automovilisticos-en-oxford-ohio\\\/abogados-de-accidentes-por-conducir-ebrio-que-prestan-servicios-en-oxford-ohio\\\/\",\"url\":\"https:\\\/\\\/thehometownlawyers.com\\\/es\\\/abogados-de-lesiones-personales-que-prestan-servicios-en-oxford-ohio\\\/abogados-de-accidentes-automovilisticos-en-oxford-ohio\\\/abogados-de-accidentes-por-conducir-ebrio-que-prestan-servicios-en-oxford-ohio\\\/\",\"name\":\"Abogados de accidentes por conducir ebrio que prestan servicios en Oxford, Ohio | & Hodges\",\"isPartOf\":{\"@id\":\"https:\\\/\\\/thehometownlawyers.com\\\/es\\\/#website\"},\"primaryImageOfPage\":{\"@id\":\"https:\\\/\\\/thehometownlawyers.com\\\/es\\\/abogados-de-lesiones-personales-que-prestan-servicios-en-oxford-ohio\\\/abogados-de-accidentes-automovilisticos-en-oxford-ohio\\\/abogados-de-accidentes-por-conducir-ebrio-que-prestan-servicios-en-oxford-ohio\\\/#primaryimage\"},\"image\":{\"@id\":\"https:\\\/\\\/thehometownlawyers.com\\\/es\\\/abogados-de-lesiones-personales-que-prestan-servicios-en-oxford-ohio\\\/abogados-de-accidentes-automovilisticos-en-oxford-ohio\\\/abogados-de-accidentes-por-conducir-ebrio-que-prestan-servicios-en-oxford-ohio\\\/#primaryimage\"},\"thumbnailUrl\":\"https:\\\/\\\/thehometownlawyers.com\\\/wp-content\\\/uploads\\\/2025\\\/03\\\/oxford-car-accident-lawyer-drunk-driving.jpg\",\"datePublished\":\"2020-03-04T21:21:52+00:00\",\"dateModified\":\"2025-01-22T14:54:31+00:00\",\"description\":\"Si result\u00f3 herido en un accidente por conducir ebrio, es posible que est\u00e9 enfrentando una variedad de emociones. La frustraci\u00f3n, la ira, el dolor, la\",\"breadcrumb\":{\"@id\":\"https:\\\/\\\/thehometownlawyers.com\\\/es\\\/abogados-de-lesiones-personales-que-prestan-servicios-en-oxford-ohio\\\/abogados-de-accidentes-automovilisticos-en-oxford-ohio\\\/abogados-de-accidentes-por-conducir-ebrio-que-prestan-servicios-en-oxford-ohio\\\/#breadcrumb\"},\"inLanguage\":\"es\",\"potentialAction\":[{\"@type\":\"ReadAction\",\"target\":[\"https:\\\/\\\/thehometownlawyers.com\\\/es\\\/abogados-de-lesiones-personales-que-prestan-servicios-en-oxford-ohio\\\/abogados-de-accidentes-automovilisticos-en-oxford-ohio\\\/abogados-de-accidentes-por-conducir-ebrio-que-prestan-servicios-en-oxford-ohio\\\/\"]}]},{\"@type\":\"ImageObject\",\"inLanguage\":\"es\",\"@id\":\"https:\\\/\\\/thehometownlawyers.com\\\/es\\\/abogados-de-lesiones-personales-que-prestan-servicios-en-oxford-ohio\\\/abogados-de-accidentes-automovilisticos-en-oxford-ohio\\\/abogados-de-accidentes-por-conducir-ebrio-que-prestan-servicios-en-oxford-ohio\\\/#primaryimage\",\"url\":\"https:\\\/\\\/thehometownlawyers.com\\\/wp-content\\\/uploads\\\/2025\\\/03\\\/oxford-car-accident-lawyer-drunk-driving.jpg\",\"contentUrl\":\"https:\\\/\\\/thehometownlawyers.com\\\/wp-content\\\/uploads\\\/2025\\\/03\\\/oxford-car-accident-lawyer-drunk-driving.jpg\",\"width\":768,\"height\":512,\"caption\":\"Police officer wearing uniform checking driving license of man driver.\"},{\"@type\":\"BreadcrumbList\",\"@id\":\"https:\\\/\\\/thehometownlawyers.com\\\/es\\\/abogados-de-lesiones-personales-que-prestan-servicios-en-oxford-ohio\\\/abogados-de-accidentes-automovilisticos-en-oxford-ohio\\\/abogados-de-accidentes-por-conducir-ebrio-que-prestan-servicios-en-oxford-ohio\\\/#breadcrumb\",\"itemListElement\":[{\"@type\":\"ListItem\",\"position\":1,\"name\":\"Home\",\"item\":\"https:\\\/\\\/thehometownlawyers.com\\\/es\\\/\"},{\"@type\":\"ListItem\",\"position\":2,\"name\":\"Abogado de Lesiones Personales en Oxford\",\"item\":\"https:\\\/\\\/thehometownlawyers.com\\\/es\\\/abogados-de-lesiones-personales-que-prestan-servicios-en-oxford-ohio\\\/\"},{\"@type\":\"ListItem\",\"position\":3,\"name\":\"Abogado de Accidente Automovil\u00edstico en Oxford\",\"item\":\"https:\\\/\\\/thehometownlawyers.com\\\/es\\\/abogados-de-lesiones-personales-que-prestan-servicios-en-oxford-ohio\\\/abogados-de-accidentes-automovilisticos-en-oxford-ohio\\\/\"},{\"@type\":\"ListItem\",\"position\":4,\"name\":\"Abogados de accidentes por conducir ebrio que prestan servicios en Oxford, Ohio\"}]},{\"@type\":\"WebSite\",\"@id\":\"https:\\\/\\\/thehometownlawyers.com\\\/es\\\/#website\",\"url\":\"https:\\\/\\\/thehometownlawyers.com\\\/es\\\/\",\"name\":\"Kruger & Hodges Hometown Injury Lawyers | Accident Attorneys\",\"description\":\"Attorneys for Car, Truck and Motorcycle Accidents, Personal Injuries, and Criminal Defense.\",\"publisher\":{\"@id\":\"https:\\\/\\\/thehometownlawyers.com\\\/es\\\/#organization\"},\"alternateName\":\"Kruger & Hodges Personal Injury Lawyers\",\"inLanguage\":\"es\"},{\"@type\":\"Organization\",\"@id\":\"https:\\\/\\\/thehometownlawyers.com\\\/es\\\/#organization\",\"name\":\"Kruger & Hodges Hometown Injury Lawyers\",\"alternateName\":\"Kruger & Hodges\",\"url\":\"https:\\\/\\\/thehometownlawyers.com\\\/es\\\/\",\"logo\":{\"@type\":\"ImageObject\",\"inLanguage\":\"es\",\"@id\":\"https:\\\/\\\/thehometownlawyers.com\\\/es\\\/#\\\/schema\\\/logo\\\/image\\\/\",\"url\":\"https:\\\/\\\/thehometownlawyers.com\\\/wp-content\\\/uploads\\\/2025\\\/12\\\/revised-kh-logo-vertical-white-background-scaled.png\",\"contentUrl\":\"https:\\\/\\\/thehometownlawyers.com\\\/wp-content\\\/uploads\\\/2025\\\/12\\\/revised-kh-logo-vertical-white-background-scaled.png\",\"width\":2560,\"height\":1440,\"caption\":\"Kruger & Hodges Hometown Injury Lawyers\"},\"image\":{\"@id\":\"https:\\\/\\\/thehometownlawyers.com\\\/es\\\/#\\\/schema\\\/logo\\\/image\\\/\"},\"sameAs\":[\"https:\\\/\\\/www.facebook.com\\\/KrugerHodges\\\/\",\"https:\\\/\\\/www.instagram.com\\\/krugerhodges\\\/\",\"https:\\\/\\\/www.linkedin.com\\\/company\\\/kruger-hodges-hometown-injury-lawyers\\\/\",\"https:\\\/\\\/www.youtube.com\\\/channel\\\/UCeYcMaMaN2rb9jMlqt4EIdQ\",\"https:\\\/\\\/www.tiktok.com\\\/@thehometownlawyer\"]}]}<\/script>\n<!-- \/ Yoast SEO plugin. -->","yoast_head_json":{"title":"Abogados de accidentes por conducir ebrio que prestan servicios en Oxford, Ohio | & Hodges","description":"Si result\u00f3 herido en un accidente por conducir ebrio, es posible que est\u00e9 enfrentando una variedad de emociones. La frustraci\u00f3n, la ira, el dolor, la","robots":{"index":"index","follow":"follow","max-snippet":"max-snippet:-1","max-image-preview":"max-image-preview:large","max-video-preview":"max-video-preview:-1"},"canonical":"https:\/\/thehometownlawyers.com\/es\/abogados-de-lesiones-personales-que-prestan-servicios-en-oxford-ohio\/abogados-de-accidentes-automovilisticos-en-oxford-ohio\/abogados-de-accidentes-por-conducir-ebrio-que-prestan-servicios-en-oxford-ohio\/","og_locale":"es_MX","og_type":"article","og_title":"Abogados de accidentes por conducir ebrio que prestan servicios en Oxford, Ohio | & Hodges","og_description":"Si result\u00f3 herido en un accidente por conducir ebrio, es posible que est\u00e9 enfrentando una variedad de emociones. La frustraci\u00f3n, la ira, el dolor, la","og_url":"https:\/\/thehometownlawyers.com\/es\/abogados-de-lesiones-personales-que-prestan-servicios-en-oxford-ohio\/abogados-de-accidentes-automovilisticos-en-oxford-ohio\/abogados-de-accidentes-por-conducir-ebrio-que-prestan-servicios-en-oxford-ohio\/","og_site_name":"Kruger &amp; Hodges Abogados De Lesiones","article_publisher":"https:\/\/www.facebook.com\/KrugerHodges\/","article_modified_time":"2025-01-22T14:54:31+00:00","og_image":[{"width":1920,"height":1080,"url":"https:\/\/thehometownlawyers.com\/wp-content\/uploads\/2021\/08\/dui-breathalizer.jpg","type":"image\/jpeg"}],"twitter_card":"summary_large_image","twitter_misc":{"Tiempo de lectura":"4 minutos"},"schema":{"@context":"https:\/\/schema.org","@graph":[{"@type":"WebPage","@id":"https:\/\/thehometownlawyers.com\/es\/abogados-de-lesiones-personales-que-prestan-servicios-en-oxford-ohio\/abogados-de-accidentes-automovilisticos-en-oxford-ohio\/abogados-de-accidentes-por-conducir-ebrio-que-prestan-servicios-en-oxford-ohio\/","url":"https:\/\/thehometownlawyers.com\/es\/abogados-de-lesiones-personales-que-prestan-servicios-en-oxford-ohio\/abogados-de-accidentes-automovilisticos-en-oxford-ohio\/abogados-de-accidentes-por-conducir-ebrio-que-prestan-servicios-en-oxford-ohio\/","name":"Abogados de accidentes por conducir ebrio que prestan servicios en Oxford, Ohio | & Hodges","isPartOf":{"@id":"https:\/\/thehometownlawyers.com\/es\/#website"},"primaryImageOfPage":{"@id":"https:\/\/thehometownlawyers.com\/es\/abogados-de-lesiones-personales-que-prestan-servicios-en-oxford-ohio\/abogados-de-accidentes-automovilisticos-en-oxford-ohio\/abogados-de-accidentes-por-conducir-ebrio-que-prestan-servicios-en-oxford-ohio\/#primaryimage"},"image":{"@id":"https:\/\/thehometownlawyers.com\/es\/abogados-de-lesiones-personales-que-prestan-servicios-en-oxford-ohio\/abogados-de-accidentes-automovilisticos-en-oxford-ohio\/abogados-de-accidentes-por-conducir-ebrio-que-prestan-servicios-en-oxford-ohio\/#primaryimage"},"thumbnailUrl":"https:\/\/thehometownlawyers.com\/wp-content\/uploads\/2025\/03\/oxford-car-accident-lawyer-drunk-driving.jpg","datePublished":"2020-03-04T21:21:52+00:00","dateModified":"2025-01-22T14:54:31+00:00","description":"Si result\u00f3 herido en un accidente por conducir ebrio, es posible que est\u00e9 enfrentando una variedad de emociones. La frustraci\u00f3n, la ira, el dolor, la","breadcrumb":{"@id":"https:\/\/thehometownlawyers.com\/es\/abogados-de-lesiones-personales-que-prestan-servicios-en-oxford-ohio\/abogados-de-accidentes-automovilisticos-en-oxford-ohio\/abogados-de-accidentes-por-conducir-ebrio-que-prestan-servicios-en-oxford-ohio\/#breadcrumb"},"inLanguage":"es","potentialAction":[{"@type":"ReadAction","target":["https:\/\/thehometownlawyers.com\/es\/abogados-de-lesiones-personales-que-prestan-servicios-en-oxford-ohio\/abogados-de-accidentes-automovilisticos-en-oxford-ohio\/abogados-de-accidentes-por-conducir-ebrio-que-prestan-servicios-en-oxford-ohio\/"]}]},{"@type":"ImageObject","inLanguage":"es","@id":"https:\/\/thehometownlawyers.com\/es\/abogados-de-lesiones-personales-que-prestan-servicios-en-oxford-ohio\/abogados-de-accidentes-automovilisticos-en-oxford-ohio\/abogados-de-accidentes-por-conducir-ebrio-que-prestan-servicios-en-oxford-ohio\/#primaryimage","url":"https:\/\/thehometownlawyers.com\/wp-content\/uploads\/2025\/03\/oxford-car-accident-lawyer-drunk-driving.jpg","contentUrl":"https:\/\/thehometownlawyers.com\/wp-content\/uploads\/2025\/03\/oxford-car-accident-lawyer-drunk-driving.jpg","width":768,"height":512,"caption":"Police officer wearing uniform checking driving license of man driver."},{"@type":"BreadcrumbList","@id":"https:\/\/thehometownlawyers.com\/es\/abogados-de-lesiones-personales-que-prestan-servicios-en-oxford-ohio\/abogados-de-accidentes-automovilisticos-en-oxford-ohio\/abogados-de-accidentes-por-conducir-ebrio-que-prestan-servicios-en-oxford-ohio\/#breadcrumb","itemListElement":[{"@type":"ListItem","position":1,"name":"Home","item":"https:\/\/thehometownlawyers.com\/es\/"},{"@type":"ListItem","position":2,"name":"Abogado de Lesiones Personales en Oxford","item":"https:\/\/thehometownlawyers.com\/es\/abogados-de-lesiones-personales-que-prestan-servicios-en-oxford-ohio\/"},{"@type":"ListItem","position":3,"name":"Abogado de Accidente Automovil\u00edstico en Oxford","item":"https:\/\/thehometownlawyers.com\/es\/abogados-de-lesiones-personales-que-prestan-servicios-en-oxford-ohio\/abogados-de-accidentes-automovilisticos-en-oxford-ohio\/"},{"@type":"ListItem","position":4,"name":"Abogados de accidentes por conducir ebrio que prestan servicios en Oxford, Ohio"}]},{"@type":"WebSite","@id":"https:\/\/thehometownlawyers.com\/es\/#website","url":"https:\/\/thehometownlawyers.com\/es\/","name":"Kruger & Hodges Hometown Injury Lawyers | Accident Attorneys","description":"Attorneys for Car, Truck and Motorcycle Accidents, Personal Injuries, and Criminal Defense.","publisher":{"@id":"https:\/\/thehometownlawyers.com\/es\/#organization"},"alternateName":"Kruger & Hodges Personal Injury Lawyers","inLanguage":"es"},{"@type":"Organization","@id":"https:\/\/thehometownlawyers.com\/es\/#organization","name":"Kruger & Hodges Hometown Injury Lawyers","alternateName":"Kruger & Hodges","url":"https:\/\/thehometownlawyers.com\/es\/","logo":{"@type":"ImageObject","inLanguage":"es","@id":"https:\/\/thehometownlawyers.com\/es\/#\/schema\/logo\/image\/","url":"https:\/\/thehometownlawyers.com\/wp-content\/uploads\/2025\/12\/revised-kh-logo-vertical-white-background-scaled.png","contentUrl":"https:\/\/thehometownlawyers.com\/wp-content\/uploads\/2025\/12\/revised-kh-logo-vertical-white-background-scaled.png","width":2560,"height":1440,"caption":"Kruger & Hodges Hometown Injury Lawyers"},"image":{"@id":"https:\/\/thehometownlawyers.com\/es\/#\/schema\/logo\/image\/"},"sameAs":["https:\/\/www.facebook.com\/KrugerHodges\/","https:\/\/www.instagram.com\/krugerhodges\/","https:\/\/www.linkedin.com\/company\/kruger-hodges-hometown-injury-lawyers\/","https:\/\/www.youtube.com\/channel\/UCeYcMaMaN2rb9jMlqt4EIdQ","https:\/\/www.tiktok.com\/@thehometownlawyer"]}]}},"_links":{"self":[{"href":"https:\/\/thehometownlawyers.com\/es\/wp-json\/wp\/v2\/pages\/21247","targetHints":{"allow":["GET"]}}],"collection":[{"href":"https:\/\/thehometownlawyers.com\/es\/wp-json\/wp\/v2\/pages"}],"about":[{"href":"https:\/\/thehometownlawyers.com\/es\/wp-json\/wp\/v2\/types\/page"}],"author":[{"embeddable":true,"href":"https:\/\/thehometownlawyers.com\/es\/wp-json\/wp\/v2\/users\/7"}],"replies":[{"embeddable":true,"href":"https:\/\/thehometownlawyers.com\/es\/wp-json\/wp\/v2\/comments?post=21247"}],"version-history":[{"count":0,"href":"https:\/\/thehometownlawyers.com\/es\/wp-json\/wp\/v2\/pages\/21247\/revisions"}],"up":[{"embeddable":true,"href":"https:\/\/thehometownlawyers.com\/es\/wp-json\/wp\/v2\/pages\/21220"}],"wp:featuredmedia":[{"embeddable":true,"href":"https:\/\/thehometownlawyers.com\/es\/wp-json\/wp\/v2\/media\/24539"}],"wp:attachment":[{"href":"https:\/\/thehometownlawyers.com\/es\/wp-json\/wp\/v2\/media?parent=21247"}],"wp:term":[{"taxonomy":"hc_faqs","embeddable":true,"href":"https:\/\/thehometownlawyers.com\/es\/wp-json\/wp\/v2\/hc_faqs?post=21247"},{"taxonomy":"hc_spanish_faqs","embeddable":true,"href":"https:\/\/thehometownlawyers.com\/es\/wp-json\/wp\/v2\/hc_spanish_faqs?post=21247"}],"curies":[{"name":"wp","href":"https:\/\/api.w.org\/{rel}","templated":true}]}}