{"id":21248,"date":"2020-03-04T16:00:52","date_gmt":"2020-03-04T21:00:52","guid":{"rendered":"https:\/\/thehometownlawyers.com\/?page_id=21248"},"modified":"2025-01-31T10:51:01","modified_gmt":"2025-01-31T15:51:01","slug":"abogados-de-lesiones-personales-que-prestan-servicios-en-oxford-ohio","status":"publish","type":"page","link":"https:\/\/thehometownlawyers.com\/es\/abogados-de-lesiones-personales-que-prestan-servicios-en-oxford-ohio\/","title":{"rendered":"Abogado de Lesiones Personales en Oxford"},"content":{"rendered":"<p>Kruger &amp; Hodges Attorneys at Law es un bufete de abogados de accidentes que presta servicios en Oxford, Ohio. Si result\u00f3 herido en un accidente automovil\u00edstico, un accidente de cami\u00f3n, un accidente de motocicleta, un accidente peatonal, un accidente por conducir ebrio o un accidente de autob\u00fas, es posible que tenga muchas preguntas sobre los pr\u00f3ximos pasos que puede tomar para proteger sus derechos. Es posible que usted y su familia enfrenten facturas m\u00e9dicas inesperadas, costos de rehabilitaci\u00f3n, salarios perdidos y otros da\u00f1os. Puede tener derecho a buscar una compensaci\u00f3n de las partes responsables y sus aseguradoras. Sin embargo, es posible que solo tenga una cantidad limitada de tiempo para presentar un reclamo seg\u00fan la ley. Si usted o alguien a quien ama result\u00f3 herido en un accidente en Oxford, Ohio, considere comunicarse con Kruger &amp; Hodges Attorneys at Law, un bufete de abogados de accidentes que lucha hoy por los derechos de los heridos.<\/p>\n<h2>\u00bfTengo un reclamo por lesiones personales en Oxford, Ohio?<\/h2>\n<p>Si ha resultado herido debido a la negligencia o descuido de otra persona o parte en Oxford, Ohio, es posible que tenga derecho a reclamar da\u00f1os y perjuicios conforme a la ley. Seg\u00fan la ley de Ohio, las v\u00edctimas y sus familias pueden solicitar una compensaci\u00f3n despu\u00e9s de un accidente, si la otra parte tuvo el 51% o m\u00e1s de la culpa del accidente. Los accidentes automovil\u00edsticos y automovil\u00edsticos pueden ocurrir por varias razones. La conducci\u00f3n distra\u00edda, la conducci\u00f3n en estado de ebriedad, el exceso de velocidad y el incumplimiento de las normas de tr\u00e1nsito pueden provocar accidentes. Los conductores que se saltan los sem\u00e1foros en rojo, las se\u00f1ales de alto, los cambios de carril o los giros inadecuados pueden provocar accidentes. Si result\u00f3 herido en un accidente en Oxford, Ohio y cree que el otro conductor tuvo la culpa, es posible que pueda reclamar da\u00f1os por sus costos m\u00e9dicos, salarios perdidos, dolor y sufrimiento y otras p\u00e9rdidas. Kruger &amp; Hodges Attorneys at Law es un bufete de abogados de lesiones personales que presta servicios en Oxford, Ohio, que puede ayudarlo con su reclamo.<\/p>\n<p class=\"rs-content-cta rs-content-cta-small\">Para una consulta legal gratuita, llame al <a href=\"tel:+15138943333\">513-894-3333 <\/a><\/p><h2>\u00bfCu\u00e1l es el valor de mi reclamo por lesiones personales?<\/h2>\n<p>El valor de su reclamo por lesiones personales depender\u00e1 de varios factores, incluido el porcentaje de culpa del otro conductor, el valor de sus costos m\u00e9dicos y gastos de rehabilitaci\u00f3n, sus salarios perdidos y la gravedad de su lesi\u00f3n o discapacidad. Los abogados de lesiones personales de Kruger &amp; Hodges Attorneys at Law que prestan servicios en Oxford, Ohio, pueden ayudarlo. Podemos evaluar su reclamo para construir un caso que demuestre la negligencia de la otra parte en base a los hechos del accidente. Podemos revisar sus gastos m\u00e9dicos y de rehabilitaci\u00f3n y hablar con expertos para estimar sus futuros costos m\u00e9dicos y de rehabilitaci\u00f3n. Si qued\u00f3 discapacitado como resultado de su accidente y no podr\u00e1 trabajar en el futuro, es posible que pueda solicitar una compensaci\u00f3n por sus salarios perdidos futuros, as\u00ed como por sus salarios perdidos en el pasado.<\/p>\n<p>Tambi\u00e9n puede tener derecho a reclamar da\u00f1os y perjuicios por su dolor y sufrimiento. Las v\u00edctimas que est\u00e1n gravemente lesionadas o discapacitadas despu\u00e9s de un accidente pueden verse incapaces de disfrutar de las actividades normales de la vida, pueden enfrentarse a cambios importantes en el estilo de vida y pueden tener dificultades para cuidar de la familia, trabajar o disfrutar el tiempo con sus seres queridos de la manera alguna vez lo hicieron. Los da\u00f1os por dolor y sufrimiento est\u00e1n dise\u00f1ados para compensar a las v\u00edctimas por estas p\u00e9rdidas a veces intangibles. Sus da\u00f1os por dolor y sufrimiento generalmente se basan en la gravedad de su lesi\u00f3n.<\/p>\n<p>Los abogados especializados en accidentes de Kruger &amp; Hodges Attorneys at Law que prestan servicios en Oxford, Ohio, pueden ayudarlo a estimar el valor de su demanda por lesiones personales. Conocer el valor potencial de su reclamo es importante cuando se negocia con los ajustadores de seguros y cuando se buscan da\u00f1os por parte de las partes negligentes. Antes de aceptar un acuerdo de las compa\u00f1\u00edas de seguros, querr\u00e1 asegurarse de que el acuerdo refleje el valor de su reclamo. Kruger &amp; Hodges Attorneys at Law es un bufete de abogados de lesiones personales que puede revisar su caso, estimar el valor de sus da\u00f1os y ayudarlo con los pr\u00f3ximos pasos. P\u00f3ngase en contacto con nuestros abogados de accidentes hoy para obtener m\u00e1s informaci\u00f3n.<\/p>\n<p class=\"rs-content-cta rs-content-cta-small\">Llame o env\u00ede un mensaje de texto al <a href=\"tel:+15138943333\">513-894-3333<\/a> o complete una <a href=\"\/es\/contacto\/\">evaluaci\u00f3n gratuita de su caso<\/a><\/p>","protected":false},"excerpt":{"rendered":"<p>Kruger &amp; Hodges Attorneys at Law es un bufete de abogados de accidentes que presta servicios en Oxford, Ohio. Si result\u00f3 herido en un accidente automovil\u00edstico, un accidente de cami\u00f3n, un accidente de motocicleta, un accidente peatonal, un accidente por conducir ebrio o un accidente de autob\u00fas, es posible que tenga muchas preguntas sobre los &#8230;<\/p>\n","protected":false},"author":7,"featured_media":26406,"parent":0,"menu_order":0,"comment_status":"closed","ping_status":"closed","template":"","meta":{"_acf_changed":false,"inline_featured_image":false,"_genesis_hide_title":false,"_genesis_hide_breadcrumbs":false,"_genesis_hide_singular_image":false,"_genesis_hide_footer_widgets":false,"_genesis_custom_body_class":"","_genesis_custom_post_class":"","_genesis_layout":"","footnotes":""},"hc_faqs":[],"hc_spanish_faqs":[],"class_list":{"0":"post-21248","1":"page","2":"type-page","3":"status-publish","4":"has-post-thumbnail","6":"hc_city_location-oxford-es","7":"entry"},"acf":[],"yoast_head":"<!-- This site is optimized with the Yoast SEO plugin v27.4 - https:\/\/yoast.com\/product\/yoast-seo-wordpress\/ -->\n<title>Abogados de accidentes por conducir ebrio que prestan servicios en Oxford, Ohio: Consulta gratuita<\/title>\n<meta name=\"description\" content=\"Kruger &amp; Hodges Attorneys at Law es un bufete de abogados de accidentes que presta servicios en Oxford, Ohio. Si result\u00f3 herido en un accidente\" \/>\n<meta name=\"robots\" content=\"index, follow, max-snippet:-1, max-image-preview:large, max-video-preview:-1\" \/>\n<link rel=\"canonical\" href=\"https:\/\/thehometownlawyers.com\/es\/abogados-de-lesiones-personales-que-prestan-servicios-en-oxford-ohio\/\" \/>\n<meta property=\"og:locale\" content=\"es_MX\" \/>\n<meta property=\"og:type\" content=\"article\" \/>\n<meta property=\"og:title\" content=\"Abogados de accidentes por conducir ebrio que prestan servicios en Oxford, Ohio: Consulta gratuita\" \/>\n<meta property=\"og:description\" content=\"Kruger &amp; Hodges Attorneys at Law es un bufete de abogados de accidentes que presta servicios en Oxford, Ohio. Si result\u00f3 herido en un accidente\" \/>\n<meta property=\"og:url\" content=\"https:\/\/thehometownlawyers.com\/es\/abogados-de-lesiones-personales-que-prestan-servicios-en-oxford-ohio\/\" \/>\n<meta property=\"og:site_name\" content=\"Kruger &amp; Hodges Abogados De Lesiones\" \/>\n<meta property=\"article:publisher\" content=\"https:\/\/www.facebook.com\/KrugerHodges\/\" \/>\n<meta property=\"article:modified_time\" content=\"2025-01-31T15:51:01+00:00\" \/>\n<meta property=\"og:image\" content=\"https:\/\/thehometownlawyers.com\/wp-content\/uploads\/2026\/02\/TEAM-PHOTO-2026-scaled.jpg\" \/>\n\t<meta property=\"og:image:width\" content=\"2560\" \/>\n\t<meta property=\"og:image:height\" content=\"1689\" \/>\n\t<meta property=\"og:image:type\" content=\"image\/jpeg\" \/>\n<meta name=\"twitter:card\" content=\"summary_large_image\" \/>\n<meta name=\"twitter:label1\" content=\"Tiempo de lectura\" \/>\n\t<meta name=\"twitter:data1\" content=\"4 minutos\" \/>\n<script type=\"application\/ld+json\" class=\"yoast-schema-graph\">{\"@context\":\"https:\\\/\\\/schema.org\",\"@graph\":[{\"@type\":\"WebPage\",\"@id\":\"https:\\\/\\\/thehometownlawyers.com\\\/es\\\/abogados-de-lesiones-personales-que-prestan-servicios-en-oxford-ohio\\\/\",\"url\":\"https:\\\/\\\/thehometownlawyers.com\\\/es\\\/abogados-de-lesiones-personales-que-prestan-servicios-en-oxford-ohio\\\/\",\"name\":\"Abogados de accidentes por conducir ebrio que prestan servicios en Oxford, Ohio: Consulta gratuita\",\"isPartOf\":{\"@id\":\"https:\\\/\\\/thehometownlawyers.com\\\/es\\\/#website\"},\"primaryImageOfPage\":{\"@id\":\"https:\\\/\\\/thehometownlawyers.com\\\/es\\\/abogados-de-lesiones-personales-que-prestan-servicios-en-oxford-ohio\\\/#primaryimage\"},\"image\":{\"@id\":\"https:\\\/\\\/thehometownlawyers.com\\\/es\\\/abogados-de-lesiones-personales-que-prestan-servicios-en-oxford-ohio\\\/#primaryimage\"},\"thumbnailUrl\":\"https:\\\/\\\/thehometownlawyers.com\\\/wp-content\\\/uploads\\\/2026\\\/02\\\/TEAM-PHOTO-2026-scaled.jpg\",\"datePublished\":\"2020-03-04T21:00:52+00:00\",\"dateModified\":\"2025-01-31T15:51:01+00:00\",\"description\":\"Kruger &amp; Hodges Attorneys at Law es un bufete de abogados de accidentes que presta servicios en Oxford, Ohio. Si result\u00f3 herido en un accidente\",\"breadcrumb\":{\"@id\":\"https:\\\/\\\/thehometownlawyers.com\\\/es\\\/abogados-de-lesiones-personales-que-prestan-servicios-en-oxford-ohio\\\/#breadcrumb\"},\"inLanguage\":\"es\",\"potentialAction\":[{\"@type\":\"ReadAction\",\"target\":[\"https:\\\/\\\/thehometownlawyers.com\\\/es\\\/abogados-de-lesiones-personales-que-prestan-servicios-en-oxford-ohio\\\/\"]}]},{\"@type\":\"ImageObject\",\"inLanguage\":\"es\",\"@id\":\"https:\\\/\\\/thehometownlawyers.com\\\/es\\\/abogados-de-lesiones-personales-que-prestan-servicios-en-oxford-ohio\\\/#primaryimage\",\"url\":\"https:\\\/\\\/thehometownlawyers.com\\\/wp-content\\\/uploads\\\/2026\\\/02\\\/TEAM-PHOTO-2026-scaled.jpg\",\"contentUrl\":\"https:\\\/\\\/thehometownlawyers.com\\\/wp-content\\\/uploads\\\/2026\\\/02\\\/TEAM-PHOTO-2026-scaled.jpg\",\"width\":2560,\"height\":1689,\"caption\":\"KRUGER & HODGES TEAM PHOTO\"},{\"@type\":\"BreadcrumbList\",\"@id\":\"https:\\\/\\\/thehometownlawyers.com\\\/es\\\/abogados-de-lesiones-personales-que-prestan-servicios-en-oxford-ohio\\\/#breadcrumb\",\"itemListElement\":[{\"@type\":\"ListItem\",\"position\":1,\"name\":\"Home\",\"item\":\"https:\\\/\\\/thehometownlawyers.com\\\/es\\\/\"},{\"@type\":\"ListItem\",\"position\":2,\"name\":\"Abogado de Lesiones Personales en Oxford\"}]},{\"@type\":\"WebSite\",\"@id\":\"https:\\\/\\\/thehometownlawyers.com\\\/es\\\/#website\",\"url\":\"https:\\\/\\\/thehometownlawyers.com\\\/es\\\/\",\"name\":\"Kruger & Hodges Hometown Injury Lawyers | Accident Attorneys\",\"description\":\"Attorneys for Car, Truck and Motorcycle Accidents, Personal Injuries, and Criminal Defense.\",\"publisher\":{\"@id\":\"https:\\\/\\\/thehometownlawyers.com\\\/es\\\/#organization\"},\"alternateName\":\"Kruger & Hodges Personal Injury Lawyers\",\"inLanguage\":\"es\"},{\"@type\":\"Organization\",\"@id\":\"https:\\\/\\\/thehometownlawyers.com\\\/es\\\/#organization\",\"name\":\"Kruger & Hodges Hometown Injury Lawyers\",\"alternateName\":\"Kruger & Hodges\",\"url\":\"https:\\\/\\\/thehometownlawyers.com\\\/es\\\/\",\"logo\":{\"@type\":\"ImageObject\",\"inLanguage\":\"es\",\"@id\":\"https:\\\/\\\/thehometownlawyers.com\\\/es\\\/#\\\/schema\\\/logo\\\/image\\\/\",\"url\":\"https:\\\/\\\/thehometownlawyers.com\\\/wp-content\\\/uploads\\\/2025\\\/12\\\/revised-kh-logo-vertical-white-background-scaled.png\",\"contentUrl\":\"https:\\\/\\\/thehometownlawyers.com\\\/wp-content\\\/uploads\\\/2025\\\/12\\\/revised-kh-logo-vertical-white-background-scaled.png\",\"width\":2560,\"height\":1440,\"caption\":\"Kruger & Hodges Hometown Injury Lawyers\"},\"image\":{\"@id\":\"https:\\\/\\\/thehometownlawyers.com\\\/es\\\/#\\\/schema\\\/logo\\\/image\\\/\"},\"sameAs\":[\"https:\\\/\\\/www.facebook.com\\\/KrugerHodges\\\/\",\"https:\\\/\\\/www.instagram.com\\\/krugerhodges\\\/\",\"https:\\\/\\\/www.linkedin.com\\\/company\\\/kruger-hodges-hometown-injury-lawyers\\\/\",\"https:\\\/\\\/www.youtube.com\\\/channel\\\/UCeYcMaMaN2rb9jMlqt4EIdQ\",\"https:\\\/\\\/www.tiktok.com\\\/@thehometownlawyer\"]}]}<\/script>\n<!-- \/ Yoast SEO plugin. -->","yoast_head_json":{"title":"Abogados de accidentes por conducir ebrio que prestan servicios en Oxford, Ohio: Consulta gratuita","description":"Kruger &amp; Hodges Attorneys at Law es un bufete de abogados de accidentes que presta servicios en Oxford, Ohio. Si result\u00f3 herido en un accidente","robots":{"index":"index","follow":"follow","max-snippet":"max-snippet:-1","max-image-preview":"max-image-preview:large","max-video-preview":"max-video-preview:-1"},"canonical":"https:\/\/thehometownlawyers.com\/es\/abogados-de-lesiones-personales-que-prestan-servicios-en-oxford-ohio\/","og_locale":"es_MX","og_type":"article","og_title":"Abogados de accidentes por conducir ebrio que prestan servicios en Oxford, Ohio: Consulta gratuita","og_description":"Kruger &amp; Hodges Attorneys at Law es un bufete de abogados de accidentes que presta servicios en Oxford, Ohio. Si result\u00f3 herido en un accidente","og_url":"https:\/\/thehometownlawyers.com\/es\/abogados-de-lesiones-personales-que-prestan-servicios-en-oxford-ohio\/","og_site_name":"Kruger &amp; Hodges Abogados De Lesiones","article_publisher":"https:\/\/www.facebook.com\/KrugerHodges\/","article_modified_time":"2025-01-31T15:51:01+00:00","og_image":[{"width":2560,"height":1689,"url":"https:\/\/thehometownlawyers.com\/wp-content\/uploads\/2026\/02\/TEAM-PHOTO-2026-scaled.jpg","type":"image\/jpeg"}],"twitter_card":"summary_large_image","twitter_misc":{"Tiempo de lectura":"4 minutos"},"schema":{"@context":"https:\/\/schema.org","@graph":[{"@type":"WebPage","@id":"https:\/\/thehometownlawyers.com\/es\/abogados-de-lesiones-personales-que-prestan-servicios-en-oxford-ohio\/","url":"https:\/\/thehometownlawyers.com\/es\/abogados-de-lesiones-personales-que-prestan-servicios-en-oxford-ohio\/","name":"Abogados de accidentes por conducir ebrio que prestan servicios en Oxford, Ohio: Consulta gratuita","isPartOf":{"@id":"https:\/\/thehometownlawyers.com\/es\/#website"},"primaryImageOfPage":{"@id":"https:\/\/thehometownlawyers.com\/es\/abogados-de-lesiones-personales-que-prestan-servicios-en-oxford-ohio\/#primaryimage"},"image":{"@id":"https:\/\/thehometownlawyers.com\/es\/abogados-de-lesiones-personales-que-prestan-servicios-en-oxford-ohio\/#primaryimage"},"thumbnailUrl":"https:\/\/thehometownlawyers.com\/wp-content\/uploads\/2026\/02\/TEAM-PHOTO-2026-scaled.jpg","datePublished":"2020-03-04T21:00:52+00:00","dateModified":"2025-01-31T15:51:01+00:00","description":"Kruger &amp; Hodges Attorneys at Law es un bufete de abogados de accidentes que presta servicios en Oxford, Ohio. Si result\u00f3 herido en un accidente","breadcrumb":{"@id":"https:\/\/thehometownlawyers.com\/es\/abogados-de-lesiones-personales-que-prestan-servicios-en-oxford-ohio\/#breadcrumb"},"inLanguage":"es","potentialAction":[{"@type":"ReadAction","target":["https:\/\/thehometownlawyers.com\/es\/abogados-de-lesiones-personales-que-prestan-servicios-en-oxford-ohio\/"]}]},{"@type":"ImageObject","inLanguage":"es","@id":"https:\/\/thehometownlawyers.com\/es\/abogados-de-lesiones-personales-que-prestan-servicios-en-oxford-ohio\/#primaryimage","url":"https:\/\/thehometownlawyers.com\/wp-content\/uploads\/2026\/02\/TEAM-PHOTO-2026-scaled.jpg","contentUrl":"https:\/\/thehometownlawyers.com\/wp-content\/uploads\/2026\/02\/TEAM-PHOTO-2026-scaled.jpg","width":2560,"height":1689,"caption":"KRUGER & HODGES TEAM PHOTO"},{"@type":"BreadcrumbList","@id":"https:\/\/thehometownlawyers.com\/es\/abogados-de-lesiones-personales-que-prestan-servicios-en-oxford-ohio\/#breadcrumb","itemListElement":[{"@type":"ListItem","position":1,"name":"Home","item":"https:\/\/thehometownlawyers.com\/es\/"},{"@type":"ListItem","position":2,"name":"Abogado de Lesiones Personales en Oxford"}]},{"@type":"WebSite","@id":"https:\/\/thehometownlawyers.com\/es\/#website","url":"https:\/\/thehometownlawyers.com\/es\/","name":"Kruger & Hodges Hometown Injury Lawyers | Accident Attorneys","description":"Attorneys for Car, Truck and Motorcycle Accidents, Personal Injuries, and Criminal Defense.","publisher":{"@id":"https:\/\/thehometownlawyers.com\/es\/#organization"},"alternateName":"Kruger & Hodges Personal Injury Lawyers","inLanguage":"es"},{"@type":"Organization","@id":"https:\/\/thehometownlawyers.com\/es\/#organization","name":"Kruger & Hodges Hometown Injury Lawyers","alternateName":"Kruger & Hodges","url":"https:\/\/thehometownlawyers.com\/es\/","logo":{"@type":"ImageObject","inLanguage":"es","@id":"https:\/\/thehometownlawyers.com\/es\/#\/schema\/logo\/image\/","url":"https:\/\/thehometownlawyers.com\/wp-content\/uploads\/2025\/12\/revised-kh-logo-vertical-white-background-scaled.png","contentUrl":"https:\/\/thehometownlawyers.com\/wp-content\/uploads\/2025\/12\/revised-kh-logo-vertical-white-background-scaled.png","width":2560,"height":1440,"caption":"Kruger & Hodges Hometown Injury Lawyers"},"image":{"@id":"https:\/\/thehometownlawyers.com\/es\/#\/schema\/logo\/image\/"},"sameAs":["https:\/\/www.facebook.com\/KrugerHodges\/","https:\/\/www.instagram.com\/krugerhodges\/","https:\/\/www.linkedin.com\/company\/kruger-hodges-hometown-injury-lawyers\/","https:\/\/www.youtube.com\/channel\/UCeYcMaMaN2rb9jMlqt4EIdQ","https:\/\/www.tiktok.com\/@thehometownlawyer"]}]}},"_links":{"self":[{"href":"https:\/\/thehometownlawyers.com\/es\/wp-json\/wp\/v2\/pages\/21248","targetHints":{"allow":["GET"]}}],"collection":[{"href":"https:\/\/thehometownlawyers.com\/es\/wp-json\/wp\/v2\/pages"}],"about":[{"href":"https:\/\/thehometownlawyers.com\/es\/wp-json\/wp\/v2\/types\/page"}],"author":[{"embeddable":true,"href":"https:\/\/thehometownlawyers.com\/es\/wp-json\/wp\/v2\/users\/7"}],"replies":[{"embeddable":true,"href":"https:\/\/thehometownlawyers.com\/es\/wp-json\/wp\/v2\/comments?post=21248"}],"version-history":[{"count":0,"href":"https:\/\/thehometownlawyers.com\/es\/wp-json\/wp\/v2\/pages\/21248\/revisions"}],"wp:featuredmedia":[{"embeddable":true,"href":"https:\/\/thehometownlawyers.com\/es\/wp-json\/wp\/v2\/media\/26406"}],"wp:attachment":[{"href":"https:\/\/thehometownlawyers.com\/es\/wp-json\/wp\/v2\/media?parent=21248"}],"wp:term":[{"taxonomy":"hc_faqs","embeddable":true,"href":"https:\/\/thehometownlawyers.com\/es\/wp-json\/wp\/v2\/hc_faqs?post=21248"},{"taxonomy":"hc_spanish_faqs","embeddable":true,"href":"https:\/\/thehometownlawyers.com\/es\/wp-json\/wp\/v2\/hc_spanish_faqs?post=21248"}],"curies":[{"name":"wp","href":"https:\/\/api.w.org\/{rel}","templated":true}]}}