{"id":21249,"date":"2020-03-04T15:57:36","date_gmt":"2020-03-04T20:57:36","guid":{"rendered":"https:\/\/thehometownlawyers.com\/?page_id=21249"},"modified":"2025-01-31T10:51:39","modified_gmt":"2025-01-31T15:51:39","slug":"abogados-de-lesiones-personales-que-prestan-servicios-en-seven-mile-ohio","status":"publish","type":"page","link":"https:\/\/thehometownlawyers.com\/es\/abogados-de-lesiones-personales-que-prestan-servicios-en-seven-mile-ohio\/","title":{"rendered":"Abogado de Lesiones Personales en Seven Mile"},"content":{"rendered":"<p>\u00bfHa resultado herido en un accidente automovil\u00edstico en Seven Mile, Ohio? O, \u00bfresult\u00f3 lesionado en un accidente de cami\u00f3n, accidente de motocicleta, accidente de peat\u00f3n, accidente por conducir ebrio o accidente de autob\u00fas? Los abogados de lesiones personales de Kruger &amp; Hodges Attorneys at Law que prestan servicios en Seven Mile, Ohio, pueden ayudarlo. Nuestros abogados trabajan de cerca con las v\u00edctimas de accidentes y sus familias, ayud\u00e1ndolos a buscar da\u00f1os y recuperaciones de las partes negligentes. Despu\u00e9s de un accidente, es posible que usted y su familia est\u00e9n luchando con facturas m\u00e9dicas inesperadas, gastos de rehabilitaci\u00f3n, salarios perdidos debido a ausencias laborales y dolor y sufrimiento como resultado de cambios en el estilo de vida o discapacidad. Si ha resultado herido debido a la negligencia o negligencia de otra parte, es posible que tenga derecho a reclamar da\u00f1os y perjuicios por sus p\u00e9rdidas. Los abogados de lesiones personales de Kruger &amp; Hodges Attorneys at Law que prestan servicios en Seven Mile, Ohio, pueden ayudarlo a negociar con los ajustadores de seguros y responsabilizar a las partes responsables.<\/p>\n<h2>\u00bfCu\u00e1nto vale mi caso de lesiones personales?<\/h2>\n<p>El valor de su caso de lesiones personales depender\u00e1 de una variedad de factores. Los abogados especialistas en accidentes de Kruger &amp; Hodges Attorneys at Law pueden analizar detenidamente los detalles de su caso para determinar el grado en que la otra parte o partes podr\u00edan haber tenido la culpa. Las v\u00edctimas de accidentes pueden reclamar da\u00f1os y perjuicios cuando la otra parte es responsable del accidente. En Ohio, seg\u00fan la ley de culpa comparativa del estado, las v\u00edctimas solo pueden buscar recuperaci\u00f3n si tienen menos del 50% de la culpa del accidente. Determinar la culpa puede ser complicado en algunos casos de accidentes. Kruger &amp; Hodges Attorneys at Law es un bufete de abogados de lesiones personales que presta servicios en Seven Mile, Ohio, que puede revisar los informes policiales, los detalles de su accidente y otros factores para determinar qui\u00e9n pudo haber tenido la culpa y presentar el caso m\u00e1s s\u00f3lido posible bajo el ley. Si se determina que tiene parte de la culpa, pero no m\u00e1s del 50% de la culpa, su recuperaci\u00f3n puede reducirse seg\u00fan su porcentaje de culpa. Por lo tanto, si se determina que el valor de su caso es de $10,000 en da\u00f1os, pero se determina que usted tiene un 10 % de culpa por el accidente, y se determina que la otra parte tiene un 90 % de culpa, es posible que solo se le permita recuperar $9,000 en da\u00f1os.<\/p>\n<p>El otro factor que puede afectar el valor de su reclamo son sus p\u00e9rdidas reales. Los abogados especializados en accidentes de Kruger &amp; Hodges Attorneys at Law que prestan servicios en Seven Mile, Ohio, analizar\u00e1n de cerca sus gastos m\u00e9dicos, costos de rehabilitaci\u00f3n y salarios perdidos debido a d\u00edas de trabajo perdidos. Nuestra firma tambi\u00e9n puede analizar el tipo de lesiones o discapacidades que sufri\u00f3 y hablar con expertos para determinar cu\u00e1nto tiempo puede estar sin trabajo y cu\u00e1nto tiempo puede necesitar atenci\u00f3n m\u00e9dica. Nuestros abogados pueden entonces estimar el valor de los costos m\u00e9dicos futuros, los gastos de rehabilitaci\u00f3n y los salarios perdidos. Finalmente, nuestros abogados pueden estimar el valor de sus da\u00f1os por dolor y sufrimiento. Su dolor y sufrimiento despu\u00e9s de un accidente es real. Es posible que las v\u00edctimas ya no puedan participar en las actividades normales de la vida, que enfrenten un dolor real que interfiere con la vida cotidiana y que tengan dificultades para cuidar a sus familiares y seres queridos. Los abogados de Kruger &amp; Hodges son abogados de lesiones personales que prestan servicios en Seven Mile, Ohio, que pueden ayudarlo. Una vez que nuestros abogados tengan una estimaci\u00f3n de lo que podr\u00eda valer su reclamo, podemos hablar con los ajustadores de seguros y las partes negligentes para ayudarlo a buscar los da\u00f1os que puede merecer seg\u00fan la ley.<\/p>\n<p class=\"rs-content-cta rs-content-cta-small\">Para una consulta legal gratuita, llame al <a href=\"tel:+15138943333\">513-894-3333 <\/a><\/p><h2>Buscar justicia despu\u00e9s de un accidente<\/h2>\n<p>Si result\u00f3 herido en un accidente automovil\u00edstico, de cami\u00f3n, de motocicleta, de peat\u00f3n, de ebrio o de autob\u00fas en Seven Mile, Ohio, no est\u00e1 solo. Kruger &amp; Hodges Attorneys at Law, los abogados de lesiones personales que prestan servicios en Seven Mile, Ohio, pueden ayudarlo. Sin embargo, es posible que solo tenga una cantidad limitada de tiempo para presentar un reclamo. Comun\u00edquese con nuestros abogados hoy para obtener m\u00e1s informaci\u00f3n.<\/p>\n<p class=\"rs-content-cta rs-content-cta-small\">Llame o env\u00ede un mensaje de texto al <a href=\"tel:+15138943333\">513-894-3333<\/a> o complete una <a href=\"\/es\/contacto\/\">evaluaci\u00f3n gratuita de su caso<\/a><\/p>","protected":false},"excerpt":{"rendered":"<p>\u00bfHa resultado herido en un accidente automovil\u00edstico en Seven Mile, Ohio? O, \u00bfresult\u00f3 lesionado en un accidente de cami\u00f3n, accidente de motocicleta, accidente de peat\u00f3n, accidente por conducir ebrio o accidente de autob\u00fas? Los abogados de lesiones personales de Kruger &amp; Hodges Attorneys at Law que prestan servicios en Seven Mile, Ohio, pueden ayudarlo. Nuestros &#8230;<\/p>\n","protected":false},"author":7,"featured_media":26406,"parent":0,"menu_order":0,"comment_status":"closed","ping_status":"closed","template":"","meta":{"_acf_changed":false,"inline_featured_image":false,"_genesis_hide_title":false,"_genesis_hide_breadcrumbs":false,"_genesis_hide_singular_image":false,"_genesis_hide_footer_widgets":false,"_genesis_custom_body_class":"","_genesis_custom_post_class":"","_genesis_layout":"","footnotes":""},"hc_faqs":[],"hc_spanish_faqs":[],"class_list":{"0":"post-21249","1":"page","2":"type-page","3":"status-publish","4":"has-post-thumbnail","6":"hc_city_location-seven-mile-es","7":"entry"},"acf":[],"yoast_head":"<!-- This site is optimized with the Yoast SEO plugin v27.3 - https:\/\/yoast.com\/product\/yoast-seo-wordpress\/ -->\n<title>Abogados de lesiones personales que prestan servicios en Seven Mile, Ohio: Consulta gratuita<\/title>\n<meta name=\"description\" content=\"\u00bfHa resultado herido en un accidente automovil\u00edstico en Seven Mile, Ohio? O, \u00bfresult\u00f3 lesionado en un accidente de cami\u00f3n, accidente de motocicleta,\" \/>\n<meta name=\"robots\" content=\"index, follow, max-snippet:-1, max-image-preview:large, max-video-preview:-1\" \/>\n<link rel=\"canonical\" href=\"https:\/\/thehometownlawyers.com\/es\/abogados-de-lesiones-personales-que-prestan-servicios-en-seven-mile-ohio\/\" \/>\n<meta property=\"og:locale\" content=\"es_MX\" \/>\n<meta property=\"og:type\" content=\"article\" \/>\n<meta property=\"og:title\" content=\"Abogados de lesiones personales que prestan servicios en Seven Mile, Ohio: Consulta gratuita\" \/>\n<meta property=\"og:description\" content=\"\u00bfHa resultado herido en un accidente automovil\u00edstico en Seven Mile, Ohio? O, \u00bfresult\u00f3 lesionado en un accidente de cami\u00f3n, accidente de motocicleta,\" \/>\n<meta property=\"og:url\" content=\"https:\/\/thehometownlawyers.com\/es\/abogados-de-lesiones-personales-que-prestan-servicios-en-seven-mile-ohio\/\" \/>\n<meta property=\"og:site_name\" content=\"Kruger &amp; Hodges Abogados De Lesiones\" \/>\n<meta property=\"article:publisher\" content=\"https:\/\/www.facebook.com\/KrugerHodges\/\" \/>\n<meta property=\"article:modified_time\" content=\"2025-01-31T15:51:39+00:00\" \/>\n<meta property=\"og:image\" content=\"https:\/\/thehometownlawyers.com\/wp-content\/uploads\/2026\/02\/TEAM-PHOTO-2026-scaled.jpg\" \/>\n\t<meta property=\"og:image:width\" content=\"2560\" \/>\n\t<meta property=\"og:image:height\" content=\"1689\" \/>\n\t<meta property=\"og:image:type\" content=\"image\/jpeg\" \/>\n<meta name=\"twitter:card\" content=\"summary_large_image\" \/>\n<meta name=\"twitter:label1\" content=\"Tiempo de lectura\" \/>\n\t<meta name=\"twitter:data1\" content=\"4 minutos\" \/>\n<script type=\"application\/ld+json\" class=\"yoast-schema-graph\">{\"@context\":\"https:\\\/\\\/schema.org\",\"@graph\":[{\"@type\":\"WebPage\",\"@id\":\"https:\\\/\\\/thehometownlawyers.com\\\/es\\\/abogados-de-lesiones-personales-que-prestan-servicios-en-seven-mile-ohio\\\/\",\"url\":\"https:\\\/\\\/thehometownlawyers.com\\\/es\\\/abogados-de-lesiones-personales-que-prestan-servicios-en-seven-mile-ohio\\\/\",\"name\":\"Abogados de lesiones personales que prestan servicios en Seven Mile, Ohio: Consulta gratuita\",\"isPartOf\":{\"@id\":\"https:\\\/\\\/thehometownlawyers.com\\\/es\\\/#website\"},\"primaryImageOfPage\":{\"@id\":\"https:\\\/\\\/thehometownlawyers.com\\\/es\\\/abogados-de-lesiones-personales-que-prestan-servicios-en-seven-mile-ohio\\\/#primaryimage\"},\"image\":{\"@id\":\"https:\\\/\\\/thehometownlawyers.com\\\/es\\\/abogados-de-lesiones-personales-que-prestan-servicios-en-seven-mile-ohio\\\/#primaryimage\"},\"thumbnailUrl\":\"https:\\\/\\\/thehometownlawyers.com\\\/wp-content\\\/uploads\\\/2026\\\/02\\\/TEAM-PHOTO-2026-scaled.jpg\",\"datePublished\":\"2020-03-04T20:57:36+00:00\",\"dateModified\":\"2025-01-31T15:51:39+00:00\",\"description\":\"\u00bfHa resultado herido en un accidente automovil\u00edstico en Seven Mile, Ohio? O, \u00bfresult\u00f3 lesionado en un accidente de cami\u00f3n, accidente de motocicleta,\",\"breadcrumb\":{\"@id\":\"https:\\\/\\\/thehometownlawyers.com\\\/es\\\/abogados-de-lesiones-personales-que-prestan-servicios-en-seven-mile-ohio\\\/#breadcrumb\"},\"inLanguage\":\"es\",\"potentialAction\":[{\"@type\":\"ReadAction\",\"target\":[\"https:\\\/\\\/thehometownlawyers.com\\\/es\\\/abogados-de-lesiones-personales-que-prestan-servicios-en-seven-mile-ohio\\\/\"]}]},{\"@type\":\"ImageObject\",\"inLanguage\":\"es\",\"@id\":\"https:\\\/\\\/thehometownlawyers.com\\\/es\\\/abogados-de-lesiones-personales-que-prestan-servicios-en-seven-mile-ohio\\\/#primaryimage\",\"url\":\"https:\\\/\\\/thehometownlawyers.com\\\/wp-content\\\/uploads\\\/2026\\\/02\\\/TEAM-PHOTO-2026-scaled.jpg\",\"contentUrl\":\"https:\\\/\\\/thehometownlawyers.com\\\/wp-content\\\/uploads\\\/2026\\\/02\\\/TEAM-PHOTO-2026-scaled.jpg\",\"width\":2560,\"height\":1689,\"caption\":\"KRUGER & HODGES TEAM PHOTO\"},{\"@type\":\"BreadcrumbList\",\"@id\":\"https:\\\/\\\/thehometownlawyers.com\\\/es\\\/abogados-de-lesiones-personales-que-prestan-servicios-en-seven-mile-ohio\\\/#breadcrumb\",\"itemListElement\":[{\"@type\":\"ListItem\",\"position\":1,\"name\":\"Home\",\"item\":\"https:\\\/\\\/thehometownlawyers.com\\\/es\\\/\"},{\"@type\":\"ListItem\",\"position\":2,\"name\":\"Abogado de Lesiones Personales en Seven Mile\"}]},{\"@type\":\"WebSite\",\"@id\":\"https:\\\/\\\/thehometownlawyers.com\\\/es\\\/#website\",\"url\":\"https:\\\/\\\/thehometownlawyers.com\\\/es\\\/\",\"name\":\"Kruger & Hodges Hometown Injury Lawyers | Accident Attorneys\",\"description\":\"Attorneys for Car, Truck and Motorcycle Accidents, Personal Injuries, and Criminal Defense.\",\"publisher\":{\"@id\":\"https:\\\/\\\/thehometownlawyers.com\\\/es\\\/#organization\"},\"alternateName\":\"Kruger & Hodges Personal Injury Lawyers\",\"inLanguage\":\"es\"},{\"@type\":\"Organization\",\"@id\":\"https:\\\/\\\/thehometownlawyers.com\\\/es\\\/#organization\",\"name\":\"Kruger & Hodges Hometown Injury Lawyers\",\"alternateName\":\"Kruger & Hodges Accident Attorneys\",\"url\":\"https:\\\/\\\/thehometownlawyers.com\\\/es\\\/\",\"logo\":{\"@type\":\"ImageObject\",\"inLanguage\":\"es\",\"@id\":\"https:\\\/\\\/thehometownlawyers.com\\\/es\\\/#\\\/schema\\\/logo\\\/image\\\/\",\"url\":\"https:\\\/\\\/thehometownlawyers.com\\\/wp-content\\\/uploads\\\/2025\\\/12\\\/revised-kh-logo-vertical-white-background-scaled.png\",\"contentUrl\":\"https:\\\/\\\/thehometownlawyers.com\\\/wp-content\\\/uploads\\\/2025\\\/12\\\/revised-kh-logo-vertical-white-background-scaled.png\",\"width\":2560,\"height\":1440,\"caption\":\"Kruger & Hodges Hometown Injury Lawyers\"},\"image\":{\"@id\":\"https:\\\/\\\/thehometownlawyers.com\\\/es\\\/#\\\/schema\\\/logo\\\/image\\\/\"},\"sameAs\":[\"https:\\\/\\\/www.facebook.com\\\/KrugerHodges\\\/\",\"https:\\\/\\\/www.instagram.com\\\/krugerhodges\\\/\",\"https:\\\/\\\/www.linkedin.com\\\/company\\\/kruger-hodges-hometown-injury-lawyers\\\/\",\"https:\\\/\\\/www.youtube.com\\\/channel\\\/UCeYcMaMaN2rb9jMlqt4EIdQ\",\"https:\\\/\\\/www.tiktok.com\\\/@thehometownlawyer\"]}]}<\/script>\n<!-- \/ Yoast SEO plugin. -->","yoast_head_json":{"title":"Abogados de lesiones personales que prestan servicios en Seven Mile, Ohio: Consulta gratuita","description":"\u00bfHa resultado herido en un accidente automovil\u00edstico en Seven Mile, Ohio? O, \u00bfresult\u00f3 lesionado en un accidente de cami\u00f3n, accidente de motocicleta,","robots":{"index":"index","follow":"follow","max-snippet":"max-snippet:-1","max-image-preview":"max-image-preview:large","max-video-preview":"max-video-preview:-1"},"canonical":"https:\/\/thehometownlawyers.com\/es\/abogados-de-lesiones-personales-que-prestan-servicios-en-seven-mile-ohio\/","og_locale":"es_MX","og_type":"article","og_title":"Abogados de lesiones personales que prestan servicios en Seven Mile, Ohio: Consulta gratuita","og_description":"\u00bfHa resultado herido en un accidente automovil\u00edstico en Seven Mile, Ohio? O, \u00bfresult\u00f3 lesionado en un accidente de cami\u00f3n, accidente de motocicleta,","og_url":"https:\/\/thehometownlawyers.com\/es\/abogados-de-lesiones-personales-que-prestan-servicios-en-seven-mile-ohio\/","og_site_name":"Kruger &amp; Hodges Abogados De Lesiones","article_publisher":"https:\/\/www.facebook.com\/KrugerHodges\/","article_modified_time":"2025-01-31T15:51:39+00:00","og_image":[{"width":2560,"height":1689,"url":"https:\/\/thehometownlawyers.com\/wp-content\/uploads\/2026\/02\/TEAM-PHOTO-2026-scaled.jpg","type":"image\/jpeg"}],"twitter_card":"summary_large_image","twitter_misc":{"Tiempo de lectura":"4 minutos"},"schema":{"@context":"https:\/\/schema.org","@graph":[{"@type":"WebPage","@id":"https:\/\/thehometownlawyers.com\/es\/abogados-de-lesiones-personales-que-prestan-servicios-en-seven-mile-ohio\/","url":"https:\/\/thehometownlawyers.com\/es\/abogados-de-lesiones-personales-que-prestan-servicios-en-seven-mile-ohio\/","name":"Abogados de lesiones personales que prestan servicios en Seven Mile, Ohio: Consulta gratuita","isPartOf":{"@id":"https:\/\/thehometownlawyers.com\/es\/#website"},"primaryImageOfPage":{"@id":"https:\/\/thehometownlawyers.com\/es\/abogados-de-lesiones-personales-que-prestan-servicios-en-seven-mile-ohio\/#primaryimage"},"image":{"@id":"https:\/\/thehometownlawyers.com\/es\/abogados-de-lesiones-personales-que-prestan-servicios-en-seven-mile-ohio\/#primaryimage"},"thumbnailUrl":"https:\/\/thehometownlawyers.com\/wp-content\/uploads\/2026\/02\/TEAM-PHOTO-2026-scaled.jpg","datePublished":"2020-03-04T20:57:36+00:00","dateModified":"2025-01-31T15:51:39+00:00","description":"\u00bfHa resultado herido en un accidente automovil\u00edstico en Seven Mile, Ohio? O, \u00bfresult\u00f3 lesionado en un accidente de cami\u00f3n, accidente de motocicleta,","breadcrumb":{"@id":"https:\/\/thehometownlawyers.com\/es\/abogados-de-lesiones-personales-que-prestan-servicios-en-seven-mile-ohio\/#breadcrumb"},"inLanguage":"es","potentialAction":[{"@type":"ReadAction","target":["https:\/\/thehometownlawyers.com\/es\/abogados-de-lesiones-personales-que-prestan-servicios-en-seven-mile-ohio\/"]}]},{"@type":"ImageObject","inLanguage":"es","@id":"https:\/\/thehometownlawyers.com\/es\/abogados-de-lesiones-personales-que-prestan-servicios-en-seven-mile-ohio\/#primaryimage","url":"https:\/\/thehometownlawyers.com\/wp-content\/uploads\/2026\/02\/TEAM-PHOTO-2026-scaled.jpg","contentUrl":"https:\/\/thehometownlawyers.com\/wp-content\/uploads\/2026\/02\/TEAM-PHOTO-2026-scaled.jpg","width":2560,"height":1689,"caption":"KRUGER & HODGES TEAM PHOTO"},{"@type":"BreadcrumbList","@id":"https:\/\/thehometownlawyers.com\/es\/abogados-de-lesiones-personales-que-prestan-servicios-en-seven-mile-ohio\/#breadcrumb","itemListElement":[{"@type":"ListItem","position":1,"name":"Home","item":"https:\/\/thehometownlawyers.com\/es\/"},{"@type":"ListItem","position":2,"name":"Abogado de Lesiones Personales en Seven Mile"}]},{"@type":"WebSite","@id":"https:\/\/thehometownlawyers.com\/es\/#website","url":"https:\/\/thehometownlawyers.com\/es\/","name":"Kruger & Hodges Hometown Injury Lawyers | Accident Attorneys","description":"Attorneys for Car, Truck and Motorcycle Accidents, Personal Injuries, and Criminal Defense.","publisher":{"@id":"https:\/\/thehometownlawyers.com\/es\/#organization"},"alternateName":"Kruger & Hodges Personal Injury Lawyers","inLanguage":"es"},{"@type":"Organization","@id":"https:\/\/thehometownlawyers.com\/es\/#organization","name":"Kruger & Hodges Hometown Injury Lawyers","alternateName":"Kruger & Hodges Accident Attorneys","url":"https:\/\/thehometownlawyers.com\/es\/","logo":{"@type":"ImageObject","inLanguage":"es","@id":"https:\/\/thehometownlawyers.com\/es\/#\/schema\/logo\/image\/","url":"https:\/\/thehometownlawyers.com\/wp-content\/uploads\/2025\/12\/revised-kh-logo-vertical-white-background-scaled.png","contentUrl":"https:\/\/thehometownlawyers.com\/wp-content\/uploads\/2025\/12\/revised-kh-logo-vertical-white-background-scaled.png","width":2560,"height":1440,"caption":"Kruger & Hodges Hometown Injury Lawyers"},"image":{"@id":"https:\/\/thehometownlawyers.com\/es\/#\/schema\/logo\/image\/"},"sameAs":["https:\/\/www.facebook.com\/KrugerHodges\/","https:\/\/www.instagram.com\/krugerhodges\/","https:\/\/www.linkedin.com\/company\/kruger-hodges-hometown-injury-lawyers\/","https:\/\/www.youtube.com\/channel\/UCeYcMaMaN2rb9jMlqt4EIdQ","https:\/\/www.tiktok.com\/@thehometownlawyer"]}]}},"_links":{"self":[{"href":"https:\/\/thehometownlawyers.com\/es\/wp-json\/wp\/v2\/pages\/21249","targetHints":{"allow":["GET"]}}],"collection":[{"href":"https:\/\/thehometownlawyers.com\/es\/wp-json\/wp\/v2\/pages"}],"about":[{"href":"https:\/\/thehometownlawyers.com\/es\/wp-json\/wp\/v2\/types\/page"}],"author":[{"embeddable":true,"href":"https:\/\/thehometownlawyers.com\/es\/wp-json\/wp\/v2\/users\/7"}],"replies":[{"embeddable":true,"href":"https:\/\/thehometownlawyers.com\/es\/wp-json\/wp\/v2\/comments?post=21249"}],"version-history":[{"count":0,"href":"https:\/\/thehometownlawyers.com\/es\/wp-json\/wp\/v2\/pages\/21249\/revisions"}],"wp:featuredmedia":[{"embeddable":true,"href":"https:\/\/thehometownlawyers.com\/es\/wp-json\/wp\/v2\/media\/26406"}],"wp:attachment":[{"href":"https:\/\/thehometownlawyers.com\/es\/wp-json\/wp\/v2\/media?parent=21249"}],"wp:term":[{"taxonomy":"hc_faqs","embeddable":true,"href":"https:\/\/thehometownlawyers.com\/es\/wp-json\/wp\/v2\/hc_faqs?post=21249"},{"taxonomy":"hc_spanish_faqs","embeddable":true,"href":"https:\/\/thehometownlawyers.com\/es\/wp-json\/wp\/v2\/hc_spanish_faqs?post=21249"}],"curies":[{"name":"wp","href":"https:\/\/api.w.org\/{rel}","templated":true}]}}