{"id":21250,"date":"2020-03-04T16:13:08","date_gmt":"2020-03-04T21:13:08","guid":{"rendered":"https:\/\/thehometownlawyers.com\/?page_id=21250"},"modified":"2025-01-31T10:51:30","modified_gmt":"2025-01-31T15:51:30","slug":"abogados-de-accidentes-de-motocicleta-que-prestan-servicios-en-oxford-ohio","status":"publish","type":"page","link":"https:\/\/thehometownlawyers.com\/es\/abogados-de-lesiones-personales-que-prestan-servicios-en-oxford-ohio\/abogados-de-accidentes-de-motocicleta-que-prestan-servicios-en-oxford-ohio\/","title":{"rendered":"Abogado de Accidente de Motocicleta en Oxford"},"content":{"rendered":"<p>Nada puede reemplazar la emoci\u00f3n de conducir una motocicleta en la carretera. Seg\u00fan <a href=\"https:\/\/www.motorcycle.com\/2014\/02\/18\/motorcycle-news\/50-states-ranked-highest-motorcycle-ownership-per-capita\/\" target=\"_blank\" rel=\"noopener\">Motorcycle<\/a> , Ohio ocupa el puesto 16 en los <sup>EE<\/sup> . UU. en cantidad de motociclistas. Hay un estimado de 390,494 bicicletas registradas en el estado. Sin embargo, ser propietario y conducir una motocicleta conlleva responsabilidades y riesgos, riesgos que muchos motociclistas saben que est\u00e1n tomando. Sin embargo, cuando otros conductores cometen errores en la carretera, enviando mensajes de texto y conduciendo, acelerando, bebiendo y conduciendo, o teniendo comportamientos peligrosos mientras est\u00e1n en la carretera, las personas que a menudo terminan sufriendo las lesiones m\u00e1s graves son los propios motociclistas. Los motociclistas son usuarios vulnerables de la carretera. Las motocicletas carecen de un chasis protector, lo que significa que en un accidente, un ciclista puede salir despedido de la bicicleta, puede ser aplastado m\u00e1s f\u00e1cilmente por otros autom\u00f3viles o sufrir lesiones graves si golpea la carretera. Los pasajeros pueden sufrir lesiones en la cabeza, lesiones en la m\u00e9dula espinal, huesos rotos, erupciones en la carretera y otras lesiones graves. Si usted o un ser querido resultaron heridos en un accidente de motocicleta en Oxford, Ohio, los abogados de Kruger &amp; Hodges son abogados especialistas en accidentes de motocicleta que pueden ayudarlo. Nuestra firma puede revisar informes policiales, registros m\u00e9dicos y facturas, hablar con testigos y negociar con ajustadores de seguros para ayudarlo a obtener el acuerdo que merece seg\u00fan la ley. \u00bfTiene preguntas sobre sus derechos si ha resultado lesionado en un accidente de motocicleta? P\u00f3ngase en contacto con los abogados de accidentes de motocicleta de Kruger &amp; Hodges Attorneys at Law hoy.<\/p>\n<h2>Desaf\u00edos \u00fanicos que las v\u00edctimas de accidentes de motocicleta pueden enfrentar al buscar da\u00f1os y perjuicios despu\u00e9s de un accidente de motocicleta<\/h2>\n<p>Las v\u00edctimas de accidentes de motocicleta pueden enfrentar desaf\u00edos \u00fanicos al tratar de resolver un reclamo. Cuestiones como la parcialidad, el uso o no de un casco y lesiones m\u00e1s graves pueden afectar su reclamo. Aqu\u00ed hay algunas formas en que los abogados de accidentes de motocicleta de Kruger &amp; Hodges Attorneys at Law en Oxford, Ohio, pueden ayudarlo.<\/p>\n<p class=\"rs-content-cta rs-content-cta-small\">Para una consulta legal gratuita, llame al <a href=\"tel:+15138943333\">513-894-3333 <\/a><\/p><p>El p\u00fablico en general podr\u00eda creer que los ciclistas son temerarios o buscadores de emociones. Pueden tener nociones preconcebidas sobre qui\u00e9nes son los motociclistas y tener ideas sobre su compromiso con la seguridad personal. El sesgo nunca debe desempe\u00f1ar un papel en su reclamo por lesiones personales o en el acuerdo de las aseguradoras. Desafortunadamente, a veces los motociclistas pueden necesitar luchar m\u00e1s duro al presentar los hechos para obtener el acuerdo que merecen. Kruger &amp; Hodges Attorneys at Law es un bufete de abogados de accidentes de motocicleta que presta servicios en Oxford, Ohio, que puede revisar su caso, negociar directamente con los ajustadores de seguros y pelear su caso en los tribunales si es necesario para ayudarlo a obtener el acuerdo completo que puede merecer seg\u00fan la ley. .<\/p>\n<p class=\"rs-content-cta\">Abogado de Lesiones Personales de Oxford Cerca de M\u00ed <a href=\"tel:+15138943333\">513-894-3333<\/a><\/p><p><strong>Uso del casco.<\/strong> Si bien Ohio no requiere que un motociclista use un casco si tiene m\u00e1s de 18 a\u00f1os, no usar un casco puede afectar el monto de su liquidaci\u00f3n. Si se lastim\u00f3 la cabeza y no estaba usando un casco, las partes negligentes podr\u00edan intentar argumentar que su falta de uso del casco lo considera parcialmente negligente por la gravedad de la lesi\u00f3n. Sin embargo, no usar un casco no deber\u00eda impedirle por completo reclamar da\u00f1os y perjuicios en un caso de lesiones personales, y si sus lesiones no son lesiones en la cabeza, el hecho de no usar un casco no deber\u00eda tener ninguna relaci\u00f3n con el resultado de su caso. .<\/p>\n<p class=\"rs-content-cta rs-content-cta-small\"><a href=\"\/es\/contacto\/\">Haga clic para contactar<\/a> con nuestros lesiones personales abogados hoy<\/p><p><strong>Lesiones graves.<\/strong> Las v\u00edctimas de accidentes de motocicleta pueden sufrir lesiones m\u00e1s graves en un accidente. En el caso de un acuerdo por lesiones graves, es importante comprender el valor total de su reclamo, que incluye la consideraci\u00f3n de costos m\u00e9dicos pasados, salarios perdidos y gastos de rehabilitaci\u00f3n, as\u00ed como los posibles costos futuros de las lesiones. Cuando las v\u00edctimas no entienden el valor de su reclamo, pueden aceptar lo que parece ser un acuerdo sustancial de las aseguradoras y las partes negligentes, sin darse cuenta de que su reclamo podr\u00eda haber valido m\u00e1s. Antes de aceptar cualquier acuerdo despu\u00e9s de una lesi\u00f3n grave o catastr\u00f3fica, es posible que desee hablar con los abogados de accidentes de motocicleta de Kruger &amp; Hodges Attorneys at Law que prestan servicios en Oxford, Ohio, para evaluar su reclamo, estimar el valor de su reclamo y ayudarlo con el siguiente. pasos.<\/p>\n<p class=\"rs-content-cta rs-content-cta-small\">Complete una <a href=\"\/es\/contacto\/\">evaluaci\u00f3n gratuita de su caso<\/a> ahora<\/p><p>Estos son solo algunos elementos que pueden desempe\u00f1ar un papel en su reclamo por accidente de motocicleta. Kruger &amp; Hodges Attorneys at Law son abogados de accidentes de motocicleta que prestan servicios en Oxford, Ohio y que pueden ayudarlo con su reclamo. Sin embargo, es posible que solo tenga un tiempo limitado para reclamar da\u00f1os y perjuicios despu\u00e9s de un accidente. Comun\u00edquese con nuestros abogados de accidentes de motocicleta hoy para obtener m\u00e1s informaci\u00f3n.<\/p>\n<p class=\"rs-content-cta rs-content-cta-small\">Llame o env\u00ede un mensaje de texto al <a href=\"tel:+15138943333\">513-894-3333<\/a> o complete una <a href=\"\/es\/contacto\/\">evaluaci\u00f3n gratuita de su caso<\/a><\/p>","protected":false},"excerpt":{"rendered":"<p>Nada puede reemplazar la emoci\u00f3n de conducir una motocicleta en la carretera. Seg\u00fan Motorcycle , Ohio ocupa el puesto 16 en los EE . UU. en cantidad de motociclistas. Hay un estimado de 390,494 bicicletas registradas en el estado. Sin embargo, ser propietario y conducir una motocicleta conlleva responsabilidades y riesgos, riesgos que muchos motociclistas &#8230;<\/p>\n","protected":false},"author":7,"featured_media":20740,"parent":21248,"menu_order":0,"comment_status":"closed","ping_status":"closed","template":"","meta":{"_acf_changed":false,"inline_featured_image":false,"_genesis_hide_title":false,"_genesis_hide_breadcrumbs":false,"_genesis_hide_singular_image":false,"_genesis_hide_footer_widgets":false,"_genesis_custom_body_class":"","_genesis_custom_post_class":"","_genesis_layout":"","footnotes":""},"hc_faqs":[],"hc_spanish_faqs":[],"class_list":{"0":"post-21250","1":"page","2":"type-page","3":"status-publish","4":"has-post-thumbnail","6":"hc_city_location-oxford-es","7":"entry"},"acf":[],"yoast_head":"<!-- This site is optimized with the Yoast SEO plugin v27.3 - https:\/\/yoast.com\/product\/yoast-seo-wordpress\/ -->\n<title>Abogados de accidentes de motocicleta que prestan servicios en Oxford, Ohio: Consulta gratuita<\/title>\n<meta name=\"description\" content=\"Nada puede reemplazar la emoci\u00f3n de conducir una motocicleta en la carretera. Seg\u00fan Motorcycle , Ohio ocupa el puesto 16 en los EE . UU. en cantidad de\" \/>\n<meta name=\"robots\" content=\"index, follow, max-snippet:-1, max-image-preview:large, max-video-preview:-1\" \/>\n<link rel=\"canonical\" href=\"https:\/\/thehometownlawyers.com\/es\/abogados-de-lesiones-personales-que-prestan-servicios-en-oxford-ohio\/abogados-de-accidentes-de-motocicleta-que-prestan-servicios-en-oxford-ohio\/\" \/>\n<meta property=\"og:locale\" content=\"es_MX\" \/>\n<meta property=\"og:type\" content=\"article\" \/>\n<meta property=\"og:title\" content=\"Abogados de accidentes de motocicleta que prestan servicios en Oxford, Ohio: Consulta gratuita\" \/>\n<meta property=\"og:description\" content=\"Nada puede reemplazar la emoci\u00f3n de conducir una motocicleta en la carretera. Seg\u00fan Motorcycle , Ohio ocupa el puesto 16 en los EE . UU. en cantidad de\" \/>\n<meta property=\"og:url\" content=\"https:\/\/thehometownlawyers.com\/es\/abogados-de-lesiones-personales-que-prestan-servicios-en-oxford-ohio\/abogados-de-accidentes-de-motocicleta-que-prestan-servicios-en-oxford-ohio\/\" \/>\n<meta property=\"og:site_name\" content=\"Kruger &amp; Hodges Abogados De Lesiones\" \/>\n<meta property=\"article:publisher\" content=\"https:\/\/www.facebook.com\/KrugerHodges\/\" \/>\n<meta property=\"article:modified_time\" content=\"2025-01-31T15:51:30+00:00\" \/>\n<meta property=\"og:image\" content=\"https:\/\/thehometownlawyers.com\/wp-content\/uploads\/2020\/02\/iStock-912151500.jpg\" \/>\n\t<meta property=\"og:image:width\" content=\"2048\" \/>\n\t<meta property=\"og:image:height\" content=\"1365\" \/>\n\t<meta property=\"og:image:type\" content=\"image\/jpeg\" \/>\n<meta name=\"twitter:card\" content=\"summary_large_image\" \/>\n<meta name=\"twitter:label1\" content=\"Tiempo de lectura\" \/>\n\t<meta name=\"twitter:data1\" content=\"4 minutos\" \/>\n<script type=\"application\/ld+json\" class=\"yoast-schema-graph\">{\"@context\":\"https:\\\/\\\/schema.org\",\"@graph\":[{\"@type\":\"WebPage\",\"@id\":\"https:\\\/\\\/thehometownlawyers.com\\\/es\\\/abogados-de-lesiones-personales-que-prestan-servicios-en-oxford-ohio\\\/abogados-de-accidentes-de-motocicleta-que-prestan-servicios-en-oxford-ohio\\\/\",\"url\":\"https:\\\/\\\/thehometownlawyers.com\\\/es\\\/abogados-de-lesiones-personales-que-prestan-servicios-en-oxford-ohio\\\/abogados-de-accidentes-de-motocicleta-que-prestan-servicios-en-oxford-ohio\\\/\",\"name\":\"Abogados de accidentes de motocicleta que prestan servicios en Oxford, Ohio: Consulta gratuita\",\"isPartOf\":{\"@id\":\"https:\\\/\\\/thehometownlawyers.com\\\/es\\\/#website\"},\"primaryImageOfPage\":{\"@id\":\"https:\\\/\\\/thehometownlawyers.com\\\/es\\\/abogados-de-lesiones-personales-que-prestan-servicios-en-oxford-ohio\\\/abogados-de-accidentes-de-motocicleta-que-prestan-servicios-en-oxford-ohio\\\/#primaryimage\"},\"image\":{\"@id\":\"https:\\\/\\\/thehometownlawyers.com\\\/es\\\/abogados-de-lesiones-personales-que-prestan-servicios-en-oxford-ohio\\\/abogados-de-accidentes-de-motocicleta-que-prestan-servicios-en-oxford-ohio\\\/#primaryimage\"},\"thumbnailUrl\":\"https:\\\/\\\/thehometownlawyers.com\\\/wp-content\\\/uploads\\\/2020\\\/02\\\/iStock-912151500.jpg\",\"datePublished\":\"2020-03-04T21:13:08+00:00\",\"dateModified\":\"2025-01-31T15:51:30+00:00\",\"description\":\"Nada puede reemplazar la emoci\u00f3n de conducir una motocicleta en la carretera. Seg\u00fan Motorcycle , Ohio ocupa el puesto 16 en los EE . UU. en cantidad de\",\"breadcrumb\":{\"@id\":\"https:\\\/\\\/thehometownlawyers.com\\\/es\\\/abogados-de-lesiones-personales-que-prestan-servicios-en-oxford-ohio\\\/abogados-de-accidentes-de-motocicleta-que-prestan-servicios-en-oxford-ohio\\\/#breadcrumb\"},\"inLanguage\":\"es\",\"potentialAction\":[{\"@type\":\"ReadAction\",\"target\":[\"https:\\\/\\\/thehometownlawyers.com\\\/es\\\/abogados-de-lesiones-personales-que-prestan-servicios-en-oxford-ohio\\\/abogados-de-accidentes-de-motocicleta-que-prestan-servicios-en-oxford-ohio\\\/\"]}]},{\"@type\":\"ImageObject\",\"inLanguage\":\"es\",\"@id\":\"https:\\\/\\\/thehometownlawyers.com\\\/es\\\/abogados-de-lesiones-personales-que-prestan-servicios-en-oxford-ohio\\\/abogados-de-accidentes-de-motocicleta-que-prestan-servicios-en-oxford-ohio\\\/#primaryimage\",\"url\":\"https:\\\/\\\/thehometownlawyers.com\\\/wp-content\\\/uploads\\\/2020\\\/02\\\/iStock-912151500.jpg\",\"contentUrl\":\"https:\\\/\\\/thehometownlawyers.com\\\/wp-content\\\/uploads\\\/2020\\\/02\\\/iStock-912151500.jpg\",\"width\":2048,\"height\":1365,\"caption\":\"Motocicleta y casco volcados en la calle tras colisi\u00f3n con el coche\"},{\"@type\":\"BreadcrumbList\",\"@id\":\"https:\\\/\\\/thehometownlawyers.com\\\/es\\\/abogados-de-lesiones-personales-que-prestan-servicios-en-oxford-ohio\\\/abogados-de-accidentes-de-motocicleta-que-prestan-servicios-en-oxford-ohio\\\/#breadcrumb\",\"itemListElement\":[{\"@type\":\"ListItem\",\"position\":1,\"name\":\"Home\",\"item\":\"https:\\\/\\\/thehometownlawyers.com\\\/es\\\/\"},{\"@type\":\"ListItem\",\"position\":2,\"name\":\"Abogado de Lesiones Personales en Oxford\",\"item\":\"https:\\\/\\\/thehometownlawyers.com\\\/es\\\/abogados-de-lesiones-personales-que-prestan-servicios-en-oxford-ohio\\\/\"},{\"@type\":\"ListItem\",\"position\":3,\"name\":\"Abogado de Accidente de Motocicleta en Oxford\"}]},{\"@type\":\"WebSite\",\"@id\":\"https:\\\/\\\/thehometownlawyers.com\\\/es\\\/#website\",\"url\":\"https:\\\/\\\/thehometownlawyers.com\\\/es\\\/\",\"name\":\"Kruger & Hodges Hometown Injury Lawyers | Accident Attorneys\",\"description\":\"Attorneys for Car, Truck and Motorcycle Accidents, Personal Injuries, and Criminal Defense.\",\"publisher\":{\"@id\":\"https:\\\/\\\/thehometownlawyers.com\\\/es\\\/#organization\"},\"alternateName\":\"Kruger & Hodges Personal Injury Lawyers\",\"inLanguage\":\"es\"},{\"@type\":\"Organization\",\"@id\":\"https:\\\/\\\/thehometownlawyers.com\\\/es\\\/#organization\",\"name\":\"Kruger & Hodges Hometown Injury Lawyers\",\"alternateName\":\"Kruger & Hodges\",\"url\":\"https:\\\/\\\/thehometownlawyers.com\\\/es\\\/\",\"logo\":{\"@type\":\"ImageObject\",\"inLanguage\":\"es\",\"@id\":\"https:\\\/\\\/thehometownlawyers.com\\\/es\\\/#\\\/schema\\\/logo\\\/image\\\/\",\"url\":\"https:\\\/\\\/thehometownlawyers.com\\\/wp-content\\\/uploads\\\/2025\\\/12\\\/revised-kh-logo-vertical-white-background-scaled.png\",\"contentUrl\":\"https:\\\/\\\/thehometownlawyers.com\\\/wp-content\\\/uploads\\\/2025\\\/12\\\/revised-kh-logo-vertical-white-background-scaled.png\",\"width\":2560,\"height\":1440,\"caption\":\"Kruger & Hodges Hometown Injury Lawyers\"},\"image\":{\"@id\":\"https:\\\/\\\/thehometownlawyers.com\\\/es\\\/#\\\/schema\\\/logo\\\/image\\\/\"},\"sameAs\":[\"https:\\\/\\\/www.facebook.com\\\/KrugerHodges\\\/\",\"https:\\\/\\\/www.instagram.com\\\/krugerhodges\\\/\",\"https:\\\/\\\/www.linkedin.com\\\/company\\\/kruger-hodges-hometown-injury-lawyers\\\/\",\"https:\\\/\\\/www.youtube.com\\\/channel\\\/UCeYcMaMaN2rb9jMlqt4EIdQ\",\"https:\\\/\\\/www.tiktok.com\\\/@thehometownlawyer\"]}]}<\/script>\n<!-- \/ Yoast SEO plugin. -->","yoast_head_json":{"title":"Abogados de accidentes de motocicleta que prestan servicios en Oxford, Ohio: Consulta gratuita","description":"Nada puede reemplazar la emoci\u00f3n de conducir una motocicleta en la carretera. Seg\u00fan Motorcycle , Ohio ocupa el puesto 16 en los EE . UU. en cantidad de","robots":{"index":"index","follow":"follow","max-snippet":"max-snippet:-1","max-image-preview":"max-image-preview:large","max-video-preview":"max-video-preview:-1"},"canonical":"https:\/\/thehometownlawyers.com\/es\/abogados-de-lesiones-personales-que-prestan-servicios-en-oxford-ohio\/abogados-de-accidentes-de-motocicleta-que-prestan-servicios-en-oxford-ohio\/","og_locale":"es_MX","og_type":"article","og_title":"Abogados de accidentes de motocicleta que prestan servicios en Oxford, Ohio: Consulta gratuita","og_description":"Nada puede reemplazar la emoci\u00f3n de conducir una motocicleta en la carretera. Seg\u00fan Motorcycle , Ohio ocupa el puesto 16 en los EE . UU. en cantidad de","og_url":"https:\/\/thehometownlawyers.com\/es\/abogados-de-lesiones-personales-que-prestan-servicios-en-oxford-ohio\/abogados-de-accidentes-de-motocicleta-que-prestan-servicios-en-oxford-ohio\/","og_site_name":"Kruger &amp; Hodges Abogados De Lesiones","article_publisher":"https:\/\/www.facebook.com\/KrugerHodges\/","article_modified_time":"2025-01-31T15:51:30+00:00","og_image":[{"width":2048,"height":1365,"url":"https:\/\/thehometownlawyers.com\/wp-content\/uploads\/2020\/02\/iStock-912151500.jpg","type":"image\/jpeg"}],"twitter_card":"summary_large_image","twitter_misc":{"Tiempo de lectura":"4 minutos"},"schema":{"@context":"https:\/\/schema.org","@graph":[{"@type":"WebPage","@id":"https:\/\/thehometownlawyers.com\/es\/abogados-de-lesiones-personales-que-prestan-servicios-en-oxford-ohio\/abogados-de-accidentes-de-motocicleta-que-prestan-servicios-en-oxford-ohio\/","url":"https:\/\/thehometownlawyers.com\/es\/abogados-de-lesiones-personales-que-prestan-servicios-en-oxford-ohio\/abogados-de-accidentes-de-motocicleta-que-prestan-servicios-en-oxford-ohio\/","name":"Abogados de accidentes de motocicleta que prestan servicios en Oxford, Ohio: Consulta gratuita","isPartOf":{"@id":"https:\/\/thehometownlawyers.com\/es\/#website"},"primaryImageOfPage":{"@id":"https:\/\/thehometownlawyers.com\/es\/abogados-de-lesiones-personales-que-prestan-servicios-en-oxford-ohio\/abogados-de-accidentes-de-motocicleta-que-prestan-servicios-en-oxford-ohio\/#primaryimage"},"image":{"@id":"https:\/\/thehometownlawyers.com\/es\/abogados-de-lesiones-personales-que-prestan-servicios-en-oxford-ohio\/abogados-de-accidentes-de-motocicleta-que-prestan-servicios-en-oxford-ohio\/#primaryimage"},"thumbnailUrl":"https:\/\/thehometownlawyers.com\/wp-content\/uploads\/2020\/02\/iStock-912151500.jpg","datePublished":"2020-03-04T21:13:08+00:00","dateModified":"2025-01-31T15:51:30+00:00","description":"Nada puede reemplazar la emoci\u00f3n de conducir una motocicleta en la carretera. Seg\u00fan Motorcycle , Ohio ocupa el puesto 16 en los EE . UU. en cantidad de","breadcrumb":{"@id":"https:\/\/thehometownlawyers.com\/es\/abogados-de-lesiones-personales-que-prestan-servicios-en-oxford-ohio\/abogados-de-accidentes-de-motocicleta-que-prestan-servicios-en-oxford-ohio\/#breadcrumb"},"inLanguage":"es","potentialAction":[{"@type":"ReadAction","target":["https:\/\/thehometownlawyers.com\/es\/abogados-de-lesiones-personales-que-prestan-servicios-en-oxford-ohio\/abogados-de-accidentes-de-motocicleta-que-prestan-servicios-en-oxford-ohio\/"]}]},{"@type":"ImageObject","inLanguage":"es","@id":"https:\/\/thehometownlawyers.com\/es\/abogados-de-lesiones-personales-que-prestan-servicios-en-oxford-ohio\/abogados-de-accidentes-de-motocicleta-que-prestan-servicios-en-oxford-ohio\/#primaryimage","url":"https:\/\/thehometownlawyers.com\/wp-content\/uploads\/2020\/02\/iStock-912151500.jpg","contentUrl":"https:\/\/thehometownlawyers.com\/wp-content\/uploads\/2020\/02\/iStock-912151500.jpg","width":2048,"height":1365,"caption":"Motocicleta y casco volcados en la calle tras colisi\u00f3n con el coche"},{"@type":"BreadcrumbList","@id":"https:\/\/thehometownlawyers.com\/es\/abogados-de-lesiones-personales-que-prestan-servicios-en-oxford-ohio\/abogados-de-accidentes-de-motocicleta-que-prestan-servicios-en-oxford-ohio\/#breadcrumb","itemListElement":[{"@type":"ListItem","position":1,"name":"Home","item":"https:\/\/thehometownlawyers.com\/es\/"},{"@type":"ListItem","position":2,"name":"Abogado de Lesiones Personales en Oxford","item":"https:\/\/thehometownlawyers.com\/es\/abogados-de-lesiones-personales-que-prestan-servicios-en-oxford-ohio\/"},{"@type":"ListItem","position":3,"name":"Abogado de Accidente de Motocicleta en Oxford"}]},{"@type":"WebSite","@id":"https:\/\/thehometownlawyers.com\/es\/#website","url":"https:\/\/thehometownlawyers.com\/es\/","name":"Kruger & Hodges Hometown Injury Lawyers | Accident Attorneys","description":"Attorneys for Car, Truck and Motorcycle Accidents, Personal Injuries, and Criminal Defense.","publisher":{"@id":"https:\/\/thehometownlawyers.com\/es\/#organization"},"alternateName":"Kruger & Hodges Personal Injury Lawyers","inLanguage":"es"},{"@type":"Organization","@id":"https:\/\/thehometownlawyers.com\/es\/#organization","name":"Kruger & Hodges Hometown Injury Lawyers","alternateName":"Kruger & Hodges","url":"https:\/\/thehometownlawyers.com\/es\/","logo":{"@type":"ImageObject","inLanguage":"es","@id":"https:\/\/thehometownlawyers.com\/es\/#\/schema\/logo\/image\/","url":"https:\/\/thehometownlawyers.com\/wp-content\/uploads\/2025\/12\/revised-kh-logo-vertical-white-background-scaled.png","contentUrl":"https:\/\/thehometownlawyers.com\/wp-content\/uploads\/2025\/12\/revised-kh-logo-vertical-white-background-scaled.png","width":2560,"height":1440,"caption":"Kruger & Hodges Hometown Injury Lawyers"},"image":{"@id":"https:\/\/thehometownlawyers.com\/es\/#\/schema\/logo\/image\/"},"sameAs":["https:\/\/www.facebook.com\/KrugerHodges\/","https:\/\/www.instagram.com\/krugerhodges\/","https:\/\/www.linkedin.com\/company\/kruger-hodges-hometown-injury-lawyers\/","https:\/\/www.youtube.com\/channel\/UCeYcMaMaN2rb9jMlqt4EIdQ","https:\/\/www.tiktok.com\/@thehometownlawyer"]}]}},"_links":{"self":[{"href":"https:\/\/thehometownlawyers.com\/es\/wp-json\/wp\/v2\/pages\/21250","targetHints":{"allow":["GET"]}}],"collection":[{"href":"https:\/\/thehometownlawyers.com\/es\/wp-json\/wp\/v2\/pages"}],"about":[{"href":"https:\/\/thehometownlawyers.com\/es\/wp-json\/wp\/v2\/types\/page"}],"author":[{"embeddable":true,"href":"https:\/\/thehometownlawyers.com\/es\/wp-json\/wp\/v2\/users\/7"}],"replies":[{"embeddable":true,"href":"https:\/\/thehometownlawyers.com\/es\/wp-json\/wp\/v2\/comments?post=21250"}],"version-history":[{"count":0,"href":"https:\/\/thehometownlawyers.com\/es\/wp-json\/wp\/v2\/pages\/21250\/revisions"}],"up":[{"embeddable":true,"href":"https:\/\/thehometownlawyers.com\/es\/wp-json\/wp\/v2\/pages\/21248"}],"wp:featuredmedia":[{"embeddable":true,"href":"https:\/\/thehometownlawyers.com\/es\/wp-json\/wp\/v2\/media\/20740"}],"wp:attachment":[{"href":"https:\/\/thehometownlawyers.com\/es\/wp-json\/wp\/v2\/media?parent=21250"}],"wp:term":[{"taxonomy":"hc_faqs","embeddable":true,"href":"https:\/\/thehometownlawyers.com\/es\/wp-json\/wp\/v2\/hc_faqs?post=21250"},{"taxonomy":"hc_spanish_faqs","embeddable":true,"href":"https:\/\/thehometownlawyers.com\/es\/wp-json\/wp\/v2\/hc_spanish_faqs?post=21250"}],"curies":[{"name":"wp","href":"https:\/\/api.w.org\/{rel}","templated":true}]}}