{"id":21251,"date":"2020-03-03T22:22:41","date_gmt":"2020-03-04T03:22:41","guid":{"rendered":"https:\/\/thehometownlawyers.com\/?page_id=21251"},"modified":"2025-01-31T10:52:02","modified_gmt":"2025-01-31T15:52:02","slug":"abogados-de-accidentes-de-camiones-que-prestan-servicios-en-seven-mile-ohio","status":"publish","type":"page","link":"https:\/\/thehometownlawyers.com\/es\/abogados-de-lesiones-personales-que-prestan-servicios-en-seven-mile-ohio\/abogados-de-accidentes-de-camiones-que-prestan-servicios-en-seven-mile-ohio\/","title":{"rendered":"Abogado de Accidente de Cami\u00f3n en Seven Mile"},"content":{"rendered":"<p>Los camioneros trabajan arduamente para entregar nuestra comida, ropa y otros art\u00edculos en todo el pa\u00eds. Muchos camioneros toman su trabajo con seriedad y se esfuerzan por cumplir con los plazos de entrega mientras mantienen altos est\u00e1ndares de seguridad, respetan las leyes federales de horas de servicio y cargan y mantienen correctamente sus veh\u00edculos. Sin embargo, cuando los conductores o sus empresas de camiones toman atajos, pueden ocurrir terribles accidentes. Los camiones son veh\u00edculos incre\u00edblemente pesados. Cuando chocan con un veh\u00edculo de pasajeros, las fuerzas del impacto por s\u00ed solas pueden aplastar un autom\u00f3vil, dejar a las personas en el veh\u00edculo gravemente heridas y, en los peores accidentes, provocar la muerte.<\/p>\n<p>Si usted o alguien a quien ama result\u00f3 herido en un accidente de cami\u00f3n en Seven Mile, Ohio, <a href=\"https:\/\/thehometownlawyers.com\/es\/\">Kruger &amp; Hodges Attorneys at Law<\/a> es un bufete de abogados de accidentes de camiones que puede ayudarlo. Nuestros abogados pueden evaluar su caso, evaluar honestamente si tiene un reclamo y luchar para ayudarlo a obtener el acuerdo que merece seg\u00fan la ley. Si result\u00f3 herido en un accidente de cami\u00f3n o si alguien a quien ama result\u00f3 herido en un accidente de cami\u00f3n, es posible que solo tenga un tiempo limitado seg\u00fan la ley de Ohio para presentar un reclamo. <a href=\"https:\/\/thehometownlawyers.com\/es\/contacto\/\">Comun\u00edquese hoy mismo con los abogados de Kruger &amp; Hodges<\/a> que prestan servicio en Seven Mile, Ohio.<\/p>\n<h2>Responsabilizar a las empresas de camiones cuando toman atajos<\/h2>\n<p>Las empresas de camiones deben cumplir con las estrictas leyes locales y federales. Estas leyes est\u00e1n dise\u00f1adas para mantener la seguridad de los camiones y proteger al p\u00fablico en general. \u00bfCu\u00e1les son algunas de estas leyes?<\/p>\n<p class=\"rs-content-cta rs-content-cta-small\">Para una consulta legal gratuita, llame al <a href=\"tel:+15138943333\">513-894-3333 <\/a><\/p><p><strong>Leyes de Horas de Servicio.<\/strong> Las leyes federales de horas de servicio limitan el tiempo que un conductor de cami\u00f3n puede operar un cami\u00f3n en un turno determinado. Generalmente, un conductor debe descansar despu\u00e9s de un turno de 11 horas. Esto es para que los conductores no operen un cami\u00f3n mientras est\u00e1n fatigados. Sin embargo, es importante tener en cuenta que los conductores pueden fatigarse incluso despu\u00e9s de turnos m\u00e1s cortos. Kruger &amp; Hodges Attorneys at Law es un bufete de abogados de accidentes de camiones que presta servicios en Seven Mile, Ohio, que puede revisar los registros del conductor del cami\u00f3n, los registros de env\u00edo y otros detalles para determinar si su conductor podr\u00eda haber estado fatigado cuando ocurri\u00f3 el accidente.<\/p>\n<p class=\"rs-content-cta\">Abogado de Lesiones Personales de Seven Mile Cerca de M\u00ed <a href=\"tel:+15138943333\">513-894-3333<\/a><\/p><p><strong>Restricciones de peso<\/strong> . La forma en que se carga un cami\u00f3n puede tener un impacto en su seguridad. Los veh\u00edculos mal cargados o sobrecargados pueden correr el riesgo de volcarse y pueden tener dificultades para detenerse. Si un veh\u00edculo se carg\u00f3 incorrectamente o se sobrecarg\u00f3 y esto result\u00f3 en su accidente de cami\u00f3n, es posible que pueda presentar un reclamo contra la compa\u00f1\u00eda de camiones o la parte responsable. Kruger &amp; Hodges Attorneys at Law es un bufete de abogados de accidentes de camiones que presta servicios en Seven Mile, Ohio, que puede ayudarlo con su reclamo.<\/p>\n<p class=\"rs-content-cta rs-content-cta-small\"><a href=\"\/es\/contacto\/\">Haga clic para contactar<\/a> con nuestros lesiones personales abogados hoy<\/p><p><strong>Conducir ebrio y drogado.<\/strong> Los camioneros a veces conducen ebrios o, a veces, bajo la influencia de drogas que pueden afectar su capacidad para conducir. A veces, los conductores usan alcohol o drogas ilegales, pero en otros casos, los conductores pueden estar tomando medicamentos recetados que pueden afectar su capacidad para conducir y permanecer alerta. Los conductores deben pasar ex\u00e1menes m\u00e9dicos regulares y existen restricciones en ciertos tipos de medicamentos recetados que los camioneros pueden tomar cuando conducen. Kruger &amp; Hodges Attorneys at Law es un bufete de abogados de accidentes de camiones que presta servicios en Seven Mile, Ohio, que puede revisar los informes policiales, el resultado de los an\u00e1lisis de aliento o de sangre, y puede luchar por sus derechos dentro o fuera de los tribunales.<\/p>\n<p class=\"rs-content-cta rs-content-cta-small\">Complete una <a href=\"\/es\/contacto\/\">evaluaci\u00f3n gratuita de su caso<\/a> ahora<\/p><p><strong>Los camiones con un mantenimiento inadecuado<\/strong> pueden ser un peligro para los dem\u00e1s en la carretera. Si una empresa de camiones no reemplaz\u00f3 las llantas, revis\u00f3 los frenos o no dio mantenimiento al equipo, las fallas de este equipo pueden crear problemas importantes en la carretera. Por ejemplo, los frenos defectuosos pueden resultar en un cami\u00f3n fuera de control que puede ser un peligro para otros veh\u00edculos en la carretera. Una llanta pinchada puede hacer que el conductor de un cami\u00f3n pierda el control de su veh\u00edculo. Los abogados de accidentes de camiones de Kruger &amp; Hodges Attorneys at Law que prestan servicios en Seven Mile, Ohio, pueden revisar los registros de mantenimiento, determinar si el mantenimiento deficiente del cami\u00f3n result\u00f3 en su accidente y luchar para responsabilizar a las partes responsables.<\/p>\n<p>Estos son solo algunos de los factores que pueden conducir a accidentes de camiones. Despu\u00e9s de un accidente de cami\u00f3n, varias partes pueden ser negligentes o responsables del choque. Por ejemplo, la empresa de camiones puede ser negligente, pero el conductor, el cargador, el equipo de mantenimiento y otras partes tambi\u00e9n pueden desempe\u00f1ar un papel en el accidente. Finalmente, las compa\u00f1\u00edas de camiones deben tener p\u00f3lizas de seguro de l\u00edmite alto que puedan cubrir las p\u00e9rdidas y da\u00f1os de la v\u00edctima. Negociar con todas estas partes despu\u00e9s de un grave accidente de cami\u00f3n puede ser complejo. Los abogados de accidentes de camiones de Kruger &amp; Hodges Attorneys at Law entienden los matices de los reclamos por lesiones personales de accidentes de camiones y pueden ayudarlo con su caso. \u00bfTiene preguntas? <a href=\"https:\/\/thehometownlawyers.com\/es\/contacto\/\">P\u00f3ngase en contacto con los abogados de accidentes de camiones<\/a> de Kruger &amp; Hodges Attorneys at Law hoy.<\/p>\n<p class=\"rs-content-cta rs-content-cta-small\">Llame o env\u00ede un mensaje de texto al <a href=\"tel:+15138943333\">513-894-3333<\/a> o complete una <a href=\"\/es\/contacto\/\">evaluaci\u00f3n gratuita de su caso<\/a><\/p>","protected":false},"excerpt":{"rendered":"<p>Los camioneros trabajan arduamente para entregar nuestra comida, ropa y otros art\u00edculos en todo el pa\u00eds. Muchos camioneros toman su trabajo con seriedad y se esfuerzan por cumplir con los plazos de entrega mientras mantienen altos est\u00e1ndares de seguridad, respetan las leyes federales de horas de servicio y cargan y mantienen correctamente sus veh\u00edculos. Sin &#8230;<\/p>\n","protected":false},"author":7,"featured_media":20745,"parent":21249,"menu_order":0,"comment_status":"closed","ping_status":"closed","template":"","meta":{"_acf_changed":false,"inline_featured_image":false,"_genesis_hide_title":false,"_genesis_hide_breadcrumbs":false,"_genesis_hide_singular_image":false,"_genesis_hide_footer_widgets":false,"_genesis_custom_body_class":"","_genesis_custom_post_class":"","_genesis_layout":"","footnotes":""},"hc_faqs":[],"hc_spanish_faqs":[],"class_list":{"0":"post-21251","1":"page","2":"type-page","3":"status-publish","4":"has-post-thumbnail","6":"hc_city_location-seven-mile-es","7":"entry"},"acf":[],"yoast_head":"<!-- This site is optimized with the Yoast SEO plugin v27.2 - https:\/\/yoast.com\/product\/yoast-seo-wordpress\/ -->\n<title>Abogados de accidentes de camiones que prestan servicios en Seven Mile, Ohio: Consulta gratuita<\/title>\n<meta name=\"description\" content=\"Los camioneros trabajan arduamente para entregar nuestra comida, ropa y otros art\u00edculos en todo el pa\u00eds. Muchos camioneros toman su trabajo con seriedad y\" \/>\n<meta name=\"robots\" content=\"index, follow, max-snippet:-1, max-image-preview:large, max-video-preview:-1\" \/>\n<link rel=\"canonical\" href=\"https:\/\/thehometownlawyers.com\/es\/abogados-de-lesiones-personales-que-prestan-servicios-en-seven-mile-ohio\/abogados-de-accidentes-de-camiones-que-prestan-servicios-en-seven-mile-ohio\/\" \/>\n<meta property=\"og:locale\" content=\"es_MX\" \/>\n<meta property=\"og:type\" content=\"article\" \/>\n<meta property=\"og:title\" content=\"Abogados de accidentes de camiones que prestan servicios en Seven Mile, Ohio: Consulta gratuita\" \/>\n<meta property=\"og:description\" content=\"Los camioneros trabajan arduamente para entregar nuestra comida, ropa y otros art\u00edculos en todo el pa\u00eds. Muchos camioneros toman su trabajo con seriedad y\" \/>\n<meta property=\"og:url\" content=\"https:\/\/thehometownlawyers.com\/es\/abogados-de-lesiones-personales-que-prestan-servicios-en-seven-mile-ohio\/abogados-de-accidentes-de-camiones-que-prestan-servicios-en-seven-mile-ohio\/\" \/>\n<meta property=\"og:site_name\" content=\"Kruger &amp; Hodges Abogados De Lesiones\" \/>\n<meta property=\"article:publisher\" content=\"https:\/\/www.facebook.com\/KrugerHodges\/\" \/>\n<meta property=\"article:modified_time\" content=\"2025-01-31T15:52:02+00:00\" \/>\n<meta property=\"og:image\" content=\"https:\/\/thehometownlawyers.com\/wp-content\/uploads\/2020\/02\/iStock-89919214small-1-scaled-1.jpg\" \/>\n\t<meta property=\"og:image:width\" content=\"2048\" \/>\n\t<meta property=\"og:image:height\" content=\"1362\" \/>\n\t<meta property=\"og:image:type\" content=\"image\/jpeg\" \/>\n<meta name=\"twitter:card\" content=\"summary_large_image\" \/>\n<meta name=\"twitter:label1\" content=\"Tiempo de lectura\" \/>\n\t<meta name=\"twitter:data1\" content=\"5 minutos\" \/>\n<script type=\"application\/ld+json\" class=\"yoast-schema-graph\">{\"@context\":\"https:\/\/schema.org\",\"@graph\":[{\"@type\":\"WebPage\",\"@id\":\"https:\/\/thehometownlawyers.com\/es\/abogados-de-lesiones-personales-que-prestan-servicios-en-seven-mile-ohio\/abogados-de-accidentes-de-camiones-que-prestan-servicios-en-seven-mile-ohio\/\",\"url\":\"https:\/\/thehometownlawyers.com\/es\/abogados-de-lesiones-personales-que-prestan-servicios-en-seven-mile-ohio\/abogados-de-accidentes-de-camiones-que-prestan-servicios-en-seven-mile-ohio\/\",\"name\":\"Abogados de accidentes de camiones que prestan servicios en Seven Mile, Ohio: Consulta gratuita\",\"isPartOf\":{\"@id\":\"https:\/\/thehometownlawyers.com\/es\/#website\"},\"primaryImageOfPage\":{\"@id\":\"https:\/\/thehometownlawyers.com\/es\/abogados-de-lesiones-personales-que-prestan-servicios-en-seven-mile-ohio\/abogados-de-accidentes-de-camiones-que-prestan-servicios-en-seven-mile-ohio\/#primaryimage\"},\"image\":{\"@id\":\"https:\/\/thehometownlawyers.com\/es\/abogados-de-lesiones-personales-que-prestan-servicios-en-seven-mile-ohio\/abogados-de-accidentes-de-camiones-que-prestan-servicios-en-seven-mile-ohio\/#primaryimage\"},\"thumbnailUrl\":\"https:\/\/thehometownlawyers.com\/wp-content\/uploads\/2020\/02\/iStock-89919214small-1-scaled-1.jpg\",\"datePublished\":\"2020-03-04T03:22:41+00:00\",\"dateModified\":\"2025-01-31T15:52:02+00:00\",\"description\":\"Los camioneros trabajan arduamente para entregar nuestra comida, ropa y otros art\u00edculos en todo el pa\u00eds. Muchos camioneros toman su trabajo con seriedad y\",\"breadcrumb\":{\"@id\":\"https:\/\/thehometownlawyers.com\/es\/abogados-de-lesiones-personales-que-prestan-servicios-en-seven-mile-ohio\/abogados-de-accidentes-de-camiones-que-prestan-servicios-en-seven-mile-ohio\/#breadcrumb\"},\"inLanguage\":\"es\",\"potentialAction\":[{\"@type\":\"ReadAction\",\"target\":[\"https:\/\/thehometownlawyers.com\/es\/abogados-de-lesiones-personales-que-prestan-servicios-en-seven-mile-ohio\/abogados-de-accidentes-de-camiones-que-prestan-servicios-en-seven-mile-ohio\/\"]}]},{\"@type\":\"ImageObject\",\"inLanguage\":\"es\",\"@id\":\"https:\/\/thehometownlawyers.com\/es\/abogados-de-lesiones-personales-que-prestan-servicios-en-seven-mile-ohio\/abogados-de-accidentes-de-camiones-que-prestan-servicios-en-seven-mile-ohio\/#primaryimage\",\"url\":\"https:\/\/thehometownlawyers.com\/wp-content\/uploads\/2020\/02\/iStock-89919214small-1-scaled-1.jpg\",\"contentUrl\":\"https:\/\/thehometownlawyers.com\/wp-content\/uploads\/2020\/02\/iStock-89919214small-1-scaled-1.jpg\",\"width\":2048,\"height\":1362,\"caption\":\"Camioneta volcada tras accidente\"},{\"@type\":\"BreadcrumbList\",\"@id\":\"https:\/\/thehometownlawyers.com\/es\/abogados-de-lesiones-personales-que-prestan-servicios-en-seven-mile-ohio\/abogados-de-accidentes-de-camiones-que-prestan-servicios-en-seven-mile-ohio\/#breadcrumb\",\"itemListElement\":[{\"@type\":\"ListItem\",\"position\":1,\"name\":\"Home\",\"item\":\"https:\/\/thehometownlawyers.com\/es\/\"},{\"@type\":\"ListItem\",\"position\":2,\"name\":\"Abogado de Lesiones Personales en Seven Mile\",\"item\":\"https:\/\/thehometownlawyers.com\/es\/abogados-de-lesiones-personales-que-prestan-servicios-en-seven-mile-ohio\/\"},{\"@type\":\"ListItem\",\"position\":3,\"name\":\"Abogado de Accidente de Cami\u00f3n en Seven Mile\"}]},{\"@type\":\"WebSite\",\"@id\":\"https:\/\/thehometownlawyers.com\/es\/#website\",\"url\":\"https:\/\/thehometownlawyers.com\/es\/\",\"name\":\"Kruger & Hodges Hometown Injury Lawyers | Accident Attorneys\",\"description\":\"Attorneys for Car, Truck and Motorcycle Accidents, Personal Injuries, and Criminal Defense.\",\"publisher\":{\"@id\":\"https:\/\/thehometownlawyers.com\/es\/#organization\"},\"alternateName\":\"Kruger & Hodges Personal Injury Lawyers\",\"inLanguage\":\"es\"},{\"@type\":\"Organization\",\"@id\":\"https:\/\/thehometownlawyers.com\/es\/#organization\",\"name\":\"Kruger & Hodges Hometown Injury Lawyers\",\"alternateName\":\"Kruger & Hodges Accident Attorneys\",\"url\":\"https:\/\/thehometownlawyers.com\/es\/\",\"logo\":{\"@type\":\"ImageObject\",\"inLanguage\":\"es\",\"@id\":\"https:\/\/thehometownlawyers.com\/es\/#\/schema\/logo\/image\/\",\"url\":\"https:\/\/thehometownlawyers.com\/wp-content\/uploads\/2025\/12\/revised-kh-logo-vertical-white-background-scaled.png\",\"contentUrl\":\"https:\/\/thehometownlawyers.com\/wp-content\/uploads\/2025\/12\/revised-kh-logo-vertical-white-background-scaled.png\",\"width\":2560,\"height\":1440,\"caption\":\"Kruger & Hodges Hometown Injury Lawyers\"},\"image\":{\"@id\":\"https:\/\/thehometownlawyers.com\/es\/#\/schema\/logo\/image\/\"},\"sameAs\":[\"https:\/\/www.facebook.com\/KrugerHodges\/\",\"https:\/\/www.instagram.com\/krugerhodges\/\",\"https:\/\/www.linkedin.com\/company\/kruger-hodges-hometown-injury-lawyers\/\",\"https:\/\/www.youtube.com\/channel\/UCeYcMaMaN2rb9jMlqt4EIdQ\",\"https:\/\/www.tiktok.com\/@thehometownlawyer\"]}]}<\/script>\n<!-- \/ Yoast SEO plugin. -->","yoast_head_json":{"title":"Abogados de accidentes de camiones que prestan servicios en Seven Mile, Ohio: Consulta gratuita","description":"Los camioneros trabajan arduamente para entregar nuestra comida, ropa y otros art\u00edculos en todo el pa\u00eds. Muchos camioneros toman su trabajo con seriedad y","robots":{"index":"index","follow":"follow","max-snippet":"max-snippet:-1","max-image-preview":"max-image-preview:large","max-video-preview":"max-video-preview:-1"},"canonical":"https:\/\/thehometownlawyers.com\/es\/abogados-de-lesiones-personales-que-prestan-servicios-en-seven-mile-ohio\/abogados-de-accidentes-de-camiones-que-prestan-servicios-en-seven-mile-ohio\/","og_locale":"es_MX","og_type":"article","og_title":"Abogados de accidentes de camiones que prestan servicios en Seven Mile, Ohio: Consulta gratuita","og_description":"Los camioneros trabajan arduamente para entregar nuestra comida, ropa y otros art\u00edculos en todo el pa\u00eds. Muchos camioneros toman su trabajo con seriedad y","og_url":"https:\/\/thehometownlawyers.com\/es\/abogados-de-lesiones-personales-que-prestan-servicios-en-seven-mile-ohio\/abogados-de-accidentes-de-camiones-que-prestan-servicios-en-seven-mile-ohio\/","og_site_name":"Kruger &amp; Hodges Abogados De Lesiones","article_publisher":"https:\/\/www.facebook.com\/KrugerHodges\/","article_modified_time":"2025-01-31T15:52:02+00:00","og_image":[{"width":2048,"height":1362,"url":"https:\/\/thehometownlawyers.com\/wp-content\/uploads\/2020\/02\/iStock-89919214small-1-scaled-1.jpg","type":"image\/jpeg"}],"twitter_card":"summary_large_image","twitter_misc":{"Tiempo de lectura":"5 minutos"},"schema":{"@context":"https:\/\/schema.org","@graph":[{"@type":"WebPage","@id":"https:\/\/thehometownlawyers.com\/es\/abogados-de-lesiones-personales-que-prestan-servicios-en-seven-mile-ohio\/abogados-de-accidentes-de-camiones-que-prestan-servicios-en-seven-mile-ohio\/","url":"https:\/\/thehometownlawyers.com\/es\/abogados-de-lesiones-personales-que-prestan-servicios-en-seven-mile-ohio\/abogados-de-accidentes-de-camiones-que-prestan-servicios-en-seven-mile-ohio\/","name":"Abogados de accidentes de camiones que prestan servicios en Seven Mile, Ohio: Consulta gratuita","isPartOf":{"@id":"https:\/\/thehometownlawyers.com\/es\/#website"},"primaryImageOfPage":{"@id":"https:\/\/thehometownlawyers.com\/es\/abogados-de-lesiones-personales-que-prestan-servicios-en-seven-mile-ohio\/abogados-de-accidentes-de-camiones-que-prestan-servicios-en-seven-mile-ohio\/#primaryimage"},"image":{"@id":"https:\/\/thehometownlawyers.com\/es\/abogados-de-lesiones-personales-que-prestan-servicios-en-seven-mile-ohio\/abogados-de-accidentes-de-camiones-que-prestan-servicios-en-seven-mile-ohio\/#primaryimage"},"thumbnailUrl":"https:\/\/thehometownlawyers.com\/wp-content\/uploads\/2020\/02\/iStock-89919214small-1-scaled-1.jpg","datePublished":"2020-03-04T03:22:41+00:00","dateModified":"2025-01-31T15:52:02+00:00","description":"Los camioneros trabajan arduamente para entregar nuestra comida, ropa y otros art\u00edculos en todo el pa\u00eds. Muchos camioneros toman su trabajo con seriedad y","breadcrumb":{"@id":"https:\/\/thehometownlawyers.com\/es\/abogados-de-lesiones-personales-que-prestan-servicios-en-seven-mile-ohio\/abogados-de-accidentes-de-camiones-que-prestan-servicios-en-seven-mile-ohio\/#breadcrumb"},"inLanguage":"es","potentialAction":[{"@type":"ReadAction","target":["https:\/\/thehometownlawyers.com\/es\/abogados-de-lesiones-personales-que-prestan-servicios-en-seven-mile-ohio\/abogados-de-accidentes-de-camiones-que-prestan-servicios-en-seven-mile-ohio\/"]}]},{"@type":"ImageObject","inLanguage":"es","@id":"https:\/\/thehometownlawyers.com\/es\/abogados-de-lesiones-personales-que-prestan-servicios-en-seven-mile-ohio\/abogados-de-accidentes-de-camiones-que-prestan-servicios-en-seven-mile-ohio\/#primaryimage","url":"https:\/\/thehometownlawyers.com\/wp-content\/uploads\/2020\/02\/iStock-89919214small-1-scaled-1.jpg","contentUrl":"https:\/\/thehometownlawyers.com\/wp-content\/uploads\/2020\/02\/iStock-89919214small-1-scaled-1.jpg","width":2048,"height":1362,"caption":"Camioneta volcada tras accidente"},{"@type":"BreadcrumbList","@id":"https:\/\/thehometownlawyers.com\/es\/abogados-de-lesiones-personales-que-prestan-servicios-en-seven-mile-ohio\/abogados-de-accidentes-de-camiones-que-prestan-servicios-en-seven-mile-ohio\/#breadcrumb","itemListElement":[{"@type":"ListItem","position":1,"name":"Home","item":"https:\/\/thehometownlawyers.com\/es\/"},{"@type":"ListItem","position":2,"name":"Abogado de Lesiones Personales en Seven Mile","item":"https:\/\/thehometownlawyers.com\/es\/abogados-de-lesiones-personales-que-prestan-servicios-en-seven-mile-ohio\/"},{"@type":"ListItem","position":3,"name":"Abogado de Accidente de Cami\u00f3n en Seven Mile"}]},{"@type":"WebSite","@id":"https:\/\/thehometownlawyers.com\/es\/#website","url":"https:\/\/thehometownlawyers.com\/es\/","name":"Kruger & Hodges Hometown Injury Lawyers | Accident Attorneys","description":"Attorneys for Car, Truck and Motorcycle Accidents, Personal Injuries, and Criminal Defense.","publisher":{"@id":"https:\/\/thehometownlawyers.com\/es\/#organization"},"alternateName":"Kruger & Hodges Personal Injury Lawyers","inLanguage":"es"},{"@type":"Organization","@id":"https:\/\/thehometownlawyers.com\/es\/#organization","name":"Kruger & Hodges Hometown Injury Lawyers","alternateName":"Kruger & Hodges Accident Attorneys","url":"https:\/\/thehometownlawyers.com\/es\/","logo":{"@type":"ImageObject","inLanguage":"es","@id":"https:\/\/thehometownlawyers.com\/es\/#\/schema\/logo\/image\/","url":"https:\/\/thehometownlawyers.com\/wp-content\/uploads\/2025\/12\/revised-kh-logo-vertical-white-background-scaled.png","contentUrl":"https:\/\/thehometownlawyers.com\/wp-content\/uploads\/2025\/12\/revised-kh-logo-vertical-white-background-scaled.png","width":2560,"height":1440,"caption":"Kruger & Hodges Hometown Injury Lawyers"},"image":{"@id":"https:\/\/thehometownlawyers.com\/es\/#\/schema\/logo\/image\/"},"sameAs":["https:\/\/www.facebook.com\/KrugerHodges\/","https:\/\/www.instagram.com\/krugerhodges\/","https:\/\/www.linkedin.com\/company\/kruger-hodges-hometown-injury-lawyers\/","https:\/\/www.youtube.com\/channel\/UCeYcMaMaN2rb9jMlqt4EIdQ","https:\/\/www.tiktok.com\/@thehometownlawyer"]}]}},"_links":{"self":[{"href":"https:\/\/thehometownlawyers.com\/es\/wp-json\/wp\/v2\/pages\/21251","targetHints":{"allow":["GET"]}}],"collection":[{"href":"https:\/\/thehometownlawyers.com\/es\/wp-json\/wp\/v2\/pages"}],"about":[{"href":"https:\/\/thehometownlawyers.com\/es\/wp-json\/wp\/v2\/types\/page"}],"author":[{"embeddable":true,"href":"https:\/\/thehometownlawyers.com\/es\/wp-json\/wp\/v2\/users\/7"}],"replies":[{"embeddable":true,"href":"https:\/\/thehometownlawyers.com\/es\/wp-json\/wp\/v2\/comments?post=21251"}],"version-history":[{"count":0,"href":"https:\/\/thehometownlawyers.com\/es\/wp-json\/wp\/v2\/pages\/21251\/revisions"}],"up":[{"embeddable":true,"href":"https:\/\/thehometownlawyers.com\/es\/wp-json\/wp\/v2\/pages\/21249"}],"wp:featuredmedia":[{"embeddable":true,"href":"https:\/\/thehometownlawyers.com\/es\/wp-json\/wp\/v2\/media\/20745"}],"wp:attachment":[{"href":"https:\/\/thehometownlawyers.com\/es\/wp-json\/wp\/v2\/media?parent=21251"}],"wp:term":[{"taxonomy":"hc_faqs","embeddable":true,"href":"https:\/\/thehometownlawyers.com\/es\/wp-json\/wp\/v2\/hc_faqs?post=21251"},{"taxonomy":"hc_spanish_faqs","embeddable":true,"href":"https:\/\/thehometownlawyers.com\/es\/wp-json\/wp\/v2\/hc_spanish_faqs?post=21251"}],"curies":[{"name":"wp","href":"https:\/\/api.w.org\/{rel}","templated":true}]}}