{"id":21252,"date":"2020-03-03T21:25:30","date_gmt":"2020-03-04T02:25:30","guid":{"rendered":"https:\/\/thehometownlawyers.com\/?page_id=21252"},"modified":"2025-01-31T10:52:13","modified_gmt":"2025-01-31T15:52:13","slug":"abogados-de-accidentes-de-motocicleta-que-prestan-servicios-en-seven-mile-ohio","status":"publish","type":"page","link":"https:\/\/thehometownlawyers.com\/es\/abogados-de-lesiones-personales-que-prestan-servicios-en-seven-mile-ohio\/abogados-de-accidentes-de-motocicleta-que-prestan-servicios-en-seven-mile-ohio\/","title":{"rendered":"Abogado de Accidente de Motocicleta en Seven Mile"},"content":{"rendered":"<p>La emoci\u00f3n de andar en motocicleta en la carretera abierta puede ser insuperable. Los motociclistas a menudo viven por la libertad que brinda andar en motocicleta. Sin embargo, la mayor\u00eda de los motociclistas tambi\u00e9n son conscientes de los riesgos de la carretera, y muchos toman medidas para educarse sobre estos riesgos, y algunos incluso toman cursos de educaci\u00f3n para motociclistas para prepararse en caso de una emergencia de una fracci\u00f3n de segundo. Sin embargo, incluso el conductor mejor preparado puede terminar en un accidente si otro conductor estaba distra\u00eddo, ebrio, violando el derecho de paso de la motocicleta, acelerando o violando la ley de otra manera. Un accidente que podr\u00eda ser solo un choque menor para un veh\u00edculo de dos pasajeros, a veces puede ser devastador cuando involucra a un motociclista. Una colisi\u00f3n trasera para un motociclista puede resultar en lesiones graves e incluso mortales. Los accidentes m\u00e1s graves pueden dejar a las v\u00edctimas con lesiones catastr\u00f3ficas.<\/p>\n<p>\u00bfResult\u00f3 herido en un accidente de motocicleta en Seven Mile, Ohio? Los abogados de accidentes de motocicleta de <a href=\"https:\/\/thehometownlawyers.com\/es\/\">Kruger &amp; Hodges Attorneys at Law<\/a> entienden los desaf\u00edos \u00fanicos que enfrentan los motociclistas despu\u00e9s de un accidente. P\u00f3ngase en contacto con nuestros abogados de accidentes de motocicleta hoy para obtener m\u00e1s informaci\u00f3n sobre sus derechos. Es posible que pueda reclamar da\u00f1os y perjuicios por sus gastos m\u00e9dicos, salarios perdidos, dolor y sufrimiento y gastos de rehabilitaci\u00f3n. Sin embargo, es posible que solo tenga una cantidad limitada de tiempo para presentar un reclamo seg\u00fan la ley.<\/p>\n<h2><strong>Lesiones Comunes de Accidentes de Motocicleta<\/strong><\/h2>\n<p>\u00bfCu\u00e1les son algunas lesiones comunes por accidentes de motocicleta? Algunas de estas lesiones pueden dejar a las personas discapacitadas, sin trabajo o luchando por sanar. Aqu\u00ed hay algunas lesiones comunes que las personas pueden sufrir despu\u00e9s de un accidente de motocicleta leve o grave:<\/p>\n<p class=\"rs-content-cta rs-content-cta-small\">Para una consulta legal gratuita, llame al <a href=\"tel:+15138943333\">513-894-3333 <\/a><\/p><p><strong><a href=\"https:\/\/thehometownlawyers.com\/es\/\">Lesi\u00f3n traum\u00e1tica en la cabeza<\/a> .<\/strong> La lesi\u00f3n cerebral traum\u00e1tica puede ser leve o m\u00e1s grave. Incluso una lesi\u00f3n cerebral traum\u00e1tica leve puede afectar su vida. Por ejemplo, podr\u00eda experimentar p\u00e9rdida de memoria, cambios de humor, cambios de personalidad, problemas para dormir, ansiedad, dolor de cabeza y alteraciones sensoriales. Una lesi\u00f3n cerebral traum\u00e1tica m\u00e1s grave puede dejar a una persona incapaz de hablar, caminar, con p\u00e9rdida permanente de la memoria y con deterioro cognitivo permanente. Debido a que los motociclistas est\u00e1n expuestos m\u00e1s directamente a los elementos, en caso de un accidente de motocicleta, es m\u00e1s probable que el motociclista sufra una lesi\u00f3n traum\u00e1tica en la cabeza, especialmente si sale disparado de la motocicleta. Si usted o alguien a quien ama sufri\u00f3 una lesi\u00f3n cerebral traum\u00e1tica, es posible que tenga muchas preguntas, tal vez enfrente un largo camino hacia la recuperaci\u00f3n y tal vez enfrente facturas m\u00e9dicas altas, costos de rehabilitaci\u00f3n y salarios perdidos debido al tiempo perdido en el trabajo. Su familia podr\u00eda estar luchando para llegar a fin de mes. Kruger &amp; Hodges Attorneys at Law es un bufete de abogados de accidentes de motocicleta que presta servicios en Seven Mile, Ohio, que puede ayudarlo.<\/p>\n<p class=\"rs-content-cta\">Abogado de Lesiones Personales de Seven Mile Cerca de M\u00ed <a href=\"tel:+15138943333\">513-894-3333<\/a><\/p><p><strong>Lesi\u00f3n de la m\u00e9dula espinal .<\/strong> La lesi\u00f3n de la m\u00e9dula espinal es una de las lesiones m\u00e1s graves que una persona puede sufrir despu\u00e9s de un accidente de motocicleta. Debido a que los motociclistas no tienen el chasis de un veh\u00edculo para protegerlos, los motociclistas pueden correr el riesgo de sufrir una lesi\u00f3n en la m\u00e9dula espinal en un choque. Con una lesi\u00f3n de la m\u00e9dula espinal, la m\u00e9dula espinal est\u00e1 da\u00f1ada. Debido a que esta parte del cuerpo no se cura como otras partes, las personas con lesi\u00f3n de la m\u00e9dula espinal pueden experimentar par\u00e1lisis, p\u00e9rdida de funci\u00f3n y ser incapaces de caminar o participar en actividades cotidianas despu\u00e9s de esta lesi\u00f3n. La lesi\u00f3n de la m\u00e9dula espinal puede ser costosa para las v\u00edctimas y sus familias. Algunas v\u00edctimas no solo necesitan atenci\u00f3n y apoyo de enfermer\u00eda de por vida, sino que las personas pueden necesitar modificar sus hogares para adaptarse a su discapacidad y pueden necesitar equipo de movilidad. Si usted o un ser querido sufrieron una lesi\u00f3n en la m\u00e9dula espinal despu\u00e9s de un accidente de motocicleta en Seven Mile, Ohio, Kruger &amp; Hodges Attorneys at Law es un bufete de abogados de accidentes de motocicleta que puede ayudarlo a buscar la recuperaci\u00f3n que se merece.<\/p>\n<p class=\"rs-content-cta rs-content-cta-small\"><a href=\"\/es\/contacto\/\">Haga clic para contactar<\/a> con nuestros lesiones personales abogados hoy<\/p><p><strong>Lesiones de cuello y espalda .<\/strong> Las lesiones en el cuello y la espalda pueden provocar una discapacidad permanente o dejar a las v\u00edctimas con un dolor intenso. Si usted o un ser querido sufri\u00f3 una lesi\u00f3n en el cuello o la espalda en un accidente de motocicleta, es posible que tenga derechos seg\u00fan la ley. Estas lesiones a veces pueden ser dif\u00edciles de reclamar porque las compa\u00f1\u00edas de seguros a veces afirman que podr\u00edan haber existido antes del accidente. Sin embargo, con registros m\u00e9dicos y documentaci\u00f3n claros, un abogado de accidentes de motocicleta como Kruger &amp; Hodges Attorneys at Law que presta servicios en Seven Mile, Ohio, puede ayudarlo.<\/p>\n<p class=\"rs-content-cta rs-content-cta-small\">Complete una <a href=\"\/es\/contacto\/\">evaluaci\u00f3n gratuita de su caso<\/a> ahora<\/p><p><strong>Erupci\u00f3n en la carretera.<\/strong> Cuando un motociclista se cae de su bicicleta sin equipo de protecci\u00f3n (o incluso cuando usa equipo de protecci\u00f3n), podr\u00eda sufrir una erupci\u00f3n en la carretera. Este es un tipo de abrasi\u00f3n de la piel que resulta en piel en carne viva, rota o raspada. Los casos graves de erupciones en la carretera pueden desfigurar las lesiones que pueden requerir atenci\u00f3n a largo plazo e incluso injertos de piel. Estas lesiones graves a menudo son tratadas por profesionales m\u00e9dicos de la misma manera que se tratan las lesiones por quemaduras. \u00bfHa sufrido lesiones por erupciones en la carretera debido al error de otro conductor detr\u00e1s del volante? Los abogados de accidentes de motocicleta de Kruger &amp; Hodges Attorneys at Law que prestan servicios en Seven Mile, Ohio, pueden ayudarlo.<\/p>\n<p>Estas son solo algunas de las lesiones graves que las personas pueden sufrir en un accidente de motocicleta. Si usted o un ser querido resultaron heridos en un accidente de motocicleta, es posible que usted y su familia tengan derecho a reclamar da\u00f1os y perjuicios conforme a la ley. <a href=\"https:\/\/thehometownlawyers.com\/es\/contacto\/\">Kruger &amp; Hodges Attorneys at Law<\/a> es un bufete de abogados de accidentes de motocicleta que presta servicios en Seven Mile, Ohio y que puede ayudarlo.<\/p>\n<p class=\"rs-content-cta rs-content-cta-small\">Llame o env\u00ede un mensaje de texto al <a href=\"tel:+15138943333\">513-894-3333<\/a> o complete una <a href=\"\/es\/contacto\/\">evaluaci\u00f3n gratuita de su caso<\/a><\/p>","protected":false},"excerpt":{"rendered":"<p>La emoci\u00f3n de andar en motocicleta en la carretera abierta puede ser insuperable. Los motociclistas a menudo viven por la libertad que brinda andar en motocicleta. Sin embargo, la mayor\u00eda de los motociclistas tambi\u00e9n son conscientes de los riesgos de la carretera, y muchos toman medidas para educarse sobre estos riesgos, y algunos incluso toman &#8230;<\/p>\n","protected":false},"author":7,"featured_media":20859,"parent":21249,"menu_order":0,"comment_status":"closed","ping_status":"closed","template":"","meta":{"_acf_changed":false,"inline_featured_image":false,"_genesis_hide_title":false,"_genesis_hide_breadcrumbs":false,"_genesis_hide_singular_image":false,"_genesis_hide_footer_widgets":false,"_genesis_custom_body_class":"","_genesis_custom_post_class":"","_genesis_layout":"","footnotes":""},"hc_faqs":[],"hc_spanish_faqs":[],"class_list":{"0":"post-21252","1":"page","2":"type-page","3":"status-publish","4":"has-post-thumbnail","6":"hc_city_location-seven-mile-es","7":"entry"},"acf":[],"yoast_head":"<!-- This site is optimized with the Yoast SEO plugin v27.3 - https:\/\/yoast.com\/product\/yoast-seo-wordpress\/ -->\n<title>Abogados de accidentes de motocicleta que prestan servicios en Seven Mile, Ohio: Consulta gratuita<\/title>\n<meta name=\"description\" content=\"La emoci\u00f3n de andar en motocicleta en la carretera abierta puede ser insuperable. Los motociclistas a menudo viven por la libertad que brinda andar en\" \/>\n<meta name=\"robots\" content=\"index, follow, max-snippet:-1, max-image-preview:large, max-video-preview:-1\" \/>\n<link rel=\"canonical\" href=\"https:\/\/thehometownlawyers.com\/es\/abogados-de-lesiones-personales-que-prestan-servicios-en-seven-mile-ohio\/abogados-de-accidentes-de-motocicleta-que-prestan-servicios-en-seven-mile-ohio\/\" \/>\n<meta property=\"og:locale\" content=\"es_MX\" \/>\n<meta property=\"og:type\" content=\"article\" \/>\n<meta property=\"og:title\" content=\"Abogados de accidentes de motocicleta que prestan servicios en Seven Mile, Ohio: Consulta gratuita\" \/>\n<meta property=\"og:description\" content=\"La emoci\u00f3n de andar en motocicleta en la carretera abierta puede ser insuperable. Los motociclistas a menudo viven por la libertad que brinda andar en\" \/>\n<meta property=\"og:url\" content=\"https:\/\/thehometownlawyers.com\/es\/abogados-de-lesiones-personales-que-prestan-servicios-en-seven-mile-ohio\/abogados-de-accidentes-de-motocicleta-que-prestan-servicios-en-seven-mile-ohio\/\" \/>\n<meta property=\"og:site_name\" content=\"Kruger &amp; Hodges Abogados De Lesiones\" \/>\n<meta property=\"article:publisher\" content=\"https:\/\/www.facebook.com\/KrugerHodges\/\" \/>\n<meta property=\"article:modified_time\" content=\"2025-01-31T15:52:13+00:00\" \/>\n<meta property=\"og:image\" content=\"https:\/\/thehometownlawyers.com\/wp-content\/uploads\/2021\/09\/motorcycle-wreck-road.jpg\" \/>\n\t<meta property=\"og:image:width\" content=\"1920\" \/>\n\t<meta property=\"og:image:height\" content=\"1080\" \/>\n\t<meta property=\"og:image:type\" content=\"image\/jpeg\" \/>\n<meta name=\"twitter:card\" content=\"summary_large_image\" \/>\n<meta name=\"twitter:label1\" content=\"Tiempo de lectura\" \/>\n\t<meta name=\"twitter:data1\" content=\"5 minutos\" \/>\n<script type=\"application\/ld+json\" class=\"yoast-schema-graph\">{\"@context\":\"https:\\\/\\\/schema.org\",\"@graph\":[{\"@type\":\"WebPage\",\"@id\":\"https:\\\/\\\/thehometownlawyers.com\\\/es\\\/abogados-de-lesiones-personales-que-prestan-servicios-en-seven-mile-ohio\\\/abogados-de-accidentes-de-motocicleta-que-prestan-servicios-en-seven-mile-ohio\\\/\",\"url\":\"https:\\\/\\\/thehometownlawyers.com\\\/es\\\/abogados-de-lesiones-personales-que-prestan-servicios-en-seven-mile-ohio\\\/abogados-de-accidentes-de-motocicleta-que-prestan-servicios-en-seven-mile-ohio\\\/\",\"name\":\"Abogados de accidentes de motocicleta que prestan servicios en Seven Mile, Ohio: Consulta gratuita\",\"isPartOf\":{\"@id\":\"https:\\\/\\\/thehometownlawyers.com\\\/es\\\/#website\"},\"primaryImageOfPage\":{\"@id\":\"https:\\\/\\\/thehometownlawyers.com\\\/es\\\/abogados-de-lesiones-personales-que-prestan-servicios-en-seven-mile-ohio\\\/abogados-de-accidentes-de-motocicleta-que-prestan-servicios-en-seven-mile-ohio\\\/#primaryimage\"},\"image\":{\"@id\":\"https:\\\/\\\/thehometownlawyers.com\\\/es\\\/abogados-de-lesiones-personales-que-prestan-servicios-en-seven-mile-ohio\\\/abogados-de-accidentes-de-motocicleta-que-prestan-servicios-en-seven-mile-ohio\\\/#primaryimage\"},\"thumbnailUrl\":\"https:\\\/\\\/thehometownlawyers.com\\\/wp-content\\\/uploads\\\/2021\\\/09\\\/motorcycle-wreck-road.jpg\",\"datePublished\":\"2020-03-04T02:25:30+00:00\",\"dateModified\":\"2025-01-31T15:52:13+00:00\",\"description\":\"La emoci\u00f3n de andar en motocicleta en la carretera abierta puede ser insuperable. Los motociclistas a menudo viven por la libertad que brinda andar en\",\"breadcrumb\":{\"@id\":\"https:\\\/\\\/thehometownlawyers.com\\\/es\\\/abogados-de-lesiones-personales-que-prestan-servicios-en-seven-mile-ohio\\\/abogados-de-accidentes-de-motocicleta-que-prestan-servicios-en-seven-mile-ohio\\\/#breadcrumb\"},\"inLanguage\":\"es\",\"potentialAction\":[{\"@type\":\"ReadAction\",\"target\":[\"https:\\\/\\\/thehometownlawyers.com\\\/es\\\/abogados-de-lesiones-personales-que-prestan-servicios-en-seven-mile-ohio\\\/abogados-de-accidentes-de-motocicleta-que-prestan-servicios-en-seven-mile-ohio\\\/\"]}]},{\"@type\":\"ImageObject\",\"inLanguage\":\"es\",\"@id\":\"https:\\\/\\\/thehometownlawyers.com\\\/es\\\/abogados-de-lesiones-personales-que-prestan-servicios-en-seven-mile-ohio\\\/abogados-de-accidentes-de-motocicleta-que-prestan-servicios-en-seven-mile-ohio\\\/#primaryimage\",\"url\":\"https:\\\/\\\/thehometownlawyers.com\\\/wp-content\\\/uploads\\\/2021\\\/09\\\/motorcycle-wreck-road.jpg\",\"contentUrl\":\"https:\\\/\\\/thehometownlawyers.com\\\/wp-content\\\/uploads\\\/2021\\\/09\\\/motorcycle-wreck-road.jpg\",\"width\":1920,\"height\":1080,\"caption\":\"moto destrozada en carretera\"},{\"@type\":\"BreadcrumbList\",\"@id\":\"https:\\\/\\\/thehometownlawyers.com\\\/es\\\/abogados-de-lesiones-personales-que-prestan-servicios-en-seven-mile-ohio\\\/abogados-de-accidentes-de-motocicleta-que-prestan-servicios-en-seven-mile-ohio\\\/#breadcrumb\",\"itemListElement\":[{\"@type\":\"ListItem\",\"position\":1,\"name\":\"Home\",\"item\":\"https:\\\/\\\/thehometownlawyers.com\\\/es\\\/\"},{\"@type\":\"ListItem\",\"position\":2,\"name\":\"Abogado de Lesiones Personales en Seven Mile\",\"item\":\"https:\\\/\\\/thehometownlawyers.com\\\/es\\\/abogados-de-lesiones-personales-que-prestan-servicios-en-seven-mile-ohio\\\/\"},{\"@type\":\"ListItem\",\"position\":3,\"name\":\"Abogado de Accidente de Motocicleta en Seven Mile\"}]},{\"@type\":\"WebSite\",\"@id\":\"https:\\\/\\\/thehometownlawyers.com\\\/es\\\/#website\",\"url\":\"https:\\\/\\\/thehometownlawyers.com\\\/es\\\/\",\"name\":\"Kruger & Hodges Hometown Injury Lawyers | Accident Attorneys\",\"description\":\"Attorneys for Car, Truck and Motorcycle Accidents, Personal Injuries, and Criminal Defense.\",\"publisher\":{\"@id\":\"https:\\\/\\\/thehometownlawyers.com\\\/es\\\/#organization\"},\"alternateName\":\"Kruger & Hodges Personal Injury Lawyers\",\"inLanguage\":\"es\"},{\"@type\":\"Organization\",\"@id\":\"https:\\\/\\\/thehometownlawyers.com\\\/es\\\/#organization\",\"name\":\"Kruger & Hodges Hometown Injury Lawyers\",\"alternateName\":\"Kruger & Hodges\",\"url\":\"https:\\\/\\\/thehometownlawyers.com\\\/es\\\/\",\"logo\":{\"@type\":\"ImageObject\",\"inLanguage\":\"es\",\"@id\":\"https:\\\/\\\/thehometownlawyers.com\\\/es\\\/#\\\/schema\\\/logo\\\/image\\\/\",\"url\":\"https:\\\/\\\/thehometownlawyers.com\\\/wp-content\\\/uploads\\\/2025\\\/12\\\/revised-kh-logo-vertical-white-background-scaled.png\",\"contentUrl\":\"https:\\\/\\\/thehometownlawyers.com\\\/wp-content\\\/uploads\\\/2025\\\/12\\\/revised-kh-logo-vertical-white-background-scaled.png\",\"width\":2560,\"height\":1440,\"caption\":\"Kruger & Hodges Hometown Injury Lawyers\"},\"image\":{\"@id\":\"https:\\\/\\\/thehometownlawyers.com\\\/es\\\/#\\\/schema\\\/logo\\\/image\\\/\"},\"sameAs\":[\"https:\\\/\\\/www.facebook.com\\\/KrugerHodges\\\/\",\"https:\\\/\\\/www.instagram.com\\\/krugerhodges\\\/\",\"https:\\\/\\\/www.linkedin.com\\\/company\\\/kruger-hodges-hometown-injury-lawyers\\\/\",\"https:\\\/\\\/www.youtube.com\\\/channel\\\/UCeYcMaMaN2rb9jMlqt4EIdQ\",\"https:\\\/\\\/www.tiktok.com\\\/@thehometownlawyer\"]}]}<\/script>\n<!-- \/ Yoast SEO plugin. -->","yoast_head_json":{"title":"Abogados de accidentes de motocicleta que prestan servicios en Seven Mile, Ohio: Consulta gratuita","description":"La emoci\u00f3n de andar en motocicleta en la carretera abierta puede ser insuperable. Los motociclistas a menudo viven por la libertad que brinda andar en","robots":{"index":"index","follow":"follow","max-snippet":"max-snippet:-1","max-image-preview":"max-image-preview:large","max-video-preview":"max-video-preview:-1"},"canonical":"https:\/\/thehometownlawyers.com\/es\/abogados-de-lesiones-personales-que-prestan-servicios-en-seven-mile-ohio\/abogados-de-accidentes-de-motocicleta-que-prestan-servicios-en-seven-mile-ohio\/","og_locale":"es_MX","og_type":"article","og_title":"Abogados de accidentes de motocicleta que prestan servicios en Seven Mile, Ohio: Consulta gratuita","og_description":"La emoci\u00f3n de andar en motocicleta en la carretera abierta puede ser insuperable. Los motociclistas a menudo viven por la libertad que brinda andar en","og_url":"https:\/\/thehometownlawyers.com\/es\/abogados-de-lesiones-personales-que-prestan-servicios-en-seven-mile-ohio\/abogados-de-accidentes-de-motocicleta-que-prestan-servicios-en-seven-mile-ohio\/","og_site_name":"Kruger &amp; Hodges Abogados De Lesiones","article_publisher":"https:\/\/www.facebook.com\/KrugerHodges\/","article_modified_time":"2025-01-31T15:52:13+00:00","og_image":[{"width":1920,"height":1080,"url":"https:\/\/thehometownlawyers.com\/wp-content\/uploads\/2021\/09\/motorcycle-wreck-road.jpg","type":"image\/jpeg"}],"twitter_card":"summary_large_image","twitter_misc":{"Tiempo de lectura":"5 minutos"},"schema":{"@context":"https:\/\/schema.org","@graph":[{"@type":"WebPage","@id":"https:\/\/thehometownlawyers.com\/es\/abogados-de-lesiones-personales-que-prestan-servicios-en-seven-mile-ohio\/abogados-de-accidentes-de-motocicleta-que-prestan-servicios-en-seven-mile-ohio\/","url":"https:\/\/thehometownlawyers.com\/es\/abogados-de-lesiones-personales-que-prestan-servicios-en-seven-mile-ohio\/abogados-de-accidentes-de-motocicleta-que-prestan-servicios-en-seven-mile-ohio\/","name":"Abogados de accidentes de motocicleta que prestan servicios en Seven Mile, Ohio: Consulta gratuita","isPartOf":{"@id":"https:\/\/thehometownlawyers.com\/es\/#website"},"primaryImageOfPage":{"@id":"https:\/\/thehometownlawyers.com\/es\/abogados-de-lesiones-personales-que-prestan-servicios-en-seven-mile-ohio\/abogados-de-accidentes-de-motocicleta-que-prestan-servicios-en-seven-mile-ohio\/#primaryimage"},"image":{"@id":"https:\/\/thehometownlawyers.com\/es\/abogados-de-lesiones-personales-que-prestan-servicios-en-seven-mile-ohio\/abogados-de-accidentes-de-motocicleta-que-prestan-servicios-en-seven-mile-ohio\/#primaryimage"},"thumbnailUrl":"https:\/\/thehometownlawyers.com\/wp-content\/uploads\/2021\/09\/motorcycle-wreck-road.jpg","datePublished":"2020-03-04T02:25:30+00:00","dateModified":"2025-01-31T15:52:13+00:00","description":"La emoci\u00f3n de andar en motocicleta en la carretera abierta puede ser insuperable. Los motociclistas a menudo viven por la libertad que brinda andar en","breadcrumb":{"@id":"https:\/\/thehometownlawyers.com\/es\/abogados-de-lesiones-personales-que-prestan-servicios-en-seven-mile-ohio\/abogados-de-accidentes-de-motocicleta-que-prestan-servicios-en-seven-mile-ohio\/#breadcrumb"},"inLanguage":"es","potentialAction":[{"@type":"ReadAction","target":["https:\/\/thehometownlawyers.com\/es\/abogados-de-lesiones-personales-que-prestan-servicios-en-seven-mile-ohio\/abogados-de-accidentes-de-motocicleta-que-prestan-servicios-en-seven-mile-ohio\/"]}]},{"@type":"ImageObject","inLanguage":"es","@id":"https:\/\/thehometownlawyers.com\/es\/abogados-de-lesiones-personales-que-prestan-servicios-en-seven-mile-ohio\/abogados-de-accidentes-de-motocicleta-que-prestan-servicios-en-seven-mile-ohio\/#primaryimage","url":"https:\/\/thehometownlawyers.com\/wp-content\/uploads\/2021\/09\/motorcycle-wreck-road.jpg","contentUrl":"https:\/\/thehometownlawyers.com\/wp-content\/uploads\/2021\/09\/motorcycle-wreck-road.jpg","width":1920,"height":1080,"caption":"moto destrozada en carretera"},{"@type":"BreadcrumbList","@id":"https:\/\/thehometownlawyers.com\/es\/abogados-de-lesiones-personales-que-prestan-servicios-en-seven-mile-ohio\/abogados-de-accidentes-de-motocicleta-que-prestan-servicios-en-seven-mile-ohio\/#breadcrumb","itemListElement":[{"@type":"ListItem","position":1,"name":"Home","item":"https:\/\/thehometownlawyers.com\/es\/"},{"@type":"ListItem","position":2,"name":"Abogado de Lesiones Personales en Seven Mile","item":"https:\/\/thehometownlawyers.com\/es\/abogados-de-lesiones-personales-que-prestan-servicios-en-seven-mile-ohio\/"},{"@type":"ListItem","position":3,"name":"Abogado de Accidente de Motocicleta en Seven Mile"}]},{"@type":"WebSite","@id":"https:\/\/thehometownlawyers.com\/es\/#website","url":"https:\/\/thehometownlawyers.com\/es\/","name":"Kruger & Hodges Hometown Injury Lawyers | Accident Attorneys","description":"Attorneys for Car, Truck and Motorcycle Accidents, Personal Injuries, and Criminal Defense.","publisher":{"@id":"https:\/\/thehometownlawyers.com\/es\/#organization"},"alternateName":"Kruger & Hodges Personal Injury Lawyers","inLanguage":"es"},{"@type":"Organization","@id":"https:\/\/thehometownlawyers.com\/es\/#organization","name":"Kruger & Hodges Hometown Injury Lawyers","alternateName":"Kruger & Hodges","url":"https:\/\/thehometownlawyers.com\/es\/","logo":{"@type":"ImageObject","inLanguage":"es","@id":"https:\/\/thehometownlawyers.com\/es\/#\/schema\/logo\/image\/","url":"https:\/\/thehometownlawyers.com\/wp-content\/uploads\/2025\/12\/revised-kh-logo-vertical-white-background-scaled.png","contentUrl":"https:\/\/thehometownlawyers.com\/wp-content\/uploads\/2025\/12\/revised-kh-logo-vertical-white-background-scaled.png","width":2560,"height":1440,"caption":"Kruger & Hodges Hometown Injury Lawyers"},"image":{"@id":"https:\/\/thehometownlawyers.com\/es\/#\/schema\/logo\/image\/"},"sameAs":["https:\/\/www.facebook.com\/KrugerHodges\/","https:\/\/www.instagram.com\/krugerhodges\/","https:\/\/www.linkedin.com\/company\/kruger-hodges-hometown-injury-lawyers\/","https:\/\/www.youtube.com\/channel\/UCeYcMaMaN2rb9jMlqt4EIdQ","https:\/\/www.tiktok.com\/@thehometownlawyer"]}]}},"_links":{"self":[{"href":"https:\/\/thehometownlawyers.com\/es\/wp-json\/wp\/v2\/pages\/21252","targetHints":{"allow":["GET"]}}],"collection":[{"href":"https:\/\/thehometownlawyers.com\/es\/wp-json\/wp\/v2\/pages"}],"about":[{"href":"https:\/\/thehometownlawyers.com\/es\/wp-json\/wp\/v2\/types\/page"}],"author":[{"embeddable":true,"href":"https:\/\/thehometownlawyers.com\/es\/wp-json\/wp\/v2\/users\/7"}],"replies":[{"embeddable":true,"href":"https:\/\/thehometownlawyers.com\/es\/wp-json\/wp\/v2\/comments?post=21252"}],"version-history":[{"count":0,"href":"https:\/\/thehometownlawyers.com\/es\/wp-json\/wp\/v2\/pages\/21252\/revisions"}],"up":[{"embeddable":true,"href":"https:\/\/thehometownlawyers.com\/es\/wp-json\/wp\/v2\/pages\/21249"}],"wp:featuredmedia":[{"embeddable":true,"href":"https:\/\/thehometownlawyers.com\/es\/wp-json\/wp\/v2\/media\/20859"}],"wp:attachment":[{"href":"https:\/\/thehometownlawyers.com\/es\/wp-json\/wp\/v2\/media?parent=21252"}],"wp:term":[{"taxonomy":"hc_faqs","embeddable":true,"href":"https:\/\/thehometownlawyers.com\/es\/wp-json\/wp\/v2\/hc_faqs?post=21252"},{"taxonomy":"hc_spanish_faqs","embeddable":true,"href":"https:\/\/thehometownlawyers.com\/es\/wp-json\/wp\/v2\/hc_spanish_faqs?post=21252"}],"curies":[{"name":"wp","href":"https:\/\/api.w.org\/{rel}","templated":true}]}}