{"id":21253,"date":"2020-02-26T21:00:48","date_gmt":"2020-02-27T02:00:48","guid":{"rendered":"https:\/\/thehometownlawyers.com\/?page_id=21253"},"modified":"2025-01-31T10:59:32","modified_gmt":"2025-01-31T15:59:32","slug":"abogados-de-accidentes-de-motocicleta-que-prestan-servicios-en-trenton-ohio","status":"publish","type":"page","link":"https:\/\/thehometownlawyers.com\/es\/abogados-de-lesiones-personales-que-prestan-servicios-en-trenton-ohio\/abogados-de-accidentes-de-motocicleta-que-prestan-servicios-en-trenton-ohio\/","title":{"rendered":"Abogado de Accidente de Motocicleta en Trenton"},"content":{"rendered":"<p>Kruger &amp; Hodges Attorneys at Law es un bufete de abogados de accidentes de motocicleta que presta servicios en Trenton, Ohio, que puede ayudarlo si ha resultado lesionado en un accidente de motocicleta. Los motociclistas son usuarios vulnerables de la carretera porque es m\u00e1s probable que los motociclistas sufran las fuerzas de impacto de sus cuerpos en un choque. Debido a que no hay protecci\u00f3n entre el conductor y la carretera u otro veh\u00edculo, los conductores pueden correr el riesgo de sufrir lesiones muy graves en un accidente de motocicleta. Si usted o alguien a quien ama result\u00f3 herido en un accidente de motocicleta, es importante proteger sus derechos. Un accidente que podr\u00eda haber resultado solo en un guardabarros doblado o un choque menor que involucre a dos veh\u00edculos de pasajeros puede ser devastador si el veh\u00edculo de pasajeros choca contra un motociclista.<\/p>\n<p>\u00bfHa resultado herido en un accidente de motocicleta en Trenton, Ohio? \u00bfCree que otro conductor pudo haber tenido la culpa de su accidente? \u00bfEst\u00e1 enfrentando facturas m\u00e9dicas inesperadas, salarios perdidos debido a tiempo perdido en el trabajo o ha sufrido una lesi\u00f3n incapacitante? <a href=\"https:\/\/thehometownlawyers.com\/es\/abogados-de-lesiones-personales-de-middletown\/\">Kruger &amp; Hodges<\/a> Attorneys at Law es un bufete de abogados de accidentes de motocicleta que presta servicios en Trenton, Ohio, y que puede ayudarlo.<\/p>\n<h2>\u00bfNo usar un casco puede afectar mi reclamo por accidente de motocicleta?<\/h2>\n<p>En Ohio, los motociclistas mayores de 18 a\u00f1os que tengan una licencia de motociclista v\u00e1lida no est\u00e1n obligados a usar un casco de motociclista seg\u00fan la ley. Sin embargo, los pasajeros a\u00fan deben considerar usar un casco. \u00bfPor qu\u00e9? En caso de un accidente de motocicleta, un casco podr\u00eda proteger su cuello y cabeza de lesiones graves. Si sufre una lesi\u00f3n traum\u00e1tica en el cerebro, el cuello o la m\u00e9dula espinal en un accidente de motocicleta, uno de los factores que se pueden considerar al evaluar un reclamo por lesiones personales ser\u00eda si estaba usando un casco o no. Por lo tanto, si se lesion\u00f3 la cabeza o el cuello, no usar un casco de motocicleta podr\u00eda afectar su reclamo si los tribunales determinan que sus lesiones podr\u00edan haber sido menos graves si hubiera usado un casco. Dicho esto, si su accidente fue particularmente grave, su abogado de accidentes de motocicleta a\u00fan puede ayudarlo a buscar una recuperaci\u00f3n por sus lesiones y p\u00e9rdidas.<\/p>\n<p>Si sus lesiones no involucran su cuello o cabeza, y no estaba usando un casco, el hecho de que no lo estaba usando puede no ser importante para su caso. Es decir, si su cabeza no result\u00f3 lesionada, pero s\u00ed otras partes de su cuerpo, y usted puede demostrar que se habr\u00edan lesionado sin importar si us\u00f3 un casco o no, es posible que pueda reclamar da\u00f1os y perjuicios por sus p\u00e9rdidas en una reclamaci\u00f3n por accidente de motocicleta. Kruger &amp; Hodges Attorneys at Law es un bufete de abogados de accidentes de motocicleta que presta servicios en Trenton, Ohio, que puede revisar todos los aspectos de su caso, identificar a las partes negligentes y luchar para que rindan cuentas por sus da\u00f1os o p\u00e9rdidas.<\/p>\n<p class=\"rs-content-cta rs-content-cta-small\">Para una consulta legal gratuita, llame al <a href=\"tel:+15138943333\">513-894-3333 <\/a><\/p><h2>\u00bfTengo un caso de lesiones personales de motocicleta?<\/h2>\n<p>Para reclamar da\u00f1os por una lesi\u00f3n personal en una motocicleta, deber\u00e1 demostrar que el otro conductor tuvo la culpa de su accidente y que sufri\u00f3 p\u00e9rdidas como resultado de su lesi\u00f3n. El exceso de velocidad, la conducci\u00f3n distra\u00edda, la conducci\u00f3n en estado de ebriedad, pasarse los sem\u00e1foros en rojo, no darle a una motocicleta el derecho de paso cuando la motocicleta ten\u00eda el derecho de paso, los cambios de carril inadecuados y otras infracciones de la ley pueden provocar accidentes de motocicleta en los que podr\u00eda estar otro conductor. responsabilizado por el accidente. Los abogados de accidentes de motocicleta de Kruger &amp; Hodges Attorneys at Law que prestan servicios en Trenton, Ohio, pueden revisar sus costos m\u00e9dicos, costos de rehabilitaci\u00f3n, salarios perdidos y da\u00f1os por dolor y sufrimiento, y presentar estos reclamos con las partes negligentes o con sus aseguradoras. Es posible que solo tenga una cantidad limitada de tiempo para presentar un reclamo despu\u00e9s de un accidente de motocicleta. \u00bfTiene preguntas? <a href=\"https:\/\/thehometownlawyers.com\/es\/contacto\/\">P\u00f3ngase en contacto con Kruger &amp; Hodges<\/a> Attorneys at Law, un bufete de abogados de accidentes de motocicleta que presta servicios en Trenton, Ohio, hoy.<\/p>\n<p class=\"rs-content-cta rs-content-cta-small\">Llame o env\u00ede un mensaje de texto al <a href=\"tel:+15138943333\">513-894-3333<\/a> o complete una <a href=\"\/es\/contacto\/\">evaluaci\u00f3n gratuita de su caso<\/a><\/p>","protected":false},"excerpt":{"rendered":"<p>Kruger &amp; Hodges Attorneys at Law es un bufete de abogados de accidentes de motocicleta que presta servicios en Trenton, Ohio, que puede ayudarlo si ha resultado lesionado en un accidente de motocicleta. Los motociclistas son usuarios vulnerables de la carretera porque es m\u00e1s probable que los motociclistas sufran las fuerzas de impacto de sus &#8230;<\/p>\n","protected":false},"author":7,"featured_media":20740,"parent":21264,"menu_order":0,"comment_status":"closed","ping_status":"closed","template":"","meta":{"_acf_changed":false,"inline_featured_image":false,"_genesis_hide_title":false,"_genesis_hide_breadcrumbs":false,"_genesis_hide_singular_image":false,"_genesis_hide_footer_widgets":false,"_genesis_custom_body_class":"","_genesis_custom_post_class":"","_genesis_layout":"","footnotes":""},"hc_faqs":[],"hc_spanish_faqs":[],"class_list":{"0":"post-21253","1":"page","2":"type-page","3":"status-publish","4":"has-post-thumbnail","6":"hc_city_location-trenton-es","7":"entry"},"acf":[],"yoast_head":"<!-- This site is optimized with the Yoast SEO plugin v27.3 - https:\/\/yoast.com\/product\/yoast-seo-wordpress\/ -->\n<title>Abogados de accidentes de motocicleta que prestan servicios en Trenton, Ohio: Consulta gratuita<\/title>\n<meta name=\"description\" content=\"Kruger &amp; Hodges Attorneys at Law es un bufete de abogados de accidentes de motocicleta que presta servicios en Trenton, Ohio, que puede ayudarlo si ha\" \/>\n<meta name=\"robots\" content=\"index, follow, max-snippet:-1, max-image-preview:large, max-video-preview:-1\" \/>\n<link rel=\"canonical\" href=\"https:\/\/thehometownlawyers.com\/es\/abogados-de-lesiones-personales-que-prestan-servicios-en-trenton-ohio\/abogados-de-accidentes-de-motocicleta-que-prestan-servicios-en-trenton-ohio\/\" \/>\n<meta property=\"og:locale\" content=\"es_MX\" \/>\n<meta property=\"og:type\" content=\"article\" \/>\n<meta property=\"og:title\" content=\"Abogados de accidentes de motocicleta que prestan servicios en Trenton, Ohio: Consulta gratuita\" \/>\n<meta property=\"og:description\" content=\"Kruger &amp; Hodges Attorneys at Law es un bufete de abogados de accidentes de motocicleta que presta servicios en Trenton, Ohio, que puede ayudarlo si ha\" \/>\n<meta property=\"og:url\" content=\"https:\/\/thehometownlawyers.com\/es\/abogados-de-lesiones-personales-que-prestan-servicios-en-trenton-ohio\/abogados-de-accidentes-de-motocicleta-que-prestan-servicios-en-trenton-ohio\/\" \/>\n<meta property=\"og:site_name\" content=\"Kruger &amp; Hodges Abogados De Lesiones\" \/>\n<meta property=\"article:publisher\" content=\"https:\/\/www.facebook.com\/KrugerHodges\/\" \/>\n<meta property=\"article:modified_time\" content=\"2025-01-31T15:59:32+00:00\" \/>\n<meta property=\"og:image\" content=\"https:\/\/thehometownlawyers.com\/wp-content\/uploads\/2020\/02\/iStock-912151500.jpg\" \/>\n\t<meta property=\"og:image:width\" content=\"2048\" \/>\n\t<meta property=\"og:image:height\" content=\"1365\" \/>\n\t<meta property=\"og:image:type\" content=\"image\/jpeg\" \/>\n<meta name=\"twitter:card\" content=\"summary_large_image\" \/>\n<meta name=\"twitter:label1\" content=\"Tiempo de lectura\" \/>\n\t<meta name=\"twitter:data1\" content=\"4 minutos\" \/>\n<script type=\"application\/ld+json\" class=\"yoast-schema-graph\">{\"@context\":\"https:\\\/\\\/schema.org\",\"@graph\":[{\"@type\":\"WebPage\",\"@id\":\"https:\\\/\\\/thehometownlawyers.com\\\/es\\\/abogados-de-lesiones-personales-que-prestan-servicios-en-trenton-ohio\\\/abogados-de-accidentes-de-motocicleta-que-prestan-servicios-en-trenton-ohio\\\/\",\"url\":\"https:\\\/\\\/thehometownlawyers.com\\\/es\\\/abogados-de-lesiones-personales-que-prestan-servicios-en-trenton-ohio\\\/abogados-de-accidentes-de-motocicleta-que-prestan-servicios-en-trenton-ohio\\\/\",\"name\":\"Abogados de accidentes de motocicleta que prestan servicios en Trenton, Ohio: Consulta gratuita\",\"isPartOf\":{\"@id\":\"https:\\\/\\\/thehometownlawyers.com\\\/es\\\/#website\"},\"primaryImageOfPage\":{\"@id\":\"https:\\\/\\\/thehometownlawyers.com\\\/es\\\/abogados-de-lesiones-personales-que-prestan-servicios-en-trenton-ohio\\\/abogados-de-accidentes-de-motocicleta-que-prestan-servicios-en-trenton-ohio\\\/#primaryimage\"},\"image\":{\"@id\":\"https:\\\/\\\/thehometownlawyers.com\\\/es\\\/abogados-de-lesiones-personales-que-prestan-servicios-en-trenton-ohio\\\/abogados-de-accidentes-de-motocicleta-que-prestan-servicios-en-trenton-ohio\\\/#primaryimage\"},\"thumbnailUrl\":\"https:\\\/\\\/thehometownlawyers.com\\\/wp-content\\\/uploads\\\/2020\\\/02\\\/iStock-912151500.jpg\",\"datePublished\":\"2020-02-27T02:00:48+00:00\",\"dateModified\":\"2025-01-31T15:59:32+00:00\",\"description\":\"Kruger &amp; Hodges Attorneys at Law es un bufete de abogados de accidentes de motocicleta que presta servicios en Trenton, Ohio, que puede ayudarlo si ha\",\"breadcrumb\":{\"@id\":\"https:\\\/\\\/thehometownlawyers.com\\\/es\\\/abogados-de-lesiones-personales-que-prestan-servicios-en-trenton-ohio\\\/abogados-de-accidentes-de-motocicleta-que-prestan-servicios-en-trenton-ohio\\\/#breadcrumb\"},\"inLanguage\":\"es\",\"potentialAction\":[{\"@type\":\"ReadAction\",\"target\":[\"https:\\\/\\\/thehometownlawyers.com\\\/es\\\/abogados-de-lesiones-personales-que-prestan-servicios-en-trenton-ohio\\\/abogados-de-accidentes-de-motocicleta-que-prestan-servicios-en-trenton-ohio\\\/\"]}]},{\"@type\":\"ImageObject\",\"inLanguage\":\"es\",\"@id\":\"https:\\\/\\\/thehometownlawyers.com\\\/es\\\/abogados-de-lesiones-personales-que-prestan-servicios-en-trenton-ohio\\\/abogados-de-accidentes-de-motocicleta-que-prestan-servicios-en-trenton-ohio\\\/#primaryimage\",\"url\":\"https:\\\/\\\/thehometownlawyers.com\\\/wp-content\\\/uploads\\\/2020\\\/02\\\/iStock-912151500.jpg\",\"contentUrl\":\"https:\\\/\\\/thehometownlawyers.com\\\/wp-content\\\/uploads\\\/2020\\\/02\\\/iStock-912151500.jpg\",\"width\":2048,\"height\":1365,\"caption\":\"Motocicleta y casco volcados en la calle tras colisi\u00f3n con el coche\"},{\"@type\":\"BreadcrumbList\",\"@id\":\"https:\\\/\\\/thehometownlawyers.com\\\/es\\\/abogados-de-lesiones-personales-que-prestan-servicios-en-trenton-ohio\\\/abogados-de-accidentes-de-motocicleta-que-prestan-servicios-en-trenton-ohio\\\/#breadcrumb\",\"itemListElement\":[{\"@type\":\"ListItem\",\"position\":1,\"name\":\"Home\",\"item\":\"https:\\\/\\\/thehometownlawyers.com\\\/es\\\/\"},{\"@type\":\"ListItem\",\"position\":2,\"name\":\"Abogado de Lesiones Personales en Trenton\",\"item\":\"https:\\\/\\\/thehometownlawyers.com\\\/es\\\/abogados-de-lesiones-personales-que-prestan-servicios-en-trenton-ohio\\\/\"},{\"@type\":\"ListItem\",\"position\":3,\"name\":\"Abogado de Accidente de Motocicleta en Trenton\"}]},{\"@type\":\"WebSite\",\"@id\":\"https:\\\/\\\/thehometownlawyers.com\\\/es\\\/#website\",\"url\":\"https:\\\/\\\/thehometownlawyers.com\\\/es\\\/\",\"name\":\"Kruger & Hodges Hometown Injury Lawyers | Accident Attorneys\",\"description\":\"Attorneys for Car, Truck and Motorcycle Accidents, Personal Injuries, and Criminal Defense.\",\"publisher\":{\"@id\":\"https:\\\/\\\/thehometownlawyers.com\\\/es\\\/#organization\"},\"alternateName\":\"Kruger & Hodges Personal Injury Lawyers\",\"inLanguage\":\"es\"},{\"@type\":\"Organization\",\"@id\":\"https:\\\/\\\/thehometownlawyers.com\\\/es\\\/#organization\",\"name\":\"Kruger & Hodges Hometown Injury Lawyers\",\"alternateName\":\"Kruger & Hodges\",\"url\":\"https:\\\/\\\/thehometownlawyers.com\\\/es\\\/\",\"logo\":{\"@type\":\"ImageObject\",\"inLanguage\":\"es\",\"@id\":\"https:\\\/\\\/thehometownlawyers.com\\\/es\\\/#\\\/schema\\\/logo\\\/image\\\/\",\"url\":\"https:\\\/\\\/thehometownlawyers.com\\\/wp-content\\\/uploads\\\/2025\\\/12\\\/revised-kh-logo-vertical-white-background-scaled.png\",\"contentUrl\":\"https:\\\/\\\/thehometownlawyers.com\\\/wp-content\\\/uploads\\\/2025\\\/12\\\/revised-kh-logo-vertical-white-background-scaled.png\",\"width\":2560,\"height\":1440,\"caption\":\"Kruger & Hodges Hometown Injury Lawyers\"},\"image\":{\"@id\":\"https:\\\/\\\/thehometownlawyers.com\\\/es\\\/#\\\/schema\\\/logo\\\/image\\\/\"},\"sameAs\":[\"https:\\\/\\\/www.facebook.com\\\/KrugerHodges\\\/\",\"https:\\\/\\\/www.instagram.com\\\/krugerhodges\\\/\",\"https:\\\/\\\/www.linkedin.com\\\/company\\\/kruger-hodges-hometown-injury-lawyers\\\/\",\"https:\\\/\\\/www.youtube.com\\\/channel\\\/UCeYcMaMaN2rb9jMlqt4EIdQ\",\"https:\\\/\\\/www.tiktok.com\\\/@thehometownlawyer\"]}]}<\/script>\n<!-- \/ Yoast SEO plugin. -->","yoast_head_json":{"title":"Abogados de accidentes de motocicleta que prestan servicios en Trenton, Ohio: Consulta gratuita","description":"Kruger &amp; Hodges Attorneys at Law es un bufete de abogados de accidentes de motocicleta que presta servicios en Trenton, Ohio, que puede ayudarlo si ha","robots":{"index":"index","follow":"follow","max-snippet":"max-snippet:-1","max-image-preview":"max-image-preview:large","max-video-preview":"max-video-preview:-1"},"canonical":"https:\/\/thehometownlawyers.com\/es\/abogados-de-lesiones-personales-que-prestan-servicios-en-trenton-ohio\/abogados-de-accidentes-de-motocicleta-que-prestan-servicios-en-trenton-ohio\/","og_locale":"es_MX","og_type":"article","og_title":"Abogados de accidentes de motocicleta que prestan servicios en Trenton, Ohio: Consulta gratuita","og_description":"Kruger &amp; Hodges Attorneys at Law es un bufete de abogados de accidentes de motocicleta que presta servicios en Trenton, Ohio, que puede ayudarlo si ha","og_url":"https:\/\/thehometownlawyers.com\/es\/abogados-de-lesiones-personales-que-prestan-servicios-en-trenton-ohio\/abogados-de-accidentes-de-motocicleta-que-prestan-servicios-en-trenton-ohio\/","og_site_name":"Kruger &amp; Hodges Abogados De Lesiones","article_publisher":"https:\/\/www.facebook.com\/KrugerHodges\/","article_modified_time":"2025-01-31T15:59:32+00:00","og_image":[{"width":2048,"height":1365,"url":"https:\/\/thehometownlawyers.com\/wp-content\/uploads\/2020\/02\/iStock-912151500.jpg","type":"image\/jpeg"}],"twitter_card":"summary_large_image","twitter_misc":{"Tiempo de lectura":"4 minutos"},"schema":{"@context":"https:\/\/schema.org","@graph":[{"@type":"WebPage","@id":"https:\/\/thehometownlawyers.com\/es\/abogados-de-lesiones-personales-que-prestan-servicios-en-trenton-ohio\/abogados-de-accidentes-de-motocicleta-que-prestan-servicios-en-trenton-ohio\/","url":"https:\/\/thehometownlawyers.com\/es\/abogados-de-lesiones-personales-que-prestan-servicios-en-trenton-ohio\/abogados-de-accidentes-de-motocicleta-que-prestan-servicios-en-trenton-ohio\/","name":"Abogados de accidentes de motocicleta que prestan servicios en Trenton, Ohio: Consulta gratuita","isPartOf":{"@id":"https:\/\/thehometownlawyers.com\/es\/#website"},"primaryImageOfPage":{"@id":"https:\/\/thehometownlawyers.com\/es\/abogados-de-lesiones-personales-que-prestan-servicios-en-trenton-ohio\/abogados-de-accidentes-de-motocicleta-que-prestan-servicios-en-trenton-ohio\/#primaryimage"},"image":{"@id":"https:\/\/thehometownlawyers.com\/es\/abogados-de-lesiones-personales-que-prestan-servicios-en-trenton-ohio\/abogados-de-accidentes-de-motocicleta-que-prestan-servicios-en-trenton-ohio\/#primaryimage"},"thumbnailUrl":"https:\/\/thehometownlawyers.com\/wp-content\/uploads\/2020\/02\/iStock-912151500.jpg","datePublished":"2020-02-27T02:00:48+00:00","dateModified":"2025-01-31T15:59:32+00:00","description":"Kruger &amp; Hodges Attorneys at Law es un bufete de abogados de accidentes de motocicleta que presta servicios en Trenton, Ohio, que puede ayudarlo si ha","breadcrumb":{"@id":"https:\/\/thehometownlawyers.com\/es\/abogados-de-lesiones-personales-que-prestan-servicios-en-trenton-ohio\/abogados-de-accidentes-de-motocicleta-que-prestan-servicios-en-trenton-ohio\/#breadcrumb"},"inLanguage":"es","potentialAction":[{"@type":"ReadAction","target":["https:\/\/thehometownlawyers.com\/es\/abogados-de-lesiones-personales-que-prestan-servicios-en-trenton-ohio\/abogados-de-accidentes-de-motocicleta-que-prestan-servicios-en-trenton-ohio\/"]}]},{"@type":"ImageObject","inLanguage":"es","@id":"https:\/\/thehometownlawyers.com\/es\/abogados-de-lesiones-personales-que-prestan-servicios-en-trenton-ohio\/abogados-de-accidentes-de-motocicleta-que-prestan-servicios-en-trenton-ohio\/#primaryimage","url":"https:\/\/thehometownlawyers.com\/wp-content\/uploads\/2020\/02\/iStock-912151500.jpg","contentUrl":"https:\/\/thehometownlawyers.com\/wp-content\/uploads\/2020\/02\/iStock-912151500.jpg","width":2048,"height":1365,"caption":"Motocicleta y casco volcados en la calle tras colisi\u00f3n con el coche"},{"@type":"BreadcrumbList","@id":"https:\/\/thehometownlawyers.com\/es\/abogados-de-lesiones-personales-que-prestan-servicios-en-trenton-ohio\/abogados-de-accidentes-de-motocicleta-que-prestan-servicios-en-trenton-ohio\/#breadcrumb","itemListElement":[{"@type":"ListItem","position":1,"name":"Home","item":"https:\/\/thehometownlawyers.com\/es\/"},{"@type":"ListItem","position":2,"name":"Abogado de Lesiones Personales en Trenton","item":"https:\/\/thehometownlawyers.com\/es\/abogados-de-lesiones-personales-que-prestan-servicios-en-trenton-ohio\/"},{"@type":"ListItem","position":3,"name":"Abogado de Accidente de Motocicleta en Trenton"}]},{"@type":"WebSite","@id":"https:\/\/thehometownlawyers.com\/es\/#website","url":"https:\/\/thehometownlawyers.com\/es\/","name":"Kruger & Hodges Hometown Injury Lawyers | Accident Attorneys","description":"Attorneys for Car, Truck and Motorcycle Accidents, Personal Injuries, and Criminal Defense.","publisher":{"@id":"https:\/\/thehometownlawyers.com\/es\/#organization"},"alternateName":"Kruger & Hodges Personal Injury Lawyers","inLanguage":"es"},{"@type":"Organization","@id":"https:\/\/thehometownlawyers.com\/es\/#organization","name":"Kruger & Hodges Hometown Injury Lawyers","alternateName":"Kruger & Hodges","url":"https:\/\/thehometownlawyers.com\/es\/","logo":{"@type":"ImageObject","inLanguage":"es","@id":"https:\/\/thehometownlawyers.com\/es\/#\/schema\/logo\/image\/","url":"https:\/\/thehometownlawyers.com\/wp-content\/uploads\/2025\/12\/revised-kh-logo-vertical-white-background-scaled.png","contentUrl":"https:\/\/thehometownlawyers.com\/wp-content\/uploads\/2025\/12\/revised-kh-logo-vertical-white-background-scaled.png","width":2560,"height":1440,"caption":"Kruger & Hodges Hometown Injury Lawyers"},"image":{"@id":"https:\/\/thehometownlawyers.com\/es\/#\/schema\/logo\/image\/"},"sameAs":["https:\/\/www.facebook.com\/KrugerHodges\/","https:\/\/www.instagram.com\/krugerhodges\/","https:\/\/www.linkedin.com\/company\/kruger-hodges-hometown-injury-lawyers\/","https:\/\/www.youtube.com\/channel\/UCeYcMaMaN2rb9jMlqt4EIdQ","https:\/\/www.tiktok.com\/@thehometownlawyer"]}]}},"_links":{"self":[{"href":"https:\/\/thehometownlawyers.com\/es\/wp-json\/wp\/v2\/pages\/21253","targetHints":{"allow":["GET"]}}],"collection":[{"href":"https:\/\/thehometownlawyers.com\/es\/wp-json\/wp\/v2\/pages"}],"about":[{"href":"https:\/\/thehometownlawyers.com\/es\/wp-json\/wp\/v2\/types\/page"}],"author":[{"embeddable":true,"href":"https:\/\/thehometownlawyers.com\/es\/wp-json\/wp\/v2\/users\/7"}],"replies":[{"embeddable":true,"href":"https:\/\/thehometownlawyers.com\/es\/wp-json\/wp\/v2\/comments?post=21253"}],"version-history":[{"count":0,"href":"https:\/\/thehometownlawyers.com\/es\/wp-json\/wp\/v2\/pages\/21253\/revisions"}],"up":[{"embeddable":true,"href":"https:\/\/thehometownlawyers.com\/es\/wp-json\/wp\/v2\/pages\/21264"}],"wp:featuredmedia":[{"embeddable":true,"href":"https:\/\/thehometownlawyers.com\/es\/wp-json\/wp\/v2\/media\/20740"}],"wp:attachment":[{"href":"https:\/\/thehometownlawyers.com\/es\/wp-json\/wp\/v2\/media?parent=21253"}],"wp:term":[{"taxonomy":"hc_faqs","embeddable":true,"href":"https:\/\/thehometownlawyers.com\/es\/wp-json\/wp\/v2\/hc_faqs?post=21253"},{"taxonomy":"hc_spanish_faqs","embeddable":true,"href":"https:\/\/thehometownlawyers.com\/es\/wp-json\/wp\/v2\/hc_spanish_faqs?post=21253"}],"curies":[{"name":"wp","href":"https:\/\/api.w.org\/{rel}","templated":true}]}}