{"id":21254,"date":"2020-02-26T19:30:10","date_gmt":"2020-02-27T00:30:10","guid":{"rendered":"https:\/\/thehometownlawyers.com\/?page_id=21254"},"modified":"2025-05-21T17:59:04","modified_gmt":"2025-05-21T21:59:04","slug":"abogados-de-lesiones-personales-del-condado-de-butler","status":"publish","type":"page","link":"https:\/\/thehometownlawyers.com\/es\/abogados-de-lesiones-personales-del-condado-de-butler\/","title":{"rendered":"Abogado de Lesiones Personales en Butler County"},"content":{"rendered":"<h2>Abogados de lesiones personales en el condado de Butler<\/h2>\n<p>El condado de Butler, Ohio, tiene una poblaci\u00f3n de personas 383,134 a partir de 2019. De todas estas personas, muchas de ellas han sufrido lesiones personales por las que no hacen nada. Muchos no buscan ayuda profesional de los abogados de lesiones personales del condado de Butler e intentan enfrentarse a la compa\u00f1\u00eda de seguros ellos mismos.<\/p>\n<p>Si ha resultado lesionado de manera grave, debido a la culpa de otra persona, es de vital importancia que tenga a alguien en quien pueda confiar para que lo ayude. En <a href=\"https:\/\/thehometownlawyers.com\/es\/acerca-de-los-abogados-de-kruger-hodges\/\">Kruger &amp; Hodges<\/a> Attorneys at Law, somos un equipo de profesionales capacitados que pueden ayudarlo a brindarle el alivio que necesita ubicado en <a href=\"https:\/\/thehometownlawyers.com\/es\/contacto\/\">Hamilton<\/a> .<\/p>\n<p>Con la ayuda de nuestro equipo, tendr\u00e1 acceso a abogados con experiencia en lesiones personales en el condado de Butler. Nuestro equipo le brindar\u00e1 el apoyo que necesita para llevar su caso a un acuerdo exitoso dentro o fuera de la corte.<\/p>\n<p class=\"rs-content-cta rs-content-cta-small\">Para una consulta legal gratuita, llame al <a href=\"tel:+15138943333\">513-894-3333 <\/a><\/p><h2>Tomar medidas es importante en un incidente de lesiones personales<\/h2>\n<p>Enfrentar una posible demanda por lesiones personales puede ser abrumador, pero a menudo es su mejor opci\u00f3n despu\u00e9s de sufrir una lesi\u00f3n importante. La mayor\u00eda de las personas no quieren tomar medidas, pero usted debe hacerlo si ha resultado gravemente lesionado debido a la negligencia de otra persona. Cuando ocurre un accidente y no est\u00e1 planeado, pueden pasar muchas cosas en ese corto per\u00edodo de tiempo. Las facturas m\u00e9dicas del accidente o la lesi\u00f3n pueden acumularse, los da\u00f1os emocionales pueden pasar factura y las facturas regulares pueden ser demasiado para cubrir si ha estado sin trabajo durante semanas o incluso meses.<\/p>\n<p class=\"rs-content-cta\">Abogado de Lesiones Personales de Butler County Cerca de M\u00ed <a href=\"tel:+15138943333\">513-894-3333<\/a><\/p><h2>No tienes que lidiar con esto por tu cuenta<\/h2>\n<p>Ya sea usted o un ser querido, necesita restituci\u00f3n y ayuda legal durante este per\u00edodo problem\u00e1tico de su vida. Nuestras oficinas trabajar\u00e1n con usted para construir un caso s\u00f3lido de lesiones personales que le brinde una oportunidad confiable de obtener la restituci\u00f3n que se merece. Haremos todo lo posible para que se llegue a un acuerdo justo fuera de los tribunales, pero nuestros abogados llevar\u00e1n el caso a los tribunales si es necesario para obtener el dinero que se merece.<\/p>\n<p>Perder tanto y tener que reconstruir por algo que no fue tu culpa es dif\u00edcil. Pero no tiene que hacerse solo. Nuestros abogados de lesiones personales en el \u00e1rea de Butler County, Ohio, pueden ofrecerle el mejor consejo sobre qu\u00e9 hacer en su situaci\u00f3n. Ellos le explicar\u00e1n si su caso es viable para la restituci\u00f3n o para ser llevado a la corte y c\u00f3mo debe proceder.<\/p>\n<p class=\"rs-content-cta rs-content-cta-small\"><a href=\"\/es\/contacto\/\">Haga clic para contactar<\/a> con nuestros lesiones personales abogados hoy<\/p><h2>Hable con profesionales legales hoy<\/h2>\n<p>Cualquiera que haya resultado lesionado sin tener la culpa debe buscar restituci\u00f3n para cubrir sus salarios perdidos, costos m\u00e9dicos y sufrimiento personal. <a href=\"https:\/\/thehometownlawyers.com\/es\/acerca-de-los-abogados-de-kruger-hodges\/\">Kruger &amp; Hodges<\/a> puede ayudar. Servimos a todo el condado de Butler, OH. Simplemente llame a nuestra oficina hoy al 513-894-3333 para programar un horario para venir y hablar con nosotros sobre su situaci\u00f3n particular. Hacemos todo lo posible para asegurarnos de que todos tengan el tiempo que necesitan para contarnos su historia y le informaremos los pr\u00f3ximos pasos. <a href=\"https:\/\/thehometownlawyers.com\/es\/contacto\/\">Cont\u00e1ctenos<\/a> hoy para obtener la ayuda que necesita. No deber\u00edas tener que luchar con esto.<\/p>\n<p class=\"rs-content-cta rs-content-cta-small\">Complete una <a href=\"\/es\/contacto\/\">evaluaci\u00f3n gratuita de su caso<\/a> ahora<\/p><h2>\u00c1reas atendidas<\/h2>\n<h3>Fairfield, OH Abogados de Lesiones Personales<\/h3>\n<p style=\"margin: 0in; margin-bottom: .0001pt;\">Lesiones personales en Fairfield<br \/>\nAccidentes de motocicleta<br \/>\nAccidentes de Bicicletas y Peatones<br \/>\nAccidentes de autob\u00fas<br \/>\nAccidentes de Camiones<br \/>\nAccidentes por conducir ebrio<br \/>\nAccidentes automovil\u00edsticos<\/p>\n<p style=\"margin: 0in; margin-bottom: .0001pt;\">Mordidas de perro<\/p>\n<p><iframe loading=\"lazy\" style=\"border: 0;\" src=\"https:\/\/www.google.com\/maps\/embed?pb=!1m18!1m12!1m3!1d49375.64932294602!2d-84.58811743600778!3d39.33408209109361!2m3!1f0!2f0!3f0!3m2!1i1024!2i768!4f13.1!3m3!1m2!1s0x884048c2772f7031%3A0x9386c74193aa7c51!2sFairfield%2C%20OH!5e0!3m2!1sen!2sus!4v1582745041129!5m2!1sen!2sus\" width=\"600\" height=\"450\" frameborder=\"0\" allowfullscreen=\"allowfullscreen\"><\/iframe><\/p><h3>Abogados de Lesiones Personales de Middletown, Ohio<\/h3>\n<p><a href=\"https:\/\/thehometownlawyers.com\/es\/contacto\/\">Middletown, Ohio Oficinas Legales de Kruger &amp; Hodges<\/a><br \/>\n<a href=\"https:\/\/thehometownlawyers.com\/es\/abogados-de-lesiones-personales-de-middletown\/\">Lesiones Personales<\/a><br \/>\n<a href=\"https:\/\/thehometownlawyers.com\/es\/abogados-de-lesiones-personales-de-middletown\/abogados-de-accidentes-de-motocicleta-en-middletown-ohio\/\">Accidentes de motocicleta<\/a><br \/>\n<a href=\"https:\/\/thehometownlawyers.com\/es\/abogados-de-lesiones-personales-de-middletown\/\">Accidentes de Camiones<\/a><br \/>\nAccidentes automovil\u00edsticos<br \/>\n<a href=\"https:\/\/thehometownlawyers.com\/es\/abogados-de-lesiones-personales-de-middletown\/abogados-de-mordedura-de-perro-en-middletown-ohio\/\">Mordidas de perro<\/a><\/p>\n<h3>Abogados de Lesiones Personales en Liberty Township, Ohio<\/h3>\n<p style=\"margin: 0in; margin-bottom: .0001pt;\">Lesiones Personales<br \/>\nAccidentes de motocicleta<br \/>\nAccidentes de Camiones<br \/>\nAccidentes automovil\u00edsticos<\/p>\n<p style=\"margin: 0in; margin-bottom: .0001pt;\">Mordidas de perro<\/p>\n<h3>West Chester, Ohio Abogados de Lesiones Personales<\/h3>\n<p style=\"margin: 0in; margin-bottom: .0001pt;\"><a href=\"https:\/\/thehometownlawyers.com\/es\/\">Lesiones Personales<\/a><br \/>\nAccidentes de motocicleta<br \/>\n<a href=\"https:\/\/thehometownlawyers.com\/es\/\">Accidentes de Camiones<\/a><br \/>\nAccidentes automovil\u00edsticos<\/p>\n<p style=\"margin: 0in; margin-bottom: .0001pt;\">Abogado de mordedura de perro en West Chester, Ohio<\/p>\n<h3>Abogados de lesiones personales en Trenton, OH<\/h3>\n<p style=\"margin: 0in; margin-bottom: .0001pt;\"><a href=\"https:\/\/thehometownlawyers.com\/es\/\">Lesiones Personales<\/a><br \/>\nAccidentes de motocicleta<br \/>\nAccidentes de peatones y bicicletas<br \/>\nAccidentes de autob\u00fas<br \/>\n<a href=\"https:\/\/thehometownlawyers.com\/es\/\">Accidentes de Camiones<\/a><br \/>\nAccidentes por conducir ebrio<br \/>\nAccidentes automovil\u00edsticos<\/p>\n<p style=\"margin: 0in; margin-bottom: .0001pt;\">Mordidas de perro<\/p>\n<p><iframe loading=\"lazy\" style=\"border: 0;\" src=\"https:\/\/www.google.com\/maps\/embed?pb=!1m18!1m12!1m3!1d24636.61849684501!2d-84.47618812658037!3d39.47887681185205!2m3!1f0!2f0!3f0!3m2!1i1024!2i768!4f13.1!3m3!1m2!1s0x884042dff712c8d1%3A0xf098f0ce3984bdeb!2sTrenton%2C%20OH!5e0!3m2!1sen!2sus!4v1582745104501!5m2!1sen!2sus\" width=\"600\" height=\"450\" frameborder=\"0\" allowfullscreen=\"allowfullscreen\"><\/iframe><\/p>\n<h3>Siete Millas, OH<\/h3>\n<p><a href=\"https:\/\/thehometownlawyers.com\/es\/\">Lesiones Personales<\/a><br \/>\nAccidentes de motocicleta<br \/>\nAccidentes de peatones y bicicletas<br \/>\nAccidentes de autob\u00fas<br \/>\nAccidentes de Camiones<br \/>\nAccidentes por conducir ebrio<\/p>\n<p><iframe loading=\"lazy\" style=\"border: 0;\" src=\"https:\/\/www.google.com\/maps\/embed?pb=!1m18!1m12!1m3!1d12317.467840921914!2d-84.56343125926286!3d39.483627732972266!2m3!1f0!2f0!3f0!3m2!1i1024!2i768!4f13.1!3m3!1m2!1s0x88404108957daa65%3A0x9e40fec1a72c6563!2sSeven%20Mile%2C%20OH%2045062!5e0!3m2!1sen!2sus!4v1582745136894!5m2!1sen!2sus\" width=\"600\" height=\"450\" frameborder=\"0\" allowfullscreen=\"allowfullscreen\"><\/iframe><\/p>\n<h3>Abogados de Lesiones Personales en Oxford, OH<\/h3>\n<p style=\"margin: 0in; margin-bottom: .0001pt;\"><a href=\"https:\/\/thehometownlawyers.com\/es\/\">Lesiones Personales<\/a><br \/>\nAccidentes de motocicleta<br \/>\nAccidentes de peatones y bicicletas<br \/>\nAccidentes de autob\u00fas<br \/>\nAccidentes de Camiones<br \/>\nAccidentes por conducir ebrio<br \/>\nAccidentes automovil\u00edsticos<\/p>\n<p style=\"margin: 0in; margin-bottom: .0001pt;\">Mordidas de perro<\/p><p><iframe loading=\"lazy\" style=\"border: 0;\" src=\"https:\/\/www.google.com\/maps\/embed?pb=!1m18!1m12!1m3!1d24626.28104357985!2d-84.75927752653989!3d39.50805394769262!2m3!1f0!2f0!3f0!3m2!1i1024!2i768!4f13.1!3m3!1m2!1s0x88403d0e27bb9233%3A0x694f077b0f7aafcc!2sOxford%2C%20OH%2045056!5e0!3m2!1sen!2sus!4v1582745276637!5m2!1sen!2sus\" width=\"600\" height=\"450\" frameborder=\"0\" allowfullscreen=\"allowfullscreen\"><\/iframe><\/p>\n<h3>Nuevos abogados de lesiones personales en Miami, OH<\/h3>\n<p><a href=\"https:\/\/thehometownlawyers.com\/es\/\">Lesiones Personales<\/a><br \/>\nAccidentes de motocicleta<br \/>\nAccidentes de peatones y bicicletas<br \/>\nAccidentes de autob\u00fas<br \/>\n<a href=\"https:\/\/thehometownlawyers.com\/es\/\">Accidentes de Camiones<\/a><br \/>\nAccidentes por conducir ebrio<\/p>\n<p><iframe loading=\"lazy\" style=\"border: 0;\" src=\"https:\/\/www.google.com\/maps\/embed?pb=!1m18!1m12!1m3!1d12326.978631435997!2d-84.54896570928138!3d39.42989814588045!2m3!1f0!2f0!3f0!3m2!1i1024!2i768!4f13.1!3m3!1m2!1s0x884046b75e68ee35%3A0x3269a3d73382220f!2sNew%20Miami%2C%20OH!5e0!3m2!1sen!2sus!4v1582745307527!5m2!1sen!2sus\" width=\"600\" height=\"450\" frameborder=\"0\" allowfullscreen=\"allowfullscreen\"><\/iframe><\/p>\n<h3>Millville, OH<\/h3>\n<p><a href=\"https:\/\/thehometownlawyers.com\/es\/\">Lesiones Personales<\/a><br \/>\nAccidentes de motocicleta<br \/>\nAccidentes de Bicicletas y Peatones<br \/>\nAccidentes de autob\u00fas<br \/>\nAccidentes de Camiones<br \/>\nAccidentes por conducir ebrio<\/p>\n<p><iframe loading=\"lazy\" style=\"border: 0;\" src=\"https:\/\/www.google.com\/maps\/embed?pb=!1m18!1m12!1m3!1d12333.632869491388!2d-84.66380325929433!3d39.39226970491247!2m3!1f0!2f0!3f0!3m2!1i1024!2i768!4f13.1!3m3!1m2!1s0x884039b17b9e61e5%3A0xa08246225a7d12f5!2sMillville%2C%20OH%2045013!5e0!3m2!1sen!2sus!4v1582745341692!5m2!1sen!2sus\" width=\"600\" height=\"450\" frameborder=\"0\" allowfullscreen=\"allowfullscreen\"><\/iframe><\/p>\n<h3>Municipio de Ross, Ohio<\/h3>\n<p style=\"margin: 0in; margin-bottom: .0001pt;\">Accidentes de motocicleta<br \/>\nAccidentes automovil\u00edsticos<\/p>\n<p style=\"margin: 0in; margin-bottom: .0001pt;\">Mordidas de perro<\/p>\n<p class=\"rs-content-cta rs-content-cta-small\">Llame o env\u00ede un mensaje de texto al <a href=\"tel:+15138943333\">513-894-3333<\/a> o complete una <a href=\"\/es\/contacto\/\">evaluaci\u00f3n gratuita de su caso<\/a><\/p>","protected":false},"excerpt":{"rendered":"<p>Abogados de lesiones personales en el condado de Butler El condado de Butler, Ohio, tiene una poblaci\u00f3n de personas 383,134 a partir de 2019. De todas estas personas, muchas de ellas han sufrido lesiones personales por las que no hacen nada. Muchos no buscan ayuda profesional de los abogados de lesiones personales del condado de &#8230;<\/p>\n","protected":false},"author":7,"featured_media":20751,"parent":0,"menu_order":0,"comment_status":"closed","ping_status":"closed","template":"","meta":{"_acf_changed":false,"inline_featured_image":false,"_genesis_hide_title":false,"_genesis_hide_breadcrumbs":false,"_genesis_hide_singular_image":false,"_genesis_hide_footer_widgets":false,"_genesis_custom_body_class":"","_genesis_custom_post_class":"","_genesis_layout":"","footnotes":""},"hc_faqs":[],"hc_spanish_faqs":[],"class_list":{"0":"post-21254","1":"page","2":"type-page","3":"status-publish","4":"has-post-thumbnail","6":"hc_city_location-butler-county-es","7":"entry"},"acf":[],"yoast_head":"<!-- This site is optimized with the Yoast SEO plugin v27.3 - https:\/\/yoast.com\/product\/yoast-seo-wordpress\/ -->\n<title>Abogados de Lesiones Personales del Condado de Butler: Consulta gratuita<\/title>\n<meta name=\"description\" content=\"Nuestros abogados con experiencia en lesiones personales en el condado de Butler le brindar\u00e1n el apoyo que necesita para llegar a un acuerdo dentro o fuera de la corte.\" \/>\n<meta name=\"robots\" content=\"index, follow, max-snippet:-1, max-image-preview:large, max-video-preview:-1\" \/>\n<link rel=\"canonical\" href=\"https:\/\/thehometownlawyers.com\/es\/abogados-de-lesiones-personales-del-condado-de-butler\/\" \/>\n<meta property=\"og:locale\" content=\"es_MX\" \/>\n<meta property=\"og:type\" content=\"article\" \/>\n<meta property=\"og:title\" content=\"Abogados de Lesiones Personales del Condado de Butler: Consulta gratuita\" \/>\n<meta property=\"og:description\" content=\"Nuestros abogados con experiencia en lesiones personales en el condado de Butler le brindar\u00e1n el apoyo que necesita para llegar a un acuerdo dentro o fuera de la corte.\" \/>\n<meta property=\"og:url\" content=\"https:\/\/thehometownlawyers.com\/es\/abogados-de-lesiones-personales-del-condado-de-butler\/\" \/>\n<meta property=\"og:site_name\" content=\"Kruger &amp; Hodges Abogados De Lesiones\" \/>\n<meta property=\"article:publisher\" content=\"https:\/\/www.facebook.com\/KrugerHodges\/\" \/>\n<meta property=\"article:modified_time\" content=\"2025-05-21T21:59:04+00:00\" \/>\n<meta property=\"og:image\" content=\"https:\/\/thehometownlawyers.com\/wp-content\/uploads\/2020\/04\/Downtown-Hamilton.jpg\" \/>\n\t<meta property=\"og:image:width\" content=\"360\" \/>\n\t<meta property=\"og:image:height\" content=\"241\" \/>\n\t<meta property=\"og:image:type\" content=\"image\/jpeg\" \/>\n<meta name=\"twitter:card\" content=\"summary_large_image\" \/>\n<meta name=\"twitter:label1\" content=\"Tiempo de lectura\" \/>\n\t<meta name=\"twitter:data1\" content=\"4 minutos\" \/>\n<script type=\"application\/ld+json\" class=\"yoast-schema-graph\">{\"@context\":\"https:\\\/\\\/schema.org\",\"@graph\":[{\"@type\":\"WebPage\",\"@id\":\"https:\\\/\\\/thehometownlawyers.com\\\/es\\\/abogados-de-lesiones-personales-del-condado-de-butler\\\/\",\"url\":\"https:\\\/\\\/thehometownlawyers.com\\\/es\\\/abogados-de-lesiones-personales-del-condado-de-butler\\\/\",\"name\":\"Abogados de Lesiones Personales del Condado de Butler: Consulta gratuita\",\"isPartOf\":{\"@id\":\"https:\\\/\\\/thehometownlawyers.com\\\/es\\\/#website\"},\"primaryImageOfPage\":{\"@id\":\"https:\\\/\\\/thehometownlawyers.com\\\/es\\\/abogados-de-lesiones-personales-del-condado-de-butler\\\/#primaryimage\"},\"image\":{\"@id\":\"https:\\\/\\\/thehometownlawyers.com\\\/es\\\/abogados-de-lesiones-personales-del-condado-de-butler\\\/#primaryimage\"},\"thumbnailUrl\":\"https:\\\/\\\/thehometownlawyers.com\\\/wp-content\\\/uploads\\\/2020\\\/04\\\/Downtown-Hamilton.jpg\",\"datePublished\":\"2020-02-27T00:30:10+00:00\",\"dateModified\":\"2025-05-21T21:59:04+00:00\",\"description\":\"Nuestros abogados con experiencia en lesiones personales en el condado de Butler le brindar\u00e1n el apoyo que necesita para llegar a un acuerdo dentro o fuera de la corte.\",\"breadcrumb\":{\"@id\":\"https:\\\/\\\/thehometownlawyers.com\\\/es\\\/abogados-de-lesiones-personales-del-condado-de-butler\\\/#breadcrumb\"},\"inLanguage\":\"es\",\"potentialAction\":[{\"@type\":\"ReadAction\",\"target\":[\"https:\\\/\\\/thehometownlawyers.com\\\/es\\\/abogados-de-lesiones-personales-del-condado-de-butler\\\/\"]}]},{\"@type\":\"ImageObject\",\"inLanguage\":\"es\",\"@id\":\"https:\\\/\\\/thehometownlawyers.com\\\/es\\\/abogados-de-lesiones-personales-del-condado-de-butler\\\/#primaryimage\",\"url\":\"https:\\\/\\\/thehometownlawyers.com\\\/wp-content\\\/uploads\\\/2020\\\/04\\\/Downtown-Hamilton.jpg\",\"contentUrl\":\"https:\\\/\\\/thehometownlawyers.com\\\/wp-content\\\/uploads\\\/2020\\\/04\\\/Downtown-Hamilton.jpg\",\"width\":360,\"height\":241,\"caption\":\"condado de mayordomo, ohio\"},{\"@type\":\"BreadcrumbList\",\"@id\":\"https:\\\/\\\/thehometownlawyers.com\\\/es\\\/abogados-de-lesiones-personales-del-condado-de-butler\\\/#breadcrumb\",\"itemListElement\":[{\"@type\":\"ListItem\",\"position\":1,\"name\":\"Home\",\"item\":\"https:\\\/\\\/thehometownlawyers.com\\\/es\\\/\"},{\"@type\":\"ListItem\",\"position\":2,\"name\":\"Abogado de Lesiones Personales en Butler County\"}]},{\"@type\":\"WebSite\",\"@id\":\"https:\\\/\\\/thehometownlawyers.com\\\/es\\\/#website\",\"url\":\"https:\\\/\\\/thehometownlawyers.com\\\/es\\\/\",\"name\":\"Kruger & Hodges Hometown Injury Lawyers | Accident Attorneys\",\"description\":\"Attorneys for Car, Truck and Motorcycle Accidents, Personal Injuries, and Criminal Defense.\",\"publisher\":{\"@id\":\"https:\\\/\\\/thehometownlawyers.com\\\/es\\\/#organization\"},\"alternateName\":\"Kruger & Hodges Personal Injury Lawyers\",\"inLanguage\":\"es\"},{\"@type\":\"Organization\",\"@id\":\"https:\\\/\\\/thehometownlawyers.com\\\/es\\\/#organization\",\"name\":\"Kruger & Hodges Hometown Injury Lawyers\",\"alternateName\":\"Kruger & Hodges Accident Attorneys\",\"url\":\"https:\\\/\\\/thehometownlawyers.com\\\/es\\\/\",\"logo\":{\"@type\":\"ImageObject\",\"inLanguage\":\"es\",\"@id\":\"https:\\\/\\\/thehometownlawyers.com\\\/es\\\/#\\\/schema\\\/logo\\\/image\\\/\",\"url\":\"https:\\\/\\\/thehometownlawyers.com\\\/wp-content\\\/uploads\\\/2025\\\/12\\\/revised-kh-logo-vertical-white-background-scaled.png\",\"contentUrl\":\"https:\\\/\\\/thehometownlawyers.com\\\/wp-content\\\/uploads\\\/2025\\\/12\\\/revised-kh-logo-vertical-white-background-scaled.png\",\"width\":2560,\"height\":1440,\"caption\":\"Kruger & Hodges Hometown Injury Lawyers\"},\"image\":{\"@id\":\"https:\\\/\\\/thehometownlawyers.com\\\/es\\\/#\\\/schema\\\/logo\\\/image\\\/\"},\"sameAs\":[\"https:\\\/\\\/www.facebook.com\\\/KrugerHodges\\\/\",\"https:\\\/\\\/www.instagram.com\\\/krugerhodges\\\/\",\"https:\\\/\\\/www.linkedin.com\\\/company\\\/kruger-hodges-hometown-injury-lawyers\\\/\",\"https:\\\/\\\/www.youtube.com\\\/channel\\\/UCeYcMaMaN2rb9jMlqt4EIdQ\",\"https:\\\/\\\/www.tiktok.com\\\/@thehometownlawyer\"]}]}<\/script>\n<!-- \/ Yoast SEO plugin. -->","yoast_head_json":{"title":"Abogados de Lesiones Personales del Condado de Butler: Consulta gratuita","description":"Nuestros abogados con experiencia en lesiones personales en el condado de Butler le brindar\u00e1n el apoyo que necesita para llegar a un acuerdo dentro o fuera de la corte.","robots":{"index":"index","follow":"follow","max-snippet":"max-snippet:-1","max-image-preview":"max-image-preview:large","max-video-preview":"max-video-preview:-1"},"canonical":"https:\/\/thehometownlawyers.com\/es\/abogados-de-lesiones-personales-del-condado-de-butler\/","og_locale":"es_MX","og_type":"article","og_title":"Abogados de Lesiones Personales del Condado de Butler: Consulta gratuita","og_description":"Nuestros abogados con experiencia en lesiones personales en el condado de Butler le brindar\u00e1n el apoyo que necesita para llegar a un acuerdo dentro o fuera de la corte.","og_url":"https:\/\/thehometownlawyers.com\/es\/abogados-de-lesiones-personales-del-condado-de-butler\/","og_site_name":"Kruger &amp; Hodges Abogados De Lesiones","article_publisher":"https:\/\/www.facebook.com\/KrugerHodges\/","article_modified_time":"2025-05-21T21:59:04+00:00","og_image":[{"width":360,"height":241,"url":"https:\/\/thehometownlawyers.com\/wp-content\/uploads\/2020\/04\/Downtown-Hamilton.jpg","type":"image\/jpeg"}],"twitter_card":"summary_large_image","twitter_misc":{"Tiempo de lectura":"4 minutos"},"schema":{"@context":"https:\/\/schema.org","@graph":[{"@type":"WebPage","@id":"https:\/\/thehometownlawyers.com\/es\/abogados-de-lesiones-personales-del-condado-de-butler\/","url":"https:\/\/thehometownlawyers.com\/es\/abogados-de-lesiones-personales-del-condado-de-butler\/","name":"Abogados de Lesiones Personales del Condado de Butler: Consulta gratuita","isPartOf":{"@id":"https:\/\/thehometownlawyers.com\/es\/#website"},"primaryImageOfPage":{"@id":"https:\/\/thehometownlawyers.com\/es\/abogados-de-lesiones-personales-del-condado-de-butler\/#primaryimage"},"image":{"@id":"https:\/\/thehometownlawyers.com\/es\/abogados-de-lesiones-personales-del-condado-de-butler\/#primaryimage"},"thumbnailUrl":"https:\/\/thehometownlawyers.com\/wp-content\/uploads\/2020\/04\/Downtown-Hamilton.jpg","datePublished":"2020-02-27T00:30:10+00:00","dateModified":"2025-05-21T21:59:04+00:00","description":"Nuestros abogados con experiencia en lesiones personales en el condado de Butler le brindar\u00e1n el apoyo que necesita para llegar a un acuerdo dentro o fuera de la corte.","breadcrumb":{"@id":"https:\/\/thehometownlawyers.com\/es\/abogados-de-lesiones-personales-del-condado-de-butler\/#breadcrumb"},"inLanguage":"es","potentialAction":[{"@type":"ReadAction","target":["https:\/\/thehometownlawyers.com\/es\/abogados-de-lesiones-personales-del-condado-de-butler\/"]}]},{"@type":"ImageObject","inLanguage":"es","@id":"https:\/\/thehometownlawyers.com\/es\/abogados-de-lesiones-personales-del-condado-de-butler\/#primaryimage","url":"https:\/\/thehometownlawyers.com\/wp-content\/uploads\/2020\/04\/Downtown-Hamilton.jpg","contentUrl":"https:\/\/thehometownlawyers.com\/wp-content\/uploads\/2020\/04\/Downtown-Hamilton.jpg","width":360,"height":241,"caption":"condado de mayordomo, ohio"},{"@type":"BreadcrumbList","@id":"https:\/\/thehometownlawyers.com\/es\/abogados-de-lesiones-personales-del-condado-de-butler\/#breadcrumb","itemListElement":[{"@type":"ListItem","position":1,"name":"Home","item":"https:\/\/thehometownlawyers.com\/es\/"},{"@type":"ListItem","position":2,"name":"Abogado de Lesiones Personales en Butler County"}]},{"@type":"WebSite","@id":"https:\/\/thehometownlawyers.com\/es\/#website","url":"https:\/\/thehometownlawyers.com\/es\/","name":"Kruger & Hodges Hometown Injury Lawyers | Accident Attorneys","description":"Attorneys for Car, Truck and Motorcycle Accidents, Personal Injuries, and Criminal Defense.","publisher":{"@id":"https:\/\/thehometownlawyers.com\/es\/#organization"},"alternateName":"Kruger & Hodges Personal Injury Lawyers","inLanguage":"es"},{"@type":"Organization","@id":"https:\/\/thehometownlawyers.com\/es\/#organization","name":"Kruger & Hodges Hometown Injury Lawyers","alternateName":"Kruger & Hodges Accident Attorneys","url":"https:\/\/thehometownlawyers.com\/es\/","logo":{"@type":"ImageObject","inLanguage":"es","@id":"https:\/\/thehometownlawyers.com\/es\/#\/schema\/logo\/image\/","url":"https:\/\/thehometownlawyers.com\/wp-content\/uploads\/2025\/12\/revised-kh-logo-vertical-white-background-scaled.png","contentUrl":"https:\/\/thehometownlawyers.com\/wp-content\/uploads\/2025\/12\/revised-kh-logo-vertical-white-background-scaled.png","width":2560,"height":1440,"caption":"Kruger & Hodges Hometown Injury Lawyers"},"image":{"@id":"https:\/\/thehometownlawyers.com\/es\/#\/schema\/logo\/image\/"},"sameAs":["https:\/\/www.facebook.com\/KrugerHodges\/","https:\/\/www.instagram.com\/krugerhodges\/","https:\/\/www.linkedin.com\/company\/kruger-hodges-hometown-injury-lawyers\/","https:\/\/www.youtube.com\/channel\/UCeYcMaMaN2rb9jMlqt4EIdQ","https:\/\/www.tiktok.com\/@thehometownlawyer"]}]}},"_links":{"self":[{"href":"https:\/\/thehometownlawyers.com\/es\/wp-json\/wp\/v2\/pages\/21254","targetHints":{"allow":["GET"]}}],"collection":[{"href":"https:\/\/thehometownlawyers.com\/es\/wp-json\/wp\/v2\/pages"}],"about":[{"href":"https:\/\/thehometownlawyers.com\/es\/wp-json\/wp\/v2\/types\/page"}],"author":[{"embeddable":true,"href":"https:\/\/thehometownlawyers.com\/es\/wp-json\/wp\/v2\/users\/7"}],"replies":[{"embeddable":true,"href":"https:\/\/thehometownlawyers.com\/es\/wp-json\/wp\/v2\/comments?post=21254"}],"version-history":[{"count":0,"href":"https:\/\/thehometownlawyers.com\/es\/wp-json\/wp\/v2\/pages\/21254\/revisions"}],"wp:featuredmedia":[{"embeddable":true,"href":"https:\/\/thehometownlawyers.com\/es\/wp-json\/wp\/v2\/media\/20751"}],"wp:attachment":[{"href":"https:\/\/thehometownlawyers.com\/es\/wp-json\/wp\/v2\/media?parent=21254"}],"wp:term":[{"taxonomy":"hc_faqs","embeddable":true,"href":"https:\/\/thehometownlawyers.com\/es\/wp-json\/wp\/v2\/hc_faqs?post=21254"},{"taxonomy":"hc_spanish_faqs","embeddable":true,"href":"https:\/\/thehometownlawyers.com\/es\/wp-json\/wp\/v2\/hc_spanish_faqs?post=21254"}],"curies":[{"name":"wp","href":"https:\/\/api.w.org\/{rel}","templated":true}]}}