{"id":21255,"date":"2020-03-03T15:11:25","date_gmt":"2020-03-03T20:11:25","guid":{"rendered":"https:\/\/thehometownlawyers.com\/?page_id=21255"},"modified":"2025-04-03T13:52:43","modified_gmt":"2025-04-03T17:52:43","slug":"abogados-de-accidentes-de-peatones-y-accidentes-de-bicicletas-que-prestan-servicios-en-seven-mile-ohio","status":"publish","type":"page","link":"https:\/\/thehometownlawyers.com\/es\/abogados-de-lesiones-personales-que-prestan-servicios-en-seven-mile-ohio\/abogados-de-accidentes-de-peatones-y-accidentes-de-bicicletas-que-prestan-servicios-en-seven-mile-ohio\/","title":{"rendered":"Abogado de Accidentes Peatonales en Seven Mile"},"content":{"rendered":"<p>Caminar y andar en bicicleta son formas ecol\u00f3gicas y saludables de viajar. A medida que m\u00e1s personas se vuelven conscientes de los beneficios para la salud y los beneficios ambientales de caminar o andar en bicicleta al trabajo, la escuela u otras actividades, m\u00e1s eligen estos modos de transporte. Sin embargo, cuando los automovilistas est\u00e1n distra\u00eddos, env\u00edan mensajes de texto y conducen, est\u00e1n borrachos, desobedecen las reglas de tr\u00e1nsito o infringen la ley, los peatones y los ciclistas pueden terminar lastimados. Si bien los accidentes de bicicleta que involucran veh\u00edculos motorizados son relativamente raros, cuando ocurren, pueden dejar a las v\u00edctimas con lesiones devastadoras.<\/p>\n<p>Si usted o alguien a quien ama result\u00f3 herido en un accidente de bicicleta o de peat\u00f3n en Seven Mile, Ohio, Kruger &amp; Hodges Attorneys at Law es un bufete de abogados de accidentes de peatones y bicicletas que puede ayudarlo. Nuestros abogados pueden revisar los detalles de su caso, evaluar su reclamo, estimar el valor de sus da\u00f1os y luchar para ayudarlo a obtener el acuerdo que merece de las partes negligentes. Esto puede implicar buscar una compensaci\u00f3n de las partes negligentes directamente o buscar un acuerdo con sus aseguradoras. \u00bfTiene preguntas? Los abogados de Kruger &amp; Hodges est\u00e1n aqu\u00ed para usted.<\/p>\n<h2>Causas de accidentes de bicicleta<\/h2>\n<p>\u00bfCu\u00e1les son algunas de las causas de los accidentes de bicicleta en Seven Mile, Ohio? Cuando los conductores chocan con los ciclistas, esto a menudo se debe a la falta de atenci\u00f3n o distracci\u00f3n del conductor. Los conductores que env\u00edan mensajes de texto mientras conducen, revisan sus mapas o el sistema GPS, cambian la m\u00fasica en su autom\u00f3vil o est\u00e1n distra\u00eddos de otra manera podr\u00edan terminar chocando con un ciclista, con resultados mortales. Es posible que los conductores no siempre conozcan las reglas de tr\u00e1nsito cuando se trata de compartir el camino con ciclistas. Si un conductor no cede el paso a una bicicleta, pueden ocurrir accidentes. Las condiciones peligrosas de la carretera tambi\u00e9n pueden provocar accidentes de bicicleta. Los escombros, los baches y otros peligros en la carretera pueden hacer que el ciclista pierda el control de su bicicleta.<\/p>\n<p>\u00bfQu\u00e9 puede hacer si result\u00f3 herido en un accidente de bicicleta debido a la negligencia de otro conductor o debido a carreteras en mal estado? Los abogados de accidentes de bicicleta de <a href=\"https:\/\/thehometownlawyers.com\/es\/\">Kruger &amp; Hodges Attorneys at Law<\/a> que prestan servicios en Seven Mile, Ohio, pueden ayudarlo. Nuestros abogados pueden reclamar da\u00f1os y perjuicios a los conductores negligentes y sus aseguradoras o pueden perseguir ciudades o municipios que no mantuvieron adecuadamente sus carreteras y, por lo tanto, crearon una situaci\u00f3n peligrosa. A veces, los sitios de construcci\u00f3n no se limpian adecuadamente, y esto puede dejar peligros en el camino que pueden representar un peligro para los ciclistas.<\/p>\n<p class=\"rs-content-cta rs-content-cta-small\">Para una consulta legal gratuita, llame al <a href=\"tel:+15138943333\">513-894-3333 <\/a><\/p><h2><strong>Causas de accidentes de peatones <\/strong><\/h2>\n<p>Las causas de los accidentes de peatones son similares a las causas de otros accidentes. Estas causas pueden incluir conducir ebrio, conducir distra\u00eddo, exceso de velocidad, no ceder el paso a los peatones en un cruce de peatones y la violaci\u00f3n de las reglas de tr\u00e1nsito. Algunas de las situaciones m\u00e1s peligrosas para los peatones ocurren cuando un conductor gira a la izquierda. Es posible que los conductores que giran a la izquierda solo busquen otros veh\u00edculos y no busquen peatones en el cruce de peatones. Esto puede provocar accidentes mortales y peligrosos para los peatones. Los peatones tienen la responsabilidad de seguir las se\u00f1ales de tr\u00e1fico para peatones, pero los conductores tambi\u00e9n tienen la responsabilidad de ceder el paso a los peatones cuando tienen el derecho de paso. Cuando los peatones est\u00e1n en un cruce de peatones, los conductores deben ceder el paso. Los peatones tambi\u00e9n deben tener cuidado antes de cruzar un cruce de peatones, pero los conductores tambi\u00e9n deben tener cuidado.<\/p>\n<p>\u00bfHa resultado herido en un accidente peatonal en Seven Mile, Ohio? Kruger &amp; Hodges Attorneys at Law es un bufete de abogados de accidentes de peatones que puede ayudarlo. <a href=\"https:\/\/thehometownlawyers.com\/es\/contacto\/\">Nuestros abogados pueden revisar su caso<\/a> , ofrecerle una evaluaci\u00f3n honesta de su reclamo y ayudarlo a tomar los siguientes pasos para buscar da\u00f1os y perjuicios de las partes negligentes.<\/p>\n<p class=\"rs-content-cta rs-content-cta-small\">Llame o env\u00ede un mensaje de texto al <a href=\"tel:+15138943333\">513-894-3333<\/a> o complete una <a href=\"\/es\/contacto\/\">evaluaci\u00f3n gratuita de su caso<\/a><\/p>","protected":false},"excerpt":{"rendered":"<p>Caminar y andar en bicicleta son formas ecol\u00f3gicas y saludables de viajar. A medida que m\u00e1s personas se vuelven conscientes de los beneficios para la salud y los beneficios ambientales de caminar o andar en bicicleta al trabajo, la escuela u otras actividades, m\u00e1s eligen estos modos de transporte. Sin embargo, cuando los automovilistas est\u00e1n &#8230;<\/p>\n","protected":false},"author":7,"featured_media":24674,"parent":21249,"menu_order":0,"comment_status":"closed","ping_status":"closed","template":"","meta":{"_acf_changed":false,"inline_featured_image":false,"_genesis_hide_title":false,"_genesis_hide_breadcrumbs":false,"_genesis_hide_singular_image":false,"_genesis_hide_footer_widgets":false,"_genesis_custom_body_class":"","_genesis_custom_post_class":"","_genesis_layout":"","footnotes":""},"hc_faqs":[],"hc_spanish_faqs":[],"class_list":{"0":"post-21255","1":"page","2":"type-page","3":"status-publish","4":"has-post-thumbnail","6":"hc_city_location-seven-mile-es","7":"entry"},"acf":[],"yoast_head":"<!-- This site is optimized with the Yoast SEO plugin v27.4 - https:\/\/yoast.com\/product\/yoast-seo-wordpress\/ -->\n<title>Abogados de accidentes de peatones y accidentes de bicicletas que prestan servicios en Seven Mile, Ohio: Consulta gratuita<\/title>\n<meta name=\"description\" content=\"Caminar y andar en bicicleta son formas ecol\u00f3gicas y saludables de viajar. A medida que m\u00e1s personas se vuelven conscientes de los beneficios para la\" \/>\n<meta name=\"robots\" content=\"index, follow, max-snippet:-1, max-image-preview:large, max-video-preview:-1\" \/>\n<link rel=\"canonical\" href=\"https:\/\/thehometownlawyers.com\/es\/abogados-de-lesiones-personales-que-prestan-servicios-en-seven-mile-ohio\/abogados-de-accidentes-de-peatones-y-accidentes-de-bicicletas-que-prestan-servicios-en-seven-mile-ohio\/\" \/>\n<meta property=\"og:locale\" content=\"es_MX\" \/>\n<meta property=\"og:type\" content=\"article\" \/>\n<meta property=\"og:title\" content=\"Abogados de accidentes de peatones y accidentes de bicicletas que prestan servicios en Seven Mile, Ohio: Consulta gratuita\" \/>\n<meta property=\"og:description\" content=\"Caminar y andar en bicicleta son formas ecol\u00f3gicas y saludables de viajar. A medida que m\u00e1s personas se vuelven conscientes de los beneficios para la\" \/>\n<meta property=\"og:url\" content=\"https:\/\/thehometownlawyers.com\/es\/abogados-de-lesiones-personales-que-prestan-servicios-en-seven-mile-ohio\/abogados-de-accidentes-de-peatones-y-accidentes-de-bicicletas-que-prestan-servicios-en-seven-mile-ohio\/\" \/>\n<meta property=\"og:site_name\" content=\"Kruger &amp; Hodges Abogados De Lesiones\" \/>\n<meta property=\"article:publisher\" content=\"https:\/\/www.facebook.com\/KrugerHodges\/\" \/>\n<meta property=\"article:modified_time\" content=\"2025-04-03T17:52:43+00:00\" \/>\n<meta property=\"og:image\" content=\"https:\/\/thehometownlawyers.com\/wp-content\/uploads\/2025\/03\/abogados-de-accidentes-de-peatones-y-accidentes-de-bicicletas-que-prestan-servicios-en-seven-mile-ohio.jpg\" \/>\n\t<meta property=\"og:image:width\" content=\"1000\" \/>\n\t<meta property=\"og:image:height\" content=\"667\" \/>\n\t<meta property=\"og:image:type\" content=\"image\/jpeg\" \/>\n<meta name=\"twitter:card\" content=\"summary_large_image\" \/>\n<meta name=\"twitter:label1\" content=\"Tiempo de lectura\" \/>\n\t<meta name=\"twitter:data1\" content=\"4 minutos\" \/>\n<script type=\"application\/ld+json\" class=\"yoast-schema-graph\">{\"@context\":\"https:\\\/\\\/schema.org\",\"@graph\":[{\"@type\":\"WebPage\",\"@id\":\"https:\\\/\\\/thehometownlawyers.com\\\/es\\\/abogados-de-lesiones-personales-que-prestan-servicios-en-seven-mile-ohio\\\/abogados-de-accidentes-de-peatones-y-accidentes-de-bicicletas-que-prestan-servicios-en-seven-mile-ohio\\\/\",\"url\":\"https:\\\/\\\/thehometownlawyers.com\\\/es\\\/abogados-de-lesiones-personales-que-prestan-servicios-en-seven-mile-ohio\\\/abogados-de-accidentes-de-peatones-y-accidentes-de-bicicletas-que-prestan-servicios-en-seven-mile-ohio\\\/\",\"name\":\"Abogados de accidentes de peatones y accidentes de bicicletas que prestan servicios en Seven Mile, Ohio: Consulta gratuita\",\"isPartOf\":{\"@id\":\"https:\\\/\\\/thehometownlawyers.com\\\/es\\\/#website\"},\"primaryImageOfPage\":{\"@id\":\"https:\\\/\\\/thehometownlawyers.com\\\/es\\\/abogados-de-lesiones-personales-que-prestan-servicios-en-seven-mile-ohio\\\/abogados-de-accidentes-de-peatones-y-accidentes-de-bicicletas-que-prestan-servicios-en-seven-mile-ohio\\\/#primaryimage\"},\"image\":{\"@id\":\"https:\\\/\\\/thehometownlawyers.com\\\/es\\\/abogados-de-lesiones-personales-que-prestan-servicios-en-seven-mile-ohio\\\/abogados-de-accidentes-de-peatones-y-accidentes-de-bicicletas-que-prestan-servicios-en-seven-mile-ohio\\\/#primaryimage\"},\"thumbnailUrl\":\"https:\\\/\\\/thehometownlawyers.com\\\/wp-content\\\/uploads\\\/2025\\\/03\\\/abogados-de-accidentes-de-peatones-y-accidentes-de-bicicletas-que-prestan-servicios-en-seven-mile-ohio.jpg\",\"datePublished\":\"2020-03-03T20:11:25+00:00\",\"dateModified\":\"2025-04-03T17:52:43+00:00\",\"description\":\"Caminar y andar en bicicleta son formas ecol\u00f3gicas y saludables de viajar. A medida que m\u00e1s personas se vuelven conscientes de los beneficios para la\",\"breadcrumb\":{\"@id\":\"https:\\\/\\\/thehometownlawyers.com\\\/es\\\/abogados-de-lesiones-personales-que-prestan-servicios-en-seven-mile-ohio\\\/abogados-de-accidentes-de-peatones-y-accidentes-de-bicicletas-que-prestan-servicios-en-seven-mile-ohio\\\/#breadcrumb\"},\"inLanguage\":\"es\",\"potentialAction\":[{\"@type\":\"ReadAction\",\"target\":[\"https:\\\/\\\/thehometownlawyers.com\\\/es\\\/abogados-de-lesiones-personales-que-prestan-servicios-en-seven-mile-ohio\\\/abogados-de-accidentes-de-peatones-y-accidentes-de-bicicletas-que-prestan-servicios-en-seven-mile-ohio\\\/\"]}]},{\"@type\":\"ImageObject\",\"inLanguage\":\"es\",\"@id\":\"https:\\\/\\\/thehometownlawyers.com\\\/es\\\/abogados-de-lesiones-personales-que-prestan-servicios-en-seven-mile-ohio\\\/abogados-de-accidentes-de-peatones-y-accidentes-de-bicicletas-que-prestan-servicios-en-seven-mile-ohio\\\/#primaryimage\",\"url\":\"https:\\\/\\\/thehometownlawyers.com\\\/wp-content\\\/uploads\\\/2025\\\/03\\\/abogados-de-accidentes-de-peatones-y-accidentes-de-bicicletas-que-prestan-servicios-en-seven-mile-ohio.jpg\",\"contentUrl\":\"https:\\\/\\\/thehometownlawyers.com\\\/wp-content\\\/uploads\\\/2025\\\/03\\\/abogados-de-accidentes-de-peatones-y-accidentes-de-bicicletas-que-prestan-servicios-en-seven-mile-ohio.jpg\",\"width\":1000,\"height\":667,\"caption\":\"Car standing on the pedestrian path with the downed bicycle.\"},{\"@type\":\"BreadcrumbList\",\"@id\":\"https:\\\/\\\/thehometownlawyers.com\\\/es\\\/abogados-de-lesiones-personales-que-prestan-servicios-en-seven-mile-ohio\\\/abogados-de-accidentes-de-peatones-y-accidentes-de-bicicletas-que-prestan-servicios-en-seven-mile-ohio\\\/#breadcrumb\",\"itemListElement\":[{\"@type\":\"ListItem\",\"position\":1,\"name\":\"Home\",\"item\":\"https:\\\/\\\/thehometownlawyers.com\\\/es\\\/\"},{\"@type\":\"ListItem\",\"position\":2,\"name\":\"Abogado de Lesiones Personales en Seven Mile\",\"item\":\"https:\\\/\\\/thehometownlawyers.com\\\/es\\\/abogados-de-lesiones-personales-que-prestan-servicios-en-seven-mile-ohio\\\/\"},{\"@type\":\"ListItem\",\"position\":3,\"name\":\"Abogado de Accidentes Peatonales en Seven Mile\"}]},{\"@type\":\"WebSite\",\"@id\":\"https:\\\/\\\/thehometownlawyers.com\\\/es\\\/#website\",\"url\":\"https:\\\/\\\/thehometownlawyers.com\\\/es\\\/\",\"name\":\"Kruger & Hodges Hometown Injury Lawyers | Accident Attorneys\",\"description\":\"Attorneys for Car, Truck and Motorcycle Accidents, Personal Injuries, and Criminal Defense.\",\"publisher\":{\"@id\":\"https:\\\/\\\/thehometownlawyers.com\\\/es\\\/#organization\"},\"alternateName\":\"Kruger & Hodges Personal Injury Lawyers\",\"inLanguage\":\"es\"},{\"@type\":\"Organization\",\"@id\":\"https:\\\/\\\/thehometownlawyers.com\\\/es\\\/#organization\",\"name\":\"Kruger & Hodges Hometown Injury Lawyers\",\"alternateName\":\"Kruger & Hodges\",\"url\":\"https:\\\/\\\/thehometownlawyers.com\\\/es\\\/\",\"logo\":{\"@type\":\"ImageObject\",\"inLanguage\":\"es\",\"@id\":\"https:\\\/\\\/thehometownlawyers.com\\\/es\\\/#\\\/schema\\\/logo\\\/image\\\/\",\"url\":\"https:\\\/\\\/thehometownlawyers.com\\\/wp-content\\\/uploads\\\/2025\\\/12\\\/revised-kh-logo-vertical-white-background-scaled.png\",\"contentUrl\":\"https:\\\/\\\/thehometownlawyers.com\\\/wp-content\\\/uploads\\\/2025\\\/12\\\/revised-kh-logo-vertical-white-background-scaled.png\",\"width\":2560,\"height\":1440,\"caption\":\"Kruger & Hodges Hometown Injury Lawyers\"},\"image\":{\"@id\":\"https:\\\/\\\/thehometownlawyers.com\\\/es\\\/#\\\/schema\\\/logo\\\/image\\\/\"},\"sameAs\":[\"https:\\\/\\\/www.facebook.com\\\/KrugerHodges\\\/\",\"https:\\\/\\\/www.instagram.com\\\/krugerhodges\\\/\",\"https:\\\/\\\/www.linkedin.com\\\/company\\\/kruger-hodges-hometown-injury-lawyers\\\/\",\"https:\\\/\\\/www.youtube.com\\\/channel\\\/UCeYcMaMaN2rb9jMlqt4EIdQ\",\"https:\\\/\\\/www.tiktok.com\\\/@thehometownlawyer\"]}]}<\/script>\n<!-- \/ Yoast SEO plugin. -->","yoast_head_json":{"title":"Abogados de accidentes de peatones y accidentes de bicicletas que prestan servicios en Seven Mile, Ohio: Consulta gratuita","description":"Caminar y andar en bicicleta son formas ecol\u00f3gicas y saludables de viajar. A medida que m\u00e1s personas se vuelven conscientes de los beneficios para la","robots":{"index":"index","follow":"follow","max-snippet":"max-snippet:-1","max-image-preview":"max-image-preview:large","max-video-preview":"max-video-preview:-1"},"canonical":"https:\/\/thehometownlawyers.com\/es\/abogados-de-lesiones-personales-que-prestan-servicios-en-seven-mile-ohio\/abogados-de-accidentes-de-peatones-y-accidentes-de-bicicletas-que-prestan-servicios-en-seven-mile-ohio\/","og_locale":"es_MX","og_type":"article","og_title":"Abogados de accidentes de peatones y accidentes de bicicletas que prestan servicios en Seven Mile, Ohio: Consulta gratuita","og_description":"Caminar y andar en bicicleta son formas ecol\u00f3gicas y saludables de viajar. A medida que m\u00e1s personas se vuelven conscientes de los beneficios para la","og_url":"https:\/\/thehometownlawyers.com\/es\/abogados-de-lesiones-personales-que-prestan-servicios-en-seven-mile-ohio\/abogados-de-accidentes-de-peatones-y-accidentes-de-bicicletas-que-prestan-servicios-en-seven-mile-ohio\/","og_site_name":"Kruger &amp; Hodges Abogados De Lesiones","article_publisher":"https:\/\/www.facebook.com\/KrugerHodges\/","article_modified_time":"2025-04-03T17:52:43+00:00","og_image":[{"width":1000,"height":667,"url":"https:\/\/thehometownlawyers.com\/wp-content\/uploads\/2025\/03\/abogados-de-accidentes-de-peatones-y-accidentes-de-bicicletas-que-prestan-servicios-en-seven-mile-ohio.jpg","type":"image\/jpeg"}],"twitter_card":"summary_large_image","twitter_misc":{"Tiempo de lectura":"4 minutos"},"schema":{"@context":"https:\/\/schema.org","@graph":[{"@type":"WebPage","@id":"https:\/\/thehometownlawyers.com\/es\/abogados-de-lesiones-personales-que-prestan-servicios-en-seven-mile-ohio\/abogados-de-accidentes-de-peatones-y-accidentes-de-bicicletas-que-prestan-servicios-en-seven-mile-ohio\/","url":"https:\/\/thehometownlawyers.com\/es\/abogados-de-lesiones-personales-que-prestan-servicios-en-seven-mile-ohio\/abogados-de-accidentes-de-peatones-y-accidentes-de-bicicletas-que-prestan-servicios-en-seven-mile-ohio\/","name":"Abogados de accidentes de peatones y accidentes de bicicletas que prestan servicios en Seven Mile, Ohio: Consulta gratuita","isPartOf":{"@id":"https:\/\/thehometownlawyers.com\/es\/#website"},"primaryImageOfPage":{"@id":"https:\/\/thehometownlawyers.com\/es\/abogados-de-lesiones-personales-que-prestan-servicios-en-seven-mile-ohio\/abogados-de-accidentes-de-peatones-y-accidentes-de-bicicletas-que-prestan-servicios-en-seven-mile-ohio\/#primaryimage"},"image":{"@id":"https:\/\/thehometownlawyers.com\/es\/abogados-de-lesiones-personales-que-prestan-servicios-en-seven-mile-ohio\/abogados-de-accidentes-de-peatones-y-accidentes-de-bicicletas-que-prestan-servicios-en-seven-mile-ohio\/#primaryimage"},"thumbnailUrl":"https:\/\/thehometownlawyers.com\/wp-content\/uploads\/2025\/03\/abogados-de-accidentes-de-peatones-y-accidentes-de-bicicletas-que-prestan-servicios-en-seven-mile-ohio.jpg","datePublished":"2020-03-03T20:11:25+00:00","dateModified":"2025-04-03T17:52:43+00:00","description":"Caminar y andar en bicicleta son formas ecol\u00f3gicas y saludables de viajar. A medida que m\u00e1s personas se vuelven conscientes de los beneficios para la","breadcrumb":{"@id":"https:\/\/thehometownlawyers.com\/es\/abogados-de-lesiones-personales-que-prestan-servicios-en-seven-mile-ohio\/abogados-de-accidentes-de-peatones-y-accidentes-de-bicicletas-que-prestan-servicios-en-seven-mile-ohio\/#breadcrumb"},"inLanguage":"es","potentialAction":[{"@type":"ReadAction","target":["https:\/\/thehometownlawyers.com\/es\/abogados-de-lesiones-personales-que-prestan-servicios-en-seven-mile-ohio\/abogados-de-accidentes-de-peatones-y-accidentes-de-bicicletas-que-prestan-servicios-en-seven-mile-ohio\/"]}]},{"@type":"ImageObject","inLanguage":"es","@id":"https:\/\/thehometownlawyers.com\/es\/abogados-de-lesiones-personales-que-prestan-servicios-en-seven-mile-ohio\/abogados-de-accidentes-de-peatones-y-accidentes-de-bicicletas-que-prestan-servicios-en-seven-mile-ohio\/#primaryimage","url":"https:\/\/thehometownlawyers.com\/wp-content\/uploads\/2025\/03\/abogados-de-accidentes-de-peatones-y-accidentes-de-bicicletas-que-prestan-servicios-en-seven-mile-ohio.jpg","contentUrl":"https:\/\/thehometownlawyers.com\/wp-content\/uploads\/2025\/03\/abogados-de-accidentes-de-peatones-y-accidentes-de-bicicletas-que-prestan-servicios-en-seven-mile-ohio.jpg","width":1000,"height":667,"caption":"Car standing on the pedestrian path with the downed bicycle."},{"@type":"BreadcrumbList","@id":"https:\/\/thehometownlawyers.com\/es\/abogados-de-lesiones-personales-que-prestan-servicios-en-seven-mile-ohio\/abogados-de-accidentes-de-peatones-y-accidentes-de-bicicletas-que-prestan-servicios-en-seven-mile-ohio\/#breadcrumb","itemListElement":[{"@type":"ListItem","position":1,"name":"Home","item":"https:\/\/thehometownlawyers.com\/es\/"},{"@type":"ListItem","position":2,"name":"Abogado de Lesiones Personales en Seven Mile","item":"https:\/\/thehometownlawyers.com\/es\/abogados-de-lesiones-personales-que-prestan-servicios-en-seven-mile-ohio\/"},{"@type":"ListItem","position":3,"name":"Abogado de Accidentes Peatonales en Seven Mile"}]},{"@type":"WebSite","@id":"https:\/\/thehometownlawyers.com\/es\/#website","url":"https:\/\/thehometownlawyers.com\/es\/","name":"Kruger & Hodges Hometown Injury Lawyers | Accident Attorneys","description":"Attorneys for Car, Truck and Motorcycle Accidents, Personal Injuries, and Criminal Defense.","publisher":{"@id":"https:\/\/thehometownlawyers.com\/es\/#organization"},"alternateName":"Kruger & Hodges Personal Injury Lawyers","inLanguage":"es"},{"@type":"Organization","@id":"https:\/\/thehometownlawyers.com\/es\/#organization","name":"Kruger & Hodges Hometown Injury Lawyers","alternateName":"Kruger & Hodges","url":"https:\/\/thehometownlawyers.com\/es\/","logo":{"@type":"ImageObject","inLanguage":"es","@id":"https:\/\/thehometownlawyers.com\/es\/#\/schema\/logo\/image\/","url":"https:\/\/thehometownlawyers.com\/wp-content\/uploads\/2025\/12\/revised-kh-logo-vertical-white-background-scaled.png","contentUrl":"https:\/\/thehometownlawyers.com\/wp-content\/uploads\/2025\/12\/revised-kh-logo-vertical-white-background-scaled.png","width":2560,"height":1440,"caption":"Kruger & Hodges Hometown Injury Lawyers"},"image":{"@id":"https:\/\/thehometownlawyers.com\/es\/#\/schema\/logo\/image\/"},"sameAs":["https:\/\/www.facebook.com\/KrugerHodges\/","https:\/\/www.instagram.com\/krugerhodges\/","https:\/\/www.linkedin.com\/company\/kruger-hodges-hometown-injury-lawyers\/","https:\/\/www.youtube.com\/channel\/UCeYcMaMaN2rb9jMlqt4EIdQ","https:\/\/www.tiktok.com\/@thehometownlawyer"]}]}},"_links":{"self":[{"href":"https:\/\/thehometownlawyers.com\/es\/wp-json\/wp\/v2\/pages\/21255","targetHints":{"allow":["GET"]}}],"collection":[{"href":"https:\/\/thehometownlawyers.com\/es\/wp-json\/wp\/v2\/pages"}],"about":[{"href":"https:\/\/thehometownlawyers.com\/es\/wp-json\/wp\/v2\/types\/page"}],"author":[{"embeddable":true,"href":"https:\/\/thehometownlawyers.com\/es\/wp-json\/wp\/v2\/users\/7"}],"replies":[{"embeddable":true,"href":"https:\/\/thehometownlawyers.com\/es\/wp-json\/wp\/v2\/comments?post=21255"}],"version-history":[{"count":0,"href":"https:\/\/thehometownlawyers.com\/es\/wp-json\/wp\/v2\/pages\/21255\/revisions"}],"up":[{"embeddable":true,"href":"https:\/\/thehometownlawyers.com\/es\/wp-json\/wp\/v2\/pages\/21249"}],"wp:featuredmedia":[{"embeddable":true,"href":"https:\/\/thehometownlawyers.com\/es\/wp-json\/wp\/v2\/media\/24674"}],"wp:attachment":[{"href":"https:\/\/thehometownlawyers.com\/es\/wp-json\/wp\/v2\/media?parent=21255"}],"wp:term":[{"taxonomy":"hc_faqs","embeddable":true,"href":"https:\/\/thehometownlawyers.com\/es\/wp-json\/wp\/v2\/hc_faqs?post=21255"},{"taxonomy":"hc_spanish_faqs","embeddable":true,"href":"https:\/\/thehometownlawyers.com\/es\/wp-json\/wp\/v2\/hc_spanish_faqs?post=21255"}],"curies":[{"name":"wp","href":"https:\/\/api.w.org\/{rel}","templated":true}]}}