{"id":21256,"date":"2020-02-26T20:04:39","date_gmt":"2020-02-27T01:04:39","guid":{"rendered":"https:\/\/thehometownlawyers.com\/?page_id=21256"},"modified":"2025-03-24T12:46:15","modified_gmt":"2025-03-24T16:46:15","slug":"abogados-de-accidentes-de-camiones-que-prestan-servicios-en-fairfield-ohio","status":"publish","type":"page","link":"https:\/\/thehometownlawyers.com\/es\/abogados-de-lesiones-personales-en-fairfield-ohio\/abogados-de-accidentes-de-camiones-que-prestan-servicios-en-fairfield-ohio\/","title":{"rendered":"Abogado de Accidente de Cami\u00f3n en Fairfield"},"content":{"rendered":"<p>Si usted o alguien a quien ama ha resultado lesionado en un accidente de cami\u00f3n, es posible que est\u00e9 enfrentando altos costos m\u00e9dicos, puede estar luchando contra lesiones e incapacidades catastr\u00f3ficas, y puede preguntarse cu\u00e1les son sus derechos y cu\u00e1les deber\u00edan ser sus pr\u00f3ximos pasos. Los accidentes de camiones a veces pueden ser m\u00e1s graves que los accidentes de veh\u00edculos de pasajeros porque los camiones son m\u00e1s pesados que los veh\u00edculos de pasajeros, tardan m\u00e1s en detenerse y porque el dise\u00f1o de ciertos camiones puede hacer que sea m\u00e1s probable que un autom\u00f3vil se deslice debajo del cami\u00f3n y provoque lesiones graves o muerte. Miles de personas mueren cada a\u00f1o en accidentes de camiones y muchos miles m\u00e1s sufren lesiones graves.<\/p>\n<p>Los reclamos por accidentes de camiones pueden diferir de los reclamos por lesiones personales que involucran accidentes de veh\u00edculos de pasajeros porque en un reclamo por accidente de cami\u00f3n pueden haber m\u00faltiples partes interesadas involucradas. En un accidente de veh\u00edculo de pasajeros, los acuerdos a menudo involucran a los conductores y sus aseguradoras, pero en un acuerdo de accidente de cami\u00f3n, el proceso de reclamaciones puede involucrar a las compa\u00f1\u00edas de camiones, sus aseguradoras, los conductores de camiones, sus aseguradoras y otras partes. Las empresas de camiones y los conductores tambi\u00e9n deben cumplir con una variedad de leyes de camiones federales y locales. Si los conductores o las compa\u00f1\u00edas de camiones violan estas leyes o toman atajos, y esto resulta en un accidente, las v\u00edctimas y sus familias podr\u00edan tener derecho a reclamar da\u00f1os y perjuicios por sus p\u00e9rdidas. Kruger &amp; Hodges Attorneys at Law es un bufete de abogados de accidentes de camiones que presta servicios en Fairfield, Ohio, que trabaja con v\u00edctimas de accidentes y sus familias para ayudarlos a obtener el acuerdo que merecen seg\u00fan la ley.<\/p>\n<h2>C\u00f3mo las leyes de camiones pueden afectar un reclamo por lesiones personales<\/h2>\n<p class=\"rs-content-cta rs-content-cta-small\">Para una consulta legal gratuita, llame al <a href=\"tel:+15138943333\">513-894-3333 <\/a><\/p><p>Para que una v\u00edctima busque da\u00f1os y perjuicios por un reclamo por lesiones personales en un accidente de cami\u00f3n, la v\u00edctima debe demostrar que el otro conductor fue negligente en el accidente. En el caso de un reclamo por accidente de cami\u00f3n, la v\u00edctima debe demostrar c\u00f3mo el conductor del cami\u00f3n o la compa\u00f1\u00eda del cami\u00f3n fue negligente en su accidente. Debido a que la industria del transporte por carretera est\u00e1 muy regulada, nuestros abogados de accidentes de camiones deber\u00e1n investigar las circunstancias de su accidente, identificar los factores que pueden haber contribuido al accidente y determinar si la empresa del cami\u00f3n o el conductor violaron alguna ley.<\/p>\n<p>Por ejemplo, las empresas de camiones y sus conductores deben cumplir con las leyes federales de horas de servicio que limitan a los conductores, en la mayor\u00eda de los casos, a turnos de 11 horas. Sin embargo, a veces las empresas de camiones y los conductores toman atajos para cumplir con los plazos, y esto puede resultar en que un conductor opere un cami\u00f3n fatigado. Incluso los conductores que solo han estado en la carretera durante m\u00e1s de ocho horas pueden representar un riesgo para los dem\u00e1s en la carretera. Seg\u00fan el <a href=\"https:\/\/www.iihs.org\/topics\/large-trucks\" target=\"_blank\" rel=\"noopener\">Instituto de Seguros para la Seguridad en las Carreteras<\/a> , se descubri\u00f3 que los conductores que han estado al volante durante m\u00e1s de ocho horas tienen el doble de probabilidades de sufrir un accidente.<\/p>\n<p class=\"rs-content-cta rs-content-cta-small\"><a href=\"\/es\/contacto\/\">Haga clic para contactar<\/a> con nuestros lesiones personales abogados hoy<\/p><p>Las leyes de horas de servicio no son las \u00fanicas regulaciones que los camioneros y las empresas deben seguir. Las empresas deben cumplir con los l\u00edmites de peso, deben mantener regularmente sus veh\u00edculos y los conductores deben pasar pruebas m\u00e9dicas estrictas para mantener su licencia de conducir comercial. Los camiones sobrecargados pueden tardar m\u00e1s en detenerse en caso de emergencia. Los veh\u00edculos con mantenimiento inadecuado pueden tener fallas en los frenos o en los neum\u00e1ticos que pueden provocar accidentes catastr\u00f3ficos. Y los conductores que toman ciertos tipos de medicamentos o que tienen ciertas condiciones m\u00e9dicas podr\u00edan tener m\u00e1s probabilidades de verse involucrados en un accidente.<\/p>\n<p class=\"rs-content-cta rs-content-cta-small\">Complete una <a href=\"\/es\/contacto\/\">evaluaci\u00f3n gratuita de su caso<\/a> ahora<\/p><p>A las compa\u00f1\u00edas de camiones a menudo se les exige que cuenten con p\u00f3lizas de seguro de l\u00edmite alto para protegerlas a ellas y a los conductores en caso de accidente. Debido a que los camiones transportan tanto peso y debido a que los riesgos de lesiones graves en un accidente de cami\u00f3n son mayores, estas p\u00f3lizas de seguro de l\u00edmite alto pueden proteger a los conductores y pasajeros que hayan resultado heridos. Kruger &amp; Hodges Attorneys at Law es un bufete de abogados de accidentes de camiones que presta servicios en Fairfield, Ohio, que puede ayudarlo con su reclamo. Nuestros abogados de accidentes de camiones pueden hablar con las compa\u00f1\u00edas de seguros, negociar con los ajustadores de seguros para ayudarlo a obtener el acuerdo que se merece y luchar para que las compa\u00f1\u00edas de camiones rindan cuentas si toman atajos o violan las leyes de camiones. <a href=\"https:\/\/thehometownlawyers.com\/es\/contacto\/\">P\u00f3ngase en contacto con nuestra firma<\/a> hoy para obtener m\u00e1s informaci\u00f3n.<\/p>\n<p class=\"rs-content-cta rs-content-cta-small\">Llame o env\u00ede un mensaje de texto al <a href=\"tel:+15138943333\">513-894-3333<\/a> o complete una <a href=\"\/es\/contacto\/\">evaluaci\u00f3n gratuita de su caso<\/a><\/p>","protected":false},"excerpt":{"rendered":"<p>Si usted o alguien a quien ama ha resultado lesionado en un accidente de cami\u00f3n, es posible que est\u00e9 enfrentando altos costos m\u00e9dicos, puede estar luchando contra lesiones e incapacidades catastr\u00f3ficas, y puede preguntarse cu\u00e1les son sus derechos y cu\u00e1les deber\u00edan ser sus pr\u00f3ximos pasos. Los accidentes de camiones a veces pueden ser m\u00e1s graves &#8230;<\/p>\n","protected":false},"author":7,"featured_media":24608,"parent":21262,"menu_order":0,"comment_status":"closed","ping_status":"closed","template":"","meta":{"_acf_changed":false,"inline_featured_image":false,"_genesis_hide_title":false,"_genesis_hide_breadcrumbs":false,"_genesis_hide_singular_image":false,"_genesis_hide_footer_widgets":false,"_genesis_custom_body_class":"","_genesis_custom_post_class":"","_genesis_layout":"","footnotes":""},"hc_faqs":[],"hc_spanish_faqs":[],"class_list":{"0":"post-21256","1":"page","2":"type-page","3":"status-publish","4":"has-post-thumbnail","6":"entry"},"acf":[],"yoast_head":"<!-- This site is optimized with the Yoast SEO plugin v27.2 - https:\/\/yoast.com\/product\/yoast-seo-wordpress\/ -->\n<title>Abogados de accidentes de camiones que prestan servicios en Fairfield, Ohio: Consulta gratuita<\/title>\n<meta name=\"description\" content=\"Si usted o alguien a quien ama ha resultado lesionado en un accidente de cami\u00f3n, es posible que est\u00e9 enfrentando altos costos m\u00e9dicos, puede estar\" \/>\n<meta name=\"robots\" content=\"index, follow, max-snippet:-1, max-image-preview:large, max-video-preview:-1\" \/>\n<link rel=\"canonical\" href=\"https:\/\/thehometownlawyers.com\/es\/abogados-de-lesiones-personales-en-fairfield-ohio\/abogados-de-accidentes-de-camiones-que-prestan-servicios-en-fairfield-ohio\/\" \/>\n<meta property=\"og:locale\" content=\"es_MX\" \/>\n<meta property=\"og:type\" content=\"article\" \/>\n<meta property=\"og:title\" content=\"Abogados de accidentes de camiones que prestan servicios en Fairfield, Ohio: Consulta gratuita\" \/>\n<meta property=\"og:description\" content=\"Si usted o alguien a quien ama ha resultado lesionado en un accidente de cami\u00f3n, es posible que est\u00e9 enfrentando altos costos m\u00e9dicos, puede estar\" \/>\n<meta property=\"og:url\" content=\"https:\/\/thehometownlawyers.com\/es\/abogados-de-lesiones-personales-en-fairfield-ohio\/abogados-de-accidentes-de-camiones-que-prestan-servicios-en-fairfield-ohio\/\" \/>\n<meta property=\"og:site_name\" content=\"Kruger &amp; Hodges Abogados De Lesiones\" \/>\n<meta property=\"article:publisher\" content=\"https:\/\/www.facebook.com\/KrugerHodges\/\" \/>\n<meta property=\"article:modified_time\" content=\"2025-03-24T16:46:15+00:00\" \/>\n<meta property=\"og:image\" content=\"https:\/\/thehometownlawyers.com\/wp-content\/uploads\/2025\/03\/abogados-de-accidentes-de-camiones-que-prestan-servicios-en-fairfield-ohio.jpg\" \/>\n\t<meta property=\"og:image:width\" content=\"768\" \/>\n\t<meta property=\"og:image:height\" content=\"512\" \/>\n\t<meta property=\"og:image:type\" content=\"image\/jpeg\" \/>\n<meta name=\"twitter:card\" content=\"summary_large_image\" \/>\n<meta name=\"twitter:label1\" content=\"Tiempo de lectura\" \/>\n\t<meta name=\"twitter:data1\" content=\"4 minutos\" \/>\n<script type=\"application\/ld+json\" class=\"yoast-schema-graph\">{\"@context\":\"https:\/\/schema.org\",\"@graph\":[{\"@type\":\"WebPage\",\"@id\":\"https:\/\/thehometownlawyers.com\/es\/abogados-de-lesiones-personales-en-fairfield-ohio\/abogados-de-accidentes-de-camiones-que-prestan-servicios-en-fairfield-ohio\/\",\"url\":\"https:\/\/thehometownlawyers.com\/es\/abogados-de-lesiones-personales-en-fairfield-ohio\/abogados-de-accidentes-de-camiones-que-prestan-servicios-en-fairfield-ohio\/\",\"name\":\"Abogados de accidentes de camiones que prestan servicios en Fairfield, Ohio: Consulta gratuita\",\"isPartOf\":{\"@id\":\"https:\/\/thehometownlawyers.com\/es\/#website\"},\"primaryImageOfPage\":{\"@id\":\"https:\/\/thehometownlawyers.com\/es\/abogados-de-lesiones-personales-en-fairfield-ohio\/abogados-de-accidentes-de-camiones-que-prestan-servicios-en-fairfield-ohio\/#primaryimage\"},\"image\":{\"@id\":\"https:\/\/thehometownlawyers.com\/es\/abogados-de-lesiones-personales-en-fairfield-ohio\/abogados-de-accidentes-de-camiones-que-prestan-servicios-en-fairfield-ohio\/#primaryimage\"},\"thumbnailUrl\":\"https:\/\/thehometownlawyers.com\/wp-content\/uploads\/2025\/03\/abogados-de-accidentes-de-camiones-que-prestan-servicios-en-fairfield-ohio.jpg\",\"datePublished\":\"2020-02-27T01:04:39+00:00\",\"dateModified\":\"2025-03-24T16:46:15+00:00\",\"description\":\"Si usted o alguien a quien ama ha resultado lesionado en un accidente de cami\u00f3n, es posible que est\u00e9 enfrentando altos costos m\u00e9dicos, puede estar\",\"breadcrumb\":{\"@id\":\"https:\/\/thehometownlawyers.com\/es\/abogados-de-lesiones-personales-en-fairfield-ohio\/abogados-de-accidentes-de-camiones-que-prestan-servicios-en-fairfield-ohio\/#breadcrumb\"},\"inLanguage\":\"es\",\"potentialAction\":[{\"@type\":\"ReadAction\",\"target\":[\"https:\/\/thehometownlawyers.com\/es\/abogados-de-lesiones-personales-en-fairfield-ohio\/abogados-de-accidentes-de-camiones-que-prestan-servicios-en-fairfield-ohio\/\"]}]},{\"@type\":\"ImageObject\",\"inLanguage\":\"es\",\"@id\":\"https:\/\/thehometownlawyers.com\/es\/abogados-de-lesiones-personales-en-fairfield-ohio\/abogados-de-accidentes-de-camiones-que-prestan-servicios-en-fairfield-ohio\/#primaryimage\",\"url\":\"https:\/\/thehometownlawyers.com\/wp-content\/uploads\/2025\/03\/abogados-de-accidentes-de-camiones-que-prestan-servicios-en-fairfield-ohio.jpg\",\"contentUrl\":\"https:\/\/thehometownlawyers.com\/wp-content\/uploads\/2025\/03\/abogados-de-accidentes-de-camiones-que-prestan-servicios-en-fairfield-ohio.jpg\",\"width\":768,\"height\":512,\"caption\":\"Industrial long hauler carriers white big rig semi trucks tractors with high cab for truck driver rest standing on the parking lot in warehouse docks gates loading cargo for the next delivery freight.\"},{\"@type\":\"BreadcrumbList\",\"@id\":\"https:\/\/thehometownlawyers.com\/es\/abogados-de-lesiones-personales-en-fairfield-ohio\/abogados-de-accidentes-de-camiones-que-prestan-servicios-en-fairfield-ohio\/#breadcrumb\",\"itemListElement\":[{\"@type\":\"ListItem\",\"position\":1,\"name\":\"Home\",\"item\":\"https:\/\/thehometownlawyers.com\/es\/\"},{\"@type\":\"ListItem\",\"position\":2,\"name\":\"Abogado de Lesiones Personales en Fairfield\",\"item\":\"https:\/\/thehometownlawyers.com\/es\/abogados-de-lesiones-personales-en-fairfield-ohio\/\"},{\"@type\":\"ListItem\",\"position\":3,\"name\":\"Abogado de Accidente de Cami\u00f3n en Fairfield\"}]},{\"@type\":\"WebSite\",\"@id\":\"https:\/\/thehometownlawyers.com\/es\/#website\",\"url\":\"https:\/\/thehometownlawyers.com\/es\/\",\"name\":\"Kruger & Hodges Hometown Injury Lawyers | Accident Attorneys\",\"description\":\"Attorneys for Car, Truck and Motorcycle Accidents, Personal Injuries, and Criminal Defense.\",\"publisher\":{\"@id\":\"https:\/\/thehometownlawyers.com\/es\/#organization\"},\"alternateName\":\"Kruger & Hodges Personal Injury Lawyers\",\"inLanguage\":\"es\"},{\"@type\":\"Organization\",\"@id\":\"https:\/\/thehometownlawyers.com\/es\/#organization\",\"name\":\"Kruger & Hodges Hometown Injury Lawyers\",\"alternateName\":\"Kruger & Hodges Accident Attorneys\",\"url\":\"https:\/\/thehometownlawyers.com\/es\/\",\"logo\":{\"@type\":\"ImageObject\",\"inLanguage\":\"es\",\"@id\":\"https:\/\/thehometownlawyers.com\/es\/#\/schema\/logo\/image\/\",\"url\":\"https:\/\/thehometownlawyers.com\/wp-content\/uploads\/2025\/12\/revised-kh-logo-vertical-white-background-scaled.png\",\"contentUrl\":\"https:\/\/thehometownlawyers.com\/wp-content\/uploads\/2025\/12\/revised-kh-logo-vertical-white-background-scaled.png\",\"width\":2560,\"height\":1440,\"caption\":\"Kruger & Hodges Hometown Injury Lawyers\"},\"image\":{\"@id\":\"https:\/\/thehometownlawyers.com\/es\/#\/schema\/logo\/image\/\"},\"sameAs\":[\"https:\/\/www.facebook.com\/KrugerHodges\/\",\"https:\/\/www.instagram.com\/krugerhodges\/\",\"https:\/\/www.linkedin.com\/company\/kruger-hodges-hometown-injury-lawyers\/\",\"https:\/\/www.youtube.com\/channel\/UCeYcMaMaN2rb9jMlqt4EIdQ\",\"https:\/\/www.tiktok.com\/@thehometownlawyer\"]}]}<\/script>\n<!-- \/ Yoast SEO plugin. -->","yoast_head_json":{"title":"Abogados de accidentes de camiones que prestan servicios en Fairfield, Ohio: Consulta gratuita","description":"Si usted o alguien a quien ama ha resultado lesionado en un accidente de cami\u00f3n, es posible que est\u00e9 enfrentando altos costos m\u00e9dicos, puede estar","robots":{"index":"index","follow":"follow","max-snippet":"max-snippet:-1","max-image-preview":"max-image-preview:large","max-video-preview":"max-video-preview:-1"},"canonical":"https:\/\/thehometownlawyers.com\/es\/abogados-de-lesiones-personales-en-fairfield-ohio\/abogados-de-accidentes-de-camiones-que-prestan-servicios-en-fairfield-ohio\/","og_locale":"es_MX","og_type":"article","og_title":"Abogados de accidentes de camiones que prestan servicios en Fairfield, Ohio: Consulta gratuita","og_description":"Si usted o alguien a quien ama ha resultado lesionado en un accidente de cami\u00f3n, es posible que est\u00e9 enfrentando altos costos m\u00e9dicos, puede estar","og_url":"https:\/\/thehometownlawyers.com\/es\/abogados-de-lesiones-personales-en-fairfield-ohio\/abogados-de-accidentes-de-camiones-que-prestan-servicios-en-fairfield-ohio\/","og_site_name":"Kruger &amp; Hodges Abogados De Lesiones","article_publisher":"https:\/\/www.facebook.com\/KrugerHodges\/","article_modified_time":"2025-03-24T16:46:15+00:00","og_image":[{"width":768,"height":512,"url":"https:\/\/thehometownlawyers.com\/wp-content\/uploads\/2025\/03\/abogados-de-accidentes-de-camiones-que-prestan-servicios-en-fairfield-ohio.jpg","type":"image\/jpeg"}],"twitter_card":"summary_large_image","twitter_misc":{"Tiempo de lectura":"4 minutos"},"schema":{"@context":"https:\/\/schema.org","@graph":[{"@type":"WebPage","@id":"https:\/\/thehometownlawyers.com\/es\/abogados-de-lesiones-personales-en-fairfield-ohio\/abogados-de-accidentes-de-camiones-que-prestan-servicios-en-fairfield-ohio\/","url":"https:\/\/thehometownlawyers.com\/es\/abogados-de-lesiones-personales-en-fairfield-ohio\/abogados-de-accidentes-de-camiones-que-prestan-servicios-en-fairfield-ohio\/","name":"Abogados de accidentes de camiones que prestan servicios en Fairfield, Ohio: Consulta gratuita","isPartOf":{"@id":"https:\/\/thehometownlawyers.com\/es\/#website"},"primaryImageOfPage":{"@id":"https:\/\/thehometownlawyers.com\/es\/abogados-de-lesiones-personales-en-fairfield-ohio\/abogados-de-accidentes-de-camiones-que-prestan-servicios-en-fairfield-ohio\/#primaryimage"},"image":{"@id":"https:\/\/thehometownlawyers.com\/es\/abogados-de-lesiones-personales-en-fairfield-ohio\/abogados-de-accidentes-de-camiones-que-prestan-servicios-en-fairfield-ohio\/#primaryimage"},"thumbnailUrl":"https:\/\/thehometownlawyers.com\/wp-content\/uploads\/2025\/03\/abogados-de-accidentes-de-camiones-que-prestan-servicios-en-fairfield-ohio.jpg","datePublished":"2020-02-27T01:04:39+00:00","dateModified":"2025-03-24T16:46:15+00:00","description":"Si usted o alguien a quien ama ha resultado lesionado en un accidente de cami\u00f3n, es posible que est\u00e9 enfrentando altos costos m\u00e9dicos, puede estar","breadcrumb":{"@id":"https:\/\/thehometownlawyers.com\/es\/abogados-de-lesiones-personales-en-fairfield-ohio\/abogados-de-accidentes-de-camiones-que-prestan-servicios-en-fairfield-ohio\/#breadcrumb"},"inLanguage":"es","potentialAction":[{"@type":"ReadAction","target":["https:\/\/thehometownlawyers.com\/es\/abogados-de-lesiones-personales-en-fairfield-ohio\/abogados-de-accidentes-de-camiones-que-prestan-servicios-en-fairfield-ohio\/"]}]},{"@type":"ImageObject","inLanguage":"es","@id":"https:\/\/thehometownlawyers.com\/es\/abogados-de-lesiones-personales-en-fairfield-ohio\/abogados-de-accidentes-de-camiones-que-prestan-servicios-en-fairfield-ohio\/#primaryimage","url":"https:\/\/thehometownlawyers.com\/wp-content\/uploads\/2025\/03\/abogados-de-accidentes-de-camiones-que-prestan-servicios-en-fairfield-ohio.jpg","contentUrl":"https:\/\/thehometownlawyers.com\/wp-content\/uploads\/2025\/03\/abogados-de-accidentes-de-camiones-que-prestan-servicios-en-fairfield-ohio.jpg","width":768,"height":512,"caption":"Industrial long hauler carriers white big rig semi trucks tractors with high cab for truck driver rest standing on the parking lot in warehouse docks gates loading cargo for the next delivery freight."},{"@type":"BreadcrumbList","@id":"https:\/\/thehometownlawyers.com\/es\/abogados-de-lesiones-personales-en-fairfield-ohio\/abogados-de-accidentes-de-camiones-que-prestan-servicios-en-fairfield-ohio\/#breadcrumb","itemListElement":[{"@type":"ListItem","position":1,"name":"Home","item":"https:\/\/thehometownlawyers.com\/es\/"},{"@type":"ListItem","position":2,"name":"Abogado de Lesiones Personales en Fairfield","item":"https:\/\/thehometownlawyers.com\/es\/abogados-de-lesiones-personales-en-fairfield-ohio\/"},{"@type":"ListItem","position":3,"name":"Abogado de Accidente de Cami\u00f3n en Fairfield"}]},{"@type":"WebSite","@id":"https:\/\/thehometownlawyers.com\/es\/#website","url":"https:\/\/thehometownlawyers.com\/es\/","name":"Kruger & Hodges Hometown Injury Lawyers | Accident Attorneys","description":"Attorneys for Car, Truck and Motorcycle Accidents, Personal Injuries, and Criminal Defense.","publisher":{"@id":"https:\/\/thehometownlawyers.com\/es\/#organization"},"alternateName":"Kruger & Hodges Personal Injury Lawyers","inLanguage":"es"},{"@type":"Organization","@id":"https:\/\/thehometownlawyers.com\/es\/#organization","name":"Kruger & Hodges Hometown Injury Lawyers","alternateName":"Kruger & Hodges Accident Attorneys","url":"https:\/\/thehometownlawyers.com\/es\/","logo":{"@type":"ImageObject","inLanguage":"es","@id":"https:\/\/thehometownlawyers.com\/es\/#\/schema\/logo\/image\/","url":"https:\/\/thehometownlawyers.com\/wp-content\/uploads\/2025\/12\/revised-kh-logo-vertical-white-background-scaled.png","contentUrl":"https:\/\/thehometownlawyers.com\/wp-content\/uploads\/2025\/12\/revised-kh-logo-vertical-white-background-scaled.png","width":2560,"height":1440,"caption":"Kruger & Hodges Hometown Injury Lawyers"},"image":{"@id":"https:\/\/thehometownlawyers.com\/es\/#\/schema\/logo\/image\/"},"sameAs":["https:\/\/www.facebook.com\/KrugerHodges\/","https:\/\/www.instagram.com\/krugerhodges\/","https:\/\/www.linkedin.com\/company\/kruger-hodges-hometown-injury-lawyers\/","https:\/\/www.youtube.com\/channel\/UCeYcMaMaN2rb9jMlqt4EIdQ","https:\/\/www.tiktok.com\/@thehometownlawyer"]}]}},"_links":{"self":[{"href":"https:\/\/thehometownlawyers.com\/es\/wp-json\/wp\/v2\/pages\/21256","targetHints":{"allow":["GET"]}}],"collection":[{"href":"https:\/\/thehometownlawyers.com\/es\/wp-json\/wp\/v2\/pages"}],"about":[{"href":"https:\/\/thehometownlawyers.com\/es\/wp-json\/wp\/v2\/types\/page"}],"author":[{"embeddable":true,"href":"https:\/\/thehometownlawyers.com\/es\/wp-json\/wp\/v2\/users\/7"}],"replies":[{"embeddable":true,"href":"https:\/\/thehometownlawyers.com\/es\/wp-json\/wp\/v2\/comments?post=21256"}],"version-history":[{"count":0,"href":"https:\/\/thehometownlawyers.com\/es\/wp-json\/wp\/v2\/pages\/21256\/revisions"}],"up":[{"embeddable":true,"href":"https:\/\/thehometownlawyers.com\/es\/wp-json\/wp\/v2\/pages\/21262"}],"wp:featuredmedia":[{"embeddable":true,"href":"https:\/\/thehometownlawyers.com\/es\/wp-json\/wp\/v2\/media\/24608"}],"wp:attachment":[{"href":"https:\/\/thehometownlawyers.com\/es\/wp-json\/wp\/v2\/media?parent=21256"}],"wp:term":[{"taxonomy":"hc_faqs","embeddable":true,"href":"https:\/\/thehometownlawyers.com\/es\/wp-json\/wp\/v2\/hc_faqs?post=21256"},{"taxonomy":"hc_spanish_faqs","embeddable":true,"href":"https:\/\/thehometownlawyers.com\/es\/wp-json\/wp\/v2\/hc_spanish_faqs?post=21256"}],"curies":[{"name":"wp","href":"https:\/\/api.w.org\/{rel}","templated":true}]}}