{"id":21257,"date":"2020-03-02T21:54:24","date_gmt":"2020-03-03T02:54:24","guid":{"rendered":"https:\/\/thehometownlawyers.com\/?page_id=21257"},"modified":"2025-02-05T15:45:15","modified_gmt":"2025-02-05T20:45:15","slug":"abogados-de-accidentes-por-conducir-ebrio-que-prestan-servicios-en-seven-mile-ohio","status":"publish","type":"page","link":"https:\/\/thehometownlawyers.com\/es\/abogados-de-lesiones-personales-que-prestan-servicios-en-seven-mile-ohio\/abogados-de-accidentes-por-conducir-ebrio-que-prestan-servicios-en-seven-mile-ohio\/","title":{"rendered":"Abogado de Accidente por Conducir Ebrio en Seven Mile"},"content":{"rendered":"<p>Seg\u00fan <a href=\"https:\/\/madd.org\/press-release\/new-nhtsa-numbers-show-drunk-driving-still-the-leading-cause-of-highway-deaths\/\" target=\"_blank\" rel=\"noopener\">Mothers Against Drunk Driving<\/a> , conducir ebrio fue la principal causa de muertes en las carreteras en 2017. En 2017, 10,874 personas murieron en accidentes por conducir ebrio, un aumento en el n\u00famero de personas muertas en accidentes por conducir ebrio desde 2016. Estos n\u00fameros no comienzan a dar cuenta de las muchas personas que sobreviven a estos accidentes con lesiones graves o que alteran la vida. Kruger &amp; Hodges Attorneys at Law es un bufete de abogados de accidentes por conducir en estado de ebriedad que presta servicios en Seven Mile, Ohio, que puede ayudarlo con su reclamo por accidente por conducir en estado de ebriedad. Las v\u00edctimas y sus familias pueden tener derecho a reclamar da\u00f1os y perjuicios por sus costos m\u00e9dicos, gastos de rehabilitaci\u00f3n, salarios perdidos y dolor y sufrimiento de conductores negligentes, de bares o due\u00f1os de negocios que pueden haber servido alcohol a la persona responsable de su accidente, o de sus aseguradoras. \u00bfTiene preguntas sobre sus derechos? Comun\u00edquese con los abogados de accidentes por conducir ebrio de Seven Mile, Ohio en Kruger &amp; Hodges Attorneys at Law hoy.<\/p>\n<h2>\u00bfQui\u00e9n puede ser considerado responsable despu\u00e9s de un accidente por conducir ebrio en Seven Mile, Ohio?<\/h2>\n<p>A diferencia de un accidente de veh\u00edculo de pasajeros, los accidentes por conducir ebrio son \u00fanicos porque beber y conducir es ilegal, y existe una variedad de leyes para proteger a las v\u00edctimas y sus familias de estos conductores. Uno de los mayores desaf\u00edos que pueden enfrentar las v\u00edctimas y sus familias despu\u00e9s de un accidente es probar que la otra parte tiene la culpa. Sin embargo, en un choque por conducir ebrio, la polic\u00eda a menudo puede reunir pruebas de que el conductor estaba ebrio y, en muchos casos, la persona responsable del accidente puede enfrentar cargos penales. Las v\u00edctimas y sus familias podr\u00edan tener derecho a reclamar da\u00f1os y perjuicios a los conductores ebrios responsables de su accidente. Tambi\u00e9n pueden tener derecho a reclamar da\u00f1os y perjuicios a los propietarios de bares o tiendas que, a sabiendas, sirvieron alcohol a una persona que estaba borracha. Bajo las \u201cleyes de tiendas de bebidas alcoh\u00f3licas\u201d de Ohio, las v\u00edctimas y las familias podr\u00edan reclamar da\u00f1os y perjuicios de bares e individuos que a sabiendas vendieron alcohol a alguien que estaba visiblemente intoxicado. Si una persona a sabiendas sirvi\u00f3 alcohol a una persona menor de 21 a\u00f1os y ese conductor se vio involucrado en su accidente, tambi\u00e9n puede tener derecho a reclamar da\u00f1os y perjuicios a esta persona. Finalmente, las v\u00edctimas y sus familias podr\u00edan presentar reclamaciones a la compa\u00f1\u00eda de seguros del otro conductor oa las aseguradoras que pueden proteger a las empresas. \u00bfTiene preguntas sobre sus derechos y sobre c\u00f3mo podr\u00eda reclamar da\u00f1os y perjuicios por sus p\u00e9rdidas? <a href=\"https:\/\/thehometownlawyers.com\/es\/\">Kruger &amp; Hodges Attorneys at Law<\/a> es un bufete de abogados de accidentes por conducir ebrio en Seven Mile, Ohio, que puede ayudarlo con su reclamo.<\/p>\n<p class=\"rs-content-cta rs-content-cta-small\">Para una consulta legal gratuita, llame al <a href=\"tel:+15138943333\">513-894-3333 <\/a><\/p><h2>Buscando justicia para las v\u00edctimas de conductores ebrios<\/h2>\n<p>Conducir ebrio puede devastar a las v\u00edctimas y sus familias. Las personas pueden quedar con lesiones que alteran la vida, facturas m\u00e9dicas inesperadas y discapacidades que pueden dejarlas incapacitadas para trabajar. Si usted o alguien a quien ama result\u00f3 herido en un accidente por conducir ebrio, comun\u00edquese con los abogados de accidentes por conducir ebrio de Seven Mile, Ohio en Kruger &amp; Hodges Attorneys at Law hoy. Cuando usted y su familia luchan contra los conductores ebrios responsables de sus lesiones, env\u00eda un fuerte mensaje a la comunidad. Conducir ebrio no ser\u00e1 tolerado y tendr\u00e1 consecuencias. Es posible que usted y su familia solo tengan un tiempo limitado para presentar un reclamo conforme a la ley. <a href=\"https:\/\/thehometownlawyers.com\/es\/contacto\/\">P\u00f3ngase en contacto con los abogados de Kruger &amp; Hodges<\/a> hoy para obtener m\u00e1s informaci\u00f3n.<\/p>\n<p class=\"rs-content-cta rs-content-cta-small\">Llame o env\u00ede un mensaje de texto al <a href=\"tel:+15138943333\">513-894-3333<\/a> o complete una <a href=\"\/es\/contacto\/\">evaluaci\u00f3n gratuita de su caso<\/a><\/p>","protected":false},"excerpt":{"rendered":"<p>Seg\u00fan Mothers Against Drunk Driving , conducir ebrio fue la principal causa de muertes en las carreteras en 2017. En 2017, 10,874 personas murieron en accidentes por conducir ebrio, un aumento en el n\u00famero de personas muertas en accidentes por conducir ebrio desde 2016. Estos n\u00fameros no comienzan a dar cuenta de las muchas personas &#8230;<\/p>\n","protected":false},"author":7,"featured_media":24534,"parent":21249,"menu_order":0,"comment_status":"closed","ping_status":"closed","template":"","meta":{"_acf_changed":false,"inline_featured_image":false,"_genesis_hide_title":false,"_genesis_hide_breadcrumbs":false,"_genesis_hide_singular_image":false,"_genesis_hide_footer_widgets":false,"_genesis_custom_body_class":"","_genesis_custom_post_class":"","_genesis_layout":"","footnotes":""},"hc_faqs":[],"hc_spanish_faqs":[],"class_list":{"0":"post-21257","1":"page","2":"type-page","3":"status-publish","4":"has-post-thumbnail","6":"hc_city_location-seven-mile-es","7":"entry"},"acf":[],"yoast_head":"<!-- This site is optimized with the Yoast SEO plugin v27.4 - https:\/\/yoast.com\/product\/yoast-seo-wordpress\/ -->\n<title>Abogado de Accidente por Conducir Ebrio en Seven Mile | Consulta Gratuita<\/title>\n<meta name=\"description\" content=\"Seg\u00fan Mothers Against Drunk Driving , conducir ebrio fue la principal causa de muertes en las carreteras en 2017. En 2017, 10,874 personas murieron en\" \/>\n<meta name=\"robots\" content=\"index, follow, max-snippet:-1, max-image-preview:large, max-video-preview:-1\" \/>\n<link rel=\"canonical\" href=\"https:\/\/thehometownlawyers.com\/es\/abogados-de-lesiones-personales-que-prestan-servicios-en-seven-mile-ohio\/abogados-de-accidentes-por-conducir-ebrio-que-prestan-servicios-en-seven-mile-ohio\/\" \/>\n<meta property=\"og:locale\" content=\"es_MX\" \/>\n<meta property=\"og:type\" content=\"article\" \/>\n<meta property=\"og:title\" content=\"Abogado de Accidente por Conducir Ebrio en Seven Mile | Consulta Gratuita\" \/>\n<meta property=\"og:description\" content=\"Seg\u00fan Mothers Against Drunk Driving , conducir ebrio fue la principal causa de muertes en las carreteras en 2017. En 2017, 10,874 personas murieron en\" \/>\n<meta property=\"og:url\" content=\"https:\/\/thehometownlawyers.com\/es\/abogados-de-lesiones-personales-que-prestan-servicios-en-seven-mile-ohio\/abogados-de-accidentes-por-conducir-ebrio-que-prestan-servicios-en-seven-mile-ohio\/\" \/>\n<meta property=\"og:site_name\" content=\"Kruger &amp; Hodges Abogados De Lesiones\" \/>\n<meta property=\"article:publisher\" content=\"https:\/\/www.facebook.com\/KrugerHodges\/\" \/>\n<meta property=\"article:modified_time\" content=\"2025-02-05T20:45:15+00:00\" \/>\n<meta property=\"og:image\" content=\"https:\/\/thehometownlawyers.com\/wp-content\/uploads\/2021\/08\/car-driver-wheel.jpg\" \/>\n\t<meta property=\"og:image:width\" content=\"1920\" \/>\n\t<meta property=\"og:image:height\" content=\"1080\" \/>\n\t<meta property=\"og:image:type\" content=\"image\/jpeg\" \/>\n<meta name=\"twitter:card\" content=\"summary_large_image\" \/>\n<meta name=\"twitter:label1\" content=\"Tiempo de lectura\" \/>\n\t<meta name=\"twitter:data1\" content=\"3 minutos\" \/>\n<script type=\"application\/ld+json\" class=\"yoast-schema-graph\">{\"@context\":\"https:\\\/\\\/schema.org\",\"@graph\":[{\"@type\":\"WebPage\",\"@id\":\"https:\\\/\\\/thehometownlawyers.com\\\/es\\\/abogados-de-lesiones-personales-que-prestan-servicios-en-seven-mile-ohio\\\/abogados-de-accidentes-por-conducir-ebrio-que-prestan-servicios-en-seven-mile-ohio\\\/\",\"url\":\"https:\\\/\\\/thehometownlawyers.com\\\/es\\\/abogados-de-lesiones-personales-que-prestan-servicios-en-seven-mile-ohio\\\/abogados-de-accidentes-por-conducir-ebrio-que-prestan-servicios-en-seven-mile-ohio\\\/\",\"name\":\"Abogado de Accidente por Conducir Ebrio en Seven Mile | Consulta Gratuita\",\"isPartOf\":{\"@id\":\"https:\\\/\\\/thehometownlawyers.com\\\/es\\\/#website\"},\"primaryImageOfPage\":{\"@id\":\"https:\\\/\\\/thehometownlawyers.com\\\/es\\\/abogados-de-lesiones-personales-que-prestan-servicios-en-seven-mile-ohio\\\/abogados-de-accidentes-por-conducir-ebrio-que-prestan-servicios-en-seven-mile-ohio\\\/#primaryimage\"},\"image\":{\"@id\":\"https:\\\/\\\/thehometownlawyers.com\\\/es\\\/abogados-de-lesiones-personales-que-prestan-servicios-en-seven-mile-ohio\\\/abogados-de-accidentes-por-conducir-ebrio-que-prestan-servicios-en-seven-mile-ohio\\\/#primaryimage\"},\"thumbnailUrl\":\"https:\\\/\\\/thehometownlawyers.com\\\/wp-content\\\/uploads\\\/2025\\\/03\\\/seven-mile-car-accident-lawyer-drunk-driving.jpg\",\"datePublished\":\"2020-03-03T02:54:24+00:00\",\"dateModified\":\"2025-02-05T20:45:15+00:00\",\"description\":\"Seg\u00fan Mothers Against Drunk Driving , conducir ebrio fue la principal causa de muertes en las carreteras en 2017. En 2017, 10,874 personas murieron en\",\"breadcrumb\":{\"@id\":\"https:\\\/\\\/thehometownlawyers.com\\\/es\\\/abogados-de-lesiones-personales-que-prestan-servicios-en-seven-mile-ohio\\\/abogados-de-accidentes-por-conducir-ebrio-que-prestan-servicios-en-seven-mile-ohio\\\/#breadcrumb\"},\"inLanguage\":\"es\",\"potentialAction\":[{\"@type\":\"ReadAction\",\"target\":[\"https:\\\/\\\/thehometownlawyers.com\\\/es\\\/abogados-de-lesiones-personales-que-prestan-servicios-en-seven-mile-ohio\\\/abogados-de-accidentes-por-conducir-ebrio-que-prestan-servicios-en-seven-mile-ohio\\\/\"]}]},{\"@type\":\"ImageObject\",\"inLanguage\":\"es\",\"@id\":\"https:\\\/\\\/thehometownlawyers.com\\\/es\\\/abogados-de-lesiones-personales-que-prestan-servicios-en-seven-mile-ohio\\\/abogados-de-accidentes-por-conducir-ebrio-que-prestan-servicios-en-seven-mile-ohio\\\/#primaryimage\",\"url\":\"https:\\\/\\\/thehometownlawyers.com\\\/wp-content\\\/uploads\\\/2025\\\/03\\\/seven-mile-car-accident-lawyer-drunk-driving.jpg\",\"contentUrl\":\"https:\\\/\\\/thehometownlawyers.com\\\/wp-content\\\/uploads\\\/2025\\\/03\\\/seven-mile-car-accident-lawyer-drunk-driving.jpg\",\"width\":768,\"height\":513,\"caption\":\"Alcohol addiction, you can't drive, violation of the law.\"},{\"@type\":\"BreadcrumbList\",\"@id\":\"https:\\\/\\\/thehometownlawyers.com\\\/es\\\/abogados-de-lesiones-personales-que-prestan-servicios-en-seven-mile-ohio\\\/abogados-de-accidentes-por-conducir-ebrio-que-prestan-servicios-en-seven-mile-ohio\\\/#breadcrumb\",\"itemListElement\":[{\"@type\":\"ListItem\",\"position\":1,\"name\":\"Home\",\"item\":\"https:\\\/\\\/thehometownlawyers.com\\\/es\\\/\"},{\"@type\":\"ListItem\",\"position\":2,\"name\":\"Abogado de Lesiones Personales en Seven Mile\",\"item\":\"https:\\\/\\\/thehometownlawyers.com\\\/es\\\/abogados-de-lesiones-personales-que-prestan-servicios-en-seven-mile-ohio\\\/\"},{\"@type\":\"ListItem\",\"position\":3,\"name\":\"Abogado de Accidente por Conducir Ebrio en Seven Mile\"}]},{\"@type\":\"WebSite\",\"@id\":\"https:\\\/\\\/thehometownlawyers.com\\\/es\\\/#website\",\"url\":\"https:\\\/\\\/thehometownlawyers.com\\\/es\\\/\",\"name\":\"Kruger & Hodges Hometown Injury Lawyers | Accident Attorneys\",\"description\":\"Attorneys for Car, Truck and Motorcycle Accidents, Personal Injuries, and Criminal Defense.\",\"publisher\":{\"@id\":\"https:\\\/\\\/thehometownlawyers.com\\\/es\\\/#organization\"},\"alternateName\":\"Kruger & Hodges Personal Injury Lawyers\",\"inLanguage\":\"es\"},{\"@type\":\"Organization\",\"@id\":\"https:\\\/\\\/thehometownlawyers.com\\\/es\\\/#organization\",\"name\":\"Kruger & Hodges Hometown Injury Lawyers\",\"alternateName\":\"Kruger & Hodges\",\"url\":\"https:\\\/\\\/thehometownlawyers.com\\\/es\\\/\",\"logo\":{\"@type\":\"ImageObject\",\"inLanguage\":\"es\",\"@id\":\"https:\\\/\\\/thehometownlawyers.com\\\/es\\\/#\\\/schema\\\/logo\\\/image\\\/\",\"url\":\"https:\\\/\\\/thehometownlawyers.com\\\/wp-content\\\/uploads\\\/2025\\\/12\\\/revised-kh-logo-vertical-white-background-scaled.png\",\"contentUrl\":\"https:\\\/\\\/thehometownlawyers.com\\\/wp-content\\\/uploads\\\/2025\\\/12\\\/revised-kh-logo-vertical-white-background-scaled.png\",\"width\":2560,\"height\":1440,\"caption\":\"Kruger & Hodges Hometown Injury Lawyers\"},\"image\":{\"@id\":\"https:\\\/\\\/thehometownlawyers.com\\\/es\\\/#\\\/schema\\\/logo\\\/image\\\/\"},\"sameAs\":[\"https:\\\/\\\/www.facebook.com\\\/KrugerHodges\\\/\",\"https:\\\/\\\/www.instagram.com\\\/krugerhodges\\\/\",\"https:\\\/\\\/www.linkedin.com\\\/company\\\/kruger-hodges-hometown-injury-lawyers\\\/\",\"https:\\\/\\\/www.youtube.com\\\/channel\\\/UCeYcMaMaN2rb9jMlqt4EIdQ\",\"https:\\\/\\\/www.tiktok.com\\\/@thehometownlawyer\"]}]}<\/script>\n<!-- \/ Yoast SEO plugin. -->","yoast_head_json":{"title":"Abogado de Accidente por Conducir Ebrio en Seven Mile | Consulta Gratuita","description":"Seg\u00fan Mothers Against Drunk Driving , conducir ebrio fue la principal causa de muertes en las carreteras en 2017. En 2017, 10,874 personas murieron en","robots":{"index":"index","follow":"follow","max-snippet":"max-snippet:-1","max-image-preview":"max-image-preview:large","max-video-preview":"max-video-preview:-1"},"canonical":"https:\/\/thehometownlawyers.com\/es\/abogados-de-lesiones-personales-que-prestan-servicios-en-seven-mile-ohio\/abogados-de-accidentes-por-conducir-ebrio-que-prestan-servicios-en-seven-mile-ohio\/","og_locale":"es_MX","og_type":"article","og_title":"Abogado de Accidente por Conducir Ebrio en Seven Mile | Consulta Gratuita","og_description":"Seg\u00fan Mothers Against Drunk Driving , conducir ebrio fue la principal causa de muertes en las carreteras en 2017. En 2017, 10,874 personas murieron en","og_url":"https:\/\/thehometownlawyers.com\/es\/abogados-de-lesiones-personales-que-prestan-servicios-en-seven-mile-ohio\/abogados-de-accidentes-por-conducir-ebrio-que-prestan-servicios-en-seven-mile-ohio\/","og_site_name":"Kruger &amp; Hodges Abogados De Lesiones","article_publisher":"https:\/\/www.facebook.com\/KrugerHodges\/","article_modified_time":"2025-02-05T20:45:15+00:00","og_image":[{"width":1920,"height":1080,"url":"https:\/\/thehometownlawyers.com\/wp-content\/uploads\/2021\/08\/car-driver-wheel.jpg","type":"image\/jpeg"}],"twitter_card":"summary_large_image","twitter_misc":{"Tiempo de lectura":"3 minutos"},"schema":{"@context":"https:\/\/schema.org","@graph":[{"@type":"WebPage","@id":"https:\/\/thehometownlawyers.com\/es\/abogados-de-lesiones-personales-que-prestan-servicios-en-seven-mile-ohio\/abogados-de-accidentes-por-conducir-ebrio-que-prestan-servicios-en-seven-mile-ohio\/","url":"https:\/\/thehometownlawyers.com\/es\/abogados-de-lesiones-personales-que-prestan-servicios-en-seven-mile-ohio\/abogados-de-accidentes-por-conducir-ebrio-que-prestan-servicios-en-seven-mile-ohio\/","name":"Abogado de Accidente por Conducir Ebrio en Seven Mile | Consulta Gratuita","isPartOf":{"@id":"https:\/\/thehometownlawyers.com\/es\/#website"},"primaryImageOfPage":{"@id":"https:\/\/thehometownlawyers.com\/es\/abogados-de-lesiones-personales-que-prestan-servicios-en-seven-mile-ohio\/abogados-de-accidentes-por-conducir-ebrio-que-prestan-servicios-en-seven-mile-ohio\/#primaryimage"},"image":{"@id":"https:\/\/thehometownlawyers.com\/es\/abogados-de-lesiones-personales-que-prestan-servicios-en-seven-mile-ohio\/abogados-de-accidentes-por-conducir-ebrio-que-prestan-servicios-en-seven-mile-ohio\/#primaryimage"},"thumbnailUrl":"https:\/\/thehometownlawyers.com\/wp-content\/uploads\/2025\/03\/seven-mile-car-accident-lawyer-drunk-driving.jpg","datePublished":"2020-03-03T02:54:24+00:00","dateModified":"2025-02-05T20:45:15+00:00","description":"Seg\u00fan Mothers Against Drunk Driving , conducir ebrio fue la principal causa de muertes en las carreteras en 2017. En 2017, 10,874 personas murieron en","breadcrumb":{"@id":"https:\/\/thehometownlawyers.com\/es\/abogados-de-lesiones-personales-que-prestan-servicios-en-seven-mile-ohio\/abogados-de-accidentes-por-conducir-ebrio-que-prestan-servicios-en-seven-mile-ohio\/#breadcrumb"},"inLanguage":"es","potentialAction":[{"@type":"ReadAction","target":["https:\/\/thehometownlawyers.com\/es\/abogados-de-lesiones-personales-que-prestan-servicios-en-seven-mile-ohio\/abogados-de-accidentes-por-conducir-ebrio-que-prestan-servicios-en-seven-mile-ohio\/"]}]},{"@type":"ImageObject","inLanguage":"es","@id":"https:\/\/thehometownlawyers.com\/es\/abogados-de-lesiones-personales-que-prestan-servicios-en-seven-mile-ohio\/abogados-de-accidentes-por-conducir-ebrio-que-prestan-servicios-en-seven-mile-ohio\/#primaryimage","url":"https:\/\/thehometownlawyers.com\/wp-content\/uploads\/2025\/03\/seven-mile-car-accident-lawyer-drunk-driving.jpg","contentUrl":"https:\/\/thehometownlawyers.com\/wp-content\/uploads\/2025\/03\/seven-mile-car-accident-lawyer-drunk-driving.jpg","width":768,"height":513,"caption":"Alcohol addiction, you can't drive, violation of the law."},{"@type":"BreadcrumbList","@id":"https:\/\/thehometownlawyers.com\/es\/abogados-de-lesiones-personales-que-prestan-servicios-en-seven-mile-ohio\/abogados-de-accidentes-por-conducir-ebrio-que-prestan-servicios-en-seven-mile-ohio\/#breadcrumb","itemListElement":[{"@type":"ListItem","position":1,"name":"Home","item":"https:\/\/thehometownlawyers.com\/es\/"},{"@type":"ListItem","position":2,"name":"Abogado de Lesiones Personales en Seven Mile","item":"https:\/\/thehometownlawyers.com\/es\/abogados-de-lesiones-personales-que-prestan-servicios-en-seven-mile-ohio\/"},{"@type":"ListItem","position":3,"name":"Abogado de Accidente por Conducir Ebrio en Seven Mile"}]},{"@type":"WebSite","@id":"https:\/\/thehometownlawyers.com\/es\/#website","url":"https:\/\/thehometownlawyers.com\/es\/","name":"Kruger & Hodges Hometown Injury Lawyers | Accident Attorneys","description":"Attorneys for Car, Truck and Motorcycle Accidents, Personal Injuries, and Criminal Defense.","publisher":{"@id":"https:\/\/thehometownlawyers.com\/es\/#organization"},"alternateName":"Kruger & Hodges Personal Injury Lawyers","inLanguage":"es"},{"@type":"Organization","@id":"https:\/\/thehometownlawyers.com\/es\/#organization","name":"Kruger & Hodges Hometown Injury Lawyers","alternateName":"Kruger & Hodges","url":"https:\/\/thehometownlawyers.com\/es\/","logo":{"@type":"ImageObject","inLanguage":"es","@id":"https:\/\/thehometownlawyers.com\/es\/#\/schema\/logo\/image\/","url":"https:\/\/thehometownlawyers.com\/wp-content\/uploads\/2025\/12\/revised-kh-logo-vertical-white-background-scaled.png","contentUrl":"https:\/\/thehometownlawyers.com\/wp-content\/uploads\/2025\/12\/revised-kh-logo-vertical-white-background-scaled.png","width":2560,"height":1440,"caption":"Kruger & Hodges Hometown Injury Lawyers"},"image":{"@id":"https:\/\/thehometownlawyers.com\/es\/#\/schema\/logo\/image\/"},"sameAs":["https:\/\/www.facebook.com\/KrugerHodges\/","https:\/\/www.instagram.com\/krugerhodges\/","https:\/\/www.linkedin.com\/company\/kruger-hodges-hometown-injury-lawyers\/","https:\/\/www.youtube.com\/channel\/UCeYcMaMaN2rb9jMlqt4EIdQ","https:\/\/www.tiktok.com\/@thehometownlawyer"]}]}},"_links":{"self":[{"href":"https:\/\/thehometownlawyers.com\/es\/wp-json\/wp\/v2\/pages\/21257","targetHints":{"allow":["GET"]}}],"collection":[{"href":"https:\/\/thehometownlawyers.com\/es\/wp-json\/wp\/v2\/pages"}],"about":[{"href":"https:\/\/thehometownlawyers.com\/es\/wp-json\/wp\/v2\/types\/page"}],"author":[{"embeddable":true,"href":"https:\/\/thehometownlawyers.com\/es\/wp-json\/wp\/v2\/users\/7"}],"replies":[{"embeddable":true,"href":"https:\/\/thehometownlawyers.com\/es\/wp-json\/wp\/v2\/comments?post=21257"}],"version-history":[{"count":0,"href":"https:\/\/thehometownlawyers.com\/es\/wp-json\/wp\/v2\/pages\/21257\/revisions"}],"up":[{"embeddable":true,"href":"https:\/\/thehometownlawyers.com\/es\/wp-json\/wp\/v2\/pages\/21249"}],"wp:featuredmedia":[{"embeddable":true,"href":"https:\/\/thehometownlawyers.com\/es\/wp-json\/wp\/v2\/media\/24534"}],"wp:attachment":[{"href":"https:\/\/thehometownlawyers.com\/es\/wp-json\/wp\/v2\/media?parent=21257"}],"wp:term":[{"taxonomy":"hc_faqs","embeddable":true,"href":"https:\/\/thehometownlawyers.com\/es\/wp-json\/wp\/v2\/hc_faqs?post=21257"},{"taxonomy":"hc_spanish_faqs","embeddable":true,"href":"https:\/\/thehometownlawyers.com\/es\/wp-json\/wp\/v2\/hc_spanish_faqs?post=21257"}],"curies":[{"name":"wp","href":"https:\/\/api.w.org\/{rel}","templated":true}]}}