{"id":21258,"date":"2020-02-26T20:26:18","date_gmt":"2020-02-27T01:26:18","guid":{"rendered":"https:\/\/thehometownlawyers.com\/?page_id=21258"},"modified":"2025-02-05T15:45:28","modified_gmt":"2025-02-05T20:45:28","slug":"abogados-de-accidentes-de-peatones-y-bicicletas-que-prestan-servicios-en-trenton-ohio","status":"publish","type":"page","link":"https:\/\/thehometownlawyers.com\/es\/abogados-de-lesiones-personales-que-prestan-servicios-en-trenton-ohio\/abogados-de-accidentes-de-peatones-y-bicicletas-que-prestan-servicios-en-trenton-ohio\/","title":{"rendered":"Abogado de Accidentes Peatonales en Trenton"},"content":{"rendered":"<p>\u00bfHa resultado herido en un accidente peatonal o de bicicleta en Trenton, Ohio? Los peatones y ciclistas tienen derechos si han resultado heridos debido a las acciones negligentes de un conductor. Tanto los ciclistas como los peatones son usuarios viales vulnerables que pueden sufrir lesiones graves si son atropellados por un autom\u00f3vil o un veh\u00edculo de pasajeros. Los conductores tienen la responsabilidad de compartir el camino con los ciclistas, y los conductores tienen la responsabilidad de detenerse ante los peatones en los cruces peatonales y vigilar a los peatones. Sin embargo, a veces, la conducci\u00f3n distra\u00edda, la conducci\u00f3n en estado de ebriedad, el exceso de velocidad o un conductor que infringe las reglas de tr\u00e1nsito pueden provocar un accidente en el que los peatones o ciclistas resultan heridos. Kruger &amp; Hodges Attorneys at Law es un bufete de abogados de accidentes de peatones y bicicletas que presta servicios en Trenton, Ohio, que puede ayudarlo con su caso persiguiendo a las partes negligentes ya sea dentro o fuera de la corte, o negociando con compa\u00f1\u00edas de seguros para ayudarlo a buscar la compensaci\u00f3n que puede merecer si ha resultado herido en un accidente de bicicleta o de peat\u00f3n.<\/p>\n<h2>Sus derechos legales si result\u00f3 herido en un accidente de bicicleta en Trenton, Ohio<\/h2>\n<p>Si ha tenido un accidente de bicicleta en el que fue atropellado por un veh\u00edculo, es posible que tenga derechos importantes seg\u00fan la ley. Sin embargo, es posible que deba tomar ciertas medidas para proteger sus derechos. \u00bfQu\u00e9 pasos puede tomar y qu\u00e9 puede hacer si tiene preguntas? Kruger &amp; Hodges Attorneys at Law es un bufete de abogados de accidentes de bicicleta que presta servicios en Trenton, Ohio, que puede ayudarlo si tiene preguntas sobre sus derechos legales despu\u00e9s de un accidente de bicicleta. Aqu\u00ed hay algunas cosas que puede hacer inmediatamente despu\u00e9s de un accidente para proteger sus derechos.<\/p>\n<ul>\n<li>Llama a la polic\u00eda. Si ha estado en un accidente en el que una persona result\u00f3 herida o muri\u00f3, la ley le exige que informe el accidente a la polic\u00eda. Abandonar la escena de un accidente es contra la ley. Se requiere que los conductores se detengan y brinden ayuda a las v\u00edctimas y se detengan para intercambiar informaci\u00f3n de contacto. Incluso si cree que sus lesiones son menores o que el da\u00f1o a su bicicleta es menor, es posible que desee hacer un informe policial llamando a la polic\u00eda. A veces, las lesiones que parecen menores en la escena de un accidente pueden resultar mucho m\u00e1s graves. Y tener un informe policial puede ayudarlo si necesita presentar un reclamo contra el conductor o presentar un reclamo de seguro.<\/li>\n<li>Busque atenci\u00f3n m\u00e9dica. Incluso si sus lesiones son menores, puede ser una buena idea buscar atenci\u00f3n m\u00e9dica. De esta manera, si luego tiene una lesi\u00f3n m\u00e1s grave, como una lesi\u00f3n cerebral traum\u00e1tica que no fue evidente de inmediato, tiene registros de que busc\u00f3 atenci\u00f3n m\u00e9dica.<\/li>\n<li>Considere comunicarse con un abogado de lesiones personales. El proceso de buscar da\u00f1os por un reclamo por lesiones personales si result\u00f3 lesionado mientras andaba en bicicleta puede ser complejo. Es posible que deba presentar un reclamo ante la compa\u00f1\u00eda de seguros del conductor y que deba demostrar que el conductor fue negligente en el accidente. Kruger &amp; Hodges Attorneys at Law es un bufete de abogados de accidentes de bicicleta que presta servicios en Trenton, Ohio, que lucha para proteger los derechos de los usuarios vulnerables de la carretera, como los ciclistas. Nuestros abogados pueden reclamar da\u00f1os por parte de las partes negligentes, negociar con las compa\u00f1\u00edas de seguros y luchar para ayudarlo a buscar justicia como ciclista.<\/li>\n<\/ul>\n<p>Estos son solo algunos pasos que puede tomar para protegerse si result\u00f3 herido en un accidente de bicicleta en Trenton, Ohio. Los abogados de accidentes de bicicleta de Kruger &amp; Hodges Attorneys at Law tambi\u00e9n pueden ayudarlo a dar los siguientes pasos. Los ciclistas tienen derecho a compartir la carretera. Cuando los conductores no comparten la carretera con los ciclistas, podr\u00edan ser responsables de las lesiones que causen.<\/p>\n<p class=\"rs-content-cta rs-content-cta-small\">Para una consulta legal gratuita, llame al <a href=\"tel:+15138943333\">513-894-3333 <\/a><\/p><h2>Sus derechos si ha resultado herido como peat\u00f3n en Trenton, Ohio<\/h2>\n<p>Seg\u00fan <a href=\"http:\/\/www.dot.state.oh.us\/districts\/D10\/safety\/Documents\/Pedestrian_Laws.pdf\" target=\"_blank\" rel=\"noopener\">la ley de Ohio, los<\/a> peatones tienen la responsabilidad de estar atentos a los conductores y proteger su propia seguridad obedeciendo las se\u00f1ales de control de tr\u00e1fico y no poni\u00e9ndose en situaciones en las que puedan ser atropellados por un autom\u00f3vil. Sin embargo, los conductores tambi\u00e9n tienen responsabilidades importantes cuando se trata de peatones. Por ejemplo, los peatones en las aceras y en los cruces peatonales tienen el derecho de paso. Sin embargo, los peatones tambi\u00e9n deben estar atentos a los veh\u00edculos y no deben salir repentinamente cuando se acerca un veh\u00edculo. Si usted o un ser querido result\u00f3 lesionado en un accidente peatonal en Trenton, Ohio, es posible que tenga muchas preguntas sobre sus derechos. Si las acciones de un conductor, la falta de atenci\u00f3n, la conducci\u00f3n en estado de ebriedad, la conducci\u00f3n distra\u00edda o la violaci\u00f3n de la ley resultaron en sus lesiones, es posible que pueda reclamar da\u00f1os y perjuicios a las partes negligentes y sus aseguradoras. Kruger &amp; Hodges Attorneys at Law es un bufete de abogados de accidentes de peatones que presta servicios en Trenton, Ohio, que puede ayudarlo con su reclamo por lesiones personales si ha resultado herido como peat\u00f3n. Sin embargo, es posible que solo tenga un tiempo limitado para presentar un reclamo conforme a la ley. Cont\u00e1ctenos hoy para aprender m\u00e1s.<\/p>\n<p class=\"rs-content-cta rs-content-cta-small\">Llame o env\u00ede un mensaje de texto al <a href=\"tel:+15138943333\">513-894-3333<\/a> o complete una <a href=\"\/es\/contacto\/\">evaluaci\u00f3n gratuita de su caso<\/a><\/p>","protected":false},"excerpt":{"rendered":"<p>\u00bfHa resultado herido en un accidente peatonal o de bicicleta en Trenton, Ohio? Los peatones y ciclistas tienen derechos si han resultado heridos debido a las acciones negligentes de un conductor. Tanto los ciclistas como los peatones son usuarios viales vulnerables que pueden sufrir lesiones graves si son atropellados por un autom\u00f3vil o un veh\u00edculo &#8230;<\/p>\n","protected":false},"author":7,"featured_media":20738,"parent":21264,"menu_order":0,"comment_status":"closed","ping_status":"closed","template":"","meta":{"_acf_changed":false,"inline_featured_image":false,"_genesis_hide_title":false,"_genesis_hide_breadcrumbs":false,"_genesis_hide_singular_image":false,"_genesis_hide_footer_widgets":false,"_genesis_custom_body_class":"","_genesis_custom_post_class":"","_genesis_layout":"","footnotes":""},"hc_faqs":[],"hc_spanish_faqs":[],"class_list":{"0":"post-21258","1":"page","2":"type-page","3":"status-publish","4":"has-post-thumbnail","6":"hc_city_location-trenton-es","7":"entry"},"acf":[],"yoast_head":"<!-- This site is optimized with the Yoast SEO plugin v27.5 - https:\/\/yoast.com\/product\/yoast-seo-wordpress\/ -->\n<title>Abogado de Accidentes Peatonales en Trenton | Consulta Gratuita<\/title>\n<meta name=\"description\" content=\"\u00bfHa resultado herido en un accidente peatonal o de bicicleta en Trenton, Ohio? Los peatones y ciclistas tienen derechos si han resultado heridos debido a\" \/>\n<meta name=\"robots\" content=\"index, follow, max-snippet:-1, max-image-preview:large, max-video-preview:-1\" \/>\n<link rel=\"canonical\" href=\"https:\/\/thehometownlawyers.com\/es\/abogados-de-lesiones-personales-que-prestan-servicios-en-trenton-ohio\/abogados-de-accidentes-de-peatones-y-bicicletas-que-prestan-servicios-en-trenton-ohio\/\" \/>\n<meta property=\"og:locale\" content=\"es_MX\" \/>\n<meta property=\"og:type\" content=\"article\" \/>\n<meta property=\"og:title\" content=\"Abogado de Accidentes Peatonales en Trenton | Consulta Gratuita\" \/>\n<meta property=\"og:description\" content=\"\u00bfHa resultado herido en un accidente peatonal o de bicicleta en Trenton, Ohio? Los peatones y ciclistas tienen derechos si han resultado heridos debido a\" \/>\n<meta property=\"og:url\" content=\"https:\/\/thehometownlawyers.com\/es\/abogados-de-lesiones-personales-que-prestan-servicios-en-trenton-ohio\/abogados-de-accidentes-de-peatones-y-bicicletas-que-prestan-servicios-en-trenton-ohio\/\" \/>\n<meta property=\"og:site_name\" content=\"Kruger &amp; Hodges Abogados De Lesiones\" \/>\n<meta property=\"article:publisher\" content=\"https:\/\/www.facebook.com\/KrugerHodges\/\" \/>\n<meta property=\"article:modified_time\" content=\"2025-02-05T20:45:28+00:00\" \/>\n<meta property=\"og:image\" content=\"https:\/\/thehometownlawyers.com\/wp-content\/uploads\/2018\/07\/L1-Visa-scaled-1.jpg\" \/>\n\t<meta property=\"og:image:width\" content=\"2048\" \/>\n\t<meta property=\"og:image:height\" content=\"1285\" \/>\n\t<meta property=\"og:image:type\" content=\"image\/jpeg\" \/>\n<meta name=\"twitter:card\" content=\"summary_large_image\" \/>\n<meta name=\"twitter:label1\" content=\"Tiempo de lectura\" \/>\n\t<meta name=\"twitter:data1\" content=\"5 minutos\" \/>\n<script type=\"application\/ld+json\" class=\"yoast-schema-graph\">{\"@context\":\"https:\\\/\\\/schema.org\",\"@graph\":[{\"@type\":\"WebPage\",\"@id\":\"https:\\\/\\\/thehometownlawyers.com\\\/es\\\/abogados-de-lesiones-personales-que-prestan-servicios-en-trenton-ohio\\\/abogados-de-accidentes-de-peatones-y-bicicletas-que-prestan-servicios-en-trenton-ohio\\\/\",\"url\":\"https:\\\/\\\/thehometownlawyers.com\\\/es\\\/abogados-de-lesiones-personales-que-prestan-servicios-en-trenton-ohio\\\/abogados-de-accidentes-de-peatones-y-bicicletas-que-prestan-servicios-en-trenton-ohio\\\/\",\"name\":\"Abogado de Accidentes Peatonales en Trenton | Consulta Gratuita\",\"isPartOf\":{\"@id\":\"https:\\\/\\\/thehometownlawyers.com\\\/es\\\/#website\"},\"primaryImageOfPage\":{\"@id\":\"https:\\\/\\\/thehometownlawyers.com\\\/es\\\/abogados-de-lesiones-personales-que-prestan-servicios-en-trenton-ohio\\\/abogados-de-accidentes-de-peatones-y-bicicletas-que-prestan-servicios-en-trenton-ohio\\\/#primaryimage\"},\"image\":{\"@id\":\"https:\\\/\\\/thehometownlawyers.com\\\/es\\\/abogados-de-lesiones-personales-que-prestan-servicios-en-trenton-ohio\\\/abogados-de-accidentes-de-peatones-y-bicicletas-que-prestan-servicios-en-trenton-ohio\\\/#primaryimage\"},\"thumbnailUrl\":\"https:\\\/\\\/thehometownlawyers.com\\\/wp-content\\\/uploads\\\/2018\\\/07\\\/L1-Visa-scaled-1.jpg\",\"datePublished\":\"2020-02-27T01:26:18+00:00\",\"dateModified\":\"2025-02-05T20:45:28+00:00\",\"description\":\"\u00bfHa resultado herido en un accidente peatonal o de bicicleta en Trenton, Ohio? Los peatones y ciclistas tienen derechos si han resultado heridos debido a\",\"breadcrumb\":{\"@id\":\"https:\\\/\\\/thehometownlawyers.com\\\/es\\\/abogados-de-lesiones-personales-que-prestan-servicios-en-trenton-ohio\\\/abogados-de-accidentes-de-peatones-y-bicicletas-que-prestan-servicios-en-trenton-ohio\\\/#breadcrumb\"},\"inLanguage\":\"es\",\"potentialAction\":[{\"@type\":\"ReadAction\",\"target\":[\"https:\\\/\\\/thehometownlawyers.com\\\/es\\\/abogados-de-lesiones-personales-que-prestan-servicios-en-trenton-ohio\\\/abogados-de-accidentes-de-peatones-y-bicicletas-que-prestan-servicios-en-trenton-ohio\\\/\"]}]},{\"@type\":\"ImageObject\",\"inLanguage\":\"es\",\"@id\":\"https:\\\/\\\/thehometownlawyers.com\\\/es\\\/abogados-de-lesiones-personales-que-prestan-servicios-en-trenton-ohio\\\/abogados-de-accidentes-de-peatones-y-bicicletas-que-prestan-servicios-en-trenton-ohio\\\/#primaryimage\",\"url\":\"https:\\\/\\\/thehometownlawyers.com\\\/wp-content\\\/uploads\\\/2018\\\/07\\\/L1-Visa-scaled-1.jpg\",\"contentUrl\":\"https:\\\/\\\/thehometownlawyers.com\\\/wp-content\\\/uploads\\\/2018\\\/07\\\/L1-Visa-scaled-1.jpg\",\"width\":2048,\"height\":1285,\"caption\":\"Peat\u00f3n atropellado por un coche\"},{\"@type\":\"BreadcrumbList\",\"@id\":\"https:\\\/\\\/thehometownlawyers.com\\\/es\\\/abogados-de-lesiones-personales-que-prestan-servicios-en-trenton-ohio\\\/abogados-de-accidentes-de-peatones-y-bicicletas-que-prestan-servicios-en-trenton-ohio\\\/#breadcrumb\",\"itemListElement\":[{\"@type\":\"ListItem\",\"position\":1,\"name\":\"Home\",\"item\":\"https:\\\/\\\/thehometownlawyers.com\\\/es\\\/\"},{\"@type\":\"ListItem\",\"position\":2,\"name\":\"Abogado de Lesiones Personales en Trenton\",\"item\":\"https:\\\/\\\/thehometownlawyers.com\\\/es\\\/abogados-de-lesiones-personales-que-prestan-servicios-en-trenton-ohio\\\/\"},{\"@type\":\"ListItem\",\"position\":3,\"name\":\"Abogado de Accidentes Peatonales en Trenton\"}]},{\"@type\":\"WebSite\",\"@id\":\"https:\\\/\\\/thehometownlawyers.com\\\/es\\\/#website\",\"url\":\"https:\\\/\\\/thehometownlawyers.com\\\/es\\\/\",\"name\":\"Kruger & Hodges Hometown Injury Lawyers | Accident Attorneys\",\"description\":\"Attorneys for Car, Truck and Motorcycle Accidents, Personal Injuries, and Criminal Defense.\",\"publisher\":{\"@id\":\"https:\\\/\\\/thehometownlawyers.com\\\/es\\\/#organization\"},\"alternateName\":\"Kruger & Hodges Personal Injury Lawyers\",\"inLanguage\":\"es\"},{\"@type\":\"Organization\",\"@id\":\"https:\\\/\\\/thehometownlawyers.com\\\/es\\\/#organization\",\"name\":\"Kruger & Hodges Hometown Injury Lawyers\",\"alternateName\":\"Kruger & Hodges\",\"url\":\"https:\\\/\\\/thehometownlawyers.com\\\/es\\\/\",\"logo\":{\"@type\":\"ImageObject\",\"inLanguage\":\"es\",\"@id\":\"https:\\\/\\\/thehometownlawyers.com\\\/es\\\/#\\\/schema\\\/logo\\\/image\\\/\",\"url\":\"https:\\\/\\\/thehometownlawyers.com\\\/wp-content\\\/uploads\\\/2025\\\/12\\\/revised-kh-logo-vertical-white-background-scaled.png\",\"contentUrl\":\"https:\\\/\\\/thehometownlawyers.com\\\/wp-content\\\/uploads\\\/2025\\\/12\\\/revised-kh-logo-vertical-white-background-scaled.png\",\"width\":2560,\"height\":1440,\"caption\":\"Kruger & Hodges Hometown Injury Lawyers\"},\"image\":{\"@id\":\"https:\\\/\\\/thehometownlawyers.com\\\/es\\\/#\\\/schema\\\/logo\\\/image\\\/\"},\"sameAs\":[\"https:\\\/\\\/www.facebook.com\\\/KrugerHodges\\\/\",\"https:\\\/\\\/www.instagram.com\\\/krugerhodges\\\/\",\"https:\\\/\\\/www.linkedin.com\\\/company\\\/kruger-hodges-hometown-injury-lawyers\\\/\",\"https:\\\/\\\/www.youtube.com\\\/channel\\\/UCeYcMaMaN2rb9jMlqt4EIdQ\",\"https:\\\/\\\/www.tiktok.com\\\/@thehometownlawyer\"]}]}<\/script>\n<!-- \/ Yoast SEO plugin. -->","yoast_head_json":{"title":"Abogado de Accidentes Peatonales en Trenton | Consulta Gratuita","description":"\u00bfHa resultado herido en un accidente peatonal o de bicicleta en Trenton, Ohio? Los peatones y ciclistas tienen derechos si han resultado heridos debido a","robots":{"index":"index","follow":"follow","max-snippet":"max-snippet:-1","max-image-preview":"max-image-preview:large","max-video-preview":"max-video-preview:-1"},"canonical":"https:\/\/thehometownlawyers.com\/es\/abogados-de-lesiones-personales-que-prestan-servicios-en-trenton-ohio\/abogados-de-accidentes-de-peatones-y-bicicletas-que-prestan-servicios-en-trenton-ohio\/","og_locale":"es_MX","og_type":"article","og_title":"Abogado de Accidentes Peatonales en Trenton | Consulta Gratuita","og_description":"\u00bfHa resultado herido en un accidente peatonal o de bicicleta en Trenton, Ohio? Los peatones y ciclistas tienen derechos si han resultado heridos debido a","og_url":"https:\/\/thehometownlawyers.com\/es\/abogados-de-lesiones-personales-que-prestan-servicios-en-trenton-ohio\/abogados-de-accidentes-de-peatones-y-bicicletas-que-prestan-servicios-en-trenton-ohio\/","og_site_name":"Kruger &amp; Hodges Abogados De Lesiones","article_publisher":"https:\/\/www.facebook.com\/KrugerHodges\/","article_modified_time":"2025-02-05T20:45:28+00:00","og_image":[{"width":2048,"height":1285,"url":"https:\/\/thehometownlawyers.com\/wp-content\/uploads\/2018\/07\/L1-Visa-scaled-1.jpg","type":"image\/jpeg"}],"twitter_card":"summary_large_image","twitter_misc":{"Tiempo de lectura":"5 minutos"},"schema":{"@context":"https:\/\/schema.org","@graph":[{"@type":"WebPage","@id":"https:\/\/thehometownlawyers.com\/es\/abogados-de-lesiones-personales-que-prestan-servicios-en-trenton-ohio\/abogados-de-accidentes-de-peatones-y-bicicletas-que-prestan-servicios-en-trenton-ohio\/","url":"https:\/\/thehometownlawyers.com\/es\/abogados-de-lesiones-personales-que-prestan-servicios-en-trenton-ohio\/abogados-de-accidentes-de-peatones-y-bicicletas-que-prestan-servicios-en-trenton-ohio\/","name":"Abogado de Accidentes Peatonales en Trenton | Consulta Gratuita","isPartOf":{"@id":"https:\/\/thehometownlawyers.com\/es\/#website"},"primaryImageOfPage":{"@id":"https:\/\/thehometownlawyers.com\/es\/abogados-de-lesiones-personales-que-prestan-servicios-en-trenton-ohio\/abogados-de-accidentes-de-peatones-y-bicicletas-que-prestan-servicios-en-trenton-ohio\/#primaryimage"},"image":{"@id":"https:\/\/thehometownlawyers.com\/es\/abogados-de-lesiones-personales-que-prestan-servicios-en-trenton-ohio\/abogados-de-accidentes-de-peatones-y-bicicletas-que-prestan-servicios-en-trenton-ohio\/#primaryimage"},"thumbnailUrl":"https:\/\/thehometownlawyers.com\/wp-content\/uploads\/2018\/07\/L1-Visa-scaled-1.jpg","datePublished":"2020-02-27T01:26:18+00:00","dateModified":"2025-02-05T20:45:28+00:00","description":"\u00bfHa resultado herido en un accidente peatonal o de bicicleta en Trenton, Ohio? Los peatones y ciclistas tienen derechos si han resultado heridos debido a","breadcrumb":{"@id":"https:\/\/thehometownlawyers.com\/es\/abogados-de-lesiones-personales-que-prestan-servicios-en-trenton-ohio\/abogados-de-accidentes-de-peatones-y-bicicletas-que-prestan-servicios-en-trenton-ohio\/#breadcrumb"},"inLanguage":"es","potentialAction":[{"@type":"ReadAction","target":["https:\/\/thehometownlawyers.com\/es\/abogados-de-lesiones-personales-que-prestan-servicios-en-trenton-ohio\/abogados-de-accidentes-de-peatones-y-bicicletas-que-prestan-servicios-en-trenton-ohio\/"]}]},{"@type":"ImageObject","inLanguage":"es","@id":"https:\/\/thehometownlawyers.com\/es\/abogados-de-lesiones-personales-que-prestan-servicios-en-trenton-ohio\/abogados-de-accidentes-de-peatones-y-bicicletas-que-prestan-servicios-en-trenton-ohio\/#primaryimage","url":"https:\/\/thehometownlawyers.com\/wp-content\/uploads\/2018\/07\/L1-Visa-scaled-1.jpg","contentUrl":"https:\/\/thehometownlawyers.com\/wp-content\/uploads\/2018\/07\/L1-Visa-scaled-1.jpg","width":2048,"height":1285,"caption":"Peat\u00f3n atropellado por un coche"},{"@type":"BreadcrumbList","@id":"https:\/\/thehometownlawyers.com\/es\/abogados-de-lesiones-personales-que-prestan-servicios-en-trenton-ohio\/abogados-de-accidentes-de-peatones-y-bicicletas-que-prestan-servicios-en-trenton-ohio\/#breadcrumb","itemListElement":[{"@type":"ListItem","position":1,"name":"Home","item":"https:\/\/thehometownlawyers.com\/es\/"},{"@type":"ListItem","position":2,"name":"Abogado de Lesiones Personales en Trenton","item":"https:\/\/thehometownlawyers.com\/es\/abogados-de-lesiones-personales-que-prestan-servicios-en-trenton-ohio\/"},{"@type":"ListItem","position":3,"name":"Abogado de Accidentes Peatonales en Trenton"}]},{"@type":"WebSite","@id":"https:\/\/thehometownlawyers.com\/es\/#website","url":"https:\/\/thehometownlawyers.com\/es\/","name":"Kruger & Hodges Hometown Injury Lawyers | Accident Attorneys","description":"Attorneys for Car, Truck and Motorcycle Accidents, Personal Injuries, and Criminal Defense.","publisher":{"@id":"https:\/\/thehometownlawyers.com\/es\/#organization"},"alternateName":"Kruger & Hodges Personal Injury Lawyers","inLanguage":"es"},{"@type":"Organization","@id":"https:\/\/thehometownlawyers.com\/es\/#organization","name":"Kruger & Hodges Hometown Injury Lawyers","alternateName":"Kruger & Hodges","url":"https:\/\/thehometownlawyers.com\/es\/","logo":{"@type":"ImageObject","inLanguage":"es","@id":"https:\/\/thehometownlawyers.com\/es\/#\/schema\/logo\/image\/","url":"https:\/\/thehometownlawyers.com\/wp-content\/uploads\/2025\/12\/revised-kh-logo-vertical-white-background-scaled.png","contentUrl":"https:\/\/thehometownlawyers.com\/wp-content\/uploads\/2025\/12\/revised-kh-logo-vertical-white-background-scaled.png","width":2560,"height":1440,"caption":"Kruger & Hodges Hometown Injury Lawyers"},"image":{"@id":"https:\/\/thehometownlawyers.com\/es\/#\/schema\/logo\/image\/"},"sameAs":["https:\/\/www.facebook.com\/KrugerHodges\/","https:\/\/www.instagram.com\/krugerhodges\/","https:\/\/www.linkedin.com\/company\/kruger-hodges-hometown-injury-lawyers\/","https:\/\/www.youtube.com\/channel\/UCeYcMaMaN2rb9jMlqt4EIdQ","https:\/\/www.tiktok.com\/@thehometownlawyer"]}]}},"_links":{"self":[{"href":"https:\/\/thehometownlawyers.com\/es\/wp-json\/wp\/v2\/pages\/21258","targetHints":{"allow":["GET"]}}],"collection":[{"href":"https:\/\/thehometownlawyers.com\/es\/wp-json\/wp\/v2\/pages"}],"about":[{"href":"https:\/\/thehometownlawyers.com\/es\/wp-json\/wp\/v2\/types\/page"}],"author":[{"embeddable":true,"href":"https:\/\/thehometownlawyers.com\/es\/wp-json\/wp\/v2\/users\/7"}],"replies":[{"embeddable":true,"href":"https:\/\/thehometownlawyers.com\/es\/wp-json\/wp\/v2\/comments?post=21258"}],"version-history":[{"count":0,"href":"https:\/\/thehometownlawyers.com\/es\/wp-json\/wp\/v2\/pages\/21258\/revisions"}],"up":[{"embeddable":true,"href":"https:\/\/thehometownlawyers.com\/es\/wp-json\/wp\/v2\/pages\/21264"}],"wp:featuredmedia":[{"embeddable":true,"href":"https:\/\/thehometownlawyers.com\/es\/wp-json\/wp\/v2\/media\/20738"}],"wp:attachment":[{"href":"https:\/\/thehometownlawyers.com\/es\/wp-json\/wp\/v2\/media?parent=21258"}],"wp:term":[{"taxonomy":"hc_faqs","embeddable":true,"href":"https:\/\/thehometownlawyers.com\/es\/wp-json\/wp\/v2\/hc_faqs?post=21258"},{"taxonomy":"hc_spanish_faqs","embeddable":true,"href":"https:\/\/thehometownlawyers.com\/es\/wp-json\/wp\/v2\/hc_spanish_faqs?post=21258"}],"curies":[{"name":"wp","href":"https:\/\/api.w.org\/{rel}","templated":true}]}}