{"id":21259,"date":"2020-01-20T20:02:36","date_gmt":"2020-01-21T01:02:36","guid":{"rendered":"https:\/\/thehometownlawyers.com\/?page_id=21259"},"modified":"2025-01-31T12:27:31","modified_gmt":"2025-01-31T17:27:31","slug":"descargo-de-responsabilidad","status":"publish","type":"page","link":"https:\/\/thehometownlawyers.com\/es\/descargo-de-responsabilidad\/","title":{"rendered":"Descargo de responsabilidad"},"content":{"rendered":"<p><strong>Ninguna relaci\u00f3n abogado-cliente creada por el uso de este sitio web.<\/strong> Ni la recepci\u00f3n de informaci\u00f3n de este sitio web ni el uso de este sitio web para comunicarse con Kruger &amp; Hodges, LLC (en adelante, &#8220;la Firma&#8221;) o uno de sus abogados crea una relaci\u00f3n de abogado-cliente entre usted y la Firma. Se convertir\u00e1 en cliente de la Firma solo si firma un acuerdo de compromiso que establece el alcance del compromiso de la Firma, el acuerdo de honorarios y otros asuntos relevantes. Como cuesti\u00f3n de pol\u00edtica, la Firma no acepta un nuevo cliente sin antes investigar posibles conflictos de intereses y obtener una carta de compromiso firmada. (La Firma puede, por ejemplo, ya representar a otra parte involucrada en su asunto).<\/p>\n<p><strong>Sin Confidencialidad.<\/strong> No puede usar este sitio web para proporcionar informaci\u00f3n confidencial sobre un asunto legal suyo a la Firma. Su uso de este sitio web no lo convierte en un cliente de la firma o incluso en un posible cliente de la firma. Si tiene informaci\u00f3n confidencial que le gustar\u00eda dar a cualquier abogado de la Firma, comun\u00edquese con uno de los abogados de la Firma en persona o por tel\u00e9fono, no complete ning\u00fan formulario en este sitio web o env\u00ede un correo electr\u00f3nico no solicitado a la Firma. o cualquiera de sus abogados.<\/p>\n<p><strong>No se pretende asesoramiento legal.<\/strong> Este sitio web incluye informaci\u00f3n general sobre temas legales y desarrollos en la ley. Dichos materiales son solo para fines informativos y pueden no reflejar los desarrollos legales m\u00e1s actuales. Estos materiales informativos no pretenden, y no deben tomarse, como asesoramiento legal sobre ning\u00fan conjunto particular de hechos o circunstancias. Debe ponerse en contacto con un abogado con licencia en su jurisdicci\u00f3n para obtener asesoramiento sobre problemas legales espec\u00edficos.<\/p>\n","protected":false},"excerpt":{"rendered":"<p>Ninguna relaci\u00f3n abogado-cliente creada por el uso de este sitio web. Ni la recepci\u00f3n de informaci\u00f3n de este sitio web ni el uso de este sitio web para comunicarse con Kruger &amp; Hodges, LLC (en adelante, &#8220;la Firma&#8221;) o uno de sus abogados crea una relaci\u00f3n de abogado-cliente entre usted y la Firma. Se convertir\u00e1 &#8230;<\/p>\n","protected":false},"author":7,"featured_media":20656,"parent":0,"menu_order":0,"comment_status":"closed","ping_status":"closed","template":"","meta":{"_acf_changed":false,"inline_featured_image":false,"_genesis_hide_title":false,"_genesis_hide_breadcrumbs":false,"_genesis_hide_singular_image":false,"_genesis_hide_footer_widgets":false,"_genesis_custom_body_class":"","_genesis_custom_post_class":"","_genesis_layout":"","footnotes":""},"hc_faqs":[],"hc_spanish_faqs":[],"class_list":{"0":"post-21259","1":"page","2":"type-page","3":"status-publish","4":"has-post-thumbnail","6":"entry"},"acf":[],"yoast_head":"<!-- This site is optimized with the Yoast SEO plugin v27.3 - https:\/\/yoast.com\/product\/yoast-seo-wordpress\/ -->\n<title>Descargo de responsabilidad: Consulta gratuita<\/title>\n<meta name=\"description\" content=\"Ninguna relaci\u00f3n abogado-cliente creada por el uso de este sitio web. Ni la recepci\u00f3n de informaci\u00f3n de este sitio web ni el uso de este sitio web para\" \/>\n<meta name=\"robots\" content=\"index, follow, max-snippet:-1, max-image-preview:large, max-video-preview:-1\" \/>\n<link rel=\"canonical\" href=\"https:\/\/thehometownlawyers.com\/es\/descargo-de-responsabilidad\/\" \/>\n<meta property=\"og:locale\" content=\"es_MX\" \/>\n<meta property=\"og:type\" content=\"article\" \/>\n<meta property=\"og:title\" content=\"Descargo de responsabilidad: Consulta gratuita\" \/>\n<meta property=\"og:description\" content=\"Ninguna relaci\u00f3n abogado-cliente creada por el uso de este sitio web. Ni la recepci\u00f3n de informaci\u00f3n de este sitio web ni el uso de este sitio web para\" \/>\n<meta property=\"og:url\" content=\"https:\/\/thehometownlawyers.com\/es\/descargo-de-responsabilidad\/\" \/>\n<meta property=\"og:site_name\" content=\"Kruger &amp; Hodges Abogados De Lesiones\" \/>\n<meta property=\"article:publisher\" content=\"https:\/\/www.facebook.com\/KrugerHodges\/\" \/>\n<meta property=\"article:modified_time\" content=\"2025-01-31T17:27:31+00:00\" \/>\n<meta property=\"og:image\" content=\"https:\/\/thehometownlawyers.com\/wp-content\/uploads\/2020\/01\/post-caution.jpg\" \/>\n\t<meta property=\"og:image:width\" content=\"1100\" \/>\n\t<meta property=\"og:image:height\" content=\"758\" \/>\n\t<meta property=\"og:image:type\" content=\"image\/jpeg\" \/>\n<meta name=\"twitter:card\" content=\"summary_large_image\" \/>\n<meta name=\"twitter:label1\" content=\"Tiempo de lectura\" \/>\n\t<meta name=\"twitter:data1\" content=\"2 minutos\" \/>\n<script type=\"application\/ld+json\" class=\"yoast-schema-graph\">{\"@context\":\"https:\\\/\\\/schema.org\",\"@graph\":[{\"@type\":\"WebPage\",\"@id\":\"https:\\\/\\\/thehometownlawyers.com\\\/es\\\/descargo-de-responsabilidad\\\/\",\"url\":\"https:\\\/\\\/thehometownlawyers.com\\\/es\\\/descargo-de-responsabilidad\\\/\",\"name\":\"Descargo de responsabilidad: Consulta gratuita\",\"isPartOf\":{\"@id\":\"https:\\\/\\\/thehometownlawyers.com\\\/es\\\/#website\"},\"primaryImageOfPage\":{\"@id\":\"https:\\\/\\\/thehometownlawyers.com\\\/es\\\/descargo-de-responsabilidad\\\/#primaryimage\"},\"image\":{\"@id\":\"https:\\\/\\\/thehometownlawyers.com\\\/es\\\/descargo-de-responsabilidad\\\/#primaryimage\"},\"thumbnailUrl\":\"https:\\\/\\\/thehometownlawyers.com\\\/wp-content\\\/uploads\\\/2020\\\/01\\\/post-caution.jpg\",\"datePublished\":\"2020-01-21T01:02:36+00:00\",\"dateModified\":\"2025-01-31T17:27:31+00:00\",\"description\":\"Ninguna relaci\u00f3n abogado-cliente creada por el uso de este sitio web. Ni la recepci\u00f3n de informaci\u00f3n de este sitio web ni el uso de este sitio web para\",\"breadcrumb\":{\"@id\":\"https:\\\/\\\/thehometownlawyers.com\\\/es\\\/descargo-de-responsabilidad\\\/#breadcrumb\"},\"inLanguage\":\"es\",\"potentialAction\":[{\"@type\":\"ReadAction\",\"target\":[\"https:\\\/\\\/thehometownlawyers.com\\\/es\\\/descargo-de-responsabilidad\\\/\"]}]},{\"@type\":\"ImageObject\",\"inLanguage\":\"es\",\"@id\":\"https:\\\/\\\/thehometownlawyers.com\\\/es\\\/descargo-de-responsabilidad\\\/#primaryimage\",\"url\":\"https:\\\/\\\/thehometownlawyers.com\\\/wp-content\\\/uploads\\\/2020\\\/01\\\/post-caution.jpg\",\"contentUrl\":\"https:\\\/\\\/thehometownlawyers.com\\\/wp-content\\\/uploads\\\/2020\\\/01\\\/post-caution.jpg\",\"width\":1100,\"height\":758,\"caption\":\"Luz de freno\"},{\"@type\":\"BreadcrumbList\",\"@id\":\"https:\\\/\\\/thehometownlawyers.com\\\/es\\\/descargo-de-responsabilidad\\\/#breadcrumb\",\"itemListElement\":[{\"@type\":\"ListItem\",\"position\":1,\"name\":\"Home\",\"item\":\"https:\\\/\\\/thehometownlawyers.com\\\/es\\\/\"},{\"@type\":\"ListItem\",\"position\":2,\"name\":\"Descargo de responsabilidad\"}]},{\"@type\":\"WebSite\",\"@id\":\"https:\\\/\\\/thehometownlawyers.com\\\/es\\\/#website\",\"url\":\"https:\\\/\\\/thehometownlawyers.com\\\/es\\\/\",\"name\":\"Kruger & Hodges Hometown Injury Lawyers | Accident Attorneys\",\"description\":\"Attorneys for Car, Truck and Motorcycle Accidents, Personal Injuries, and Criminal Defense.\",\"publisher\":{\"@id\":\"https:\\\/\\\/thehometownlawyers.com\\\/es\\\/#organization\"},\"alternateName\":\"Kruger & Hodges Personal Injury Lawyers\",\"inLanguage\":\"es\"},{\"@type\":\"Organization\",\"@id\":\"https:\\\/\\\/thehometownlawyers.com\\\/es\\\/#organization\",\"name\":\"Kruger & Hodges Hometown Injury Lawyers\",\"alternateName\":\"Kruger & Hodges\",\"url\":\"https:\\\/\\\/thehometownlawyers.com\\\/es\\\/\",\"logo\":{\"@type\":\"ImageObject\",\"inLanguage\":\"es\",\"@id\":\"https:\\\/\\\/thehometownlawyers.com\\\/es\\\/#\\\/schema\\\/logo\\\/image\\\/\",\"url\":\"https:\\\/\\\/thehometownlawyers.com\\\/wp-content\\\/uploads\\\/2025\\\/12\\\/revised-kh-logo-vertical-white-background-scaled.png\",\"contentUrl\":\"https:\\\/\\\/thehometownlawyers.com\\\/wp-content\\\/uploads\\\/2025\\\/12\\\/revised-kh-logo-vertical-white-background-scaled.png\",\"width\":2560,\"height\":1440,\"caption\":\"Kruger & Hodges Hometown Injury Lawyers\"},\"image\":{\"@id\":\"https:\\\/\\\/thehometownlawyers.com\\\/es\\\/#\\\/schema\\\/logo\\\/image\\\/\"},\"sameAs\":[\"https:\\\/\\\/www.facebook.com\\\/KrugerHodges\\\/\",\"https:\\\/\\\/www.instagram.com\\\/krugerhodges\\\/\",\"https:\\\/\\\/www.linkedin.com\\\/company\\\/kruger-hodges-hometown-injury-lawyers\\\/\",\"https:\\\/\\\/www.youtube.com\\\/channel\\\/UCeYcMaMaN2rb9jMlqt4EIdQ\",\"https:\\\/\\\/www.tiktok.com\\\/@thehometownlawyer\"]}]}<\/script>\n<!-- \/ Yoast SEO plugin. -->","yoast_head_json":{"title":"Descargo de responsabilidad: Consulta gratuita","description":"Ninguna relaci\u00f3n abogado-cliente creada por el uso de este sitio web. Ni la recepci\u00f3n de informaci\u00f3n de este sitio web ni el uso de este sitio web para","robots":{"index":"index","follow":"follow","max-snippet":"max-snippet:-1","max-image-preview":"max-image-preview:large","max-video-preview":"max-video-preview:-1"},"canonical":"https:\/\/thehometownlawyers.com\/es\/descargo-de-responsabilidad\/","og_locale":"es_MX","og_type":"article","og_title":"Descargo de responsabilidad: Consulta gratuita","og_description":"Ninguna relaci\u00f3n abogado-cliente creada por el uso de este sitio web. Ni la recepci\u00f3n de informaci\u00f3n de este sitio web ni el uso de este sitio web para","og_url":"https:\/\/thehometownlawyers.com\/es\/descargo-de-responsabilidad\/","og_site_name":"Kruger &amp; Hodges Abogados De Lesiones","article_publisher":"https:\/\/www.facebook.com\/KrugerHodges\/","article_modified_time":"2025-01-31T17:27:31+00:00","og_image":[{"width":1100,"height":758,"url":"https:\/\/thehometownlawyers.com\/wp-content\/uploads\/2020\/01\/post-caution.jpg","type":"image\/jpeg"}],"twitter_card":"summary_large_image","twitter_misc":{"Tiempo de lectura":"2 minutos"},"schema":{"@context":"https:\/\/schema.org","@graph":[{"@type":"WebPage","@id":"https:\/\/thehometownlawyers.com\/es\/descargo-de-responsabilidad\/","url":"https:\/\/thehometownlawyers.com\/es\/descargo-de-responsabilidad\/","name":"Descargo de responsabilidad: Consulta gratuita","isPartOf":{"@id":"https:\/\/thehometownlawyers.com\/es\/#website"},"primaryImageOfPage":{"@id":"https:\/\/thehometownlawyers.com\/es\/descargo-de-responsabilidad\/#primaryimage"},"image":{"@id":"https:\/\/thehometownlawyers.com\/es\/descargo-de-responsabilidad\/#primaryimage"},"thumbnailUrl":"https:\/\/thehometownlawyers.com\/wp-content\/uploads\/2020\/01\/post-caution.jpg","datePublished":"2020-01-21T01:02:36+00:00","dateModified":"2025-01-31T17:27:31+00:00","description":"Ninguna relaci\u00f3n abogado-cliente creada por el uso de este sitio web. Ni la recepci\u00f3n de informaci\u00f3n de este sitio web ni el uso de este sitio web para","breadcrumb":{"@id":"https:\/\/thehometownlawyers.com\/es\/descargo-de-responsabilidad\/#breadcrumb"},"inLanguage":"es","potentialAction":[{"@type":"ReadAction","target":["https:\/\/thehometownlawyers.com\/es\/descargo-de-responsabilidad\/"]}]},{"@type":"ImageObject","inLanguage":"es","@id":"https:\/\/thehometownlawyers.com\/es\/descargo-de-responsabilidad\/#primaryimage","url":"https:\/\/thehometownlawyers.com\/wp-content\/uploads\/2020\/01\/post-caution.jpg","contentUrl":"https:\/\/thehometownlawyers.com\/wp-content\/uploads\/2020\/01\/post-caution.jpg","width":1100,"height":758,"caption":"Luz de freno"},{"@type":"BreadcrumbList","@id":"https:\/\/thehometownlawyers.com\/es\/descargo-de-responsabilidad\/#breadcrumb","itemListElement":[{"@type":"ListItem","position":1,"name":"Home","item":"https:\/\/thehometownlawyers.com\/es\/"},{"@type":"ListItem","position":2,"name":"Descargo de responsabilidad"}]},{"@type":"WebSite","@id":"https:\/\/thehometownlawyers.com\/es\/#website","url":"https:\/\/thehometownlawyers.com\/es\/","name":"Kruger & Hodges Hometown Injury Lawyers | Accident Attorneys","description":"Attorneys for Car, Truck and Motorcycle Accidents, Personal Injuries, and Criminal Defense.","publisher":{"@id":"https:\/\/thehometownlawyers.com\/es\/#organization"},"alternateName":"Kruger & Hodges Personal Injury Lawyers","inLanguage":"es"},{"@type":"Organization","@id":"https:\/\/thehometownlawyers.com\/es\/#organization","name":"Kruger & Hodges Hometown Injury Lawyers","alternateName":"Kruger & Hodges","url":"https:\/\/thehometownlawyers.com\/es\/","logo":{"@type":"ImageObject","inLanguage":"es","@id":"https:\/\/thehometownlawyers.com\/es\/#\/schema\/logo\/image\/","url":"https:\/\/thehometownlawyers.com\/wp-content\/uploads\/2025\/12\/revised-kh-logo-vertical-white-background-scaled.png","contentUrl":"https:\/\/thehometownlawyers.com\/wp-content\/uploads\/2025\/12\/revised-kh-logo-vertical-white-background-scaled.png","width":2560,"height":1440,"caption":"Kruger & Hodges Hometown Injury Lawyers"},"image":{"@id":"https:\/\/thehometownlawyers.com\/es\/#\/schema\/logo\/image\/"},"sameAs":["https:\/\/www.facebook.com\/KrugerHodges\/","https:\/\/www.instagram.com\/krugerhodges\/","https:\/\/www.linkedin.com\/company\/kruger-hodges-hometown-injury-lawyers\/","https:\/\/www.youtube.com\/channel\/UCeYcMaMaN2rb9jMlqt4EIdQ","https:\/\/www.tiktok.com\/@thehometownlawyer"]}]}},"_links":{"self":[{"href":"https:\/\/thehometownlawyers.com\/es\/wp-json\/wp\/v2\/pages\/21259","targetHints":{"allow":["GET"]}}],"collection":[{"href":"https:\/\/thehometownlawyers.com\/es\/wp-json\/wp\/v2\/pages"}],"about":[{"href":"https:\/\/thehometownlawyers.com\/es\/wp-json\/wp\/v2\/types\/page"}],"author":[{"embeddable":true,"href":"https:\/\/thehometownlawyers.com\/es\/wp-json\/wp\/v2\/users\/7"}],"replies":[{"embeddable":true,"href":"https:\/\/thehometownlawyers.com\/es\/wp-json\/wp\/v2\/comments?post=21259"}],"version-history":[{"count":0,"href":"https:\/\/thehometownlawyers.com\/es\/wp-json\/wp\/v2\/pages\/21259\/revisions"}],"wp:featuredmedia":[{"embeddable":true,"href":"https:\/\/thehometownlawyers.com\/es\/wp-json\/wp\/v2\/media\/20656"}],"wp:attachment":[{"href":"https:\/\/thehometownlawyers.com\/es\/wp-json\/wp\/v2\/media?parent=21259"}],"wp:term":[{"taxonomy":"hc_faqs","embeddable":true,"href":"https:\/\/thehometownlawyers.com\/es\/wp-json\/wp\/v2\/hc_faqs?post=21259"},{"taxonomy":"hc_spanish_faqs","embeddable":true,"href":"https:\/\/thehometownlawyers.com\/es\/wp-json\/wp\/v2\/hc_spanish_faqs?post=21259"}],"curies":[{"name":"wp","href":"https:\/\/api.w.org\/{rel}","templated":true}]}}