{"id":21260,"date":"2020-02-26T20:20:29","date_gmt":"2020-02-27T01:20:29","guid":{"rendered":"https:\/\/thehometownlawyers.com\/?page_id=21260"},"modified":"2025-04-03T13:54:37","modified_gmt":"2025-04-03T17:54:37","slug":"abogados-de-accidentes-por-conducir-ebrio-que-prestan-servicios-en-trenton-ohio","status":"publish","type":"page","link":"https:\/\/thehometownlawyers.com\/es\/abogados-de-lesiones-personales-que-prestan-servicios-en-trenton-ohio\/abogados-de-accidentes-automovilisticos-en-trenton-ohio\/abogados-de-accidentes-por-conducir-ebrio-que-prestan-servicios-en-trenton-ohio\/","title":{"rendered":"Abogado de Accidente por Conducir Ebrio en Trenton"},"content":{"rendered":"<p>Los abogados de accidentes por conducir ebrio de Kruger &amp; Hodges Attorneys at Law que atienden a Trenton, Ohio, pueden ayudarlo si ha sufrido lesiones graves, discapacidad o p\u00e9rdidas debido a las acciones de un conductor ebrio. Conducir ebrio es contra la ley. Si se sospecha que un conductor est\u00e1 bajo la influencia de drogas o alcohol en la escena de un accidente, se le puede solicitar que se someta a pruebas de aliento o de sangre para determinar si el alcohol u otras drogas pueden haber jugado un papel en el accidente. Si el conductor responsable de su accidente fue declarado culpable de un <a href=\"https:\/\/thehometownlawyers.com\/es\/abogados-de-defensa-criminal-de-hamilton\/abogados-defensores-de-ovi-dui-en-hamilton-oh\/\">DUI<\/a> , usted y su familia pueden tener derecho a reclamar da\u00f1os y perjuicios al conductor o buscar un acuerdo con sus aseguradoras.<\/p>\n<p>Seg\u00fan la ley de Ohio, usted y su familia tambi\u00e9n pueden presentar un reclamo contra un anfitri\u00f3n comercial o social que sirvi\u00f3 alcohol al conductor. Estas leyes se conocen como \u201cleyes de tiendas de bebidas alcoh\u00f3licas\u201d y permiten a las v\u00edctimas y sus familias, en algunos casos, reclamar da\u00f1os y perjuicios de un negocio que sirvi\u00f3 alcohol a una persona que ya estaba visiblemente intoxicada o a una persona menor de 21 a\u00f1os. Un anfitri\u00f3n social tambi\u00e9n podr\u00eda ser considerado legalmente responsable por los da\u00f1os y perjuicios si, a sabiendas, sirvi\u00f3 alcohol a una persona menor de 21 a\u00f1os. Probar negligencia en este caso puede requerir que usted demuestre que el cantinero o mesero ten\u00eda motivos para creer o saber que estaba sirviendo alcohol a una persona que estaba visiblemente intoxicada o a alguien menor de 21 a\u00f1os.<\/p>\n<p>Si result\u00f3 herido en un accidente por conducir ebrio, es posible que tenga derechos y opciones legales seg\u00fan la ley. Las v\u00edctimas que conducen en estado de ebriedad pueden enfrentar una larga recuperaci\u00f3n y altos gastos m\u00e9dicos, pueden quedar incapacitadas como resultado de sus lesiones e incluso pueden perder tiempo del trabajo como resultado de sus lesiones. Kruger &amp; Hodges Attorneys at Law es un bufete de abogados de accidentes de conducci\u00f3n en estado de ebriedad que presta servicios en Trenton, Ohio, que puede negociar con las compa\u00f1\u00edas de seguros, perseguir a las partes negligentes y luchar por sus derechos si usted o un ser querido sufrieron lesiones como resultado de un estado de embriaguez. acciones negligentes del conductor.<\/p>\n<h2><strong>Afirmaciones que puede hacer como v\u00edctima de un conductor ebrio<\/strong><\/h2>\n<p>Si ha resultado lesionado debido a las acciones de un conductor ebrio, es posible que tenga derecho a presentar un reclamo por sus facturas m\u00e9dicas, gastos de rehabilitaci\u00f3n, salarios perdidos debido a falta de trabajo, da\u00f1os por dolor y sufrimiento, da\u00f1os a la propiedad y cualquier otras p\u00e9rdidas que sufri\u00f3 como resultado del accidente. Kruger &amp; Hodges Attorneys at Law es un bufete de abogados de accidentes de conducci\u00f3n en estado de ebriedad que presta servicios en Trenton, Ohio, que puede ayudarlo con su reclamo al revisar sus da\u00f1os para estimar el valor de su reclamo y al perseguir a las partes negligentes y sus aseguradores ya sea dentro o fuera de la corte.<\/p>\n<p>Es posible que solo tenga una cantidad limitada de tiempo para reclamar da\u00f1os y perjuicios despu\u00e9s de un accidente por conducir ebrio. Los abogados de accidentes por conducir ebrio de <a href=\"https:\/\/thehometownlawyers.com\/es\/abogados-de-lesiones-personales-de-middletown\/\">Kruger &amp; Hodges Attorneys at Law<\/a> que atienden a Trenton, Ohio, pueden ayudarlo. Cont\u00e1ctenos hoy para una evaluaci\u00f3n de su caso.<\/p>\n<p><img loading=\"lazy\" decoding=\"async\" class=\"size-medium wp-image-20743 aligncenter\" src=\"https:\/\/thehometownlawyers.com\/wp-content\/uploads\/2020\/02\/photodune-4488545-gavel-xs-300x200.jpg\" alt=\"\" width=\"300\" height=\"200\" srcset=\"https:\/\/thehometownlawyers.com\/wp-content\/uploads\/2020\/02\/photodune-4488545-gavel-xs-300x200.jpg 300w, https:\/\/thehometownlawyers.com\/wp-content\/uploads\/2020\/02\/photodune-4488545-gavel-xs.jpg 548w\" sizes=\"auto, (max-width: 300px) 100vw, 300px\" \/><\/p>\n<p class=\"rs-content-cta rs-content-cta-small\">Para una consulta legal gratuita, llame al <a href=\"tel:+15138943333\">513-894-3333 <\/a><\/p><h2><strong>Buscando justicia para las v\u00edctimas de conductores ebrios<\/strong><\/h2>\n<p>De acuerdo con <a href=\"https:\/\/madd.org\/statistics\/\" target=\"_blank\" rel=\"noopener\">Mothers Against Drunk Driving<\/a> , los conductores ebrios pueden involucrarse en este comportamiento ilegal muchas veces antes de que los atrapen y antes de que ocurra un accidente. Todos los d\u00edas, hay aproximadamente 300,000 incidentes por conducir ebrio. No todos estos conductores ebrios son arrestados o atrapados. Desafortunadamente, algunos conductores no son responsables hasta que ocurre una tragedia. Kruger &amp; Hodges Attorneys at Law es un bufete de abogados de conducci\u00f3n en estado de ebriedad que presta servicios en Trenton, Ohio, que lucha por los derechos de las v\u00edctimas de conducci\u00f3n en estado de ebriedad. Cuando las v\u00edctimas y las familias presentan reclamos conforme a la ley, env\u00edan un fuerte mensaje a los conductores ebrios: no se tolerar\u00e1 beber y conducir y conducir ebrio tiene graves consecuencias. Si usted o alguien a quien ama result\u00f3 herido en un accidente por conducir ebrio en Trenton, Ohio, es posible que solo tenga un tiempo limitado para presentar un reclamo seg\u00fan la ley. <a href=\"https:\/\/thehometownlawyers.com\/es\/contacto\/\">P\u00f3ngase en contacto con Kruger &amp; Hodges<\/a> Attorneys at Law, un bufete de abogados de accidentes por conducir ebrio hoy para proteger sus derechos y buscar justicia.<\/p>\n<p class=\"rs-content-cta rs-content-cta-small\">Llame o env\u00ede un mensaje de texto al <a href=\"tel:+15138943333\">513-894-3333<\/a> o complete una <a href=\"\/es\/contacto\/\">evaluaci\u00f3n gratuita de su caso<\/a><\/p>","protected":false},"excerpt":{"rendered":"<p>Los abogados de accidentes por conducir ebrio de Kruger &amp; Hodges Attorneys at Law que atienden a Trenton, Ohio, pueden ayudarlo si ha sufrido lesiones graves, discapacidad o p\u00e9rdidas debido a las acciones de un conductor ebrio. Conducir ebrio es contra la ley. Si se sospecha que un conductor est\u00e1 bajo la influencia de drogas &#8230;<\/p>\n","protected":false},"author":7,"featured_media":24700,"parent":21224,"menu_order":0,"comment_status":"closed","ping_status":"closed","template":"","meta":{"_acf_changed":false,"inline_featured_image":false,"_genesis_hide_title":false,"_genesis_hide_breadcrumbs":false,"_genesis_hide_singular_image":false,"_genesis_hide_footer_widgets":false,"_genesis_custom_body_class":"","_genesis_custom_post_class":"","_genesis_layout":"","footnotes":""},"hc_faqs":[],"hc_spanish_faqs":[],"class_list":{"0":"post-21260","1":"page","2":"type-page","3":"status-publish","4":"has-post-thumbnail","6":"hc_city_location-trenton-es","7":"entry"},"acf":[],"yoast_head":"<!-- This site is optimized with the Yoast SEO plugin v27.3 - https:\/\/yoast.com\/product\/yoast-seo-wordpress\/ -->\n<title>Abogados de accidentes por conducir ebrio que prestan servicios en Trenton, Ohio: Consulta gratuita<\/title>\n<meta name=\"description\" content=\"Los abogados de accidentes por conducir ebrio de Kruger &amp; Hodges Attorneys at Law que atienden a Trenton, Ohio, pueden ayudarlo si ha sufrido lesiones\" \/>\n<meta name=\"robots\" content=\"index, follow, max-snippet:-1, max-image-preview:large, max-video-preview:-1\" \/>\n<link rel=\"canonical\" href=\"https:\/\/thehometownlawyers.com\/es\/abogados-de-lesiones-personales-que-prestan-servicios-en-trenton-ohio\/abogados-de-accidentes-automovilisticos-en-trenton-ohio\/abogados-de-accidentes-por-conducir-ebrio-que-prestan-servicios-en-trenton-ohio\/\" \/>\n<meta property=\"og:locale\" content=\"es_MX\" \/>\n<meta property=\"og:type\" content=\"article\" \/>\n<meta property=\"og:title\" content=\"Abogados de accidentes por conducir ebrio que prestan servicios en Trenton, Ohio: Consulta gratuita\" \/>\n<meta property=\"og:description\" content=\"Los abogados de accidentes por conducir ebrio de Kruger &amp; Hodges Attorneys at Law que atienden a Trenton, Ohio, pueden ayudarlo si ha sufrido lesiones\" \/>\n<meta property=\"og:url\" content=\"https:\/\/thehometownlawyers.com\/es\/abogados-de-lesiones-personales-que-prestan-servicios-en-trenton-ohio\/abogados-de-accidentes-automovilisticos-en-trenton-ohio\/abogados-de-accidentes-por-conducir-ebrio-que-prestan-servicios-en-trenton-ohio\/\" \/>\n<meta property=\"og:site_name\" content=\"Kruger &amp; Hodges Abogados De Lesiones\" \/>\n<meta property=\"article:publisher\" content=\"https:\/\/www.facebook.com\/KrugerHodges\/\" \/>\n<meta property=\"article:modified_time\" content=\"2025-04-03T17:54:37+00:00\" \/>\n<meta property=\"og:image\" content=\"https:\/\/thehometownlawyers.com\/wp-content\/uploads\/2025\/03\/abogados-de-accidentes-por-conducir-ebrio-que-prestan-servicios-en-trenton-ohio.jpg\" \/>\n\t<meta property=\"og:image:width\" content=\"768\" \/>\n\t<meta property=\"og:image:height\" content=\"512\" \/>\n\t<meta property=\"og:image:type\" content=\"image\/jpeg\" \/>\n<meta name=\"twitter:card\" content=\"summary_large_image\" \/>\n<meta name=\"twitter:label1\" content=\"Tiempo de lectura\" \/>\n\t<meta name=\"twitter:data1\" content=\"4 minutos\" \/>\n<script type=\"application\/ld+json\" class=\"yoast-schema-graph\">{\"@context\":\"https:\\\/\\\/schema.org\",\"@graph\":[{\"@type\":\"WebPage\",\"@id\":\"https:\\\/\\\/thehometownlawyers.com\\\/es\\\/abogados-de-lesiones-personales-que-prestan-servicios-en-trenton-ohio\\\/abogados-de-accidentes-automovilisticos-en-trenton-ohio\\\/abogados-de-accidentes-por-conducir-ebrio-que-prestan-servicios-en-trenton-ohio\\\/\",\"url\":\"https:\\\/\\\/thehometownlawyers.com\\\/es\\\/abogados-de-lesiones-personales-que-prestan-servicios-en-trenton-ohio\\\/abogados-de-accidentes-automovilisticos-en-trenton-ohio\\\/abogados-de-accidentes-por-conducir-ebrio-que-prestan-servicios-en-trenton-ohio\\\/\",\"name\":\"Abogados de accidentes por conducir ebrio que prestan servicios en Trenton, Ohio: Consulta gratuita\",\"isPartOf\":{\"@id\":\"https:\\\/\\\/thehometownlawyers.com\\\/es\\\/#website\"},\"primaryImageOfPage\":{\"@id\":\"https:\\\/\\\/thehometownlawyers.com\\\/es\\\/abogados-de-lesiones-personales-que-prestan-servicios-en-trenton-ohio\\\/abogados-de-accidentes-automovilisticos-en-trenton-ohio\\\/abogados-de-accidentes-por-conducir-ebrio-que-prestan-servicios-en-trenton-ohio\\\/#primaryimage\"},\"image\":{\"@id\":\"https:\\\/\\\/thehometownlawyers.com\\\/es\\\/abogados-de-lesiones-personales-que-prestan-servicios-en-trenton-ohio\\\/abogados-de-accidentes-automovilisticos-en-trenton-ohio\\\/abogados-de-accidentes-por-conducir-ebrio-que-prestan-servicios-en-trenton-ohio\\\/#primaryimage\"},\"thumbnailUrl\":\"https:\\\/\\\/thehometownlawyers.com\\\/wp-content\\\/uploads\\\/2025\\\/03\\\/abogados-de-accidentes-por-conducir-ebrio-que-prestan-servicios-en-trenton-ohio.jpg\",\"datePublished\":\"2020-02-27T01:20:29+00:00\",\"dateModified\":\"2025-04-03T17:54:37+00:00\",\"description\":\"Los abogados de accidentes por conducir ebrio de Kruger &amp; Hodges Attorneys at Law que atienden a Trenton, Ohio, pueden ayudarlo si ha sufrido lesiones\",\"breadcrumb\":{\"@id\":\"https:\\\/\\\/thehometownlawyers.com\\\/es\\\/abogados-de-lesiones-personales-que-prestan-servicios-en-trenton-ohio\\\/abogados-de-accidentes-automovilisticos-en-trenton-ohio\\\/abogados-de-accidentes-por-conducir-ebrio-que-prestan-servicios-en-trenton-ohio\\\/#breadcrumb\"},\"inLanguage\":\"es\",\"potentialAction\":[{\"@type\":\"ReadAction\",\"target\":[\"https:\\\/\\\/thehometownlawyers.com\\\/es\\\/abogados-de-lesiones-personales-que-prestan-servicios-en-trenton-ohio\\\/abogados-de-accidentes-automovilisticos-en-trenton-ohio\\\/abogados-de-accidentes-por-conducir-ebrio-que-prestan-servicios-en-trenton-ohio\\\/\"]}]},{\"@type\":\"ImageObject\",\"inLanguage\":\"es\",\"@id\":\"https:\\\/\\\/thehometownlawyers.com\\\/es\\\/abogados-de-lesiones-personales-que-prestan-servicios-en-trenton-ohio\\\/abogados-de-accidentes-automovilisticos-en-trenton-ohio\\\/abogados-de-accidentes-por-conducir-ebrio-que-prestan-servicios-en-trenton-ohio\\\/#primaryimage\",\"url\":\"https:\\\/\\\/thehometownlawyers.com\\\/wp-content\\\/uploads\\\/2025\\\/03\\\/abogados-de-accidentes-por-conducir-ebrio-que-prestan-servicios-en-trenton-ohio.jpg\",\"contentUrl\":\"https:\\\/\\\/thehometownlawyers.com\\\/wp-content\\\/uploads\\\/2025\\\/03\\\/abogados-de-accidentes-por-conducir-ebrio-que-prestan-servicios-en-trenton-ohio.jpg\",\"width\":768,\"height\":512,\"caption\":\"Woman stopping drunk man from taking car keys, closeup. Don't drink and drive concept.\"},{\"@type\":\"BreadcrumbList\",\"@id\":\"https:\\\/\\\/thehometownlawyers.com\\\/es\\\/abogados-de-lesiones-personales-que-prestan-servicios-en-trenton-ohio\\\/abogados-de-accidentes-automovilisticos-en-trenton-ohio\\\/abogados-de-accidentes-por-conducir-ebrio-que-prestan-servicios-en-trenton-ohio\\\/#breadcrumb\",\"itemListElement\":[{\"@type\":\"ListItem\",\"position\":1,\"name\":\"Home\",\"item\":\"https:\\\/\\\/thehometownlawyers.com\\\/es\\\/\"},{\"@type\":\"ListItem\",\"position\":2,\"name\":\"Abogado de Lesiones Personales en Trenton\",\"item\":\"https:\\\/\\\/thehometownlawyers.com\\\/es\\\/abogados-de-lesiones-personales-que-prestan-servicios-en-trenton-ohio\\\/\"},{\"@type\":\"ListItem\",\"position\":3,\"name\":\"Abogado de Accidente Automovil\u00edstico en Trenton\",\"item\":\"https:\\\/\\\/thehometownlawyers.com\\\/es\\\/abogados-de-lesiones-personales-que-prestan-servicios-en-trenton-ohio\\\/abogados-de-accidentes-automovilisticos-en-trenton-ohio\\\/\"},{\"@type\":\"ListItem\",\"position\":4,\"name\":\"Accidente por Conducir Ebrio\"}]},{\"@type\":\"WebSite\",\"@id\":\"https:\\\/\\\/thehometownlawyers.com\\\/es\\\/#website\",\"url\":\"https:\\\/\\\/thehometownlawyers.com\\\/es\\\/\",\"name\":\"Kruger & Hodges Hometown Injury Lawyers | Accident Attorneys\",\"description\":\"Attorneys for Car, Truck and Motorcycle Accidents, Personal Injuries, and Criminal Defense.\",\"publisher\":{\"@id\":\"https:\\\/\\\/thehometownlawyers.com\\\/es\\\/#organization\"},\"alternateName\":\"Kruger & Hodges Personal Injury Lawyers\",\"inLanguage\":\"es\"},{\"@type\":\"Organization\",\"@id\":\"https:\\\/\\\/thehometownlawyers.com\\\/es\\\/#organization\",\"name\":\"Kruger & Hodges Hometown Injury Lawyers\",\"alternateName\":\"Kruger & Hodges\",\"url\":\"https:\\\/\\\/thehometownlawyers.com\\\/es\\\/\",\"logo\":{\"@type\":\"ImageObject\",\"inLanguage\":\"es\",\"@id\":\"https:\\\/\\\/thehometownlawyers.com\\\/es\\\/#\\\/schema\\\/logo\\\/image\\\/\",\"url\":\"https:\\\/\\\/thehometownlawyers.com\\\/wp-content\\\/uploads\\\/2025\\\/12\\\/revised-kh-logo-vertical-white-background-scaled.png\",\"contentUrl\":\"https:\\\/\\\/thehometownlawyers.com\\\/wp-content\\\/uploads\\\/2025\\\/12\\\/revised-kh-logo-vertical-white-background-scaled.png\",\"width\":2560,\"height\":1440,\"caption\":\"Kruger & Hodges Hometown Injury Lawyers\"},\"image\":{\"@id\":\"https:\\\/\\\/thehometownlawyers.com\\\/es\\\/#\\\/schema\\\/logo\\\/image\\\/\"},\"sameAs\":[\"https:\\\/\\\/www.facebook.com\\\/KrugerHodges\\\/\",\"https:\\\/\\\/www.instagram.com\\\/krugerhodges\\\/\",\"https:\\\/\\\/www.linkedin.com\\\/company\\\/kruger-hodges-hometown-injury-lawyers\\\/\",\"https:\\\/\\\/www.youtube.com\\\/channel\\\/UCeYcMaMaN2rb9jMlqt4EIdQ\",\"https:\\\/\\\/www.tiktok.com\\\/@thehometownlawyer\"]}]}<\/script>\n<!-- \/ Yoast SEO plugin. -->","yoast_head_json":{"title":"Abogados de accidentes por conducir ebrio que prestan servicios en Trenton, Ohio: Consulta gratuita","description":"Los abogados de accidentes por conducir ebrio de Kruger &amp; Hodges Attorneys at Law que atienden a Trenton, Ohio, pueden ayudarlo si ha sufrido lesiones","robots":{"index":"index","follow":"follow","max-snippet":"max-snippet:-1","max-image-preview":"max-image-preview:large","max-video-preview":"max-video-preview:-1"},"canonical":"https:\/\/thehometownlawyers.com\/es\/abogados-de-lesiones-personales-que-prestan-servicios-en-trenton-ohio\/abogados-de-accidentes-automovilisticos-en-trenton-ohio\/abogados-de-accidentes-por-conducir-ebrio-que-prestan-servicios-en-trenton-ohio\/","og_locale":"es_MX","og_type":"article","og_title":"Abogados de accidentes por conducir ebrio que prestan servicios en Trenton, Ohio: Consulta gratuita","og_description":"Los abogados de accidentes por conducir ebrio de Kruger &amp; Hodges Attorneys at Law que atienden a Trenton, Ohio, pueden ayudarlo si ha sufrido lesiones","og_url":"https:\/\/thehometownlawyers.com\/es\/abogados-de-lesiones-personales-que-prestan-servicios-en-trenton-ohio\/abogados-de-accidentes-automovilisticos-en-trenton-ohio\/abogados-de-accidentes-por-conducir-ebrio-que-prestan-servicios-en-trenton-ohio\/","og_site_name":"Kruger &amp; Hodges Abogados De Lesiones","article_publisher":"https:\/\/www.facebook.com\/KrugerHodges\/","article_modified_time":"2025-04-03T17:54:37+00:00","og_image":[{"width":768,"height":512,"url":"https:\/\/thehometownlawyers.com\/wp-content\/uploads\/2025\/03\/abogados-de-accidentes-por-conducir-ebrio-que-prestan-servicios-en-trenton-ohio.jpg","type":"image\/jpeg"}],"twitter_card":"summary_large_image","twitter_misc":{"Tiempo de lectura":"4 minutos"},"schema":{"@context":"https:\/\/schema.org","@graph":[{"@type":"WebPage","@id":"https:\/\/thehometownlawyers.com\/es\/abogados-de-lesiones-personales-que-prestan-servicios-en-trenton-ohio\/abogados-de-accidentes-automovilisticos-en-trenton-ohio\/abogados-de-accidentes-por-conducir-ebrio-que-prestan-servicios-en-trenton-ohio\/","url":"https:\/\/thehometownlawyers.com\/es\/abogados-de-lesiones-personales-que-prestan-servicios-en-trenton-ohio\/abogados-de-accidentes-automovilisticos-en-trenton-ohio\/abogados-de-accidentes-por-conducir-ebrio-que-prestan-servicios-en-trenton-ohio\/","name":"Abogados de accidentes por conducir ebrio que prestan servicios en Trenton, Ohio: Consulta gratuita","isPartOf":{"@id":"https:\/\/thehometownlawyers.com\/es\/#website"},"primaryImageOfPage":{"@id":"https:\/\/thehometownlawyers.com\/es\/abogados-de-lesiones-personales-que-prestan-servicios-en-trenton-ohio\/abogados-de-accidentes-automovilisticos-en-trenton-ohio\/abogados-de-accidentes-por-conducir-ebrio-que-prestan-servicios-en-trenton-ohio\/#primaryimage"},"image":{"@id":"https:\/\/thehometownlawyers.com\/es\/abogados-de-lesiones-personales-que-prestan-servicios-en-trenton-ohio\/abogados-de-accidentes-automovilisticos-en-trenton-ohio\/abogados-de-accidentes-por-conducir-ebrio-que-prestan-servicios-en-trenton-ohio\/#primaryimage"},"thumbnailUrl":"https:\/\/thehometownlawyers.com\/wp-content\/uploads\/2025\/03\/abogados-de-accidentes-por-conducir-ebrio-que-prestan-servicios-en-trenton-ohio.jpg","datePublished":"2020-02-27T01:20:29+00:00","dateModified":"2025-04-03T17:54:37+00:00","description":"Los abogados de accidentes por conducir ebrio de Kruger &amp; Hodges Attorneys at Law que atienden a Trenton, Ohio, pueden ayudarlo si ha sufrido lesiones","breadcrumb":{"@id":"https:\/\/thehometownlawyers.com\/es\/abogados-de-lesiones-personales-que-prestan-servicios-en-trenton-ohio\/abogados-de-accidentes-automovilisticos-en-trenton-ohio\/abogados-de-accidentes-por-conducir-ebrio-que-prestan-servicios-en-trenton-ohio\/#breadcrumb"},"inLanguage":"es","potentialAction":[{"@type":"ReadAction","target":["https:\/\/thehometownlawyers.com\/es\/abogados-de-lesiones-personales-que-prestan-servicios-en-trenton-ohio\/abogados-de-accidentes-automovilisticos-en-trenton-ohio\/abogados-de-accidentes-por-conducir-ebrio-que-prestan-servicios-en-trenton-ohio\/"]}]},{"@type":"ImageObject","inLanguage":"es","@id":"https:\/\/thehometownlawyers.com\/es\/abogados-de-lesiones-personales-que-prestan-servicios-en-trenton-ohio\/abogados-de-accidentes-automovilisticos-en-trenton-ohio\/abogados-de-accidentes-por-conducir-ebrio-que-prestan-servicios-en-trenton-ohio\/#primaryimage","url":"https:\/\/thehometownlawyers.com\/wp-content\/uploads\/2025\/03\/abogados-de-accidentes-por-conducir-ebrio-que-prestan-servicios-en-trenton-ohio.jpg","contentUrl":"https:\/\/thehometownlawyers.com\/wp-content\/uploads\/2025\/03\/abogados-de-accidentes-por-conducir-ebrio-que-prestan-servicios-en-trenton-ohio.jpg","width":768,"height":512,"caption":"Woman stopping drunk man from taking car keys, closeup. Don't drink and drive concept."},{"@type":"BreadcrumbList","@id":"https:\/\/thehometownlawyers.com\/es\/abogados-de-lesiones-personales-que-prestan-servicios-en-trenton-ohio\/abogados-de-accidentes-automovilisticos-en-trenton-ohio\/abogados-de-accidentes-por-conducir-ebrio-que-prestan-servicios-en-trenton-ohio\/#breadcrumb","itemListElement":[{"@type":"ListItem","position":1,"name":"Home","item":"https:\/\/thehometownlawyers.com\/es\/"},{"@type":"ListItem","position":2,"name":"Abogado de Lesiones Personales en Trenton","item":"https:\/\/thehometownlawyers.com\/es\/abogados-de-lesiones-personales-que-prestan-servicios-en-trenton-ohio\/"},{"@type":"ListItem","position":3,"name":"Abogado de Accidente Automovil\u00edstico en Trenton","item":"https:\/\/thehometownlawyers.com\/es\/abogados-de-lesiones-personales-que-prestan-servicios-en-trenton-ohio\/abogados-de-accidentes-automovilisticos-en-trenton-ohio\/"},{"@type":"ListItem","position":4,"name":"Accidente por Conducir Ebrio"}]},{"@type":"WebSite","@id":"https:\/\/thehometownlawyers.com\/es\/#website","url":"https:\/\/thehometownlawyers.com\/es\/","name":"Kruger & Hodges Hometown Injury Lawyers | Accident Attorneys","description":"Attorneys for Car, Truck and Motorcycle Accidents, Personal Injuries, and Criminal Defense.","publisher":{"@id":"https:\/\/thehometownlawyers.com\/es\/#organization"},"alternateName":"Kruger & Hodges Personal Injury Lawyers","inLanguage":"es"},{"@type":"Organization","@id":"https:\/\/thehometownlawyers.com\/es\/#organization","name":"Kruger & Hodges Hometown Injury Lawyers","alternateName":"Kruger & Hodges","url":"https:\/\/thehometownlawyers.com\/es\/","logo":{"@type":"ImageObject","inLanguage":"es","@id":"https:\/\/thehometownlawyers.com\/es\/#\/schema\/logo\/image\/","url":"https:\/\/thehometownlawyers.com\/wp-content\/uploads\/2025\/12\/revised-kh-logo-vertical-white-background-scaled.png","contentUrl":"https:\/\/thehometownlawyers.com\/wp-content\/uploads\/2025\/12\/revised-kh-logo-vertical-white-background-scaled.png","width":2560,"height":1440,"caption":"Kruger & Hodges Hometown Injury Lawyers"},"image":{"@id":"https:\/\/thehometownlawyers.com\/es\/#\/schema\/logo\/image\/"},"sameAs":["https:\/\/www.facebook.com\/KrugerHodges\/","https:\/\/www.instagram.com\/krugerhodges\/","https:\/\/www.linkedin.com\/company\/kruger-hodges-hometown-injury-lawyers\/","https:\/\/www.youtube.com\/channel\/UCeYcMaMaN2rb9jMlqt4EIdQ","https:\/\/www.tiktok.com\/@thehometownlawyer"]}]}},"_links":{"self":[{"href":"https:\/\/thehometownlawyers.com\/es\/wp-json\/wp\/v2\/pages\/21260","targetHints":{"allow":["GET"]}}],"collection":[{"href":"https:\/\/thehometownlawyers.com\/es\/wp-json\/wp\/v2\/pages"}],"about":[{"href":"https:\/\/thehometownlawyers.com\/es\/wp-json\/wp\/v2\/types\/page"}],"author":[{"embeddable":true,"href":"https:\/\/thehometownlawyers.com\/es\/wp-json\/wp\/v2\/users\/7"}],"replies":[{"embeddable":true,"href":"https:\/\/thehometownlawyers.com\/es\/wp-json\/wp\/v2\/comments?post=21260"}],"version-history":[{"count":0,"href":"https:\/\/thehometownlawyers.com\/es\/wp-json\/wp\/v2\/pages\/21260\/revisions"}],"up":[{"embeddable":true,"href":"https:\/\/thehometownlawyers.com\/es\/wp-json\/wp\/v2\/pages\/21224"}],"wp:featuredmedia":[{"embeddable":true,"href":"https:\/\/thehometownlawyers.com\/es\/wp-json\/wp\/v2\/media\/24700"}],"wp:attachment":[{"href":"https:\/\/thehometownlawyers.com\/es\/wp-json\/wp\/v2\/media?parent=21260"}],"wp:term":[{"taxonomy":"hc_faqs","embeddable":true,"href":"https:\/\/thehometownlawyers.com\/es\/wp-json\/wp\/v2\/hc_faqs?post=21260"},{"taxonomy":"hc_spanish_faqs","embeddable":true,"href":"https:\/\/thehometownlawyers.com\/es\/wp-json\/wp\/v2\/hc_spanish_faqs?post=21260"}],"curies":[{"name":"wp","href":"https:\/\/api.w.org\/{rel}","templated":true}]}}