{"id":21261,"date":"2020-03-02T21:52:21","date_gmt":"2020-03-03T02:52:21","guid":{"rendered":"https:\/\/thehometownlawyers.com\/?page_id=21261"},"modified":"2025-01-31T10:51:50","modified_gmt":"2025-01-31T15:51:50","slug":"abogados-de-accidentes-de-autobus-que-prestan-servicios-en-seven-mile-ohio","status":"publish","type":"page","link":"https:\/\/thehometownlawyers.com\/es\/abogados-de-lesiones-personales-que-prestan-servicios-en-seven-mile-ohio\/abogados-de-accidentes-de-autobus-que-prestan-servicios-en-seven-mile-ohio\/","title":{"rendered":"Abogado de Accidente de Autob\u00fas en Seven Mile"},"content":{"rendered":"<p>Kruger &amp; Hodges Attorneys at Law es un bufete de abogados de accidentes de autob\u00fas que presta servicios en Seven Mile, Ohio. Si usted o alguien a quien ama result\u00f3 herido en un accidente de autob\u00fas mientras viajaba en el transporte p\u00fablico, mientras viajaba en un autob\u00fas escolar o mientras viajaba en un autob\u00fas de larga distancia o en un autob\u00fas tur\u00edstico, es posible que tenga ciertos derechos seg\u00fan la ley. Por ejemplo, puede tener derecho a solicitar da\u00f1os y perjuicios a las partes negligentes, como los conductores o la empresa de autobuses. Tambi\u00e9n puede presentar una reclamaci\u00f3n contra sus aseguradoras. \u00bfTiene preguntas sobre sus derechos? Comun\u00edquese hoy con los abogados de accidentes de autob\u00fas de Kruger &amp; Hodges Attorneys at Seven Mile, Ohio.<\/p>\n<h2>Lesiones por accidentes de autob\u00fas que involucran el transporte p\u00fablico<\/h2>\n<p>Es posible que las personas que hayan resultado lesionadas mientras viajaban en transporte p\u00fablico o los padres cuyos hijos sufrieron lesiones mientras viajaban en un autob\u00fas escolar p\u00fablico en Ohio deban presentar un reclamo contra el sistema de transporte p\u00fablico o el sistema de autobuses escolares. Seg\u00fan el <a href=\"https:\/\/ohiocourtofclaims.gov\/claims-vs-the-state\/\">Tribunal de Reclamaciones de Ohio<\/a>, las demandas civiles contra el estado de Ohio solo pueden presentarse en el Tribunal de Reclamaciones. Sin embargo, si su reclamo involucra un sistema de autob\u00fas local, es posible que deba presentar su reclamo localmente, porque el sitio web del Tribunal de Reclamaciones se\u00f1ala que el tribunal no tiene jurisdicci\u00f3n en asuntos relacionados con los gobiernos de la ciudad, el municipio o la aldea. La forma en que presentar\u00e1 su caso depender\u00e1 en gran medida de d\u00f3nde result\u00f3 herido, qu\u00e9 tipo de autob\u00fas estuvo involucrado en su accidente y si la parte negligente era una agencia estatal, local o federal. Kruger &amp; Hodges Attorneys at Law es un bufete de abogados de accidentes de autob\u00fas que presta servicios en Seven Mile, Ohio, que puede ayudarlo con su reclamo por accidente de transporte p\u00fablico. Cada caso relacionado con reclamos de autobuses es \u00fanico. Deje que nuestros abogados luchen por usted.<\/p>\n<p class=\"rs-content-cta rs-content-cta-small\">Para una consulta legal gratuita, llame al <a href=\"tel:+15138943333\">513-894-3333 <\/a><\/p><h2>Lesiones por accidentes de autob\u00fas que involucran autobuses privados en Seven Mile, Ohio<\/h2>\n<p><img loading=\"lazy\" decoding=\"async\" class=\"size-medium wp-image-20747 alignleft\" src=\"https:\/\/thehometownlawyers.com\/wp-content\/uploads\/2020\/03\/photodune-4424540-car-accident-xs-225x300.jpg\" alt=\"\" width=\"225\" height=\"300\" srcset=\"https:\/\/thehometownlawyers.com\/wp-content\/uploads\/2020\/03\/photodune-4424540-car-accident-xs-225x300.jpg 225w, https:\/\/thehometownlawyers.com\/wp-content\/uploads\/2020\/03\/photodune-4424540-car-accident-xs.jpg 387w\" sizes=\"auto, (max-width: 225px) 100vw, 225px\" \/><\/p>\n<p>\u00bfQu\u00e9 sucede si viajaba en un autob\u00fas privado cuando se lesion\u00f3? Es posible que tenga una variedad de opciones cuando se trata de buscar da\u00f1os por sus p\u00e9rdidas. Las compa\u00f1\u00edas de autobuses pueden tener la responsabilidad de administrar la seguridad, el mantenimiento y el cumplimiento de las leyes federales y locales. Si su hijo se lesion\u00f3 cuando viajaba en un autob\u00fas escolar privado, es posible que tenga derecho a entablar una demanda contra la compa\u00f1\u00eda de autobuses privados o buscar un acuerdo con las aseguradoras de la compa\u00f1\u00eda de autobuses. Si se lastim\u00f3 mientras viajaba en un autob\u00fas privado, es posible que pueda presentar un reclamo contra las aseguradoras de la compa\u00f1\u00eda de autobuses o contra la propia compa\u00f1\u00eda de autobuses. Las compa\u00f1\u00edas de autobuses a menudo tienen p\u00f3lizas de seguro de l\u00edmite alto para proteger a los pasajeros y a la compa\u00f1\u00eda en caso de accidente. Sin embargo, si varias personas resultaron heridas en un accidente de autob\u00fas, se podr\u00edan alcanzar estos l\u00edmites. Un abogado de accidentes de autob\u00fas puede revisar su caso, hablar con las aseguradoras de la compa\u00f1\u00eda de autobuses y posiblemente luchar contra la propia compa\u00f1\u00eda de autobuses para ayudarlo a buscar da\u00f1os por sus p\u00e9rdidas.<\/p>\n<p>Las compa\u00f1\u00edas de autobuses tienen la responsabilidad de investigar a sus conductores, asegurarse de que sus conductores cumplan con todas las leyes federales y locales (incluidas las leyes de horas de servicio), mantener sus autobuses en buen estado de funcionamiento y supervisar que sus conductores eviten conducir distra\u00eddos, conducir ebrios u otras situaciones peligrosas. comportamiento. Cuando las empresas toman atajos, pueden ocurrir accidentes. Si usted o un ser querido resultaron heridos en un accidente de autob\u00fas en Seven Mile, Ohio, es posible que tenga derecho a reclamar da\u00f1os y perjuicios por sus p\u00e9rdidas. Kruger &amp; Hodges Attorneys at Law es un bufete de abogados de accidentes de autob\u00fas que presta servicios en Seven Mile, Ohio, que puede ayudarlo.<\/p>\n<p class=\"rs-content-cta\">Abogado de Lesiones Personales de Seven Mile Cerca de M\u00ed <a href=\"tel:+15138943333\">513-894-3333<\/a><\/p><h2>Busque justicia hoy<\/h2>\n<p>Es posible que se requiera que las compa\u00f1\u00edas de autobuses cuenten con p\u00f3lizas de seguro de l\u00edmite alto. Sin embargo, el proceso de presentar un reclamo a veces puede ser complejo despu\u00e9s de un accidente de autob\u00fas, especialmente si el gobierno es la entidad contra la cual puede presentar su reclamo. Los <a href=\"https:\/\/thehometownlawyers.com\/hamilton\/bus-accident-lawyer\/\">abogados de accidentes de autob\u00fas<\/a> de Kruger &amp; Hodges Attorneys at Law que prestan servicios en Seven Mile, Ohio, pueden ayudarlo.<\/p>\n<p class=\"rs-content-cta rs-content-cta-small\">Llame o env\u00ede un mensaje de texto al <a href=\"tel:+15138943333\">513-894-3333<\/a> o complete una <a href=\"\/es\/contacto\/\">evaluaci\u00f3n gratuita de su caso<\/a><\/p>","protected":false},"excerpt":{"rendered":"<p>Kruger &amp; Hodges Attorneys at Law es un bufete de abogados de accidentes de autob\u00fas que presta servicios en Seven Mile, Ohio. Si usted o alguien a quien ama result\u00f3 herido en un accidente de autob\u00fas mientras viajaba en el transporte p\u00fablico, mientras viajaba en un autob\u00fas escolar o mientras viajaba en un autob\u00fas de &#8230;<\/p>\n","protected":false},"author":7,"featured_media":24516,"parent":21249,"menu_order":0,"comment_status":"closed","ping_status":"closed","template":"","meta":{"_acf_changed":false,"inline_featured_image":false,"_genesis_hide_title":false,"_genesis_hide_breadcrumbs":false,"_genesis_hide_singular_image":false,"_genesis_hide_footer_widgets":false,"_genesis_custom_body_class":"","_genesis_custom_post_class":"","_genesis_layout":"","footnotes":""},"hc_faqs":[],"hc_spanish_faqs":[],"class_list":{"0":"post-21261","1":"page","2":"type-page","3":"status-publish","4":"has-post-thumbnail","6":"hc_city_location-seven-mile-es","7":"entry"},"acf":[],"yoast_head":"<!-- This site is optimized with the Yoast SEO plugin v27.3 - https:\/\/yoast.com\/product\/yoast-seo-wordpress\/ -->\n<title>Abogados de accidentes de autob\u00fas que prestan servicios en Seven Mile, Ohio: Consulta gratuita<\/title>\n<meta name=\"description\" content=\"Kruger &amp; Hodges Attorneys at Law es un bufete de abogados de accidentes de autob\u00fas que presta servicios en Seven Mile, Ohio. Si usted o alguien a\" \/>\n<meta name=\"robots\" content=\"index, follow, max-snippet:-1, max-image-preview:large, max-video-preview:-1\" \/>\n<link rel=\"canonical\" href=\"https:\/\/thehometownlawyers.com\/es\/abogados-de-lesiones-personales-que-prestan-servicios-en-seven-mile-ohio\/abogados-de-accidentes-de-autobus-que-prestan-servicios-en-seven-mile-ohio\/\" \/>\n<meta property=\"og:locale\" content=\"es_MX\" \/>\n<meta property=\"og:type\" content=\"article\" \/>\n<meta property=\"og:title\" content=\"Abogados de accidentes de autob\u00fas que prestan servicios en Seven Mile, Ohio: Consulta gratuita\" \/>\n<meta property=\"og:description\" content=\"Kruger &amp; Hodges Attorneys at Law es un bufete de abogados de accidentes de autob\u00fas que presta servicios en Seven Mile, Ohio. Si usted o alguien a\" \/>\n<meta property=\"og:url\" content=\"https:\/\/thehometownlawyers.com\/es\/abogados-de-lesiones-personales-que-prestan-servicios-en-seven-mile-ohio\/abogados-de-accidentes-de-autobus-que-prestan-servicios-en-seven-mile-ohio\/\" \/>\n<meta property=\"og:site_name\" content=\"Kruger &amp; Hodges Abogados De Lesiones\" \/>\n<meta property=\"article:publisher\" content=\"https:\/\/www.facebook.com\/KrugerHodges\/\" \/>\n<meta property=\"article:modified_time\" content=\"2025-01-31T15:51:50+00:00\" \/>\n<meta property=\"og:image\" content=\"https:\/\/thehometownlawyers.com\/wp-content\/uploads\/2021\/08\/bus-interior-seats.jpg\" \/>\n\t<meta property=\"og:image:width\" content=\"1920\" \/>\n\t<meta property=\"og:image:height\" content=\"1080\" \/>\n\t<meta property=\"og:image:type\" content=\"image\/jpeg\" \/>\n<meta name=\"twitter:card\" content=\"summary_large_image\" \/>\n<meta name=\"twitter:label1\" content=\"Tiempo de lectura\" \/>\n\t<meta name=\"twitter:data1\" content=\"4 minutos\" \/>\n<script type=\"application\/ld+json\" class=\"yoast-schema-graph\">{\"@context\":\"https:\\\/\\\/schema.org\",\"@graph\":[{\"@type\":\"WebPage\",\"@id\":\"https:\\\/\\\/thehometownlawyers.com\\\/es\\\/abogados-de-lesiones-personales-que-prestan-servicios-en-seven-mile-ohio\\\/abogados-de-accidentes-de-autobus-que-prestan-servicios-en-seven-mile-ohio\\\/\",\"url\":\"https:\\\/\\\/thehometownlawyers.com\\\/es\\\/abogados-de-lesiones-personales-que-prestan-servicios-en-seven-mile-ohio\\\/abogados-de-accidentes-de-autobus-que-prestan-servicios-en-seven-mile-ohio\\\/\",\"name\":\"Abogados de accidentes de autob\u00fas que prestan servicios en Seven Mile, Ohio: Consulta gratuita\",\"isPartOf\":{\"@id\":\"https:\\\/\\\/thehometownlawyers.com\\\/es\\\/#website\"},\"primaryImageOfPage\":{\"@id\":\"https:\\\/\\\/thehometownlawyers.com\\\/es\\\/abogados-de-lesiones-personales-que-prestan-servicios-en-seven-mile-ohio\\\/abogados-de-accidentes-de-autobus-que-prestan-servicios-en-seven-mile-ohio\\\/#primaryimage\"},\"image\":{\"@id\":\"https:\\\/\\\/thehometownlawyers.com\\\/es\\\/abogados-de-lesiones-personales-que-prestan-servicios-en-seven-mile-ohio\\\/abogados-de-accidentes-de-autobus-que-prestan-servicios-en-seven-mile-ohio\\\/#primaryimage\"},\"thumbnailUrl\":\"https:\\\/\\\/thehometownlawyers.com\\\/wp-content\\\/uploads\\\/2025\\\/03\\\/seven-mile-bus-accident-lawyer.jpg\",\"datePublished\":\"2020-03-03T02:52:21+00:00\",\"dateModified\":\"2025-01-31T15:51:50+00:00\",\"description\":\"Kruger &amp; Hodges Attorneys at Law es un bufete de abogados de accidentes de autob\u00fas que presta servicios en Seven Mile, Ohio. Si usted o alguien a\",\"breadcrumb\":{\"@id\":\"https:\\\/\\\/thehometownlawyers.com\\\/es\\\/abogados-de-lesiones-personales-que-prestan-servicios-en-seven-mile-ohio\\\/abogados-de-accidentes-de-autobus-que-prestan-servicios-en-seven-mile-ohio\\\/#breadcrumb\"},\"inLanguage\":\"es\",\"potentialAction\":[{\"@type\":\"ReadAction\",\"target\":[\"https:\\\/\\\/thehometownlawyers.com\\\/es\\\/abogados-de-lesiones-personales-que-prestan-servicios-en-seven-mile-ohio\\\/abogados-de-accidentes-de-autobus-que-prestan-servicios-en-seven-mile-ohio\\\/\"]}]},{\"@type\":\"ImageObject\",\"inLanguage\":\"es\",\"@id\":\"https:\\\/\\\/thehometownlawyers.com\\\/es\\\/abogados-de-lesiones-personales-que-prestan-servicios-en-seven-mile-ohio\\\/abogados-de-accidentes-de-autobus-que-prestan-servicios-en-seven-mile-ohio\\\/#primaryimage\",\"url\":\"https:\\\/\\\/thehometownlawyers.com\\\/wp-content\\\/uploads\\\/2025\\\/03\\\/seven-mile-bus-accident-lawyer.jpg\",\"contentUrl\":\"https:\\\/\\\/thehometownlawyers.com\\\/wp-content\\\/uploads\\\/2025\\\/03\\\/seven-mile-bus-accident-lawyer.jpg\",\"width\":768,\"height\":512,\"caption\":\"Bus traveling on asphalt road in countryside with dramatic clouds at sunset.\"},{\"@type\":\"BreadcrumbList\",\"@id\":\"https:\\\/\\\/thehometownlawyers.com\\\/es\\\/abogados-de-lesiones-personales-que-prestan-servicios-en-seven-mile-ohio\\\/abogados-de-accidentes-de-autobus-que-prestan-servicios-en-seven-mile-ohio\\\/#breadcrumb\",\"itemListElement\":[{\"@type\":\"ListItem\",\"position\":1,\"name\":\"Home\",\"item\":\"https:\\\/\\\/thehometownlawyers.com\\\/es\\\/\"},{\"@type\":\"ListItem\",\"position\":2,\"name\":\"Abogado de Lesiones Personales en Seven Mile\",\"item\":\"https:\\\/\\\/thehometownlawyers.com\\\/es\\\/abogados-de-lesiones-personales-que-prestan-servicios-en-seven-mile-ohio\\\/\"},{\"@type\":\"ListItem\",\"position\":3,\"name\":\"Abogado de Accidente de Autob\u00fas en Seven Mile\"}]},{\"@type\":\"WebSite\",\"@id\":\"https:\\\/\\\/thehometownlawyers.com\\\/es\\\/#website\",\"url\":\"https:\\\/\\\/thehometownlawyers.com\\\/es\\\/\",\"name\":\"Kruger & Hodges Hometown Injury Lawyers | Accident Attorneys\",\"description\":\"Attorneys for Car, Truck and Motorcycle Accidents, Personal Injuries, and Criminal Defense.\",\"publisher\":{\"@id\":\"https:\\\/\\\/thehometownlawyers.com\\\/es\\\/#organization\"},\"alternateName\":\"Kruger & Hodges Personal Injury Lawyers\",\"inLanguage\":\"es\"},{\"@type\":\"Organization\",\"@id\":\"https:\\\/\\\/thehometownlawyers.com\\\/es\\\/#organization\",\"name\":\"Kruger & Hodges Hometown Injury Lawyers\",\"alternateName\":\"Kruger & Hodges Accident Attorneys\",\"url\":\"https:\\\/\\\/thehometownlawyers.com\\\/es\\\/\",\"logo\":{\"@type\":\"ImageObject\",\"inLanguage\":\"es\",\"@id\":\"https:\\\/\\\/thehometownlawyers.com\\\/es\\\/#\\\/schema\\\/logo\\\/image\\\/\",\"url\":\"https:\\\/\\\/thehometownlawyers.com\\\/wp-content\\\/uploads\\\/2025\\\/12\\\/revised-kh-logo-vertical-white-background-scaled.png\",\"contentUrl\":\"https:\\\/\\\/thehometownlawyers.com\\\/wp-content\\\/uploads\\\/2025\\\/12\\\/revised-kh-logo-vertical-white-background-scaled.png\",\"width\":2560,\"height\":1440,\"caption\":\"Kruger & Hodges Hometown Injury Lawyers\"},\"image\":{\"@id\":\"https:\\\/\\\/thehometownlawyers.com\\\/es\\\/#\\\/schema\\\/logo\\\/image\\\/\"},\"sameAs\":[\"https:\\\/\\\/www.facebook.com\\\/KrugerHodges\\\/\",\"https:\\\/\\\/www.instagram.com\\\/krugerhodges\\\/\",\"https:\\\/\\\/www.linkedin.com\\\/company\\\/kruger-hodges-hometown-injury-lawyers\\\/\",\"https:\\\/\\\/www.youtube.com\\\/channel\\\/UCeYcMaMaN2rb9jMlqt4EIdQ\",\"https:\\\/\\\/www.tiktok.com\\\/@thehometownlawyer\"]}]}<\/script>\n<!-- \/ Yoast SEO plugin. -->","yoast_head_json":{"title":"Abogados de accidentes de autob\u00fas que prestan servicios en Seven Mile, Ohio: Consulta gratuita","description":"Kruger &amp; Hodges Attorneys at Law es un bufete de abogados de accidentes de autob\u00fas que presta servicios en Seven Mile, Ohio. Si usted o alguien a","robots":{"index":"index","follow":"follow","max-snippet":"max-snippet:-1","max-image-preview":"max-image-preview:large","max-video-preview":"max-video-preview:-1"},"canonical":"https:\/\/thehometownlawyers.com\/es\/abogados-de-lesiones-personales-que-prestan-servicios-en-seven-mile-ohio\/abogados-de-accidentes-de-autobus-que-prestan-servicios-en-seven-mile-ohio\/","og_locale":"es_MX","og_type":"article","og_title":"Abogados de accidentes de autob\u00fas que prestan servicios en Seven Mile, Ohio: Consulta gratuita","og_description":"Kruger &amp; Hodges Attorneys at Law es un bufete de abogados de accidentes de autob\u00fas que presta servicios en Seven Mile, Ohio. Si usted o alguien a","og_url":"https:\/\/thehometownlawyers.com\/es\/abogados-de-lesiones-personales-que-prestan-servicios-en-seven-mile-ohio\/abogados-de-accidentes-de-autobus-que-prestan-servicios-en-seven-mile-ohio\/","og_site_name":"Kruger &amp; Hodges Abogados De Lesiones","article_publisher":"https:\/\/www.facebook.com\/KrugerHodges\/","article_modified_time":"2025-01-31T15:51:50+00:00","og_image":[{"width":1920,"height":1080,"url":"https:\/\/thehometownlawyers.com\/wp-content\/uploads\/2021\/08\/bus-interior-seats.jpg","type":"image\/jpeg"}],"twitter_card":"summary_large_image","twitter_misc":{"Tiempo de lectura":"4 minutos"},"schema":{"@context":"https:\/\/schema.org","@graph":[{"@type":"WebPage","@id":"https:\/\/thehometownlawyers.com\/es\/abogados-de-lesiones-personales-que-prestan-servicios-en-seven-mile-ohio\/abogados-de-accidentes-de-autobus-que-prestan-servicios-en-seven-mile-ohio\/","url":"https:\/\/thehometownlawyers.com\/es\/abogados-de-lesiones-personales-que-prestan-servicios-en-seven-mile-ohio\/abogados-de-accidentes-de-autobus-que-prestan-servicios-en-seven-mile-ohio\/","name":"Abogados de accidentes de autob\u00fas que prestan servicios en Seven Mile, Ohio: Consulta gratuita","isPartOf":{"@id":"https:\/\/thehometownlawyers.com\/es\/#website"},"primaryImageOfPage":{"@id":"https:\/\/thehometownlawyers.com\/es\/abogados-de-lesiones-personales-que-prestan-servicios-en-seven-mile-ohio\/abogados-de-accidentes-de-autobus-que-prestan-servicios-en-seven-mile-ohio\/#primaryimage"},"image":{"@id":"https:\/\/thehometownlawyers.com\/es\/abogados-de-lesiones-personales-que-prestan-servicios-en-seven-mile-ohio\/abogados-de-accidentes-de-autobus-que-prestan-servicios-en-seven-mile-ohio\/#primaryimage"},"thumbnailUrl":"https:\/\/thehometownlawyers.com\/wp-content\/uploads\/2025\/03\/seven-mile-bus-accident-lawyer.jpg","datePublished":"2020-03-03T02:52:21+00:00","dateModified":"2025-01-31T15:51:50+00:00","description":"Kruger &amp; Hodges Attorneys at Law es un bufete de abogados de accidentes de autob\u00fas que presta servicios en Seven Mile, Ohio. Si usted o alguien a","breadcrumb":{"@id":"https:\/\/thehometownlawyers.com\/es\/abogados-de-lesiones-personales-que-prestan-servicios-en-seven-mile-ohio\/abogados-de-accidentes-de-autobus-que-prestan-servicios-en-seven-mile-ohio\/#breadcrumb"},"inLanguage":"es","potentialAction":[{"@type":"ReadAction","target":["https:\/\/thehometownlawyers.com\/es\/abogados-de-lesiones-personales-que-prestan-servicios-en-seven-mile-ohio\/abogados-de-accidentes-de-autobus-que-prestan-servicios-en-seven-mile-ohio\/"]}]},{"@type":"ImageObject","inLanguage":"es","@id":"https:\/\/thehometownlawyers.com\/es\/abogados-de-lesiones-personales-que-prestan-servicios-en-seven-mile-ohio\/abogados-de-accidentes-de-autobus-que-prestan-servicios-en-seven-mile-ohio\/#primaryimage","url":"https:\/\/thehometownlawyers.com\/wp-content\/uploads\/2025\/03\/seven-mile-bus-accident-lawyer.jpg","contentUrl":"https:\/\/thehometownlawyers.com\/wp-content\/uploads\/2025\/03\/seven-mile-bus-accident-lawyer.jpg","width":768,"height":512,"caption":"Bus traveling on asphalt road in countryside with dramatic clouds at sunset."},{"@type":"BreadcrumbList","@id":"https:\/\/thehometownlawyers.com\/es\/abogados-de-lesiones-personales-que-prestan-servicios-en-seven-mile-ohio\/abogados-de-accidentes-de-autobus-que-prestan-servicios-en-seven-mile-ohio\/#breadcrumb","itemListElement":[{"@type":"ListItem","position":1,"name":"Home","item":"https:\/\/thehometownlawyers.com\/es\/"},{"@type":"ListItem","position":2,"name":"Abogado de Lesiones Personales en Seven Mile","item":"https:\/\/thehometownlawyers.com\/es\/abogados-de-lesiones-personales-que-prestan-servicios-en-seven-mile-ohio\/"},{"@type":"ListItem","position":3,"name":"Abogado de Accidente de Autob\u00fas en Seven Mile"}]},{"@type":"WebSite","@id":"https:\/\/thehometownlawyers.com\/es\/#website","url":"https:\/\/thehometownlawyers.com\/es\/","name":"Kruger & Hodges Hometown Injury Lawyers | Accident Attorneys","description":"Attorneys for Car, Truck and Motorcycle Accidents, Personal Injuries, and Criminal Defense.","publisher":{"@id":"https:\/\/thehometownlawyers.com\/es\/#organization"},"alternateName":"Kruger & Hodges Personal Injury Lawyers","inLanguage":"es"},{"@type":"Organization","@id":"https:\/\/thehometownlawyers.com\/es\/#organization","name":"Kruger & Hodges Hometown Injury Lawyers","alternateName":"Kruger & Hodges Accident Attorneys","url":"https:\/\/thehometownlawyers.com\/es\/","logo":{"@type":"ImageObject","inLanguage":"es","@id":"https:\/\/thehometownlawyers.com\/es\/#\/schema\/logo\/image\/","url":"https:\/\/thehometownlawyers.com\/wp-content\/uploads\/2025\/12\/revised-kh-logo-vertical-white-background-scaled.png","contentUrl":"https:\/\/thehometownlawyers.com\/wp-content\/uploads\/2025\/12\/revised-kh-logo-vertical-white-background-scaled.png","width":2560,"height":1440,"caption":"Kruger & Hodges Hometown Injury Lawyers"},"image":{"@id":"https:\/\/thehometownlawyers.com\/es\/#\/schema\/logo\/image\/"},"sameAs":["https:\/\/www.facebook.com\/KrugerHodges\/","https:\/\/www.instagram.com\/krugerhodges\/","https:\/\/www.linkedin.com\/company\/kruger-hodges-hometown-injury-lawyers\/","https:\/\/www.youtube.com\/channel\/UCeYcMaMaN2rb9jMlqt4EIdQ","https:\/\/www.tiktok.com\/@thehometownlawyer"]}]}},"_links":{"self":[{"href":"https:\/\/thehometownlawyers.com\/es\/wp-json\/wp\/v2\/pages\/21261","targetHints":{"allow":["GET"]}}],"collection":[{"href":"https:\/\/thehometownlawyers.com\/es\/wp-json\/wp\/v2\/pages"}],"about":[{"href":"https:\/\/thehometownlawyers.com\/es\/wp-json\/wp\/v2\/types\/page"}],"author":[{"embeddable":true,"href":"https:\/\/thehometownlawyers.com\/es\/wp-json\/wp\/v2\/users\/7"}],"replies":[{"embeddable":true,"href":"https:\/\/thehometownlawyers.com\/es\/wp-json\/wp\/v2\/comments?post=21261"}],"version-history":[{"count":0,"href":"https:\/\/thehometownlawyers.com\/es\/wp-json\/wp\/v2\/pages\/21261\/revisions"}],"up":[{"embeddable":true,"href":"https:\/\/thehometownlawyers.com\/es\/wp-json\/wp\/v2\/pages\/21249"}],"wp:featuredmedia":[{"embeddable":true,"href":"https:\/\/thehometownlawyers.com\/es\/wp-json\/wp\/v2\/media\/24516"}],"wp:attachment":[{"href":"https:\/\/thehometownlawyers.com\/es\/wp-json\/wp\/v2\/media?parent=21261"}],"wp:term":[{"taxonomy":"hc_faqs","embeddable":true,"href":"https:\/\/thehometownlawyers.com\/es\/wp-json\/wp\/v2\/hc_faqs?post=21261"},{"taxonomy":"hc_spanish_faqs","embeddable":true,"href":"https:\/\/thehometownlawyers.com\/es\/wp-json\/wp\/v2\/hc_spanish_faqs?post=21261"}],"curies":[{"name":"wp","href":"https:\/\/api.w.org\/{rel}","templated":true}]}}