{"id":21262,"date":"2020-02-26T19:58:12","date_gmt":"2020-02-27T00:58:12","guid":{"rendered":"https:\/\/thehometownlawyers.com\/?page_id=21262"},"modified":"2025-01-31T10:44:57","modified_gmt":"2025-01-31T15:44:57","slug":"abogados-de-lesiones-personales-en-fairfield-ohio","status":"publish","type":"page","link":"https:\/\/thehometownlawyers.com\/es\/abogados-de-lesiones-personales-en-fairfield-ohio\/","title":{"rendered":"Abogado de Lesiones Personales en Fairfield"},"content":{"rendered":"<p>Si result\u00f3 herido en un accidente en Fairfield, Ohio, los abogados de lesiones personales de <a href=\"https:\/\/thehometownlawyers.com\/es\/acerca-de-los-abogados-de-kruger-hodges\/\">Kruger &amp; Hodges Attorneys at Law<\/a> pueden ayudarlo con su caso. Los accidentes inesperados pueden hacer que las v\u00edctimas y sus familias enfrenten altos costos m\u00e9dicos, gastos de rehabilitaci\u00f3n a largo plazo, salarios perdidos debido a la falta de tiempo en el trabajo y otros gastos. Si las acciones de otra persona o parte resultaron en sus lesiones, es posible que tenga derecho a reclamar da\u00f1os y perjuicios para cubrir sus p\u00e9rdidas. Los abogados de Kruger &amp; Hodges son abogados de lesiones personales que ayudan a las v\u00edctimas de lesiones en Fairfield, Ohio, que pueden negociar con los ajustadores de seguros, identificar a las partes negligentes y luchar para ayudarlo a obtener la compensaci\u00f3n que merece seg\u00fan la ley.<\/p>\n<h2><strong>C\u00f3mo pueden ayudarlo nuestros abogados de lesiones<\/strong><\/h2>\n<p>Hay muchas maneras en que nuestros abogados de lesiones personales de Fairfield, OH pueden ayudarlo con su caso de accidente. Inicialmente, los abogados de accidentes de Kruger &amp; Hodges Attorneys at Law pueden revisar sus facturas m\u00e9dicas, gastos de rehabilitaci\u00f3n, salarios perdidos y otras p\u00e9rdidas para estimar el valor de su reclamo. Comprender el valor de su reclamo es importante al negociar con ajustadores de seguros y <a href=\"https:\/\/thehometownlawyers.com\/es\/\">partes negligentes<\/a> . Los abogados de Kruger &amp; Hodges pueden revisar su diagn\u00f3stico m\u00e9dico, hablar con expertos para determinar cu\u00e1nto tiempo podr\u00eda estar discapacitado como resultado de sus lesiones y estimar el valor de sus salarios perdidos, as\u00ed como sus da\u00f1os por dolor y sufrimiento.<\/p>\n<p>A veces, las compa\u00f1\u00edas de seguros pueden ofrecer a las v\u00edctimas y sus familias lo que parece ser un acuerdo sustancial, pero es posible que este acuerdo no siempre tenga en cuenta todas las p\u00e9rdidas que podr\u00eda sufrir una persona gravemente lesionada. Si ha sufrido una lesi\u00f3n que probablemente resulte en una discapacidad permanente, el valor de su liquidaci\u00f3n podr\u00eda ser bastante alto. Las personas que han sufrido lesiones en la m\u00e9dula espinal, lesiones cerebrales traum\u00e1ticas, amputaciones, desfiguraciones u otras lesiones traum\u00e1ticas pueden tener derecho a buscar acuerdos sustanciales para su caso. Un abogado de lesiones personales puede revisar sus da\u00f1os y p\u00e9rdidas y llegar a un acuerdo justo y razonable para su caso. Despu\u00e9s de que nuestros abogados de accidentes comprendan su caso y su valor, nuestros abogados pueden tomar medidas para ayudarlo a obtener el acuerdo que merece seg\u00fan la ley. Podemos:<\/p>\n<ul>\n<li><strong>Negociar con ajustadores de seguros.<\/strong> Los ajustadores de seguros pueden usar una variedad de m\u00e9todos para estimar su liquidaci\u00f3n. Su abogado de lesiones personales puede revisar su p\u00f3liza de seguro, revisar la oferta de liquidaci\u00f3n y negociar con los ajustadores de seguros si su liquidaci\u00f3n no coincide con la estimaci\u00f3n del valor de su reclamo por parte de su abogado. A veces, estas disparidades surgen porque es posible que el ajustador de seguros no tenga toda la informaci\u00f3n para su caso y, a veces, estas disparidades surgen porque los ajustadores de seguros pueden usar programas de computadora o estimaciones en lugar de analizar las p\u00e9rdidas reales sufridas en su caso.<\/li>\n<li><strong>Escribir cartas de demanda a otras partes negligentes.<\/strong> A veces, los acuerdos de seguros pueden no ser suficientes para cubrir el alcance total de sus p\u00e9rdidas. En algunos reclamos por accidentes, es posible buscar da\u00f1os y perjuicios directamente de las partes negligentes.<\/li>\n<li><strong>Lleve su caso a la corte<\/strong> . Si la negociaci\u00f3n no puede resultar en que usted y su familia obtengan el acuerdo que creen que merecen, nuestro abogado de lesiones personales puede llevar su caso a juicio. El proceso <a href=\"https:\/\/ohiocourtofclaims.gov\/\" target=\"_blank\" rel=\"noopener\">de juicio civil<\/a> puede ser costoso y llevar mucho tiempo, por lo que generalmente es el \u00faltimo recurso. Sin embargo, a veces las v\u00edctimas y sus familias pueden obtener mejores acuerdos por sus casos de lesiones graves al ir a juicio.<\/li>\n<\/ul>\n<p class=\"rs-content-cta rs-content-cta-small\">Para una consulta legal gratuita, llame al <a href=\"tel:+15138943333\">513-894-3333 <\/a><\/p><h2>Abogados de lesiones personales de confianza de Kruger &amp; Hodges en Fairfield, Ohio<\/h2>\n<p>Ya sea que haya resultado herido en un accidente automovil\u00edstico, un accidente de cami\u00f3n, un accidente de motocicleta , un accidente peatonal , un accidente de bicicleta, un accidente por conducir ebrio o un accidente de autob\u00fas en Fairfield, Ohio, es posible que solo tenga una cantidad limitada de tiempo para presentar un reclamo bajo el ley. Los abogados de accidentes de <a href=\"https:\/\/thehometownlawyers.com\/es\/contacto\/\">Kruger &amp; Hodges<\/a> est\u00e1n aqu\u00ed para ayudarlo. Nuestros abogados de lesiones personales pueden revisar su caso, estimar el valor de su reclamo por lesiones personales y tomar los siguientes pasos para obtener una recuperaci\u00f3n conforme a la ley.<\/p>\n<p class=\"rs-content-cta rs-content-cta-small\">Llame o env\u00ede un mensaje de texto al <a href=\"tel:+15138943333\">513-894-3333<\/a> o complete una <a href=\"\/es\/contacto\/\">evaluaci\u00f3n gratuita de su caso<\/a><\/p>","protected":false},"excerpt":{"rendered":"<p>Si result\u00f3 herido en un accidente en Fairfield, Ohio, los abogados de lesiones personales de Kruger &amp; Hodges Attorneys at Law pueden ayudarlo con su caso. Los accidentes inesperados pueden hacer que las v\u00edctimas y sus familias enfrenten altos costos m\u00e9dicos, gastos de rehabilitaci\u00f3n a largo plazo, salarios perdidos debido a la falta de tiempo &#8230;<\/p>\n","protected":false},"author":7,"featured_media":20730,"parent":0,"menu_order":0,"comment_status":"closed","ping_status":"closed","template":"","meta":{"_acf_changed":false,"inline_featured_image":false,"_genesis_hide_title":false,"_genesis_hide_breadcrumbs":false,"_genesis_hide_singular_image":false,"_genesis_hide_footer_widgets":false,"_genesis_custom_body_class":"","_genesis_custom_post_class":"","_genesis_layout":"","footnotes":""},"hc_faqs":[],"hc_spanish_faqs":[],"class_list":{"0":"post-21262","1":"page","2":"type-page","3":"status-publish","4":"has-post-thumbnail","6":"hc_city_location-fairfield-es","7":"entry"},"acf":[],"yoast_head":"<!-- This site is optimized with the Yoast SEO plugin v27.3 - https:\/\/yoast.com\/product\/yoast-seo-wordpress\/ -->\n<title>Abogados de lesiones personales en Fairfield, Ohio: Consulta gratuita<\/title>\n<meta name=\"description\" content=\"Los abogados de lesiones personales de Kruger &amp; Hodges en Fairfield pueden revisar su caso, estimar el valor de sus reclamos y buscar una recuperaci\u00f3n conforme a la ley.\" \/>\n<meta name=\"robots\" content=\"index, follow, max-snippet:-1, max-image-preview:large, max-video-preview:-1\" \/>\n<link rel=\"canonical\" href=\"https:\/\/thehometownlawyers.com\/es\/abogados-de-lesiones-personales-en-fairfield-ohio\/\" \/>\n<meta property=\"og:locale\" content=\"es_MX\" \/>\n<meta property=\"og:type\" content=\"article\" \/>\n<meta property=\"og:title\" content=\"Abogados de lesiones personales en Fairfield, Ohio: Consulta gratuita\" \/>\n<meta property=\"og:description\" content=\"Los abogados de lesiones personales de Kruger &amp; Hodges en Fairfield pueden revisar su caso, estimar el valor de sus reclamos y buscar una recuperaci\u00f3n conforme a la ley.\" \/>\n<meta property=\"og:url\" content=\"https:\/\/thehometownlawyers.com\/es\/abogados-de-lesiones-personales-en-fairfield-ohio\/\" \/>\n<meta property=\"og:site_name\" content=\"Kruger &amp; Hodges Abogados De Lesiones\" \/>\n<meta property=\"article:publisher\" content=\"https:\/\/www.facebook.com\/KrugerHodges\/\" \/>\n<meta property=\"article:modified_time\" content=\"2025-01-31T15:44:57+00:00\" \/>\n<meta property=\"og:image\" content=\"https:\/\/thehometownlawyers.com\/wp-content\/uploads\/2019\/01\/Leg-Injury-Photo.jpeg\" \/>\n\t<meta property=\"og:image:width\" content=\"640\" \/>\n\t<meta property=\"og:image:height\" content=\"426\" \/>\n\t<meta property=\"og:image:type\" content=\"image\/jpeg\" \/>\n<meta name=\"twitter:card\" content=\"summary_large_image\" \/>\n<meta name=\"twitter:label1\" content=\"Tiempo de lectura\" \/>\n\t<meta name=\"twitter:data1\" content=\"4 minutos\" \/>\n<script type=\"application\/ld+json\" class=\"yoast-schema-graph\">{\"@context\":\"https:\\\/\\\/schema.org\",\"@graph\":[{\"@type\":\"WebPage\",\"@id\":\"https:\\\/\\\/thehometownlawyers.com\\\/es\\\/abogados-de-lesiones-personales-en-fairfield-ohio\\\/\",\"url\":\"https:\\\/\\\/thehometownlawyers.com\\\/es\\\/abogados-de-lesiones-personales-en-fairfield-ohio\\\/\",\"name\":\"Abogados de lesiones personales en Fairfield, Ohio: Consulta gratuita\",\"isPartOf\":{\"@id\":\"https:\\\/\\\/thehometownlawyers.com\\\/es\\\/#website\"},\"primaryImageOfPage\":{\"@id\":\"https:\\\/\\\/thehometownlawyers.com\\\/es\\\/abogados-de-lesiones-personales-en-fairfield-ohio\\\/#primaryimage\"},\"image\":{\"@id\":\"https:\\\/\\\/thehometownlawyers.com\\\/es\\\/abogados-de-lesiones-personales-en-fairfield-ohio\\\/#primaryimage\"},\"thumbnailUrl\":\"https:\\\/\\\/thehometownlawyers.com\\\/wp-content\\\/uploads\\\/2019\\\/01\\\/Leg-Injury-Photo.jpeg\",\"datePublished\":\"2020-02-27T00:58:12+00:00\",\"dateModified\":\"2025-01-31T15:44:57+00:00\",\"description\":\"Los abogados de lesiones personales de Kruger & Hodges en Fairfield pueden revisar su caso, estimar el valor de sus reclamos y buscar una recuperaci\u00f3n conforme a la ley.\",\"breadcrumb\":{\"@id\":\"https:\\\/\\\/thehometownlawyers.com\\\/es\\\/abogados-de-lesiones-personales-en-fairfield-ohio\\\/#breadcrumb\"},\"inLanguage\":\"es\",\"potentialAction\":[{\"@type\":\"ReadAction\",\"target\":[\"https:\\\/\\\/thehometownlawyers.com\\\/es\\\/abogados-de-lesiones-personales-en-fairfield-ohio\\\/\"]}]},{\"@type\":\"ImageObject\",\"inLanguage\":\"es\",\"@id\":\"https:\\\/\\\/thehometownlawyers.com\\\/es\\\/abogados-de-lesiones-personales-en-fairfield-ohio\\\/#primaryimage\",\"url\":\"https:\\\/\\\/thehometownlawyers.com\\\/wp-content\\\/uploads\\\/2019\\\/01\\\/Leg-Injury-Photo.jpeg\",\"contentUrl\":\"https:\\\/\\\/thehometownlawyers.com\\\/wp-content\\\/uploads\\\/2019\\\/01\\\/Leg-Injury-Photo.jpeg\",\"width\":640,\"height\":426,\"caption\":\"Abogado de lesiones personales Condado de Darke, Ohio\"},{\"@type\":\"BreadcrumbList\",\"@id\":\"https:\\\/\\\/thehometownlawyers.com\\\/es\\\/abogados-de-lesiones-personales-en-fairfield-ohio\\\/#breadcrumb\",\"itemListElement\":[{\"@type\":\"ListItem\",\"position\":1,\"name\":\"Home\",\"item\":\"https:\\\/\\\/thehometownlawyers.com\\\/es\\\/\"},{\"@type\":\"ListItem\",\"position\":2,\"name\":\"Abogado de Lesiones Personales en Fairfield\"}]},{\"@type\":\"WebSite\",\"@id\":\"https:\\\/\\\/thehometownlawyers.com\\\/es\\\/#website\",\"url\":\"https:\\\/\\\/thehometownlawyers.com\\\/es\\\/\",\"name\":\"Kruger & Hodges Hometown Injury Lawyers | Accident Attorneys\",\"description\":\"Attorneys for Car, Truck and Motorcycle Accidents, Personal Injuries, and Criminal Defense.\",\"publisher\":{\"@id\":\"https:\\\/\\\/thehometownlawyers.com\\\/es\\\/#organization\"},\"alternateName\":\"Kruger & Hodges Personal Injury Lawyers\",\"inLanguage\":\"es\"},{\"@type\":\"Organization\",\"@id\":\"https:\\\/\\\/thehometownlawyers.com\\\/es\\\/#organization\",\"name\":\"Kruger & Hodges Hometown Injury Lawyers\",\"alternateName\":\"Kruger & Hodges\",\"url\":\"https:\\\/\\\/thehometownlawyers.com\\\/es\\\/\",\"logo\":{\"@type\":\"ImageObject\",\"inLanguage\":\"es\",\"@id\":\"https:\\\/\\\/thehometownlawyers.com\\\/es\\\/#\\\/schema\\\/logo\\\/image\\\/\",\"url\":\"https:\\\/\\\/thehometownlawyers.com\\\/wp-content\\\/uploads\\\/2025\\\/12\\\/revised-kh-logo-vertical-white-background-scaled.png\",\"contentUrl\":\"https:\\\/\\\/thehometownlawyers.com\\\/wp-content\\\/uploads\\\/2025\\\/12\\\/revised-kh-logo-vertical-white-background-scaled.png\",\"width\":2560,\"height\":1440,\"caption\":\"Kruger & Hodges Hometown Injury Lawyers\"},\"image\":{\"@id\":\"https:\\\/\\\/thehometownlawyers.com\\\/es\\\/#\\\/schema\\\/logo\\\/image\\\/\"},\"sameAs\":[\"https:\\\/\\\/www.facebook.com\\\/KrugerHodges\\\/\",\"https:\\\/\\\/www.instagram.com\\\/krugerhodges\\\/\",\"https:\\\/\\\/www.linkedin.com\\\/company\\\/kruger-hodges-hometown-injury-lawyers\\\/\",\"https:\\\/\\\/www.youtube.com\\\/channel\\\/UCeYcMaMaN2rb9jMlqt4EIdQ\",\"https:\\\/\\\/www.tiktok.com\\\/@thehometownlawyer\"]}]}<\/script>\n<!-- \/ Yoast SEO plugin. -->","yoast_head_json":{"title":"Abogados de lesiones personales en Fairfield, Ohio: Consulta gratuita","description":"Los abogados de lesiones personales de Kruger & Hodges en Fairfield pueden revisar su caso, estimar el valor de sus reclamos y buscar una recuperaci\u00f3n conforme a la ley.","robots":{"index":"index","follow":"follow","max-snippet":"max-snippet:-1","max-image-preview":"max-image-preview:large","max-video-preview":"max-video-preview:-1"},"canonical":"https:\/\/thehometownlawyers.com\/es\/abogados-de-lesiones-personales-en-fairfield-ohio\/","og_locale":"es_MX","og_type":"article","og_title":"Abogados de lesiones personales en Fairfield, Ohio: Consulta gratuita","og_description":"Los abogados de lesiones personales de Kruger & Hodges en Fairfield pueden revisar su caso, estimar el valor de sus reclamos y buscar una recuperaci\u00f3n conforme a la ley.","og_url":"https:\/\/thehometownlawyers.com\/es\/abogados-de-lesiones-personales-en-fairfield-ohio\/","og_site_name":"Kruger &amp; Hodges Abogados De Lesiones","article_publisher":"https:\/\/www.facebook.com\/KrugerHodges\/","article_modified_time":"2025-01-31T15:44:57+00:00","og_image":[{"width":640,"height":426,"url":"https:\/\/thehometownlawyers.com\/wp-content\/uploads\/2019\/01\/Leg-Injury-Photo.jpeg","type":"image\/jpeg"}],"twitter_card":"summary_large_image","twitter_misc":{"Tiempo de lectura":"4 minutos"},"schema":{"@context":"https:\/\/schema.org","@graph":[{"@type":"WebPage","@id":"https:\/\/thehometownlawyers.com\/es\/abogados-de-lesiones-personales-en-fairfield-ohio\/","url":"https:\/\/thehometownlawyers.com\/es\/abogados-de-lesiones-personales-en-fairfield-ohio\/","name":"Abogados de lesiones personales en Fairfield, Ohio: Consulta gratuita","isPartOf":{"@id":"https:\/\/thehometownlawyers.com\/es\/#website"},"primaryImageOfPage":{"@id":"https:\/\/thehometownlawyers.com\/es\/abogados-de-lesiones-personales-en-fairfield-ohio\/#primaryimage"},"image":{"@id":"https:\/\/thehometownlawyers.com\/es\/abogados-de-lesiones-personales-en-fairfield-ohio\/#primaryimage"},"thumbnailUrl":"https:\/\/thehometownlawyers.com\/wp-content\/uploads\/2019\/01\/Leg-Injury-Photo.jpeg","datePublished":"2020-02-27T00:58:12+00:00","dateModified":"2025-01-31T15:44:57+00:00","description":"Los abogados de lesiones personales de Kruger & Hodges en Fairfield pueden revisar su caso, estimar el valor de sus reclamos y buscar una recuperaci\u00f3n conforme a la ley.","breadcrumb":{"@id":"https:\/\/thehometownlawyers.com\/es\/abogados-de-lesiones-personales-en-fairfield-ohio\/#breadcrumb"},"inLanguage":"es","potentialAction":[{"@type":"ReadAction","target":["https:\/\/thehometownlawyers.com\/es\/abogados-de-lesiones-personales-en-fairfield-ohio\/"]}]},{"@type":"ImageObject","inLanguage":"es","@id":"https:\/\/thehometownlawyers.com\/es\/abogados-de-lesiones-personales-en-fairfield-ohio\/#primaryimage","url":"https:\/\/thehometownlawyers.com\/wp-content\/uploads\/2019\/01\/Leg-Injury-Photo.jpeg","contentUrl":"https:\/\/thehometownlawyers.com\/wp-content\/uploads\/2019\/01\/Leg-Injury-Photo.jpeg","width":640,"height":426,"caption":"Abogado de lesiones personales Condado de Darke, Ohio"},{"@type":"BreadcrumbList","@id":"https:\/\/thehometownlawyers.com\/es\/abogados-de-lesiones-personales-en-fairfield-ohio\/#breadcrumb","itemListElement":[{"@type":"ListItem","position":1,"name":"Home","item":"https:\/\/thehometownlawyers.com\/es\/"},{"@type":"ListItem","position":2,"name":"Abogado de Lesiones Personales en Fairfield"}]},{"@type":"WebSite","@id":"https:\/\/thehometownlawyers.com\/es\/#website","url":"https:\/\/thehometownlawyers.com\/es\/","name":"Kruger & Hodges Hometown Injury Lawyers | Accident Attorneys","description":"Attorneys for Car, Truck and Motorcycle Accidents, Personal Injuries, and Criminal Defense.","publisher":{"@id":"https:\/\/thehometownlawyers.com\/es\/#organization"},"alternateName":"Kruger & Hodges Personal Injury Lawyers","inLanguage":"es"},{"@type":"Organization","@id":"https:\/\/thehometownlawyers.com\/es\/#organization","name":"Kruger & Hodges Hometown Injury Lawyers","alternateName":"Kruger & Hodges","url":"https:\/\/thehometownlawyers.com\/es\/","logo":{"@type":"ImageObject","inLanguage":"es","@id":"https:\/\/thehometownlawyers.com\/es\/#\/schema\/logo\/image\/","url":"https:\/\/thehometownlawyers.com\/wp-content\/uploads\/2025\/12\/revised-kh-logo-vertical-white-background-scaled.png","contentUrl":"https:\/\/thehometownlawyers.com\/wp-content\/uploads\/2025\/12\/revised-kh-logo-vertical-white-background-scaled.png","width":2560,"height":1440,"caption":"Kruger & Hodges Hometown Injury Lawyers"},"image":{"@id":"https:\/\/thehometownlawyers.com\/es\/#\/schema\/logo\/image\/"},"sameAs":["https:\/\/www.facebook.com\/KrugerHodges\/","https:\/\/www.instagram.com\/krugerhodges\/","https:\/\/www.linkedin.com\/company\/kruger-hodges-hometown-injury-lawyers\/","https:\/\/www.youtube.com\/channel\/UCeYcMaMaN2rb9jMlqt4EIdQ","https:\/\/www.tiktok.com\/@thehometownlawyer"]}]}},"_links":{"self":[{"href":"https:\/\/thehometownlawyers.com\/es\/wp-json\/wp\/v2\/pages\/21262","targetHints":{"allow":["GET"]}}],"collection":[{"href":"https:\/\/thehometownlawyers.com\/es\/wp-json\/wp\/v2\/pages"}],"about":[{"href":"https:\/\/thehometownlawyers.com\/es\/wp-json\/wp\/v2\/types\/page"}],"author":[{"embeddable":true,"href":"https:\/\/thehometownlawyers.com\/es\/wp-json\/wp\/v2\/users\/7"}],"replies":[{"embeddable":true,"href":"https:\/\/thehometownlawyers.com\/es\/wp-json\/wp\/v2\/comments?post=21262"}],"version-history":[{"count":0,"href":"https:\/\/thehometownlawyers.com\/es\/wp-json\/wp\/v2\/pages\/21262\/revisions"}],"wp:featuredmedia":[{"embeddable":true,"href":"https:\/\/thehometownlawyers.com\/es\/wp-json\/wp\/v2\/media\/20730"}],"wp:attachment":[{"href":"https:\/\/thehometownlawyers.com\/es\/wp-json\/wp\/v2\/media?parent=21262"}],"wp:term":[{"taxonomy":"hc_faqs","embeddable":true,"href":"https:\/\/thehometownlawyers.com\/es\/wp-json\/wp\/v2\/hc_faqs?post=21262"},{"taxonomy":"hc_spanish_faqs","embeddable":true,"href":"https:\/\/thehometownlawyers.com\/es\/wp-json\/wp\/v2\/hc_spanish_faqs?post=21262"}],"curies":[{"name":"wp","href":"https:\/\/api.w.org\/{rel}","templated":true}]}}