{"id":21263,"date":"2020-02-26T20:17:20","date_gmt":"2020-02-27T01:17:20","guid":{"rendered":"https:\/\/thehometownlawyers.com\/?page_id=21263"},"modified":"2025-04-03T13:54:46","modified_gmt":"2025-04-03T17:54:46","slug":"bufete-de-abogados-de-accidentes-de-autobus-de-trenton","status":"publish","type":"page","link":"https:\/\/thehometownlawyers.com\/es\/abogados-de-lesiones-personales-que-prestan-servicios-en-trenton-ohio\/bufete-de-abogados-de-accidentes-de-autobus-de-trenton\/","title":{"rendered":"Abogado de Accidente de Autob\u00fas en Trenton"},"content":{"rendered":"<h2>Bufete de abogados de accidentes de autob\u00fas que presta servicios en Trenton, Ohio<\/h2>\n<p>Kruger &amp; Hodges Attorneys at Law es un bufete de abogados de accidentes de autob\u00fas que presta servicios en Trenton, Ohio, que puede ayudarlo si ha resultado lesionado en un accidente de autob\u00fas.<\/p>\n<p>\u00bfSe lesion\u00f3 usted o un ser querido mientras viajaba en el transporte p\u00fablico, se lesion\u00f3 mientras viajaba en un autob\u00fas de larga distancia o se lesion\u00f3 en un accidente de autob\u00fas escolar? Usted puede tener derechos importantes bajo la ley.<\/p>\n<p>Por ejemplo, puede tener derecho a reclamar da\u00f1os y perjuicios por sus costos m\u00e9dicos, salarios perdidos, gastos de rehabilitaci\u00f3n y p\u00e9rdidas por dolor y sufrimiento derivadas de su accidente de autob\u00fas.<\/p>\n<p>\u00bfTiene preguntas sobre sus derechos en Trenton, Ohio despu\u00e9s de una lesi\u00f3n por accidente de autob\u00fas? P\u00f3ngase en contacto con los abogados de Kruger &amp; Hodges hoy.<\/p>\n<p class=\"rs-content-cta rs-content-cta-small\">Para una consulta legal gratuita, llame al <a href=\"tel:+15138943333\">513-894-3333 <\/a><\/p><h2>Causas de accidentes de autob\u00fas<\/h2>\n<p>Muchos factores pueden desempe\u00f1ar un papel en un accidente de autob\u00fas. Es posible que las empresas de autobuses y los conductores deban cumplir con las estrictas leyes locales y federales.<\/p>\n<p>Es posible que se requiera que los conductores tengan licencias de conducir comerciales y que las compa\u00f1\u00edas de autobuses deban mantener adecuadamente sus veh\u00edculos, garantizar que los conductores obedezcan las leyes de horas de servicio y tomar medidas para proteger la seguridad de los pasajeros.<\/p>\n<p>Cuando las compa\u00f1\u00edas de autobuses toman atajos, las personas inocentes pueden salir lastimadas. Los accidentes de autob\u00fas pueden ser causados por una variedad de factores que incluyen: conducci\u00f3n distra\u00edda, conducci\u00f3n fatigada, conducci\u00f3n en estado de ebriedad o bajo los efectos de las drogas, o conducci\u00f3n que infringe la ley o las normas de tr\u00e1nsito.<\/p>\n<p>Las compa\u00f1\u00edas de autobuses pueden ser responsables de un accidente de autob\u00fas si los conductores est\u00e1n debidamente investigados o capacitados, si los veh\u00edculos no reciben el mantenimiento o la inspecci\u00f3n adecuados, y si se les pide a los conductores que trabajen horas que violan las leyes de horas de servicio.<\/p>\n<p>Si result\u00f3 herido en un accidente de autob\u00fas en Trenton, Ohio, y el conductor o la compa\u00f1\u00eda del autob\u00fas tuvo la culpa, es posible que tenga derecho a reclamar da\u00f1os y perjuicios conforme a la ley.<\/p>\n<p>Las compa\u00f1\u00edas de autobuses deben tener p\u00f3lizas de seguro para proteger a los pasajeros en caso de un choque. Si usted o alguien a quien ama result\u00f3 herido en un accidente de autob\u00fas, los abogados de Kruger &amp; Hodges en Trenton, Ohio, pueden ayudarlo.<\/p>\n<p class=\"rs-content-cta\">Abogado de Lesiones Personales de Trenton Cerca de M\u00ed <a href=\"tel:+15138943333\">513-894-3333<\/a><\/p><h2>Tipos de Autobuses y Choques<\/h2>\n<p>El tipo de autob\u00fas en el que viajaba cuando se lesion\u00f3 podr\u00eda afectar c\u00f3mo proceder\u00eda su reclamo por lesiones personales. Por ejemplo, los reclamos contra el gobierno por un accidente de autob\u00fas escolar o un accidente de transporte p\u00fablico a veces pueden ser m\u00e1s complicados que los reclamos contra una empresa privada.<\/p>\n<p>Algunos autobuses escolares son privados y otros son p\u00fablicos y est\u00e1n administrados por el sistema escolar p\u00fablico. Determinar qui\u00e9n dirige la compa\u00f1\u00eda de autobuses y qui\u00e9n es responsable es un primer paso importante en cualquier reclamo por lesiones por accidente de autob\u00fas.<\/p>\n<p>Al buscar un acuerdo de seguro despu\u00e9s de un accidente de autob\u00fas, las personas pueden enfrentarse a desaf\u00edos en accidentes de autob\u00fas en los que varias personas resultaron heridas.<\/p>\n<p>En algunos casos, se realizan varios reclamos en la misma p\u00f3liza, e incluso si los l\u00edmites del seguro son altos, a\u00fan se pueden alcanzar los l\u00edmites de reclamo. Si esto ocurre, las v\u00edctimas pueden tener derecho a reclamar da\u00f1os y perjuicios a la propia empresa de autobuses oa otras partes responsables.<\/p>\n<p>Otro problema es si se lesion\u00f3 debido a un choque o mientras viajaba en el autob\u00fas. A veces, los accidentes pueden ocurrir porque un pasajero sufre un resbal\u00f3n y una ca\u00edda mientras viaja en un veh\u00edculo, y algunos accidentes ocurren porque el autob\u00fas choca contra otro veh\u00edculo. Todos estos factores pueden desempe\u00f1ar un papel en su reclamo por lesiones personales por accidente de autob\u00fas.<\/p>\n<p>Los abogados de accidentes de autob\u00fas de Kruger &amp; Hodges Attorneys at Law que prestan servicios en Trenton, Ohio, pueden ayudarlo a navegar por las complejidades del proceso de reclamos.<\/p>\n<p>Es posible que usted y su familia solo tengan un tiempo limitado para presentar un reclamo despu\u00e9s de un accidente. En un reclamo por accidente de autob\u00fas, varias partes pueden ser responsables de pagar sus da\u00f1os, desde la propia compa\u00f1\u00eda de autobuses hasta sus aseguradoras, conductores y otras partes interesadas.<\/p>\n<p>P\u00f3ngase en contacto con los abogados de Kruger &amp; Hodges hoy para obtener m\u00e1s informaci\u00f3n sobre sus derechos y opciones bajo la ley.<\/p>\n<p class=\"rs-content-cta rs-content-cta-small\">Llame o env\u00ede un mensaje de texto al <a href=\"tel:+15138943333\">513-894-3333<\/a> o complete una <a href=\"\/es\/contacto\/\">evaluaci\u00f3n gratuita de su caso<\/a><\/p>","protected":false},"excerpt":{"rendered":"<p>Bufete de abogados de accidentes de autob\u00fas que presta servicios en Trenton, Ohio Kruger &amp; Hodges Attorneys at Law es un bufete de abogados de accidentes de autob\u00fas que presta servicios en Trenton, Ohio, que puede ayudarlo si ha resultado lesionado en un accidente de autob\u00fas. \u00bfSe lesion\u00f3 usted o un ser querido mientras viajaba &#8230;<\/p>\n","protected":false},"author":7,"featured_media":24656,"parent":21264,"menu_order":0,"comment_status":"closed","ping_status":"closed","template":"","meta":{"_acf_changed":false,"inline_featured_image":false,"_genesis_hide_title":false,"_genesis_hide_breadcrumbs":false,"_genesis_hide_singular_image":false,"_genesis_hide_footer_widgets":false,"_genesis_custom_body_class":"","_genesis_custom_post_class":"","_genesis_layout":"","footnotes":""},"hc_faqs":[],"hc_spanish_faqs":[],"class_list":{"0":"post-21263","1":"page","2":"type-page","3":"status-publish","4":"has-post-thumbnail","6":"hc_city_location-trenton-es","7":"entry"},"acf":[],"yoast_head":"<!-- This site is optimized with the Yoast SEO plugin v27.4 - https:\/\/yoast.com\/product\/yoast-seo-wordpress\/ -->\n<title>Bufete de abogados de accidentes de autob\u00fas de Trenton: Consulta gratuita<\/title>\n<meta name=\"description\" content=\"P\u00f3ngase en contacto con los abogados de Kruger &amp; Hodges hoy para obtener m\u00e1s informaci\u00f3n sobre sus derechos y opciones bajo la ley.\" \/>\n<meta name=\"robots\" content=\"index, follow, max-snippet:-1, max-image-preview:large, max-video-preview:-1\" \/>\n<link rel=\"canonical\" href=\"https:\/\/thehometownlawyers.com\/es\/abogados-de-lesiones-personales-que-prestan-servicios-en-trenton-ohio\/bufete-de-abogados-de-accidentes-de-autobus-de-trenton\/\" \/>\n<meta property=\"og:locale\" content=\"es_MX\" \/>\n<meta property=\"og:type\" content=\"article\" \/>\n<meta property=\"og:title\" content=\"Bufete de abogados de accidentes de autob\u00fas de Trenton: Consulta gratuita\" \/>\n<meta property=\"og:description\" content=\"P\u00f3ngase en contacto con los abogados de Kruger &amp; Hodges hoy para obtener m\u00e1s informaci\u00f3n sobre sus derechos y opciones bajo la ley.\" \/>\n<meta property=\"og:url\" content=\"https:\/\/thehometownlawyers.com\/es\/abogados-de-lesiones-personales-que-prestan-servicios-en-trenton-ohio\/bufete-de-abogados-de-accidentes-de-autobus-de-trenton\/\" \/>\n<meta property=\"og:site_name\" content=\"Kruger &amp; Hodges Abogados De Lesiones\" \/>\n<meta property=\"article:publisher\" content=\"https:\/\/www.facebook.com\/KrugerHodges\/\" \/>\n<meta property=\"article:modified_time\" content=\"2025-04-03T17:54:46+00:00\" \/>\n<meta property=\"og:image\" content=\"https:\/\/thehometownlawyers.com\/wp-content\/uploads\/2025\/03\/School-Bus-Accident-Lawyer.jpg\" \/>\n\t<meta property=\"og:image:width\" content=\"640\" \/>\n\t<meta property=\"og:image:height\" content=\"360\" \/>\n\t<meta property=\"og:image:type\" content=\"image\/jpeg\" \/>\n<meta name=\"twitter:card\" content=\"summary_large_image\" \/>\n<meta name=\"twitter:label1\" content=\"Tiempo de lectura\" \/>\n\t<meta name=\"twitter:data1\" content=\"4 minutos\" \/>\n<script type=\"application\/ld+json\" class=\"yoast-schema-graph\">{\"@context\":\"https:\\\/\\\/schema.org\",\"@graph\":[{\"@type\":\"WebPage\",\"@id\":\"https:\\\/\\\/thehometownlawyers.com\\\/es\\\/abogados-de-lesiones-personales-que-prestan-servicios-en-trenton-ohio\\\/bufete-de-abogados-de-accidentes-de-autobus-de-trenton\\\/\",\"url\":\"https:\\\/\\\/thehometownlawyers.com\\\/es\\\/abogados-de-lesiones-personales-que-prestan-servicios-en-trenton-ohio\\\/bufete-de-abogados-de-accidentes-de-autobus-de-trenton\\\/\",\"name\":\"Bufete de abogados de accidentes de autob\u00fas de Trenton: Consulta gratuita\",\"isPartOf\":{\"@id\":\"https:\\\/\\\/thehometownlawyers.com\\\/es\\\/#website\"},\"primaryImageOfPage\":{\"@id\":\"https:\\\/\\\/thehometownlawyers.com\\\/es\\\/abogados-de-lesiones-personales-que-prestan-servicios-en-trenton-ohio\\\/bufete-de-abogados-de-accidentes-de-autobus-de-trenton\\\/#primaryimage\"},\"image\":{\"@id\":\"https:\\\/\\\/thehometownlawyers.com\\\/es\\\/abogados-de-lesiones-personales-que-prestan-servicios-en-trenton-ohio\\\/bufete-de-abogados-de-accidentes-de-autobus-de-trenton\\\/#primaryimage\"},\"thumbnailUrl\":\"https:\\\/\\\/thehometownlawyers.com\\\/wp-content\\\/uploads\\\/2025\\\/03\\\/School-Bus-Accident-Lawyer.jpg\",\"datePublished\":\"2020-02-27T01:17:20+00:00\",\"dateModified\":\"2025-04-03T17:54:46+00:00\",\"description\":\"P\u00f3ngase en contacto con los abogados de Kruger & Hodges hoy para obtener m\u00e1s informaci\u00f3n sobre sus derechos y opciones bajo la ley.\",\"breadcrumb\":{\"@id\":\"https:\\\/\\\/thehometownlawyers.com\\\/es\\\/abogados-de-lesiones-personales-que-prestan-servicios-en-trenton-ohio\\\/bufete-de-abogados-de-accidentes-de-autobus-de-trenton\\\/#breadcrumb\"},\"inLanguage\":\"es\",\"potentialAction\":[{\"@type\":\"ReadAction\",\"target\":[\"https:\\\/\\\/thehometownlawyers.com\\\/es\\\/abogados-de-lesiones-personales-que-prestan-servicios-en-trenton-ohio\\\/bufete-de-abogados-de-accidentes-de-autobus-de-trenton\\\/\"]}]},{\"@type\":\"ImageObject\",\"inLanguage\":\"es\",\"@id\":\"https:\\\/\\\/thehometownlawyers.com\\\/es\\\/abogados-de-lesiones-personales-que-prestan-servicios-en-trenton-ohio\\\/bufete-de-abogados-de-accidentes-de-autobus-de-trenton\\\/#primaryimage\",\"url\":\"https:\\\/\\\/thehometownlawyers.com\\\/wp-content\\\/uploads\\\/2025\\\/03\\\/School-Bus-Accident-Lawyer.jpg\",\"contentUrl\":\"https:\\\/\\\/thehometownlawyers.com\\\/wp-content\\\/uploads\\\/2025\\\/03\\\/School-Bus-Accident-Lawyer.jpg\",\"width\":640,\"height\":360,\"caption\":\"Abogado de accidentes de autob\u00fas escolar\"},{\"@type\":\"BreadcrumbList\",\"@id\":\"https:\\\/\\\/thehometownlawyers.com\\\/es\\\/abogados-de-lesiones-personales-que-prestan-servicios-en-trenton-ohio\\\/bufete-de-abogados-de-accidentes-de-autobus-de-trenton\\\/#breadcrumb\",\"itemListElement\":[{\"@type\":\"ListItem\",\"position\":1,\"name\":\"Home\",\"item\":\"https:\\\/\\\/thehometownlawyers.com\\\/es\\\/\"},{\"@type\":\"ListItem\",\"position\":2,\"name\":\"Abogado de Lesiones Personales en Trenton\",\"item\":\"https:\\\/\\\/thehometownlawyers.com\\\/es\\\/abogados-de-lesiones-personales-que-prestan-servicios-en-trenton-ohio\\\/\"},{\"@type\":\"ListItem\",\"position\":3,\"name\":\"Abogado de Accidente de Autob\u00fas en Trenton\"}]},{\"@type\":\"WebSite\",\"@id\":\"https:\\\/\\\/thehometownlawyers.com\\\/es\\\/#website\",\"url\":\"https:\\\/\\\/thehometownlawyers.com\\\/es\\\/\",\"name\":\"Kruger & Hodges Hometown Injury Lawyers | Accident Attorneys\",\"description\":\"Attorneys for Car, Truck and Motorcycle Accidents, Personal Injuries, and Criminal Defense.\",\"publisher\":{\"@id\":\"https:\\\/\\\/thehometownlawyers.com\\\/es\\\/#organization\"},\"alternateName\":\"Kruger & Hodges Personal Injury Lawyers\",\"inLanguage\":\"es\"},{\"@type\":\"Organization\",\"@id\":\"https:\\\/\\\/thehometownlawyers.com\\\/es\\\/#organization\",\"name\":\"Kruger & Hodges Hometown Injury Lawyers\",\"alternateName\":\"Kruger & Hodges\",\"url\":\"https:\\\/\\\/thehometownlawyers.com\\\/es\\\/\",\"logo\":{\"@type\":\"ImageObject\",\"inLanguage\":\"es\",\"@id\":\"https:\\\/\\\/thehometownlawyers.com\\\/es\\\/#\\\/schema\\\/logo\\\/image\\\/\",\"url\":\"https:\\\/\\\/thehometownlawyers.com\\\/wp-content\\\/uploads\\\/2025\\\/12\\\/revised-kh-logo-vertical-white-background-scaled.png\",\"contentUrl\":\"https:\\\/\\\/thehometownlawyers.com\\\/wp-content\\\/uploads\\\/2025\\\/12\\\/revised-kh-logo-vertical-white-background-scaled.png\",\"width\":2560,\"height\":1440,\"caption\":\"Kruger & Hodges Hometown Injury Lawyers\"},\"image\":{\"@id\":\"https:\\\/\\\/thehometownlawyers.com\\\/es\\\/#\\\/schema\\\/logo\\\/image\\\/\"},\"sameAs\":[\"https:\\\/\\\/www.facebook.com\\\/KrugerHodges\\\/\",\"https:\\\/\\\/www.instagram.com\\\/krugerhodges\\\/\",\"https:\\\/\\\/www.linkedin.com\\\/company\\\/kruger-hodges-hometown-injury-lawyers\\\/\",\"https:\\\/\\\/www.youtube.com\\\/channel\\\/UCeYcMaMaN2rb9jMlqt4EIdQ\",\"https:\\\/\\\/www.tiktok.com\\\/@thehometownlawyer\"]}]}<\/script>\n<!-- \/ Yoast SEO plugin. -->","yoast_head_json":{"title":"Bufete de abogados de accidentes de autob\u00fas de Trenton: Consulta gratuita","description":"P\u00f3ngase en contacto con los abogados de Kruger & Hodges hoy para obtener m\u00e1s informaci\u00f3n sobre sus derechos y opciones bajo la ley.","robots":{"index":"index","follow":"follow","max-snippet":"max-snippet:-1","max-image-preview":"max-image-preview:large","max-video-preview":"max-video-preview:-1"},"canonical":"https:\/\/thehometownlawyers.com\/es\/abogados-de-lesiones-personales-que-prestan-servicios-en-trenton-ohio\/bufete-de-abogados-de-accidentes-de-autobus-de-trenton\/","og_locale":"es_MX","og_type":"article","og_title":"Bufete de abogados de accidentes de autob\u00fas de Trenton: Consulta gratuita","og_description":"P\u00f3ngase en contacto con los abogados de Kruger & Hodges hoy para obtener m\u00e1s informaci\u00f3n sobre sus derechos y opciones bajo la ley.","og_url":"https:\/\/thehometownlawyers.com\/es\/abogados-de-lesiones-personales-que-prestan-servicios-en-trenton-ohio\/bufete-de-abogados-de-accidentes-de-autobus-de-trenton\/","og_site_name":"Kruger &amp; Hodges Abogados De Lesiones","article_publisher":"https:\/\/www.facebook.com\/KrugerHodges\/","article_modified_time":"2025-04-03T17:54:46+00:00","og_image":[{"width":640,"height":360,"url":"https:\/\/thehometownlawyers.com\/wp-content\/uploads\/2025\/03\/School-Bus-Accident-Lawyer.jpg","type":"image\/jpeg"}],"twitter_card":"summary_large_image","twitter_misc":{"Tiempo de lectura":"4 minutos"},"schema":{"@context":"https:\/\/schema.org","@graph":[{"@type":"WebPage","@id":"https:\/\/thehometownlawyers.com\/es\/abogados-de-lesiones-personales-que-prestan-servicios-en-trenton-ohio\/bufete-de-abogados-de-accidentes-de-autobus-de-trenton\/","url":"https:\/\/thehometownlawyers.com\/es\/abogados-de-lesiones-personales-que-prestan-servicios-en-trenton-ohio\/bufete-de-abogados-de-accidentes-de-autobus-de-trenton\/","name":"Bufete de abogados de accidentes de autob\u00fas de Trenton: Consulta gratuita","isPartOf":{"@id":"https:\/\/thehometownlawyers.com\/es\/#website"},"primaryImageOfPage":{"@id":"https:\/\/thehometownlawyers.com\/es\/abogados-de-lesiones-personales-que-prestan-servicios-en-trenton-ohio\/bufete-de-abogados-de-accidentes-de-autobus-de-trenton\/#primaryimage"},"image":{"@id":"https:\/\/thehometownlawyers.com\/es\/abogados-de-lesiones-personales-que-prestan-servicios-en-trenton-ohio\/bufete-de-abogados-de-accidentes-de-autobus-de-trenton\/#primaryimage"},"thumbnailUrl":"https:\/\/thehometownlawyers.com\/wp-content\/uploads\/2025\/03\/School-Bus-Accident-Lawyer.jpg","datePublished":"2020-02-27T01:17:20+00:00","dateModified":"2025-04-03T17:54:46+00:00","description":"P\u00f3ngase en contacto con los abogados de Kruger & Hodges hoy para obtener m\u00e1s informaci\u00f3n sobre sus derechos y opciones bajo la ley.","breadcrumb":{"@id":"https:\/\/thehometownlawyers.com\/es\/abogados-de-lesiones-personales-que-prestan-servicios-en-trenton-ohio\/bufete-de-abogados-de-accidentes-de-autobus-de-trenton\/#breadcrumb"},"inLanguage":"es","potentialAction":[{"@type":"ReadAction","target":["https:\/\/thehometownlawyers.com\/es\/abogados-de-lesiones-personales-que-prestan-servicios-en-trenton-ohio\/bufete-de-abogados-de-accidentes-de-autobus-de-trenton\/"]}]},{"@type":"ImageObject","inLanguage":"es","@id":"https:\/\/thehometownlawyers.com\/es\/abogados-de-lesiones-personales-que-prestan-servicios-en-trenton-ohio\/bufete-de-abogados-de-accidentes-de-autobus-de-trenton\/#primaryimage","url":"https:\/\/thehometownlawyers.com\/wp-content\/uploads\/2025\/03\/School-Bus-Accident-Lawyer.jpg","contentUrl":"https:\/\/thehometownlawyers.com\/wp-content\/uploads\/2025\/03\/School-Bus-Accident-Lawyer.jpg","width":640,"height":360,"caption":"Abogado de accidentes de autob\u00fas escolar"},{"@type":"BreadcrumbList","@id":"https:\/\/thehometownlawyers.com\/es\/abogados-de-lesiones-personales-que-prestan-servicios-en-trenton-ohio\/bufete-de-abogados-de-accidentes-de-autobus-de-trenton\/#breadcrumb","itemListElement":[{"@type":"ListItem","position":1,"name":"Home","item":"https:\/\/thehometownlawyers.com\/es\/"},{"@type":"ListItem","position":2,"name":"Abogado de Lesiones Personales en Trenton","item":"https:\/\/thehometownlawyers.com\/es\/abogados-de-lesiones-personales-que-prestan-servicios-en-trenton-ohio\/"},{"@type":"ListItem","position":3,"name":"Abogado de Accidente de Autob\u00fas en Trenton"}]},{"@type":"WebSite","@id":"https:\/\/thehometownlawyers.com\/es\/#website","url":"https:\/\/thehometownlawyers.com\/es\/","name":"Kruger & Hodges Hometown Injury Lawyers | Accident Attorneys","description":"Attorneys for Car, Truck and Motorcycle Accidents, Personal Injuries, and Criminal Defense.","publisher":{"@id":"https:\/\/thehometownlawyers.com\/es\/#organization"},"alternateName":"Kruger & Hodges Personal Injury Lawyers","inLanguage":"es"},{"@type":"Organization","@id":"https:\/\/thehometownlawyers.com\/es\/#organization","name":"Kruger & Hodges Hometown Injury Lawyers","alternateName":"Kruger & Hodges","url":"https:\/\/thehometownlawyers.com\/es\/","logo":{"@type":"ImageObject","inLanguage":"es","@id":"https:\/\/thehometownlawyers.com\/es\/#\/schema\/logo\/image\/","url":"https:\/\/thehometownlawyers.com\/wp-content\/uploads\/2025\/12\/revised-kh-logo-vertical-white-background-scaled.png","contentUrl":"https:\/\/thehometownlawyers.com\/wp-content\/uploads\/2025\/12\/revised-kh-logo-vertical-white-background-scaled.png","width":2560,"height":1440,"caption":"Kruger & Hodges Hometown Injury Lawyers"},"image":{"@id":"https:\/\/thehometownlawyers.com\/es\/#\/schema\/logo\/image\/"},"sameAs":["https:\/\/www.facebook.com\/KrugerHodges\/","https:\/\/www.instagram.com\/krugerhodges\/","https:\/\/www.linkedin.com\/company\/kruger-hodges-hometown-injury-lawyers\/","https:\/\/www.youtube.com\/channel\/UCeYcMaMaN2rb9jMlqt4EIdQ","https:\/\/www.tiktok.com\/@thehometownlawyer"]}]}},"_links":{"self":[{"href":"https:\/\/thehometownlawyers.com\/es\/wp-json\/wp\/v2\/pages\/21263","targetHints":{"allow":["GET"]}}],"collection":[{"href":"https:\/\/thehometownlawyers.com\/es\/wp-json\/wp\/v2\/pages"}],"about":[{"href":"https:\/\/thehometownlawyers.com\/es\/wp-json\/wp\/v2\/types\/page"}],"author":[{"embeddable":true,"href":"https:\/\/thehometownlawyers.com\/es\/wp-json\/wp\/v2\/users\/7"}],"replies":[{"embeddable":true,"href":"https:\/\/thehometownlawyers.com\/es\/wp-json\/wp\/v2\/comments?post=21263"}],"version-history":[{"count":0,"href":"https:\/\/thehometownlawyers.com\/es\/wp-json\/wp\/v2\/pages\/21263\/revisions"}],"up":[{"embeddable":true,"href":"https:\/\/thehometownlawyers.com\/es\/wp-json\/wp\/v2\/pages\/21264"}],"wp:featuredmedia":[{"embeddable":true,"href":"https:\/\/thehometownlawyers.com\/es\/wp-json\/wp\/v2\/media\/24656"}],"wp:attachment":[{"href":"https:\/\/thehometownlawyers.com\/es\/wp-json\/wp\/v2\/media?parent=21263"}],"wp:term":[{"taxonomy":"hc_faqs","embeddable":true,"href":"https:\/\/thehometownlawyers.com\/es\/wp-json\/wp\/v2\/hc_faqs?post=21263"},{"taxonomy":"hc_spanish_faqs","embeddable":true,"href":"https:\/\/thehometownlawyers.com\/es\/wp-json\/wp\/v2\/hc_spanish_faqs?post=21263"}],"curies":[{"name":"wp","href":"https:\/\/api.w.org\/{rel}","templated":true}]}}