{"id":21264,"date":"2020-02-26T21:13:59","date_gmt":"2020-02-27T02:13:59","guid":{"rendered":"https:\/\/thehometownlawyers.com\/?page_id=21264"},"modified":"2025-01-31T10:59:00","modified_gmt":"2025-01-31T15:59:00","slug":"abogados-de-lesiones-personales-que-prestan-servicios-en-trenton-ohio","status":"publish","type":"page","link":"https:\/\/thehometownlawyers.com\/es\/abogados-de-lesiones-personales-que-prestan-servicios-en-trenton-ohio\/","title":{"rendered":"Abogado de Lesiones Personales en Trenton"},"content":{"rendered":"<p>Kruger &amp; Hodges Attorneys at Law es un bufete de abogados de lesiones personales que presta servicios en Trenton, Ohio, que puede ayudarlo a buscar da\u00f1os por sus p\u00e9rdidas despu\u00e9s de un accidente si ha resultado herido debido a la negligencia o negligencia de otra parte. Nuestros abogados de accidentes trabajan en estrecha colaboraci\u00f3n con las v\u00edctimas y las familias para ayudarlos a buscar una recuperaci\u00f3n de las compa\u00f1\u00edas de seguros y las partes negligentes despu\u00e9s de un choque o accidente automovil\u00edstico. Si result\u00f3 lesionado en un accidente automovil\u00edstico, un accidente de cami\u00f3n, un accidente de motocicleta, un accidente de peat\u00f3n, un accidente de bicicleta o un accidente de autob\u00fas, comun\u00edquese hoy con los abogados de lesiones personales que prestan servicios en Trenton, Ohio, en Kruger &amp; Hodges Attorneys at Law.<\/p>\n<p>Nuestro bufete de abogados puede revisar sus costos m\u00e9dicos, gastos de rehabilitaci\u00f3n, salarios perdidos debido a tiempo perdido en el trabajo y da\u00f1os por dolor y sufrimiento para llegar a una estimaci\u00f3n justa del valor de su reclamo. Tambi\u00e9n podemos evaluar los detalles de su caso para determinar la negligencia y ayudarlo a tomar los siguientes pasos para perseguir a las partes negligentes y sus aseguradoras, ya sea dentro o fuera de la corte. Para buscar da\u00f1os por lesiones personales, deber\u00e1 establecer qui\u00e9n tuvo la culpa de su lesi\u00f3n y demostrar que su lesi\u00f3n result\u00f3 en da\u00f1os y p\u00e9rdidas.<\/p>\n<p>Tener una buena comprensi\u00f3n de lo que podr\u00eda valer su reclamo es importante cuando busca un acuerdo con las compa\u00f1\u00edas de seguros. Las compa\u00f1\u00edas de seguros a veces pueden ofrecer a las v\u00edctimas de un accidente lo que parece ser un acuerdo sustancial, pero antes de aceptar el acuerdo de la compa\u00f1\u00eda de seguros, puede ser conveniente tener una buena comprensi\u00f3n del valor de su reclamo porque a veces los ajustadores de seguros pueden estimar los da\u00f1os y otras es posible que no tengan toda la informaci\u00f3n que necesitan para hacer una evaluaci\u00f3n precisa de su reclamo. \u00bfTiene preguntas sobre sus derechos despu\u00e9s de un accidente? Kruger &amp; Hodges Attorneys at Law es un bufete de abogados de lesiones personales con servicio en Trenton, Ohio, que puede ayudarlo.<\/p>\n<h2>\u00bfC\u00f3mo puede ayudarlo un abogado de accidentes en Trenton, Ohio?<\/h2>\n<p>Un abogado de accidentes cerca de Trenton, Ohio, como los abogados de Kruger &amp; Hodges Attorneys at Law, puede ayudarlo con varios aspectos de su reclamo por lesiones personales. Primero, podemos tomarnos el tiempo para evaluar su reclamo, brindarle una evaluaci\u00f3n honesta de su caso y ayudarlo a identificar las partes negligentes y cualquier otra parte interesada. Podemos revisar sus facturas y p\u00e9rdidas para estimar cu\u00e1nto podr\u00eda valer su liquidaci\u00f3n. Y finalmente, podemos negociar con las compa\u00f1\u00edas de seguros y los ajustadores de seguros para ayudarlo a obtener el acuerdo al que podr\u00eda tener derecho a recibir. Si la negociaci\u00f3n no produce resultados, los abogados de Kruger &amp; Hodges tambi\u00e9n pueden pelear su caso a trav\u00e9s de un litigio, si es necesario. Presentar un reclamo por lesiones personales puede implicar hablar con los ajustadores de seguros, presentar evidencia a los ajustadores y a las partes negligentes, y tener una comprensi\u00f3n clara de qui\u00e9n podr\u00eda tener la culpa y cu\u00e1nto podr\u00eda valer su caso. Los abogados de Kruger &amp; Hodges pueden ayudar.<\/p>\n<p class=\"rs-content-cta rs-content-cta-small\">Para una consulta legal gratuita, llame al <a href=\"tel:+15138943333\">513-894-3333 <\/a><\/p><h2>Ayudar a las familias a buscar justicia por sus lesiones y p\u00e9rdidas<\/h2>\n<p>Cada a\u00f1o, miles de personas resultan lesionadas debido a las acciones negligentes de los conductores en la carretera. El exceso de velocidad, los mensajes de texto y la conducci\u00f3n, la conducci\u00f3n distra\u00edda, la conducci\u00f3n en estado de ebriedad, la conducci\u00f3n imprudente y el incumplimiento de las normas de tr\u00e1nsito pueden provocar accidentes devastadores. Si las acciones de otro conductor resultaron en sus lesiones, usted y su familia podr\u00edan tener derecho a reclamar da\u00f1os por sus p\u00e9rdidas. Las consecuencias de un accidente automovil\u00edstico pueden ser devastadoras para las v\u00edctimas y sus familias. Es posible que se enfrente a gastos m\u00e9dicos elevados, ausentismo laboral que puede dificultar llegar a fin de mes y otros costos. Kruger &amp; Hodges Attorneys at Law es un bufete de abogados de lesiones personales con servicio en Trenton, Ohio, que puede ayudarlo con su caso. Es posible que solo tenga una cantidad limitada de tiempo para reclamar da\u00f1os por su accidente despu\u00e9s de que ocurra. Su abogado de accidentes puede necesitar tiempo para evaluar y recopilar pruebas para su caso, por lo que es importante comunicarse lo antes posible si tiene preguntas sobre su reclamo o sus derechos.<\/p>\n<p class=\"rs-content-cta rs-content-cta-small\">Llame o env\u00ede un mensaje de texto al <a href=\"tel:+15138943333\">513-894-3333<\/a> o complete una <a href=\"\/es\/contacto\/\">evaluaci\u00f3n gratuita de su caso<\/a><\/p>","protected":false},"excerpt":{"rendered":"<p>Kruger &amp; Hodges Attorneys at Law es un bufete de abogados de lesiones personales que presta servicios en Trenton, Ohio, que puede ayudarlo a buscar da\u00f1os por sus p\u00e9rdidas despu\u00e9s de un accidente si ha resultado herido debido a la negligencia o negligencia de otra parte. Nuestros abogados de accidentes trabajan en estrecha colaboraci\u00f3n con &#8230;<\/p>\n","protected":false},"author":7,"featured_media":20813,"parent":0,"menu_order":0,"comment_status":"closed","ping_status":"closed","template":"","meta":{"_acf_changed":false,"inline_featured_image":false,"_genesis_hide_title":false,"_genesis_hide_breadcrumbs":false,"_genesis_hide_singular_image":false,"_genesis_hide_footer_widgets":false,"_genesis_custom_body_class":"","_genesis_custom_post_class":"","_genesis_layout":"","footnotes":""},"hc_faqs":[],"hc_spanish_faqs":[],"class_list":{"0":"post-21264","1":"page","2":"type-page","3":"status-publish","4":"has-post-thumbnail","6":"hc_city_location-trenton-es","7":"entry"},"acf":[],"yoast_head":"<!-- This site is optimized with the Yoast SEO plugin v27.5 - https:\/\/yoast.com\/product\/yoast-seo-wordpress\/ -->\n<title>Abogados de lesiones personales que prestan servicios en Trenton, Ohio: Consulta gratuita<\/title>\n<meta name=\"description\" content=\"Kruger &amp; Hodges Attorneys at Law es un bufete de abogados de lesiones personales que presta servicios en Trenton, Ohio, que puede ayudarlo a buscar\" \/>\n<meta name=\"robots\" content=\"index, follow, max-snippet:-1, max-image-preview:large, max-video-preview:-1\" \/>\n<link rel=\"canonical\" href=\"https:\/\/thehometownlawyers.com\/es\/abogados-de-lesiones-personales-que-prestan-servicios-en-trenton-ohio\/\" \/>\n<meta property=\"og:locale\" content=\"es_MX\" \/>\n<meta property=\"og:type\" content=\"article\" \/>\n<meta property=\"og:title\" content=\"Abogados de lesiones personales que prestan servicios en Trenton, Ohio: Consulta gratuita\" \/>\n<meta property=\"og:description\" content=\"Kruger &amp; Hodges Attorneys at Law es un bufete de abogados de lesiones personales que presta servicios en Trenton, Ohio, que puede ayudarlo a buscar\" \/>\n<meta property=\"og:url\" content=\"https:\/\/thehometownlawyers.com\/es\/abogados-de-lesiones-personales-que-prestan-servicios-en-trenton-ohio\/\" \/>\n<meta property=\"og:site_name\" content=\"Kruger &amp; Hodges Abogados De Lesiones\" \/>\n<meta property=\"article:publisher\" content=\"https:\/\/www.facebook.com\/KrugerHodges\/\" \/>\n<meta property=\"article:modified_time\" content=\"2025-01-31T15:59:00+00:00\" \/>\n<meta property=\"og:image\" content=\"https:\/\/thehometownlawyers.com\/wp-content\/uploads\/2021\/08\/stethoscope-doctor-injury.jpg\" \/>\n\t<meta property=\"og:image:width\" content=\"1920\" \/>\n\t<meta property=\"og:image:height\" content=\"1080\" \/>\n\t<meta property=\"og:image:type\" content=\"image\/jpeg\" \/>\n<meta name=\"twitter:card\" content=\"summary_large_image\" \/>\n<meta name=\"twitter:label1\" content=\"Tiempo de lectura\" \/>\n\t<meta name=\"twitter:data1\" content=\"4 minutos\" \/>\n<script type=\"application\/ld+json\" class=\"yoast-schema-graph\">{\"@context\":\"https:\\\/\\\/schema.org\",\"@graph\":[{\"@type\":\"WebPage\",\"@id\":\"https:\\\/\\\/thehometownlawyers.com\\\/es\\\/abogados-de-lesiones-personales-que-prestan-servicios-en-trenton-ohio\\\/\",\"url\":\"https:\\\/\\\/thehometownlawyers.com\\\/es\\\/abogados-de-lesiones-personales-que-prestan-servicios-en-trenton-ohio\\\/\",\"name\":\"Abogados de lesiones personales que prestan servicios en Trenton, Ohio: Consulta gratuita\",\"isPartOf\":{\"@id\":\"https:\\\/\\\/thehometownlawyers.com\\\/es\\\/#website\"},\"primaryImageOfPage\":{\"@id\":\"https:\\\/\\\/thehometownlawyers.com\\\/es\\\/abogados-de-lesiones-personales-que-prestan-servicios-en-trenton-ohio\\\/#primaryimage\"},\"image\":{\"@id\":\"https:\\\/\\\/thehometownlawyers.com\\\/es\\\/abogados-de-lesiones-personales-que-prestan-servicios-en-trenton-ohio\\\/#primaryimage\"},\"thumbnailUrl\":\"https:\\\/\\\/thehometownlawyers.com\\\/wp-content\\\/uploads\\\/2021\\\/08\\\/stethoscope-doctor-injury.jpg\",\"datePublished\":\"2020-02-27T02:13:59+00:00\",\"dateModified\":\"2025-01-31T15:59:00+00:00\",\"description\":\"Kruger &amp; Hodges Attorneys at Law es un bufete de abogados de lesiones personales que presta servicios en Trenton, Ohio, que puede ayudarlo a buscar\",\"breadcrumb\":{\"@id\":\"https:\\\/\\\/thehometownlawyers.com\\\/es\\\/abogados-de-lesiones-personales-que-prestan-servicios-en-trenton-ohio\\\/#breadcrumb\"},\"inLanguage\":\"es\",\"potentialAction\":[{\"@type\":\"ReadAction\",\"target\":[\"https:\\\/\\\/thehometownlawyers.com\\\/es\\\/abogados-de-lesiones-personales-que-prestan-servicios-en-trenton-ohio\\\/\"]}]},{\"@type\":\"ImageObject\",\"inLanguage\":\"es\",\"@id\":\"https:\\\/\\\/thehometownlawyers.com\\\/es\\\/abogados-de-lesiones-personales-que-prestan-servicios-en-trenton-ohio\\\/#primaryimage\",\"url\":\"https:\\\/\\\/thehometownlawyers.com\\\/wp-content\\\/uploads\\\/2021\\\/08\\\/stethoscope-doctor-injury.jpg\",\"contentUrl\":\"https:\\\/\\\/thehometownlawyers.com\\\/wp-content\\\/uploads\\\/2021\\\/08\\\/stethoscope-doctor-injury.jpg\",\"width\":1920,\"height\":1080,\"caption\":\"estetoscopio y man\u00f3metro\"},{\"@type\":\"BreadcrumbList\",\"@id\":\"https:\\\/\\\/thehometownlawyers.com\\\/es\\\/abogados-de-lesiones-personales-que-prestan-servicios-en-trenton-ohio\\\/#breadcrumb\",\"itemListElement\":[{\"@type\":\"ListItem\",\"position\":1,\"name\":\"Home\",\"item\":\"https:\\\/\\\/thehometownlawyers.com\\\/es\\\/\"},{\"@type\":\"ListItem\",\"position\":2,\"name\":\"Abogado de Lesiones Personales en Trenton\"}]},{\"@type\":\"WebSite\",\"@id\":\"https:\\\/\\\/thehometownlawyers.com\\\/es\\\/#website\",\"url\":\"https:\\\/\\\/thehometownlawyers.com\\\/es\\\/\",\"name\":\"Kruger & Hodges Hometown Injury Lawyers | Accident Attorneys\",\"description\":\"Attorneys for Car, Truck and Motorcycle Accidents, Personal Injuries, and Criminal Defense.\",\"publisher\":{\"@id\":\"https:\\\/\\\/thehometownlawyers.com\\\/es\\\/#organization\"},\"alternateName\":\"Kruger & Hodges Personal Injury Lawyers\",\"inLanguage\":\"es\"},{\"@type\":\"Organization\",\"@id\":\"https:\\\/\\\/thehometownlawyers.com\\\/es\\\/#organization\",\"name\":\"Kruger & Hodges Hometown Injury Lawyers\",\"alternateName\":\"Kruger & Hodges\",\"url\":\"https:\\\/\\\/thehometownlawyers.com\\\/es\\\/\",\"logo\":{\"@type\":\"ImageObject\",\"inLanguage\":\"es\",\"@id\":\"https:\\\/\\\/thehometownlawyers.com\\\/es\\\/#\\\/schema\\\/logo\\\/image\\\/\",\"url\":\"https:\\\/\\\/thehometownlawyers.com\\\/wp-content\\\/uploads\\\/2025\\\/12\\\/revised-kh-logo-vertical-white-background-scaled.png\",\"contentUrl\":\"https:\\\/\\\/thehometownlawyers.com\\\/wp-content\\\/uploads\\\/2025\\\/12\\\/revised-kh-logo-vertical-white-background-scaled.png\",\"width\":2560,\"height\":1440,\"caption\":\"Kruger & Hodges Hometown Injury Lawyers\"},\"image\":{\"@id\":\"https:\\\/\\\/thehometownlawyers.com\\\/es\\\/#\\\/schema\\\/logo\\\/image\\\/\"},\"sameAs\":[\"https:\\\/\\\/www.facebook.com\\\/KrugerHodges\\\/\",\"https:\\\/\\\/www.instagram.com\\\/krugerhodges\\\/\",\"https:\\\/\\\/www.linkedin.com\\\/company\\\/kruger-hodges-hometown-injury-lawyers\\\/\",\"https:\\\/\\\/www.youtube.com\\\/channel\\\/UCeYcMaMaN2rb9jMlqt4EIdQ\",\"https:\\\/\\\/www.tiktok.com\\\/@thehometownlawyer\"]}]}<\/script>\n<!-- \/ Yoast SEO plugin. -->","yoast_head_json":{"title":"Abogados de lesiones personales que prestan servicios en Trenton, Ohio: Consulta gratuita","description":"Kruger &amp; Hodges Attorneys at Law es un bufete de abogados de lesiones personales que presta servicios en Trenton, Ohio, que puede ayudarlo a buscar","robots":{"index":"index","follow":"follow","max-snippet":"max-snippet:-1","max-image-preview":"max-image-preview:large","max-video-preview":"max-video-preview:-1"},"canonical":"https:\/\/thehometownlawyers.com\/es\/abogados-de-lesiones-personales-que-prestan-servicios-en-trenton-ohio\/","og_locale":"es_MX","og_type":"article","og_title":"Abogados de lesiones personales que prestan servicios en Trenton, Ohio: Consulta gratuita","og_description":"Kruger &amp; Hodges Attorneys at Law es un bufete de abogados de lesiones personales que presta servicios en Trenton, Ohio, que puede ayudarlo a buscar","og_url":"https:\/\/thehometownlawyers.com\/es\/abogados-de-lesiones-personales-que-prestan-servicios-en-trenton-ohio\/","og_site_name":"Kruger &amp; Hodges Abogados De Lesiones","article_publisher":"https:\/\/www.facebook.com\/KrugerHodges\/","article_modified_time":"2025-01-31T15:59:00+00:00","og_image":[{"width":1920,"height":1080,"url":"https:\/\/thehometownlawyers.com\/wp-content\/uploads\/2021\/08\/stethoscope-doctor-injury.jpg","type":"image\/jpeg"}],"twitter_card":"summary_large_image","twitter_misc":{"Tiempo de lectura":"4 minutos"},"schema":{"@context":"https:\/\/schema.org","@graph":[{"@type":"WebPage","@id":"https:\/\/thehometownlawyers.com\/es\/abogados-de-lesiones-personales-que-prestan-servicios-en-trenton-ohio\/","url":"https:\/\/thehometownlawyers.com\/es\/abogados-de-lesiones-personales-que-prestan-servicios-en-trenton-ohio\/","name":"Abogados de lesiones personales que prestan servicios en Trenton, Ohio: Consulta gratuita","isPartOf":{"@id":"https:\/\/thehometownlawyers.com\/es\/#website"},"primaryImageOfPage":{"@id":"https:\/\/thehometownlawyers.com\/es\/abogados-de-lesiones-personales-que-prestan-servicios-en-trenton-ohio\/#primaryimage"},"image":{"@id":"https:\/\/thehometownlawyers.com\/es\/abogados-de-lesiones-personales-que-prestan-servicios-en-trenton-ohio\/#primaryimage"},"thumbnailUrl":"https:\/\/thehometownlawyers.com\/wp-content\/uploads\/2021\/08\/stethoscope-doctor-injury.jpg","datePublished":"2020-02-27T02:13:59+00:00","dateModified":"2025-01-31T15:59:00+00:00","description":"Kruger &amp; Hodges Attorneys at Law es un bufete de abogados de lesiones personales que presta servicios en Trenton, Ohio, que puede ayudarlo a buscar","breadcrumb":{"@id":"https:\/\/thehometownlawyers.com\/es\/abogados-de-lesiones-personales-que-prestan-servicios-en-trenton-ohio\/#breadcrumb"},"inLanguage":"es","potentialAction":[{"@type":"ReadAction","target":["https:\/\/thehometownlawyers.com\/es\/abogados-de-lesiones-personales-que-prestan-servicios-en-trenton-ohio\/"]}]},{"@type":"ImageObject","inLanguage":"es","@id":"https:\/\/thehometownlawyers.com\/es\/abogados-de-lesiones-personales-que-prestan-servicios-en-trenton-ohio\/#primaryimage","url":"https:\/\/thehometownlawyers.com\/wp-content\/uploads\/2021\/08\/stethoscope-doctor-injury.jpg","contentUrl":"https:\/\/thehometownlawyers.com\/wp-content\/uploads\/2021\/08\/stethoscope-doctor-injury.jpg","width":1920,"height":1080,"caption":"estetoscopio y man\u00f3metro"},{"@type":"BreadcrumbList","@id":"https:\/\/thehometownlawyers.com\/es\/abogados-de-lesiones-personales-que-prestan-servicios-en-trenton-ohio\/#breadcrumb","itemListElement":[{"@type":"ListItem","position":1,"name":"Home","item":"https:\/\/thehometownlawyers.com\/es\/"},{"@type":"ListItem","position":2,"name":"Abogado de Lesiones Personales en Trenton"}]},{"@type":"WebSite","@id":"https:\/\/thehometownlawyers.com\/es\/#website","url":"https:\/\/thehometownlawyers.com\/es\/","name":"Kruger & Hodges Hometown Injury Lawyers | Accident Attorneys","description":"Attorneys for Car, Truck and Motorcycle Accidents, Personal Injuries, and Criminal Defense.","publisher":{"@id":"https:\/\/thehometownlawyers.com\/es\/#organization"},"alternateName":"Kruger & Hodges Personal Injury Lawyers","inLanguage":"es"},{"@type":"Organization","@id":"https:\/\/thehometownlawyers.com\/es\/#organization","name":"Kruger & Hodges Hometown Injury Lawyers","alternateName":"Kruger & Hodges","url":"https:\/\/thehometownlawyers.com\/es\/","logo":{"@type":"ImageObject","inLanguage":"es","@id":"https:\/\/thehometownlawyers.com\/es\/#\/schema\/logo\/image\/","url":"https:\/\/thehometownlawyers.com\/wp-content\/uploads\/2025\/12\/revised-kh-logo-vertical-white-background-scaled.png","contentUrl":"https:\/\/thehometownlawyers.com\/wp-content\/uploads\/2025\/12\/revised-kh-logo-vertical-white-background-scaled.png","width":2560,"height":1440,"caption":"Kruger & Hodges Hometown Injury Lawyers"},"image":{"@id":"https:\/\/thehometownlawyers.com\/es\/#\/schema\/logo\/image\/"},"sameAs":["https:\/\/www.facebook.com\/KrugerHodges\/","https:\/\/www.instagram.com\/krugerhodges\/","https:\/\/www.linkedin.com\/company\/kruger-hodges-hometown-injury-lawyers\/","https:\/\/www.youtube.com\/channel\/UCeYcMaMaN2rb9jMlqt4EIdQ","https:\/\/www.tiktok.com\/@thehometownlawyer"]}]}},"_links":{"self":[{"href":"https:\/\/thehometownlawyers.com\/es\/wp-json\/wp\/v2\/pages\/21264","targetHints":{"allow":["GET"]}}],"collection":[{"href":"https:\/\/thehometownlawyers.com\/es\/wp-json\/wp\/v2\/pages"}],"about":[{"href":"https:\/\/thehometownlawyers.com\/es\/wp-json\/wp\/v2\/types\/page"}],"author":[{"embeddable":true,"href":"https:\/\/thehometownlawyers.com\/es\/wp-json\/wp\/v2\/users\/7"}],"replies":[{"embeddable":true,"href":"https:\/\/thehometownlawyers.com\/es\/wp-json\/wp\/v2\/comments?post=21264"}],"version-history":[{"count":0,"href":"https:\/\/thehometownlawyers.com\/es\/wp-json\/wp\/v2\/pages\/21264\/revisions"}],"wp:featuredmedia":[{"embeddable":true,"href":"https:\/\/thehometownlawyers.com\/es\/wp-json\/wp\/v2\/media\/20813"}],"wp:attachment":[{"href":"https:\/\/thehometownlawyers.com\/es\/wp-json\/wp\/v2\/media?parent=21264"}],"wp:term":[{"taxonomy":"hc_faqs","embeddable":true,"href":"https:\/\/thehometownlawyers.com\/es\/wp-json\/wp\/v2\/hc_faqs?post=21264"},{"taxonomy":"hc_spanish_faqs","embeddable":true,"href":"https:\/\/thehometownlawyers.com\/es\/wp-json\/wp\/v2\/hc_spanish_faqs?post=21264"}],"curies":[{"name":"wp","href":"https:\/\/api.w.org\/{rel}","templated":true}]}}