{"id":21265,"date":"2020-02-26T19:55:02","date_gmt":"2020-02-27T00:55:02","guid":{"rendered":"https:\/\/thehometownlawyers.com\/?page_id=21265"},"modified":"2025-01-31T12:50:57","modified_gmt":"2025-01-31T17:50:57","slug":"abogados-de-accidentes-de-autobus-en-fairfield-ohio","status":"publish","type":"page","link":"https:\/\/thehometownlawyers.com\/es\/abogados-de-lesiones-personales-en-fairfield-ohio\/abogados-de-accidentes-de-autobus-en-fairfield-ohio\/","title":{"rendered":"Abogado de Accidente de Autob\u00fas en Fairfield"},"content":{"rendered":"<p>Kruger &amp; Hodges Attorneys at Law es un bufete de abogados de accidentes de autob\u00fas que presta servicios en Fairfield, Ohio, que puede ayudarlo si result\u00f3 herido en un accidente de autob\u00fas y se pregunta qu\u00e9 pr\u00f3ximos pasos podr\u00eda tomar. Los derechos que podr\u00eda tener despu\u00e9s de un accidente de autob\u00fas en Fairfield, Ohio, depender\u00e1n del tipo de autob\u00fas en el que viajaba y las circunstancias que rodearon su accidente. Por ejemplo, si se lesion\u00f3 mientras viajaba en transporte p\u00fablico o tuvo un accidente automovil\u00edstico que involucr\u00f3 un veh\u00edculo de transporte p\u00fablico, es posible que deba presentar un reclamo contra la autoridad gubernamental, que podr\u00eda ser m\u00e1s complicado que un caso contra el conductor de un veh\u00edculo de pasajeros. Si result\u00f3 lesionado en un accidente de autob\u00fas comercial, es posible que tenga derecho a reclamar da\u00f1os y perjuicios al seguro de la compa\u00f1\u00eda de autobuses. Las compa\u00f1\u00edas de autobuses deben tener p\u00f3lizas de l\u00edmite alto para proteger a los conductores y pasajeros en caso de accidente. Sin embargo, si muchas personas resultaron heridas en un accidente de autob\u00fas, la compa\u00f1\u00eda de seguros del autob\u00fas podr\u00eda enfrentar m\u00faltiples reclamos y es posible que el valor del reclamo deba dividirse entre las v\u00edctimas. En este caso, las v\u00edctimas pueden tener derecho a buscar da\u00f1os y perjuicios de la propia empresa de autobuses o de otras partes negligentes.<\/p>\n<p>Las reclamaciones por accidentes de autob\u00fas pueden ser complejas. Sin embargo, no tiene que navegar solo por el proceso de reclamos. Nuestros <a href=\"https:\/\/thehometownlawyers.com\/hamilton\/bus-accident-lawyer\/\">abogados de accidentes de autob\u00fas<\/a> pueden identificar a las partes responsables, negociar con las partes negligentes y sus aseguradoras, y tomar medidas para luchar por su acuerdo, ya sea dentro o fuera de los tribunales.<\/p>\n<h2><strong>\u00bfSe lesion\u00f3 en un accidente como pasajero en un autob\u00fas p\u00fablico? <\/strong><\/h2>\n<p>Fairfield, Ohio, cuenta con el servicio de la <a href=\"https:\/\/www.butlercountyrta.com\/\" target=\"_blank\" rel=\"noopener\">Autoridad de Tr\u00e1nsito Regional del Condado de Butler<\/a> . El transporte p\u00fablico se considera una forma ecol\u00f3gica de moverse por la ciudad y, en muchos casos, es una gran alternativa a conducir. Sin embargo, \u00bfqu\u00e9 derechos tiene si se lesiona mientras viaja en un autob\u00fas de la Autoridad de Tr\u00e1nsito Regional del Condado de Butler? Si se lesion\u00f3 mientras viajaba en un autob\u00fas, debido a un accidente que tuvo lugar mientras viajaba en un autob\u00fas, o se lesion\u00f3 al salir o entrar en un autob\u00fas, Kruger &amp; Hodges Abogados en la ley es un bufete de abogados de accidentes de autob\u00fas que ayuda a las partes lesionadas en Fairfield, Ohio . que pueda evaluar las circunstancias de su lesi\u00f3n, determinar si la Autoridad de Tr\u00e1nsito Regional del Condado de Butler podr\u00eda haber sido responsable de sus lesiones y luchar para proteger sus derechos.<\/p>\n<p class=\"rs-content-cta rs-content-cta-small\">Para una consulta legal gratuita, llame al <a href=\"tel:+15138943333\">513-894-3333 <\/a><\/p><h2><strong>\u00bfLesionado en un accidente de autob\u00fas en Fairfield, Ohio?<\/strong><\/h2>\n<p>Mucha gente viaja en autobuses comerciales para viajar de ciudad en ciudad, y algunos pueden viajar en autobuses privados cuando est\u00e1n de vacaciones. Las compa\u00f1\u00edas de autobuses tienen la responsabilidad de contratar conductores aprobados que tengan las licencias de conducir comerciales adecuadas. Tienen la responsabilidad de mantener sus autobuses para que los frenos y las llantas funcionen correctamente. Tambi\u00e9n tienen la responsabilidad de conducir con seguridad, obedecer las leyes federales y locales y seguir todas las reglas de tr\u00e1nsito. Cuando las compa\u00f1\u00edas de autobuses toman atajos, no investigan adecuadamente a los conductores, o cuando los conductores violan la ley al exceder las horas de servicio o al acelerar, enviar mensajes de texto y conducir, beber y conducir, o participar en otros tipos de comportamientos peligrosos, pueden ocurrir accidentes y las personas pueden lastimarse. Los abogados de Kruger &amp; Hodges pueden ayudarlo con su lesi\u00f3n por accidente de autob\u00fas. Las v\u00edctimas pueden tener derecho a presentar una reclamaci\u00f3n contra el seguro de la empresa de autobuses y contra la propia empresa de autobuses por da\u00f1os y perjuicios. Sin embargo, es posible que solo tenga una cantidad limitada de tiempo para presentar un reclamo seg\u00fan la ley. Comun\u00edquese con los abogados de accidentes de autob\u00fas que prestan servicios en Fairfield, Ohio, para obtener m\u00e1s informaci\u00f3n sobre c\u00f3mo nuestros abogados pueden ayudarlo a buscar da\u00f1os por sus p\u00e9rdidas.<\/p>\n<p class=\"rs-content-cta rs-content-cta-small\">Llame o env\u00ede un mensaje de texto al <a href=\"tel:+15138943333\">513-894-3333<\/a> o complete una <a href=\"\/es\/contacto\/\">evaluaci\u00f3n gratuita de su caso<\/a><\/p>","protected":false},"excerpt":{"rendered":"<p>Kruger &amp; Hodges Attorneys at Law es un bufete de abogados de accidentes de autob\u00fas que presta servicios en Fairfield, Ohio, que puede ayudarlo si result\u00f3 herido en un accidente de autob\u00fas y se pregunta qu\u00e9 pr\u00f3ximos pasos podr\u00eda tomar. Los derechos que podr\u00eda tener despu\u00e9s de un accidente de autob\u00fas en Fairfield, Ohio, depender\u00e1n &#8230;<\/p>\n","protected":false},"author":7,"featured_media":20747,"parent":21262,"menu_order":0,"comment_status":"closed","ping_status":"closed","template":"","meta":{"_acf_changed":false,"inline_featured_image":false,"_genesis_hide_title":false,"_genesis_hide_breadcrumbs":false,"_genesis_hide_singular_image":false,"_genesis_hide_footer_widgets":false,"_genesis_custom_body_class":"","_genesis_custom_post_class":"","_genesis_layout":"","footnotes":""},"hc_faqs":[],"hc_spanish_faqs":[],"class_list":{"0":"post-21265","1":"page","2":"type-page","3":"status-publish","4":"has-post-thumbnail","6":"entry"},"acf":[],"yoast_head":"<!-- This site is optimized with the Yoast SEO plugin v27.3 - https:\/\/yoast.com\/product\/yoast-seo-wordpress\/ -->\n<title>Abogados de accidentes de autob\u00fas en Fairfield, Ohio: Consulta gratuita<\/title>\n<meta name=\"description\" content=\"Kruger &amp; Hodges Attorneys at Law es un bufete de abogados de accidentes de autob\u00fas que presta servicios en Fairfield, Ohio, que puede ayudarlo si\" \/>\n<meta name=\"robots\" content=\"index, follow, max-snippet:-1, max-image-preview:large, max-video-preview:-1\" \/>\n<link rel=\"canonical\" href=\"https:\/\/thehometownlawyers.com\/es\/abogados-de-lesiones-personales-en-fairfield-ohio\/abogados-de-accidentes-de-autobus-en-fairfield-ohio\/\" \/>\n<meta property=\"og:locale\" content=\"es_MX\" \/>\n<meta property=\"og:type\" content=\"article\" \/>\n<meta property=\"og:title\" content=\"Abogados de accidentes de autob\u00fas en Fairfield, Ohio: Consulta gratuita\" \/>\n<meta property=\"og:description\" content=\"Kruger &amp; Hodges Attorneys at Law es un bufete de abogados de accidentes de autob\u00fas que presta servicios en Fairfield, Ohio, que puede ayudarlo si\" \/>\n<meta property=\"og:url\" content=\"https:\/\/thehometownlawyers.com\/es\/abogados-de-lesiones-personales-en-fairfield-ohio\/abogados-de-accidentes-de-autobus-en-fairfield-ohio\/\" \/>\n<meta property=\"og:site_name\" content=\"Kruger &amp; Hodges Abogados De Lesiones\" \/>\n<meta property=\"article:publisher\" content=\"https:\/\/www.facebook.com\/KrugerHodges\/\" \/>\n<meta property=\"article:modified_time\" content=\"2025-01-31T17:50:57+00:00\" \/>\n<meta property=\"og:image\" content=\"https:\/\/thehometownlawyers.com\/wp-content\/uploads\/2020\/03\/photodune-4424540-car-accident-xs-e1680660292576.jpg\" \/>\n\t<meta property=\"og:image:width\" content=\"387\" \/>\n\t<meta property=\"og:image:height\" content=\"516\" \/>\n\t<meta property=\"og:image:type\" content=\"image\/jpeg\" \/>\n<meta name=\"twitter:card\" content=\"summary_large_image\" \/>\n<meta name=\"twitter:label1\" content=\"Tiempo de lectura\" \/>\n\t<meta name=\"twitter:data1\" content=\"4 minutos\" \/>\n<script type=\"application\/ld+json\" class=\"yoast-schema-graph\">{\"@context\":\"https:\\\/\\\/schema.org\",\"@graph\":[{\"@type\":\"WebPage\",\"@id\":\"https:\\\/\\\/thehometownlawyers.com\\\/es\\\/abogados-de-lesiones-personales-en-fairfield-ohio\\\/abogados-de-accidentes-de-autobus-en-fairfield-ohio\\\/\",\"url\":\"https:\\\/\\\/thehometownlawyers.com\\\/es\\\/abogados-de-lesiones-personales-en-fairfield-ohio\\\/abogados-de-accidentes-de-autobus-en-fairfield-ohio\\\/\",\"name\":\"Abogados de accidentes de autob\u00fas en Fairfield, Ohio: Consulta gratuita\",\"isPartOf\":{\"@id\":\"https:\\\/\\\/thehometownlawyers.com\\\/es\\\/#website\"},\"primaryImageOfPage\":{\"@id\":\"https:\\\/\\\/thehometownlawyers.com\\\/es\\\/abogados-de-lesiones-personales-en-fairfield-ohio\\\/abogados-de-accidentes-de-autobus-en-fairfield-ohio\\\/#primaryimage\"},\"image\":{\"@id\":\"https:\\\/\\\/thehometownlawyers.com\\\/es\\\/abogados-de-lesiones-personales-en-fairfield-ohio\\\/abogados-de-accidentes-de-autobus-en-fairfield-ohio\\\/#primaryimage\"},\"thumbnailUrl\":\"https:\\\/\\\/thehometownlawyers.com\\\/wp-content\\\/uploads\\\/2020\\\/03\\\/photodune-4424540-car-accident-xs-e1680660292576.jpg\",\"datePublished\":\"2020-02-27T00:55:02+00:00\",\"dateModified\":\"2025-01-31T17:50:57+00:00\",\"description\":\"Kruger &amp; Hodges Attorneys at Law es un bufete de abogados de accidentes de autob\u00fas que presta servicios en Fairfield, Ohio, que puede ayudarlo si\",\"breadcrumb\":{\"@id\":\"https:\\\/\\\/thehometownlawyers.com\\\/es\\\/abogados-de-lesiones-personales-en-fairfield-ohio\\\/abogados-de-accidentes-de-autobus-en-fairfield-ohio\\\/#breadcrumb\"},\"inLanguage\":\"es\",\"potentialAction\":[{\"@type\":\"ReadAction\",\"target\":[\"https:\\\/\\\/thehometownlawyers.com\\\/es\\\/abogados-de-lesiones-personales-en-fairfield-ohio\\\/abogados-de-accidentes-de-autobus-en-fairfield-ohio\\\/\"]}]},{\"@type\":\"ImageObject\",\"inLanguage\":\"es\",\"@id\":\"https:\\\/\\\/thehometownlawyers.com\\\/es\\\/abogados-de-lesiones-personales-en-fairfield-ohio\\\/abogados-de-accidentes-de-autobus-en-fairfield-ohio\\\/#primaryimage\",\"url\":\"https:\\\/\\\/thehometownlawyers.com\\\/wp-content\\\/uploads\\\/2020\\\/03\\\/photodune-4424540-car-accident-xs-e1680660292576.jpg\",\"contentUrl\":\"https:\\\/\\\/thehometownlawyers.com\\\/wp-content\\\/uploads\\\/2020\\\/03\\\/photodune-4424540-car-accident-xs-e1680660292576.jpg\",\"width\":387,\"height\":516,\"caption\":\"Accidente automovil\u00edstico (autob\u00fas vs autom\u00f3vil de pasajeros)\"},{\"@type\":\"BreadcrumbList\",\"@id\":\"https:\\\/\\\/thehometownlawyers.com\\\/es\\\/abogados-de-lesiones-personales-en-fairfield-ohio\\\/abogados-de-accidentes-de-autobus-en-fairfield-ohio\\\/#breadcrumb\",\"itemListElement\":[{\"@type\":\"ListItem\",\"position\":1,\"name\":\"Home\",\"item\":\"https:\\\/\\\/thehometownlawyers.com\\\/es\\\/\"},{\"@type\":\"ListItem\",\"position\":2,\"name\":\"Abogado de Lesiones Personales en Fairfield\",\"item\":\"https:\\\/\\\/thehometownlawyers.com\\\/es\\\/abogados-de-lesiones-personales-en-fairfield-ohio\\\/\"},{\"@type\":\"ListItem\",\"position\":3,\"name\":\"Abogado de Accidente de Autob\u00fas en Fairfield\"}]},{\"@type\":\"WebSite\",\"@id\":\"https:\\\/\\\/thehometownlawyers.com\\\/es\\\/#website\",\"url\":\"https:\\\/\\\/thehometownlawyers.com\\\/es\\\/\",\"name\":\"Kruger & Hodges Hometown Injury Lawyers | Accident Attorneys\",\"description\":\"Attorneys for Car, Truck and Motorcycle Accidents, Personal Injuries, and Criminal Defense.\",\"publisher\":{\"@id\":\"https:\\\/\\\/thehometownlawyers.com\\\/es\\\/#organization\"},\"alternateName\":\"Kruger & Hodges Personal Injury Lawyers\",\"inLanguage\":\"es\"},{\"@type\":\"Organization\",\"@id\":\"https:\\\/\\\/thehometownlawyers.com\\\/es\\\/#organization\",\"name\":\"Kruger & Hodges Hometown Injury Lawyers\",\"alternateName\":\"Kruger & Hodges\",\"url\":\"https:\\\/\\\/thehometownlawyers.com\\\/es\\\/\",\"logo\":{\"@type\":\"ImageObject\",\"inLanguage\":\"es\",\"@id\":\"https:\\\/\\\/thehometownlawyers.com\\\/es\\\/#\\\/schema\\\/logo\\\/image\\\/\",\"url\":\"https:\\\/\\\/thehometownlawyers.com\\\/wp-content\\\/uploads\\\/2025\\\/12\\\/revised-kh-logo-vertical-white-background-scaled.png\",\"contentUrl\":\"https:\\\/\\\/thehometownlawyers.com\\\/wp-content\\\/uploads\\\/2025\\\/12\\\/revised-kh-logo-vertical-white-background-scaled.png\",\"width\":2560,\"height\":1440,\"caption\":\"Kruger & Hodges Hometown Injury Lawyers\"},\"image\":{\"@id\":\"https:\\\/\\\/thehometownlawyers.com\\\/es\\\/#\\\/schema\\\/logo\\\/image\\\/\"},\"sameAs\":[\"https:\\\/\\\/www.facebook.com\\\/KrugerHodges\\\/\",\"https:\\\/\\\/www.instagram.com\\\/krugerhodges\\\/\",\"https:\\\/\\\/www.linkedin.com\\\/company\\\/kruger-hodges-hometown-injury-lawyers\\\/\",\"https:\\\/\\\/www.youtube.com\\\/channel\\\/UCeYcMaMaN2rb9jMlqt4EIdQ\",\"https:\\\/\\\/www.tiktok.com\\\/@thehometownlawyer\"]}]}<\/script>\n<!-- \/ Yoast SEO plugin. -->","yoast_head_json":{"title":"Abogados de accidentes de autob\u00fas en Fairfield, Ohio: Consulta gratuita","description":"Kruger &amp; Hodges Attorneys at Law es un bufete de abogados de accidentes de autob\u00fas que presta servicios en Fairfield, Ohio, que puede ayudarlo si","robots":{"index":"index","follow":"follow","max-snippet":"max-snippet:-1","max-image-preview":"max-image-preview:large","max-video-preview":"max-video-preview:-1"},"canonical":"https:\/\/thehometownlawyers.com\/es\/abogados-de-lesiones-personales-en-fairfield-ohio\/abogados-de-accidentes-de-autobus-en-fairfield-ohio\/","og_locale":"es_MX","og_type":"article","og_title":"Abogados de accidentes de autob\u00fas en Fairfield, Ohio: Consulta gratuita","og_description":"Kruger &amp; Hodges Attorneys at Law es un bufete de abogados de accidentes de autob\u00fas que presta servicios en Fairfield, Ohio, que puede ayudarlo si","og_url":"https:\/\/thehometownlawyers.com\/es\/abogados-de-lesiones-personales-en-fairfield-ohio\/abogados-de-accidentes-de-autobus-en-fairfield-ohio\/","og_site_name":"Kruger &amp; Hodges Abogados De Lesiones","article_publisher":"https:\/\/www.facebook.com\/KrugerHodges\/","article_modified_time":"2025-01-31T17:50:57+00:00","og_image":[{"width":387,"height":516,"url":"https:\/\/thehometownlawyers.com\/wp-content\/uploads\/2020\/03\/photodune-4424540-car-accident-xs-e1680660292576.jpg","type":"image\/jpeg"}],"twitter_card":"summary_large_image","twitter_misc":{"Tiempo de lectura":"4 minutos"},"schema":{"@context":"https:\/\/schema.org","@graph":[{"@type":"WebPage","@id":"https:\/\/thehometownlawyers.com\/es\/abogados-de-lesiones-personales-en-fairfield-ohio\/abogados-de-accidentes-de-autobus-en-fairfield-ohio\/","url":"https:\/\/thehometownlawyers.com\/es\/abogados-de-lesiones-personales-en-fairfield-ohio\/abogados-de-accidentes-de-autobus-en-fairfield-ohio\/","name":"Abogados de accidentes de autob\u00fas en Fairfield, Ohio: Consulta gratuita","isPartOf":{"@id":"https:\/\/thehometownlawyers.com\/es\/#website"},"primaryImageOfPage":{"@id":"https:\/\/thehometownlawyers.com\/es\/abogados-de-lesiones-personales-en-fairfield-ohio\/abogados-de-accidentes-de-autobus-en-fairfield-ohio\/#primaryimage"},"image":{"@id":"https:\/\/thehometownlawyers.com\/es\/abogados-de-lesiones-personales-en-fairfield-ohio\/abogados-de-accidentes-de-autobus-en-fairfield-ohio\/#primaryimage"},"thumbnailUrl":"https:\/\/thehometownlawyers.com\/wp-content\/uploads\/2020\/03\/photodune-4424540-car-accident-xs-e1680660292576.jpg","datePublished":"2020-02-27T00:55:02+00:00","dateModified":"2025-01-31T17:50:57+00:00","description":"Kruger &amp; Hodges Attorneys at Law es un bufete de abogados de accidentes de autob\u00fas que presta servicios en Fairfield, Ohio, que puede ayudarlo si","breadcrumb":{"@id":"https:\/\/thehometownlawyers.com\/es\/abogados-de-lesiones-personales-en-fairfield-ohio\/abogados-de-accidentes-de-autobus-en-fairfield-ohio\/#breadcrumb"},"inLanguage":"es","potentialAction":[{"@type":"ReadAction","target":["https:\/\/thehometownlawyers.com\/es\/abogados-de-lesiones-personales-en-fairfield-ohio\/abogados-de-accidentes-de-autobus-en-fairfield-ohio\/"]}]},{"@type":"ImageObject","inLanguage":"es","@id":"https:\/\/thehometownlawyers.com\/es\/abogados-de-lesiones-personales-en-fairfield-ohio\/abogados-de-accidentes-de-autobus-en-fairfield-ohio\/#primaryimage","url":"https:\/\/thehometownlawyers.com\/wp-content\/uploads\/2020\/03\/photodune-4424540-car-accident-xs-e1680660292576.jpg","contentUrl":"https:\/\/thehometownlawyers.com\/wp-content\/uploads\/2020\/03\/photodune-4424540-car-accident-xs-e1680660292576.jpg","width":387,"height":516,"caption":"Accidente automovil\u00edstico (autob\u00fas vs autom\u00f3vil de pasajeros)"},{"@type":"BreadcrumbList","@id":"https:\/\/thehometownlawyers.com\/es\/abogados-de-lesiones-personales-en-fairfield-ohio\/abogados-de-accidentes-de-autobus-en-fairfield-ohio\/#breadcrumb","itemListElement":[{"@type":"ListItem","position":1,"name":"Home","item":"https:\/\/thehometownlawyers.com\/es\/"},{"@type":"ListItem","position":2,"name":"Abogado de Lesiones Personales en Fairfield","item":"https:\/\/thehometownlawyers.com\/es\/abogados-de-lesiones-personales-en-fairfield-ohio\/"},{"@type":"ListItem","position":3,"name":"Abogado de Accidente de Autob\u00fas en Fairfield"}]},{"@type":"WebSite","@id":"https:\/\/thehometownlawyers.com\/es\/#website","url":"https:\/\/thehometownlawyers.com\/es\/","name":"Kruger & Hodges Hometown Injury Lawyers | Accident Attorneys","description":"Attorneys for Car, Truck and Motorcycle Accidents, Personal Injuries, and Criminal Defense.","publisher":{"@id":"https:\/\/thehometownlawyers.com\/es\/#organization"},"alternateName":"Kruger & Hodges Personal Injury Lawyers","inLanguage":"es"},{"@type":"Organization","@id":"https:\/\/thehometownlawyers.com\/es\/#organization","name":"Kruger & Hodges Hometown Injury Lawyers","alternateName":"Kruger & Hodges","url":"https:\/\/thehometownlawyers.com\/es\/","logo":{"@type":"ImageObject","inLanguage":"es","@id":"https:\/\/thehometownlawyers.com\/es\/#\/schema\/logo\/image\/","url":"https:\/\/thehometownlawyers.com\/wp-content\/uploads\/2025\/12\/revised-kh-logo-vertical-white-background-scaled.png","contentUrl":"https:\/\/thehometownlawyers.com\/wp-content\/uploads\/2025\/12\/revised-kh-logo-vertical-white-background-scaled.png","width":2560,"height":1440,"caption":"Kruger & Hodges Hometown Injury Lawyers"},"image":{"@id":"https:\/\/thehometownlawyers.com\/es\/#\/schema\/logo\/image\/"},"sameAs":["https:\/\/www.facebook.com\/KrugerHodges\/","https:\/\/www.instagram.com\/krugerhodges\/","https:\/\/www.linkedin.com\/company\/kruger-hodges-hometown-injury-lawyers\/","https:\/\/www.youtube.com\/channel\/UCeYcMaMaN2rb9jMlqt4EIdQ","https:\/\/www.tiktok.com\/@thehometownlawyer"]}]}},"_links":{"self":[{"href":"https:\/\/thehometownlawyers.com\/es\/wp-json\/wp\/v2\/pages\/21265","targetHints":{"allow":["GET"]}}],"collection":[{"href":"https:\/\/thehometownlawyers.com\/es\/wp-json\/wp\/v2\/pages"}],"about":[{"href":"https:\/\/thehometownlawyers.com\/es\/wp-json\/wp\/v2\/types\/page"}],"author":[{"embeddable":true,"href":"https:\/\/thehometownlawyers.com\/es\/wp-json\/wp\/v2\/users\/7"}],"replies":[{"embeddable":true,"href":"https:\/\/thehometownlawyers.com\/es\/wp-json\/wp\/v2\/comments?post=21265"}],"version-history":[{"count":0,"href":"https:\/\/thehometownlawyers.com\/es\/wp-json\/wp\/v2\/pages\/21265\/revisions"}],"up":[{"embeddable":true,"href":"https:\/\/thehometownlawyers.com\/es\/wp-json\/wp\/v2\/pages\/21262"}],"wp:featuredmedia":[{"embeddable":true,"href":"https:\/\/thehometownlawyers.com\/es\/wp-json\/wp\/v2\/media\/20747"}],"wp:attachment":[{"href":"https:\/\/thehometownlawyers.com\/es\/wp-json\/wp\/v2\/media?parent=21265"}],"wp:term":[{"taxonomy":"hc_faqs","embeddable":true,"href":"https:\/\/thehometownlawyers.com\/es\/wp-json\/wp\/v2\/hc_faqs?post=21265"},{"taxonomy":"hc_spanish_faqs","embeddable":true,"href":"https:\/\/thehometownlawyers.com\/es\/wp-json\/wp\/v2\/hc_spanish_faqs?post=21265"}],"curies":[{"name":"wp","href":"https:\/\/api.w.org\/{rel}","templated":true}]}}