{"id":21266,"date":"2020-02-26T20:08:25","date_gmt":"2020-02-27T01:08:25","guid":{"rendered":"https:\/\/thehometownlawyers.com\/?page_id=21266"},"modified":"2025-01-31T10:45:11","modified_gmt":"2025-01-31T15:45:11","slug":"abogados-de-accidentes-por-conducir-ebrio-que-prestan-servicios-en-fairfield-ohio","status":"publish","type":"page","link":"https:\/\/thehometownlawyers.com\/es\/abogados-de-lesiones-personales-en-fairfield-ohio\/abogados-de-accidentes-automovilisticos-en-fairfield-ohio\/abogados-de-accidentes-por-conducir-ebrio-que-prestan-servicios-en-fairfield-ohio\/","title":{"rendered":"Abogado de Accidente por Conducir Ebrio en Fairfield"},"content":{"rendered":"<p>Si usted o alguien a quien ama result\u00f3 herido en un accidente que involucr\u00f3 a un conductor ebrio en Fairfield, Ohio, Kruger &amp; Hodges Attorneys at Law es un bufete de abogados de accidentes por conducir ebrio que puede ayudarlo con su reclamo por lesiones personales. Uno de los factores m\u00e1s importantes que se deben considerar en un reclamo por accidente automovil\u00edstico involucra qui\u00e9n tuvo la culpa del choque. Generalmente, el conductor culpable del accidente ser\u00e1 el responsable de pagar los da\u00f1os a las v\u00edctimas. En un accidente por conducir ebrio, el conductor ebrio casi siempre tendr\u00e1 la culpa del accidente porque conducir ebrio es ilegal y se sabe que afecta el tiempo de reacci\u00f3n y el juicio del conductor. Si la polic\u00eda condena a una persona por cargos de conducir ebrio, las v\u00edctimas y las familias tambi\u00e9n pueden tener derecho a perseguir al conductor ebrio o a sus aseguradoras para obtener un acuerdo que cubra sus gastos m\u00e9dicos, salarios perdidos, dolor y sufrimiento, costos de rehabilitaci\u00f3n y otras p\u00e9rdidas. .<\/p>\n<h2>Peligros de conducir ebrio<\/h2>\n<p>Conducir ebrio es incre\u00edblemente peligroso. Seg\u00fan la <a href=\"https:\/\/crashstats.nhtsa.dot.gov\/Api\/Public\/ViewPublication\/812630\" target=\"_blank\" rel=\"noopener\">Administraci\u00f3n Nacional de Seguridad del Tr\u00e1fico en las Carreteras<\/a> , solo en 2017 hubo 10,874 muertes por conducir ebrio en los EE. UU. Esto equivale a aproximadamente 30 personas que mueren cada d\u00eda debido a accidentes por conducir ebrio. A\u00fan m\u00e1s alarmante es que estos n\u00fameros no comienzan a tomar en cuenta a las personas que resultan gravemente lesionadas en accidentes por conducir ebrio . Los accidentes por conducir ebrio pueden dejar a las v\u00edctimas con lesiones graves que alteran la vida, incluidas lesiones de la m\u00e9dula espinal, lesiones cerebrales traum\u00e1ticas, lesiones internas, lesiones en la espalda y el cuello, amputaciones, huesos rotos y otras lesiones graves. A pesar de estos riesgos, <a href=\"https:\/\/madd.org\/statistics\/\" target=\"_blank\" rel=\"noopener\">Mothers Against Drunk Driving<\/a> informa que las personas en los EE. UU. pueden conducir ebrias hasta 300,000 veces al d\u00eda. Desafortunadamente, a veces los infractores reincidentes por conducir ebrios no son atrapados hasta que se lastiman a s\u00ed mismos oa otra persona.<\/p>\n<p>Los conductores que operan un veh\u00edculo motorizado con una concentraci\u00f3n de alcohol en la sangre de 0.08% o m\u00e1s, se consideran incapacitados seg\u00fan la ley. Si un conductor est\u00e1 involucrado en un accidente y la polic\u00eda sospecha que el conductor podr\u00eda haber estado conduciendo bajo la influencia de drogas o alcohol, es posible que la polic\u00eda le exija que se haga un an\u00e1lisis de aliento o de sangre. Si ha tenido un accidente y sospecha que el otro conductor podr\u00eda haber estado bebiendo y conduciendo, es importante llamar a la polic\u00eda, hacer un informe policial del accidente e informar sus observaciones del otro conductor a la polic\u00eda (observaciones de dificultad para hablar, incapacidad para caminar en l\u00ednea recta u otros problemas podr\u00edan ser \u00fatiles para la polic\u00eda). Las personas que han resultado heridas en un accidente automovil\u00edstico tambi\u00e9n deben buscar atenci\u00f3n m\u00e9dica. Es posible que algunas lesiones no siempre sean evidentes de inmediato en la escena de su accidente, por lo que buscar atenci\u00f3n m\u00e9dica no solo protege su salud, sino que tambi\u00e9n garantiza que tendr\u00e1 informes m\u00e9dicos de lo que sucedi\u00f3 y registros de sus lesiones si result\u00f3 herido por conducir ebrio. accidente.<\/p>\n<p>Las personas que han resultado heridas en un accidente por conducir ebrio tambi\u00e9n deben informar el accidente a su compa\u00f1\u00eda de seguros e intercambiar informaci\u00f3n de contacto y seguro con el otro conductor. Si tiene preguntas sobre sus derechos bajo la ley o sobre la b\u00fasqueda de da\u00f1os y perjuicios luego de un reclamo por conducir ebrio, nuestros abogados de accidentes por conducir ebrio pueden ayudarlo hoy en Fairfield, Ohio.<\/p>\n<p class=\"rs-content-cta rs-content-cta-small\">Para una consulta legal gratuita, llame al <a href=\"tel:+15138943333\">513-894-3333 <\/a><\/p><h2>Buscando justicia para las v\u00edctimas de conductores ebrios en Fairfield, Ohio<\/h2>\n<p>Conducir ebrio puede destrozar su vida y devastar a su familia. Las v\u00edctimas pueden encontrarse enfrentando altos costos m\u00e9dicos y de rehabilitaci\u00f3n. Las personas que han quedado discapacitadas despu\u00e9s de un accidente por conducir ebrio pueden perder tiempo del trabajo o no poder regresar al trabajo, lo que puede dejar a las v\u00edctimas y sus familias luchando para llegar a fin de mes. Si usted o alguien a quien ama result\u00f3 herido en un accidente por conducir ebrio, es posible que tenga derechos importantes seg\u00fan la ley. Por ejemplo, es posible que pueda buscar una compensaci\u00f3n de conductores negligentes para cubrir sus costos m\u00e9dicos, salarios perdidos, dolor y sufrimiento, costos de rehabilitaci\u00f3n y otras p\u00e9rdidas. Sin embargo, es posible que solo tenga una cantidad limitada de tiempo para presentar un reclamo seg\u00fan la ley. <a href=\"https:\/\/thehometownlawyers.com\/es\/contacto\/\">P\u00f3ngase en contacto<\/a> con Kruger &amp; Hodges Attorneys at Law , abogados de accidentes por conducir ebrio que prestan servicios en Fairfield, Ohio, hoy para obtener m\u00e1s informaci\u00f3n.<\/p>\n<p class=\"rs-content-cta rs-content-cta-small\">Llame o env\u00ede un mensaje de texto al <a href=\"tel:+15138943333\">513-894-3333<\/a> o complete una <a href=\"\/es\/contacto\/\">evaluaci\u00f3n gratuita de su caso<\/a><\/p>","protected":false},"excerpt":{"rendered":"<p>Si usted o alguien a quien ama result\u00f3 herido en un accidente que involucr\u00f3 a un conductor ebrio en Fairfield, Ohio, Kruger &amp; Hodges Attorneys at Law es un bufete de abogados de accidentes por conducir ebrio que puede ayudarlo con su reclamo por lesiones personales. Uno de los factores m\u00e1s importantes que se deben &#8230;<\/p>\n","protected":false},"author":7,"featured_media":24537,"parent":21216,"menu_order":0,"comment_status":"closed","ping_status":"closed","template":"","meta":{"_acf_changed":false,"inline_featured_image":false,"_genesis_hide_title":false,"_genesis_hide_breadcrumbs":false,"_genesis_hide_singular_image":false,"_genesis_hide_footer_widgets":false,"_genesis_custom_body_class":"","_genesis_custom_post_class":"","_genesis_layout":"","footnotes":""},"hc_faqs":[],"hc_spanish_faqs":[],"class_list":{"0":"post-21266","1":"page","2":"type-page","3":"status-publish","4":"has-post-thumbnail","6":"entry"},"acf":[],"yoast_head":"<!-- This site is optimized with the Yoast SEO plugin v27.3 - https:\/\/yoast.com\/product\/yoast-seo-wordpress\/ -->\n<title>Abogados de accidentes por conducir ebrio que prestan servicios en Fairfield, Ohio: Consulta gratuita<\/title>\n<meta name=\"description\" content=\"Si usted o alguien a quien ama result\u00f3 herido en un accidente que involucr\u00f3 a un conductor ebrio en Fairfield, Ohio, Kruger &amp; Hodges Attorneys at Law\" \/>\n<meta name=\"robots\" content=\"index, follow, max-snippet:-1, max-image-preview:large, max-video-preview:-1\" \/>\n<link rel=\"canonical\" href=\"https:\/\/thehometownlawyers.com\/es\/abogados-de-lesiones-personales-en-fairfield-ohio\/abogados-de-accidentes-automovilisticos-en-fairfield-ohio\/abogados-de-accidentes-por-conducir-ebrio-que-prestan-servicios-en-fairfield-ohio\/\" \/>\n<meta property=\"og:locale\" content=\"es_MX\" \/>\n<meta property=\"og:type\" content=\"article\" \/>\n<meta property=\"og:title\" content=\"Abogados de accidentes por conducir ebrio que prestan servicios en Fairfield, Ohio: Consulta gratuita\" \/>\n<meta property=\"og:description\" content=\"Si usted o alguien a quien ama result\u00f3 herido en un accidente que involucr\u00f3 a un conductor ebrio en Fairfield, Ohio, Kruger &amp; Hodges Attorneys at Law\" \/>\n<meta property=\"og:url\" content=\"https:\/\/thehometownlawyers.com\/es\/abogados-de-lesiones-personales-en-fairfield-ohio\/abogados-de-accidentes-automovilisticos-en-fairfield-ohio\/abogados-de-accidentes-por-conducir-ebrio-que-prestan-servicios-en-fairfield-ohio\/\" \/>\n<meta property=\"og:site_name\" content=\"Kruger &amp; Hodges Abogados De Lesiones\" \/>\n<meta property=\"article:publisher\" content=\"https:\/\/www.facebook.com\/KrugerHodges\/\" \/>\n<meta property=\"article:modified_time\" content=\"2025-01-31T15:45:11+00:00\" \/>\n<meta property=\"og:image\" content=\"https:\/\/thehometownlawyers.com\/wp-content\/uploads\/2021\/08\/dui-breathalizer.jpg\" \/>\n\t<meta property=\"og:image:width\" content=\"1920\" \/>\n\t<meta property=\"og:image:height\" content=\"1080\" \/>\n\t<meta property=\"og:image:type\" content=\"image\/jpeg\" \/>\n<meta name=\"twitter:card\" content=\"summary_large_image\" \/>\n<meta name=\"twitter:label1\" content=\"Tiempo de lectura\" \/>\n\t<meta name=\"twitter:data1\" content=\"4 minutos\" \/>\n<script type=\"application\/ld+json\" class=\"yoast-schema-graph\">{\"@context\":\"https:\\\/\\\/schema.org\",\"@graph\":[{\"@type\":\"WebPage\",\"@id\":\"https:\\\/\\\/thehometownlawyers.com\\\/es\\\/abogados-de-lesiones-personales-en-fairfield-ohio\\\/abogados-de-accidentes-automovilisticos-en-fairfield-ohio\\\/abogados-de-accidentes-por-conducir-ebrio-que-prestan-servicios-en-fairfield-ohio\\\/\",\"url\":\"https:\\\/\\\/thehometownlawyers.com\\\/es\\\/abogados-de-lesiones-personales-en-fairfield-ohio\\\/abogados-de-accidentes-automovilisticos-en-fairfield-ohio\\\/abogados-de-accidentes-por-conducir-ebrio-que-prestan-servicios-en-fairfield-ohio\\\/\",\"name\":\"Abogados de accidentes por conducir ebrio que prestan servicios en Fairfield, Ohio: Consulta gratuita\",\"isPartOf\":{\"@id\":\"https:\\\/\\\/thehometownlawyers.com\\\/es\\\/#website\"},\"primaryImageOfPage\":{\"@id\":\"https:\\\/\\\/thehometownlawyers.com\\\/es\\\/abogados-de-lesiones-personales-en-fairfield-ohio\\\/abogados-de-accidentes-automovilisticos-en-fairfield-ohio\\\/abogados-de-accidentes-por-conducir-ebrio-que-prestan-servicios-en-fairfield-ohio\\\/#primaryimage\"},\"image\":{\"@id\":\"https:\\\/\\\/thehometownlawyers.com\\\/es\\\/abogados-de-lesiones-personales-en-fairfield-ohio\\\/abogados-de-accidentes-automovilisticos-en-fairfield-ohio\\\/abogados-de-accidentes-por-conducir-ebrio-que-prestan-servicios-en-fairfield-ohio\\\/#primaryimage\"},\"thumbnailUrl\":\"https:\\\/\\\/thehometownlawyers.com\\\/wp-content\\\/uploads\\\/2025\\\/03\\\/fairfield-car-accident-lawyer-drunk-driving.jpg\",\"datePublished\":\"2020-02-27T01:08:25+00:00\",\"dateModified\":\"2025-01-31T15:45:11+00:00\",\"description\":\"Si usted o alguien a quien ama result\u00f3 herido en un accidente que involucr\u00f3 a un conductor ebrio en Fairfield, Ohio, Kruger &amp; Hodges Attorneys at Law\",\"breadcrumb\":{\"@id\":\"https:\\\/\\\/thehometownlawyers.com\\\/es\\\/abogados-de-lesiones-personales-en-fairfield-ohio\\\/abogados-de-accidentes-automovilisticos-en-fairfield-ohio\\\/abogados-de-accidentes-por-conducir-ebrio-que-prestan-servicios-en-fairfield-ohio\\\/#breadcrumb\"},\"inLanguage\":\"es\",\"potentialAction\":[{\"@type\":\"ReadAction\",\"target\":[\"https:\\\/\\\/thehometownlawyers.com\\\/es\\\/abogados-de-lesiones-personales-en-fairfield-ohio\\\/abogados-de-accidentes-automovilisticos-en-fairfield-ohio\\\/abogados-de-accidentes-por-conducir-ebrio-que-prestan-servicios-en-fairfield-ohio\\\/\"]}]},{\"@type\":\"ImageObject\",\"inLanguage\":\"es\",\"@id\":\"https:\\\/\\\/thehometownlawyers.com\\\/es\\\/abogados-de-lesiones-personales-en-fairfield-ohio\\\/abogados-de-accidentes-automovilisticos-en-fairfield-ohio\\\/abogados-de-accidentes-por-conducir-ebrio-que-prestan-servicios-en-fairfield-ohio\\\/#primaryimage\",\"url\":\"https:\\\/\\\/thehometownlawyers.com\\\/wp-content\\\/uploads\\\/2025\\\/03\\\/fairfield-car-accident-lawyer-drunk-driving.jpg\",\"contentUrl\":\"https:\\\/\\\/thehometownlawyers.com\\\/wp-content\\\/uploads\\\/2025\\\/03\\\/fairfield-car-accident-lawyer-drunk-driving.jpg\",\"width\":768,\"height\":512,\"caption\":\"Road police with flashing lights stopped drunk driver.\"},{\"@type\":\"BreadcrumbList\",\"@id\":\"https:\\\/\\\/thehometownlawyers.com\\\/es\\\/abogados-de-lesiones-personales-en-fairfield-ohio\\\/abogados-de-accidentes-automovilisticos-en-fairfield-ohio\\\/abogados-de-accidentes-por-conducir-ebrio-que-prestan-servicios-en-fairfield-ohio\\\/#breadcrumb\",\"itemListElement\":[{\"@type\":\"ListItem\",\"position\":1,\"name\":\"Home\",\"item\":\"https:\\\/\\\/thehometownlawyers.com\\\/es\\\/\"},{\"@type\":\"ListItem\",\"position\":2,\"name\":\"Abogado de Lesiones Personales en Fairfield\",\"item\":\"https:\\\/\\\/thehometownlawyers.com\\\/es\\\/abogados-de-lesiones-personales-en-fairfield-ohio\\\/\"},{\"@type\":\"ListItem\",\"position\":3,\"name\":\"Abogado de Accidente Automovil\u00edstico en Fairfield\",\"item\":\"https:\\\/\\\/thehometownlawyers.com\\\/es\\\/abogados-de-lesiones-personales-en-fairfield-ohio\\\/abogados-de-accidentes-automovilisticos-en-fairfield-ohio\\\/\"},{\"@type\":\"ListItem\",\"position\":4,\"name\":\"Accidente por Conducir Ebrio\"}]},{\"@type\":\"WebSite\",\"@id\":\"https:\\\/\\\/thehometownlawyers.com\\\/es\\\/#website\",\"url\":\"https:\\\/\\\/thehometownlawyers.com\\\/es\\\/\",\"name\":\"Kruger & Hodges Hometown Injury Lawyers | Accident Attorneys\",\"description\":\"Attorneys for Car, Truck and Motorcycle Accidents, Personal Injuries, and Criminal Defense.\",\"publisher\":{\"@id\":\"https:\\\/\\\/thehometownlawyers.com\\\/es\\\/#organization\"},\"alternateName\":\"Kruger & Hodges Personal Injury Lawyers\",\"inLanguage\":\"es\"},{\"@type\":\"Organization\",\"@id\":\"https:\\\/\\\/thehometownlawyers.com\\\/es\\\/#organization\",\"name\":\"Kruger & Hodges Hometown Injury Lawyers\",\"alternateName\":\"Kruger & Hodges\",\"url\":\"https:\\\/\\\/thehometownlawyers.com\\\/es\\\/\",\"logo\":{\"@type\":\"ImageObject\",\"inLanguage\":\"es\",\"@id\":\"https:\\\/\\\/thehometownlawyers.com\\\/es\\\/#\\\/schema\\\/logo\\\/image\\\/\",\"url\":\"https:\\\/\\\/thehometownlawyers.com\\\/wp-content\\\/uploads\\\/2025\\\/12\\\/revised-kh-logo-vertical-white-background-scaled.png\",\"contentUrl\":\"https:\\\/\\\/thehometownlawyers.com\\\/wp-content\\\/uploads\\\/2025\\\/12\\\/revised-kh-logo-vertical-white-background-scaled.png\",\"width\":2560,\"height\":1440,\"caption\":\"Kruger & Hodges Hometown Injury Lawyers\"},\"image\":{\"@id\":\"https:\\\/\\\/thehometownlawyers.com\\\/es\\\/#\\\/schema\\\/logo\\\/image\\\/\"},\"sameAs\":[\"https:\\\/\\\/www.facebook.com\\\/KrugerHodges\\\/\",\"https:\\\/\\\/www.instagram.com\\\/krugerhodges\\\/\",\"https:\\\/\\\/www.linkedin.com\\\/company\\\/kruger-hodges-hometown-injury-lawyers\\\/\",\"https:\\\/\\\/www.youtube.com\\\/channel\\\/UCeYcMaMaN2rb9jMlqt4EIdQ\",\"https:\\\/\\\/www.tiktok.com\\\/@thehometownlawyer\"]}]}<\/script>\n<!-- \/ Yoast SEO plugin. -->","yoast_head_json":{"title":"Abogados de accidentes por conducir ebrio que prestan servicios en Fairfield, Ohio: Consulta gratuita","description":"Si usted o alguien a quien ama result\u00f3 herido en un accidente que involucr\u00f3 a un conductor ebrio en Fairfield, Ohio, Kruger &amp; Hodges Attorneys at Law","robots":{"index":"index","follow":"follow","max-snippet":"max-snippet:-1","max-image-preview":"max-image-preview:large","max-video-preview":"max-video-preview:-1"},"canonical":"https:\/\/thehometownlawyers.com\/es\/abogados-de-lesiones-personales-en-fairfield-ohio\/abogados-de-accidentes-automovilisticos-en-fairfield-ohio\/abogados-de-accidentes-por-conducir-ebrio-que-prestan-servicios-en-fairfield-ohio\/","og_locale":"es_MX","og_type":"article","og_title":"Abogados de accidentes por conducir ebrio que prestan servicios en Fairfield, Ohio: Consulta gratuita","og_description":"Si usted o alguien a quien ama result\u00f3 herido en un accidente que involucr\u00f3 a un conductor ebrio en Fairfield, Ohio, Kruger &amp; Hodges Attorneys at Law","og_url":"https:\/\/thehometownlawyers.com\/es\/abogados-de-lesiones-personales-en-fairfield-ohio\/abogados-de-accidentes-automovilisticos-en-fairfield-ohio\/abogados-de-accidentes-por-conducir-ebrio-que-prestan-servicios-en-fairfield-ohio\/","og_site_name":"Kruger &amp; Hodges Abogados De Lesiones","article_publisher":"https:\/\/www.facebook.com\/KrugerHodges\/","article_modified_time":"2025-01-31T15:45:11+00:00","og_image":[{"width":1920,"height":1080,"url":"https:\/\/thehometownlawyers.com\/wp-content\/uploads\/2021\/08\/dui-breathalizer.jpg","type":"image\/jpeg"}],"twitter_card":"summary_large_image","twitter_misc":{"Tiempo de lectura":"4 minutos"},"schema":{"@context":"https:\/\/schema.org","@graph":[{"@type":"WebPage","@id":"https:\/\/thehometownlawyers.com\/es\/abogados-de-lesiones-personales-en-fairfield-ohio\/abogados-de-accidentes-automovilisticos-en-fairfield-ohio\/abogados-de-accidentes-por-conducir-ebrio-que-prestan-servicios-en-fairfield-ohio\/","url":"https:\/\/thehometownlawyers.com\/es\/abogados-de-lesiones-personales-en-fairfield-ohio\/abogados-de-accidentes-automovilisticos-en-fairfield-ohio\/abogados-de-accidentes-por-conducir-ebrio-que-prestan-servicios-en-fairfield-ohio\/","name":"Abogados de accidentes por conducir ebrio que prestan servicios en Fairfield, Ohio: Consulta gratuita","isPartOf":{"@id":"https:\/\/thehometownlawyers.com\/es\/#website"},"primaryImageOfPage":{"@id":"https:\/\/thehometownlawyers.com\/es\/abogados-de-lesiones-personales-en-fairfield-ohio\/abogados-de-accidentes-automovilisticos-en-fairfield-ohio\/abogados-de-accidentes-por-conducir-ebrio-que-prestan-servicios-en-fairfield-ohio\/#primaryimage"},"image":{"@id":"https:\/\/thehometownlawyers.com\/es\/abogados-de-lesiones-personales-en-fairfield-ohio\/abogados-de-accidentes-automovilisticos-en-fairfield-ohio\/abogados-de-accidentes-por-conducir-ebrio-que-prestan-servicios-en-fairfield-ohio\/#primaryimage"},"thumbnailUrl":"https:\/\/thehometownlawyers.com\/wp-content\/uploads\/2025\/03\/fairfield-car-accident-lawyer-drunk-driving.jpg","datePublished":"2020-02-27T01:08:25+00:00","dateModified":"2025-01-31T15:45:11+00:00","description":"Si usted o alguien a quien ama result\u00f3 herido en un accidente que involucr\u00f3 a un conductor ebrio en Fairfield, Ohio, Kruger &amp; Hodges Attorneys at Law","breadcrumb":{"@id":"https:\/\/thehometownlawyers.com\/es\/abogados-de-lesiones-personales-en-fairfield-ohio\/abogados-de-accidentes-automovilisticos-en-fairfield-ohio\/abogados-de-accidentes-por-conducir-ebrio-que-prestan-servicios-en-fairfield-ohio\/#breadcrumb"},"inLanguage":"es","potentialAction":[{"@type":"ReadAction","target":["https:\/\/thehometownlawyers.com\/es\/abogados-de-lesiones-personales-en-fairfield-ohio\/abogados-de-accidentes-automovilisticos-en-fairfield-ohio\/abogados-de-accidentes-por-conducir-ebrio-que-prestan-servicios-en-fairfield-ohio\/"]}]},{"@type":"ImageObject","inLanguage":"es","@id":"https:\/\/thehometownlawyers.com\/es\/abogados-de-lesiones-personales-en-fairfield-ohio\/abogados-de-accidentes-automovilisticos-en-fairfield-ohio\/abogados-de-accidentes-por-conducir-ebrio-que-prestan-servicios-en-fairfield-ohio\/#primaryimage","url":"https:\/\/thehometownlawyers.com\/wp-content\/uploads\/2025\/03\/fairfield-car-accident-lawyer-drunk-driving.jpg","contentUrl":"https:\/\/thehometownlawyers.com\/wp-content\/uploads\/2025\/03\/fairfield-car-accident-lawyer-drunk-driving.jpg","width":768,"height":512,"caption":"Road police with flashing lights stopped drunk driver."},{"@type":"BreadcrumbList","@id":"https:\/\/thehometownlawyers.com\/es\/abogados-de-lesiones-personales-en-fairfield-ohio\/abogados-de-accidentes-automovilisticos-en-fairfield-ohio\/abogados-de-accidentes-por-conducir-ebrio-que-prestan-servicios-en-fairfield-ohio\/#breadcrumb","itemListElement":[{"@type":"ListItem","position":1,"name":"Home","item":"https:\/\/thehometownlawyers.com\/es\/"},{"@type":"ListItem","position":2,"name":"Abogado de Lesiones Personales en Fairfield","item":"https:\/\/thehometownlawyers.com\/es\/abogados-de-lesiones-personales-en-fairfield-ohio\/"},{"@type":"ListItem","position":3,"name":"Abogado de Accidente Automovil\u00edstico en Fairfield","item":"https:\/\/thehometownlawyers.com\/es\/abogados-de-lesiones-personales-en-fairfield-ohio\/abogados-de-accidentes-automovilisticos-en-fairfield-ohio\/"},{"@type":"ListItem","position":4,"name":"Accidente por Conducir Ebrio"}]},{"@type":"WebSite","@id":"https:\/\/thehometownlawyers.com\/es\/#website","url":"https:\/\/thehometownlawyers.com\/es\/","name":"Kruger & Hodges Hometown Injury Lawyers | Accident Attorneys","description":"Attorneys for Car, Truck and Motorcycle Accidents, Personal Injuries, and Criminal Defense.","publisher":{"@id":"https:\/\/thehometownlawyers.com\/es\/#organization"},"alternateName":"Kruger & Hodges Personal Injury Lawyers","inLanguage":"es"},{"@type":"Organization","@id":"https:\/\/thehometownlawyers.com\/es\/#organization","name":"Kruger & Hodges Hometown Injury Lawyers","alternateName":"Kruger & Hodges","url":"https:\/\/thehometownlawyers.com\/es\/","logo":{"@type":"ImageObject","inLanguage":"es","@id":"https:\/\/thehometownlawyers.com\/es\/#\/schema\/logo\/image\/","url":"https:\/\/thehometownlawyers.com\/wp-content\/uploads\/2025\/12\/revised-kh-logo-vertical-white-background-scaled.png","contentUrl":"https:\/\/thehometownlawyers.com\/wp-content\/uploads\/2025\/12\/revised-kh-logo-vertical-white-background-scaled.png","width":2560,"height":1440,"caption":"Kruger & Hodges Hometown Injury Lawyers"},"image":{"@id":"https:\/\/thehometownlawyers.com\/es\/#\/schema\/logo\/image\/"},"sameAs":["https:\/\/www.facebook.com\/KrugerHodges\/","https:\/\/www.instagram.com\/krugerhodges\/","https:\/\/www.linkedin.com\/company\/kruger-hodges-hometown-injury-lawyers\/","https:\/\/www.youtube.com\/channel\/UCeYcMaMaN2rb9jMlqt4EIdQ","https:\/\/www.tiktok.com\/@thehometownlawyer"]}]}},"_links":{"self":[{"href":"https:\/\/thehometownlawyers.com\/es\/wp-json\/wp\/v2\/pages\/21266","targetHints":{"allow":["GET"]}}],"collection":[{"href":"https:\/\/thehometownlawyers.com\/es\/wp-json\/wp\/v2\/pages"}],"about":[{"href":"https:\/\/thehometownlawyers.com\/es\/wp-json\/wp\/v2\/types\/page"}],"author":[{"embeddable":true,"href":"https:\/\/thehometownlawyers.com\/es\/wp-json\/wp\/v2\/users\/7"}],"replies":[{"embeddable":true,"href":"https:\/\/thehometownlawyers.com\/es\/wp-json\/wp\/v2\/comments?post=21266"}],"version-history":[{"count":0,"href":"https:\/\/thehometownlawyers.com\/es\/wp-json\/wp\/v2\/pages\/21266\/revisions"}],"up":[{"embeddable":true,"href":"https:\/\/thehometownlawyers.com\/es\/wp-json\/wp\/v2\/pages\/21216"}],"wp:featuredmedia":[{"embeddable":true,"href":"https:\/\/thehometownlawyers.com\/es\/wp-json\/wp\/v2\/media\/24537"}],"wp:attachment":[{"href":"https:\/\/thehometownlawyers.com\/es\/wp-json\/wp\/v2\/media?parent=21266"}],"wp:term":[{"taxonomy":"hc_faqs","embeddable":true,"href":"https:\/\/thehometownlawyers.com\/es\/wp-json\/wp\/v2\/hc_faqs?post=21266"},{"taxonomy":"hc_spanish_faqs","embeddable":true,"href":"https:\/\/thehometownlawyers.com\/es\/wp-json\/wp\/v2\/hc_spanish_faqs?post=21266"}],"curies":[{"name":"wp","href":"https:\/\/api.w.org\/{rel}","templated":true}]}}