{"id":21267,"date":"2020-02-26T21:05:24","date_gmt":"2020-02-27T02:05:24","guid":{"rendered":"https:\/\/thehometownlawyers.com\/?page_id=21267"},"modified":"2025-01-31T10:59:21","modified_gmt":"2025-01-31T15:59:21","slug":"abogados-de-accidentes-de-camiones-que-prestan-servicios-en-trenton-ohio","status":"publish","type":"page","link":"https:\/\/thehometownlawyers.com\/es\/abogados-de-lesiones-personales-que-prestan-servicios-en-trenton-ohio\/abogados-de-accidentes-de-camiones-que-prestan-servicios-en-trenton-ohio\/","title":{"rendered":"Abogado de Accidente de Semi en Trenton"},"content":{"rendered":"<p>Seg\u00fan la <a href=\"https:\/\/crashstats.nhtsa.dot.gov\/Api\/Public\/ViewPublication\/812663\" target=\"_blank\" rel=\"noopener\">Administraci\u00f3n Nacional de Seguridad del Tr\u00e1fico en las Carreteras<\/a> , en 2017, 4761 personas murieron en accidentes de camiones. Los accidentes de camiones pueden ser mucho m\u00e1s mortales que otros tipos de accidentes de tr\u00e1nsito debido al gran tama\u00f1o de estos veh\u00edculos. La Administraci\u00f3n Nacional de Seguridad del Tr\u00e1fico en Carreteras define un cami\u00f3n grande como un veh\u00edculo que pesa m\u00e1s de 10,000 libras. Cuando estos veh\u00edculos chocan con veh\u00edculos de pasajeros m\u00e1s peque\u00f1os o incluso con SUV, los resultados pueden ser catastr\u00f3ficos. La Administraci\u00f3n Nacional de Seguridad del Tr\u00e1fico en Carreteras informa que aproximadamente 84,000 personas resultaron heridas en choques de camiones en un solo a\u00f1o junto con otros ocupantes de veh\u00edculos.<\/p>\n<p>Si usted o alguien a quien ama result\u00f3 herido en un accidente de cami\u00f3n en Trenton, Ohio, Kruger &amp; Hodges Attorneys at Law es un bufete de abogados de accidentes de camiones que puede ayudarlo. Los reclamos por accidentes de camiones a veces pueden ser m\u00e1s complejos que los reclamos por accidentes de veh\u00edculos de pasajeros, porque estos reclamos pueden involucrar a varias partes. Por ejemplo, en un accidente de cami\u00f3n, la compa\u00f1\u00eda del cami\u00f3n, el conductor, el propietario-operador del tr\u00e1iler o incluso las empresas de mantenimiento o de env\u00edo podr\u00edan ser responsables despu\u00e9s de un accidente. Estas partes tambi\u00e9n pueden estar fuertemente aseguradas para protegerse en caso de un accidente, y las v\u00edctimas tambi\u00e9n pueden solicitar una compensaci\u00f3n de estas compa\u00f1\u00edas de seguros.<\/p>\n<p class=\"rs-content-cta rs-content-cta-small\">Para una consulta legal gratuita, llame al <a href=\"tel:+15138943333\">513-894-3333 <\/a><\/p><p>Navegar por el proceso de reclamos despu\u00e9s de una lesi\u00f3n grave a veces puede ser estresante. Es posible que tenga preguntas sobre sus derechos, preguntas sobre c\u00f3mo presentar un reclamo, inquietudes sobre el valor de su reclamo y preguntas sobre los pr\u00f3ximos pasos que usted y su familia podr\u00edan tomar. Kruger &amp; Hodges Attorneys at Law es un bufete de abogados de accidentes de camiones con servicio en Trenton, Ohio, que puede ayudarlo.<\/p>\n<h2>Leyes que las empresas de camiones y los conductores deben seguir<\/h2>\n<p class=\"rs-content-cta\">Abogado de Accidente de Cami\u00f3n de Trenton Cerca de M\u00ed <a href=\"tel:+15138943333\">513-894-3333<\/a><\/p><p>Para presentar un reclamo por lesiones personales despu\u00e9s de un accidente de cami\u00f3n, es posible que deba demostrar c\u00f3mo la compa\u00f1\u00eda del cami\u00f3n o el conductor fueron responsables de su accidente. Las compa\u00f1\u00edas de camiones est\u00e1n obligadas a seguir estrictas leyes federales y locales. Estas leyes rigen todo, desde cu\u00e1nto tiempo un conductor puede operar un cami\u00f3n en un d\u00eda determinado o durante un turno determinado, hasta qu\u00e9 tan pesado puede cargarse el cami\u00f3n y con qu\u00e9 frecuencia debe someterse al mantenimiento del cami\u00f3n. Kruger &amp; Hodges Attorneys at Law es un bufete de abogados de accidentes de camiones que presta servicios en Trenton, Ohio, que puede evaluar las circunstancias que rodean su accidente, determinar si la compa\u00f1\u00eda de camiones podr\u00eda haber violado alguna de estas leyes y ayudarlo a presentar un reclamo si una compa\u00f1\u00eda de camiones o el conductor. acciones resultaron en sus lesiones y p\u00e9rdidas. \u00bfCu\u00e1les son algunas leyes importantes que las empresas de camiones y los conductores deben seguir?<\/p>\n<ul>\n<li>Leyes de Horas de Servicio. Las leyes federales de horas de servicio imponen l\u00edmites sobre el tiempo que un conductor de cami\u00f3n puede estar detr\u00e1s del volante en un d\u00eda determinado. En la mayor\u00eda de los casos, a los conductores no se les permite conducir por m\u00e1s de 11 horas seguidas. Sin embargo, la investigaci\u00f3n ha demostrado que un conductor puede fatigarse mucho antes (tan pronto como se han excedido las 8 horas en la carretera). Si se sospecha fatiga en su accidente de cami\u00f3n, los abogados de accidentes de camiones de <a href=\"https:\/\/thehometownlawyers.com\/middletown\/truck-accident-lawyer\/semi\/\">Kruger &amp; Hodges<\/a> Attorneys at Law que prestan servicios en Trenton, Ohio, pueden ayudarlo.<\/li>\n<li>Las empresas de camiones est\u00e1n obligadas a mantener sus veh\u00edculos en buen estado de funcionamiento. Los problemas de mantenimiento pueden aumentar el riesgo de un accidente. Una llanta pinchada o un freno defectuoso en un cami\u00f3n puede tener graves consecuencias para el conductor del cami\u00f3n y para otros conductores inocentes en la carretera.<\/li>\n<li>Las leyes imponen l\u00edmites sobre qu\u00e9 tan pesado se puede cargar un cami\u00f3n. Los camiones mal cargados pueden correr el riesgo de volcarse, y los camiones m\u00e1s pesados pueden requerir mayores distancias para detenerse.<\/li>\n<li>Calificaciones del conductor. Los conductores deben cumplir requisitos estrictos para obtener una licencia de conducir comercial. Por ejemplo, los conductores deben pasar ex\u00e1menes m\u00e9dicos y no deben estar bajo la influencia de ciertos tipos de medicamentos recetados. Las empresas de camiones tienen la responsabilidad de investigar adecuadamente a sus conductores.<\/li>\n<\/ul>\n<p class=\"rs-content-cta rs-content-cta-small\"><a href=\"\/es\/contacto\/\">Haga clic para contactar<\/a> con nuestros accidente de cami\u00f3n abogados hoy<\/p><p>Si ha tenido un accidente de cami\u00f3n en Trenton, Ohio, estos son solo algunos de los detalles que los abogados de accidentes de camiones de Kruger &amp; Hodges Attorneys at Law pueden revisar. Nuestros abogados pueden revisar los registros de env\u00edo, los registros del conductor, los registros de mantenimiento y el registro del conductor para determinar si alguna infracci\u00f3n pudo haber provocado su accidente. Nuestros abogados pueden analizar c\u00f3mo las pol\u00edticas de carga de una empresa de camiones o la capacitaci\u00f3n de los conductores podr\u00edan haber afectado su caso. \u00bfTiene preguntas sobre sus derechos despu\u00e9s de un accidente de cami\u00f3n en Trenton, Ohio? <a href=\"https:\/\/thehometownlawyers.com\/contact\/\">P\u00f3ngase en contacto con los abogados de Kruger &amp; Hodges<\/a> hoy.<\/p>\n<p class=\"rs-content-cta rs-content-cta-small\">Llame o env\u00ede un mensaje de texto al <a href=\"tel:+15138943333\">513-894-3333<\/a> o complete una <a href=\"\/es\/contacto\/\">evaluaci\u00f3n gratuita de su caso<\/a><\/p>","protected":false},"excerpt":{"rendered":"<p>Seg\u00fan la Administraci\u00f3n Nacional de Seguridad del Tr\u00e1fico en las Carreteras , en 2017, 4761 personas murieron en accidentes de camiones. Los accidentes de camiones pueden ser mucho m\u00e1s mortales que otros tipos de accidentes de tr\u00e1nsito debido al gran tama\u00f1o de estos veh\u00edculos. La Administraci\u00f3n Nacional de Seguridad del Tr\u00e1fico en Carreteras define un &#8230;<\/p>\n","protected":false},"author":7,"featured_media":20745,"parent":21264,"menu_order":0,"comment_status":"closed","ping_status":"closed","template":"","meta":{"_acf_changed":false,"inline_featured_image":false,"_genesis_hide_title":false,"_genesis_hide_breadcrumbs":false,"_genesis_hide_singular_image":false,"_genesis_hide_footer_widgets":false,"_genesis_custom_body_class":"","_genesis_custom_post_class":"","_genesis_layout":"","footnotes":""},"hc_faqs":[],"hc_spanish_faqs":[],"class_list":{"0":"post-21267","1":"page","2":"type-page","3":"status-publish","4":"has-post-thumbnail","6":"hc_city_location-trenton-es","7":"entry"},"acf":[],"yoast_head":"<!-- This site is optimized with the Yoast SEO plugin v27.4 - https:\/\/yoast.com\/product\/yoast-seo-wordpress\/ -->\n<title>Abogados de accidentes de camiones que prestan servicios en Trenton, Ohio: Consulta gratuita<\/title>\n<meta name=\"description\" content=\"Seg\u00fan la Administraci\u00f3n Nacional de Seguridad del Tr\u00e1fico en las Carreteras , en 2017, 4761 personas murieron en accidentes de camiones. Los accidentes de\" \/>\n<meta name=\"robots\" content=\"index, follow, max-snippet:-1, max-image-preview:large, max-video-preview:-1\" \/>\n<link rel=\"canonical\" href=\"https:\/\/thehometownlawyers.com\/es\/abogados-de-lesiones-personales-que-prestan-servicios-en-trenton-ohio\/abogados-de-accidentes-de-camiones-que-prestan-servicios-en-trenton-ohio\/\" \/>\n<meta property=\"og:locale\" content=\"es_MX\" \/>\n<meta property=\"og:type\" content=\"article\" \/>\n<meta property=\"og:title\" content=\"Abogados de accidentes de camiones que prestan servicios en Trenton, Ohio: Consulta gratuita\" \/>\n<meta property=\"og:description\" content=\"Seg\u00fan la Administraci\u00f3n Nacional de Seguridad del Tr\u00e1fico en las Carreteras , en 2017, 4761 personas murieron en accidentes de camiones. Los accidentes de\" \/>\n<meta property=\"og:url\" content=\"https:\/\/thehometownlawyers.com\/es\/abogados-de-lesiones-personales-que-prestan-servicios-en-trenton-ohio\/abogados-de-accidentes-de-camiones-que-prestan-servicios-en-trenton-ohio\/\" \/>\n<meta property=\"og:site_name\" content=\"Kruger &amp; Hodges Abogados De Lesiones\" \/>\n<meta property=\"article:publisher\" content=\"https:\/\/www.facebook.com\/KrugerHodges\/\" \/>\n<meta property=\"article:modified_time\" content=\"2025-01-31T15:59:21+00:00\" \/>\n<meta property=\"og:image\" content=\"https:\/\/thehometownlawyers.com\/wp-content\/uploads\/2020\/02\/iStock-89919214small-1-scaled-1.jpg\" \/>\n\t<meta property=\"og:image:width\" content=\"2048\" \/>\n\t<meta property=\"og:image:height\" content=\"1362\" \/>\n\t<meta property=\"og:image:type\" content=\"image\/jpeg\" \/>\n<meta name=\"twitter:card\" content=\"summary_large_image\" \/>\n<meta name=\"twitter:label1\" content=\"Tiempo de lectura\" \/>\n\t<meta name=\"twitter:data1\" content=\"4 minutos\" \/>\n<script type=\"application\/ld+json\" class=\"yoast-schema-graph\">{\"@context\":\"https:\\\/\\\/schema.org\",\"@graph\":[{\"@type\":\"WebPage\",\"@id\":\"https:\\\/\\\/thehometownlawyers.com\\\/es\\\/abogados-de-lesiones-personales-que-prestan-servicios-en-trenton-ohio\\\/abogados-de-accidentes-de-camiones-que-prestan-servicios-en-trenton-ohio\\\/\",\"url\":\"https:\\\/\\\/thehometownlawyers.com\\\/es\\\/abogados-de-lesiones-personales-que-prestan-servicios-en-trenton-ohio\\\/abogados-de-accidentes-de-camiones-que-prestan-servicios-en-trenton-ohio\\\/\",\"name\":\"Abogados de accidentes de camiones que prestan servicios en Trenton, Ohio: Consulta gratuita\",\"isPartOf\":{\"@id\":\"https:\\\/\\\/thehometownlawyers.com\\\/es\\\/#website\"},\"primaryImageOfPage\":{\"@id\":\"https:\\\/\\\/thehometownlawyers.com\\\/es\\\/abogados-de-lesiones-personales-que-prestan-servicios-en-trenton-ohio\\\/abogados-de-accidentes-de-camiones-que-prestan-servicios-en-trenton-ohio\\\/#primaryimage\"},\"image\":{\"@id\":\"https:\\\/\\\/thehometownlawyers.com\\\/es\\\/abogados-de-lesiones-personales-que-prestan-servicios-en-trenton-ohio\\\/abogados-de-accidentes-de-camiones-que-prestan-servicios-en-trenton-ohio\\\/#primaryimage\"},\"thumbnailUrl\":\"https:\\\/\\\/thehometownlawyers.com\\\/wp-content\\\/uploads\\\/2020\\\/02\\\/iStock-89919214small-1-scaled-1.jpg\",\"datePublished\":\"2020-02-27T02:05:24+00:00\",\"dateModified\":\"2025-01-31T15:59:21+00:00\",\"description\":\"Seg\u00fan la Administraci\u00f3n Nacional de Seguridad del Tr\u00e1fico en las Carreteras , en 2017, 4761 personas murieron en accidentes de camiones. Los accidentes de\",\"breadcrumb\":{\"@id\":\"https:\\\/\\\/thehometownlawyers.com\\\/es\\\/abogados-de-lesiones-personales-que-prestan-servicios-en-trenton-ohio\\\/abogados-de-accidentes-de-camiones-que-prestan-servicios-en-trenton-ohio\\\/#breadcrumb\"},\"inLanguage\":\"es\",\"potentialAction\":[{\"@type\":\"ReadAction\",\"target\":[\"https:\\\/\\\/thehometownlawyers.com\\\/es\\\/abogados-de-lesiones-personales-que-prestan-servicios-en-trenton-ohio\\\/abogados-de-accidentes-de-camiones-que-prestan-servicios-en-trenton-ohio\\\/\"]}]},{\"@type\":\"ImageObject\",\"inLanguage\":\"es\",\"@id\":\"https:\\\/\\\/thehometownlawyers.com\\\/es\\\/abogados-de-lesiones-personales-que-prestan-servicios-en-trenton-ohio\\\/abogados-de-accidentes-de-camiones-que-prestan-servicios-en-trenton-ohio\\\/#primaryimage\",\"url\":\"https:\\\/\\\/thehometownlawyers.com\\\/wp-content\\\/uploads\\\/2020\\\/02\\\/iStock-89919214small-1-scaled-1.jpg\",\"contentUrl\":\"https:\\\/\\\/thehometownlawyers.com\\\/wp-content\\\/uploads\\\/2020\\\/02\\\/iStock-89919214small-1-scaled-1.jpg\",\"width\":2048,\"height\":1362,\"caption\":\"Camioneta volcada tras accidente\"},{\"@type\":\"BreadcrumbList\",\"@id\":\"https:\\\/\\\/thehometownlawyers.com\\\/es\\\/abogados-de-lesiones-personales-que-prestan-servicios-en-trenton-ohio\\\/abogados-de-accidentes-de-camiones-que-prestan-servicios-en-trenton-ohio\\\/#breadcrumb\",\"itemListElement\":[{\"@type\":\"ListItem\",\"position\":1,\"name\":\"Home\",\"item\":\"https:\\\/\\\/thehometownlawyers.com\\\/es\\\/\"},{\"@type\":\"ListItem\",\"position\":2,\"name\":\"Abogado de Lesiones Personales en Trenton\",\"item\":\"https:\\\/\\\/thehometownlawyers.com\\\/es\\\/abogados-de-lesiones-personales-que-prestan-servicios-en-trenton-ohio\\\/\"},{\"@type\":\"ListItem\",\"position\":3,\"name\":\"Abogado de Accidente de Semi en Trenton\"}]},{\"@type\":\"WebSite\",\"@id\":\"https:\\\/\\\/thehometownlawyers.com\\\/es\\\/#website\",\"url\":\"https:\\\/\\\/thehometownlawyers.com\\\/es\\\/\",\"name\":\"Kruger & Hodges Hometown Injury Lawyers | Accident Attorneys\",\"description\":\"Attorneys for Car, Truck and Motorcycle Accidents, Personal Injuries, and Criminal Defense.\",\"publisher\":{\"@id\":\"https:\\\/\\\/thehometownlawyers.com\\\/es\\\/#organization\"},\"alternateName\":\"Kruger & Hodges Personal Injury Lawyers\",\"inLanguage\":\"es\"},{\"@type\":\"Organization\",\"@id\":\"https:\\\/\\\/thehometownlawyers.com\\\/es\\\/#organization\",\"name\":\"Kruger & Hodges Hometown Injury Lawyers\",\"alternateName\":\"Kruger & Hodges\",\"url\":\"https:\\\/\\\/thehometownlawyers.com\\\/es\\\/\",\"logo\":{\"@type\":\"ImageObject\",\"inLanguage\":\"es\",\"@id\":\"https:\\\/\\\/thehometownlawyers.com\\\/es\\\/#\\\/schema\\\/logo\\\/image\\\/\",\"url\":\"https:\\\/\\\/thehometownlawyers.com\\\/wp-content\\\/uploads\\\/2025\\\/12\\\/revised-kh-logo-vertical-white-background-scaled.png\",\"contentUrl\":\"https:\\\/\\\/thehometownlawyers.com\\\/wp-content\\\/uploads\\\/2025\\\/12\\\/revised-kh-logo-vertical-white-background-scaled.png\",\"width\":2560,\"height\":1440,\"caption\":\"Kruger & Hodges Hometown Injury Lawyers\"},\"image\":{\"@id\":\"https:\\\/\\\/thehometownlawyers.com\\\/es\\\/#\\\/schema\\\/logo\\\/image\\\/\"},\"sameAs\":[\"https:\\\/\\\/www.facebook.com\\\/KrugerHodges\\\/\",\"https:\\\/\\\/www.instagram.com\\\/krugerhodges\\\/\",\"https:\\\/\\\/www.linkedin.com\\\/company\\\/kruger-hodges-hometown-injury-lawyers\\\/\",\"https:\\\/\\\/www.youtube.com\\\/channel\\\/UCeYcMaMaN2rb9jMlqt4EIdQ\",\"https:\\\/\\\/www.tiktok.com\\\/@thehometownlawyer\"]}]}<\/script>\n<!-- \/ Yoast SEO plugin. -->","yoast_head_json":{"title":"Abogados de accidentes de camiones que prestan servicios en Trenton, Ohio: Consulta gratuita","description":"Seg\u00fan la Administraci\u00f3n Nacional de Seguridad del Tr\u00e1fico en las Carreteras , en 2017, 4761 personas murieron en accidentes de camiones. Los accidentes de","robots":{"index":"index","follow":"follow","max-snippet":"max-snippet:-1","max-image-preview":"max-image-preview:large","max-video-preview":"max-video-preview:-1"},"canonical":"https:\/\/thehometownlawyers.com\/es\/abogados-de-lesiones-personales-que-prestan-servicios-en-trenton-ohio\/abogados-de-accidentes-de-camiones-que-prestan-servicios-en-trenton-ohio\/","og_locale":"es_MX","og_type":"article","og_title":"Abogados de accidentes de camiones que prestan servicios en Trenton, Ohio: Consulta gratuita","og_description":"Seg\u00fan la Administraci\u00f3n Nacional de Seguridad del Tr\u00e1fico en las Carreteras , en 2017, 4761 personas murieron en accidentes de camiones. Los accidentes de","og_url":"https:\/\/thehometownlawyers.com\/es\/abogados-de-lesiones-personales-que-prestan-servicios-en-trenton-ohio\/abogados-de-accidentes-de-camiones-que-prestan-servicios-en-trenton-ohio\/","og_site_name":"Kruger &amp; Hodges Abogados De Lesiones","article_publisher":"https:\/\/www.facebook.com\/KrugerHodges\/","article_modified_time":"2025-01-31T15:59:21+00:00","og_image":[{"width":2048,"height":1362,"url":"https:\/\/thehometownlawyers.com\/wp-content\/uploads\/2020\/02\/iStock-89919214small-1-scaled-1.jpg","type":"image\/jpeg"}],"twitter_card":"summary_large_image","twitter_misc":{"Tiempo de lectura":"4 minutos"},"schema":{"@context":"https:\/\/schema.org","@graph":[{"@type":"WebPage","@id":"https:\/\/thehometownlawyers.com\/es\/abogados-de-lesiones-personales-que-prestan-servicios-en-trenton-ohio\/abogados-de-accidentes-de-camiones-que-prestan-servicios-en-trenton-ohio\/","url":"https:\/\/thehometownlawyers.com\/es\/abogados-de-lesiones-personales-que-prestan-servicios-en-trenton-ohio\/abogados-de-accidentes-de-camiones-que-prestan-servicios-en-trenton-ohio\/","name":"Abogados de accidentes de camiones que prestan servicios en Trenton, Ohio: Consulta gratuita","isPartOf":{"@id":"https:\/\/thehometownlawyers.com\/es\/#website"},"primaryImageOfPage":{"@id":"https:\/\/thehometownlawyers.com\/es\/abogados-de-lesiones-personales-que-prestan-servicios-en-trenton-ohio\/abogados-de-accidentes-de-camiones-que-prestan-servicios-en-trenton-ohio\/#primaryimage"},"image":{"@id":"https:\/\/thehometownlawyers.com\/es\/abogados-de-lesiones-personales-que-prestan-servicios-en-trenton-ohio\/abogados-de-accidentes-de-camiones-que-prestan-servicios-en-trenton-ohio\/#primaryimage"},"thumbnailUrl":"https:\/\/thehometownlawyers.com\/wp-content\/uploads\/2020\/02\/iStock-89919214small-1-scaled-1.jpg","datePublished":"2020-02-27T02:05:24+00:00","dateModified":"2025-01-31T15:59:21+00:00","description":"Seg\u00fan la Administraci\u00f3n Nacional de Seguridad del Tr\u00e1fico en las Carreteras , en 2017, 4761 personas murieron en accidentes de camiones. Los accidentes de","breadcrumb":{"@id":"https:\/\/thehometownlawyers.com\/es\/abogados-de-lesiones-personales-que-prestan-servicios-en-trenton-ohio\/abogados-de-accidentes-de-camiones-que-prestan-servicios-en-trenton-ohio\/#breadcrumb"},"inLanguage":"es","potentialAction":[{"@type":"ReadAction","target":["https:\/\/thehometownlawyers.com\/es\/abogados-de-lesiones-personales-que-prestan-servicios-en-trenton-ohio\/abogados-de-accidentes-de-camiones-que-prestan-servicios-en-trenton-ohio\/"]}]},{"@type":"ImageObject","inLanguage":"es","@id":"https:\/\/thehometownlawyers.com\/es\/abogados-de-lesiones-personales-que-prestan-servicios-en-trenton-ohio\/abogados-de-accidentes-de-camiones-que-prestan-servicios-en-trenton-ohio\/#primaryimage","url":"https:\/\/thehometownlawyers.com\/wp-content\/uploads\/2020\/02\/iStock-89919214small-1-scaled-1.jpg","contentUrl":"https:\/\/thehometownlawyers.com\/wp-content\/uploads\/2020\/02\/iStock-89919214small-1-scaled-1.jpg","width":2048,"height":1362,"caption":"Camioneta volcada tras accidente"},{"@type":"BreadcrumbList","@id":"https:\/\/thehometownlawyers.com\/es\/abogados-de-lesiones-personales-que-prestan-servicios-en-trenton-ohio\/abogados-de-accidentes-de-camiones-que-prestan-servicios-en-trenton-ohio\/#breadcrumb","itemListElement":[{"@type":"ListItem","position":1,"name":"Home","item":"https:\/\/thehometownlawyers.com\/es\/"},{"@type":"ListItem","position":2,"name":"Abogado de Lesiones Personales en Trenton","item":"https:\/\/thehometownlawyers.com\/es\/abogados-de-lesiones-personales-que-prestan-servicios-en-trenton-ohio\/"},{"@type":"ListItem","position":3,"name":"Abogado de Accidente de Semi en Trenton"}]},{"@type":"WebSite","@id":"https:\/\/thehometownlawyers.com\/es\/#website","url":"https:\/\/thehometownlawyers.com\/es\/","name":"Kruger & Hodges Hometown Injury Lawyers | Accident Attorneys","description":"Attorneys for Car, Truck and Motorcycle Accidents, Personal Injuries, and Criminal Defense.","publisher":{"@id":"https:\/\/thehometownlawyers.com\/es\/#organization"},"alternateName":"Kruger & Hodges Personal Injury Lawyers","inLanguage":"es"},{"@type":"Organization","@id":"https:\/\/thehometownlawyers.com\/es\/#organization","name":"Kruger & Hodges Hometown Injury Lawyers","alternateName":"Kruger & Hodges","url":"https:\/\/thehometownlawyers.com\/es\/","logo":{"@type":"ImageObject","inLanguage":"es","@id":"https:\/\/thehometownlawyers.com\/es\/#\/schema\/logo\/image\/","url":"https:\/\/thehometownlawyers.com\/wp-content\/uploads\/2025\/12\/revised-kh-logo-vertical-white-background-scaled.png","contentUrl":"https:\/\/thehometownlawyers.com\/wp-content\/uploads\/2025\/12\/revised-kh-logo-vertical-white-background-scaled.png","width":2560,"height":1440,"caption":"Kruger & Hodges Hometown Injury Lawyers"},"image":{"@id":"https:\/\/thehometownlawyers.com\/es\/#\/schema\/logo\/image\/"},"sameAs":["https:\/\/www.facebook.com\/KrugerHodges\/","https:\/\/www.instagram.com\/krugerhodges\/","https:\/\/www.linkedin.com\/company\/kruger-hodges-hometown-injury-lawyers\/","https:\/\/www.youtube.com\/channel\/UCeYcMaMaN2rb9jMlqt4EIdQ","https:\/\/www.tiktok.com\/@thehometownlawyer"]}]}},"_links":{"self":[{"href":"https:\/\/thehometownlawyers.com\/es\/wp-json\/wp\/v2\/pages\/21267","targetHints":{"allow":["GET"]}}],"collection":[{"href":"https:\/\/thehometownlawyers.com\/es\/wp-json\/wp\/v2\/pages"}],"about":[{"href":"https:\/\/thehometownlawyers.com\/es\/wp-json\/wp\/v2\/types\/page"}],"author":[{"embeddable":true,"href":"https:\/\/thehometownlawyers.com\/es\/wp-json\/wp\/v2\/users\/7"}],"replies":[{"embeddable":true,"href":"https:\/\/thehometownlawyers.com\/es\/wp-json\/wp\/v2\/comments?post=21267"}],"version-history":[{"count":0,"href":"https:\/\/thehometownlawyers.com\/es\/wp-json\/wp\/v2\/pages\/21267\/revisions"}],"up":[{"embeddable":true,"href":"https:\/\/thehometownlawyers.com\/es\/wp-json\/wp\/v2\/pages\/21264"}],"wp:featuredmedia":[{"embeddable":true,"href":"https:\/\/thehometownlawyers.com\/es\/wp-json\/wp\/v2\/media\/20745"}],"wp:attachment":[{"href":"https:\/\/thehometownlawyers.com\/es\/wp-json\/wp\/v2\/media?parent=21267"}],"wp:term":[{"taxonomy":"hc_faqs","embeddable":true,"href":"https:\/\/thehometownlawyers.com\/es\/wp-json\/wp\/v2\/hc_faqs?post=21267"},{"taxonomy":"hc_spanish_faqs","embeddable":true,"href":"https:\/\/thehometownlawyers.com\/es\/wp-json\/wp\/v2\/hc_spanish_faqs?post=21267"}],"curies":[{"name":"wp","href":"https:\/\/api.w.org\/{rel}","templated":true}]}}