{"id":21268,"date":"2020-02-26T19:47:09","date_gmt":"2020-02-27T00:47:09","guid":{"rendered":"https:\/\/thehometownlawyers.com\/?page_id=21268"},"modified":"2025-02-05T15:43:42","modified_gmt":"2025-02-05T20:43:42","slug":"abogados-de-accidentes-de-peatones-y-bicicletas-en-fairfield-ohio","status":"publish","type":"page","link":"https:\/\/thehometownlawyers.com\/es\/abogados-de-lesiones-personales-en-fairfield-ohio\/abogados-de-accidentes-de-peatones-y-bicicletas-en-fairfield-ohio\/","title":{"rendered":"Abogado de Accidente de Bicicleta en Fairfield"},"content":{"rendered":"<p>Los peatones y ciclistas se encuentran entre los usuarios m\u00e1s vulnerables de la v\u00eda. Seg\u00fan la <a href=\"https:\/\/www.nhtsa.gov\/road-safety\/bicycle-safety\" target=\"_blank\" rel=\"noopener\">Administraci\u00f3n Nacional de Seguridad del Tr\u00e1fico en las Carreteras<\/a> , 857 ciclistas murieron solo en 2018. Los Centros para el Control de Enfermedades informan que en 2016, 5987 peatones murieron en accidentes de tr\u00e1nsito. Estas cifras no dan cuenta de la cantidad de peatones y ciclistas que sobreviven a estos accidentes con lesiones graves, catastr\u00f3ficas o que cambian la vida. Los abogados de Kruger &amp; Hodges son abogados especializados en accidentes de peatones y bicicletas que prestan servicios en Fairfield, Ohio, y trabajan en estrecha colaboraci\u00f3n con personas que han sufrido lesiones en accidentes de peatones y bicicletas. Los ciclistas y los peatones no tienen el chasis de un autom\u00f3vil para protegerlos en caso de accidente. Esto puede resultar en lesiones m\u00e1s graves, incluidas lesiones cerebrales traum\u00e1ticas, lesiones de la m\u00e9dula espinal, fracturas de huesos, lesiones en el cuello y la espalda, y otras lesiones internas graves. Kruger &amp; Hodges Attorneys at Law atiende a v\u00edctimas de accidentes de peatones y bicicletas en Fairfield, Ohio, que pueden estimar el valor de su caso, identificar a las partes negligentes, negociar con las compa\u00f1\u00edas de seguros para ayudarlo a buscar el acuerdo que merece y luchar por sus derechos. dentro o fuera de la corte.<\/p>\n<h2><strong>Lo que puede hacer despu\u00e9s de un accidente de bicicleta en Fairfield, Ohio<\/strong><\/h2>\n<p>Los ciclistas pueden enfrentar desaf\u00edos \u00fanicos despu\u00e9s de un accidente. Si bien los ciclistas se consideran veh\u00edculos seg\u00fan la ley y deben seguir las reglas de tr\u00e1nsito, no todos los conductores saben que tienen la responsabilidad de compartir el camino. Las consecuencias de un accidente de bicicleta pueden ser confusas para los ciclistas. Es posible que sufra lesiones que necesiten tratamiento, que est\u00e9 inundado de adrenalina y que tenga preguntas sobre los pasos que puede tomar para proteger sus derechos. Siempre llame a la polic\u00eda despu\u00e9s de cualquier accidente de bicicleta que involucre un veh\u00edculo motorizado. Algunas lesiones, como las lesiones en la cabeza y ciertos tipos de lesiones internas, pueden ser bastante graves, pero es posible que no sean evidentes de inmediato en la escena de un accidente. Entonces, si result\u00f3 herido en un accidente de bicicleta, llame a la polic\u00eda, haga un informe policial, aseg\u00farese de que los oficiales registren su versi\u00f3n de los hechos. Tambi\u00e9n es aconsejable buscar atenci\u00f3n m\u00e9dica para sus lesiones.<\/p>\n<p>Los reclamos por accidentes de bicicleta pueden ser complejos porque es posible que deba presentar un reclamo contra la compa\u00f1\u00eda de seguros del conductor. Esto puede requerir que identifique al otro conductor, demuestre que el otro conductor fue de hecho responsable de su accidente de bicicleta y luego presente un reclamo. Si usted o un ser querido resultaron heridos en un accidente de bicicleta en Fairfield, Ohio, es posible que tenga derecho a reclamar da\u00f1os y perjuicios por sus gastos m\u00e9dicos, costos de rehabilitaci\u00f3n, salarios perdidos debido a ausencias laborales y otras p\u00e9rdidas. Nuestros abogados de accidentes de bicicleta que prestan servicios en Fairfield, Ohio, pueden identificar a las partes negligentes y negociar con sus compa\u00f1\u00edas de seguros para ayudarlo a obtener el acuerdo que merece seg\u00fan la ley.<\/p>\n<p class=\"rs-content-cta rs-content-cta-small\">Para una consulta legal gratuita, llame al <a href=\"tel:+15138943333\">513-894-3333 <\/a><\/p><h2><strong>Reclamaciones de accidentes de peatones en Fairfield, Ohio<\/strong><\/h2>\n<p>Si result\u00f3 lesionado como peat\u00f3n en Fairfield, Ohio, es posible que tenga dificultades para recuperarse de lesiones graves y tal vez enfrente facturas m\u00e9dicas inesperadas, costos de rehabilitaci\u00f3n y otras p\u00e9rdidas. Las reclamaciones por accidentes de peatones pueden ser complejas, porque si el conductor tuvo la culpa del accidente, es posible que deba buscar da\u00f1os y perjuicios del conductor y su compa\u00f1\u00eda de seguros. A diferencia de un accidente que involucra a dos veh\u00edculos, donde ambos conductores pueden estar cubiertos por un seguro, un peat\u00f3n puede depender de la p\u00f3liza de seguro del otro conductor que cubre el reclamo. Los peatones tienen responsabilidades al cruzar la calle o al usar los cruces peatonales. Por ejemplo, los peatones tienen la responsabilidad de obedecer todas las se\u00f1ales para peatones y solo deben ingresar a un cruce de peatones cuando sea seguro hacerlo. Si bien los conductores tienen la responsabilidad de detenerse ante los peatones en un cruce de peatones, si un peat\u00f3n ingresa al cruce de peatones repentinamente o sin mirar, esto podr\u00eda complicar un reclamo por lesiones personales de peatones. \u00bfTiene preguntas sobre sus derechos si fue atropellado por un autom\u00f3vil como peat\u00f3n? <a href=\"https:\/\/thehometownlawyers.com\/es\/contacto\/\">Kruger &amp; Hodges Attorneys at Law<\/a> es un bufete de abogados de accidentes de peatones que presta servicios en Fairfield, Ohio, que puede ayudarlo con su reclamo. Nuestros abogados de accidentes de peatones pueden estimar el valor de su reclamo, identificar a las partes negligentes, luchar para que estas partes rindan cuentas y negociar con las partes negligentes y las aseguradoras para ayudarlo a obtener el acuerdo que merece seg\u00fan la ley.<\/p>\n<p class=\"rs-content-cta rs-content-cta-small\">Llame o env\u00ede un mensaje de texto al <a href=\"tel:+15138943333\">513-894-3333<\/a> o complete una <a href=\"\/es\/contacto\/\">evaluaci\u00f3n gratuita de su caso<\/a><\/p>","protected":false},"excerpt":{"rendered":"<p>Los peatones y ciclistas se encuentran entre los usuarios m\u00e1s vulnerables de la v\u00eda. Seg\u00fan la Administraci\u00f3n Nacional de Seguridad del Tr\u00e1fico en las Carreteras , 857 ciclistas murieron solo en 2018. Los Centros para el Control de Enfermedades informan que en 2016, 5987 peatones murieron en accidentes de tr\u00e1nsito. Estas cifras no dan cuenta &#8230;<\/p>\n","protected":false},"author":7,"featured_media":20738,"parent":21262,"menu_order":0,"comment_status":"closed","ping_status":"closed","template":"","meta":{"_acf_changed":false,"inline_featured_image":false,"_genesis_hide_title":false,"_genesis_hide_breadcrumbs":false,"_genesis_hide_singular_image":false,"_genesis_hide_footer_widgets":false,"_genesis_custom_body_class":"","_genesis_custom_post_class":"","_genesis_layout":"","footnotes":""},"hc_faqs":[],"hc_spanish_faqs":[],"class_list":{"0":"post-21268","1":"page","2":"type-page","3":"status-publish","4":"has-post-thumbnail","6":"hc_city_location-fairfield-es","7":"entry"},"acf":[],"yoast_head":"<!-- This site is optimized with the Yoast SEO plugin v27.3 - https:\/\/yoast.com\/product\/yoast-seo-wordpress\/ -->\n<title>Abogado de Accidente de Bicicleta en Fairfield | Consulta Gratuita<\/title>\n<meta name=\"description\" content=\"Los peatones y ciclistas se encuentran entre los usuarios m\u00e1s vulnerables de la v\u00eda. Seg\u00fan la Administraci\u00f3n Nacional de Seguridad del Tr\u00e1fico en las\" \/>\n<meta name=\"robots\" content=\"index, follow, max-snippet:-1, max-image-preview:large, max-video-preview:-1\" \/>\n<link rel=\"canonical\" href=\"https:\/\/thehometownlawyers.com\/es\/abogados-de-lesiones-personales-en-fairfield-ohio\/abogados-de-accidentes-de-peatones-y-bicicletas-en-fairfield-ohio\/\" \/>\n<meta property=\"og:locale\" content=\"es_MX\" \/>\n<meta property=\"og:type\" content=\"article\" \/>\n<meta property=\"og:title\" content=\"Abogado de Accidente de Bicicleta en Fairfield | Consulta Gratuita\" \/>\n<meta property=\"og:description\" content=\"Los peatones y ciclistas se encuentran entre los usuarios m\u00e1s vulnerables de la v\u00eda. Seg\u00fan la Administraci\u00f3n Nacional de Seguridad del Tr\u00e1fico en las\" \/>\n<meta property=\"og:url\" content=\"https:\/\/thehometownlawyers.com\/es\/abogados-de-lesiones-personales-en-fairfield-ohio\/abogados-de-accidentes-de-peatones-y-bicicletas-en-fairfield-ohio\/\" \/>\n<meta property=\"og:site_name\" content=\"Kruger &amp; Hodges Abogados De Lesiones\" \/>\n<meta property=\"article:publisher\" content=\"https:\/\/www.facebook.com\/KrugerHodges\/\" \/>\n<meta property=\"article:modified_time\" content=\"2025-02-05T20:43:42+00:00\" \/>\n<meta property=\"og:image\" content=\"https:\/\/thehometownlawyers.com\/wp-content\/uploads\/2018\/07\/L1-Visa-scaled-1.jpg\" \/>\n\t<meta property=\"og:image:width\" content=\"2048\" \/>\n\t<meta property=\"og:image:height\" content=\"1285\" \/>\n\t<meta property=\"og:image:type\" content=\"image\/jpeg\" \/>\n<meta name=\"twitter:card\" content=\"summary_large_image\" \/>\n<meta name=\"twitter:label1\" content=\"Tiempo de lectura\" \/>\n\t<meta name=\"twitter:data1\" content=\"4 minutos\" \/>\n<script type=\"application\/ld+json\" class=\"yoast-schema-graph\">{\"@context\":\"https:\\\/\\\/schema.org\",\"@graph\":[{\"@type\":\"WebPage\",\"@id\":\"https:\\\/\\\/thehometownlawyers.com\\\/es\\\/abogados-de-lesiones-personales-en-fairfield-ohio\\\/abogados-de-accidentes-de-peatones-y-bicicletas-en-fairfield-ohio\\\/\",\"url\":\"https:\\\/\\\/thehometownlawyers.com\\\/es\\\/abogados-de-lesiones-personales-en-fairfield-ohio\\\/abogados-de-accidentes-de-peatones-y-bicicletas-en-fairfield-ohio\\\/\",\"name\":\"Abogado de Accidente de Bicicleta en Fairfield | Consulta Gratuita\",\"isPartOf\":{\"@id\":\"https:\\\/\\\/thehometownlawyers.com\\\/es\\\/#website\"},\"primaryImageOfPage\":{\"@id\":\"https:\\\/\\\/thehometownlawyers.com\\\/es\\\/abogados-de-lesiones-personales-en-fairfield-ohio\\\/abogados-de-accidentes-de-peatones-y-bicicletas-en-fairfield-ohio\\\/#primaryimage\"},\"image\":{\"@id\":\"https:\\\/\\\/thehometownlawyers.com\\\/es\\\/abogados-de-lesiones-personales-en-fairfield-ohio\\\/abogados-de-accidentes-de-peatones-y-bicicletas-en-fairfield-ohio\\\/#primaryimage\"},\"thumbnailUrl\":\"https:\\\/\\\/thehometownlawyers.com\\\/wp-content\\\/uploads\\\/2018\\\/07\\\/L1-Visa-scaled-1.jpg\",\"datePublished\":\"2020-02-27T00:47:09+00:00\",\"dateModified\":\"2025-02-05T20:43:42+00:00\",\"description\":\"Los peatones y ciclistas se encuentran entre los usuarios m\u00e1s vulnerables de la v\u00eda. Seg\u00fan la Administraci\u00f3n Nacional de Seguridad del Tr\u00e1fico en las\",\"breadcrumb\":{\"@id\":\"https:\\\/\\\/thehometownlawyers.com\\\/es\\\/abogados-de-lesiones-personales-en-fairfield-ohio\\\/abogados-de-accidentes-de-peatones-y-bicicletas-en-fairfield-ohio\\\/#breadcrumb\"},\"inLanguage\":\"es\",\"potentialAction\":[{\"@type\":\"ReadAction\",\"target\":[\"https:\\\/\\\/thehometownlawyers.com\\\/es\\\/abogados-de-lesiones-personales-en-fairfield-ohio\\\/abogados-de-accidentes-de-peatones-y-bicicletas-en-fairfield-ohio\\\/\"]}]},{\"@type\":\"ImageObject\",\"inLanguage\":\"es\",\"@id\":\"https:\\\/\\\/thehometownlawyers.com\\\/es\\\/abogados-de-lesiones-personales-en-fairfield-ohio\\\/abogados-de-accidentes-de-peatones-y-bicicletas-en-fairfield-ohio\\\/#primaryimage\",\"url\":\"https:\\\/\\\/thehometownlawyers.com\\\/wp-content\\\/uploads\\\/2018\\\/07\\\/L1-Visa-scaled-1.jpg\",\"contentUrl\":\"https:\\\/\\\/thehometownlawyers.com\\\/wp-content\\\/uploads\\\/2018\\\/07\\\/L1-Visa-scaled-1.jpg\",\"width\":2048,\"height\":1285,\"caption\":\"Peat\u00f3n atropellado por un coche\"},{\"@type\":\"BreadcrumbList\",\"@id\":\"https:\\\/\\\/thehometownlawyers.com\\\/es\\\/abogados-de-lesiones-personales-en-fairfield-ohio\\\/abogados-de-accidentes-de-peatones-y-bicicletas-en-fairfield-ohio\\\/#breadcrumb\",\"itemListElement\":[{\"@type\":\"ListItem\",\"position\":1,\"name\":\"Home\",\"item\":\"https:\\\/\\\/thehometownlawyers.com\\\/es\\\/\"},{\"@type\":\"ListItem\",\"position\":2,\"name\":\"Abogado de Lesiones Personales en Fairfield\",\"item\":\"https:\\\/\\\/thehometownlawyers.com\\\/es\\\/abogados-de-lesiones-personales-en-fairfield-ohio\\\/\"},{\"@type\":\"ListItem\",\"position\":3,\"name\":\"Abogado de Accidente de Bicicleta en Fairfield\"}]},{\"@type\":\"WebSite\",\"@id\":\"https:\\\/\\\/thehometownlawyers.com\\\/es\\\/#website\",\"url\":\"https:\\\/\\\/thehometownlawyers.com\\\/es\\\/\",\"name\":\"Kruger & Hodges Hometown Injury Lawyers | Accident Attorneys\",\"description\":\"Attorneys for Car, Truck and Motorcycle Accidents, Personal Injuries, and Criminal Defense.\",\"publisher\":{\"@id\":\"https:\\\/\\\/thehometownlawyers.com\\\/es\\\/#organization\"},\"alternateName\":\"Kruger & Hodges Personal Injury Lawyers\",\"inLanguage\":\"es\"},{\"@type\":\"Organization\",\"@id\":\"https:\\\/\\\/thehometownlawyers.com\\\/es\\\/#organization\",\"name\":\"Kruger & Hodges Hometown Injury Lawyers\",\"alternateName\":\"Kruger & Hodges\",\"url\":\"https:\\\/\\\/thehometownlawyers.com\\\/es\\\/\",\"logo\":{\"@type\":\"ImageObject\",\"inLanguage\":\"es\",\"@id\":\"https:\\\/\\\/thehometownlawyers.com\\\/es\\\/#\\\/schema\\\/logo\\\/image\\\/\",\"url\":\"https:\\\/\\\/thehometownlawyers.com\\\/wp-content\\\/uploads\\\/2025\\\/12\\\/revised-kh-logo-vertical-white-background-scaled.png\",\"contentUrl\":\"https:\\\/\\\/thehometownlawyers.com\\\/wp-content\\\/uploads\\\/2025\\\/12\\\/revised-kh-logo-vertical-white-background-scaled.png\",\"width\":2560,\"height\":1440,\"caption\":\"Kruger & Hodges Hometown Injury Lawyers\"},\"image\":{\"@id\":\"https:\\\/\\\/thehometownlawyers.com\\\/es\\\/#\\\/schema\\\/logo\\\/image\\\/\"},\"sameAs\":[\"https:\\\/\\\/www.facebook.com\\\/KrugerHodges\\\/\",\"https:\\\/\\\/www.instagram.com\\\/krugerhodges\\\/\",\"https:\\\/\\\/www.linkedin.com\\\/company\\\/kruger-hodges-hometown-injury-lawyers\\\/\",\"https:\\\/\\\/www.youtube.com\\\/channel\\\/UCeYcMaMaN2rb9jMlqt4EIdQ\",\"https:\\\/\\\/www.tiktok.com\\\/@thehometownlawyer\"]}]}<\/script>\n<!-- \/ Yoast SEO plugin. -->","yoast_head_json":{"title":"Abogado de Accidente de Bicicleta en Fairfield | Consulta Gratuita","description":"Los peatones y ciclistas se encuentran entre los usuarios m\u00e1s vulnerables de la v\u00eda. Seg\u00fan la Administraci\u00f3n Nacional de Seguridad del Tr\u00e1fico en las","robots":{"index":"index","follow":"follow","max-snippet":"max-snippet:-1","max-image-preview":"max-image-preview:large","max-video-preview":"max-video-preview:-1"},"canonical":"https:\/\/thehometownlawyers.com\/es\/abogados-de-lesiones-personales-en-fairfield-ohio\/abogados-de-accidentes-de-peatones-y-bicicletas-en-fairfield-ohio\/","og_locale":"es_MX","og_type":"article","og_title":"Abogado de Accidente de Bicicleta en Fairfield | Consulta Gratuita","og_description":"Los peatones y ciclistas se encuentran entre los usuarios m\u00e1s vulnerables de la v\u00eda. Seg\u00fan la Administraci\u00f3n Nacional de Seguridad del Tr\u00e1fico en las","og_url":"https:\/\/thehometownlawyers.com\/es\/abogados-de-lesiones-personales-en-fairfield-ohio\/abogados-de-accidentes-de-peatones-y-bicicletas-en-fairfield-ohio\/","og_site_name":"Kruger &amp; Hodges Abogados De Lesiones","article_publisher":"https:\/\/www.facebook.com\/KrugerHodges\/","article_modified_time":"2025-02-05T20:43:42+00:00","og_image":[{"width":2048,"height":1285,"url":"https:\/\/thehometownlawyers.com\/wp-content\/uploads\/2018\/07\/L1-Visa-scaled-1.jpg","type":"image\/jpeg"}],"twitter_card":"summary_large_image","twitter_misc":{"Tiempo de lectura":"4 minutos"},"schema":{"@context":"https:\/\/schema.org","@graph":[{"@type":"WebPage","@id":"https:\/\/thehometownlawyers.com\/es\/abogados-de-lesiones-personales-en-fairfield-ohio\/abogados-de-accidentes-de-peatones-y-bicicletas-en-fairfield-ohio\/","url":"https:\/\/thehometownlawyers.com\/es\/abogados-de-lesiones-personales-en-fairfield-ohio\/abogados-de-accidentes-de-peatones-y-bicicletas-en-fairfield-ohio\/","name":"Abogado de Accidente de Bicicleta en Fairfield | Consulta Gratuita","isPartOf":{"@id":"https:\/\/thehometownlawyers.com\/es\/#website"},"primaryImageOfPage":{"@id":"https:\/\/thehometownlawyers.com\/es\/abogados-de-lesiones-personales-en-fairfield-ohio\/abogados-de-accidentes-de-peatones-y-bicicletas-en-fairfield-ohio\/#primaryimage"},"image":{"@id":"https:\/\/thehometownlawyers.com\/es\/abogados-de-lesiones-personales-en-fairfield-ohio\/abogados-de-accidentes-de-peatones-y-bicicletas-en-fairfield-ohio\/#primaryimage"},"thumbnailUrl":"https:\/\/thehometownlawyers.com\/wp-content\/uploads\/2018\/07\/L1-Visa-scaled-1.jpg","datePublished":"2020-02-27T00:47:09+00:00","dateModified":"2025-02-05T20:43:42+00:00","description":"Los peatones y ciclistas se encuentran entre los usuarios m\u00e1s vulnerables de la v\u00eda. Seg\u00fan la Administraci\u00f3n Nacional de Seguridad del Tr\u00e1fico en las","breadcrumb":{"@id":"https:\/\/thehometownlawyers.com\/es\/abogados-de-lesiones-personales-en-fairfield-ohio\/abogados-de-accidentes-de-peatones-y-bicicletas-en-fairfield-ohio\/#breadcrumb"},"inLanguage":"es","potentialAction":[{"@type":"ReadAction","target":["https:\/\/thehometownlawyers.com\/es\/abogados-de-lesiones-personales-en-fairfield-ohio\/abogados-de-accidentes-de-peatones-y-bicicletas-en-fairfield-ohio\/"]}]},{"@type":"ImageObject","inLanguage":"es","@id":"https:\/\/thehometownlawyers.com\/es\/abogados-de-lesiones-personales-en-fairfield-ohio\/abogados-de-accidentes-de-peatones-y-bicicletas-en-fairfield-ohio\/#primaryimage","url":"https:\/\/thehometownlawyers.com\/wp-content\/uploads\/2018\/07\/L1-Visa-scaled-1.jpg","contentUrl":"https:\/\/thehometownlawyers.com\/wp-content\/uploads\/2018\/07\/L1-Visa-scaled-1.jpg","width":2048,"height":1285,"caption":"Peat\u00f3n atropellado por un coche"},{"@type":"BreadcrumbList","@id":"https:\/\/thehometownlawyers.com\/es\/abogados-de-lesiones-personales-en-fairfield-ohio\/abogados-de-accidentes-de-peatones-y-bicicletas-en-fairfield-ohio\/#breadcrumb","itemListElement":[{"@type":"ListItem","position":1,"name":"Home","item":"https:\/\/thehometownlawyers.com\/es\/"},{"@type":"ListItem","position":2,"name":"Abogado de Lesiones Personales en Fairfield","item":"https:\/\/thehometownlawyers.com\/es\/abogados-de-lesiones-personales-en-fairfield-ohio\/"},{"@type":"ListItem","position":3,"name":"Abogado de Accidente de Bicicleta en Fairfield"}]},{"@type":"WebSite","@id":"https:\/\/thehometownlawyers.com\/es\/#website","url":"https:\/\/thehometownlawyers.com\/es\/","name":"Kruger & Hodges Hometown Injury Lawyers | Accident Attorneys","description":"Attorneys for Car, Truck and Motorcycle Accidents, Personal Injuries, and Criminal Defense.","publisher":{"@id":"https:\/\/thehometownlawyers.com\/es\/#organization"},"alternateName":"Kruger & Hodges Personal Injury Lawyers","inLanguage":"es"},{"@type":"Organization","@id":"https:\/\/thehometownlawyers.com\/es\/#organization","name":"Kruger & Hodges Hometown Injury Lawyers","alternateName":"Kruger & Hodges","url":"https:\/\/thehometownlawyers.com\/es\/","logo":{"@type":"ImageObject","inLanguage":"es","@id":"https:\/\/thehometownlawyers.com\/es\/#\/schema\/logo\/image\/","url":"https:\/\/thehometownlawyers.com\/wp-content\/uploads\/2025\/12\/revised-kh-logo-vertical-white-background-scaled.png","contentUrl":"https:\/\/thehometownlawyers.com\/wp-content\/uploads\/2025\/12\/revised-kh-logo-vertical-white-background-scaled.png","width":2560,"height":1440,"caption":"Kruger & Hodges Hometown Injury Lawyers"},"image":{"@id":"https:\/\/thehometownlawyers.com\/es\/#\/schema\/logo\/image\/"},"sameAs":["https:\/\/www.facebook.com\/KrugerHodges\/","https:\/\/www.instagram.com\/krugerhodges\/","https:\/\/www.linkedin.com\/company\/kruger-hodges-hometown-injury-lawyers\/","https:\/\/www.youtube.com\/channel\/UCeYcMaMaN2rb9jMlqt4EIdQ","https:\/\/www.tiktok.com\/@thehometownlawyer"]}]}},"_links":{"self":[{"href":"https:\/\/thehometownlawyers.com\/es\/wp-json\/wp\/v2\/pages\/21268","targetHints":{"allow":["GET"]}}],"collection":[{"href":"https:\/\/thehometownlawyers.com\/es\/wp-json\/wp\/v2\/pages"}],"about":[{"href":"https:\/\/thehometownlawyers.com\/es\/wp-json\/wp\/v2\/types\/page"}],"author":[{"embeddable":true,"href":"https:\/\/thehometownlawyers.com\/es\/wp-json\/wp\/v2\/users\/7"}],"replies":[{"embeddable":true,"href":"https:\/\/thehometownlawyers.com\/es\/wp-json\/wp\/v2\/comments?post=21268"}],"version-history":[{"count":0,"href":"https:\/\/thehometownlawyers.com\/es\/wp-json\/wp\/v2\/pages\/21268\/revisions"}],"up":[{"embeddable":true,"href":"https:\/\/thehometownlawyers.com\/es\/wp-json\/wp\/v2\/pages\/21262"}],"wp:featuredmedia":[{"embeddable":true,"href":"https:\/\/thehometownlawyers.com\/es\/wp-json\/wp\/v2\/media\/20738"}],"wp:attachment":[{"href":"https:\/\/thehometownlawyers.com\/es\/wp-json\/wp\/v2\/media?parent=21268"}],"wp:term":[{"taxonomy":"hc_faqs","embeddable":true,"href":"https:\/\/thehometownlawyers.com\/es\/wp-json\/wp\/v2\/hc_faqs?post=21268"},{"taxonomy":"hc_spanish_faqs","embeddable":true,"href":"https:\/\/thehometownlawyers.com\/es\/wp-json\/wp\/v2\/hc_spanish_faqs?post=21268"}],"curies":[{"name":"wp","href":"https:\/\/api.w.org\/{rel}","templated":true}]}}