{"id":21269,"date":"2020-02-26T19:37:41","date_gmt":"2020-02-27T00:37:41","guid":{"rendered":"https:\/\/thehometownlawyers.com\/?page_id=21269"},"modified":"2025-01-31T12:46:13","modified_gmt":"2025-01-31T17:46:13","slug":"bufete-de-abogados-de-accidentes-de-motocicleta-en-fairfield","status":"publish","type":"page","link":"https:\/\/thehometownlawyers.com\/es\/abogados-de-lesiones-personales-en-fairfield-ohio\/bufete-de-abogados-de-accidentes-de-motocicleta-en-fairfield\/","title":{"rendered":"Abogado de Accidente de Motocicleta en Fairfield"},"content":{"rendered":"<h2>Bufete de Abogados de Accidentes de Motocicleta Fairfield, Ohio<\/h2>\n<p>Los abogados de accidentes de motocicleta de Kruger &amp; Hodges Attorneys at Law que prestan servicios en <a href=\"https:\/\/thehometownlawyers.com\/fairfield\/personal-injury-lawyer\/\">Fairfield, Ohio,<\/a> trabajan en estrecha colaboraci\u00f3n con aquellos que han resultado heridos en un accidente de motocicleta debido a la negligencia o negligencia de otro conductor. Debido a que los motociclistas no tienen el chasis de un veh\u00edculo para protegerlos, incluso un accidente menor puede resultar en lesiones graves. Los accidentes como colisiones traseras, golpes con guardabarros o choques por conducci\u00f3n distra\u00edda que pueden resultar en abolladuras menores en un veh\u00edculo de pasajeros pueden dejar al motociclista con lesiones graves que pueden incluir fracturas de huesos, lesiones en el cuello y la espalda, y lesiones cerebrales traum\u00e1ticas. Los accidentes de motocicleta m\u00e1s graves pueden hacer que las v\u00edctimas se enfrenten a una discapacidad, cambios importantes en el estilo de vida y un largo camino hacia la recuperaci\u00f3n por delante. Nuestros abogados de accidentes de motocicleta pueden revisar los detalles de su caso, estimar el valor de su reclamo y negociar con los ajustadores de seguros para ayudarlo a obtener el acuerdo que se merece.<\/p>\n<p class=\"rs-content-cta rs-content-cta-small\">Para una consulta legal gratuita, llame al <a href=\"tel:+15138943333\">513-894-3333 <\/a><\/p><h2>Lo que puede hacer para proteger sus derechos despu\u00e9s de un accidente de motocicleta en Fairfield, Ohio<\/h2>\n<p>Los minutos y horas posteriores a un accidente de motocicleta pueden ser incre\u00edblemente estresantes. Es posible que sufra lesiones y necesite atenci\u00f3n m\u00e9dica. Su cuerpo podr\u00eda estar inundado de adrenalina. Lo primero que puede hacer despu\u00e9s de un accidente de motocicleta para protegerse y proteger a los involucrados es llamar a la polic\u00eda y buscar atenci\u00f3n m\u00e9dica para usted y para otras personas que puedan haber resultado heridas en el accidente. Si puede, intercambie informaci\u00f3n de contacto con el otro conductor involucrado e intercambie informaci\u00f3n con otras personas que puedan haber presenciado el accidente. Si puede hacerlo, tome fotograf\u00edas de la escena del accidente y de los da\u00f1os a su veh\u00edculo. Tan pronto como pueda, es posible que tambi\u00e9n desee informar el accidente a su compa\u00f1\u00eda de seguros.<\/p>\n<p>Estas son solo algunas de las cosas b\u00e1sicas que puede hacer despu\u00e9s de un choque para protegerse. Sin embargo, si sufri\u00f3 lesiones graves o catastr\u00f3ficas, tiene preguntas sobre el valor de su reclamo por accidente de motocicleta o si tiene preguntas sobre si el acuerdo que le ofrece su compa\u00f1\u00eda de seguros es justo, puede comunicarse con el Abogados de accidentes de motocicleta en Fairfield, Ohio en Kruger &amp; Hodges Attorneys at Law. Nuestro bufete de abogados de accidentes de motocicleta puede revisar su p\u00f3liza de seguro, observar de cerca sus costos m\u00e9dicos, gastos de rehabilitaci\u00f3n y otros costos para estimar con precisi\u00f3n el valor de sus da\u00f1os y luchar por sus derechos.<\/p>\n<h2>Causas de accidentes de motocicleta en Fairfield, Ohio<\/h2>\n<p>Muchos factores pueden contribuir a un accidente de motocicleta en Fairfield, Ohio. Desafortunadamente, muchos accidentes de motocicleta ocurren porque los conductores de los veh\u00edculos de pasajeros est\u00e1n distra\u00eddos, no comparten la carretera con los motociclistas, est\u00e1n infringiendo las reglas de tr\u00e1nsito o est\u00e1n ebrios. Los motociclistas pueden tener la reputaci\u00f3n de buscar emociones fuertes, pero muchos motociclistas est\u00e1n altamente capacitados, comprenden los riesgos de conducir y toman medidas para protegerse. Cuando los conductores de veh\u00edculos de pasajeros aceleran, env\u00edan mensajes de texto y conducen, beben y conducen, cambian de carril ilegalmente, se pasan las se\u00f1ales de alto, se saltan los sem\u00e1foros en rojo o violan las reglas de tr\u00e1nsito, pueden ocurrir accidentes de motocicleta. Los accidentes de giro a la izquierda son comunes cuando los conductores no buscan a los motociclistas que pueden estar viajando en l\u00ednea recta. Si usted o alguien a quien ama result\u00f3 herido en un accidente de motocicleta en Fairfield, Ohio, los abogados de accidentes de motocicleta de Kruger &amp; Hodges Attorneys at Law pueden ayudarlo. Nuestros abogados pueden revisar su caso, identificar a las partes responsables y pelear su caso dentro o fuera de la corte. Cuando se trata de negociar con compa\u00f1\u00edas de seguros y luchar contra las partes negligentes, Kruger &amp; Hodges puede ayudarlo.<\/p>\n<p class=\"rs-content-cta rs-content-cta-small\">Llame o env\u00ede un mensaje de texto al <a href=\"tel:+15138943333\">513-894-3333<\/a> o complete una <a href=\"\/es\/contacto\/\">evaluaci\u00f3n gratuita de su caso<\/a><\/p>","protected":false},"excerpt":{"rendered":"<p>Bufete de Abogados de Accidentes de Motocicleta Fairfield, Ohio Los abogados de accidentes de motocicleta de Kruger &amp; Hodges Attorneys at Law que prestan servicios en Fairfield, Ohio, trabajan en estrecha colaboraci\u00f3n con aquellos que han resultado heridos en un accidente de motocicleta debido a la negligencia o negligencia de otro conductor. Debido a que &#8230;<\/p>\n","protected":false},"author":7,"featured_media":20740,"parent":21262,"menu_order":0,"comment_status":"closed","ping_status":"closed","template":"","meta":{"_acf_changed":false,"inline_featured_image":false,"_genesis_hide_title":false,"_genesis_hide_breadcrumbs":false,"_genesis_hide_singular_image":false,"_genesis_hide_footer_widgets":false,"_genesis_custom_body_class":"","_genesis_custom_post_class":"","_genesis_layout":"","footnotes":""},"hc_faqs":[],"hc_spanish_faqs":[],"class_list":{"0":"post-21269","1":"page","2":"type-page","3":"status-publish","4":"has-post-thumbnail","6":"entry"},"acf":[],"yoast_head":"<!-- This site is optimized with the Yoast SEO plugin v27.3 - https:\/\/yoast.com\/product\/yoast-seo-wordpress\/ -->\n<title>Bufete de abogados de accidentes de motocicleta en Fairfield: Consulta gratuita<\/title>\n<meta name=\"description\" content=\"Bufete de Abogados de Accidentes de Motocicleta Fairfield, Ohio Los abogados de accidentes de motocicleta de Kruger &amp; Hodges Attorneys at Law que\" \/>\n<meta name=\"robots\" content=\"index, follow, max-snippet:-1, max-image-preview:large, max-video-preview:-1\" \/>\n<link rel=\"canonical\" href=\"https:\/\/thehometownlawyers.com\/es\/abogados-de-lesiones-personales-en-fairfield-ohio\/bufete-de-abogados-de-accidentes-de-motocicleta-en-fairfield\/\" \/>\n<meta property=\"og:locale\" content=\"es_MX\" \/>\n<meta property=\"og:type\" content=\"article\" \/>\n<meta property=\"og:title\" content=\"Bufete de abogados de accidentes de motocicleta en Fairfield: Consulta gratuita\" \/>\n<meta property=\"og:description\" content=\"Bufete de Abogados de Accidentes de Motocicleta Fairfield, Ohio Los abogados de accidentes de motocicleta de Kruger &amp; Hodges Attorneys at Law que\" \/>\n<meta property=\"og:url\" content=\"https:\/\/thehometownlawyers.com\/es\/abogados-de-lesiones-personales-en-fairfield-ohio\/bufete-de-abogados-de-accidentes-de-motocicleta-en-fairfield\/\" \/>\n<meta property=\"og:site_name\" content=\"Kruger &amp; Hodges Abogados De Lesiones\" \/>\n<meta property=\"article:publisher\" content=\"https:\/\/www.facebook.com\/KrugerHodges\/\" \/>\n<meta property=\"article:modified_time\" content=\"2025-01-31T17:46:13+00:00\" \/>\n<meta property=\"og:image\" content=\"https:\/\/thehometownlawyers.com\/wp-content\/uploads\/2020\/02\/iStock-912151500.jpg\" \/>\n\t<meta property=\"og:image:width\" content=\"2048\" \/>\n\t<meta property=\"og:image:height\" content=\"1365\" \/>\n\t<meta property=\"og:image:type\" content=\"image\/jpeg\" \/>\n<meta name=\"twitter:card\" content=\"summary_large_image\" \/>\n<meta name=\"twitter:label1\" content=\"Tiempo de lectura\" \/>\n\t<meta name=\"twitter:data1\" content=\"4 minutos\" \/>\n<script type=\"application\/ld+json\" class=\"yoast-schema-graph\">{\"@context\":\"https:\\\/\\\/schema.org\",\"@graph\":[{\"@type\":\"WebPage\",\"@id\":\"https:\\\/\\\/thehometownlawyers.com\\\/es\\\/abogados-de-lesiones-personales-en-fairfield-ohio\\\/bufete-de-abogados-de-accidentes-de-motocicleta-en-fairfield\\\/\",\"url\":\"https:\\\/\\\/thehometownlawyers.com\\\/es\\\/abogados-de-lesiones-personales-en-fairfield-ohio\\\/bufete-de-abogados-de-accidentes-de-motocicleta-en-fairfield\\\/\",\"name\":\"Bufete de abogados de accidentes de motocicleta en Fairfield: Consulta gratuita\",\"isPartOf\":{\"@id\":\"https:\\\/\\\/thehometownlawyers.com\\\/es\\\/#website\"},\"primaryImageOfPage\":{\"@id\":\"https:\\\/\\\/thehometownlawyers.com\\\/es\\\/abogados-de-lesiones-personales-en-fairfield-ohio\\\/bufete-de-abogados-de-accidentes-de-motocicleta-en-fairfield\\\/#primaryimage\"},\"image\":{\"@id\":\"https:\\\/\\\/thehometownlawyers.com\\\/es\\\/abogados-de-lesiones-personales-en-fairfield-ohio\\\/bufete-de-abogados-de-accidentes-de-motocicleta-en-fairfield\\\/#primaryimage\"},\"thumbnailUrl\":\"https:\\\/\\\/thehometownlawyers.com\\\/wp-content\\\/uploads\\\/2020\\\/02\\\/iStock-912151500.jpg\",\"datePublished\":\"2020-02-27T00:37:41+00:00\",\"dateModified\":\"2025-01-31T17:46:13+00:00\",\"description\":\"Bufete de Abogados de Accidentes de Motocicleta Fairfield, Ohio Los abogados de accidentes de motocicleta de Kruger &amp; Hodges Attorneys at Law que\",\"breadcrumb\":{\"@id\":\"https:\\\/\\\/thehometownlawyers.com\\\/es\\\/abogados-de-lesiones-personales-en-fairfield-ohio\\\/bufete-de-abogados-de-accidentes-de-motocicleta-en-fairfield\\\/#breadcrumb\"},\"inLanguage\":\"es\",\"potentialAction\":[{\"@type\":\"ReadAction\",\"target\":[\"https:\\\/\\\/thehometownlawyers.com\\\/es\\\/abogados-de-lesiones-personales-en-fairfield-ohio\\\/bufete-de-abogados-de-accidentes-de-motocicleta-en-fairfield\\\/\"]}]},{\"@type\":\"ImageObject\",\"inLanguage\":\"es\",\"@id\":\"https:\\\/\\\/thehometownlawyers.com\\\/es\\\/abogados-de-lesiones-personales-en-fairfield-ohio\\\/bufete-de-abogados-de-accidentes-de-motocicleta-en-fairfield\\\/#primaryimage\",\"url\":\"https:\\\/\\\/thehometownlawyers.com\\\/wp-content\\\/uploads\\\/2020\\\/02\\\/iStock-912151500.jpg\",\"contentUrl\":\"https:\\\/\\\/thehometownlawyers.com\\\/wp-content\\\/uploads\\\/2020\\\/02\\\/iStock-912151500.jpg\",\"width\":2048,\"height\":1365,\"caption\":\"Motocicleta y casco volcados en la calle tras colisi\u00f3n con el coche\"},{\"@type\":\"BreadcrumbList\",\"@id\":\"https:\\\/\\\/thehometownlawyers.com\\\/es\\\/abogados-de-lesiones-personales-en-fairfield-ohio\\\/bufete-de-abogados-de-accidentes-de-motocicleta-en-fairfield\\\/#breadcrumb\",\"itemListElement\":[{\"@type\":\"ListItem\",\"position\":1,\"name\":\"Home\",\"item\":\"https:\\\/\\\/thehometownlawyers.com\\\/es\\\/\"},{\"@type\":\"ListItem\",\"position\":2,\"name\":\"Abogado de Lesiones Personales en Fairfield\",\"item\":\"https:\\\/\\\/thehometownlawyers.com\\\/es\\\/abogados-de-lesiones-personales-en-fairfield-ohio\\\/\"},{\"@type\":\"ListItem\",\"position\":3,\"name\":\"Abogado de Accidente de Motocicleta en Fairfield\"}]},{\"@type\":\"WebSite\",\"@id\":\"https:\\\/\\\/thehometownlawyers.com\\\/es\\\/#website\",\"url\":\"https:\\\/\\\/thehometownlawyers.com\\\/es\\\/\",\"name\":\"Kruger & Hodges Hometown Injury Lawyers | Accident Attorneys\",\"description\":\"Attorneys for Car, Truck and Motorcycle Accidents, Personal Injuries, and Criminal Defense.\",\"publisher\":{\"@id\":\"https:\\\/\\\/thehometownlawyers.com\\\/es\\\/#organization\"},\"alternateName\":\"Kruger & Hodges Personal Injury Lawyers\",\"inLanguage\":\"es\"},{\"@type\":\"Organization\",\"@id\":\"https:\\\/\\\/thehometownlawyers.com\\\/es\\\/#organization\",\"name\":\"Kruger & Hodges Hometown Injury Lawyers\",\"alternateName\":\"Kruger & Hodges\",\"url\":\"https:\\\/\\\/thehometownlawyers.com\\\/es\\\/\",\"logo\":{\"@type\":\"ImageObject\",\"inLanguage\":\"es\",\"@id\":\"https:\\\/\\\/thehometownlawyers.com\\\/es\\\/#\\\/schema\\\/logo\\\/image\\\/\",\"url\":\"https:\\\/\\\/thehometownlawyers.com\\\/wp-content\\\/uploads\\\/2025\\\/12\\\/revised-kh-logo-vertical-white-background-scaled.png\",\"contentUrl\":\"https:\\\/\\\/thehometownlawyers.com\\\/wp-content\\\/uploads\\\/2025\\\/12\\\/revised-kh-logo-vertical-white-background-scaled.png\",\"width\":2560,\"height\":1440,\"caption\":\"Kruger & Hodges Hometown Injury Lawyers\"},\"image\":{\"@id\":\"https:\\\/\\\/thehometownlawyers.com\\\/es\\\/#\\\/schema\\\/logo\\\/image\\\/\"},\"sameAs\":[\"https:\\\/\\\/www.facebook.com\\\/KrugerHodges\\\/\",\"https:\\\/\\\/www.instagram.com\\\/krugerhodges\\\/\",\"https:\\\/\\\/www.linkedin.com\\\/company\\\/kruger-hodges-hometown-injury-lawyers\\\/\",\"https:\\\/\\\/www.youtube.com\\\/channel\\\/UCeYcMaMaN2rb9jMlqt4EIdQ\",\"https:\\\/\\\/www.tiktok.com\\\/@thehometownlawyer\"]}]}<\/script>\n<!-- \/ Yoast SEO plugin. -->","yoast_head_json":{"title":"Bufete de abogados de accidentes de motocicleta en Fairfield: Consulta gratuita","description":"Bufete de Abogados de Accidentes de Motocicleta Fairfield, Ohio Los abogados de accidentes de motocicleta de Kruger &amp; Hodges Attorneys at Law que","robots":{"index":"index","follow":"follow","max-snippet":"max-snippet:-1","max-image-preview":"max-image-preview:large","max-video-preview":"max-video-preview:-1"},"canonical":"https:\/\/thehometownlawyers.com\/es\/abogados-de-lesiones-personales-en-fairfield-ohio\/bufete-de-abogados-de-accidentes-de-motocicleta-en-fairfield\/","og_locale":"es_MX","og_type":"article","og_title":"Bufete de abogados de accidentes de motocicleta en Fairfield: Consulta gratuita","og_description":"Bufete de Abogados de Accidentes de Motocicleta Fairfield, Ohio Los abogados de accidentes de motocicleta de Kruger &amp; Hodges Attorneys at Law que","og_url":"https:\/\/thehometownlawyers.com\/es\/abogados-de-lesiones-personales-en-fairfield-ohio\/bufete-de-abogados-de-accidentes-de-motocicleta-en-fairfield\/","og_site_name":"Kruger &amp; Hodges Abogados De Lesiones","article_publisher":"https:\/\/www.facebook.com\/KrugerHodges\/","article_modified_time":"2025-01-31T17:46:13+00:00","og_image":[{"width":2048,"height":1365,"url":"https:\/\/thehometownlawyers.com\/wp-content\/uploads\/2020\/02\/iStock-912151500.jpg","type":"image\/jpeg"}],"twitter_card":"summary_large_image","twitter_misc":{"Tiempo de lectura":"4 minutos"},"schema":{"@context":"https:\/\/schema.org","@graph":[{"@type":"WebPage","@id":"https:\/\/thehometownlawyers.com\/es\/abogados-de-lesiones-personales-en-fairfield-ohio\/bufete-de-abogados-de-accidentes-de-motocicleta-en-fairfield\/","url":"https:\/\/thehometownlawyers.com\/es\/abogados-de-lesiones-personales-en-fairfield-ohio\/bufete-de-abogados-de-accidentes-de-motocicleta-en-fairfield\/","name":"Bufete de abogados de accidentes de motocicleta en Fairfield: Consulta gratuita","isPartOf":{"@id":"https:\/\/thehometownlawyers.com\/es\/#website"},"primaryImageOfPage":{"@id":"https:\/\/thehometownlawyers.com\/es\/abogados-de-lesiones-personales-en-fairfield-ohio\/bufete-de-abogados-de-accidentes-de-motocicleta-en-fairfield\/#primaryimage"},"image":{"@id":"https:\/\/thehometownlawyers.com\/es\/abogados-de-lesiones-personales-en-fairfield-ohio\/bufete-de-abogados-de-accidentes-de-motocicleta-en-fairfield\/#primaryimage"},"thumbnailUrl":"https:\/\/thehometownlawyers.com\/wp-content\/uploads\/2020\/02\/iStock-912151500.jpg","datePublished":"2020-02-27T00:37:41+00:00","dateModified":"2025-01-31T17:46:13+00:00","description":"Bufete de Abogados de Accidentes de Motocicleta Fairfield, Ohio Los abogados de accidentes de motocicleta de Kruger &amp; Hodges Attorneys at Law que","breadcrumb":{"@id":"https:\/\/thehometownlawyers.com\/es\/abogados-de-lesiones-personales-en-fairfield-ohio\/bufete-de-abogados-de-accidentes-de-motocicleta-en-fairfield\/#breadcrumb"},"inLanguage":"es","potentialAction":[{"@type":"ReadAction","target":["https:\/\/thehometownlawyers.com\/es\/abogados-de-lesiones-personales-en-fairfield-ohio\/bufete-de-abogados-de-accidentes-de-motocicleta-en-fairfield\/"]}]},{"@type":"ImageObject","inLanguage":"es","@id":"https:\/\/thehometownlawyers.com\/es\/abogados-de-lesiones-personales-en-fairfield-ohio\/bufete-de-abogados-de-accidentes-de-motocicleta-en-fairfield\/#primaryimage","url":"https:\/\/thehometownlawyers.com\/wp-content\/uploads\/2020\/02\/iStock-912151500.jpg","contentUrl":"https:\/\/thehometownlawyers.com\/wp-content\/uploads\/2020\/02\/iStock-912151500.jpg","width":2048,"height":1365,"caption":"Motocicleta y casco volcados en la calle tras colisi\u00f3n con el coche"},{"@type":"BreadcrumbList","@id":"https:\/\/thehometownlawyers.com\/es\/abogados-de-lesiones-personales-en-fairfield-ohio\/bufete-de-abogados-de-accidentes-de-motocicleta-en-fairfield\/#breadcrumb","itemListElement":[{"@type":"ListItem","position":1,"name":"Home","item":"https:\/\/thehometownlawyers.com\/es\/"},{"@type":"ListItem","position":2,"name":"Abogado de Lesiones Personales en Fairfield","item":"https:\/\/thehometownlawyers.com\/es\/abogados-de-lesiones-personales-en-fairfield-ohio\/"},{"@type":"ListItem","position":3,"name":"Abogado de Accidente de Motocicleta en Fairfield"}]},{"@type":"WebSite","@id":"https:\/\/thehometownlawyers.com\/es\/#website","url":"https:\/\/thehometownlawyers.com\/es\/","name":"Kruger & Hodges Hometown Injury Lawyers | Accident Attorneys","description":"Attorneys for Car, Truck and Motorcycle Accidents, Personal Injuries, and Criminal Defense.","publisher":{"@id":"https:\/\/thehometownlawyers.com\/es\/#organization"},"alternateName":"Kruger & Hodges Personal Injury Lawyers","inLanguage":"es"},{"@type":"Organization","@id":"https:\/\/thehometownlawyers.com\/es\/#organization","name":"Kruger & Hodges Hometown Injury Lawyers","alternateName":"Kruger & Hodges","url":"https:\/\/thehometownlawyers.com\/es\/","logo":{"@type":"ImageObject","inLanguage":"es","@id":"https:\/\/thehometownlawyers.com\/es\/#\/schema\/logo\/image\/","url":"https:\/\/thehometownlawyers.com\/wp-content\/uploads\/2025\/12\/revised-kh-logo-vertical-white-background-scaled.png","contentUrl":"https:\/\/thehometownlawyers.com\/wp-content\/uploads\/2025\/12\/revised-kh-logo-vertical-white-background-scaled.png","width":2560,"height":1440,"caption":"Kruger & Hodges Hometown Injury Lawyers"},"image":{"@id":"https:\/\/thehometownlawyers.com\/es\/#\/schema\/logo\/image\/"},"sameAs":["https:\/\/www.facebook.com\/KrugerHodges\/","https:\/\/www.instagram.com\/krugerhodges\/","https:\/\/www.linkedin.com\/company\/kruger-hodges-hometown-injury-lawyers\/","https:\/\/www.youtube.com\/channel\/UCeYcMaMaN2rb9jMlqt4EIdQ","https:\/\/www.tiktok.com\/@thehometownlawyer"]}]}},"_links":{"self":[{"href":"https:\/\/thehometownlawyers.com\/es\/wp-json\/wp\/v2\/pages\/21269","targetHints":{"allow":["GET"]}}],"collection":[{"href":"https:\/\/thehometownlawyers.com\/es\/wp-json\/wp\/v2\/pages"}],"about":[{"href":"https:\/\/thehometownlawyers.com\/es\/wp-json\/wp\/v2\/types\/page"}],"author":[{"embeddable":true,"href":"https:\/\/thehometownlawyers.com\/es\/wp-json\/wp\/v2\/users\/7"}],"replies":[{"embeddable":true,"href":"https:\/\/thehometownlawyers.com\/es\/wp-json\/wp\/v2\/comments?post=21269"}],"version-history":[{"count":0,"href":"https:\/\/thehometownlawyers.com\/es\/wp-json\/wp\/v2\/pages\/21269\/revisions"}],"up":[{"embeddable":true,"href":"https:\/\/thehometownlawyers.com\/es\/wp-json\/wp\/v2\/pages\/21262"}],"wp:featuredmedia":[{"embeddable":true,"href":"https:\/\/thehometownlawyers.com\/es\/wp-json\/wp\/v2\/media\/20740"}],"wp:attachment":[{"href":"https:\/\/thehometownlawyers.com\/es\/wp-json\/wp\/v2\/media?parent=21269"}],"wp:term":[{"taxonomy":"hc_faqs","embeddable":true,"href":"https:\/\/thehometownlawyers.com\/es\/wp-json\/wp\/v2\/hc_faqs?post=21269"},{"taxonomy":"hc_spanish_faqs","embeddable":true,"href":"https:\/\/thehometownlawyers.com\/es\/wp-json\/wp\/v2\/hc_spanish_faqs?post=21269"}],"curies":[{"name":"wp","href":"https:\/\/api.w.org\/{rel}","templated":true}]}}