{"id":21270,"date":"2020-01-14T12:53:14","date_gmt":"2020-01-14T17:53:14","guid":{"rendered":"https:\/\/thehometownlawyers.com\/?page_id=21270"},"modified":"2025-03-17T11:40:21","modified_gmt":"2025-03-17T15:40:21","slug":"accidentes-de-camiones-de-transporte-r-y-l","status":"publish","type":"page","link":"https:\/\/thehometownlawyers.com\/es\/hamilton\/abogado-de-accidente-de-camion\/r-and-l-carriers\/","title":{"rendered":"Abogado de Accidente de Cami\u00f3n R and L Carriers en Hamilton"},"content":{"rendered":"<h2>Accidentes de camiones de transporte R y L<\/h2>\n<p>R and L Carriers comenz\u00f3 en 1965 como una peque\u00f1a operaci\u00f3n de un solo cami\u00f3n en el Medio Oeste. Hoy en d\u00eda, la sede de la compa\u00f1\u00eda permanece aqu\u00ed en el Medio Oeste, en un peque\u00f1o pueblo de Wilmington, Ohio, justo al noreste de Cincinnati. Conocida por sus servicios LTL (&#8220;carga parcial de un cami\u00f3n&#8221;), la empresa se ha expandido r\u00e1pidamente en los \u00faltimos a\u00f1os, contraatacando a competidores como Yellow, Estes, ABF Freight y Roadway. R and L Carriers tambi\u00e9n realiza transporte por carretera a nivel nacional, de costa a costa. Esto los convierte en una corporaci\u00f3n vers\u00e1til y en expansi\u00f3n.<\/p>\n<p>Lesiones Causadas por Portadores R y L<\/p>\n<p>Para las v\u00edctimas de lesiones que sufren a manos de camioneros descuidados y compa\u00f1\u00edas negligentes, puede ser dif\u00edcil entender por qu\u00e9 una corporaci\u00f3n tan rentable y en crecimiento se negar\u00eda a pagar por el da\u00f1o que caus\u00f3, pero lamentablemente esto es solo parte del negocio de muchas compa\u00f1\u00edas de camiones. modelos Tambi\u00e9n se debe en gran medida a las compa\u00f1\u00edas de seguros que brindan cobertura a la empresa.<\/p>\n<p>En la actualidad, se estima que <a href=\"https:\/\/www.rlcarriers.com\/\" target=\"_blank\" rel=\"noopener noreferrer\">R and L Carriers<\/a> es la 22.\u00aa operaci\u00f3n de camiones m\u00e1s grande de EE. UU. La compa\u00f1\u00eda tambi\u00e9n tiene una serie de empresas subsidiarias en mercados m\u00e1s peque\u00f1os, que incluyen:<\/p>\n<ul>\n<li>L\u00edneas de motores de Greenwood<\/li>\n<li>Transporte primordial<\/li>\n<li>Gator Freightways<\/li>\n<\/ul>\n<p>La empresa cuenta con m\u00e1s de 5.600 camiones y m\u00e1s de 5.700 conductores, en conjunto. Los ingresos en 2017 fueron de alrededor de $ 1.5 mil millones.<\/p>\n<p class=\"rs-content-cta rs-content-cta-small\">Para una consulta legal gratuita, llame al <a href=\"tel:+15138943333\">513-894-3333 <\/a><\/p><h2>Qu\u00e9 hacen los grandes transportistas como R y L despu\u00e9s de un accidente<\/h2>\n<p>Despu\u00e9s de una colisi\u00f3n, independientemente de la culpa, la mayor\u00eda de las empresas de camiones toman medidas agresivas para ocultar cualquier posibilidad de ser considerados responsables. Esto puede incluir cosas como:<\/p>\n<ul>\n<li>Tener un investigador que venga a la escena, asegure evidencia, tome declaraciones de la v\u00edctima, fotograf\u00ede la escena y destruya evidencia condenatoria.<\/li>\n<li>Hacer reparaciones r\u00e1pidas al cami\u00f3n.<\/li>\n<\/ul>\n<p>Otro tema clave es que las principales empresas de transporte como R and L Carriers a menudo conf\u00edan en sus compa\u00f1\u00edas de seguros para negar la responsabilidad, incluso cuando es obvio. Podr\u00edan afirmar que las lesiones eran preexistentes, a pesar de que no hay evidencia de ello. En \u00faltima instancia, cuando se trata de evitar la responsabilidad, las principales empresas de camiones tienden a suscribirse a las siguientes tres t\u00e9cnicas:<\/p>\n<ul>\n<li>Negar<\/li>\n<li>Demora<\/li>\n<li>Enga\u00f1ar<\/li>\n<\/ul>\n<p>Despu\u00e9s de un accidente grave que causa lesiones o la muerte, las v\u00edctimas y sus familias merecen una <a href=\"https:\/\/thehometownlawyers.com\/es\/\" target=\"_blank\" rel=\"noopener noreferrer\">representaci\u00f3n legal agresiva y calificada de<\/a> inmediato. Cuanto m\u00e1s tiempo espere una persona para recibir ayuda, es m\u00e1s probable que la empresa de camiones eluda la responsabilidad, oculte pruebas y tome medidas para que sea culpa de la v\u00edctima. Si las facturas m\u00e9dicas se acumulan y los ingresos son escasos debido a una lesi\u00f3n grave o incluso mortal, lo \u00faltimo que necesita una familia es quedarse sin compensaci\u00f3n. Esto a menudo se considera la segunda lesi\u00f3n despu\u00e9s de un choque.<\/p>\n<p class=\"rs-content-cta\">Abogado de Accidente de Cami\u00f3n de hamilton Cerca de M\u00ed <a href=\"tel:+15138943333\">513-894-3333<\/a><\/p><h2>Llame a un Abogado de Accidentes de Camiones<\/h2>\n<p>En Kruger &amp; Hodges, nuestros abogados anteponen incansablemente a nuestros clientes. Entendemos la industria del transporte por carretera y entendemos c\u00f3mo hacerles pagar por su negligencia. <a href=\"https:\/\/thehometownlawyers.com\/es\/contacto\/\">Ll\u00e1menos<\/a> hoy para programar una consulta gratuita con un abogado con experiencia en lesiones. No hay compromiso, y la llamada es gratuita. Cuanto m\u00e1s espere, m\u00e1s dif\u00edcil ser\u00e1 cobrar la compensaci\u00f3n.<\/p>\n<p class=\"rs-content-cta rs-content-cta-small\">Llame o env\u00ede un mensaje de texto al <a href=\"tel:+15138943333\">513-894-3333<\/a> o complete una <a href=\"\/es\/contacto\/\">evaluaci\u00f3n gratuita de su caso<\/a><\/p>","protected":false},"excerpt":{"rendered":"<p>Accidentes de camiones de transporte R y L R and L Carriers comenz\u00f3 en 1965 como una peque\u00f1a operaci\u00f3n de un solo cami\u00f3n en el Medio Oeste. Hoy en d\u00eda, la sede de la compa\u00f1\u00eda permanece aqu\u00ed en el Medio Oeste, en un peque\u00f1o pueblo de Wilmington, Ohio, justo al noreste de Cincinnati. Conocida por &#8230;<\/p>\n","protected":false},"author":7,"featured_media":26406,"parent":20967,"menu_order":0,"comment_status":"closed","ping_status":"closed","template":"","meta":{"_acf_changed":false,"inline_featured_image":false,"_genesis_hide_title":false,"_genesis_hide_breadcrumbs":false,"_genesis_hide_singular_image":false,"_genesis_hide_footer_widgets":false,"_genesis_custom_body_class":"","_genesis_custom_post_class":"","_genesis_layout":"","footnotes":""},"hc_faqs":[],"hc_spanish_faqs":[],"class_list":{"0":"post-21270","1":"page","2":"type-page","3":"status-publish","4":"has-post-thumbnail","6":"hc_city_location-hamilton-es-2","7":"entry"},"acf":[],"yoast_head":"<!-- This site is optimized with the Yoast SEO plugin v27.3 - https:\/\/yoast.com\/product\/yoast-seo-wordpress\/ -->\n<title>Abogado de Accidente de Cami\u00f3n R and L Carriers en Hamilton | Consulta Gratuita<\/title>\n<meta name=\"description\" content=\"Accidentes de camiones de transporte R y L R and L Carriers comenz\u00f3 en 1965 como una peque\u00f1a operaci\u00f3n de un solo cami\u00f3n en el Medio Oeste. Hoy en d\u00eda, la\" \/>\n<meta name=\"robots\" content=\"index, follow, max-snippet:-1, max-image-preview:large, max-video-preview:-1\" \/>\n<link rel=\"canonical\" href=\"https:\/\/thehometownlawyers.com\/es\/hamilton\/abogado-de-accidente-de-camion\/r-and-l-carriers\/\" \/>\n<meta property=\"og:locale\" content=\"es_MX\" \/>\n<meta property=\"og:type\" content=\"article\" \/>\n<meta property=\"og:title\" content=\"Abogado de Accidente de Cami\u00f3n R and L Carriers en Hamilton | Consulta Gratuita\" \/>\n<meta property=\"og:description\" content=\"Accidentes de camiones de transporte R y L R and L Carriers comenz\u00f3 en 1965 como una peque\u00f1a operaci\u00f3n de un solo cami\u00f3n en el Medio Oeste. Hoy en d\u00eda, la\" \/>\n<meta property=\"og:url\" content=\"https:\/\/thehometownlawyers.com\/es\/hamilton\/abogado-de-accidente-de-camion\/r-and-l-carriers\/\" \/>\n<meta property=\"og:site_name\" content=\"Kruger &amp; Hodges Abogados De Lesiones\" \/>\n<meta property=\"article:publisher\" content=\"https:\/\/www.facebook.com\/KrugerHodges\/\" \/>\n<meta property=\"article:modified_time\" content=\"2025-03-17T15:40:21+00:00\" \/>\n<meta property=\"og:image\" content=\"https:\/\/thehometownlawyers.com\/wp-content\/uploads\/2026\/02\/TEAM-PHOTO-2026-scaled.jpg\" \/>\n\t<meta property=\"og:image:width\" content=\"2560\" \/>\n\t<meta property=\"og:image:height\" content=\"1689\" \/>\n\t<meta property=\"og:image:type\" content=\"image\/jpeg\" \/>\n<meta name=\"twitter:card\" content=\"summary_large_image\" \/>\n<meta name=\"twitter:label1\" content=\"Tiempo de lectura\" \/>\n\t<meta name=\"twitter:data1\" content=\"3 minutos\" \/>\n<script type=\"application\/ld+json\" class=\"yoast-schema-graph\">{\"@context\":\"https:\\\/\\\/schema.org\",\"@graph\":[{\"@type\":\"WebPage\",\"@id\":\"https:\\\/\\\/thehometownlawyers.com\\\/es\\\/hamilton\\\/abogado-de-accidente-de-camion\\\/r-and-l-carriers\\\/\",\"url\":\"https:\\\/\\\/thehometownlawyers.com\\\/es\\\/hamilton\\\/abogado-de-accidente-de-camion\\\/r-and-l-carriers\\\/\",\"name\":\"Abogado de Accidente de Cami\u00f3n R and L Carriers en Hamilton | Consulta Gratuita\",\"isPartOf\":{\"@id\":\"https:\\\/\\\/thehometownlawyers.com\\\/es\\\/#website\"},\"primaryImageOfPage\":{\"@id\":\"https:\\\/\\\/thehometownlawyers.com\\\/es\\\/hamilton\\\/abogado-de-accidente-de-camion\\\/r-and-l-carriers\\\/#primaryimage\"},\"image\":{\"@id\":\"https:\\\/\\\/thehometownlawyers.com\\\/es\\\/hamilton\\\/abogado-de-accidente-de-camion\\\/r-and-l-carriers\\\/#primaryimage\"},\"thumbnailUrl\":\"https:\\\/\\\/thehometownlawyers.com\\\/wp-content\\\/uploads\\\/2026\\\/02\\\/TEAM-PHOTO-2026-scaled.jpg\",\"datePublished\":\"2020-01-14T17:53:14+00:00\",\"dateModified\":\"2025-03-17T15:40:21+00:00\",\"description\":\"Accidentes de camiones de transporte R y L R and L Carriers comenz\u00f3 en 1965 como una peque\u00f1a operaci\u00f3n de un solo cami\u00f3n en el Medio Oeste. Hoy en d\u00eda, la\",\"breadcrumb\":{\"@id\":\"https:\\\/\\\/thehometownlawyers.com\\\/es\\\/hamilton\\\/abogado-de-accidente-de-camion\\\/r-and-l-carriers\\\/#breadcrumb\"},\"inLanguage\":\"es\",\"potentialAction\":[{\"@type\":\"ReadAction\",\"target\":[\"https:\\\/\\\/thehometownlawyers.com\\\/es\\\/hamilton\\\/abogado-de-accidente-de-camion\\\/r-and-l-carriers\\\/\"]}]},{\"@type\":\"ImageObject\",\"inLanguage\":\"es\",\"@id\":\"https:\\\/\\\/thehometownlawyers.com\\\/es\\\/hamilton\\\/abogado-de-accidente-de-camion\\\/r-and-l-carriers\\\/#primaryimage\",\"url\":\"https:\\\/\\\/thehometownlawyers.com\\\/wp-content\\\/uploads\\\/2026\\\/02\\\/TEAM-PHOTO-2026-scaled.jpg\",\"contentUrl\":\"https:\\\/\\\/thehometownlawyers.com\\\/wp-content\\\/uploads\\\/2026\\\/02\\\/TEAM-PHOTO-2026-scaled.jpg\",\"width\":2560,\"height\":1689,\"caption\":\"KRUGER & HODGES TEAM PHOTO\"},{\"@type\":\"BreadcrumbList\",\"@id\":\"https:\\\/\\\/thehometownlawyers.com\\\/es\\\/hamilton\\\/abogado-de-accidente-de-camion\\\/r-and-l-carriers\\\/#breadcrumb\",\"itemListElement\":[{\"@type\":\"ListItem\",\"position\":1,\"name\":\"Home\",\"item\":\"https:\\\/\\\/thehometownlawyers.com\\\/es\\\/\"},{\"@type\":\"ListItem\",\"position\":2,\"name\":\"Abogados de Lesiones Personales en Hamilton\",\"item\":\"https:\\\/\\\/thehometownlawyers.com\\\/es\\\/\"},{\"@type\":\"ListItem\",\"position\":3,\"name\":\"Abogado de Accidente de Cami\u00f3n en Hamilton\",\"item\":\"https:\\\/\\\/thehometownlawyers.com\\\/es\\\/hamilton\\\/abogado-de-accidente-de-camion\\\/\"},{\"@type\":\"ListItem\",\"position\":4,\"name\":\"Accidente de Cami\u00f3n R and L Carriers\"}]},{\"@type\":\"WebSite\",\"@id\":\"https:\\\/\\\/thehometownlawyers.com\\\/es\\\/#website\",\"url\":\"https:\\\/\\\/thehometownlawyers.com\\\/es\\\/\",\"name\":\"Kruger & Hodges Hometown Injury Lawyers | Accident Attorneys\",\"description\":\"Attorneys for Car, Truck and Motorcycle Accidents, Personal Injuries, and Criminal Defense.\",\"publisher\":{\"@id\":\"https:\\\/\\\/thehometownlawyers.com\\\/es\\\/#organization\"},\"alternateName\":\"Kruger & Hodges Personal Injury Lawyers\",\"inLanguage\":\"es\"},{\"@type\":\"Organization\",\"@id\":\"https:\\\/\\\/thehometownlawyers.com\\\/es\\\/#organization\",\"name\":\"Kruger & Hodges Hometown Injury Lawyers\",\"alternateName\":\"Kruger & Hodges\",\"url\":\"https:\\\/\\\/thehometownlawyers.com\\\/es\\\/\",\"logo\":{\"@type\":\"ImageObject\",\"inLanguage\":\"es\",\"@id\":\"https:\\\/\\\/thehometownlawyers.com\\\/es\\\/#\\\/schema\\\/logo\\\/image\\\/\",\"url\":\"https:\\\/\\\/thehometownlawyers.com\\\/wp-content\\\/uploads\\\/2025\\\/12\\\/revised-kh-logo-vertical-white-background-scaled.png\",\"contentUrl\":\"https:\\\/\\\/thehometownlawyers.com\\\/wp-content\\\/uploads\\\/2025\\\/12\\\/revised-kh-logo-vertical-white-background-scaled.png\",\"width\":2560,\"height\":1440,\"caption\":\"Kruger & Hodges Hometown Injury Lawyers\"},\"image\":{\"@id\":\"https:\\\/\\\/thehometownlawyers.com\\\/es\\\/#\\\/schema\\\/logo\\\/image\\\/\"},\"sameAs\":[\"https:\\\/\\\/www.facebook.com\\\/KrugerHodges\\\/\",\"https:\\\/\\\/www.instagram.com\\\/krugerhodges\\\/\",\"https:\\\/\\\/www.linkedin.com\\\/company\\\/kruger-hodges-hometown-injury-lawyers\\\/\",\"https:\\\/\\\/www.youtube.com\\\/channel\\\/UCeYcMaMaN2rb9jMlqt4EIdQ\",\"https:\\\/\\\/www.tiktok.com\\\/@thehometownlawyer\"]}]}<\/script>\n<!-- \/ Yoast SEO plugin. -->","yoast_head_json":{"title":"Abogado de Accidente de Cami\u00f3n R and L Carriers en Hamilton | Consulta Gratuita","description":"Accidentes de camiones de transporte R y L R and L Carriers comenz\u00f3 en 1965 como una peque\u00f1a operaci\u00f3n de un solo cami\u00f3n en el Medio Oeste. Hoy en d\u00eda, la","robots":{"index":"index","follow":"follow","max-snippet":"max-snippet:-1","max-image-preview":"max-image-preview:large","max-video-preview":"max-video-preview:-1"},"canonical":"https:\/\/thehometownlawyers.com\/es\/hamilton\/abogado-de-accidente-de-camion\/r-and-l-carriers\/","og_locale":"es_MX","og_type":"article","og_title":"Abogado de Accidente de Cami\u00f3n R and L Carriers en Hamilton | Consulta Gratuita","og_description":"Accidentes de camiones de transporte R y L R and L Carriers comenz\u00f3 en 1965 como una peque\u00f1a operaci\u00f3n de un solo cami\u00f3n en el Medio Oeste. Hoy en d\u00eda, la","og_url":"https:\/\/thehometownlawyers.com\/es\/hamilton\/abogado-de-accidente-de-camion\/r-and-l-carriers\/","og_site_name":"Kruger &amp; Hodges Abogados De Lesiones","article_publisher":"https:\/\/www.facebook.com\/KrugerHodges\/","article_modified_time":"2025-03-17T15:40:21+00:00","og_image":[{"width":2560,"height":1689,"url":"https:\/\/thehometownlawyers.com\/wp-content\/uploads\/2026\/02\/TEAM-PHOTO-2026-scaled.jpg","type":"image\/jpeg"}],"twitter_card":"summary_large_image","twitter_misc":{"Tiempo de lectura":"3 minutos"},"schema":{"@context":"https:\/\/schema.org","@graph":[{"@type":"WebPage","@id":"https:\/\/thehometownlawyers.com\/es\/hamilton\/abogado-de-accidente-de-camion\/r-and-l-carriers\/","url":"https:\/\/thehometownlawyers.com\/es\/hamilton\/abogado-de-accidente-de-camion\/r-and-l-carriers\/","name":"Abogado de Accidente de Cami\u00f3n R and L Carriers en Hamilton | Consulta Gratuita","isPartOf":{"@id":"https:\/\/thehometownlawyers.com\/es\/#website"},"primaryImageOfPage":{"@id":"https:\/\/thehometownlawyers.com\/es\/hamilton\/abogado-de-accidente-de-camion\/r-and-l-carriers\/#primaryimage"},"image":{"@id":"https:\/\/thehometownlawyers.com\/es\/hamilton\/abogado-de-accidente-de-camion\/r-and-l-carriers\/#primaryimage"},"thumbnailUrl":"https:\/\/thehometownlawyers.com\/wp-content\/uploads\/2026\/02\/TEAM-PHOTO-2026-scaled.jpg","datePublished":"2020-01-14T17:53:14+00:00","dateModified":"2025-03-17T15:40:21+00:00","description":"Accidentes de camiones de transporte R y L R and L Carriers comenz\u00f3 en 1965 como una peque\u00f1a operaci\u00f3n de un solo cami\u00f3n en el Medio Oeste. Hoy en d\u00eda, la","breadcrumb":{"@id":"https:\/\/thehometownlawyers.com\/es\/hamilton\/abogado-de-accidente-de-camion\/r-and-l-carriers\/#breadcrumb"},"inLanguage":"es","potentialAction":[{"@type":"ReadAction","target":["https:\/\/thehometownlawyers.com\/es\/hamilton\/abogado-de-accidente-de-camion\/r-and-l-carriers\/"]}]},{"@type":"ImageObject","inLanguage":"es","@id":"https:\/\/thehometownlawyers.com\/es\/hamilton\/abogado-de-accidente-de-camion\/r-and-l-carriers\/#primaryimage","url":"https:\/\/thehometownlawyers.com\/wp-content\/uploads\/2026\/02\/TEAM-PHOTO-2026-scaled.jpg","contentUrl":"https:\/\/thehometownlawyers.com\/wp-content\/uploads\/2026\/02\/TEAM-PHOTO-2026-scaled.jpg","width":2560,"height":1689,"caption":"KRUGER & HODGES TEAM PHOTO"},{"@type":"BreadcrumbList","@id":"https:\/\/thehometownlawyers.com\/es\/hamilton\/abogado-de-accidente-de-camion\/r-and-l-carriers\/#breadcrumb","itemListElement":[{"@type":"ListItem","position":1,"name":"Home","item":"https:\/\/thehometownlawyers.com\/es\/"},{"@type":"ListItem","position":2,"name":"Abogados de Lesiones Personales en Hamilton","item":"https:\/\/thehometownlawyers.com\/es\/"},{"@type":"ListItem","position":3,"name":"Abogado de Accidente de Cami\u00f3n en Hamilton","item":"https:\/\/thehometownlawyers.com\/es\/hamilton\/abogado-de-accidente-de-camion\/"},{"@type":"ListItem","position":4,"name":"Accidente de Cami\u00f3n R and L Carriers"}]},{"@type":"WebSite","@id":"https:\/\/thehometownlawyers.com\/es\/#website","url":"https:\/\/thehometownlawyers.com\/es\/","name":"Kruger & Hodges Hometown Injury Lawyers | Accident Attorneys","description":"Attorneys for Car, Truck and Motorcycle Accidents, Personal Injuries, and Criminal Defense.","publisher":{"@id":"https:\/\/thehometownlawyers.com\/es\/#organization"},"alternateName":"Kruger & Hodges Personal Injury Lawyers","inLanguage":"es"},{"@type":"Organization","@id":"https:\/\/thehometownlawyers.com\/es\/#organization","name":"Kruger & Hodges Hometown Injury Lawyers","alternateName":"Kruger & Hodges","url":"https:\/\/thehometownlawyers.com\/es\/","logo":{"@type":"ImageObject","inLanguage":"es","@id":"https:\/\/thehometownlawyers.com\/es\/#\/schema\/logo\/image\/","url":"https:\/\/thehometownlawyers.com\/wp-content\/uploads\/2025\/12\/revised-kh-logo-vertical-white-background-scaled.png","contentUrl":"https:\/\/thehometownlawyers.com\/wp-content\/uploads\/2025\/12\/revised-kh-logo-vertical-white-background-scaled.png","width":2560,"height":1440,"caption":"Kruger & Hodges Hometown Injury Lawyers"},"image":{"@id":"https:\/\/thehometownlawyers.com\/es\/#\/schema\/logo\/image\/"},"sameAs":["https:\/\/www.facebook.com\/KrugerHodges\/","https:\/\/www.instagram.com\/krugerhodges\/","https:\/\/www.linkedin.com\/company\/kruger-hodges-hometown-injury-lawyers\/","https:\/\/www.youtube.com\/channel\/UCeYcMaMaN2rb9jMlqt4EIdQ","https:\/\/www.tiktok.com\/@thehometownlawyer"]}]}},"_links":{"self":[{"href":"https:\/\/thehometownlawyers.com\/es\/wp-json\/wp\/v2\/pages\/21270","targetHints":{"allow":["GET"]}}],"collection":[{"href":"https:\/\/thehometownlawyers.com\/es\/wp-json\/wp\/v2\/pages"}],"about":[{"href":"https:\/\/thehometownlawyers.com\/es\/wp-json\/wp\/v2\/types\/page"}],"author":[{"embeddable":true,"href":"https:\/\/thehometownlawyers.com\/es\/wp-json\/wp\/v2\/users\/7"}],"replies":[{"embeddable":true,"href":"https:\/\/thehometownlawyers.com\/es\/wp-json\/wp\/v2\/comments?post=21270"}],"version-history":[{"count":0,"href":"https:\/\/thehometownlawyers.com\/es\/wp-json\/wp\/v2\/pages\/21270\/revisions"}],"up":[{"embeddable":true,"href":"https:\/\/thehometownlawyers.com\/es\/wp-json\/wp\/v2\/pages\/20967"}],"wp:featuredmedia":[{"embeddable":true,"href":"https:\/\/thehometownlawyers.com\/es\/wp-json\/wp\/v2\/media\/26406"}],"wp:attachment":[{"href":"https:\/\/thehometownlawyers.com\/es\/wp-json\/wp\/v2\/media?parent=21270"}],"wp:term":[{"taxonomy":"hc_faqs","embeddable":true,"href":"https:\/\/thehometownlawyers.com\/es\/wp-json\/wp\/v2\/hc_faqs?post=21270"},{"taxonomy":"hc_spanish_faqs","embeddable":true,"href":"https:\/\/thehometownlawyers.com\/es\/wp-json\/wp\/v2\/hc_spanish_faqs?post=21270"}],"curies":[{"name":"wp","href":"https:\/\/api.w.org\/{rel}","templated":true}]}}