{"id":21271,"date":"2020-01-14T12:27:54","date_gmt":"2020-01-14T17:27:54","guid":{"rendered":"https:\/\/thehometownlawyers.com\/?page_id=21271"},"modified":"2025-03-17T11:42:42","modified_gmt":"2025-03-17T15:42:42","slug":"falta-de-diagnostico","status":"publish","type":"page","link":"https:\/\/thehometownlawyers.com\/es\/hamilton\/abogado-de-malpratica-medica\/fallar-diagnostica\/","title":{"rendered":"Abogado de Fallar Diagnostica en Hamilton"},"content":{"rendered":"<h2>\u00bfQu\u00e9 es la falta de diagn\u00f3stico?<\/h2>\n<p>Cuando vamos al hospital o al consultorio m\u00e9dico en Hamilton, <a href=\"https:\/\/thehometownlawyers.com\/es\/contacto\/\">Middletown<\/a> o <a href=\"https:\/\/thehometownlawyers.com\/es\/contacto\/\">Eaton<\/a> , Ohio, esperamos que nuestra condici\u00f3n sea diagnosticada con precisi\u00f3n y luego tratada adecuadamente. Desafortunadamente, muchas personas en los Estados Unidos enfrentan las consecuencias de la falta de diagn\u00f3stico, lo que puede conducir a condiciones m\u00e9dicas a\u00fan m\u00e1s graves. En el caso de una enfermedad como el c\u00e1ncer, cada segundo cuenta y un diagn\u00f3stico fallido puede conducir a una met\u00e1stasis sustancial. Si se vio afectado por un diagn\u00f3stico m\u00e9dico err\u00f3neo, obtenga la asistencia de nuestros <a href=\"https:\/\/thehometownlawyers.com\/es\/\">abogados con experiencia en negligencia m\u00e9dica<\/a> .<\/p>\n<p class=\"rs-content-cta rs-content-cta-small\">Para una consulta legal gratuita, llame al <a href=\"tel:+15138943333\">513-894-3333 <\/a><\/p><h2>\u00bfQu\u00e9 constituye negligencia m\u00e9dica en una falta de diagn\u00f3stico?<\/h2>\n<p>La evaluaci\u00f3n de los s\u00edntomas de un paciente no es un sistema infalible y no se espera que los m\u00e9dicos hagan todos los diagn\u00f3sticos correctamente. Como tal, no todos los casos de diagn\u00f3stico err\u00f3neo constituyen negligencia m\u00e9dica; solo el diagn\u00f3stico err\u00f3neo que no cumple con el est\u00e1ndar de atenci\u00f3n aceptado constituye negligencia m\u00e9dica. Esto significa que si otro profesional m\u00e9dico hubiera sido capaz de reconocer los s\u00edntomas de la condici\u00f3n de un paciente, la falta de diagn\u00f3stico probablemente se considerar\u00eda mala pr\u00e1ctica. Para que constituya <a href=\"https:\/\/thehometownlawyers.com\/es\/\">negligencia m\u00e9dica<\/a> , tambi\u00e9n debe haber alg\u00fan tipo de da\u00f1o como resultado de la falta de diagn\u00f3stico adecuado del paciente. Debido a que a menudo es particularmente dif\u00edcil establecer que un diagn\u00f3stico err\u00f3neo constituy\u00f3 una mala pr\u00e1ctica, a menudo se recomienda la asistencia de un <a href=\"https:\/\/thehometownlawyers.com\/es\/\">abogado de lesiones personales<\/a> con mucha experiencia.<\/p>\n<p class=\"rs-content-cta\">Abogado de Malpractica M\u00e9dica de hamilton Cerca de M\u00ed <a href=\"tel:+15138943333\">513-894-3333<\/a><\/p><h2>Las causas del diagn\u00f3stico m\u00e9dico err\u00f3neo<\/h2>\n<p>Hay una serie de causas por las que se produce un diagn\u00f3stico m\u00e9dico err\u00f3neo, pero algunas de las m\u00e1s comunes incluyen:<\/p>\n<ul>\n<li>No crear un plan de seguimiento adecuado<\/li>\n<li>No obtener una historia adecuada del paciente.<\/li>\n<li>Falta de pedido de pruebas diagn\u00f3sticas apropiadas<\/li>\n<li>No examinar adecuadamente las condiciones del paciente.<\/li>\n<li>Interpretaci\u00f3n incorrecta del resultado de la prueba<\/li>\n<\/ul>\n<p class=\"rs-content-cta rs-content-cta-small\"><a href=\"\/es\/contacto\/\">Haga clic para contactar<\/a> con nuestros malpractica m\u00e9dica abogados hoy<\/p><h2>Condiciones m\u00e9dicas com\u00fanmente mal diagnosticadas o no diagnosticadas<\/h2>\n<p>Algunas de las condiciones que vemos con mayor frecuencia que involucran un diagn\u00f3stico tard\u00edo incluyen las siguientes:<\/p>\n<ul>\n<li>Pasar por alto las primeras se\u00f1ales de advertencia del c\u00e1ncer con frecuencia conduce a <a href=\"https:\/\/go2.org\/blog\/\" target=\"_blank\" rel=\"noopener\">resultados mortales<\/a> . Esto se debe a que el c\u00e1ncer tiene una tendencia a propagarse r\u00e1pidamente por todo el cuerpo de una persona. Las \u00faltimas etapas del c\u00e1ncer son mucho m\u00e1s dif\u00edciles de tratar que las primeras etapas.<\/li>\n<li><strong>Enfermedad del coraz\u00f3n.<\/strong> Los problemas m\u00e9dicos relacionados con el coraz\u00f3n son una de las causas m\u00e1s comunes de muerte en los Estados Unidos. Cada a\u00f1o, las afecciones card\u00edacas de muchas personas no se diagnostican correctamente, lo que puede tener consecuencias fatales.<\/li>\n<li>Mientras que muchos profesionales m\u00e9dicos buscan entumecimiento en un lado del cuerpo de una persona como un signo revelador de un derrame cerebral. Hay muchos otros signos de un derrame cerebral. Un accidente cerebrovascular mal diagnosticado puede tener efectos secundarios graves que pueden cambiar significativamente la vida de una persona e incluso provocar la muerte.<\/li>\n<\/ul>\n<p class=\"rs-content-cta rs-content-cta-small\">Complete una <a href=\"\/es\/contacto\/\">evaluaci\u00f3n gratuita de su caso<\/a> ahora<\/p><h2>Hable con nuestros Abogados de Negligencia M\u00e9dica<\/h2>\n<p>Si usted o un ser querido ha sido diagnosticado incorrectamente y ahora enfrenta una condici\u00f3n mucho m\u00e1s grave de lo que tendr\u00eda de otra manera, es importante obtener la asistencia de un abogado calificado. En <u><a href=\"https:\/\/thehometownlawyers.com\/es\/contacto\/\">Kruger &amp; Hodges<\/a><\/u> , entendemos cu\u00e1n devastadores pueden ser los resultados de una falla en el diagn\u00f3stico, y nuestros abogados de negligencia m\u00e9dica luchar\u00e1n por la compensaci\u00f3n que usted merece. <a href=\"https:\/\/thehometownlawyers.com\/es\/contacto\/\">Comun\u00edquese<\/a> con nuestras oficinas legales para programar una evaluaci\u00f3n inicial gratuita de su caso.<\/p>\n<p class=\"rs-content-cta rs-content-cta-small\">Llame o env\u00ede un mensaje de texto al <a href=\"tel:+15138943333\">513-894-3333<\/a> o complete una <a href=\"\/es\/contacto\/\">evaluaci\u00f3n gratuita de su caso<\/a><\/p>","protected":false},"excerpt":{"rendered":"<p>\u00bfQu\u00e9 es la falta de diagn\u00f3stico? Cuando vamos al hospital o al consultorio m\u00e9dico en Hamilton, Middletown o Eaton , Ohio, esperamos que nuestra condici\u00f3n sea diagnosticada con precisi\u00f3n y luego tratada adecuadamente. Desafortunadamente, muchas personas en los Estados Unidos enfrentan las consecuencias de la falta de diagn\u00f3stico, lo que puede conducir a condiciones m\u00e9dicas &#8230;<\/p>\n","protected":false},"author":7,"featured_media":20750,"parent":20984,"menu_order":0,"comment_status":"closed","ping_status":"closed","template":"","meta":{"_acf_changed":false,"inline_featured_image":false,"_genesis_hide_title":false,"_genesis_hide_breadcrumbs":false,"_genesis_hide_singular_image":false,"_genesis_hide_footer_widgets":false,"_genesis_custom_body_class":"","_genesis_custom_post_class":"","_genesis_layout":"","footnotes":""},"hc_faqs":[],"hc_spanish_faqs":[],"class_list":{"0":"post-21271","1":"page","2":"type-page","3":"status-publish","4":"has-post-thumbnail","6":"hc_city_location-hamilton-es-2","7":"entry"},"acf":[],"yoast_head":"<!-- This site is optimized with the Yoast SEO plugin v27.4 - https:\/\/yoast.com\/product\/yoast-seo-wordpress\/ -->\n<title>Abogado de Fallar Diagnostica en Hamilton | Consulta Gratuita<\/title>\n<meta name=\"description\" content=\"Entendemos lo devastador que puede ser la falta de diagn\u00f3stico y nuestros abogados de negligencia m\u00e9dica luchar\u00e1n por la compensaci\u00f3n que usted merece.\" \/>\n<meta name=\"robots\" content=\"index, follow, max-snippet:-1, max-image-preview:large, max-video-preview:-1\" \/>\n<link rel=\"canonical\" href=\"https:\/\/thehometownlawyers.com\/es\/hamilton\/abogado-de-malpratica-medica\/fallar-diagnostica\/\" \/>\n<meta property=\"og:locale\" content=\"es_MX\" \/>\n<meta property=\"og:type\" content=\"article\" \/>\n<meta property=\"og:title\" content=\"Abogado de Fallar Diagnostica en Hamilton | Consulta Gratuita\" \/>\n<meta property=\"og:description\" content=\"Entendemos lo devastador que puede ser la falta de diagn\u00f3stico y nuestros abogados de negligencia m\u00e9dica luchar\u00e1n por la compensaci\u00f3n que usted merece.\" \/>\n<meta property=\"og:url\" content=\"https:\/\/thehometownlawyers.com\/es\/hamilton\/abogado-de-malpratica-medica\/fallar-diagnostica\/\" \/>\n<meta property=\"og:site_name\" content=\"Kruger &amp; Hodges Abogados De Lesiones\" \/>\n<meta property=\"article:publisher\" content=\"https:\/\/www.facebook.com\/KrugerHodges\/\" \/>\n<meta property=\"article:modified_time\" content=\"2025-03-17T15:42:42+00:00\" \/>\n<meta property=\"og:image\" content=\"https:\/\/thehometownlawyers.com\/wp-content\/uploads\/2020\/04\/doctor-medical-medicine-health-42273.jpg\" \/>\n\t<meta property=\"og:image:width\" content=\"1050\" \/>\n\t<meta property=\"og:image:height\" content=\"700\" \/>\n\t<meta property=\"og:image:type\" content=\"image\/jpeg\" \/>\n<meta name=\"twitter:card\" content=\"summary_large_image\" \/>\n<meta name=\"twitter:label1\" content=\"Tiempo de lectura\" \/>\n\t<meta name=\"twitter:data1\" content=\"3 minutos\" \/>\n<script type=\"application\/ld+json\" class=\"yoast-schema-graph\">{\"@context\":\"https:\\\/\\\/schema.org\",\"@graph\":[{\"@type\":\"WebPage\",\"@id\":\"https:\\\/\\\/thehometownlawyers.com\\\/es\\\/hamilton\\\/abogado-de-malpratica-medica\\\/fallar-diagnostica\\\/\",\"url\":\"https:\\\/\\\/thehometownlawyers.com\\\/es\\\/hamilton\\\/abogado-de-malpratica-medica\\\/fallar-diagnostica\\\/\",\"name\":\"Abogado de Fallar Diagnostica en Hamilton | Consulta Gratuita\",\"isPartOf\":{\"@id\":\"https:\\\/\\\/thehometownlawyers.com\\\/es\\\/#website\"},\"primaryImageOfPage\":{\"@id\":\"https:\\\/\\\/thehometownlawyers.com\\\/es\\\/hamilton\\\/abogado-de-malpratica-medica\\\/fallar-diagnostica\\\/#primaryimage\"},\"image\":{\"@id\":\"https:\\\/\\\/thehometownlawyers.com\\\/es\\\/hamilton\\\/abogado-de-malpratica-medica\\\/fallar-diagnostica\\\/#primaryimage\"},\"thumbnailUrl\":\"https:\\\/\\\/thehometownlawyers.com\\\/wp-content\\\/uploads\\\/2020\\\/04\\\/doctor-medical-medicine-health-42273.jpg\",\"datePublished\":\"2020-01-14T17:27:54+00:00\",\"dateModified\":\"2025-03-17T15:42:42+00:00\",\"description\":\"Entendemos lo devastador que puede ser la falta de diagn\u00f3stico y nuestros abogados de negligencia m\u00e9dica luchar\u00e1n por la compensaci\u00f3n que usted merece.\",\"breadcrumb\":{\"@id\":\"https:\\\/\\\/thehometownlawyers.com\\\/es\\\/hamilton\\\/abogado-de-malpratica-medica\\\/fallar-diagnostica\\\/#breadcrumb\"},\"inLanguage\":\"es\",\"potentialAction\":[{\"@type\":\"ReadAction\",\"target\":[\"https:\\\/\\\/thehometownlawyers.com\\\/es\\\/hamilton\\\/abogado-de-malpratica-medica\\\/fallar-diagnostica\\\/\"]}]},{\"@type\":\"ImageObject\",\"inLanguage\":\"es\",\"@id\":\"https:\\\/\\\/thehometownlawyers.com\\\/es\\\/hamilton\\\/abogado-de-malpratica-medica\\\/fallar-diagnostica\\\/#primaryimage\",\"url\":\"https:\\\/\\\/thehometownlawyers.com\\\/wp-content\\\/uploads\\\/2020\\\/04\\\/doctor-medical-medicine-health-42273.jpg\",\"contentUrl\":\"https:\\\/\\\/thehometownlawyers.com\\\/wp-content\\\/uploads\\\/2020\\\/04\\\/doctor-medical-medicine-health-42273.jpg\",\"width\":1050,\"height\":700,\"caption\":\"Negligencia m\u00e9dica\"},{\"@type\":\"BreadcrumbList\",\"@id\":\"https:\\\/\\\/thehometownlawyers.com\\\/es\\\/hamilton\\\/abogado-de-malpratica-medica\\\/fallar-diagnostica\\\/#breadcrumb\",\"itemListElement\":[{\"@type\":\"ListItem\",\"position\":1,\"name\":\"Home\",\"item\":\"https:\\\/\\\/thehometownlawyers.com\\\/es\\\/\"},{\"@type\":\"ListItem\",\"position\":2,\"name\":\"Abogados de Lesiones Personales en Hamilton\",\"item\":\"https:\\\/\\\/thehometownlawyers.com\\\/es\\\/\"},{\"@type\":\"ListItem\",\"position\":3,\"name\":\"Abogado de Malpractica M\u00e9dica en Hamilton\",\"item\":\"https:\\\/\\\/thehometownlawyers.com\\\/es\\\/hamilton\\\/abogado-de-malpratica-medica\\\/\"},{\"@type\":\"ListItem\",\"position\":4,\"name\":\"Fallar Diagnostica\"}]},{\"@type\":\"WebSite\",\"@id\":\"https:\\\/\\\/thehometownlawyers.com\\\/es\\\/#website\",\"url\":\"https:\\\/\\\/thehometownlawyers.com\\\/es\\\/\",\"name\":\"Kruger & Hodges Hometown Injury Lawyers | Accident Attorneys\",\"description\":\"Attorneys for Car, Truck and Motorcycle Accidents, Personal Injuries, and Criminal Defense.\",\"publisher\":{\"@id\":\"https:\\\/\\\/thehometownlawyers.com\\\/es\\\/#organization\"},\"alternateName\":\"Kruger & Hodges Personal Injury Lawyers\",\"inLanguage\":\"es\"},{\"@type\":\"Organization\",\"@id\":\"https:\\\/\\\/thehometownlawyers.com\\\/es\\\/#organization\",\"name\":\"Kruger & Hodges Hometown Injury Lawyers\",\"alternateName\":\"Kruger & Hodges\",\"url\":\"https:\\\/\\\/thehometownlawyers.com\\\/es\\\/\",\"logo\":{\"@type\":\"ImageObject\",\"inLanguage\":\"es\",\"@id\":\"https:\\\/\\\/thehometownlawyers.com\\\/es\\\/#\\\/schema\\\/logo\\\/image\\\/\",\"url\":\"https:\\\/\\\/thehometownlawyers.com\\\/wp-content\\\/uploads\\\/2025\\\/12\\\/revised-kh-logo-vertical-white-background-scaled.png\",\"contentUrl\":\"https:\\\/\\\/thehometownlawyers.com\\\/wp-content\\\/uploads\\\/2025\\\/12\\\/revised-kh-logo-vertical-white-background-scaled.png\",\"width\":2560,\"height\":1440,\"caption\":\"Kruger & Hodges Hometown Injury Lawyers\"},\"image\":{\"@id\":\"https:\\\/\\\/thehometownlawyers.com\\\/es\\\/#\\\/schema\\\/logo\\\/image\\\/\"},\"sameAs\":[\"https:\\\/\\\/www.facebook.com\\\/KrugerHodges\\\/\",\"https:\\\/\\\/www.instagram.com\\\/krugerhodges\\\/\",\"https:\\\/\\\/www.linkedin.com\\\/company\\\/kruger-hodges-hometown-injury-lawyers\\\/\",\"https:\\\/\\\/www.youtube.com\\\/channel\\\/UCeYcMaMaN2rb9jMlqt4EIdQ\",\"https:\\\/\\\/www.tiktok.com\\\/@thehometownlawyer\"]}]}<\/script>\n<!-- \/ Yoast SEO plugin. -->","yoast_head_json":{"title":"Abogado de Fallar Diagnostica en Hamilton | Consulta Gratuita","description":"Entendemos lo devastador que puede ser la falta de diagn\u00f3stico y nuestros abogados de negligencia m\u00e9dica luchar\u00e1n por la compensaci\u00f3n que usted merece.","robots":{"index":"index","follow":"follow","max-snippet":"max-snippet:-1","max-image-preview":"max-image-preview:large","max-video-preview":"max-video-preview:-1"},"canonical":"https:\/\/thehometownlawyers.com\/es\/hamilton\/abogado-de-malpratica-medica\/fallar-diagnostica\/","og_locale":"es_MX","og_type":"article","og_title":"Abogado de Fallar Diagnostica en Hamilton | Consulta Gratuita","og_description":"Entendemos lo devastador que puede ser la falta de diagn\u00f3stico y nuestros abogados de negligencia m\u00e9dica luchar\u00e1n por la compensaci\u00f3n que usted merece.","og_url":"https:\/\/thehometownlawyers.com\/es\/hamilton\/abogado-de-malpratica-medica\/fallar-diagnostica\/","og_site_name":"Kruger &amp; Hodges Abogados De Lesiones","article_publisher":"https:\/\/www.facebook.com\/KrugerHodges\/","article_modified_time":"2025-03-17T15:42:42+00:00","og_image":[{"width":1050,"height":700,"url":"https:\/\/thehometownlawyers.com\/wp-content\/uploads\/2020\/04\/doctor-medical-medicine-health-42273.jpg","type":"image\/jpeg"}],"twitter_card":"summary_large_image","twitter_misc":{"Tiempo de lectura":"3 minutos"},"schema":{"@context":"https:\/\/schema.org","@graph":[{"@type":"WebPage","@id":"https:\/\/thehometownlawyers.com\/es\/hamilton\/abogado-de-malpratica-medica\/fallar-diagnostica\/","url":"https:\/\/thehometownlawyers.com\/es\/hamilton\/abogado-de-malpratica-medica\/fallar-diagnostica\/","name":"Abogado de Fallar Diagnostica en Hamilton | Consulta Gratuita","isPartOf":{"@id":"https:\/\/thehometownlawyers.com\/es\/#website"},"primaryImageOfPage":{"@id":"https:\/\/thehometownlawyers.com\/es\/hamilton\/abogado-de-malpratica-medica\/fallar-diagnostica\/#primaryimage"},"image":{"@id":"https:\/\/thehometownlawyers.com\/es\/hamilton\/abogado-de-malpratica-medica\/fallar-diagnostica\/#primaryimage"},"thumbnailUrl":"https:\/\/thehometownlawyers.com\/wp-content\/uploads\/2020\/04\/doctor-medical-medicine-health-42273.jpg","datePublished":"2020-01-14T17:27:54+00:00","dateModified":"2025-03-17T15:42:42+00:00","description":"Entendemos lo devastador que puede ser la falta de diagn\u00f3stico y nuestros abogados de negligencia m\u00e9dica luchar\u00e1n por la compensaci\u00f3n que usted merece.","breadcrumb":{"@id":"https:\/\/thehometownlawyers.com\/es\/hamilton\/abogado-de-malpratica-medica\/fallar-diagnostica\/#breadcrumb"},"inLanguage":"es","potentialAction":[{"@type":"ReadAction","target":["https:\/\/thehometownlawyers.com\/es\/hamilton\/abogado-de-malpratica-medica\/fallar-diagnostica\/"]}]},{"@type":"ImageObject","inLanguage":"es","@id":"https:\/\/thehometownlawyers.com\/es\/hamilton\/abogado-de-malpratica-medica\/fallar-diagnostica\/#primaryimage","url":"https:\/\/thehometownlawyers.com\/wp-content\/uploads\/2020\/04\/doctor-medical-medicine-health-42273.jpg","contentUrl":"https:\/\/thehometownlawyers.com\/wp-content\/uploads\/2020\/04\/doctor-medical-medicine-health-42273.jpg","width":1050,"height":700,"caption":"Negligencia m\u00e9dica"},{"@type":"BreadcrumbList","@id":"https:\/\/thehometownlawyers.com\/es\/hamilton\/abogado-de-malpratica-medica\/fallar-diagnostica\/#breadcrumb","itemListElement":[{"@type":"ListItem","position":1,"name":"Home","item":"https:\/\/thehometownlawyers.com\/es\/"},{"@type":"ListItem","position":2,"name":"Abogados de Lesiones Personales en Hamilton","item":"https:\/\/thehometownlawyers.com\/es\/"},{"@type":"ListItem","position":3,"name":"Abogado de Malpractica M\u00e9dica en Hamilton","item":"https:\/\/thehometownlawyers.com\/es\/hamilton\/abogado-de-malpratica-medica\/"},{"@type":"ListItem","position":4,"name":"Fallar Diagnostica"}]},{"@type":"WebSite","@id":"https:\/\/thehometownlawyers.com\/es\/#website","url":"https:\/\/thehometownlawyers.com\/es\/","name":"Kruger & Hodges Hometown Injury Lawyers | Accident Attorneys","description":"Attorneys for Car, Truck and Motorcycle Accidents, Personal Injuries, and Criminal Defense.","publisher":{"@id":"https:\/\/thehometownlawyers.com\/es\/#organization"},"alternateName":"Kruger & Hodges Personal Injury Lawyers","inLanguage":"es"},{"@type":"Organization","@id":"https:\/\/thehometownlawyers.com\/es\/#organization","name":"Kruger & Hodges Hometown Injury Lawyers","alternateName":"Kruger & Hodges","url":"https:\/\/thehometownlawyers.com\/es\/","logo":{"@type":"ImageObject","inLanguage":"es","@id":"https:\/\/thehometownlawyers.com\/es\/#\/schema\/logo\/image\/","url":"https:\/\/thehometownlawyers.com\/wp-content\/uploads\/2025\/12\/revised-kh-logo-vertical-white-background-scaled.png","contentUrl":"https:\/\/thehometownlawyers.com\/wp-content\/uploads\/2025\/12\/revised-kh-logo-vertical-white-background-scaled.png","width":2560,"height":1440,"caption":"Kruger & Hodges Hometown Injury Lawyers"},"image":{"@id":"https:\/\/thehometownlawyers.com\/es\/#\/schema\/logo\/image\/"},"sameAs":["https:\/\/www.facebook.com\/KrugerHodges\/","https:\/\/www.instagram.com\/krugerhodges\/","https:\/\/www.linkedin.com\/company\/kruger-hodges-hometown-injury-lawyers\/","https:\/\/www.youtube.com\/channel\/UCeYcMaMaN2rb9jMlqt4EIdQ","https:\/\/www.tiktok.com\/@thehometownlawyer"]}]}},"_links":{"self":[{"href":"https:\/\/thehometownlawyers.com\/es\/wp-json\/wp\/v2\/pages\/21271","targetHints":{"allow":["GET"]}}],"collection":[{"href":"https:\/\/thehometownlawyers.com\/es\/wp-json\/wp\/v2\/pages"}],"about":[{"href":"https:\/\/thehometownlawyers.com\/es\/wp-json\/wp\/v2\/types\/page"}],"author":[{"embeddable":true,"href":"https:\/\/thehometownlawyers.com\/es\/wp-json\/wp\/v2\/users\/7"}],"replies":[{"embeddable":true,"href":"https:\/\/thehometownlawyers.com\/es\/wp-json\/wp\/v2\/comments?post=21271"}],"version-history":[{"count":0,"href":"https:\/\/thehometownlawyers.com\/es\/wp-json\/wp\/v2\/pages\/21271\/revisions"}],"up":[{"embeddable":true,"href":"https:\/\/thehometownlawyers.com\/es\/wp-json\/wp\/v2\/pages\/20984"}],"wp:featuredmedia":[{"embeddable":true,"href":"https:\/\/thehometownlawyers.com\/es\/wp-json\/wp\/v2\/media\/20750"}],"wp:attachment":[{"href":"https:\/\/thehometownlawyers.com\/es\/wp-json\/wp\/v2\/media?parent=21271"}],"wp:term":[{"taxonomy":"hc_faqs","embeddable":true,"href":"https:\/\/thehometownlawyers.com\/es\/wp-json\/wp\/v2\/hc_faqs?post=21271"},{"taxonomy":"hc_spanish_faqs","embeddable":true,"href":"https:\/\/thehometownlawyers.com\/es\/wp-json\/wp\/v2\/hc_spanish_faqs?post=21271"}],"curies":[{"name":"wp","href":"https:\/\/api.w.org\/{rel}","templated":true}]}}