{"id":21272,"date":"2020-01-14T12:22:37","date_gmt":"2020-01-14T17:22:37","guid":{"rendered":"https:\/\/thehometownlawyers.com\/?page_id=21272"},"modified":"2025-03-17T11:42:43","modified_gmt":"2025-03-17T15:42:43","slug":"errores-de-anestesia","status":"publish","type":"page","link":"https:\/\/thehometownlawyers.com\/es\/hamilton\/abogado-de-malpratica-medica\/errores-de-anestesia\/","title":{"rendered":"Abogado de Errores de Anestesia en Hamilton"},"content":{"rendered":"<h2>Errores de anestesia<\/h2>\n<p>Cuando una persona se somete a una cirug\u00eda, existen varios riesgos importantes, incluidos los asociados con la anestesia. Las estad\u00edsticas revelan que los errores de anestesia ocurren a un ritmo bastante bajo, pero aun as\u00ed ocurren m\u00e1s de lo que deber\u00edan. Si bien la <u><a href=\"https:\/\/www.asahq.org\/\" target=\"_blank\" rel=\"noopener noreferrer\">Sociedad Estadounidense de Anestesi\u00f3logos<\/a><\/u> informa que la anestesia se administra 40 millones de veces al a\u00f1o, solo se producen errores en una peque\u00f1a cantidad de estos procedimientos. Sin embargo, cuando ocurren errores de anestesia, los resultados suelen ser particularmente graves. Es importante que las v\u00edctimas de errores de anestesia obtengan la asistencia de nuestros <a href=\"https:\/\/thehometownlawyers.com\/es\/\">abogados experimentados en negligencia m\u00e9dica<\/a> que pueden ayudar a luchar por una compensaci\u00f3n adecuada por sus lesiones.<\/p>\n<p class=\"rs-content-cta rs-content-cta-small\">Para una consulta legal gratuita, llame al <a href=\"tel:+15138943333\">513-894-3333 <\/a><\/p><h2>C\u00f3mo se administra la anestesia<\/h2>\n<p>La anestesia es administrada por un m\u00e9dico especializado llamado anestesi\u00f3logo. A veces, la anestesia tambi\u00e9n es administrada por otros profesionales m\u00e9dicos. Se proporcionan anest\u00e9sicos a los pacientes para que pierdan el conocimiento antes de la cirug\u00eda. Muchas personas no saben que en realidad existen varios tipos diferentes de anestesia que se pueden usar. Los tipos m\u00e1s comunes de anestesia incluyen:<\/p>\n<ul>\n<li><strong>Anestesia disociativa:<\/strong> este tipo de anestesia bloquea las transmisiones nerviosas de una persona.<\/li>\n<li><b>Anestesia<\/b> <b>epidural y raqu\u00eddea<\/b> <b>:<\/b> estos anest\u00e9sicos se administran a trav\u00e9s de una inyecci\u00f3n en la columna vertebral de una persona.<\/li>\n<li><strong>Anestesia general:<\/strong> este tipo de anestesia implica la sedaci\u00f3n completa del paciente.<\/li>\n<li><strong>Anestesia local:<\/strong> esta anestesia se usa para adormecer una parte espec\u00edfica del cuerpo.<\/li>\n<li><strong>Anestesia regional:<\/strong> este tipo de anestesia adormece una parte m\u00e1s grande del cuerpo que la anestesia local pero una parte m\u00e1s peque\u00f1a que la anestesia general.<\/li>\n<\/ul>\n<p class=\"rs-content-cta\">Abogado de Malpractica M\u00e9dica de hamilton Cerca de M\u00ed <a href=\"tel:+15138943333\">513-894-3333<\/a><\/p><h2>Causas de los errores de anestesia<\/h2>\n<p>A pesar de muchos avances en la medicina moderna, todav\u00eda se sabe que los errores de anestesia ocurren de varias maneras, incluidas las siguientes:<\/p>\n<ul>\n<li>Administrar el tipo incorrecto de anestesia<\/li>\n<li>Administrar muy poca o demasiada anestesia<\/li>\n<li>No controlar adecuadamente los signos vitales de un paciente durante la cirug\u00eda<\/li>\n<li>No proporcionar las instrucciones adecuadas antes de administrar la anestesia.<\/li>\n<li>No revisar el historial m\u00e9dico de un paciente.<\/li>\n<li>Uso de equipo defectuoso para administrar anestesia.<\/li>\n<\/ul>\n<p>Es importante que los pacientes se den cuenta de que, a pesar de las posibles complicaciones con la anestesia, el procedimiento suele ser seguro y, estad\u00edsticamente, estos errores ocurren a una tasa muy baja; no debe dudar en someterse a procedimientos m\u00e9dicos recomendados por un m\u00e9dico.<\/p>\n<p class=\"rs-content-cta rs-content-cta-small\"><a href=\"\/es\/contacto\/\">Haga clic para contactar<\/a> con nuestros malpractica m\u00e9dica abogados hoy<\/p><h2>Los resultados de los errores de anestesia<\/h2>\n<p>Las lesiones que resultan de los errores de anestesia pueden variar de peque\u00f1as a bastante graves. Algunos de los efectos secundarios m\u00e1s comunes asociados con los errores de anestesia incluyen los siguientes:<\/p>\n<ul>\n<li>pulso anormal<\/li>\n<li>Defectos de nacimiento<\/li>\n<li>Complicaciones de la presi\u00f3n arterial<\/li>\n<li>Visi\u00f3n borrosa<\/li>\n<li>Da\u00f1o cerebral<\/li>\n<li>Confusi\u00f3n<\/li>\n<li>Coma<\/li>\n<li>Mareo<\/li>\n<li>Infecciones pulmonares<\/li>\n<li>Da\u00f1o en la boca o los dientes<\/li>\n<li>Da\u00f1o a \u00f3rganos<\/li>\n<li>Zumbido en los o\u00eddos<\/li>\n<li>convulsiones<\/li>\n<li>Lesi\u00f3n de la m\u00e9dula espinal<\/li>\n<li>Carrera<\/li>\n<\/ul>\n<p>En los peores casos, tambi\u00e9n se sabe que la muerte ocurre como resultado de errores de anestesia.<\/p>\n<p class=\"rs-content-cta rs-content-cta-small\">Complete una <a href=\"\/es\/contacto\/\">evaluaci\u00f3n gratuita de su caso<\/a> ahora<\/p><h2>Hable con Nuestros Abogados de Negligencia M\u00e9dica<\/h2>\n<p>A <a href=\"https:\/\/thehometownlawyers.com\/es\/contacto\/\">Kruger &amp; Hodges<\/a> , nuestros abogados de negligencia m\u00e9dica luchar\u00e1n incansablemente para obtener una compensaci\u00f3n por los da\u00f1os resultantes que a menudo sufren las v\u00edctimas de errores de anestesia, incluidas las facturas m\u00e9dicas, el sufrimiento emocional, la p\u00e9rdida de salarios y otros. <a href=\"https:\/\/thehometownlawyers.com\/es\/contacto\/\">Comun\u00edquese<\/a> con nuestra oficina legal hoy para programar una consulta con un abogado experto en negligencia m\u00e9dica que le informar\u00e1 sobre sus diversas opciones.<\/p>\n<p class=\"rs-content-cta rs-content-cta-small\">Llame o env\u00ede un mensaje de texto al <a href=\"tel:+15138943333\">513-894-3333<\/a> o complete una <a href=\"\/es\/contacto\/\">evaluaci\u00f3n gratuita de su caso<\/a><\/p>","protected":false},"excerpt":{"rendered":"<p>Errores de anestesia Cuando una persona se somete a una cirug\u00eda, existen varios riesgos importantes, incluidos los asociados con la anestesia. Las estad\u00edsticas revelan que los errores de anestesia ocurren a un ritmo bastante bajo, pero aun as\u00ed ocurren m\u00e1s de lo que deber\u00edan. Si bien la Sociedad Estadounidense de Anestesi\u00f3logos informa que la anestesia &#8230;<\/p>\n","protected":false},"author":7,"featured_media":20750,"parent":20984,"menu_order":0,"comment_status":"closed","ping_status":"closed","template":"","meta":{"_acf_changed":false,"inline_featured_image":false,"_genesis_hide_title":false,"_genesis_hide_breadcrumbs":false,"_genesis_hide_singular_image":false,"_genesis_hide_footer_widgets":false,"_genesis_custom_body_class":"","_genesis_custom_post_class":"","_genesis_layout":"","footnotes":""},"hc_faqs":[],"hc_spanish_faqs":[],"class_list":{"0":"post-21272","1":"page","2":"type-page","3":"status-publish","4":"has-post-thumbnail","6":"hc_city_location-hamilton-es-2","7":"entry"},"acf":[],"yoast_head":"<!-- This site is optimized with the Yoast SEO plugin v27.4 - https:\/\/yoast.com\/product\/yoast-seo-wordpress\/ -->\n<title>Abogado de Errores de Anestesia en Hamilton | Consulta Gratuita<\/title>\n<meta name=\"description\" content=\"Nuestros abogados de negligencia m\u00e9dica luchar\u00e1n por una compensaci\u00f3n por los da\u00f1os causados por errores de anestesia, incluido el sufrimiento emocional.\" \/>\n<meta name=\"robots\" content=\"index, follow, max-snippet:-1, max-image-preview:large, max-video-preview:-1\" \/>\n<link rel=\"canonical\" href=\"https:\/\/thehometownlawyers.com\/es\/hamilton\/abogado-de-malpratica-medica\/errores-de-anestesia\/\" \/>\n<meta property=\"og:locale\" content=\"es_MX\" \/>\n<meta property=\"og:type\" content=\"article\" \/>\n<meta property=\"og:title\" content=\"Abogado de Errores de Anestesia en Hamilton | Consulta Gratuita\" \/>\n<meta property=\"og:description\" content=\"Nuestros abogados de negligencia m\u00e9dica luchar\u00e1n por una compensaci\u00f3n por los da\u00f1os causados por errores de anestesia, incluido el sufrimiento emocional.\" \/>\n<meta property=\"og:url\" content=\"https:\/\/thehometownlawyers.com\/es\/hamilton\/abogado-de-malpratica-medica\/errores-de-anestesia\/\" \/>\n<meta property=\"og:site_name\" content=\"Kruger &amp; Hodges Abogados De Lesiones\" \/>\n<meta property=\"article:publisher\" content=\"https:\/\/www.facebook.com\/KrugerHodges\/\" \/>\n<meta property=\"article:modified_time\" content=\"2025-03-17T15:42:43+00:00\" \/>\n<meta property=\"og:image\" content=\"https:\/\/thehometownlawyers.com\/wp-content\/uploads\/2020\/04\/doctor-medical-medicine-health-42273.jpg\" \/>\n\t<meta property=\"og:image:width\" content=\"1050\" \/>\n\t<meta property=\"og:image:height\" content=\"700\" \/>\n\t<meta property=\"og:image:type\" content=\"image\/jpeg\" \/>\n<meta name=\"twitter:card\" content=\"summary_large_image\" \/>\n<meta name=\"twitter:label1\" content=\"Tiempo de lectura\" \/>\n\t<meta name=\"twitter:data1\" content=\"3 minutos\" \/>\n<script type=\"application\/ld+json\" class=\"yoast-schema-graph\">{\"@context\":\"https:\\\/\\\/schema.org\",\"@graph\":[{\"@type\":\"WebPage\",\"@id\":\"https:\\\/\\\/thehometownlawyers.com\\\/es\\\/hamilton\\\/abogado-de-malpratica-medica\\\/errores-de-anestesia\\\/\",\"url\":\"https:\\\/\\\/thehometownlawyers.com\\\/es\\\/hamilton\\\/abogado-de-malpratica-medica\\\/errores-de-anestesia\\\/\",\"name\":\"Abogado de Errores de Anestesia en Hamilton | Consulta Gratuita\",\"isPartOf\":{\"@id\":\"https:\\\/\\\/thehometownlawyers.com\\\/es\\\/#website\"},\"primaryImageOfPage\":{\"@id\":\"https:\\\/\\\/thehometownlawyers.com\\\/es\\\/hamilton\\\/abogado-de-malpratica-medica\\\/errores-de-anestesia\\\/#primaryimage\"},\"image\":{\"@id\":\"https:\\\/\\\/thehometownlawyers.com\\\/es\\\/hamilton\\\/abogado-de-malpratica-medica\\\/errores-de-anestesia\\\/#primaryimage\"},\"thumbnailUrl\":\"https:\\\/\\\/thehometownlawyers.com\\\/wp-content\\\/uploads\\\/2020\\\/04\\\/doctor-medical-medicine-health-42273.jpg\",\"datePublished\":\"2020-01-14T17:22:37+00:00\",\"dateModified\":\"2025-03-17T15:42:43+00:00\",\"description\":\"Nuestros abogados de negligencia m\u00e9dica luchar\u00e1n por una compensaci\u00f3n por los da\u00f1os causados por errores de anestesia, incluido el sufrimiento emocional.\",\"breadcrumb\":{\"@id\":\"https:\\\/\\\/thehometownlawyers.com\\\/es\\\/hamilton\\\/abogado-de-malpratica-medica\\\/errores-de-anestesia\\\/#breadcrumb\"},\"inLanguage\":\"es\",\"potentialAction\":[{\"@type\":\"ReadAction\",\"target\":[\"https:\\\/\\\/thehometownlawyers.com\\\/es\\\/hamilton\\\/abogado-de-malpratica-medica\\\/errores-de-anestesia\\\/\"]}]},{\"@type\":\"ImageObject\",\"inLanguage\":\"es\",\"@id\":\"https:\\\/\\\/thehometownlawyers.com\\\/es\\\/hamilton\\\/abogado-de-malpratica-medica\\\/errores-de-anestesia\\\/#primaryimage\",\"url\":\"https:\\\/\\\/thehometownlawyers.com\\\/wp-content\\\/uploads\\\/2020\\\/04\\\/doctor-medical-medicine-health-42273.jpg\",\"contentUrl\":\"https:\\\/\\\/thehometownlawyers.com\\\/wp-content\\\/uploads\\\/2020\\\/04\\\/doctor-medical-medicine-health-42273.jpg\",\"width\":1050,\"height\":700,\"caption\":\"Negligencia m\u00e9dica\"},{\"@type\":\"BreadcrumbList\",\"@id\":\"https:\\\/\\\/thehometownlawyers.com\\\/es\\\/hamilton\\\/abogado-de-malpratica-medica\\\/errores-de-anestesia\\\/#breadcrumb\",\"itemListElement\":[{\"@type\":\"ListItem\",\"position\":1,\"name\":\"Home\",\"item\":\"https:\\\/\\\/thehometownlawyers.com\\\/es\\\/\"},{\"@type\":\"ListItem\",\"position\":2,\"name\":\"Abogados de Lesiones Personales en Hamilton\",\"item\":\"https:\\\/\\\/thehometownlawyers.com\\\/es\\\/\"},{\"@type\":\"ListItem\",\"position\":3,\"name\":\"Abogado de Malpractica M\u00e9dica en Hamilton\",\"item\":\"https:\\\/\\\/thehometownlawyers.com\\\/es\\\/hamilton\\\/abogado-de-malpratica-medica\\\/\"},{\"@type\":\"ListItem\",\"position\":4,\"name\":\"Errores de Anestesia\"}]},{\"@type\":\"WebSite\",\"@id\":\"https:\\\/\\\/thehometownlawyers.com\\\/es\\\/#website\",\"url\":\"https:\\\/\\\/thehometownlawyers.com\\\/es\\\/\",\"name\":\"Kruger & Hodges Hometown Injury Lawyers | Accident Attorneys\",\"description\":\"Attorneys for Car, Truck and Motorcycle Accidents, Personal Injuries, and Criminal Defense.\",\"publisher\":{\"@id\":\"https:\\\/\\\/thehometownlawyers.com\\\/es\\\/#organization\"},\"alternateName\":\"Kruger & Hodges Personal Injury Lawyers\",\"inLanguage\":\"es\"},{\"@type\":\"Organization\",\"@id\":\"https:\\\/\\\/thehometownlawyers.com\\\/es\\\/#organization\",\"name\":\"Kruger & Hodges Hometown Injury Lawyers\",\"alternateName\":\"Kruger & Hodges\",\"url\":\"https:\\\/\\\/thehometownlawyers.com\\\/es\\\/\",\"logo\":{\"@type\":\"ImageObject\",\"inLanguage\":\"es\",\"@id\":\"https:\\\/\\\/thehometownlawyers.com\\\/es\\\/#\\\/schema\\\/logo\\\/image\\\/\",\"url\":\"https:\\\/\\\/thehometownlawyers.com\\\/wp-content\\\/uploads\\\/2025\\\/12\\\/revised-kh-logo-vertical-white-background-scaled.png\",\"contentUrl\":\"https:\\\/\\\/thehometownlawyers.com\\\/wp-content\\\/uploads\\\/2025\\\/12\\\/revised-kh-logo-vertical-white-background-scaled.png\",\"width\":2560,\"height\":1440,\"caption\":\"Kruger & Hodges Hometown Injury Lawyers\"},\"image\":{\"@id\":\"https:\\\/\\\/thehometownlawyers.com\\\/es\\\/#\\\/schema\\\/logo\\\/image\\\/\"},\"sameAs\":[\"https:\\\/\\\/www.facebook.com\\\/KrugerHodges\\\/\",\"https:\\\/\\\/www.instagram.com\\\/krugerhodges\\\/\",\"https:\\\/\\\/www.linkedin.com\\\/company\\\/kruger-hodges-hometown-injury-lawyers\\\/\",\"https:\\\/\\\/www.youtube.com\\\/channel\\\/UCeYcMaMaN2rb9jMlqt4EIdQ\",\"https:\\\/\\\/www.tiktok.com\\\/@thehometownlawyer\"]}]}<\/script>\n<!-- \/ Yoast SEO plugin. -->","yoast_head_json":{"title":"Abogado de Errores de Anestesia en Hamilton | Consulta Gratuita","description":"Nuestros abogados de negligencia m\u00e9dica luchar\u00e1n por una compensaci\u00f3n por los da\u00f1os causados por errores de anestesia, incluido el sufrimiento emocional.","robots":{"index":"index","follow":"follow","max-snippet":"max-snippet:-1","max-image-preview":"max-image-preview:large","max-video-preview":"max-video-preview:-1"},"canonical":"https:\/\/thehometownlawyers.com\/es\/hamilton\/abogado-de-malpratica-medica\/errores-de-anestesia\/","og_locale":"es_MX","og_type":"article","og_title":"Abogado de Errores de Anestesia en Hamilton | Consulta Gratuita","og_description":"Nuestros abogados de negligencia m\u00e9dica luchar\u00e1n por una compensaci\u00f3n por los da\u00f1os causados por errores de anestesia, incluido el sufrimiento emocional.","og_url":"https:\/\/thehometownlawyers.com\/es\/hamilton\/abogado-de-malpratica-medica\/errores-de-anestesia\/","og_site_name":"Kruger &amp; Hodges Abogados De Lesiones","article_publisher":"https:\/\/www.facebook.com\/KrugerHodges\/","article_modified_time":"2025-03-17T15:42:43+00:00","og_image":[{"width":1050,"height":700,"url":"https:\/\/thehometownlawyers.com\/wp-content\/uploads\/2020\/04\/doctor-medical-medicine-health-42273.jpg","type":"image\/jpeg"}],"twitter_card":"summary_large_image","twitter_misc":{"Tiempo de lectura":"3 minutos"},"schema":{"@context":"https:\/\/schema.org","@graph":[{"@type":"WebPage","@id":"https:\/\/thehometownlawyers.com\/es\/hamilton\/abogado-de-malpratica-medica\/errores-de-anestesia\/","url":"https:\/\/thehometownlawyers.com\/es\/hamilton\/abogado-de-malpratica-medica\/errores-de-anestesia\/","name":"Abogado de Errores de Anestesia en Hamilton | Consulta Gratuita","isPartOf":{"@id":"https:\/\/thehometownlawyers.com\/es\/#website"},"primaryImageOfPage":{"@id":"https:\/\/thehometownlawyers.com\/es\/hamilton\/abogado-de-malpratica-medica\/errores-de-anestesia\/#primaryimage"},"image":{"@id":"https:\/\/thehometownlawyers.com\/es\/hamilton\/abogado-de-malpratica-medica\/errores-de-anestesia\/#primaryimage"},"thumbnailUrl":"https:\/\/thehometownlawyers.com\/wp-content\/uploads\/2020\/04\/doctor-medical-medicine-health-42273.jpg","datePublished":"2020-01-14T17:22:37+00:00","dateModified":"2025-03-17T15:42:43+00:00","description":"Nuestros abogados de negligencia m\u00e9dica luchar\u00e1n por una compensaci\u00f3n por los da\u00f1os causados por errores de anestesia, incluido el sufrimiento emocional.","breadcrumb":{"@id":"https:\/\/thehometownlawyers.com\/es\/hamilton\/abogado-de-malpratica-medica\/errores-de-anestesia\/#breadcrumb"},"inLanguage":"es","potentialAction":[{"@type":"ReadAction","target":["https:\/\/thehometownlawyers.com\/es\/hamilton\/abogado-de-malpratica-medica\/errores-de-anestesia\/"]}]},{"@type":"ImageObject","inLanguage":"es","@id":"https:\/\/thehometownlawyers.com\/es\/hamilton\/abogado-de-malpratica-medica\/errores-de-anestesia\/#primaryimage","url":"https:\/\/thehometownlawyers.com\/wp-content\/uploads\/2020\/04\/doctor-medical-medicine-health-42273.jpg","contentUrl":"https:\/\/thehometownlawyers.com\/wp-content\/uploads\/2020\/04\/doctor-medical-medicine-health-42273.jpg","width":1050,"height":700,"caption":"Negligencia m\u00e9dica"},{"@type":"BreadcrumbList","@id":"https:\/\/thehometownlawyers.com\/es\/hamilton\/abogado-de-malpratica-medica\/errores-de-anestesia\/#breadcrumb","itemListElement":[{"@type":"ListItem","position":1,"name":"Home","item":"https:\/\/thehometownlawyers.com\/es\/"},{"@type":"ListItem","position":2,"name":"Abogados de Lesiones Personales en Hamilton","item":"https:\/\/thehometownlawyers.com\/es\/"},{"@type":"ListItem","position":3,"name":"Abogado de Malpractica M\u00e9dica en Hamilton","item":"https:\/\/thehometownlawyers.com\/es\/hamilton\/abogado-de-malpratica-medica\/"},{"@type":"ListItem","position":4,"name":"Errores de Anestesia"}]},{"@type":"WebSite","@id":"https:\/\/thehometownlawyers.com\/es\/#website","url":"https:\/\/thehometownlawyers.com\/es\/","name":"Kruger & Hodges Hometown Injury Lawyers | Accident Attorneys","description":"Attorneys for Car, Truck and Motorcycle Accidents, Personal Injuries, and Criminal Defense.","publisher":{"@id":"https:\/\/thehometownlawyers.com\/es\/#organization"},"alternateName":"Kruger & Hodges Personal Injury Lawyers","inLanguage":"es"},{"@type":"Organization","@id":"https:\/\/thehometownlawyers.com\/es\/#organization","name":"Kruger & Hodges Hometown Injury Lawyers","alternateName":"Kruger & Hodges","url":"https:\/\/thehometownlawyers.com\/es\/","logo":{"@type":"ImageObject","inLanguage":"es","@id":"https:\/\/thehometownlawyers.com\/es\/#\/schema\/logo\/image\/","url":"https:\/\/thehometownlawyers.com\/wp-content\/uploads\/2025\/12\/revised-kh-logo-vertical-white-background-scaled.png","contentUrl":"https:\/\/thehometownlawyers.com\/wp-content\/uploads\/2025\/12\/revised-kh-logo-vertical-white-background-scaled.png","width":2560,"height":1440,"caption":"Kruger & Hodges Hometown Injury Lawyers"},"image":{"@id":"https:\/\/thehometownlawyers.com\/es\/#\/schema\/logo\/image\/"},"sameAs":["https:\/\/www.facebook.com\/KrugerHodges\/","https:\/\/www.instagram.com\/krugerhodges\/","https:\/\/www.linkedin.com\/company\/kruger-hodges-hometown-injury-lawyers\/","https:\/\/www.youtube.com\/channel\/UCeYcMaMaN2rb9jMlqt4EIdQ","https:\/\/www.tiktok.com\/@thehometownlawyer"]}]}},"_links":{"self":[{"href":"https:\/\/thehometownlawyers.com\/es\/wp-json\/wp\/v2\/pages\/21272","targetHints":{"allow":["GET"]}}],"collection":[{"href":"https:\/\/thehometownlawyers.com\/es\/wp-json\/wp\/v2\/pages"}],"about":[{"href":"https:\/\/thehometownlawyers.com\/es\/wp-json\/wp\/v2\/types\/page"}],"author":[{"embeddable":true,"href":"https:\/\/thehometownlawyers.com\/es\/wp-json\/wp\/v2\/users\/7"}],"replies":[{"embeddable":true,"href":"https:\/\/thehometownlawyers.com\/es\/wp-json\/wp\/v2\/comments?post=21272"}],"version-history":[{"count":0,"href":"https:\/\/thehometownlawyers.com\/es\/wp-json\/wp\/v2\/pages\/21272\/revisions"}],"up":[{"embeddable":true,"href":"https:\/\/thehometownlawyers.com\/es\/wp-json\/wp\/v2\/pages\/20984"}],"wp:featuredmedia":[{"embeddable":true,"href":"https:\/\/thehometownlawyers.com\/es\/wp-json\/wp\/v2\/media\/20750"}],"wp:attachment":[{"href":"https:\/\/thehometownlawyers.com\/es\/wp-json\/wp\/v2\/media?parent=21272"}],"wp:term":[{"taxonomy":"hc_faqs","embeddable":true,"href":"https:\/\/thehometownlawyers.com\/es\/wp-json\/wp\/v2\/hc_faqs?post=21272"},{"taxonomy":"hc_spanish_faqs","embeddable":true,"href":"https:\/\/thehometownlawyers.com\/es\/wp-json\/wp\/v2\/hc_spanish_faqs?post=21272"}],"curies":[{"name":"wp","href":"https:\/\/api.w.org\/{rel}","templated":true}]}}