{"id":21273,"date":"2020-01-14T11:51:09","date_gmt":"2020-01-14T16:51:09","guid":{"rendered":"https:\/\/thehometownlawyers.com\/?page_id=21273"},"modified":"2025-03-17T11:41:27","modified_gmt":"2025-03-17T15:41:27","slug":"abogados-de-accidentes-de-piscina","status":"publish","type":"page","link":"https:\/\/thehometownlawyers.com\/es\/hamilton\/abogado-de-responsabilidad-de-premisas\/accidente-en-la-piscina\/","title":{"rendered":"Abogado de Accidente de la Piscina en Hamilton"},"content":{"rendered":"<h2>Abogados de accidentes de piscina en Hamilton, Eaton y Middletown<\/h2>\n<p>Muchas personas en Ohio disfrutan de la nataci\u00f3n recreativa en piscinas p\u00fablicas y privadas durante los meses de verano. Si posee una piscina o est\u00e1 considerando comprar una para su hogar, es fundamental comprender primero los peligros asociados, como el ahogamiento. Cada a\u00f1o, los abogados presentan muchos reclamos de <a href=\"https:\/\/thehometownlawyers.com\/es\/\">responsabilidad de locales<\/a> por accidentes de piscinas porque los propietarios de piscinas no mitigaron los riesgos sustanciales impuestos por tener un cuerpo de agua abierto en su propiedad. Las siguientes son algunas de las consideraciones importantes con respecto a los peligros asociados con las piscinas.<\/p>\n<p class=\"rs-content-cta rs-content-cta-small\">Para una consulta legal gratuita, llame al <a href=\"tel:+15138943333\">513-894-3333 <\/a><\/p><h2>El riesgo de accidentes por ahogamiento en piscinas<\/h2>\n<p>Mucha gente cree que las piscinas son seguras a menos que los nadadores hagan un mal uso deliberado de la piscina. Si bien es probable que este tipo de comportamiento provoque accidentes, los ahogamientos accidentales tambi\u00e9n son un riesgo importante cuando se posee una piscina. En muchos casos, los ahogamientos accidentales afectan a ni\u00f1os peque\u00f1os y personas que no saben nadar. Contrariamente a la creencia popular, el ahogamiento puede ocurrir de manera repentina, r\u00e1pida y silenciosa. Esto significa que no se dar\u00e1 cuenta de que el evento est\u00e1 ocurriendo a menos que permanezca particularmente atento y supervise la piscina. Por esta raz\u00f3n, es absolutamente vital tener siempre a alguien vigilando la piscina cuando est\u00e1 en uso.<\/p>\n<p>Sin embargo, la supervisi\u00f3n por s\u00ed sola no es suficiente para reducir el riesgo de accidentes por ahogamiento en piscinas. Si es due\u00f1o de una piscina en Ohio, aseg\u00farese de usar una cerca alta y segura alrededor del per\u00edmetro de la piscina y bloquee la cerca cuando la piscina no est\u00e9 en uso.<\/p>\n<p class=\"rs-content-cta\">Abogado de Lesiones Personales de hamilton Cerca de M\u00ed <a href=\"tel:+15138943333\">513-894-3333<\/a><\/p><h2>C\u00f3mo evitar ahogamientos accidentales<\/h2>\n<p>Si ocurre un accidente en su piscina, es probable que sea responsable de las lesiones o muertes resultantes. Tome todas las medidas posibles para reducir el riesgo de que ocurra un accidente por ahogamiento en su piscina. Si bien las siguientes precauciones de seguridad no eliminar\u00e1n las posibilidades de que ocurra uno de estos accidentes, las reducir\u00e1n en gran medida.<\/p>\n<ul>\n<li>Al menos una persona que est\u00e9 en la piscina mientras est\u00e1 en uso debe saber RCP.<\/li>\n<li>Las cercas y las puertas deben rodear completamente la piscina y tener al menos cuatro pies de altura.<\/li>\n<li>Las puertas deben ser lo suficientemente altas para desalentar la escalada.<\/li>\n<li>Las puertas deben ser de cierre autom\u00e1tico<\/li>\n<li>Las p\u00f3lizas <a href=\"https:\/\/www.allstate.com\/resources\/home-insurance\/swimming-pool-insurance\" target=\"_blank\" rel=\"noopener\">de seguro de propietarios de viviendas<\/a> deben incluir los accidentes que puedan ocurrir en la piscina.<\/li>\n<li>Instale una alarma de piscina para que le avise cuando algo caiga al agua<\/li>\n<li>Nunca se debe permitir que las personas intoxicadas usen la piscina.<\/li>\n<li>Se debe aplicar una cubierta de piscina cuando la piscina no est\u00e1 en uso.<\/li>\n<li>Bajo ninguna circunstancia se debe dejar a los ni\u00f1os desatendidos en la piscina.<\/li>\n<\/ul>\n<p class=\"rs-content-cta rs-content-cta-small\"><a href=\"\/es\/contacto\/\">Haga clic para contactar<\/a> con nuestros lesiones personales abogados hoy<\/p><h2>Hable con los abogados de Kruger &amp; Hodges para accidentes de piscina<\/h2>\n<p>Desafortunadamente, cada a\u00f1o, un n\u00famero de personas mueren a causa de los ahogamientos que ocurren en las piscinas. Si est\u00e1 involucrado en un accidente de este tipo, es fundamental que obtenga r\u00e1pidamente la asistencia de un <a href=\"https:\/\/thehometownlawyers.com\/es\/\">abogado experimentado en responsabilidad de locales<\/a> del equipo legal de <u><a href=\"https:\/\/thehometownlawyers.com\/es\/contacto\/\">Kruger &amp; Hodges<\/a><\/u> . Entendemos cu\u00e1n devastadores pueden ser los accidentes en piscinas y lo ayudaremos a asegurarnos de que su caso se resuelva de la mejor manera posible.<\/p>\n<p class=\"rs-content-cta rs-content-cta-small\">Llame o env\u00ede un mensaje de texto al <a href=\"tel:+15138943333\">513-894-3333<\/a> o complete una <a href=\"\/es\/contacto\/\">evaluaci\u00f3n gratuita de su caso<\/a><\/p>","protected":false},"excerpt":{"rendered":"<p>Abogados de accidentes de piscina en Hamilton, Eaton y Middletown Muchas personas en Ohio disfrutan de la nataci\u00f3n recreativa en piscinas p\u00fablicas y privadas durante los meses de verano. Si posee una piscina o est\u00e1 considerando comprar una para su hogar, es fundamental comprender primero los peligros asociados, como el ahogamiento. Cada a\u00f1o, los abogados &#8230;<\/p>\n","protected":false},"author":7,"featured_media":20684,"parent":20983,"menu_order":0,"comment_status":"closed","ping_status":"closed","template":"","meta":{"_acf_changed":false,"inline_featured_image":false,"_genesis_hide_title":false,"_genesis_hide_breadcrumbs":false,"_genesis_hide_singular_image":false,"_genesis_hide_footer_widgets":false,"_genesis_custom_body_class":"","_genesis_custom_post_class":"","_genesis_layout":"","footnotes":""},"hc_faqs":[],"hc_spanish_faqs":[],"class_list":{"0":"post-21273","1":"page","2":"type-page","3":"status-publish","4":"has-post-thumbnail","6":"hc_city_location-hamilton-es-2","7":"entry"},"acf":[],"yoast_head":"<!-- This site is optimized with the Yoast SEO plugin v27.4 - https:\/\/yoast.com\/product\/yoast-seo-wordpress\/ -->\n<title>Abogado de Accidente de la Piscina en Hamilton | Consulta Gratuita<\/title>\n<meta name=\"description\" content=\"Muchos reclamos de responsabilidad de locales son presentados por abogados por accidentes de piscinas porque los propietarios de piscinas no logran mitigar los riesgos en su propiedad.\" \/>\n<meta name=\"robots\" content=\"index, follow, max-snippet:-1, max-image-preview:large, max-video-preview:-1\" \/>\n<link rel=\"canonical\" href=\"https:\/\/thehometownlawyers.com\/es\/hamilton\/abogado-de-responsabilidad-de-premisas\/accidente-en-la-piscina\/\" \/>\n<meta property=\"og:locale\" content=\"es_MX\" \/>\n<meta property=\"og:type\" content=\"article\" \/>\n<meta property=\"og:title\" content=\"Abogado de Accidente de la Piscina en Hamilton | Consulta Gratuita\" \/>\n<meta property=\"og:description\" content=\"Muchos reclamos de responsabilidad de locales son presentados por abogados por accidentes de piscinas porque los propietarios de piscinas no logran mitigar los riesgos en su propiedad.\" \/>\n<meta property=\"og:url\" content=\"https:\/\/thehometownlawyers.com\/es\/hamilton\/abogado-de-responsabilidad-de-premisas\/accidente-en-la-piscina\/\" \/>\n<meta property=\"og:site_name\" content=\"Kruger &amp; Hodges Abogados De Lesiones\" \/>\n<meta property=\"article:publisher\" content=\"https:\/\/www.facebook.com\/KrugerHodges\/\" \/>\n<meta property=\"article:modified_time\" content=\"2025-03-17T15:41:27+00:00\" \/>\n<meta property=\"og:image\" content=\"https:\/\/thehometownlawyers.com\/wp-content\/uploads\/2020\/01\/Personal-injury-lawyers-1.jpg\" \/>\n\t<meta property=\"og:image:width\" content=\"2048\" \/>\n\t<meta property=\"og:image:height\" content=\"906\" \/>\n\t<meta property=\"og:image:type\" content=\"image\/jpeg\" \/>\n<meta name=\"twitter:card\" content=\"summary_large_image\" \/>\n<meta name=\"twitter:label1\" content=\"Tiempo de lectura\" \/>\n\t<meta name=\"twitter:data1\" content=\"3 minutos\" \/>\n<script type=\"application\/ld+json\" class=\"yoast-schema-graph\">{\"@context\":\"https:\\\/\\\/schema.org\",\"@graph\":[{\"@type\":\"WebPage\",\"@id\":\"https:\\\/\\\/thehometownlawyers.com\\\/es\\\/hamilton\\\/abogado-de-responsabilidad-de-premisas\\\/accidente-en-la-piscina\\\/\",\"url\":\"https:\\\/\\\/thehometownlawyers.com\\\/es\\\/hamilton\\\/abogado-de-responsabilidad-de-premisas\\\/accidente-en-la-piscina\\\/\",\"name\":\"Abogado de Accidente de la Piscina en Hamilton | Consulta Gratuita\",\"isPartOf\":{\"@id\":\"https:\\\/\\\/thehometownlawyers.com\\\/es\\\/#website\"},\"primaryImageOfPage\":{\"@id\":\"https:\\\/\\\/thehometownlawyers.com\\\/es\\\/hamilton\\\/abogado-de-responsabilidad-de-premisas\\\/accidente-en-la-piscina\\\/#primaryimage\"},\"image\":{\"@id\":\"https:\\\/\\\/thehometownlawyers.com\\\/es\\\/hamilton\\\/abogado-de-responsabilidad-de-premisas\\\/accidente-en-la-piscina\\\/#primaryimage\"},\"thumbnailUrl\":\"https:\\\/\\\/thehometownlawyers.com\\\/wp-content\\\/uploads\\\/2020\\\/01\\\/Personal-injury-lawyers-1.jpg\",\"datePublished\":\"2020-01-14T16:51:09+00:00\",\"dateModified\":\"2025-03-17T15:41:27+00:00\",\"description\":\"Muchos reclamos de responsabilidad de locales son presentados por abogados por accidentes de piscinas porque los propietarios de piscinas no logran mitigar los riesgos en su propiedad.\",\"breadcrumb\":{\"@id\":\"https:\\\/\\\/thehometownlawyers.com\\\/es\\\/hamilton\\\/abogado-de-responsabilidad-de-premisas\\\/accidente-en-la-piscina\\\/#breadcrumb\"},\"inLanguage\":\"es\",\"potentialAction\":[{\"@type\":\"ReadAction\",\"target\":[\"https:\\\/\\\/thehometownlawyers.com\\\/es\\\/hamilton\\\/abogado-de-responsabilidad-de-premisas\\\/accidente-en-la-piscina\\\/\"]}]},{\"@type\":\"ImageObject\",\"inLanguage\":\"es\",\"@id\":\"https:\\\/\\\/thehometownlawyers.com\\\/es\\\/hamilton\\\/abogado-de-responsabilidad-de-premisas\\\/accidente-en-la-piscina\\\/#primaryimage\",\"url\":\"https:\\\/\\\/thehometownlawyers.com\\\/wp-content\\\/uploads\\\/2020\\\/01\\\/Personal-injury-lawyers-1.jpg\",\"contentUrl\":\"https:\\\/\\\/thehometownlawyers.com\\\/wp-content\\\/uploads\\\/2020\\\/01\\\/Personal-injury-lawyers-1.jpg\",\"width\":2048,\"height\":906},{\"@type\":\"BreadcrumbList\",\"@id\":\"https:\\\/\\\/thehometownlawyers.com\\\/es\\\/hamilton\\\/abogado-de-responsabilidad-de-premisas\\\/accidente-en-la-piscina\\\/#breadcrumb\",\"itemListElement\":[{\"@type\":\"ListItem\",\"position\":1,\"name\":\"Home\",\"item\":\"https:\\\/\\\/thehometownlawyers.com\\\/es\\\/\"},{\"@type\":\"ListItem\",\"position\":2,\"name\":\"Abogados de Lesiones Personales en Hamilton\",\"item\":\"https:\\\/\\\/thehometownlawyers.com\\\/es\\\/\"},{\"@type\":\"ListItem\",\"position\":3,\"name\":\"Abogado de Responsabilidad de Premisas en Hamilton\",\"item\":\"https:\\\/\\\/thehometownlawyers.com\\\/es\\\/hamilton\\\/abogado-de-responsabilidad-de-premisas\\\/\"},{\"@type\":\"ListItem\",\"position\":4,\"name\":\"Accidente de la Piscina\"}]},{\"@type\":\"WebSite\",\"@id\":\"https:\\\/\\\/thehometownlawyers.com\\\/es\\\/#website\",\"url\":\"https:\\\/\\\/thehometownlawyers.com\\\/es\\\/\",\"name\":\"Kruger & Hodges Hometown Injury Lawyers | Accident Attorneys\",\"description\":\"Attorneys for Car, Truck and Motorcycle Accidents, Personal Injuries, and Criminal Defense.\",\"publisher\":{\"@id\":\"https:\\\/\\\/thehometownlawyers.com\\\/es\\\/#organization\"},\"alternateName\":\"Kruger & Hodges Personal Injury Lawyers\",\"inLanguage\":\"es\"},{\"@type\":\"Organization\",\"@id\":\"https:\\\/\\\/thehometownlawyers.com\\\/es\\\/#organization\",\"name\":\"Kruger & Hodges Hometown Injury Lawyers\",\"alternateName\":\"Kruger & Hodges\",\"url\":\"https:\\\/\\\/thehometownlawyers.com\\\/es\\\/\",\"logo\":{\"@type\":\"ImageObject\",\"inLanguage\":\"es\",\"@id\":\"https:\\\/\\\/thehometownlawyers.com\\\/es\\\/#\\\/schema\\\/logo\\\/image\\\/\",\"url\":\"https:\\\/\\\/thehometownlawyers.com\\\/wp-content\\\/uploads\\\/2025\\\/12\\\/revised-kh-logo-vertical-white-background-scaled.png\",\"contentUrl\":\"https:\\\/\\\/thehometownlawyers.com\\\/wp-content\\\/uploads\\\/2025\\\/12\\\/revised-kh-logo-vertical-white-background-scaled.png\",\"width\":2560,\"height\":1440,\"caption\":\"Kruger & Hodges Hometown Injury Lawyers\"},\"image\":{\"@id\":\"https:\\\/\\\/thehometownlawyers.com\\\/es\\\/#\\\/schema\\\/logo\\\/image\\\/\"},\"sameAs\":[\"https:\\\/\\\/www.facebook.com\\\/KrugerHodges\\\/\",\"https:\\\/\\\/www.instagram.com\\\/krugerhodges\\\/\",\"https:\\\/\\\/www.linkedin.com\\\/company\\\/kruger-hodges-hometown-injury-lawyers\\\/\",\"https:\\\/\\\/www.youtube.com\\\/channel\\\/UCeYcMaMaN2rb9jMlqt4EIdQ\",\"https:\\\/\\\/www.tiktok.com\\\/@thehometownlawyer\"]}]}<\/script>\n<!-- \/ Yoast SEO plugin. -->","yoast_head_json":{"title":"Abogado de Accidente de la Piscina en Hamilton | Consulta Gratuita","description":"Muchos reclamos de responsabilidad de locales son presentados por abogados por accidentes de piscinas porque los propietarios de piscinas no logran mitigar los riesgos en su propiedad.","robots":{"index":"index","follow":"follow","max-snippet":"max-snippet:-1","max-image-preview":"max-image-preview:large","max-video-preview":"max-video-preview:-1"},"canonical":"https:\/\/thehometownlawyers.com\/es\/hamilton\/abogado-de-responsabilidad-de-premisas\/accidente-en-la-piscina\/","og_locale":"es_MX","og_type":"article","og_title":"Abogado de Accidente de la Piscina en Hamilton | Consulta Gratuita","og_description":"Muchos reclamos de responsabilidad de locales son presentados por abogados por accidentes de piscinas porque los propietarios de piscinas no logran mitigar los riesgos en su propiedad.","og_url":"https:\/\/thehometownlawyers.com\/es\/hamilton\/abogado-de-responsabilidad-de-premisas\/accidente-en-la-piscina\/","og_site_name":"Kruger &amp; Hodges Abogados De Lesiones","article_publisher":"https:\/\/www.facebook.com\/KrugerHodges\/","article_modified_time":"2025-03-17T15:41:27+00:00","og_image":[{"width":2048,"height":906,"url":"https:\/\/thehometownlawyers.com\/wp-content\/uploads\/2020\/01\/Personal-injury-lawyers-1.jpg","type":"image\/jpeg"}],"twitter_card":"summary_large_image","twitter_misc":{"Tiempo de lectura":"3 minutos"},"schema":{"@context":"https:\/\/schema.org","@graph":[{"@type":"WebPage","@id":"https:\/\/thehometownlawyers.com\/es\/hamilton\/abogado-de-responsabilidad-de-premisas\/accidente-en-la-piscina\/","url":"https:\/\/thehometownlawyers.com\/es\/hamilton\/abogado-de-responsabilidad-de-premisas\/accidente-en-la-piscina\/","name":"Abogado de Accidente de la Piscina en Hamilton | Consulta Gratuita","isPartOf":{"@id":"https:\/\/thehometownlawyers.com\/es\/#website"},"primaryImageOfPage":{"@id":"https:\/\/thehometownlawyers.com\/es\/hamilton\/abogado-de-responsabilidad-de-premisas\/accidente-en-la-piscina\/#primaryimage"},"image":{"@id":"https:\/\/thehometownlawyers.com\/es\/hamilton\/abogado-de-responsabilidad-de-premisas\/accidente-en-la-piscina\/#primaryimage"},"thumbnailUrl":"https:\/\/thehometownlawyers.com\/wp-content\/uploads\/2020\/01\/Personal-injury-lawyers-1.jpg","datePublished":"2020-01-14T16:51:09+00:00","dateModified":"2025-03-17T15:41:27+00:00","description":"Muchos reclamos de responsabilidad de locales son presentados por abogados por accidentes de piscinas porque los propietarios de piscinas no logran mitigar los riesgos en su propiedad.","breadcrumb":{"@id":"https:\/\/thehometownlawyers.com\/es\/hamilton\/abogado-de-responsabilidad-de-premisas\/accidente-en-la-piscina\/#breadcrumb"},"inLanguage":"es","potentialAction":[{"@type":"ReadAction","target":["https:\/\/thehometownlawyers.com\/es\/hamilton\/abogado-de-responsabilidad-de-premisas\/accidente-en-la-piscina\/"]}]},{"@type":"ImageObject","inLanguage":"es","@id":"https:\/\/thehometownlawyers.com\/es\/hamilton\/abogado-de-responsabilidad-de-premisas\/accidente-en-la-piscina\/#primaryimage","url":"https:\/\/thehometownlawyers.com\/wp-content\/uploads\/2020\/01\/Personal-injury-lawyers-1.jpg","contentUrl":"https:\/\/thehometownlawyers.com\/wp-content\/uploads\/2020\/01\/Personal-injury-lawyers-1.jpg","width":2048,"height":906},{"@type":"BreadcrumbList","@id":"https:\/\/thehometownlawyers.com\/es\/hamilton\/abogado-de-responsabilidad-de-premisas\/accidente-en-la-piscina\/#breadcrumb","itemListElement":[{"@type":"ListItem","position":1,"name":"Home","item":"https:\/\/thehometownlawyers.com\/es\/"},{"@type":"ListItem","position":2,"name":"Abogados de Lesiones Personales en Hamilton","item":"https:\/\/thehometownlawyers.com\/es\/"},{"@type":"ListItem","position":3,"name":"Abogado de Responsabilidad de Premisas en Hamilton","item":"https:\/\/thehometownlawyers.com\/es\/hamilton\/abogado-de-responsabilidad-de-premisas\/"},{"@type":"ListItem","position":4,"name":"Accidente de la Piscina"}]},{"@type":"WebSite","@id":"https:\/\/thehometownlawyers.com\/es\/#website","url":"https:\/\/thehometownlawyers.com\/es\/","name":"Kruger & Hodges Hometown Injury Lawyers | Accident Attorneys","description":"Attorneys for Car, Truck and Motorcycle Accidents, Personal Injuries, and Criminal Defense.","publisher":{"@id":"https:\/\/thehometownlawyers.com\/es\/#organization"},"alternateName":"Kruger & Hodges Personal Injury Lawyers","inLanguage":"es"},{"@type":"Organization","@id":"https:\/\/thehometownlawyers.com\/es\/#organization","name":"Kruger & Hodges Hometown Injury Lawyers","alternateName":"Kruger & Hodges","url":"https:\/\/thehometownlawyers.com\/es\/","logo":{"@type":"ImageObject","inLanguage":"es","@id":"https:\/\/thehometownlawyers.com\/es\/#\/schema\/logo\/image\/","url":"https:\/\/thehometownlawyers.com\/wp-content\/uploads\/2025\/12\/revised-kh-logo-vertical-white-background-scaled.png","contentUrl":"https:\/\/thehometownlawyers.com\/wp-content\/uploads\/2025\/12\/revised-kh-logo-vertical-white-background-scaled.png","width":2560,"height":1440,"caption":"Kruger & Hodges Hometown Injury Lawyers"},"image":{"@id":"https:\/\/thehometownlawyers.com\/es\/#\/schema\/logo\/image\/"},"sameAs":["https:\/\/www.facebook.com\/KrugerHodges\/","https:\/\/www.instagram.com\/krugerhodges\/","https:\/\/www.linkedin.com\/company\/kruger-hodges-hometown-injury-lawyers\/","https:\/\/www.youtube.com\/channel\/UCeYcMaMaN2rb9jMlqt4EIdQ","https:\/\/www.tiktok.com\/@thehometownlawyer"]}]}},"_links":{"self":[{"href":"https:\/\/thehometownlawyers.com\/es\/wp-json\/wp\/v2\/pages\/21273","targetHints":{"allow":["GET"]}}],"collection":[{"href":"https:\/\/thehometownlawyers.com\/es\/wp-json\/wp\/v2\/pages"}],"about":[{"href":"https:\/\/thehometownlawyers.com\/es\/wp-json\/wp\/v2\/types\/page"}],"author":[{"embeddable":true,"href":"https:\/\/thehometownlawyers.com\/es\/wp-json\/wp\/v2\/users\/7"}],"replies":[{"embeddable":true,"href":"https:\/\/thehometownlawyers.com\/es\/wp-json\/wp\/v2\/comments?post=21273"}],"version-history":[{"count":0,"href":"https:\/\/thehometownlawyers.com\/es\/wp-json\/wp\/v2\/pages\/21273\/revisions"}],"up":[{"embeddable":true,"href":"https:\/\/thehometownlawyers.com\/es\/wp-json\/wp\/v2\/pages\/20983"}],"wp:featuredmedia":[{"embeddable":true,"href":"https:\/\/thehometownlawyers.com\/es\/wp-json\/wp\/v2\/media\/20684"}],"wp:attachment":[{"href":"https:\/\/thehometownlawyers.com\/es\/wp-json\/wp\/v2\/media?parent=21273"}],"wp:term":[{"taxonomy":"hc_faqs","embeddable":true,"href":"https:\/\/thehometownlawyers.com\/es\/wp-json\/wp\/v2\/hc_faqs?post=21273"},{"taxonomy":"hc_spanish_faqs","embeddable":true,"href":"https:\/\/thehometownlawyers.com\/es\/wp-json\/wp\/v2\/hc_spanish_faqs?post=21273"}],"curies":[{"name":"wp","href":"https:\/\/api.w.org\/{rel}","templated":true}]}}