{"id":21274,"date":"2020-01-13T18:37:17","date_gmt":"2020-01-13T23:37:17","guid":{"rendered":"https:\/\/thehometownlawyers.com\/?page_id=21274"},"modified":"2025-02-05T15:40:29","modified_gmt":"2025-02-05T20:40:29","slug":"eliminacion-y-sellado-de-expedientes","status":"publish","type":"page","link":"https:\/\/thehometownlawyers.com\/es\/abogados-de-defensa-criminal-de-hamilton\/eliminacion-y-sellado-de-expedientes\/","title":{"rendered":"Abogado de Eliminaci\u00f3n de Antecedentes Penales y Sellado de Registros en Hamilton"},"content":{"rendered":"<h2>Eliminaci\u00f3n y Sellado de Expedientes<\/h2>\n<p>Si ha sido acusado de un delito, lo m\u00e1s probable es que sus antecedentes penales est\u00e9n disponibles para que todos los vean, incluidas las instituciones educativas, los propietarios y los posibles empleadores. Como resultado, cualquier tipo de antecedentes penales puede crear obst\u00e1culos sustanciales en la vida de una persona. A menudo, las personas simplemente se averg\u00fcenzan de los errores que cometieron y que resultaron en condenas relacionadas con <a href=\"https:\/\/thehometownlawyers.com\/es\/abogados-de-defensa-criminal-de-hamilton\/abogados-defensores-de-delitos-de-drogas\/\">drogas<\/a> o <a href=\"https:\/\/thehometownlawyers.com\/es\/abogados-de-defensa-criminal-de-hamilton\/abogados-de-defensa-de-robo\/\">robo<\/a> . Afortunadamente, nuestros abogados de <a href=\"https:\/\/thehometownlawyers.com\/es\/abogados-de-defensa-criminal-de-hamilton\/\">defensa criminal<\/a> experimentados pueden guiar a las personas a trav\u00e9s del proceso de borrado y sellado de registros, lo que en algunas situaciones puede ayudar a eliminar un cargo penal o restringir el acceso a qui\u00e9n puede averiguar sobre el delito.<\/p>\n<p class=\"rs-content-cta rs-content-cta-small\">Para una consulta legal gratuita, llame al <a href=\"tel:+15138943333\">513-894-3333 <\/a><\/p><h2>Proceso de Sellado y Expurgaci\u00f3n de Ohio<\/h2>\n<p>Sellar o eliminar un registro en Ohio permite que una persona que tenga cualquier registro p\u00fablico de un delito penal en el estado pueda borrar el registro y sellar el expediente judicial. La ley de Ohio permite la eliminaci\u00f3n no solo de delitos penales, sino tambi\u00e9n absoluciones de cargos, confiscaci\u00f3n de fianzas, cargos desestimados, cargos juveniles y cargos sin facturas.<\/p>\n<p>Para calificar para la eliminaci\u00f3n de antecedentes penales, una persona debe estar clasificada como &#8220;Delincuente elegible&#8221; seg\u00fan <a href=\"https:\/\/codes.ohio.gov\/ohio-revised-code\/section-2953.31\" target=\"_blank\" rel=\"noopener noreferrer\">el T\u00edtulo 2953.31 de Ohio<\/a> . De acuerdo con la ley de Ohio, un &#8220;infractor elegible&#8221; incluye a cualquier persona que tenga una condena por un delito grave, una condena por un delito menor, una condena por un delito grave y una condena por un delito menor, incluso si estos cargos no est\u00e1n relacionados con el mismo delito, o dos condenas por delitos menores, incluso si no est\u00e1n relacionados con el mismo caso. Sin embargo, hay varias excepciones que se aplican a este criterio de elegibilidad. Una excepci\u00f3n es si una persona ha sido condenada por dos o m\u00e1s delitos basados en la misma circunstancia, que se consideran \u201cuna condena\u201d. Otra excepci\u00f3n es que algunos antecedentes penales no cuentan como \u201ccondenas\u201d, incluida la mayor\u00eda de los cargos de tr\u00e1nsito y otros delitos menores. Los cargos desestimados tampoco cuentan como una condena.<\/p>\n<p>Despu\u00e9s de presentar una moci\u00f3n ante el tribunal de sentencia, el tribunal investigar\u00e1 los antecedentes del solicitante para determinar si se permite sellar el delito o el registro del solicitante. Si hay alg\u00fan defecto o problema con el registro de una persona, la fiscal\u00eda puede presentar una objeci\u00f3n. Si se presenta una objeci\u00f3n, el asesor legal puede presentar informaci\u00f3n adicional para respaldar la eliminaci\u00f3n del registro de una persona.<\/p>\n<p>Luego se llevar\u00e1 a cabo una audiencia sobre el sellado del registro, durante la cual un juez tiene discreci\u00f3n para determinar si denegar o conceder la solicitud de eliminaci\u00f3n de antecedentes penales. Si se concede la moci\u00f3n para eliminar el registro, el juez firmar\u00e1 una orden de eliminaci\u00f3n y enviar\u00e1 este documento a todas las agencias gubernamentales que mantienen registros p\u00fablicos del caso.<\/p>\n<p class=\"rs-content-cta\">Abogado de Defensa Criminal de hamilton Cerca de M\u00ed <a href=\"tel:+15138943333\">513-894-3333<\/a><\/p><h2>Los beneficios de tener un registro sellado o borrado<\/h2>\n<p>Una gran cantidad de empresas, instituciones educativas y organizaciones ahora realizan verificaciones de antecedentes. Como resultado, sellar un registro puede ayudarlo a solicitar un trabajo, divorciarse de su c\u00f3nyuge, obtener una licencia profesional, solicitar la ciudadan\u00eda e incluso alquilar un apartamento. Sin mencionar que tener un registro de antecedentes penales sellado a menudo hace que una persona pueda brindar una respuesta honesta a las preguntas que antes la hac\u00edan sentir inc\u00f3moda.<\/p>\n<p class=\"rs-content-cta rs-content-cta-small\"><a href=\"\/es\/contacto\/\">Haga clic para contactar<\/a> con nuestros defensa criminal abogados hoy<\/p><h2>Descubra c\u00f3mo un abogado experto en defensa criminal puede ayudarlo en su caso<\/h2>\n<p>Debe esperar que el proceso de eliminaci\u00f3n de antecedentes penales pueda demorar varios meses. El proceso de eliminaci\u00f3n de antecedentes penales es particularmente complicado y cualquier error puede crear retrasos u obst\u00e1culos significativos en el proceso, por lo que es casi seguro que necesitar\u00e1 la asistencia de un abogado defensor penal experimentado. <a href=\"https:\/\/thehometownlawyers.com\/es\/contacto\/\">P\u00f3ngase<\/a> en contacto con Kruger &amp; Hodges hoy para obtener ayuda.<\/p>\n<p class=\"rs-content-cta rs-content-cta-small\">Llame o env\u00ede un mensaje de texto al <a href=\"tel:+15138943333\">513-894-3333<\/a> o complete una <a href=\"\/es\/contacto\/\">evaluaci\u00f3n gratuita de su caso<\/a><\/p>","protected":false},"excerpt":{"rendered":"<p>Eliminaci\u00f3n y Sellado de Expedientes Si ha sido acusado de un delito, lo m\u00e1s probable es que sus antecedentes penales est\u00e9n disponibles para que todos los vean, incluidas las instituciones educativas, los propietarios y los posibles empleadores. Como resultado, cualquier tipo de antecedentes penales puede crear obst\u00e1culos sustanciales en la vida de una persona. A &#8230;<\/p>\n","protected":false},"author":7,"featured_media":20819,"parent":20980,"menu_order":0,"comment_status":"closed","ping_status":"closed","template":"","meta":{"_acf_changed":false,"inline_featured_image":false,"_genesis_hide_title":false,"_genesis_hide_breadcrumbs":false,"_genesis_hide_singular_image":false,"_genesis_hide_footer_widgets":false,"_genesis_custom_body_class":"","_genesis_custom_post_class":"","_genesis_layout":"","footnotes":""},"hc_faqs":[],"hc_spanish_faqs":[],"class_list":{"0":"post-21274","1":"page","2":"type-page","3":"status-publish","4":"has-post-thumbnail","6":"hc_city_location-hamilton-es-2","7":"entry"},"acf":[],"yoast_head":"<!-- This site is optimized with the Yoast SEO plugin v27.5 - https:\/\/yoast.com\/product\/yoast-seo-wordpress\/ -->\n<title>Abogado de Eliminaci\u00f3n de Antecedentes Penales y Sellado de Registros en Hamilton | Consulta Gratuita<\/title>\n<meta name=\"description\" content=\"Nuestros abogados de defensa criminal experimentados pueden guiar a las personas a trav\u00e9s del proceso de borrado y sellado de registros.\" \/>\n<meta name=\"robots\" content=\"index, follow, max-snippet:-1, max-image-preview:large, max-video-preview:-1\" \/>\n<link rel=\"canonical\" href=\"https:\/\/thehometownlawyers.com\/es\/abogados-de-defensa-criminal-de-hamilton\/eliminacion-y-sellado-de-expedientes\/\" \/>\n<meta property=\"og:locale\" content=\"es_MX\" \/>\n<meta property=\"og:type\" content=\"article\" \/>\n<meta property=\"og:title\" content=\"Abogado de Eliminaci\u00f3n de Antecedentes Penales y Sellado de Registros en Hamilton | Consulta Gratuita\" \/>\n<meta property=\"og:description\" content=\"Nuestros abogados de defensa criminal experimentados pueden guiar a las personas a trav\u00e9s del proceso de borrado y sellado de registros.\" \/>\n<meta property=\"og:url\" content=\"https:\/\/thehometownlawyers.com\/es\/abogados-de-defensa-criminal-de-hamilton\/eliminacion-y-sellado-de-expedientes\/\" \/>\n<meta property=\"og:site_name\" content=\"Kruger &amp; Hodges Abogados De Lesiones\" \/>\n<meta property=\"article:publisher\" content=\"https:\/\/www.facebook.com\/KrugerHodges\/\" \/>\n<meta property=\"article:modified_time\" content=\"2025-02-05T20:40:29+00:00\" \/>\n<meta property=\"og:image\" content=\"https:\/\/thehometownlawyers.com\/wp-content\/uploads\/2021\/08\/records-paperwork-file.jpg\" \/>\n\t<meta property=\"og:image:width\" content=\"1920\" \/>\n\t<meta property=\"og:image:height\" content=\"1080\" \/>\n\t<meta property=\"og:image:type\" content=\"image\/jpeg\" \/>\n<meta name=\"twitter:card\" content=\"summary_large_image\" \/>\n<meta name=\"twitter:label1\" content=\"Tiempo de lectura\" \/>\n\t<meta name=\"twitter:data1\" content=\"3 minutos\" \/>\n<script type=\"application\/ld+json\" class=\"yoast-schema-graph\">{\"@context\":\"https:\\\/\\\/schema.org\",\"@graph\":[{\"@type\":\"WebPage\",\"@id\":\"https:\\\/\\\/thehometownlawyers.com\\\/es\\\/abogados-de-defensa-criminal-de-hamilton\\\/eliminacion-y-sellado-de-expedientes\\\/\",\"url\":\"https:\\\/\\\/thehometownlawyers.com\\\/es\\\/abogados-de-defensa-criminal-de-hamilton\\\/eliminacion-y-sellado-de-expedientes\\\/\",\"name\":\"Abogado de Eliminaci\u00f3n de Antecedentes Penales y Sellado de Registros en Hamilton | Consulta Gratuita\",\"isPartOf\":{\"@id\":\"https:\\\/\\\/thehometownlawyers.com\\\/es\\\/#website\"},\"primaryImageOfPage\":{\"@id\":\"https:\\\/\\\/thehometownlawyers.com\\\/es\\\/abogados-de-defensa-criminal-de-hamilton\\\/eliminacion-y-sellado-de-expedientes\\\/#primaryimage\"},\"image\":{\"@id\":\"https:\\\/\\\/thehometownlawyers.com\\\/es\\\/abogados-de-defensa-criminal-de-hamilton\\\/eliminacion-y-sellado-de-expedientes\\\/#primaryimage\"},\"thumbnailUrl\":\"https:\\\/\\\/thehometownlawyers.com\\\/wp-content\\\/uploads\\\/2021\\\/08\\\/records-paperwork-file.jpg\",\"datePublished\":\"2020-01-13T23:37:17+00:00\",\"dateModified\":\"2025-02-05T20:40:29+00:00\",\"description\":\"Nuestros abogados de defensa criminal experimentados pueden guiar a las personas a trav\u00e9s del proceso de borrado y sellado de registros.\",\"breadcrumb\":{\"@id\":\"https:\\\/\\\/thehometownlawyers.com\\\/es\\\/abogados-de-defensa-criminal-de-hamilton\\\/eliminacion-y-sellado-de-expedientes\\\/#breadcrumb\"},\"inLanguage\":\"es\",\"potentialAction\":[{\"@type\":\"ReadAction\",\"target\":[\"https:\\\/\\\/thehometownlawyers.com\\\/es\\\/abogados-de-defensa-criminal-de-hamilton\\\/eliminacion-y-sellado-de-expedientes\\\/\"]}]},{\"@type\":\"ImageObject\",\"inLanguage\":\"es\",\"@id\":\"https:\\\/\\\/thehometownlawyers.com\\\/es\\\/abogados-de-defensa-criminal-de-hamilton\\\/eliminacion-y-sellado-de-expedientes\\\/#primaryimage\",\"url\":\"https:\\\/\\\/thehometownlawyers.com\\\/wp-content\\\/uploads\\\/2021\\\/08\\\/records-paperwork-file.jpg\",\"contentUrl\":\"https:\\\/\\\/thehometownlawyers.com\\\/wp-content\\\/uploads\\\/2021\\\/08\\\/records-paperwork-file.jpg\",\"width\":1920,\"height\":1080,\"caption\":\"pilas de carpetas y papeleo\"},{\"@type\":\"BreadcrumbList\",\"@id\":\"https:\\\/\\\/thehometownlawyers.com\\\/es\\\/abogados-de-defensa-criminal-de-hamilton\\\/eliminacion-y-sellado-de-expedientes\\\/#breadcrumb\",\"itemListElement\":[{\"@type\":\"ListItem\",\"position\":1,\"name\":\"Home\",\"item\":\"https:\\\/\\\/thehometownlawyers.com\\\/es\\\/\"},{\"@type\":\"ListItem\",\"position\":2,\"name\":\"Abogado de Defensa Criminal en Hamilton\",\"item\":\"https:\\\/\\\/thehometownlawyers.com\\\/es\\\/abogados-de-defensa-criminal-de-hamilton\\\/\"},{\"@type\":\"ListItem\",\"position\":3,\"name\":\"Abogado de Eliminaci\u00f3n de Antecedentes Penales y Sellado de Registros en Hamilton\"}]},{\"@type\":\"WebSite\",\"@id\":\"https:\\\/\\\/thehometownlawyers.com\\\/es\\\/#website\",\"url\":\"https:\\\/\\\/thehometownlawyers.com\\\/es\\\/\",\"name\":\"Kruger & Hodges Hometown Injury Lawyers | Accident Attorneys\",\"description\":\"Attorneys for Car, Truck and Motorcycle Accidents, Personal Injuries, and Criminal Defense.\",\"publisher\":{\"@id\":\"https:\\\/\\\/thehometownlawyers.com\\\/es\\\/#organization\"},\"alternateName\":\"Kruger & Hodges Personal Injury Lawyers\",\"inLanguage\":\"es\"},{\"@type\":\"Organization\",\"@id\":\"https:\\\/\\\/thehometownlawyers.com\\\/es\\\/#organization\",\"name\":\"Kruger & Hodges Hometown Injury Lawyers\",\"alternateName\":\"Kruger & Hodges\",\"url\":\"https:\\\/\\\/thehometownlawyers.com\\\/es\\\/\",\"logo\":{\"@type\":\"ImageObject\",\"inLanguage\":\"es\",\"@id\":\"https:\\\/\\\/thehometownlawyers.com\\\/es\\\/#\\\/schema\\\/logo\\\/image\\\/\",\"url\":\"https:\\\/\\\/thehometownlawyers.com\\\/wp-content\\\/uploads\\\/2025\\\/12\\\/revised-kh-logo-vertical-white-background-scaled.png\",\"contentUrl\":\"https:\\\/\\\/thehometownlawyers.com\\\/wp-content\\\/uploads\\\/2025\\\/12\\\/revised-kh-logo-vertical-white-background-scaled.png\",\"width\":2560,\"height\":1440,\"caption\":\"Kruger & Hodges Hometown Injury Lawyers\"},\"image\":{\"@id\":\"https:\\\/\\\/thehometownlawyers.com\\\/es\\\/#\\\/schema\\\/logo\\\/image\\\/\"},\"sameAs\":[\"https:\\\/\\\/www.facebook.com\\\/KrugerHodges\\\/\",\"https:\\\/\\\/www.instagram.com\\\/krugerhodges\\\/\",\"https:\\\/\\\/www.linkedin.com\\\/company\\\/kruger-hodges-hometown-injury-lawyers\\\/\",\"https:\\\/\\\/www.youtube.com\\\/channel\\\/UCeYcMaMaN2rb9jMlqt4EIdQ\",\"https:\\\/\\\/www.tiktok.com\\\/@thehometownlawyer\"]}]}<\/script>\n<!-- \/ Yoast SEO plugin. -->","yoast_head_json":{"title":"Abogado de Eliminaci\u00f3n de Antecedentes Penales y Sellado de Registros en Hamilton | Consulta Gratuita","description":"Nuestros abogados de defensa criminal experimentados pueden guiar a las personas a trav\u00e9s del proceso de borrado y sellado de registros.","robots":{"index":"index","follow":"follow","max-snippet":"max-snippet:-1","max-image-preview":"max-image-preview:large","max-video-preview":"max-video-preview:-1"},"canonical":"https:\/\/thehometownlawyers.com\/es\/abogados-de-defensa-criminal-de-hamilton\/eliminacion-y-sellado-de-expedientes\/","og_locale":"es_MX","og_type":"article","og_title":"Abogado de Eliminaci\u00f3n de Antecedentes Penales y Sellado de Registros en Hamilton | Consulta Gratuita","og_description":"Nuestros abogados de defensa criminal experimentados pueden guiar a las personas a trav\u00e9s del proceso de borrado y sellado de registros.","og_url":"https:\/\/thehometownlawyers.com\/es\/abogados-de-defensa-criminal-de-hamilton\/eliminacion-y-sellado-de-expedientes\/","og_site_name":"Kruger &amp; Hodges Abogados De Lesiones","article_publisher":"https:\/\/www.facebook.com\/KrugerHodges\/","article_modified_time":"2025-02-05T20:40:29+00:00","og_image":[{"width":1920,"height":1080,"url":"https:\/\/thehometownlawyers.com\/wp-content\/uploads\/2021\/08\/records-paperwork-file.jpg","type":"image\/jpeg"}],"twitter_card":"summary_large_image","twitter_misc":{"Tiempo de lectura":"3 minutos"},"schema":{"@context":"https:\/\/schema.org","@graph":[{"@type":"WebPage","@id":"https:\/\/thehometownlawyers.com\/es\/abogados-de-defensa-criminal-de-hamilton\/eliminacion-y-sellado-de-expedientes\/","url":"https:\/\/thehometownlawyers.com\/es\/abogados-de-defensa-criminal-de-hamilton\/eliminacion-y-sellado-de-expedientes\/","name":"Abogado de Eliminaci\u00f3n de Antecedentes Penales y Sellado de Registros en Hamilton | Consulta Gratuita","isPartOf":{"@id":"https:\/\/thehometownlawyers.com\/es\/#website"},"primaryImageOfPage":{"@id":"https:\/\/thehometownlawyers.com\/es\/abogados-de-defensa-criminal-de-hamilton\/eliminacion-y-sellado-de-expedientes\/#primaryimage"},"image":{"@id":"https:\/\/thehometownlawyers.com\/es\/abogados-de-defensa-criminal-de-hamilton\/eliminacion-y-sellado-de-expedientes\/#primaryimage"},"thumbnailUrl":"https:\/\/thehometownlawyers.com\/wp-content\/uploads\/2021\/08\/records-paperwork-file.jpg","datePublished":"2020-01-13T23:37:17+00:00","dateModified":"2025-02-05T20:40:29+00:00","description":"Nuestros abogados de defensa criminal experimentados pueden guiar a las personas a trav\u00e9s del proceso de borrado y sellado de registros.","breadcrumb":{"@id":"https:\/\/thehometownlawyers.com\/es\/abogados-de-defensa-criminal-de-hamilton\/eliminacion-y-sellado-de-expedientes\/#breadcrumb"},"inLanguage":"es","potentialAction":[{"@type":"ReadAction","target":["https:\/\/thehometownlawyers.com\/es\/abogados-de-defensa-criminal-de-hamilton\/eliminacion-y-sellado-de-expedientes\/"]}]},{"@type":"ImageObject","inLanguage":"es","@id":"https:\/\/thehometownlawyers.com\/es\/abogados-de-defensa-criminal-de-hamilton\/eliminacion-y-sellado-de-expedientes\/#primaryimage","url":"https:\/\/thehometownlawyers.com\/wp-content\/uploads\/2021\/08\/records-paperwork-file.jpg","contentUrl":"https:\/\/thehometownlawyers.com\/wp-content\/uploads\/2021\/08\/records-paperwork-file.jpg","width":1920,"height":1080,"caption":"pilas de carpetas y papeleo"},{"@type":"BreadcrumbList","@id":"https:\/\/thehometownlawyers.com\/es\/abogados-de-defensa-criminal-de-hamilton\/eliminacion-y-sellado-de-expedientes\/#breadcrumb","itemListElement":[{"@type":"ListItem","position":1,"name":"Home","item":"https:\/\/thehometownlawyers.com\/es\/"},{"@type":"ListItem","position":2,"name":"Abogado de Defensa Criminal en Hamilton","item":"https:\/\/thehometownlawyers.com\/es\/abogados-de-defensa-criminal-de-hamilton\/"},{"@type":"ListItem","position":3,"name":"Abogado de Eliminaci\u00f3n de Antecedentes Penales y Sellado de Registros en Hamilton"}]},{"@type":"WebSite","@id":"https:\/\/thehometownlawyers.com\/es\/#website","url":"https:\/\/thehometownlawyers.com\/es\/","name":"Kruger & Hodges Hometown Injury Lawyers | Accident Attorneys","description":"Attorneys for Car, Truck and Motorcycle Accidents, Personal Injuries, and Criminal Defense.","publisher":{"@id":"https:\/\/thehometownlawyers.com\/es\/#organization"},"alternateName":"Kruger & Hodges Personal Injury Lawyers","inLanguage":"es"},{"@type":"Organization","@id":"https:\/\/thehometownlawyers.com\/es\/#organization","name":"Kruger & Hodges Hometown Injury Lawyers","alternateName":"Kruger & Hodges","url":"https:\/\/thehometownlawyers.com\/es\/","logo":{"@type":"ImageObject","inLanguage":"es","@id":"https:\/\/thehometownlawyers.com\/es\/#\/schema\/logo\/image\/","url":"https:\/\/thehometownlawyers.com\/wp-content\/uploads\/2025\/12\/revised-kh-logo-vertical-white-background-scaled.png","contentUrl":"https:\/\/thehometownlawyers.com\/wp-content\/uploads\/2025\/12\/revised-kh-logo-vertical-white-background-scaled.png","width":2560,"height":1440,"caption":"Kruger & Hodges Hometown Injury Lawyers"},"image":{"@id":"https:\/\/thehometownlawyers.com\/es\/#\/schema\/logo\/image\/"},"sameAs":["https:\/\/www.facebook.com\/KrugerHodges\/","https:\/\/www.instagram.com\/krugerhodges\/","https:\/\/www.linkedin.com\/company\/kruger-hodges-hometown-injury-lawyers\/","https:\/\/www.youtube.com\/channel\/UCeYcMaMaN2rb9jMlqt4EIdQ","https:\/\/www.tiktok.com\/@thehometownlawyer"]}]}},"_links":{"self":[{"href":"https:\/\/thehometownlawyers.com\/es\/wp-json\/wp\/v2\/pages\/21274","targetHints":{"allow":["GET"]}}],"collection":[{"href":"https:\/\/thehometownlawyers.com\/es\/wp-json\/wp\/v2\/pages"}],"about":[{"href":"https:\/\/thehometownlawyers.com\/es\/wp-json\/wp\/v2\/types\/page"}],"author":[{"embeddable":true,"href":"https:\/\/thehometownlawyers.com\/es\/wp-json\/wp\/v2\/users\/7"}],"replies":[{"embeddable":true,"href":"https:\/\/thehometownlawyers.com\/es\/wp-json\/wp\/v2\/comments?post=21274"}],"version-history":[{"count":0,"href":"https:\/\/thehometownlawyers.com\/es\/wp-json\/wp\/v2\/pages\/21274\/revisions"}],"up":[{"embeddable":true,"href":"https:\/\/thehometownlawyers.com\/es\/wp-json\/wp\/v2\/pages\/20980"}],"wp:featuredmedia":[{"embeddable":true,"href":"https:\/\/thehometownlawyers.com\/es\/wp-json\/wp\/v2\/media\/20819"}],"wp:attachment":[{"href":"https:\/\/thehometownlawyers.com\/es\/wp-json\/wp\/v2\/media?parent=21274"}],"wp:term":[{"taxonomy":"hc_faqs","embeddable":true,"href":"https:\/\/thehometownlawyers.com\/es\/wp-json\/wp\/v2\/hc_faqs?post=21274"},{"taxonomy":"hc_spanish_faqs","embeddable":true,"href":"https:\/\/thehometownlawyers.com\/es\/wp-json\/wp\/v2\/hc_spanish_faqs?post=21274"}],"curies":[{"name":"wp","href":"https:\/\/api.w.org\/{rel}","templated":true}]}}