{"id":21275,"date":"2020-01-13T13:57:01","date_gmt":"2020-01-13T18:57:01","guid":{"rendered":"https:\/\/thehometownlawyers.com\/?page_id=21275"},"modified":"2025-03-17T11:39:46","modified_gmt":"2025-03-17T15:39:46","slug":"accidente-de-camion-de-old-dominion","status":"publish","type":"page","link":"https:\/\/thehometownlawyers.com\/es\/hamilton\/abogado-de-accidente-de-camion\/old-dominion\/","title":{"rendered":"Abogado de Accidente de Cami\u00f3n Old Dominion en Hamilton"},"content":{"rendered":"<h2>Accidente de cami\u00f3n de Old Dominion<\/h2>\n<p>Old Dominion es uno de los equipos de camiones m\u00e1s antiguos y consolidados de Estados Unidos. Com\u00fanmente conocida como Old Dominion Freight Lines, opera servicios regionales y LTL (&#8220;menos de un cami\u00f3n&#8221;) a nivel nacional. Esto significa que la mayor\u00eda de los conductores de Old Dominion no operan de costa a costa. M\u00e1s bien, transportan local y regionalmente en rutas dedicadas. A menudo, los conductores entran y salen de un cami\u00f3n varias veces al d\u00eda para cargar y descargar mercanc\u00edas en los puntos de entrega de los clientes. En Kruger &amp; Hodges, entendemos c\u00f3mo ocurren los <a href=\"https:\/\/thehometownlawyers.com\/es\/\">accidentes de camiones<\/a> . De hecho, los accidentes de camiones son una gran parte de nuestra pr\u00e1ctica. Por lo tanto, nos hemos comprometido a comprender la industria y dar sentido a las colisiones de camiones en el sur de Ohio. Aqu\u00ed hay algunas cosas que debe considerar si alguna vez se lesiona en un accidente de cami\u00f3n en Old Dominion.<\/p>\n<p class=\"rs-content-cta rs-content-cta-small\">Para una consulta legal gratuita, llame al <a href=\"tel:+15138943333\">513-894-3333 <\/a><\/p><h2>\u00bfQu\u00e9 es LTL Trucking?<\/h2>\n<p>La carga fraccionada (o \u201cLTL\u201d) se distingue del transporte de carga completa t\u00edpico, porque los conductores de LTL generalmente no pasan la noche fuera. En cambio, estos conductores tienen rutas diurnas o nocturnas dedicadas. Recogen una carga en un lugar y luego hacen varias entregas. Los turnos pueden variar ampliamente, al igual que las reglamentaciones federales y estatales que se aplican a los conductores de LTL. Si ve un cami\u00f3n con una cabina grande y profunda, es probable que no sea un cami\u00f3n LTL. Esto se debe a que la mayor\u00eda de los camiones LTL solo tendr\u00e1n lo que se conoce como cabina diurna. Al igual que un cami\u00f3n de mudanzas o una camioneta t\u00edpica, estos veh\u00edculos no est\u00e1n dise\u00f1ados para vivir en ellos durante la noche. No hay cama, ni televisi\u00f3n, ni forma de usarlos para dormir en viajes prolongados. Por lo tanto, estos conductores generalmente no permanecen fuera durante d\u00edas seguidos.<\/p>\n<p class=\"rs-content-cta\">Abogado de Accidente de Cami\u00f3n de hamilton Cerca de M\u00ed <a href=\"tel:+15138943333\">513-894-3333<\/a><\/p><h2>Normativa sobre transporte LTL<\/h2>\n<p>Por lo tanto, para los conductores de camiones OTR t\u00edpicos (&#8220;over-the-road&#8221;), se espera que permanezcan en la carretera entre siete y 14 d\u00edas o m\u00e1s. Debido a que sus condiciones de trabajo, rutas y ubicaciones cambian d\u00eda a d\u00eda, estos conductores est\u00e1n estrictamente controlados por las <a href=\"https:\/\/www.fmcsa.dot.gov\/regulations\" target=\"_blank\" rel=\"noopener noreferrer\">Regulaciones Federales de Autotransportes<\/a> . Estas regulaciones dictan cu\u00e1ntas horas por d\u00eda puede trabajar y conducir un conductor, as\u00ed como tambi\u00e9n cu\u00e1nto deben durar sus descansos y d\u00edas libres.<\/p>\n<p>Sin embargo, cuando se trata de conductores locales y regionales, las reglas son un poco diferentes. A diferencia de los conductores OTR, los conductores de rutas regionales y locales, como la mayor\u00eda de los empleados de Old Dominion, no llevan el mismo tipo de libros de registro. Todav\u00eda tienen l\u00edmites sobre la cantidad de horas que pueden conducir, pero generalmente no tienen que tomar &#8220;reinicios&#8221; prolongados o descansos de 72 horas cada dos semanas. Esto se debe a que presumiblemente duermen en su propia cama y ven a sus familias todos los d\u00edas.<\/p>\n<p class=\"rs-content-cta rs-content-cta-small\"><a href=\"\/es\/contacto\/\">Haga clic para contactar<\/a> con nuestros accidente de cami\u00f3n abogados hoy<\/p><h2>Accidentes de camiones locales y regionales de Old Dominion<\/h2>\n<p>Originalmente fundada en Virginia, hoy la empresa opera en todo el pa\u00eds. La sede actual se encuentra en Thomasville, Carolina del Norte. Los conductores locales pueden fatigarse tanto como los conductores de campo traviesa OTR. Del mismo modo, a menudo pasan muchas horas cargando y descargando mercanc\u00edas, lo que es algo exclusivo de estos transportistas locales y regionales. Adem\u00e1s, es m\u00e1s probable que los conductores locales y regionales conduzcan por las mismas rutas todos los d\u00edas y todas las semanas, pero tambi\u00e9n respaldan e ingresan a los negocios con mucha m\u00e1s frecuencia que sus contrapartes OTR. Por lo tanto, la posibilidad de causar un accidente puede aumentar dr\u00e1sticamente.<\/p>\n<p>Si usted o un ser querido han sufrido lesiones debido a un conductor descuidado o imprudente de Old Dominion, llame hoy para <a href=\"https:\/\/thehometownlawyers.com\/es\/contacto\/\">programar una consulta gratuita<\/a> con un equipo de abogados de accidentes de camiones que entienden c\u00f3mo ocurren los accidentes de camiones. Todas las llamadas son confidenciales y nunca cobramos solo por hablar.<\/p>\n<p class=\"rs-content-cta rs-content-cta-small\">Llame o env\u00ede un mensaje de texto al <a href=\"tel:+15138943333\">513-894-3333<\/a> o complete una <a href=\"\/es\/contacto\/\">evaluaci\u00f3n gratuita de su caso<\/a><\/p>","protected":false},"excerpt":{"rendered":"<p>Accidente de cami\u00f3n de Old Dominion Old Dominion es uno de los equipos de camiones m\u00e1s antiguos y consolidados de Estados Unidos. Com\u00fanmente conocida como Old Dominion Freight Lines, opera servicios regionales y LTL (&#8220;menos de un cami\u00f3n&#8221;) a nivel nacional. Esto significa que la mayor\u00eda de los conductores de Old Dominion no operan de &#8230;<\/p>\n","protected":false},"author":7,"featured_media":20728,"parent":20967,"menu_order":0,"comment_status":"closed","ping_status":"closed","template":"","meta":{"_acf_changed":false,"inline_featured_image":false,"_genesis_hide_title":false,"_genesis_hide_breadcrumbs":false,"_genesis_hide_singular_image":false,"_genesis_hide_footer_widgets":false,"_genesis_custom_body_class":"","_genesis_custom_post_class":"","_genesis_layout":"","footnotes":""},"hc_faqs":[],"hc_spanish_faqs":[],"class_list":{"0":"post-21275","1":"page","2":"type-page","3":"status-publish","4":"has-post-thumbnail","6":"hc_city_location-hamilton-es-2","7":"entry"},"acf":[],"yoast_head":"<!-- This site is optimized with the Yoast SEO plugin v27.3 - https:\/\/yoast.com\/product\/yoast-seo-wordpress\/ -->\n<title>Abogado de Accidente de Cami\u00f3n Old Dominion en Hamilton | Consulta Gratuita<\/title>\n<meta name=\"description\" content=\"Si result\u00f3 lesionado debido a un accidente de cami\u00f3n en Old Dominion, Kruger &amp; Hodges le ofrecer\u00e1 una consulta gratuita con nuestros abogados en Hamilton, OH.\" \/>\n<meta name=\"robots\" content=\"index, follow, max-snippet:-1, max-image-preview:large, max-video-preview:-1\" \/>\n<link rel=\"canonical\" href=\"https:\/\/thehometownlawyers.com\/es\/hamilton\/abogado-de-accidente-de-camion\/old-dominion\/\" \/>\n<meta property=\"og:locale\" content=\"es_MX\" \/>\n<meta property=\"og:type\" content=\"article\" \/>\n<meta property=\"og:title\" content=\"Abogado de Accidente de Cami\u00f3n Old Dominion en Hamilton | Consulta Gratuita\" \/>\n<meta property=\"og:description\" content=\"Si result\u00f3 lesionado debido a un accidente de cami\u00f3n en Old Dominion, Kruger &amp; Hodges le ofrecer\u00e1 una consulta gratuita con nuestros abogados en Hamilton, OH.\" \/>\n<meta property=\"og:url\" content=\"https:\/\/thehometownlawyers.com\/es\/hamilton\/abogado-de-accidente-de-camion\/old-dominion\/\" \/>\n<meta property=\"og:site_name\" content=\"Kruger &amp; Hodges Abogados De Lesiones\" \/>\n<meta property=\"article:publisher\" content=\"https:\/\/www.facebook.com\/KrugerHodges\/\" \/>\n<meta property=\"article:modified_time\" content=\"2025-03-17T15:39:46+00:00\" \/>\n<meta property=\"og:image\" content=\"https:\/\/thehometownlawyers.com\/wp-content\/uploads\/2019\/01\/FedEx-Truck-Accident.jpg\" \/>\n\t<meta property=\"og:image:width\" content=\"640\" \/>\n\t<meta property=\"og:image:height\" content=\"427\" \/>\n\t<meta property=\"og:image:type\" content=\"image\/jpeg\" \/>\n<meta name=\"twitter:card\" content=\"summary_large_image\" \/>\n<meta name=\"twitter:label1\" content=\"Tiempo de lectura\" \/>\n\t<meta name=\"twitter:data1\" content=\"4 minutos\" \/>\n<script type=\"application\/ld+json\" class=\"yoast-schema-graph\">{\"@context\":\"https:\\\/\\\/schema.org\",\"@graph\":[{\"@type\":\"WebPage\",\"@id\":\"https:\\\/\\\/thehometownlawyers.com\\\/es\\\/hamilton\\\/abogado-de-accidente-de-camion\\\/old-dominion\\\/\",\"url\":\"https:\\\/\\\/thehometownlawyers.com\\\/es\\\/hamilton\\\/abogado-de-accidente-de-camion\\\/old-dominion\\\/\",\"name\":\"Abogado de Accidente de Cami\u00f3n Old Dominion en Hamilton | Consulta Gratuita\",\"isPartOf\":{\"@id\":\"https:\\\/\\\/thehometownlawyers.com\\\/es\\\/#website\"},\"primaryImageOfPage\":{\"@id\":\"https:\\\/\\\/thehometownlawyers.com\\\/es\\\/hamilton\\\/abogado-de-accidente-de-camion\\\/old-dominion\\\/#primaryimage\"},\"image\":{\"@id\":\"https:\\\/\\\/thehometownlawyers.com\\\/es\\\/hamilton\\\/abogado-de-accidente-de-camion\\\/old-dominion\\\/#primaryimage\"},\"thumbnailUrl\":\"https:\\\/\\\/thehometownlawyers.com\\\/wp-content\\\/uploads\\\/2019\\\/01\\\/FedEx-Truck-Accident.jpg\",\"datePublished\":\"2020-01-13T18:57:01+00:00\",\"dateModified\":\"2025-03-17T15:39:46+00:00\",\"description\":\"Si result\u00f3 lesionado debido a un accidente de cami\u00f3n en Old Dominion, Kruger & Hodges le ofrecer\u00e1 una consulta gratuita con nuestros abogados en Hamilton, OH.\",\"breadcrumb\":{\"@id\":\"https:\\\/\\\/thehometownlawyers.com\\\/es\\\/hamilton\\\/abogado-de-accidente-de-camion\\\/old-dominion\\\/#breadcrumb\"},\"inLanguage\":\"es\",\"potentialAction\":[{\"@type\":\"ReadAction\",\"target\":[\"https:\\\/\\\/thehometownlawyers.com\\\/es\\\/hamilton\\\/abogado-de-accidente-de-camion\\\/old-dominion\\\/\"]}]},{\"@type\":\"ImageObject\",\"inLanguage\":\"es\",\"@id\":\"https:\\\/\\\/thehometownlawyers.com\\\/es\\\/hamilton\\\/abogado-de-accidente-de-camion\\\/old-dominion\\\/#primaryimage\",\"url\":\"https:\\\/\\\/thehometownlawyers.com\\\/wp-content\\\/uploads\\\/2019\\\/01\\\/FedEx-Truck-Accident.jpg\",\"contentUrl\":\"https:\\\/\\\/thehometownlawyers.com\\\/wp-content\\\/uploads\\\/2019\\\/01\\\/FedEx-Truck-Accident.jpg\",\"width\":640,\"height\":427,\"caption\":\"Accidente de tres semirremolques\"},{\"@type\":\"BreadcrumbList\",\"@id\":\"https:\\\/\\\/thehometownlawyers.com\\\/es\\\/hamilton\\\/abogado-de-accidente-de-camion\\\/old-dominion\\\/#breadcrumb\",\"itemListElement\":[{\"@type\":\"ListItem\",\"position\":1,\"name\":\"Home\",\"item\":\"https:\\\/\\\/thehometownlawyers.com\\\/es\\\/\"},{\"@type\":\"ListItem\",\"position\":2,\"name\":\"Abogados de Lesiones Personales en Hamilton\",\"item\":\"https:\\\/\\\/thehometownlawyers.com\\\/es\\\/\"},{\"@type\":\"ListItem\",\"position\":3,\"name\":\"Abogado de Accidente de Cami\u00f3n en Hamilton\",\"item\":\"https:\\\/\\\/thehometownlawyers.com\\\/es\\\/hamilton\\\/abogado-de-accidente-de-camion\\\/\"},{\"@type\":\"ListItem\",\"position\":4,\"name\":\"Accidente de Cami\u00f3n Old Dominion\"}]},{\"@type\":\"WebSite\",\"@id\":\"https:\\\/\\\/thehometownlawyers.com\\\/es\\\/#website\",\"url\":\"https:\\\/\\\/thehometownlawyers.com\\\/es\\\/\",\"name\":\"Kruger & Hodges Hometown Injury Lawyers | Accident Attorneys\",\"description\":\"Attorneys for Car, Truck and Motorcycle Accidents, Personal Injuries, and Criminal Defense.\",\"publisher\":{\"@id\":\"https:\\\/\\\/thehometownlawyers.com\\\/es\\\/#organization\"},\"alternateName\":\"Kruger & Hodges Personal Injury Lawyers\",\"inLanguage\":\"es\"},{\"@type\":\"Organization\",\"@id\":\"https:\\\/\\\/thehometownlawyers.com\\\/es\\\/#organization\",\"name\":\"Kruger & Hodges Hometown Injury Lawyers\",\"alternateName\":\"Kruger & Hodges Accident Attorneys\",\"url\":\"https:\\\/\\\/thehometownlawyers.com\\\/es\\\/\",\"logo\":{\"@type\":\"ImageObject\",\"inLanguage\":\"es\",\"@id\":\"https:\\\/\\\/thehometownlawyers.com\\\/es\\\/#\\\/schema\\\/logo\\\/image\\\/\",\"url\":\"https:\\\/\\\/thehometownlawyers.com\\\/wp-content\\\/uploads\\\/2025\\\/12\\\/revised-kh-logo-vertical-white-background-scaled.png\",\"contentUrl\":\"https:\\\/\\\/thehometownlawyers.com\\\/wp-content\\\/uploads\\\/2025\\\/12\\\/revised-kh-logo-vertical-white-background-scaled.png\",\"width\":2560,\"height\":1440,\"caption\":\"Kruger & Hodges Hometown Injury Lawyers\"},\"image\":{\"@id\":\"https:\\\/\\\/thehometownlawyers.com\\\/es\\\/#\\\/schema\\\/logo\\\/image\\\/\"},\"sameAs\":[\"https:\\\/\\\/www.facebook.com\\\/KrugerHodges\\\/\",\"https:\\\/\\\/www.instagram.com\\\/krugerhodges\\\/\",\"https:\\\/\\\/www.linkedin.com\\\/company\\\/kruger-hodges-hometown-injury-lawyers\\\/\",\"https:\\\/\\\/www.youtube.com\\\/channel\\\/UCeYcMaMaN2rb9jMlqt4EIdQ\",\"https:\\\/\\\/www.tiktok.com\\\/@thehometownlawyer\"]}]}<\/script>\n<!-- \/ Yoast SEO plugin. -->","yoast_head_json":{"title":"Abogado de Accidente de Cami\u00f3n Old Dominion en Hamilton | Consulta Gratuita","description":"Si result\u00f3 lesionado debido a un accidente de cami\u00f3n en Old Dominion, Kruger & Hodges le ofrecer\u00e1 una consulta gratuita con nuestros abogados en Hamilton, OH.","robots":{"index":"index","follow":"follow","max-snippet":"max-snippet:-1","max-image-preview":"max-image-preview:large","max-video-preview":"max-video-preview:-1"},"canonical":"https:\/\/thehometownlawyers.com\/es\/hamilton\/abogado-de-accidente-de-camion\/old-dominion\/","og_locale":"es_MX","og_type":"article","og_title":"Abogado de Accidente de Cami\u00f3n Old Dominion en Hamilton | Consulta Gratuita","og_description":"Si result\u00f3 lesionado debido a un accidente de cami\u00f3n en Old Dominion, Kruger & Hodges le ofrecer\u00e1 una consulta gratuita con nuestros abogados en Hamilton, OH.","og_url":"https:\/\/thehometownlawyers.com\/es\/hamilton\/abogado-de-accidente-de-camion\/old-dominion\/","og_site_name":"Kruger &amp; Hodges Abogados De Lesiones","article_publisher":"https:\/\/www.facebook.com\/KrugerHodges\/","article_modified_time":"2025-03-17T15:39:46+00:00","og_image":[{"width":640,"height":427,"url":"https:\/\/thehometownlawyers.com\/wp-content\/uploads\/2019\/01\/FedEx-Truck-Accident.jpg","type":"image\/jpeg"}],"twitter_card":"summary_large_image","twitter_misc":{"Tiempo de lectura":"4 minutos"},"schema":{"@context":"https:\/\/schema.org","@graph":[{"@type":"WebPage","@id":"https:\/\/thehometownlawyers.com\/es\/hamilton\/abogado-de-accidente-de-camion\/old-dominion\/","url":"https:\/\/thehometownlawyers.com\/es\/hamilton\/abogado-de-accidente-de-camion\/old-dominion\/","name":"Abogado de Accidente de Cami\u00f3n Old Dominion en Hamilton | Consulta Gratuita","isPartOf":{"@id":"https:\/\/thehometownlawyers.com\/es\/#website"},"primaryImageOfPage":{"@id":"https:\/\/thehometownlawyers.com\/es\/hamilton\/abogado-de-accidente-de-camion\/old-dominion\/#primaryimage"},"image":{"@id":"https:\/\/thehometownlawyers.com\/es\/hamilton\/abogado-de-accidente-de-camion\/old-dominion\/#primaryimage"},"thumbnailUrl":"https:\/\/thehometownlawyers.com\/wp-content\/uploads\/2019\/01\/FedEx-Truck-Accident.jpg","datePublished":"2020-01-13T18:57:01+00:00","dateModified":"2025-03-17T15:39:46+00:00","description":"Si result\u00f3 lesionado debido a un accidente de cami\u00f3n en Old Dominion, Kruger & Hodges le ofrecer\u00e1 una consulta gratuita con nuestros abogados en Hamilton, OH.","breadcrumb":{"@id":"https:\/\/thehometownlawyers.com\/es\/hamilton\/abogado-de-accidente-de-camion\/old-dominion\/#breadcrumb"},"inLanguage":"es","potentialAction":[{"@type":"ReadAction","target":["https:\/\/thehometownlawyers.com\/es\/hamilton\/abogado-de-accidente-de-camion\/old-dominion\/"]}]},{"@type":"ImageObject","inLanguage":"es","@id":"https:\/\/thehometownlawyers.com\/es\/hamilton\/abogado-de-accidente-de-camion\/old-dominion\/#primaryimage","url":"https:\/\/thehometownlawyers.com\/wp-content\/uploads\/2019\/01\/FedEx-Truck-Accident.jpg","contentUrl":"https:\/\/thehometownlawyers.com\/wp-content\/uploads\/2019\/01\/FedEx-Truck-Accident.jpg","width":640,"height":427,"caption":"Accidente de tres semirremolques"},{"@type":"BreadcrumbList","@id":"https:\/\/thehometownlawyers.com\/es\/hamilton\/abogado-de-accidente-de-camion\/old-dominion\/#breadcrumb","itemListElement":[{"@type":"ListItem","position":1,"name":"Home","item":"https:\/\/thehometownlawyers.com\/es\/"},{"@type":"ListItem","position":2,"name":"Abogados de Lesiones Personales en Hamilton","item":"https:\/\/thehometownlawyers.com\/es\/"},{"@type":"ListItem","position":3,"name":"Abogado de Accidente de Cami\u00f3n en Hamilton","item":"https:\/\/thehometownlawyers.com\/es\/hamilton\/abogado-de-accidente-de-camion\/"},{"@type":"ListItem","position":4,"name":"Accidente de Cami\u00f3n Old Dominion"}]},{"@type":"WebSite","@id":"https:\/\/thehometownlawyers.com\/es\/#website","url":"https:\/\/thehometownlawyers.com\/es\/","name":"Kruger & Hodges Hometown Injury Lawyers | Accident Attorneys","description":"Attorneys for Car, Truck and Motorcycle Accidents, Personal Injuries, and Criminal Defense.","publisher":{"@id":"https:\/\/thehometownlawyers.com\/es\/#organization"},"alternateName":"Kruger & Hodges Personal Injury Lawyers","inLanguage":"es"},{"@type":"Organization","@id":"https:\/\/thehometownlawyers.com\/es\/#organization","name":"Kruger & Hodges Hometown Injury Lawyers","alternateName":"Kruger & Hodges Accident Attorneys","url":"https:\/\/thehometownlawyers.com\/es\/","logo":{"@type":"ImageObject","inLanguage":"es","@id":"https:\/\/thehometownlawyers.com\/es\/#\/schema\/logo\/image\/","url":"https:\/\/thehometownlawyers.com\/wp-content\/uploads\/2025\/12\/revised-kh-logo-vertical-white-background-scaled.png","contentUrl":"https:\/\/thehometownlawyers.com\/wp-content\/uploads\/2025\/12\/revised-kh-logo-vertical-white-background-scaled.png","width":2560,"height":1440,"caption":"Kruger & Hodges Hometown Injury Lawyers"},"image":{"@id":"https:\/\/thehometownlawyers.com\/es\/#\/schema\/logo\/image\/"},"sameAs":["https:\/\/www.facebook.com\/KrugerHodges\/","https:\/\/www.instagram.com\/krugerhodges\/","https:\/\/www.linkedin.com\/company\/kruger-hodges-hometown-injury-lawyers\/","https:\/\/www.youtube.com\/channel\/UCeYcMaMaN2rb9jMlqt4EIdQ","https:\/\/www.tiktok.com\/@thehometownlawyer"]}]}},"_links":{"self":[{"href":"https:\/\/thehometownlawyers.com\/es\/wp-json\/wp\/v2\/pages\/21275","targetHints":{"allow":["GET"]}}],"collection":[{"href":"https:\/\/thehometownlawyers.com\/es\/wp-json\/wp\/v2\/pages"}],"about":[{"href":"https:\/\/thehometownlawyers.com\/es\/wp-json\/wp\/v2\/types\/page"}],"author":[{"embeddable":true,"href":"https:\/\/thehometownlawyers.com\/es\/wp-json\/wp\/v2\/users\/7"}],"replies":[{"embeddable":true,"href":"https:\/\/thehometownlawyers.com\/es\/wp-json\/wp\/v2\/comments?post=21275"}],"version-history":[{"count":0,"href":"https:\/\/thehometownlawyers.com\/es\/wp-json\/wp\/v2\/pages\/21275\/revisions"}],"up":[{"embeddable":true,"href":"https:\/\/thehometownlawyers.com\/es\/wp-json\/wp\/v2\/pages\/20967"}],"wp:featuredmedia":[{"embeddable":true,"href":"https:\/\/thehometownlawyers.com\/es\/wp-json\/wp\/v2\/media\/20728"}],"wp:attachment":[{"href":"https:\/\/thehometownlawyers.com\/es\/wp-json\/wp\/v2\/media?parent=21275"}],"wp:term":[{"taxonomy":"hc_faqs","embeddable":true,"href":"https:\/\/thehometownlawyers.com\/es\/wp-json\/wp\/v2\/hc_faqs?post=21275"},{"taxonomy":"hc_spanish_faqs","embeddable":true,"href":"https:\/\/thehometownlawyers.com\/es\/wp-json\/wp\/v2\/hc_spanish_faqs?post=21275"}],"curies":[{"name":"wp","href":"https:\/\/api.w.org\/{rel}","templated":true}]}}