{"id":21276,"date":"2020-01-13T14:52:46","date_gmt":"2020-01-13T19:52:46","guid":{"rendered":"https:\/\/thehometownlawyers.com\/?page_id=21276"},"modified":"2025-03-17T11:40:13","modified_gmt":"2025-03-17T15:40:13","slug":"accidentes-de-camiones-de-walmart","status":"publish","type":"page","link":"https:\/\/thehometownlawyers.com\/es\/hamilton\/abogado-de-accidente-de-camion\/walmart\/","title":{"rendered":"Abogado de Accidente de Cami\u00f3n Walmart en Hamilton"},"content":{"rendered":"<h2>Accidentes de camiones de Walmart<\/h2>\n<p>Cuando la gente piensa en las principales empresas de camiones, por lo general no piensa en el gigante de las grandes superficies, Walmart. Pero Walmart es de hecho una de las empresas de transporte m\u00e1s grandes de los Estados Unidos. De hecho, Walmart es uno de los lugares de trabajo mejor pagados y m\u00e1s deseables para muchos camioneros estadounidenses. Con salarios que superan el doble del competidor m\u00e1s cercano y beneficios que son envidiables en casi cualquier sector, Walmart ciertamente cuida bien a sus conductores. Incluso con una fuerza laboral experimentada, Walmart tiene sus problemas. Si bien tienden a tener conductores bastante seguros, la empresa tiene otros problemas que pueden contribuir a los problemas de seguridad en la carretera. Los <a href=\"https:\/\/thehometownlawyers.com\/es\/\">abogados que manejan los accidentes de Walmart<\/a> tienden a tener una buena idea de por qu\u00e9 ocurren estos accidentes y c\u00f3mo encontrar la evidencia necesaria para obtener compensaci\u00f3n para las v\u00edctimas.<\/p>\n<p class=\"rs-content-cta rs-content-cta-small\">Para una consulta legal gratuita, llame al <a href=\"tel:+15138943333\">513-894-3333 <\/a><\/p><h2>Comprender los accidentes de camiones de Walmart<\/h2>\n<p>Es un error pensar que los camioneros de Walmart son empleados de las tiendas. Operan como Walmart Transportation, que tiene su propia estructura, gesti\u00f3n y cultura. Los conductores de Walmart no son trabajadores de medio tiempo ni trabajadores de bajo nivel mal pagados. En cambio, son profesionales altamente remunerados que a menudo ganan tanto y, en algunos casos, m\u00e1s que los gerentes de operaciones en los grandes supercentros.<\/p>\n<p class=\"rs-content-cta\">Abogado de Accidente de Cami\u00f3n de hamilton Cerca de M\u00ed <a href=\"tel:+15138943333\">513-894-3333<\/a><\/p><h2>Preocupaciones de seguridad<\/h2>\n<p>Si bien los conductores de camiones de Walmart son conocidos por tener s\u00f3lidas calificaciones de seguridad y rara vez causan accidentes graves, cuando ocurren, pueden ser tr\u00e1gicos. Walmart opera centros de distribuci\u00f3n en todo el pa\u00eds, y muchos de estos centros utilizan una combinaci\u00f3n de conductores de Walmart y conductores contratados de otras empresas de camiones para entregar la carga. Por lo tanto, esto significa que si alguna vez se encuentra en las instalaciones de un centro de distribuci\u00f3n, es probable que vea ir y venir camiones y remolques de innumerables otras empresas. Los cargadores y descargadores son empleados de Walmart en el almac\u00e9n. Estos trabajadores a veces sobrecargan, cargan incorrectamente o no aseguran las cargas. Esto puede hacer que sea dif\u00edcil detenerse a tiempo o maniobrar para evitar una colisi\u00f3n.<\/p>\n<p class=\"rs-content-cta rs-content-cta-small\"><a href=\"\/es\/contacto\/\">Haga clic para contactar<\/a> con nuestros accidente de cami\u00f3n abogados hoy<\/p><h2>\u00bfFuiste lastimado por un conductor de Walmart?<\/h2>\n<p>Quiz\u00e1s una de las primeras preguntas que hacen las personas cuando chocan con un cami\u00f3n de Walmart es si realmente era un empleado de Walmart. Esto puede ser un poco dif\u00edcil de entender a menos que est\u00e9 capacitado para identificar las diferencias. Sin embargo, hace una diferencia. Si la persona que lo golpe\u00f3 es un propietario-operador subcontratado que transporta un remolque de mercanc\u00edas de Walmart, es posible que no tenga ninguna opci\u00f3n para buscar una compensaci\u00f3n de Walmart, sino que es posible que deba demandar o presentar un reclamo con esa compa\u00f1\u00eda diferente. Pueden o no tener suficiente seguro para cubrir todas sus p\u00e9rdidas.<\/p>\n<p>Aqu\u00ed hay algunas pistas para buscar:<\/p>\n<ul>\n<li>\u00bfLa unidad tractora es blanca y est\u00e1 bien marcada con la insignia de Walmart? El tractor controla qui\u00e9n conduce, no el remolque.<\/li>\n<li>\u00bfEl conductor est\u00e1 uniformado o no? Casi todos los conductores de Walmart llevar\u00e1n un uniforme adecuado de Walmart, mientras que un conductor privado contratado de otra empresa puede llevar cualquier cosa.<\/li>\n<li>\u00bfVe otros nombres comerciales o nombres de compa\u00f1\u00edas de camiones en el tractor o el remolque? Si es as\u00ed, es probable que se trate de una carga transportada por contrato por otra empresa.<\/li>\n<\/ul>\n<p>Si necesita ayuda para determinar sus derechos despu\u00e9s de un choque con un cami\u00f3n de Walmart, <a href=\"https:\/\/thehometownlawyers.com\/es\/contacto\/\">llame a Kruger &amp; Hodges<\/a> hoy. Nuestros dedicados <a href=\"https:\/\/thehometownlawyers.com\/es\/\">abogados de accidentes de camiones<\/a> lo ayudar\u00e1n a comprender mejor sus derechos y trabajar\u00e1n para cobrar la compensaci\u00f3n que merece.<\/p>\n<p class=\"rs-content-cta rs-content-cta-small\">Llame o env\u00ede un mensaje de texto al <a href=\"tel:+15138943333\">513-894-3333<\/a> o complete una <a href=\"\/es\/contacto\/\">evaluaci\u00f3n gratuita de su caso<\/a><\/p>","protected":false},"excerpt":{"rendered":"<p>Accidentes de camiones de Walmart Cuando la gente piensa en las principales empresas de camiones, por lo general no piensa en el gigante de las grandes superficies, Walmart. Pero Walmart es de hecho una de las empresas de transporte m\u00e1s grandes de los Estados Unidos. De hecho, Walmart es uno de los lugares de trabajo &#8230;<\/p>\n","protected":false},"author":7,"featured_media":20745,"parent":20967,"menu_order":0,"comment_status":"closed","ping_status":"closed","template":"","meta":{"_acf_changed":false,"inline_featured_image":false,"_genesis_hide_title":false,"_genesis_hide_breadcrumbs":false,"_genesis_hide_singular_image":false,"_genesis_hide_footer_widgets":false,"_genesis_custom_body_class":"","_genesis_custom_post_class":"","_genesis_layout":"","footnotes":""},"hc_faqs":[],"hc_spanish_faqs":[],"class_list":{"0":"post-21276","1":"page","2":"type-page","3":"status-publish","4":"has-post-thumbnail","6":"hc_city_location-hamilton-es-2","7":"entry"},"acf":[],"yoast_head":"<!-- This site is optimized with the Yoast SEO plugin v27.3 - https:\/\/yoast.com\/product\/yoast-seo-wordpress\/ -->\n<title>Abogado de Accidente de Cami\u00f3n Walmart en Hamilton | Consulta Gratuita<\/title>\n<meta name=\"description\" content=\"Accidentes de camiones de Walmart Cuando la gente piensa en las principales empresas de camiones, por lo general no piensa en el gigante de las grandes\" \/>\n<meta name=\"robots\" content=\"index, follow, max-snippet:-1, max-image-preview:large, max-video-preview:-1\" \/>\n<link rel=\"canonical\" href=\"https:\/\/thehometownlawyers.com\/es\/hamilton\/abogado-de-accidente-de-camion\/walmart\/\" \/>\n<meta property=\"og:locale\" content=\"es_MX\" \/>\n<meta property=\"og:type\" content=\"article\" \/>\n<meta property=\"og:title\" content=\"Abogado de Accidente de Cami\u00f3n Walmart en Hamilton | Consulta Gratuita\" \/>\n<meta property=\"og:description\" content=\"Accidentes de camiones de Walmart Cuando la gente piensa en las principales empresas de camiones, por lo general no piensa en el gigante de las grandes\" \/>\n<meta property=\"og:url\" content=\"https:\/\/thehometownlawyers.com\/es\/hamilton\/abogado-de-accidente-de-camion\/walmart\/\" \/>\n<meta property=\"og:site_name\" content=\"Kruger &amp; Hodges Abogados De Lesiones\" \/>\n<meta property=\"article:publisher\" content=\"https:\/\/www.facebook.com\/KrugerHodges\/\" \/>\n<meta property=\"article:modified_time\" content=\"2025-03-17T15:40:13+00:00\" \/>\n<meta property=\"og:image\" content=\"https:\/\/thehometownlawyers.com\/wp-content\/uploads\/2020\/02\/iStock-89919214small-1-scaled-1.jpg\" \/>\n\t<meta property=\"og:image:width\" content=\"2048\" \/>\n\t<meta property=\"og:image:height\" content=\"1362\" \/>\n\t<meta property=\"og:image:type\" content=\"image\/jpeg\" \/>\n<meta name=\"twitter:card\" content=\"summary_large_image\" \/>\n<meta name=\"twitter:label1\" content=\"Tiempo de lectura\" \/>\n\t<meta name=\"twitter:data1\" content=\"3 minutos\" \/>\n<script type=\"application\/ld+json\" class=\"yoast-schema-graph\">{\"@context\":\"https:\\\/\\\/schema.org\",\"@graph\":[{\"@type\":\"WebPage\",\"@id\":\"https:\\\/\\\/thehometownlawyers.com\\\/es\\\/hamilton\\\/abogado-de-accidente-de-camion\\\/walmart\\\/\",\"url\":\"https:\\\/\\\/thehometownlawyers.com\\\/es\\\/hamilton\\\/abogado-de-accidente-de-camion\\\/walmart\\\/\",\"name\":\"Abogado de Accidente de Cami\u00f3n Walmart en Hamilton | Consulta Gratuita\",\"isPartOf\":{\"@id\":\"https:\\\/\\\/thehometownlawyers.com\\\/es\\\/#website\"},\"primaryImageOfPage\":{\"@id\":\"https:\\\/\\\/thehometownlawyers.com\\\/es\\\/hamilton\\\/abogado-de-accidente-de-camion\\\/walmart\\\/#primaryimage\"},\"image\":{\"@id\":\"https:\\\/\\\/thehometownlawyers.com\\\/es\\\/hamilton\\\/abogado-de-accidente-de-camion\\\/walmart\\\/#primaryimage\"},\"thumbnailUrl\":\"https:\\\/\\\/thehometownlawyers.com\\\/wp-content\\\/uploads\\\/2020\\\/02\\\/iStock-89919214small-1-scaled-1.jpg\",\"datePublished\":\"2020-01-13T19:52:46+00:00\",\"dateModified\":\"2025-03-17T15:40:13+00:00\",\"description\":\"Accidentes de camiones de Walmart Cuando la gente piensa en las principales empresas de camiones, por lo general no piensa en el gigante de las grandes\",\"breadcrumb\":{\"@id\":\"https:\\\/\\\/thehometownlawyers.com\\\/es\\\/hamilton\\\/abogado-de-accidente-de-camion\\\/walmart\\\/#breadcrumb\"},\"inLanguage\":\"es\",\"potentialAction\":[{\"@type\":\"ReadAction\",\"target\":[\"https:\\\/\\\/thehometownlawyers.com\\\/es\\\/hamilton\\\/abogado-de-accidente-de-camion\\\/walmart\\\/\"]}]},{\"@type\":\"ImageObject\",\"inLanguage\":\"es\",\"@id\":\"https:\\\/\\\/thehometownlawyers.com\\\/es\\\/hamilton\\\/abogado-de-accidente-de-camion\\\/walmart\\\/#primaryimage\",\"url\":\"https:\\\/\\\/thehometownlawyers.com\\\/wp-content\\\/uploads\\\/2020\\\/02\\\/iStock-89919214small-1-scaled-1.jpg\",\"contentUrl\":\"https:\\\/\\\/thehometownlawyers.com\\\/wp-content\\\/uploads\\\/2020\\\/02\\\/iStock-89919214small-1-scaled-1.jpg\",\"width\":2048,\"height\":1362,\"caption\":\"Camioneta volcada tras accidente\"},{\"@type\":\"BreadcrumbList\",\"@id\":\"https:\\\/\\\/thehometownlawyers.com\\\/es\\\/hamilton\\\/abogado-de-accidente-de-camion\\\/walmart\\\/#breadcrumb\",\"itemListElement\":[{\"@type\":\"ListItem\",\"position\":1,\"name\":\"Home\",\"item\":\"https:\\\/\\\/thehometownlawyers.com\\\/es\\\/\"},{\"@type\":\"ListItem\",\"position\":2,\"name\":\"Abogados de Lesiones Personales en Hamilton\",\"item\":\"https:\\\/\\\/thehometownlawyers.com\\\/es\\\/\"},{\"@type\":\"ListItem\",\"position\":3,\"name\":\"Abogado de Accidente de Cami\u00f3n en Hamilton\",\"item\":\"https:\\\/\\\/thehometownlawyers.com\\\/es\\\/hamilton\\\/abogado-de-accidente-de-camion\\\/\"},{\"@type\":\"ListItem\",\"position\":4,\"name\":\"Accidente de Cami\u00f3n Walmart\"}]},{\"@type\":\"WebSite\",\"@id\":\"https:\\\/\\\/thehometownlawyers.com\\\/es\\\/#website\",\"url\":\"https:\\\/\\\/thehometownlawyers.com\\\/es\\\/\",\"name\":\"Kruger & Hodges Hometown Injury Lawyers | Accident Attorneys\",\"description\":\"Attorneys for Car, Truck and Motorcycle Accidents, Personal Injuries, and Criminal Defense.\",\"publisher\":{\"@id\":\"https:\\\/\\\/thehometownlawyers.com\\\/es\\\/#organization\"},\"alternateName\":\"Kruger & Hodges Personal Injury Lawyers\",\"inLanguage\":\"es\"},{\"@type\":\"Organization\",\"@id\":\"https:\\\/\\\/thehometownlawyers.com\\\/es\\\/#organization\",\"name\":\"Kruger & Hodges Hometown Injury Lawyers\",\"alternateName\":\"Kruger & Hodges\",\"url\":\"https:\\\/\\\/thehometownlawyers.com\\\/es\\\/\",\"logo\":{\"@type\":\"ImageObject\",\"inLanguage\":\"es\",\"@id\":\"https:\\\/\\\/thehometownlawyers.com\\\/es\\\/#\\\/schema\\\/logo\\\/image\\\/\",\"url\":\"https:\\\/\\\/thehometownlawyers.com\\\/wp-content\\\/uploads\\\/2025\\\/12\\\/revised-kh-logo-vertical-white-background-scaled.png\",\"contentUrl\":\"https:\\\/\\\/thehometownlawyers.com\\\/wp-content\\\/uploads\\\/2025\\\/12\\\/revised-kh-logo-vertical-white-background-scaled.png\",\"width\":2560,\"height\":1440,\"caption\":\"Kruger & Hodges Hometown Injury Lawyers\"},\"image\":{\"@id\":\"https:\\\/\\\/thehometownlawyers.com\\\/es\\\/#\\\/schema\\\/logo\\\/image\\\/\"},\"sameAs\":[\"https:\\\/\\\/www.facebook.com\\\/KrugerHodges\\\/\",\"https:\\\/\\\/www.instagram.com\\\/krugerhodges\\\/\",\"https:\\\/\\\/www.linkedin.com\\\/company\\\/kruger-hodges-hometown-injury-lawyers\\\/\",\"https:\\\/\\\/www.youtube.com\\\/channel\\\/UCeYcMaMaN2rb9jMlqt4EIdQ\",\"https:\\\/\\\/www.tiktok.com\\\/@thehometownlawyer\"]}]}<\/script>\n<!-- \/ Yoast SEO plugin. -->","yoast_head_json":{"title":"Abogado de Accidente de Cami\u00f3n Walmart en Hamilton | Consulta Gratuita","description":"Accidentes de camiones de Walmart Cuando la gente piensa en las principales empresas de camiones, por lo general no piensa en el gigante de las grandes","robots":{"index":"index","follow":"follow","max-snippet":"max-snippet:-1","max-image-preview":"max-image-preview:large","max-video-preview":"max-video-preview:-1"},"canonical":"https:\/\/thehometownlawyers.com\/es\/hamilton\/abogado-de-accidente-de-camion\/walmart\/","og_locale":"es_MX","og_type":"article","og_title":"Abogado de Accidente de Cami\u00f3n Walmart en Hamilton | Consulta Gratuita","og_description":"Accidentes de camiones de Walmart Cuando la gente piensa en las principales empresas de camiones, por lo general no piensa en el gigante de las grandes","og_url":"https:\/\/thehometownlawyers.com\/es\/hamilton\/abogado-de-accidente-de-camion\/walmart\/","og_site_name":"Kruger &amp; Hodges Abogados De Lesiones","article_publisher":"https:\/\/www.facebook.com\/KrugerHodges\/","article_modified_time":"2025-03-17T15:40:13+00:00","og_image":[{"width":2048,"height":1362,"url":"https:\/\/thehometownlawyers.com\/wp-content\/uploads\/2020\/02\/iStock-89919214small-1-scaled-1.jpg","type":"image\/jpeg"}],"twitter_card":"summary_large_image","twitter_misc":{"Tiempo de lectura":"3 minutos"},"schema":{"@context":"https:\/\/schema.org","@graph":[{"@type":"WebPage","@id":"https:\/\/thehometownlawyers.com\/es\/hamilton\/abogado-de-accidente-de-camion\/walmart\/","url":"https:\/\/thehometownlawyers.com\/es\/hamilton\/abogado-de-accidente-de-camion\/walmart\/","name":"Abogado de Accidente de Cami\u00f3n Walmart en Hamilton | Consulta Gratuita","isPartOf":{"@id":"https:\/\/thehometownlawyers.com\/es\/#website"},"primaryImageOfPage":{"@id":"https:\/\/thehometownlawyers.com\/es\/hamilton\/abogado-de-accidente-de-camion\/walmart\/#primaryimage"},"image":{"@id":"https:\/\/thehometownlawyers.com\/es\/hamilton\/abogado-de-accidente-de-camion\/walmart\/#primaryimage"},"thumbnailUrl":"https:\/\/thehometownlawyers.com\/wp-content\/uploads\/2020\/02\/iStock-89919214small-1-scaled-1.jpg","datePublished":"2020-01-13T19:52:46+00:00","dateModified":"2025-03-17T15:40:13+00:00","description":"Accidentes de camiones de Walmart Cuando la gente piensa en las principales empresas de camiones, por lo general no piensa en el gigante de las grandes","breadcrumb":{"@id":"https:\/\/thehometownlawyers.com\/es\/hamilton\/abogado-de-accidente-de-camion\/walmart\/#breadcrumb"},"inLanguage":"es","potentialAction":[{"@type":"ReadAction","target":["https:\/\/thehometownlawyers.com\/es\/hamilton\/abogado-de-accidente-de-camion\/walmart\/"]}]},{"@type":"ImageObject","inLanguage":"es","@id":"https:\/\/thehometownlawyers.com\/es\/hamilton\/abogado-de-accidente-de-camion\/walmart\/#primaryimage","url":"https:\/\/thehometownlawyers.com\/wp-content\/uploads\/2020\/02\/iStock-89919214small-1-scaled-1.jpg","contentUrl":"https:\/\/thehometownlawyers.com\/wp-content\/uploads\/2020\/02\/iStock-89919214small-1-scaled-1.jpg","width":2048,"height":1362,"caption":"Camioneta volcada tras accidente"},{"@type":"BreadcrumbList","@id":"https:\/\/thehometownlawyers.com\/es\/hamilton\/abogado-de-accidente-de-camion\/walmart\/#breadcrumb","itemListElement":[{"@type":"ListItem","position":1,"name":"Home","item":"https:\/\/thehometownlawyers.com\/es\/"},{"@type":"ListItem","position":2,"name":"Abogados de Lesiones Personales en Hamilton","item":"https:\/\/thehometownlawyers.com\/es\/"},{"@type":"ListItem","position":3,"name":"Abogado de Accidente de Cami\u00f3n en Hamilton","item":"https:\/\/thehometownlawyers.com\/es\/hamilton\/abogado-de-accidente-de-camion\/"},{"@type":"ListItem","position":4,"name":"Accidente de Cami\u00f3n Walmart"}]},{"@type":"WebSite","@id":"https:\/\/thehometownlawyers.com\/es\/#website","url":"https:\/\/thehometownlawyers.com\/es\/","name":"Kruger & Hodges Hometown Injury Lawyers | Accident Attorneys","description":"Attorneys for Car, Truck and Motorcycle Accidents, Personal Injuries, and Criminal Defense.","publisher":{"@id":"https:\/\/thehometownlawyers.com\/es\/#organization"},"alternateName":"Kruger & Hodges Personal Injury Lawyers","inLanguage":"es"},{"@type":"Organization","@id":"https:\/\/thehometownlawyers.com\/es\/#organization","name":"Kruger & Hodges Hometown Injury Lawyers","alternateName":"Kruger & Hodges","url":"https:\/\/thehometownlawyers.com\/es\/","logo":{"@type":"ImageObject","inLanguage":"es","@id":"https:\/\/thehometownlawyers.com\/es\/#\/schema\/logo\/image\/","url":"https:\/\/thehometownlawyers.com\/wp-content\/uploads\/2025\/12\/revised-kh-logo-vertical-white-background-scaled.png","contentUrl":"https:\/\/thehometownlawyers.com\/wp-content\/uploads\/2025\/12\/revised-kh-logo-vertical-white-background-scaled.png","width":2560,"height":1440,"caption":"Kruger & Hodges Hometown Injury Lawyers"},"image":{"@id":"https:\/\/thehometownlawyers.com\/es\/#\/schema\/logo\/image\/"},"sameAs":["https:\/\/www.facebook.com\/KrugerHodges\/","https:\/\/www.instagram.com\/krugerhodges\/","https:\/\/www.linkedin.com\/company\/kruger-hodges-hometown-injury-lawyers\/","https:\/\/www.youtube.com\/channel\/UCeYcMaMaN2rb9jMlqt4EIdQ","https:\/\/www.tiktok.com\/@thehometownlawyer"]}]}},"_links":{"self":[{"href":"https:\/\/thehometownlawyers.com\/es\/wp-json\/wp\/v2\/pages\/21276","targetHints":{"allow":["GET"]}}],"collection":[{"href":"https:\/\/thehometownlawyers.com\/es\/wp-json\/wp\/v2\/pages"}],"about":[{"href":"https:\/\/thehometownlawyers.com\/es\/wp-json\/wp\/v2\/types\/page"}],"author":[{"embeddable":true,"href":"https:\/\/thehometownlawyers.com\/es\/wp-json\/wp\/v2\/users\/7"}],"replies":[{"embeddable":true,"href":"https:\/\/thehometownlawyers.com\/es\/wp-json\/wp\/v2\/comments?post=21276"}],"version-history":[{"count":0,"href":"https:\/\/thehometownlawyers.com\/es\/wp-json\/wp\/v2\/pages\/21276\/revisions"}],"up":[{"embeddable":true,"href":"https:\/\/thehometownlawyers.com\/es\/wp-json\/wp\/v2\/pages\/20967"}],"wp:featuredmedia":[{"embeddable":true,"href":"https:\/\/thehometownlawyers.com\/es\/wp-json\/wp\/v2\/media\/20745"}],"wp:attachment":[{"href":"https:\/\/thehometownlawyers.com\/es\/wp-json\/wp\/v2\/media?parent=21276"}],"wp:term":[{"taxonomy":"hc_faqs","embeddable":true,"href":"https:\/\/thehometownlawyers.com\/es\/wp-json\/wp\/v2\/hc_faqs?post=21276"},{"taxonomy":"hc_spanish_faqs","embeddable":true,"href":"https:\/\/thehometownlawyers.com\/es\/wp-json\/wp\/v2\/hc_spanish_faqs?post=21276"}],"curies":[{"name":"wp","href":"https:\/\/api.w.org\/{rel}","templated":true}]}}