{"id":21277,"date":"2020-01-13T13:48:55","date_gmt":"2020-01-13T18:48:55","guid":{"rendered":"https:\/\/thehometownlawyers.com\/?page_id=21277"},"modified":"2025-03-17T11:39:34","modified_gmt":"2025-03-17T15:39:34","slug":"accidentes-de-camiones-kroger","status":"publish","type":"page","link":"https:\/\/thehometownlawyers.com\/es\/hamilton\/abogado-de-accidente-de-camion\/kroger\/","title":{"rendered":"Abogado de Accidente de Cami\u00f3n Kroger en Hamilton"},"content":{"rendered":"<h2>Accidentes de camiones Kroger<\/h2>\n<p>Seg\u00fan <a href=\"https:\/\/www.truckinginfo.com\/\" target=\"_blank\" rel=\"noopener noreferrer\">truckinginfo.com<\/a> , la principal cadena de supermercados, Kroger, opera m\u00e1s de 1200 unidades de semirremolques (es decir, tractores) y hasta 1800 remolques. Kroger opera en 35 estados y atiende hasta 12 000 tiendas de comestibles y minoristas en todo el pa\u00eds. Si bien Kroger generalmente tiene un buen historial de seguridad con el <a href=\"https:\/\/safer.fmcsa.dot.gov\/query.asp?searchtype=ANY&amp;query_type=queryCarrierSnapshot&amp;query_param=USDOT&amp;query_string=81583\" target=\"_blank\" rel=\"noopener noreferrer\">Departamento de Transporte<\/a> , esta corporaci\u00f3n con sede en Cincinnati ha tenido varios accidentes de camiones importantes a lo largo de los a\u00f1os. Kroger opera bajo varios t\u00edtulos y nombres falsos, incluidos los siguientes:<\/p>\n<ul>\n<li>Kroger<\/li>\n<li>ralphs<\/li>\n<li>Alimentos y medicamentos de Smith<\/li>\n<li>balanc\u00edn harris<\/li>\n<\/ul>\n<p>Los <a href=\"https:\/\/thehometownlawyers.com\/es\/\">abogados con experiencia en camiones<\/a> saben c\u00f3mo tratar con las grandes empresas de camiones de entrega de alimentos cuando sus conductores son negligentes y causan da\u00f1o a otros. Aqu\u00ed hay algunas cosas clave que debe considerar si alguna vez resulta herido en un accidente de cami\u00f3n Kroger.<\/p>\n<ul>\n<li><strong>Llame al 9-1-1 de inmediato. <\/strong>Puede ser tentador suponer que est\u00e1 bien o &#8220;resistirse&#8221; y volver a la carretera. La mayor\u00eda de los conductores de camiones saldr\u00e1n ilesos del lugar del accidente. No conf\u00ede en que el conductor le dar\u00e1 informaci\u00f3n precisa. Ahora es el momento de llamar a la polic\u00eda y hacer que las autoridades lleguen a la escena de inmediato.<\/li>\n<li><strong>Obtenga atenci\u00f3n m\u00e9dica de inmediato. <\/strong>Una vez que haya intercambiado informaci\u00f3n y obtenido el papeleo de la polic\u00eda en la escena, debe hacer un seguimiento inmediato con un hospital local. Al ir a la sala de emergencias, obtendr\u00e1 una evaluaci\u00f3n b\u00e1sica, que incluye radiograf\u00edas y otras pruebas para asegurarse de que no tenga fracturas, lesiones de disco o traumatismo craneal.<\/li>\n<li><strong>Atenci\u00f3n de seguimiento. <\/strong>A las compa\u00f1\u00edas de seguros y las compa\u00f1\u00edas de camiones les encanta negar reclamos porque las personas lesionadas no tomaron medidas razonables para realizar un seguimiento con atenci\u00f3n. Aseg\u00farese de ir a su m\u00e9dico de familia o alg\u00fan otro especialista para hacer un seguimiento despu\u00e9s de la sala de emergencias.<\/li>\n<li><strong>No hable con los representantes de seguros.<\/strong> Los representantes de seguros est\u00e1n capacitados para que admita cosas o firme cosas que no son lo mejor para usted. La mejor manera de tratar con estas personas es ignorarlas u obtener educadamente su informaci\u00f3n, y luego pedirle a su abogado que vuelva a llamar m\u00e1s tarde.<\/li>\n<\/ul>\n<p class=\"rs-content-cta rs-content-cta-small\">Para una consulta legal gratuita, llame al <a href=\"tel:+15138943333\">513-894-3333 <\/a><\/p><h2>Por qu\u00e9 suceden los accidentes de camiones<\/h2>\n<p>Hay muchas razones para <a href=\"https:\/\/thehometownlawyers.com\/es\/\">los accidentes de camiones<\/a> . A veces, las personas se sorprenden al descubrir que un conductor de cami\u00f3n no ten\u00eda licencia o no estaba capacitado para operar el tipo de veh\u00edculo que conduc\u00eda. Del mismo modo, puede ser incre\u00edblemente incre\u00edble escuchar que un camionero se qued\u00f3 dormido al volante o estaba bajo la influencia de drogas o alcohol. Afortunadamente, las grandes empresas de camiones suelen ser responsables de las lesiones que causan sus empleados. No espere que un ajustador de seguros comparta esta informaci\u00f3n con usted. Su trabajo es <em>no pagarte.<\/em><\/p>\n<p class=\"rs-content-cta\">Abogado de Accidente de Cami\u00f3n de hamilton Cerca de M\u00ed <a href=\"tel:+15138943333\">513-894-3333<\/a><\/p><h2>P\u00e9rdidas que puede reclamar<\/h2>\n<p>Si resulta lesionado por un cami\u00f3n Kroger, es posible que tenga derecho a cobrar dinero por sus lesiones y p\u00e9rdidas. Estos pueden incluir:<\/p>\n<ul>\n<li>Dolor y sufrimiento<\/li>\n<li>Facturas m\u00e9dicas<\/li>\n<li>Estr\u00e9s emocional<\/li>\n<li>P\u00e9rdida del disfrute de la vida.<\/li>\n<li>P\u00e9rdida de ingresos y salarios<\/li>\n<li>Da\u00f1os por muerte por negligencia<\/li>\n<li>Reembolso por alojamiento o dispositivos adaptables<\/li>\n<\/ul>\n<p>La \u00fanica forma de recolectar estos fondos es presentar un reclamo cuidadosamente y buscar una compensaci\u00f3n. Si la compa\u00f1\u00eda de seguros no paga por acuerdo, es posible que deba presentar una demanda y litigar. Si es as\u00ed, un abogado de accidentes de camiones de <a href=\"https:\/\/thehometownlawyers.com\/es\/contacto\/\">Kruger &amp; Hodges<\/a> est\u00e1 listo para hablar con usted hoy.<\/p>\n<p class=\"rs-content-cta rs-content-cta-small\">Llame o env\u00ede un mensaje de texto al <a href=\"tel:+15138943333\">513-894-3333<\/a> o complete una <a href=\"\/es\/contacto\/\">evaluaci\u00f3n gratuita de su caso<\/a><\/p>","protected":false},"excerpt":{"rendered":"<p>Accidentes de camiones Kroger Seg\u00fan truckinginfo.com , la principal cadena de supermercados, Kroger, opera m\u00e1s de 1200 unidades de semirremolques (es decir, tractores) y hasta 1800 remolques. Kroger opera en 35 estados y atiende hasta 12 000 tiendas de comestibles y minoristas en todo el pa\u00eds. Si bien Kroger generalmente tiene un buen historial de &#8230;<\/p>\n","protected":false},"author":7,"featured_media":20728,"parent":20967,"menu_order":0,"comment_status":"closed","ping_status":"closed","template":"","meta":{"_acf_changed":false,"inline_featured_image":false,"_genesis_hide_title":false,"_genesis_hide_breadcrumbs":false,"_genesis_hide_singular_image":false,"_genesis_hide_footer_widgets":false,"_genesis_custom_body_class":"","_genesis_custom_post_class":"","_genesis_layout":"","footnotes":""},"hc_faqs":[],"hc_spanish_faqs":[],"class_list":{"0":"post-21277","1":"page","2":"type-page","3":"status-publish","4":"has-post-thumbnail","6":"hc_city_location-hamilton-es-2","7":"entry"},"acf":[],"yoast_head":"<!-- This site is optimized with the Yoast SEO plugin v27.3 - https:\/\/yoast.com\/product\/yoast-seo-wordpress\/ -->\n<title>Abogado de Accidente de Cami\u00f3n Kroger en Hamilton | Consulta Gratuita<\/title>\n<meta name=\"description\" content=\"Las personas lesionadas en accidentes de camiones Kroger pueden tener derecho a una indemnizaci\u00f3n por sus lesiones. Comun\u00edquese con Kruger &amp; Hodges para una consulta gratuita.\" \/>\n<meta name=\"robots\" content=\"index, follow, max-snippet:-1, max-image-preview:large, max-video-preview:-1\" \/>\n<link rel=\"canonical\" href=\"https:\/\/thehometownlawyers.com\/es\/hamilton\/abogado-de-accidente-de-camion\/kroger\/\" \/>\n<meta property=\"og:locale\" content=\"es_MX\" \/>\n<meta property=\"og:type\" content=\"article\" \/>\n<meta property=\"og:title\" content=\"Abogado de Accidente de Cami\u00f3n Kroger en Hamilton | Consulta Gratuita\" \/>\n<meta property=\"og:description\" content=\"Las personas lesionadas en accidentes de camiones Kroger pueden tener derecho a una indemnizaci\u00f3n por sus lesiones. Comun\u00edquese con Kruger &amp; Hodges para una consulta gratuita.\" \/>\n<meta property=\"og:url\" content=\"https:\/\/thehometownlawyers.com\/es\/hamilton\/abogado-de-accidente-de-camion\/kroger\/\" \/>\n<meta property=\"og:site_name\" content=\"Kruger &amp; Hodges Abogados De Lesiones\" \/>\n<meta property=\"article:publisher\" content=\"https:\/\/www.facebook.com\/KrugerHodges\/\" \/>\n<meta property=\"article:modified_time\" content=\"2025-03-17T15:39:34+00:00\" \/>\n<meta property=\"og:image\" content=\"https:\/\/thehometownlawyers.com\/wp-content\/uploads\/2019\/01\/FedEx-Truck-Accident.jpg\" \/>\n\t<meta property=\"og:image:width\" content=\"640\" \/>\n\t<meta property=\"og:image:height\" content=\"427\" \/>\n\t<meta property=\"og:image:type\" content=\"image\/jpeg\" \/>\n<meta name=\"twitter:card\" content=\"summary_large_image\" \/>\n<meta name=\"twitter:label1\" content=\"Tiempo de lectura\" \/>\n\t<meta name=\"twitter:data1\" content=\"3 minutos\" \/>\n<script type=\"application\/ld+json\" class=\"yoast-schema-graph\">{\"@context\":\"https:\\\/\\\/schema.org\",\"@graph\":[{\"@type\":\"WebPage\",\"@id\":\"https:\\\/\\\/thehometownlawyers.com\\\/es\\\/hamilton\\\/abogado-de-accidente-de-camion\\\/kroger\\\/\",\"url\":\"https:\\\/\\\/thehometownlawyers.com\\\/es\\\/hamilton\\\/abogado-de-accidente-de-camion\\\/kroger\\\/\",\"name\":\"Abogado de Accidente de Cami\u00f3n Kroger en Hamilton | Consulta Gratuita\",\"isPartOf\":{\"@id\":\"https:\\\/\\\/thehometownlawyers.com\\\/es\\\/#website\"},\"primaryImageOfPage\":{\"@id\":\"https:\\\/\\\/thehometownlawyers.com\\\/es\\\/hamilton\\\/abogado-de-accidente-de-camion\\\/kroger\\\/#primaryimage\"},\"image\":{\"@id\":\"https:\\\/\\\/thehometownlawyers.com\\\/es\\\/hamilton\\\/abogado-de-accidente-de-camion\\\/kroger\\\/#primaryimage\"},\"thumbnailUrl\":\"https:\\\/\\\/thehometownlawyers.com\\\/wp-content\\\/uploads\\\/2019\\\/01\\\/FedEx-Truck-Accident.jpg\",\"datePublished\":\"2020-01-13T18:48:55+00:00\",\"dateModified\":\"2025-03-17T15:39:34+00:00\",\"description\":\"Las personas lesionadas en accidentes de camiones Kroger pueden tener derecho a una indemnizaci\u00f3n por sus lesiones. Comun\u00edquese con Kruger & Hodges para una consulta gratuita.\",\"breadcrumb\":{\"@id\":\"https:\\\/\\\/thehometownlawyers.com\\\/es\\\/hamilton\\\/abogado-de-accidente-de-camion\\\/kroger\\\/#breadcrumb\"},\"inLanguage\":\"es\",\"potentialAction\":[{\"@type\":\"ReadAction\",\"target\":[\"https:\\\/\\\/thehometownlawyers.com\\\/es\\\/hamilton\\\/abogado-de-accidente-de-camion\\\/kroger\\\/\"]}]},{\"@type\":\"ImageObject\",\"inLanguage\":\"es\",\"@id\":\"https:\\\/\\\/thehometownlawyers.com\\\/es\\\/hamilton\\\/abogado-de-accidente-de-camion\\\/kroger\\\/#primaryimage\",\"url\":\"https:\\\/\\\/thehometownlawyers.com\\\/wp-content\\\/uploads\\\/2019\\\/01\\\/FedEx-Truck-Accident.jpg\",\"contentUrl\":\"https:\\\/\\\/thehometownlawyers.com\\\/wp-content\\\/uploads\\\/2019\\\/01\\\/FedEx-Truck-Accident.jpg\",\"width\":640,\"height\":427,\"caption\":\"Accidente de tres semirremolques\"},{\"@type\":\"BreadcrumbList\",\"@id\":\"https:\\\/\\\/thehometownlawyers.com\\\/es\\\/hamilton\\\/abogado-de-accidente-de-camion\\\/kroger\\\/#breadcrumb\",\"itemListElement\":[{\"@type\":\"ListItem\",\"position\":1,\"name\":\"Home\",\"item\":\"https:\\\/\\\/thehometownlawyers.com\\\/es\\\/\"},{\"@type\":\"ListItem\",\"position\":2,\"name\":\"Abogados de Lesiones Personales en Hamilton\",\"item\":\"https:\\\/\\\/thehometownlawyers.com\\\/es\\\/\"},{\"@type\":\"ListItem\",\"position\":3,\"name\":\"Abogado de Accidente de Cami\u00f3n en Hamilton\",\"item\":\"https:\\\/\\\/thehometownlawyers.com\\\/es\\\/hamilton\\\/abogado-de-accidente-de-camion\\\/\"},{\"@type\":\"ListItem\",\"position\":4,\"name\":\"Accidente de Cami\u00f3n Kroger\"}]},{\"@type\":\"WebSite\",\"@id\":\"https:\\\/\\\/thehometownlawyers.com\\\/es\\\/#website\",\"url\":\"https:\\\/\\\/thehometownlawyers.com\\\/es\\\/\",\"name\":\"Kruger & Hodges Hometown Injury Lawyers | Accident Attorneys\",\"description\":\"Attorneys for Car, Truck and Motorcycle Accidents, Personal Injuries, and Criminal Defense.\",\"publisher\":{\"@id\":\"https:\\\/\\\/thehometownlawyers.com\\\/es\\\/#organization\"},\"alternateName\":\"Kruger & Hodges Personal Injury Lawyers\",\"inLanguage\":\"es\"},{\"@type\":\"Organization\",\"@id\":\"https:\\\/\\\/thehometownlawyers.com\\\/es\\\/#organization\",\"name\":\"Kruger & Hodges Hometown Injury Lawyers\",\"alternateName\":\"Kruger & Hodges\",\"url\":\"https:\\\/\\\/thehometownlawyers.com\\\/es\\\/\",\"logo\":{\"@type\":\"ImageObject\",\"inLanguage\":\"es\",\"@id\":\"https:\\\/\\\/thehometownlawyers.com\\\/es\\\/#\\\/schema\\\/logo\\\/image\\\/\",\"url\":\"https:\\\/\\\/thehometownlawyers.com\\\/wp-content\\\/uploads\\\/2025\\\/12\\\/revised-kh-logo-vertical-white-background-scaled.png\",\"contentUrl\":\"https:\\\/\\\/thehometownlawyers.com\\\/wp-content\\\/uploads\\\/2025\\\/12\\\/revised-kh-logo-vertical-white-background-scaled.png\",\"width\":2560,\"height\":1440,\"caption\":\"Kruger & Hodges Hometown Injury Lawyers\"},\"image\":{\"@id\":\"https:\\\/\\\/thehometownlawyers.com\\\/es\\\/#\\\/schema\\\/logo\\\/image\\\/\"},\"sameAs\":[\"https:\\\/\\\/www.facebook.com\\\/KrugerHodges\\\/\",\"https:\\\/\\\/www.instagram.com\\\/krugerhodges\\\/\",\"https:\\\/\\\/www.linkedin.com\\\/company\\\/kruger-hodges-hometown-injury-lawyers\\\/\",\"https:\\\/\\\/www.youtube.com\\\/channel\\\/UCeYcMaMaN2rb9jMlqt4EIdQ\",\"https:\\\/\\\/www.tiktok.com\\\/@thehometownlawyer\"]}]}<\/script>\n<!-- \/ Yoast SEO plugin. -->","yoast_head_json":{"title":"Abogado de Accidente de Cami\u00f3n Kroger en Hamilton | Consulta Gratuita","description":"Las personas lesionadas en accidentes de camiones Kroger pueden tener derecho a una indemnizaci\u00f3n por sus lesiones. Comun\u00edquese con Kruger & Hodges para una consulta gratuita.","robots":{"index":"index","follow":"follow","max-snippet":"max-snippet:-1","max-image-preview":"max-image-preview:large","max-video-preview":"max-video-preview:-1"},"canonical":"https:\/\/thehometownlawyers.com\/es\/hamilton\/abogado-de-accidente-de-camion\/kroger\/","og_locale":"es_MX","og_type":"article","og_title":"Abogado de Accidente de Cami\u00f3n Kroger en Hamilton | Consulta Gratuita","og_description":"Las personas lesionadas en accidentes de camiones Kroger pueden tener derecho a una indemnizaci\u00f3n por sus lesiones. Comun\u00edquese con Kruger & Hodges para una consulta gratuita.","og_url":"https:\/\/thehometownlawyers.com\/es\/hamilton\/abogado-de-accidente-de-camion\/kroger\/","og_site_name":"Kruger &amp; Hodges Abogados De Lesiones","article_publisher":"https:\/\/www.facebook.com\/KrugerHodges\/","article_modified_time":"2025-03-17T15:39:34+00:00","og_image":[{"width":640,"height":427,"url":"https:\/\/thehometownlawyers.com\/wp-content\/uploads\/2019\/01\/FedEx-Truck-Accident.jpg","type":"image\/jpeg"}],"twitter_card":"summary_large_image","twitter_misc":{"Tiempo de lectura":"3 minutos"},"schema":{"@context":"https:\/\/schema.org","@graph":[{"@type":"WebPage","@id":"https:\/\/thehometownlawyers.com\/es\/hamilton\/abogado-de-accidente-de-camion\/kroger\/","url":"https:\/\/thehometownlawyers.com\/es\/hamilton\/abogado-de-accidente-de-camion\/kroger\/","name":"Abogado de Accidente de Cami\u00f3n Kroger en Hamilton | Consulta Gratuita","isPartOf":{"@id":"https:\/\/thehometownlawyers.com\/es\/#website"},"primaryImageOfPage":{"@id":"https:\/\/thehometownlawyers.com\/es\/hamilton\/abogado-de-accidente-de-camion\/kroger\/#primaryimage"},"image":{"@id":"https:\/\/thehometownlawyers.com\/es\/hamilton\/abogado-de-accidente-de-camion\/kroger\/#primaryimage"},"thumbnailUrl":"https:\/\/thehometownlawyers.com\/wp-content\/uploads\/2019\/01\/FedEx-Truck-Accident.jpg","datePublished":"2020-01-13T18:48:55+00:00","dateModified":"2025-03-17T15:39:34+00:00","description":"Las personas lesionadas en accidentes de camiones Kroger pueden tener derecho a una indemnizaci\u00f3n por sus lesiones. Comun\u00edquese con Kruger & Hodges para una consulta gratuita.","breadcrumb":{"@id":"https:\/\/thehometownlawyers.com\/es\/hamilton\/abogado-de-accidente-de-camion\/kroger\/#breadcrumb"},"inLanguage":"es","potentialAction":[{"@type":"ReadAction","target":["https:\/\/thehometownlawyers.com\/es\/hamilton\/abogado-de-accidente-de-camion\/kroger\/"]}]},{"@type":"ImageObject","inLanguage":"es","@id":"https:\/\/thehometownlawyers.com\/es\/hamilton\/abogado-de-accidente-de-camion\/kroger\/#primaryimage","url":"https:\/\/thehometownlawyers.com\/wp-content\/uploads\/2019\/01\/FedEx-Truck-Accident.jpg","contentUrl":"https:\/\/thehometownlawyers.com\/wp-content\/uploads\/2019\/01\/FedEx-Truck-Accident.jpg","width":640,"height":427,"caption":"Accidente de tres semirremolques"},{"@type":"BreadcrumbList","@id":"https:\/\/thehometownlawyers.com\/es\/hamilton\/abogado-de-accidente-de-camion\/kroger\/#breadcrumb","itemListElement":[{"@type":"ListItem","position":1,"name":"Home","item":"https:\/\/thehometownlawyers.com\/es\/"},{"@type":"ListItem","position":2,"name":"Abogados de Lesiones Personales en Hamilton","item":"https:\/\/thehometownlawyers.com\/es\/"},{"@type":"ListItem","position":3,"name":"Abogado de Accidente de Cami\u00f3n en Hamilton","item":"https:\/\/thehometownlawyers.com\/es\/hamilton\/abogado-de-accidente-de-camion\/"},{"@type":"ListItem","position":4,"name":"Accidente de Cami\u00f3n Kroger"}]},{"@type":"WebSite","@id":"https:\/\/thehometownlawyers.com\/es\/#website","url":"https:\/\/thehometownlawyers.com\/es\/","name":"Kruger & Hodges Hometown Injury Lawyers | Accident Attorneys","description":"Attorneys for Car, Truck and Motorcycle Accidents, Personal Injuries, and Criminal Defense.","publisher":{"@id":"https:\/\/thehometownlawyers.com\/es\/#organization"},"alternateName":"Kruger & Hodges Personal Injury Lawyers","inLanguage":"es"},{"@type":"Organization","@id":"https:\/\/thehometownlawyers.com\/es\/#organization","name":"Kruger & Hodges Hometown Injury Lawyers","alternateName":"Kruger & Hodges","url":"https:\/\/thehometownlawyers.com\/es\/","logo":{"@type":"ImageObject","inLanguage":"es","@id":"https:\/\/thehometownlawyers.com\/es\/#\/schema\/logo\/image\/","url":"https:\/\/thehometownlawyers.com\/wp-content\/uploads\/2025\/12\/revised-kh-logo-vertical-white-background-scaled.png","contentUrl":"https:\/\/thehometownlawyers.com\/wp-content\/uploads\/2025\/12\/revised-kh-logo-vertical-white-background-scaled.png","width":2560,"height":1440,"caption":"Kruger & Hodges Hometown Injury Lawyers"},"image":{"@id":"https:\/\/thehometownlawyers.com\/es\/#\/schema\/logo\/image\/"},"sameAs":["https:\/\/www.facebook.com\/KrugerHodges\/","https:\/\/www.instagram.com\/krugerhodges\/","https:\/\/www.linkedin.com\/company\/kruger-hodges-hometown-injury-lawyers\/","https:\/\/www.youtube.com\/channel\/UCeYcMaMaN2rb9jMlqt4EIdQ","https:\/\/www.tiktok.com\/@thehometownlawyer"]}]}},"_links":{"self":[{"href":"https:\/\/thehometownlawyers.com\/es\/wp-json\/wp\/v2\/pages\/21277","targetHints":{"allow":["GET"]}}],"collection":[{"href":"https:\/\/thehometownlawyers.com\/es\/wp-json\/wp\/v2\/pages"}],"about":[{"href":"https:\/\/thehometownlawyers.com\/es\/wp-json\/wp\/v2\/types\/page"}],"author":[{"embeddable":true,"href":"https:\/\/thehometownlawyers.com\/es\/wp-json\/wp\/v2\/users\/7"}],"replies":[{"embeddable":true,"href":"https:\/\/thehometownlawyers.com\/es\/wp-json\/wp\/v2\/comments?post=21277"}],"version-history":[{"count":0,"href":"https:\/\/thehometownlawyers.com\/es\/wp-json\/wp\/v2\/pages\/21277\/revisions"}],"up":[{"embeddable":true,"href":"https:\/\/thehometownlawyers.com\/es\/wp-json\/wp\/v2\/pages\/20967"}],"wp:featuredmedia":[{"embeddable":true,"href":"https:\/\/thehometownlawyers.com\/es\/wp-json\/wp\/v2\/media\/20728"}],"wp:attachment":[{"href":"https:\/\/thehometownlawyers.com\/es\/wp-json\/wp\/v2\/media?parent=21277"}],"wp:term":[{"taxonomy":"hc_faqs","embeddable":true,"href":"https:\/\/thehometownlawyers.com\/es\/wp-json\/wp\/v2\/hc_faqs?post=21277"},{"taxonomy":"hc_spanish_faqs","embeddable":true,"href":"https:\/\/thehometownlawyers.com\/es\/wp-json\/wp\/v2\/hc_spanish_faqs?post=21277"}],"curies":[{"name":"wp","href":"https:\/\/api.w.org\/{rel}","templated":true}]}}