{"id":21278,"date":"2020-01-13T14:44:28","date_gmt":"2020-01-13T19:44:28","guid":{"rendered":"https:\/\/thehometownlawyers.com\/?page_id=21278"},"modified":"2025-03-17T11:40:02","modified_gmt":"2025-03-17T15:40:02","slug":"accidente-de-camion-de-ups","status":"publish","type":"page","link":"https:\/\/thehometownlawyers.com\/es\/hamilton\/abogado-de-accidente-de-camion\/ups\/","title":{"rendered":"Abogado de Accidente de Cami\u00f3n UPS en Hamilton"},"content":{"rendered":"<h2>Accidentes de camiones de UPS<\/h2>\n<p>Con importantes centros operativos en Louisville y Cincinnati, United Parcel Service (UPS) es un importante empleador y una importante operaci\u00f3n de camiones en la regi\u00f3n del sur de Ohio. UPS es conocido por tener controladores seguros y confiables, pero esto no es universal. Lamentablemente, aunque la mayor\u00eda de los camioneros son profesionales que trabajan duro para conducir con seguridad todos los d\u00edas, hay quienes se apresuran y toman atajos para ganar un poco de dinero extra. Cuando UPS se ve involucrado en una colisi\u00f3n de camiones, la empresa cuenta con equipos de respuesta especiales disponibles para llegar a la escena y proteger los intereses de la empresa. Si est\u00e1 involucrado en un accidente con un conductor de UPS negligente o descuidado, ya sea un semirremolque grande o un cami\u00f3n de entrega de paquetes, necesita una representaci\u00f3n agresiva de <a href=\"https:\/\/thehometownlawyers.com\/es\/\">un abogado de accidentes de camiones<\/a> que intervenga de inmediato para proteger sus intereses. Si est\u00e1 involucrado en un accidente de cami\u00f3n de UPS, aqu\u00ed hay algunas cosas \u00fanicas que debe considerar.<\/p>\n<p class=\"rs-content-cta rs-content-cta-small\">Para una consulta legal gratuita, llame al <a href=\"tel:+15138943333\">513-894-3333 <\/a><\/p><h2>\u00bfEs realmente un empleado que caus\u00f3 su accidente de cami\u00f3n de UPS?<\/h2>\n<p>No asuma que solo porque el tr\u00e1iler diga que UPS en realidad es propiedad de la empresa y est\u00e1 bajo su control. La mayor parte de la carga de UPS es transportada por empleados de la empresa en unidades tractoras propiedad de UPS, pero esto no es universal. Cada vez m\u00e1s, UPS, al igual que otras importantes empresas de transporte, utiliza conductores contratados. Esto significa que aunque el flete puede ser flete de UPS y el remolque puede ser propiedad de la empresa, el tractor puede ser propiedad de una peque\u00f1a empresa separada que es propiedad y est\u00e1 operada por un contratista independiente. Estos conductores propietarios-operadores pueden tener diferentes p\u00f3lizas de seguro y diferentes responsabilidades. Esto puede marcar una gran diferencia al presentar un reclamo de compensaci\u00f3n despu\u00e9s de un accidente.<\/p>\n<p class=\"rs-content-cta\">Abogado de Accidente de Cami\u00f3n de hamilton Cerca de M\u00ed <a href=\"tel:+15138943333\">513-894-3333<\/a><\/p><h2>C\u00f3mo acceder a las cajas negras<\/h2>\n<p>La mayor\u00eda de los veh\u00edculos y camiones comerciales de \u00faltimo modelo ahora est\u00e1n equipados con registradores electr\u00f3nicos de accidentes. Estos a menudo se abrevian como &#8220;ECR&#8221; o &#8220;EDR&#8221;. Estas llamadas &#8220;cajas negras&#8221; se instalan en el veh\u00edculo con el fin de monitorear los datos en caso de un choque. Existen limitaciones en el tipo y uso de los datos obtenidos. Los datos se descargan de la computadora del veh\u00edculo y los datos requieren interpretaci\u00f3n. En manos del profano, estos datos pueden parecer n\u00fameros aleatorios en una serie de l\u00edneas. Es por eso <a href=\"https:\/\/thehometownlawyers.com\/es\/\">que los abogados experimentados en accidentes de camiones<\/a> trabajan en estrecha colaboraci\u00f3n con ingenieros forenses e investigadores de reconstrucci\u00f3n de accidentes que tienen la capacitaci\u00f3n espec\u00edfica necesaria para interpretar los datos y dar sentido a las implicaciones. Por ejemplo, ciertos datos pueden indicar una desaceleraci\u00f3n r\u00e1pida antes del impacto, lo que sugiere fuertemente que la persona no us\u00f3 los frenos sino que se detuvo debido al impacto.<\/p>\n<p class=\"rs-content-cta rs-content-cta-small\"><a href=\"\/es\/contacto\/\">Haga clic para contactar<\/a> con nuestros accidente de cami\u00f3n abogados hoy<\/p><h2>Pol\u00edtica de la Compa\u00f1\u00eda UPS para Accidentes de Camiones<\/h2>\n<p>UPS es una fuerza laboral sindicalizada. En la mayor parte del pa\u00eds, los conductores de la empresa son miembros del sindicato que est\u00e1n sujetos a estrictas normas del DOT y <a href=\"https:\/\/www.mentalfloss.com\/article\/60556\/18-secrets-ups-drivers\" target=\"_blank\" rel=\"noopener noreferrer\">pol\u00edticas de la empresa<\/a> que restringen las horas y las rutas en las que pueden trabajar los conductores. Si un conductor de UPS lo lesion\u00f3, debe trabajar con el tipo de abogado adecuado. Preferiblemente, debe hablar con un abogado que pueda obtener las normas y pol\u00edticas internas de UPS y usarlas para probar el descuido o desprecio imprudente del conductor que caus\u00f3 el accidente. En Kruger &amp; Hodges, las consultas son siempre gratuitas. <a href=\"https:\/\/thehometownlawyers.com\/es\/contacto\/\" target=\"_blank\" rel=\"noopener noreferrer\">Comun\u00edquese con nosotros<\/a> para analizar las lesiones de su accidente de cami\u00f3n de UPS y obtener m\u00e1s informaci\u00f3n sobre su derecho a una compensaci\u00f3n.<\/p>\n<p class=\"rs-content-cta rs-content-cta-small\">Llame o env\u00ede un mensaje de texto al <a href=\"tel:+15138943333\">513-894-3333<\/a> o complete una <a href=\"\/es\/contacto\/\">evaluaci\u00f3n gratuita de su caso<\/a><\/p>","protected":false},"excerpt":{"rendered":"<p>Accidentes de camiones de UPS Con importantes centros operativos en Louisville y Cincinnati, United Parcel Service (UPS) es un importante empleador y una importante operaci\u00f3n de camiones en la regi\u00f3n del sur de Ohio. UPS es conocido por tener controladores seguros y confiables, pero esto no es universal. Lamentablemente, aunque la mayor\u00eda de los camioneros &#8230;<\/p>\n","protected":false},"author":7,"featured_media":20728,"parent":20967,"menu_order":0,"comment_status":"closed","ping_status":"closed","template":"","meta":{"_acf_changed":false,"inline_featured_image":false,"_genesis_hide_title":false,"_genesis_hide_breadcrumbs":false,"_genesis_hide_singular_image":false,"_genesis_hide_footer_widgets":false,"_genesis_custom_body_class":"","_genesis_custom_post_class":"","_genesis_layout":"","footnotes":""},"hc_faqs":[],"hc_spanish_faqs":[],"class_list":{"0":"post-21278","1":"page","2":"type-page","3":"status-publish","4":"has-post-thumbnail","6":"hc_city_location-hamilton-es-2","7":"entry"},"acf":[],"yoast_head":"<!-- This site is optimized with the Yoast SEO plugin v27.4 - https:\/\/yoast.com\/product\/yoast-seo-wordpress\/ -->\n<title>Abogado de Accidente de Cami\u00f3n UPS en Hamilton | Consulta Gratuita<\/title>\n<meta name=\"description\" content=\"Contrate a un abogado que pueda obtener las reglas y pol\u00edticas internas de accidentes de camiones de UPS y util\u00edcelas para probar la indiferencia imprudente del conductor.\" \/>\n<meta name=\"robots\" content=\"index, follow, max-snippet:-1, max-image-preview:large, max-video-preview:-1\" \/>\n<link rel=\"canonical\" href=\"https:\/\/thehometownlawyers.com\/es\/hamilton\/abogado-de-accidente-de-camion\/ups\/\" \/>\n<meta property=\"og:locale\" content=\"es_MX\" \/>\n<meta property=\"og:type\" content=\"article\" \/>\n<meta property=\"og:title\" content=\"Abogado de Accidente de Cami\u00f3n UPS en Hamilton | Consulta Gratuita\" \/>\n<meta property=\"og:description\" content=\"Contrate a un abogado que pueda obtener las reglas y pol\u00edticas internas de accidentes de camiones de UPS y util\u00edcelas para probar la indiferencia imprudente del conductor.\" \/>\n<meta property=\"og:url\" content=\"https:\/\/thehometownlawyers.com\/es\/hamilton\/abogado-de-accidente-de-camion\/ups\/\" \/>\n<meta property=\"og:site_name\" content=\"Kruger &amp; Hodges Abogados De Lesiones\" \/>\n<meta property=\"article:publisher\" content=\"https:\/\/www.facebook.com\/KrugerHodges\/\" \/>\n<meta property=\"article:modified_time\" content=\"2025-03-17T15:40:02+00:00\" \/>\n<meta property=\"og:image\" content=\"https:\/\/thehometownlawyers.com\/wp-content\/uploads\/2019\/01\/FedEx-Truck-Accident.jpg\" \/>\n\t<meta property=\"og:image:width\" content=\"640\" \/>\n\t<meta property=\"og:image:height\" content=\"427\" \/>\n\t<meta property=\"og:image:type\" content=\"image\/jpeg\" \/>\n<meta name=\"twitter:card\" content=\"summary_large_image\" \/>\n<meta name=\"twitter:label1\" content=\"Tiempo de lectura\" \/>\n\t<meta name=\"twitter:data1\" content=\"3 minutos\" \/>\n<script type=\"application\/ld+json\" class=\"yoast-schema-graph\">{\"@context\":\"https:\\\/\\\/schema.org\",\"@graph\":[{\"@type\":\"WebPage\",\"@id\":\"https:\\\/\\\/thehometownlawyers.com\\\/es\\\/hamilton\\\/abogado-de-accidente-de-camion\\\/ups\\\/\",\"url\":\"https:\\\/\\\/thehometownlawyers.com\\\/es\\\/hamilton\\\/abogado-de-accidente-de-camion\\\/ups\\\/\",\"name\":\"Abogado de Accidente de Cami\u00f3n UPS en Hamilton | Consulta Gratuita\",\"isPartOf\":{\"@id\":\"https:\\\/\\\/thehometownlawyers.com\\\/es\\\/#website\"},\"primaryImageOfPage\":{\"@id\":\"https:\\\/\\\/thehometownlawyers.com\\\/es\\\/hamilton\\\/abogado-de-accidente-de-camion\\\/ups\\\/#primaryimage\"},\"image\":{\"@id\":\"https:\\\/\\\/thehometownlawyers.com\\\/es\\\/hamilton\\\/abogado-de-accidente-de-camion\\\/ups\\\/#primaryimage\"},\"thumbnailUrl\":\"https:\\\/\\\/thehometownlawyers.com\\\/wp-content\\\/uploads\\\/2019\\\/01\\\/FedEx-Truck-Accident.jpg\",\"datePublished\":\"2020-01-13T19:44:28+00:00\",\"dateModified\":\"2025-03-17T15:40:02+00:00\",\"description\":\"Contrate a un abogado que pueda obtener las reglas y pol\u00edticas internas de accidentes de camiones de UPS y util\u00edcelas para probar la indiferencia imprudente del conductor.\",\"breadcrumb\":{\"@id\":\"https:\\\/\\\/thehometownlawyers.com\\\/es\\\/hamilton\\\/abogado-de-accidente-de-camion\\\/ups\\\/#breadcrumb\"},\"inLanguage\":\"es\",\"potentialAction\":[{\"@type\":\"ReadAction\",\"target\":[\"https:\\\/\\\/thehometownlawyers.com\\\/es\\\/hamilton\\\/abogado-de-accidente-de-camion\\\/ups\\\/\"]}]},{\"@type\":\"ImageObject\",\"inLanguage\":\"es\",\"@id\":\"https:\\\/\\\/thehometownlawyers.com\\\/es\\\/hamilton\\\/abogado-de-accidente-de-camion\\\/ups\\\/#primaryimage\",\"url\":\"https:\\\/\\\/thehometownlawyers.com\\\/wp-content\\\/uploads\\\/2019\\\/01\\\/FedEx-Truck-Accident.jpg\",\"contentUrl\":\"https:\\\/\\\/thehometownlawyers.com\\\/wp-content\\\/uploads\\\/2019\\\/01\\\/FedEx-Truck-Accident.jpg\",\"width\":640,\"height\":427,\"caption\":\"Accidente de tres semirremolques\"},{\"@type\":\"BreadcrumbList\",\"@id\":\"https:\\\/\\\/thehometownlawyers.com\\\/es\\\/hamilton\\\/abogado-de-accidente-de-camion\\\/ups\\\/#breadcrumb\",\"itemListElement\":[{\"@type\":\"ListItem\",\"position\":1,\"name\":\"Home\",\"item\":\"https:\\\/\\\/thehometownlawyers.com\\\/es\\\/\"},{\"@type\":\"ListItem\",\"position\":2,\"name\":\"Abogados de Lesiones Personales en Hamilton\",\"item\":\"https:\\\/\\\/thehometownlawyers.com\\\/es\\\/\"},{\"@type\":\"ListItem\",\"position\":3,\"name\":\"Abogado de Accidente de Cami\u00f3n en Hamilton\",\"item\":\"https:\\\/\\\/thehometownlawyers.com\\\/es\\\/hamilton\\\/abogado-de-accidente-de-camion\\\/\"},{\"@type\":\"ListItem\",\"position\":4,\"name\":\"Accidente de Cami\u00f3n UPS\"}]},{\"@type\":\"WebSite\",\"@id\":\"https:\\\/\\\/thehometownlawyers.com\\\/es\\\/#website\",\"url\":\"https:\\\/\\\/thehometownlawyers.com\\\/es\\\/\",\"name\":\"Kruger & Hodges Hometown Injury Lawyers | Accident Attorneys\",\"description\":\"Attorneys for Car, Truck and Motorcycle Accidents, Personal Injuries, and Criminal Defense.\",\"publisher\":{\"@id\":\"https:\\\/\\\/thehometownlawyers.com\\\/es\\\/#organization\"},\"alternateName\":\"Kruger & Hodges Personal Injury Lawyers\",\"inLanguage\":\"es\"},{\"@type\":\"Organization\",\"@id\":\"https:\\\/\\\/thehometownlawyers.com\\\/es\\\/#organization\",\"name\":\"Kruger & Hodges Hometown Injury Lawyers\",\"alternateName\":\"Kruger & Hodges\",\"url\":\"https:\\\/\\\/thehometownlawyers.com\\\/es\\\/\",\"logo\":{\"@type\":\"ImageObject\",\"inLanguage\":\"es\",\"@id\":\"https:\\\/\\\/thehometownlawyers.com\\\/es\\\/#\\\/schema\\\/logo\\\/image\\\/\",\"url\":\"https:\\\/\\\/thehometownlawyers.com\\\/wp-content\\\/uploads\\\/2025\\\/12\\\/revised-kh-logo-vertical-white-background-scaled.png\",\"contentUrl\":\"https:\\\/\\\/thehometownlawyers.com\\\/wp-content\\\/uploads\\\/2025\\\/12\\\/revised-kh-logo-vertical-white-background-scaled.png\",\"width\":2560,\"height\":1440,\"caption\":\"Kruger & Hodges Hometown Injury Lawyers\"},\"image\":{\"@id\":\"https:\\\/\\\/thehometownlawyers.com\\\/es\\\/#\\\/schema\\\/logo\\\/image\\\/\"},\"sameAs\":[\"https:\\\/\\\/www.facebook.com\\\/KrugerHodges\\\/\",\"https:\\\/\\\/www.instagram.com\\\/krugerhodges\\\/\",\"https:\\\/\\\/www.linkedin.com\\\/company\\\/kruger-hodges-hometown-injury-lawyers\\\/\",\"https:\\\/\\\/www.youtube.com\\\/channel\\\/UCeYcMaMaN2rb9jMlqt4EIdQ\",\"https:\\\/\\\/www.tiktok.com\\\/@thehometownlawyer\"]}]}<\/script>\n<!-- \/ Yoast SEO plugin. -->","yoast_head_json":{"title":"Abogado de Accidente de Cami\u00f3n UPS en Hamilton | Consulta Gratuita","description":"Contrate a un abogado que pueda obtener las reglas y pol\u00edticas internas de accidentes de camiones de UPS y util\u00edcelas para probar la indiferencia imprudente del conductor.","robots":{"index":"index","follow":"follow","max-snippet":"max-snippet:-1","max-image-preview":"max-image-preview:large","max-video-preview":"max-video-preview:-1"},"canonical":"https:\/\/thehometownlawyers.com\/es\/hamilton\/abogado-de-accidente-de-camion\/ups\/","og_locale":"es_MX","og_type":"article","og_title":"Abogado de Accidente de Cami\u00f3n UPS en Hamilton | Consulta Gratuita","og_description":"Contrate a un abogado que pueda obtener las reglas y pol\u00edticas internas de accidentes de camiones de UPS y util\u00edcelas para probar la indiferencia imprudente del conductor.","og_url":"https:\/\/thehometownlawyers.com\/es\/hamilton\/abogado-de-accidente-de-camion\/ups\/","og_site_name":"Kruger &amp; Hodges Abogados De Lesiones","article_publisher":"https:\/\/www.facebook.com\/KrugerHodges\/","article_modified_time":"2025-03-17T15:40:02+00:00","og_image":[{"width":640,"height":427,"url":"https:\/\/thehometownlawyers.com\/wp-content\/uploads\/2019\/01\/FedEx-Truck-Accident.jpg","type":"image\/jpeg"}],"twitter_card":"summary_large_image","twitter_misc":{"Tiempo de lectura":"3 minutos"},"schema":{"@context":"https:\/\/schema.org","@graph":[{"@type":"WebPage","@id":"https:\/\/thehometownlawyers.com\/es\/hamilton\/abogado-de-accidente-de-camion\/ups\/","url":"https:\/\/thehometownlawyers.com\/es\/hamilton\/abogado-de-accidente-de-camion\/ups\/","name":"Abogado de Accidente de Cami\u00f3n UPS en Hamilton | Consulta Gratuita","isPartOf":{"@id":"https:\/\/thehometownlawyers.com\/es\/#website"},"primaryImageOfPage":{"@id":"https:\/\/thehometownlawyers.com\/es\/hamilton\/abogado-de-accidente-de-camion\/ups\/#primaryimage"},"image":{"@id":"https:\/\/thehometownlawyers.com\/es\/hamilton\/abogado-de-accidente-de-camion\/ups\/#primaryimage"},"thumbnailUrl":"https:\/\/thehometownlawyers.com\/wp-content\/uploads\/2019\/01\/FedEx-Truck-Accident.jpg","datePublished":"2020-01-13T19:44:28+00:00","dateModified":"2025-03-17T15:40:02+00:00","description":"Contrate a un abogado que pueda obtener las reglas y pol\u00edticas internas de accidentes de camiones de UPS y util\u00edcelas para probar la indiferencia imprudente del conductor.","breadcrumb":{"@id":"https:\/\/thehometownlawyers.com\/es\/hamilton\/abogado-de-accidente-de-camion\/ups\/#breadcrumb"},"inLanguage":"es","potentialAction":[{"@type":"ReadAction","target":["https:\/\/thehometownlawyers.com\/es\/hamilton\/abogado-de-accidente-de-camion\/ups\/"]}]},{"@type":"ImageObject","inLanguage":"es","@id":"https:\/\/thehometownlawyers.com\/es\/hamilton\/abogado-de-accidente-de-camion\/ups\/#primaryimage","url":"https:\/\/thehometownlawyers.com\/wp-content\/uploads\/2019\/01\/FedEx-Truck-Accident.jpg","contentUrl":"https:\/\/thehometownlawyers.com\/wp-content\/uploads\/2019\/01\/FedEx-Truck-Accident.jpg","width":640,"height":427,"caption":"Accidente de tres semirremolques"},{"@type":"BreadcrumbList","@id":"https:\/\/thehometownlawyers.com\/es\/hamilton\/abogado-de-accidente-de-camion\/ups\/#breadcrumb","itemListElement":[{"@type":"ListItem","position":1,"name":"Home","item":"https:\/\/thehometownlawyers.com\/es\/"},{"@type":"ListItem","position":2,"name":"Abogados de Lesiones Personales en Hamilton","item":"https:\/\/thehometownlawyers.com\/es\/"},{"@type":"ListItem","position":3,"name":"Abogado de Accidente de Cami\u00f3n en Hamilton","item":"https:\/\/thehometownlawyers.com\/es\/hamilton\/abogado-de-accidente-de-camion\/"},{"@type":"ListItem","position":4,"name":"Accidente de Cami\u00f3n UPS"}]},{"@type":"WebSite","@id":"https:\/\/thehometownlawyers.com\/es\/#website","url":"https:\/\/thehometownlawyers.com\/es\/","name":"Kruger & Hodges Hometown Injury Lawyers | Accident Attorneys","description":"Attorneys for Car, Truck and Motorcycle Accidents, Personal Injuries, and Criminal Defense.","publisher":{"@id":"https:\/\/thehometownlawyers.com\/es\/#organization"},"alternateName":"Kruger & Hodges Personal Injury Lawyers","inLanguage":"es"},{"@type":"Organization","@id":"https:\/\/thehometownlawyers.com\/es\/#organization","name":"Kruger & Hodges Hometown Injury Lawyers","alternateName":"Kruger & Hodges","url":"https:\/\/thehometownlawyers.com\/es\/","logo":{"@type":"ImageObject","inLanguage":"es","@id":"https:\/\/thehometownlawyers.com\/es\/#\/schema\/logo\/image\/","url":"https:\/\/thehometownlawyers.com\/wp-content\/uploads\/2025\/12\/revised-kh-logo-vertical-white-background-scaled.png","contentUrl":"https:\/\/thehometownlawyers.com\/wp-content\/uploads\/2025\/12\/revised-kh-logo-vertical-white-background-scaled.png","width":2560,"height":1440,"caption":"Kruger & Hodges Hometown Injury Lawyers"},"image":{"@id":"https:\/\/thehometownlawyers.com\/es\/#\/schema\/logo\/image\/"},"sameAs":["https:\/\/www.facebook.com\/KrugerHodges\/","https:\/\/www.instagram.com\/krugerhodges\/","https:\/\/www.linkedin.com\/company\/kruger-hodges-hometown-injury-lawyers\/","https:\/\/www.youtube.com\/channel\/UCeYcMaMaN2rb9jMlqt4EIdQ","https:\/\/www.tiktok.com\/@thehometownlawyer"]}]}},"_links":{"self":[{"href":"https:\/\/thehometownlawyers.com\/es\/wp-json\/wp\/v2\/pages\/21278","targetHints":{"allow":["GET"]}}],"collection":[{"href":"https:\/\/thehometownlawyers.com\/es\/wp-json\/wp\/v2\/pages"}],"about":[{"href":"https:\/\/thehometownlawyers.com\/es\/wp-json\/wp\/v2\/types\/page"}],"author":[{"embeddable":true,"href":"https:\/\/thehometownlawyers.com\/es\/wp-json\/wp\/v2\/users\/7"}],"replies":[{"embeddable":true,"href":"https:\/\/thehometownlawyers.com\/es\/wp-json\/wp\/v2\/comments?post=21278"}],"version-history":[{"count":0,"href":"https:\/\/thehometownlawyers.com\/es\/wp-json\/wp\/v2\/pages\/21278\/revisions"}],"up":[{"embeddable":true,"href":"https:\/\/thehometownlawyers.com\/es\/wp-json\/wp\/v2\/pages\/20967"}],"wp:featuredmedia":[{"embeddable":true,"href":"https:\/\/thehometownlawyers.com\/es\/wp-json\/wp\/v2\/media\/20728"}],"wp:attachment":[{"href":"https:\/\/thehometownlawyers.com\/es\/wp-json\/wp\/v2\/media?parent=21278"}],"wp:term":[{"taxonomy":"hc_faqs","embeddable":true,"href":"https:\/\/thehometownlawyers.com\/es\/wp-json\/wp\/v2\/hc_faqs?post=21278"},{"taxonomy":"hc_spanish_faqs","embeddable":true,"href":"https:\/\/thehometownlawyers.com\/es\/wp-json\/wp\/v2\/hc_spanish_faqs?post=21278"}],"curies":[{"name":"wp","href":"https:\/\/api.w.org\/{rel}","templated":true}]}}