{"id":21279,"date":"2020-01-13T13:17:03","date_gmt":"2020-01-13T18:17:03","guid":{"rendered":"https:\/\/thehometownlawyers.com\/?page_id=21279"},"modified":"2025-03-17T11:39:31","modified_gmt":"2025-03-17T15:39:31","slug":"accidentes-de-camiones-en-holanda","status":"publish","type":"page","link":"https:\/\/thehometownlawyers.com\/es\/hamilton\/abogado-de-accidente-de-camion\/holland\/","title":{"rendered":"Abogado de Accidente de Cami\u00f3n Holland en Hamilton"},"content":{"rendered":"<h2>Accidentes de camiones en Holanda<\/h2>\n<p>Si ha resultado <a href=\"https:\/\/thehometownlawyers.com\/es\/\">lesionado<\/a> en un accidente de cami\u00f3n grave, entonces probablemente tenga muchas preguntas. En Kruger &amp; Hodges, nos comprometemos a asegurarnos de que cada cliente comprenda sus derechos. USF Holland Trucking es una de las operaciones de camiones m\u00e1s grandes de Am\u00e9rica del Norte. Cada a\u00f1o, esta empresa de camiones provoca muchos accidentes en las carreteras e interestatales de EE. UU. No importa qu\u00e9 tan seguros o profesionales sean los conductores de camiones, invariablemente algunos ser\u00e1n descuidados y causar\u00e1n lesiones graves. Es simplemente una cuesti\u00f3n de n\u00fameros. El conductor estadounidense promedio maneja alrededor de 10,000 a 15,000 millas por a\u00f1o, mientras que el conductor de cami\u00f3n t\u00edpico puede conducir m\u00e1s de 150,000 a 200,000 millas por a\u00f1o.<\/p>\n<p class=\"rs-content-cta rs-content-cta-small\">Para una consulta legal gratuita, llame al <a href=\"tel:+15138943333\">513-894-3333 <\/a><\/p><h2>Un poco sobre Holland Trucking<\/h2>\n<p>Seg\u00fan <a href=\"https:\/\/www.quicktransportsolutions.com\/crashreports\/usf-holland-usdot-75806.php\" target=\"_blank\" rel=\"noopener noreferrer\">quicktransportsolutions.com<\/a> , USF Holland opera m\u00e1s de 4200 camiones y tiene m\u00e1s de 6000 conductores. Solo en agosto de 2019, se informaron numerosos accidentes en todo el pa\u00eds que involucraron a estos camiones. De hecho, este transportista tiende a tener un historial de seguridad aproximado. En los 24 meses entre octubre de 2017 y octubre de 2019, los <a href=\"https:\/\/www.quicktransportsolutions.com\/crashreports\/usf-holland-usdot-75806.php\" target=\"_blank\" rel=\"noopener noreferrer\">registros del DOT<\/a> sugieren que la empresa estuvo involucrada en 345 accidentes en total, 114 de los cuales causaron lesiones, incluidas seis muertes.<\/p>\n<p class=\"rs-content-cta\">Abogado de Accidente de Cami\u00f3n de hamilton Cerca de M\u00ed <a href=\"tel:+15138943333\">513-894-3333<\/a><\/p><h2>Pasos a seguir despu\u00e9s de accidentes de camiones<\/h2>\n<p>Si est\u00e1 involucrado en un accidente de cami\u00f3n, hay cinco pasos simples que debe seguir.<\/p>\n<ul>\n<li><strong>\u00bfNo responde ninguna pregunta sobre su lesi\u00f3n o c\u00f3mo ocurri\u00f3 el accidente<\/strong> ? Ya sea que se trate de un investigador en la escena o del otro conductor, debe abstenerse de admitir la culpa o hacer cualquier comentario que pueda ser utilizado en su contra m\u00e1s adelante.<\/li>\n<li><strong>No permita que el otro conductor se vaya sin antes contactar a las autoridades. <\/strong>A muchos conductores de camiones se les indica que proporcionen un n\u00famero de tel\u00e9fono en lugar de la informaci\u00f3n real de la licencia, el seguro y el registro. Esto es un error. Considere lo que podr\u00eda pasar si un conductor le da un n\u00famero equivocado. En su lugar, aseg\u00farese de llamar y denunciar el accidente a la polic\u00eda. Aseg\u00farese de obtener la informaci\u00f3n de la polic\u00eda antes de abandonar la escena.<\/li>\n<li><strong>Tomar fotograf\u00edas. <\/strong>Trate de tomar algunas fotos del choque, los da\u00f1os y el cami\u00f3n. Querr\u00e1 asegurarse de obtener una imagen de ambas matr\u00edculas: el remolque y el frente de la plataforma real. Esto se debe a que pueden estar conectados a diferentes empresas. Es muy importante saber qui\u00e9n es el empleador real del conductor del cami\u00f3n. Tambi\u00e9n debe intentar fotografiar los n\u00fameros DOT e ICC ubicados en el lado del conductor del cami\u00f3n.<\/li>\n<li><strong>Obtenga atenci\u00f3n m\u00e9dica de inmediato. <\/strong>Una de las formas m\u00e1s comunes en que las compa\u00f1\u00edas de seguros niegan reclamos es argumentar que la v\u00edctima retras\u00f3 el tratamiento m\u00e9dico. Si bien la mayor\u00eda de las personas comprende que algunas lesiones pueden demorar un tiempo en manifestarse, esto no disuadir\u00e1 a una gran empresa de camiones de usar cualquier demora como excusa para rechazar el pago de un reclamo por lesiones.<\/li>\n<\/ul>\n<p class=\"rs-content-cta rs-content-cta-small\"><a href=\"\/es\/contacto\/\">Haga clic para contactar<\/a> con nuestros accidente de cami\u00f3n abogados hoy<\/p><h2>P\u00f3ngase en contacto con los abogados experimentados en accidentes de camiones de Kruger &amp; Hodges<\/h2>\n<p>Finalmente, no intente navegar solo por un <a href=\"https:\/\/thehometownlawyers.com\/es\/\">reclamo<\/a> de accidente de cami\u00f3n en Holland. Las compa\u00f1\u00edas de seguros est\u00e1n dispuestas a luchar contra este tipo de casos porque los riesgos y los pagos potenciales son muy grandes. No todos los abogados entienden completamente los casos de accidentes, as\u00ed que aseg\u00farese de trabajar con alguien que haya manejado muchos casos de accidentes. Para una <a href=\"https:\/\/thehometownlawyers.com\/es\/contacto\/\">consulta gratuita<\/a> o para obtener m\u00e1s informaci\u00f3n sobre sus opciones, llame a <a href=\"https:\/\/thehometownlawyers.com\/es\/contacto\/\">Kruger &amp; Hodges<\/a> hoy.<\/p>\n<p class=\"rs-content-cta rs-content-cta-small\">Llame o env\u00ede un mensaje de texto al <a href=\"tel:+15138943333\">513-894-3333<\/a> o complete una <a href=\"\/es\/contacto\/\">evaluaci\u00f3n gratuita de su caso<\/a><\/p>","protected":false},"excerpt":{"rendered":"<p>Accidentes de camiones en Holanda Si ha resultado lesionado en un accidente de cami\u00f3n grave, entonces probablemente tenga muchas preguntas. En Kruger &amp; Hodges, nos comprometemos a asegurarnos de que cada cliente comprenda sus derechos. USF Holland Trucking es una de las operaciones de camiones m\u00e1s grandes de Am\u00e9rica del Norte. Cada a\u00f1o, esta empresa &#8230;<\/p>\n","protected":false},"author":7,"featured_media":20728,"parent":20967,"menu_order":0,"comment_status":"closed","ping_status":"closed","template":"","meta":{"_acf_changed":false,"inline_featured_image":false,"_genesis_hide_title":false,"_genesis_hide_breadcrumbs":false,"_genesis_hide_singular_image":false,"_genesis_hide_footer_widgets":false,"_genesis_custom_body_class":"","_genesis_custom_post_class":"","_genesis_layout":"","footnotes":""},"hc_faqs":[],"hc_spanish_faqs":[],"class_list":{"0":"post-21279","1":"page","2":"type-page","3":"status-publish","4":"has-post-thumbnail","6":"hc_city_location-hamilton-es-2","7":"entry"},"acf":[],"yoast_head":"<!-- This site is optimized with the Yoast SEO plugin v27.5 - https:\/\/yoast.com\/product\/yoast-seo-wordpress\/ -->\n<title>Abogado de Accidente de Cami\u00f3n Holland en Hamilton | Consulta Gratuita<\/title>\n<meta name=\"description\" content=\"No intente navegar solo por un reclamo de accidente de cami\u00f3n de Holland. Las compa\u00f1\u00edas de seguros luchan contra estos casos porque los pagos potenciales son muy grandes.\" \/>\n<meta name=\"robots\" content=\"index, follow, max-snippet:-1, max-image-preview:large, max-video-preview:-1\" \/>\n<link rel=\"canonical\" href=\"https:\/\/thehometownlawyers.com\/es\/hamilton\/abogado-de-accidente-de-camion\/holland\/\" \/>\n<meta property=\"og:locale\" content=\"es_MX\" \/>\n<meta property=\"og:type\" content=\"article\" \/>\n<meta property=\"og:title\" content=\"Abogado de Accidente de Cami\u00f3n Holland en Hamilton | Consulta Gratuita\" \/>\n<meta property=\"og:description\" content=\"No intente navegar solo por un reclamo de accidente de cami\u00f3n de Holland. Las compa\u00f1\u00edas de seguros luchan contra estos casos porque los pagos potenciales son muy grandes.\" \/>\n<meta property=\"og:url\" content=\"https:\/\/thehometownlawyers.com\/es\/hamilton\/abogado-de-accidente-de-camion\/holland\/\" \/>\n<meta property=\"og:site_name\" content=\"Kruger &amp; Hodges Abogados De Lesiones\" \/>\n<meta property=\"article:publisher\" content=\"https:\/\/www.facebook.com\/KrugerHodges\/\" \/>\n<meta property=\"article:modified_time\" content=\"2025-03-17T15:39:31+00:00\" \/>\n<meta property=\"og:image\" content=\"https:\/\/thehometownlawyers.com\/wp-content\/uploads\/2019\/01\/FedEx-Truck-Accident.jpg\" \/>\n\t<meta property=\"og:image:width\" content=\"640\" \/>\n\t<meta property=\"og:image:height\" content=\"427\" \/>\n\t<meta property=\"og:image:type\" content=\"image\/jpeg\" \/>\n<meta name=\"twitter:card\" content=\"summary_large_image\" \/>\n<meta name=\"twitter:label1\" content=\"Tiempo de lectura\" \/>\n\t<meta name=\"twitter:data1\" content=\"3 minutos\" \/>\n<script type=\"application\/ld+json\" class=\"yoast-schema-graph\">{\"@context\":\"https:\\\/\\\/schema.org\",\"@graph\":[{\"@type\":\"WebPage\",\"@id\":\"https:\\\/\\\/thehometownlawyers.com\\\/es\\\/hamilton\\\/abogado-de-accidente-de-camion\\\/holland\\\/\",\"url\":\"https:\\\/\\\/thehometownlawyers.com\\\/es\\\/hamilton\\\/abogado-de-accidente-de-camion\\\/holland\\\/\",\"name\":\"Abogado de Accidente de Cami\u00f3n Holland en Hamilton | Consulta Gratuita\",\"isPartOf\":{\"@id\":\"https:\\\/\\\/thehometownlawyers.com\\\/es\\\/#website\"},\"primaryImageOfPage\":{\"@id\":\"https:\\\/\\\/thehometownlawyers.com\\\/es\\\/hamilton\\\/abogado-de-accidente-de-camion\\\/holland\\\/#primaryimage\"},\"image\":{\"@id\":\"https:\\\/\\\/thehometownlawyers.com\\\/es\\\/hamilton\\\/abogado-de-accidente-de-camion\\\/holland\\\/#primaryimage\"},\"thumbnailUrl\":\"https:\\\/\\\/thehometownlawyers.com\\\/wp-content\\\/uploads\\\/2019\\\/01\\\/FedEx-Truck-Accident.jpg\",\"datePublished\":\"2020-01-13T18:17:03+00:00\",\"dateModified\":\"2025-03-17T15:39:31+00:00\",\"description\":\"No intente navegar solo por un reclamo de accidente de cami\u00f3n de Holland. Las compa\u00f1\u00edas de seguros luchan contra estos casos porque los pagos potenciales son muy grandes.\",\"breadcrumb\":{\"@id\":\"https:\\\/\\\/thehometownlawyers.com\\\/es\\\/hamilton\\\/abogado-de-accidente-de-camion\\\/holland\\\/#breadcrumb\"},\"inLanguage\":\"es\",\"potentialAction\":[{\"@type\":\"ReadAction\",\"target\":[\"https:\\\/\\\/thehometownlawyers.com\\\/es\\\/hamilton\\\/abogado-de-accidente-de-camion\\\/holland\\\/\"]}]},{\"@type\":\"ImageObject\",\"inLanguage\":\"es\",\"@id\":\"https:\\\/\\\/thehometownlawyers.com\\\/es\\\/hamilton\\\/abogado-de-accidente-de-camion\\\/holland\\\/#primaryimage\",\"url\":\"https:\\\/\\\/thehometownlawyers.com\\\/wp-content\\\/uploads\\\/2019\\\/01\\\/FedEx-Truck-Accident.jpg\",\"contentUrl\":\"https:\\\/\\\/thehometownlawyers.com\\\/wp-content\\\/uploads\\\/2019\\\/01\\\/FedEx-Truck-Accident.jpg\",\"width\":640,\"height\":427,\"caption\":\"Accidente de tres semirremolques\"},{\"@type\":\"BreadcrumbList\",\"@id\":\"https:\\\/\\\/thehometownlawyers.com\\\/es\\\/hamilton\\\/abogado-de-accidente-de-camion\\\/holland\\\/#breadcrumb\",\"itemListElement\":[{\"@type\":\"ListItem\",\"position\":1,\"name\":\"Home\",\"item\":\"https:\\\/\\\/thehometownlawyers.com\\\/es\\\/\"},{\"@type\":\"ListItem\",\"position\":2,\"name\":\"Abogados de Lesiones Personales en Hamilton\",\"item\":\"https:\\\/\\\/thehometownlawyers.com\\\/es\\\/\"},{\"@type\":\"ListItem\",\"position\":3,\"name\":\"Abogado de Accidente de Cami\u00f3n en Hamilton\",\"item\":\"https:\\\/\\\/thehometownlawyers.com\\\/es\\\/hamilton\\\/abogado-de-accidente-de-camion\\\/\"},{\"@type\":\"ListItem\",\"position\":4,\"name\":\"Accidente de Cami\u00f3n Holland\"}]},{\"@type\":\"WebSite\",\"@id\":\"https:\\\/\\\/thehometownlawyers.com\\\/es\\\/#website\",\"url\":\"https:\\\/\\\/thehometownlawyers.com\\\/es\\\/\",\"name\":\"Kruger & Hodges Hometown Injury Lawyers | Accident Attorneys\",\"description\":\"Attorneys for Car, Truck and Motorcycle Accidents, Personal Injuries, and Criminal Defense.\",\"publisher\":{\"@id\":\"https:\\\/\\\/thehometownlawyers.com\\\/es\\\/#organization\"},\"alternateName\":\"Kruger & Hodges Personal Injury Lawyers\",\"inLanguage\":\"es\"},{\"@type\":\"Organization\",\"@id\":\"https:\\\/\\\/thehometownlawyers.com\\\/es\\\/#organization\",\"name\":\"Kruger & Hodges Hometown Injury Lawyers\",\"alternateName\":\"Kruger & Hodges\",\"url\":\"https:\\\/\\\/thehometownlawyers.com\\\/es\\\/\",\"logo\":{\"@type\":\"ImageObject\",\"inLanguage\":\"es\",\"@id\":\"https:\\\/\\\/thehometownlawyers.com\\\/es\\\/#\\\/schema\\\/logo\\\/image\\\/\",\"url\":\"https:\\\/\\\/thehometownlawyers.com\\\/wp-content\\\/uploads\\\/2025\\\/12\\\/revised-kh-logo-vertical-white-background-scaled.png\",\"contentUrl\":\"https:\\\/\\\/thehometownlawyers.com\\\/wp-content\\\/uploads\\\/2025\\\/12\\\/revised-kh-logo-vertical-white-background-scaled.png\",\"width\":2560,\"height\":1440,\"caption\":\"Kruger & Hodges Hometown Injury Lawyers\"},\"image\":{\"@id\":\"https:\\\/\\\/thehometownlawyers.com\\\/es\\\/#\\\/schema\\\/logo\\\/image\\\/\"},\"sameAs\":[\"https:\\\/\\\/www.facebook.com\\\/KrugerHodges\\\/\",\"https:\\\/\\\/www.instagram.com\\\/krugerhodges\\\/\",\"https:\\\/\\\/www.linkedin.com\\\/company\\\/kruger-hodges-hometown-injury-lawyers\\\/\",\"https:\\\/\\\/www.youtube.com\\\/channel\\\/UCeYcMaMaN2rb9jMlqt4EIdQ\",\"https:\\\/\\\/www.tiktok.com\\\/@thehometownlawyer\"]}]}<\/script>\n<!-- \/ Yoast SEO plugin. -->","yoast_head_json":{"title":"Abogado de Accidente de Cami\u00f3n Holland en Hamilton | Consulta Gratuita","description":"No intente navegar solo por un reclamo de accidente de cami\u00f3n de Holland. Las compa\u00f1\u00edas de seguros luchan contra estos casos porque los pagos potenciales son muy grandes.","robots":{"index":"index","follow":"follow","max-snippet":"max-snippet:-1","max-image-preview":"max-image-preview:large","max-video-preview":"max-video-preview:-1"},"canonical":"https:\/\/thehometownlawyers.com\/es\/hamilton\/abogado-de-accidente-de-camion\/holland\/","og_locale":"es_MX","og_type":"article","og_title":"Abogado de Accidente de Cami\u00f3n Holland en Hamilton | Consulta Gratuita","og_description":"No intente navegar solo por un reclamo de accidente de cami\u00f3n de Holland. Las compa\u00f1\u00edas de seguros luchan contra estos casos porque los pagos potenciales son muy grandes.","og_url":"https:\/\/thehometownlawyers.com\/es\/hamilton\/abogado-de-accidente-de-camion\/holland\/","og_site_name":"Kruger &amp; Hodges Abogados De Lesiones","article_publisher":"https:\/\/www.facebook.com\/KrugerHodges\/","article_modified_time":"2025-03-17T15:39:31+00:00","og_image":[{"width":640,"height":427,"url":"https:\/\/thehometownlawyers.com\/wp-content\/uploads\/2019\/01\/FedEx-Truck-Accident.jpg","type":"image\/jpeg"}],"twitter_card":"summary_large_image","twitter_misc":{"Tiempo de lectura":"3 minutos"},"schema":{"@context":"https:\/\/schema.org","@graph":[{"@type":"WebPage","@id":"https:\/\/thehometownlawyers.com\/es\/hamilton\/abogado-de-accidente-de-camion\/holland\/","url":"https:\/\/thehometownlawyers.com\/es\/hamilton\/abogado-de-accidente-de-camion\/holland\/","name":"Abogado de Accidente de Cami\u00f3n Holland en Hamilton | Consulta Gratuita","isPartOf":{"@id":"https:\/\/thehometownlawyers.com\/es\/#website"},"primaryImageOfPage":{"@id":"https:\/\/thehometownlawyers.com\/es\/hamilton\/abogado-de-accidente-de-camion\/holland\/#primaryimage"},"image":{"@id":"https:\/\/thehometownlawyers.com\/es\/hamilton\/abogado-de-accidente-de-camion\/holland\/#primaryimage"},"thumbnailUrl":"https:\/\/thehometownlawyers.com\/wp-content\/uploads\/2019\/01\/FedEx-Truck-Accident.jpg","datePublished":"2020-01-13T18:17:03+00:00","dateModified":"2025-03-17T15:39:31+00:00","description":"No intente navegar solo por un reclamo de accidente de cami\u00f3n de Holland. Las compa\u00f1\u00edas de seguros luchan contra estos casos porque los pagos potenciales son muy grandes.","breadcrumb":{"@id":"https:\/\/thehometownlawyers.com\/es\/hamilton\/abogado-de-accidente-de-camion\/holland\/#breadcrumb"},"inLanguage":"es","potentialAction":[{"@type":"ReadAction","target":["https:\/\/thehometownlawyers.com\/es\/hamilton\/abogado-de-accidente-de-camion\/holland\/"]}]},{"@type":"ImageObject","inLanguage":"es","@id":"https:\/\/thehometownlawyers.com\/es\/hamilton\/abogado-de-accidente-de-camion\/holland\/#primaryimage","url":"https:\/\/thehometownlawyers.com\/wp-content\/uploads\/2019\/01\/FedEx-Truck-Accident.jpg","contentUrl":"https:\/\/thehometownlawyers.com\/wp-content\/uploads\/2019\/01\/FedEx-Truck-Accident.jpg","width":640,"height":427,"caption":"Accidente de tres semirremolques"},{"@type":"BreadcrumbList","@id":"https:\/\/thehometownlawyers.com\/es\/hamilton\/abogado-de-accidente-de-camion\/holland\/#breadcrumb","itemListElement":[{"@type":"ListItem","position":1,"name":"Home","item":"https:\/\/thehometownlawyers.com\/es\/"},{"@type":"ListItem","position":2,"name":"Abogados de Lesiones Personales en Hamilton","item":"https:\/\/thehometownlawyers.com\/es\/"},{"@type":"ListItem","position":3,"name":"Abogado de Accidente de Cami\u00f3n en Hamilton","item":"https:\/\/thehometownlawyers.com\/es\/hamilton\/abogado-de-accidente-de-camion\/"},{"@type":"ListItem","position":4,"name":"Accidente de Cami\u00f3n Holland"}]},{"@type":"WebSite","@id":"https:\/\/thehometownlawyers.com\/es\/#website","url":"https:\/\/thehometownlawyers.com\/es\/","name":"Kruger & Hodges Hometown Injury Lawyers | Accident Attorneys","description":"Attorneys for Car, Truck and Motorcycle Accidents, Personal Injuries, and Criminal Defense.","publisher":{"@id":"https:\/\/thehometownlawyers.com\/es\/#organization"},"alternateName":"Kruger & Hodges Personal Injury Lawyers","inLanguage":"es"},{"@type":"Organization","@id":"https:\/\/thehometownlawyers.com\/es\/#organization","name":"Kruger & Hodges Hometown Injury Lawyers","alternateName":"Kruger & Hodges","url":"https:\/\/thehometownlawyers.com\/es\/","logo":{"@type":"ImageObject","inLanguage":"es","@id":"https:\/\/thehometownlawyers.com\/es\/#\/schema\/logo\/image\/","url":"https:\/\/thehometownlawyers.com\/wp-content\/uploads\/2025\/12\/revised-kh-logo-vertical-white-background-scaled.png","contentUrl":"https:\/\/thehometownlawyers.com\/wp-content\/uploads\/2025\/12\/revised-kh-logo-vertical-white-background-scaled.png","width":2560,"height":1440,"caption":"Kruger & Hodges Hometown Injury Lawyers"},"image":{"@id":"https:\/\/thehometownlawyers.com\/es\/#\/schema\/logo\/image\/"},"sameAs":["https:\/\/www.facebook.com\/KrugerHodges\/","https:\/\/www.instagram.com\/krugerhodges\/","https:\/\/www.linkedin.com\/company\/kruger-hodges-hometown-injury-lawyers\/","https:\/\/www.youtube.com\/channel\/UCeYcMaMaN2rb9jMlqt4EIdQ","https:\/\/www.tiktok.com\/@thehometownlawyer"]}]}},"_links":{"self":[{"href":"https:\/\/thehometownlawyers.com\/es\/wp-json\/wp\/v2\/pages\/21279","targetHints":{"allow":["GET"]}}],"collection":[{"href":"https:\/\/thehometownlawyers.com\/es\/wp-json\/wp\/v2\/pages"}],"about":[{"href":"https:\/\/thehometownlawyers.com\/es\/wp-json\/wp\/v2\/types\/page"}],"author":[{"embeddable":true,"href":"https:\/\/thehometownlawyers.com\/es\/wp-json\/wp\/v2\/users\/7"}],"replies":[{"embeddable":true,"href":"https:\/\/thehometownlawyers.com\/es\/wp-json\/wp\/v2\/comments?post=21279"}],"version-history":[{"count":0,"href":"https:\/\/thehometownlawyers.com\/es\/wp-json\/wp\/v2\/pages\/21279\/revisions"}],"up":[{"embeddable":true,"href":"https:\/\/thehometownlawyers.com\/es\/wp-json\/wp\/v2\/pages\/20967"}],"wp:featuredmedia":[{"embeddable":true,"href":"https:\/\/thehometownlawyers.com\/es\/wp-json\/wp\/v2\/media\/20728"}],"wp:attachment":[{"href":"https:\/\/thehometownlawyers.com\/es\/wp-json\/wp\/v2\/media?parent=21279"}],"wp:term":[{"taxonomy":"hc_faqs","embeddable":true,"href":"https:\/\/thehometownlawyers.com\/es\/wp-json\/wp\/v2\/hc_faqs?post=21279"},{"taxonomy":"hc_spanish_faqs","embeddable":true,"href":"https:\/\/thehometownlawyers.com\/es\/wp-json\/wp\/v2\/hc_spanish_faqs?post=21279"}],"curies":[{"name":"wp","href":"https:\/\/api.w.org\/{rel}","templated":true}]}}