{"id":21282,"date":"2020-01-13T14:26:32","date_gmt":"2020-01-13T19:26:32","guid":{"rendered":"https:\/\/thehometownlawyers.com\/?page_id=21282"},"modified":"2025-03-17T11:39:55","modified_gmt":"2025-03-17T15:39:55","slug":"accidentes-de-camiones-rapidos","status":"publish","type":"page","link":"https:\/\/thehometownlawyers.com\/es\/hamilton\/abogado-de-accidente-de-camion\/swift\/","title":{"rendered":"Abogado de Accidente de Cami\u00f3n Swfit en Hamilton"},"content":{"rendered":"<h2>Accidentes de camiones r\u00e1pidos<\/h2>\n<p>La mayor\u00eda de las personas ahora se dan cuenta de que hay grandes empresas nacionales de camiones y luego hay operaciones de camiones m\u00e1s peque\u00f1as operadas por sus propietarios. Algunas de las compa\u00f1\u00edas m\u00e1s grandes de Estados Unidos ofrecen capacitaci\u00f3n en el trabajo para conductores profesionales. De hecho, muchos camioneros profesionales obtienen su CDL inicial a trav\u00e9s de uno de estos programas de capacitaci\u00f3n aprobados. Sin embargo, tiende a ser en toda la industria, al menos anecd\u00f3ticamente, las mismas empresas que brindan esta capacitaci\u00f3n a menudo son empresas que ofrecen salarios bajos para los conductores y tienen baja retenci\u00f3n de conductores de calidad. Si usted o un ser querido resultan heridos en cualquiera de estos accidentes de Swift u otros camiones, <a href=\"https:\/\/thehometownlawyers.com\/es\/contacto\/\">comun\u00edquese con<\/a> Kruger &amp; Hodges para defender sus derechos.<\/p>\n<p class=\"rs-content-cta rs-content-cta-small\">Para una consulta legal gratuita, llame al <a href=\"tel:+15138943333\">513-894-3333 <\/a><\/p><h2>\u00bfCu\u00e1nto entrenamiento reciben los conductores de Swift?<\/h2>\n<p>Seg\u00fan <a href=\"https:\/\/careers.swifttrans.com\/driver-jobs\/student-hiring\/?utm_campaign=Swift%20Corporate%20Website%20SEO%20Drivers&amp;_ga=2.78319828.1995597972.1571421316-1660641044.1571421316\" target=\"_blank\" rel=\"noopener\">informaci\u00f3n de la propia<\/a> Swift, operan unos 16.000 camiones en su flota. <a href=\"https:\/\/www.truckingtruth.com\/paid-cdl-training\/swift-transportation\/\" target=\"_blank\" rel=\"noopener noreferrer\">Truckingtruth.com<\/a> , una fuente de informaci\u00f3n para toda la industria sobre compa\u00f1\u00edas de camiones y capacitaci\u00f3n, el programa de capacitaci\u00f3n para conductores CDL de la compa\u00f1\u00eda dura aproximadamente seis semanas. Aqu\u00ed est\u00e1 el problema, sin embargo. Seis semanas de capacitaci\u00f3n para conductores deber\u00edan ser suficientes para que la mayor\u00eda de las personas aprendan las cuerdas y se conviertan en conductores de camiones calificados. Sin embargo, en realidad no es tiempo suficiente para convertirse en un operador competente y seguro. Eso lleva mucho m\u00e1s tiempo. Swift tiene cierta reputaci\u00f3n de contratar conductores sin experiencia y de mala calidad. Es una reputaci\u00f3n que parece persistir. Esto puede deberse a que, a diferencia de la mayor\u00eda de las empresas de camiones, Swift contratar\u00e1 a personas sin experiencia previa en la operaci\u00f3n de un cami\u00f3n con remolque. Si bien s\u00ed, obtienen la cantidad m\u00ednima de capacitaci\u00f3n para obtener la licencia, la mayor\u00eda de las personas abandonan la empresa para ganar m\u00e1s dinero despu\u00e9s de haber obtenido experiencia, lo que deja a la empresa con una fuerza laboral relativamente menos experimentada en comparaci\u00f3n con la competencia.<\/p>\n<p class=\"rs-content-cta\">Abogado de Accidente de Cami\u00f3n de hamilton Cerca de M\u00ed <a href=\"tel:+15138943333\">513-894-3333<\/a><\/p><h2>Por qu\u00e9 importa la experiencia<\/h2>\n<p>Cuando se trata de camioneros, la experiencia lo es todo. La memoria muscular, conocer los trucos del oficio y comprender c\u00f3mo navegar en situaciones dif\u00edciles pueden ser ventajas que salvan vidas en condiciones de tr\u00e1fico peligrosas. La experiencia puede ser la diferencia entre girar por una carretera en la que el cami\u00f3n no deber\u00eda estar o quedarse atascado debajo de un puente. La experiencia puede ser la diferencia entre esforzarse demasiado o detenerse para descansar. La madurez y la experiencia tambi\u00e9n tienden a ser los dos factores m\u00e1s importantes en la seguridad del conductor.<\/p>\n<p class=\"rs-content-cta rs-content-cta-small\"><a href=\"\/es\/contacto\/\">Haga clic para contactar<\/a> con nuestros accidente de cami\u00f3n abogados hoy<\/p><h2>Rotaci\u00f3n y Seguridad<\/h2>\n<p>Si le pregunta a la mayor\u00eda de los conductores de camiones, Swift, al igual que algunas de las otras grandes empresas de camiones de nivel de entrada en la carretera, tiene un grave problema de rotaci\u00f3n. Seg\u00fan el American Transportation Research Institute, la rotaci\u00f3n de conductores es uno de los mayores problemas que aquejan a la industria. Un estudio de 2008 mostr\u00f3 que la <em>mayor\u00eda de las empresas<\/em> experimentaron m\u00e1s del 100% de facturaci\u00f3n cada a\u00f1o. Esto ser\u00eda insostenible para cualquier otro modelo de negocio. El estudio tambi\u00e9n revel\u00f3 que de los nuevos conductores encuestados, aproximadamente una cuarta parte de ellos no estaban con su empresa original solo 60 d\u00edas despu\u00e9s de haber sido contratados y que despu\u00e9s de solo 100 d\u00edas, m\u00e1s de la mitad de ellos se hab\u00edan ido. Menos del 3% de todos los conductores nuevos encuestados en el estudio segu\u00edan con su empleador original un a\u00f1o despu\u00e9s de la contrataci\u00f3n.<\/p>\n<p class=\"rs-content-cta rs-content-cta-small\">Complete una <a href=\"\/es\/contacto\/\">evaluaci\u00f3n gratuita de su caso<\/a> ahora<\/p><h2>C\u00f3mo obtener ayuda con reclamos por lesiones contra Swift<\/h2>\n<p>Si usted o un ser querido han sido lesionados por un conductor de cami\u00f3n Swift descuidado e inexperto, llame a <a href=\"https:\/\/thehometownlawyers.com\/es\/acerca-de-los-abogados-de-kruger-hodges\/\">Kruger &amp; Hodges<\/a> hoy. Nuestros <a href=\"https:\/\/thehometownlawyers.com\/es\/\">abogados expertos en accidentes de camiones<\/a> con gusto hablar\u00e1n con usted sin cargo para obtener m\u00e1s informaci\u00f3n sobre su caso y ver si podemos ayudarlo. Nunca cobramos una tarifa por adelantado, por lo que no tiene <a href=\"https:\/\/thehometownlawyers.com\/es\/contacto\/\">ning\u00fan riesgo ni obligaci\u00f3n<\/a> por hacer la llamada.<\/p>\n<p class=\"rs-content-cta rs-content-cta-small\">Llame o env\u00ede un mensaje de texto al <a href=\"tel:+15138943333\">513-894-3333<\/a> o complete una <a href=\"\/es\/contacto\/\">evaluaci\u00f3n gratuita de su caso<\/a><\/p>","protected":false},"excerpt":{"rendered":"<p>Accidentes de camiones r\u00e1pidos La mayor\u00eda de las personas ahora se dan cuenta de que hay grandes empresas nacionales de camiones y luego hay operaciones de camiones m\u00e1s peque\u00f1as operadas por sus propietarios. Algunas de las compa\u00f1\u00edas m\u00e1s grandes de Estados Unidos ofrecen capacitaci\u00f3n en el trabajo para conductores profesionales. De hecho, muchos camioneros profesionales &#8230;<\/p>\n","protected":false},"author":7,"featured_media":20728,"parent":20967,"menu_order":0,"comment_status":"closed","ping_status":"closed","template":"","meta":{"_acf_changed":false,"inline_featured_image":false,"_genesis_hide_title":false,"_genesis_hide_breadcrumbs":false,"_genesis_hide_singular_image":false,"_genesis_hide_footer_widgets":false,"_genesis_custom_body_class":"","_genesis_custom_post_class":"","_genesis_layout":"","footnotes":""},"hc_faqs":[],"hc_spanish_faqs":[],"class_list":{"0":"post-21282","1":"page","2":"type-page","3":"status-publish","4":"has-post-thumbnail","6":"hc_city_location-hamilton-es-2","7":"entry"},"acf":[],"yoast_head":"<!-- This site is optimized with the Yoast SEO plugin v27.4 - https:\/\/yoast.com\/product\/yoast-seo-wordpress\/ -->\n<title>Abogado de Accidente de Cami\u00f3n Swfit en Hamilton | Consulta Gratuita<\/title>\n<meta name=\"description\" content=\"Accidentes de camiones r\u00e1pidos La mayor\u00eda de las personas ahora se dan cuenta de que hay grandes empresas nacionales de camiones y luego hay operaciones\" \/>\n<meta name=\"robots\" content=\"index, follow, max-snippet:-1, max-image-preview:large, max-video-preview:-1\" \/>\n<link rel=\"canonical\" href=\"https:\/\/thehometownlawyers.com\/es\/hamilton\/abogado-de-accidente-de-camion\/swift\/\" \/>\n<meta property=\"og:locale\" content=\"es_MX\" \/>\n<meta property=\"og:type\" content=\"article\" \/>\n<meta property=\"og:title\" content=\"Abogado de Accidente de Cami\u00f3n Swfit en Hamilton | Consulta Gratuita\" \/>\n<meta property=\"og:description\" content=\"Accidentes de camiones r\u00e1pidos La mayor\u00eda de las personas ahora se dan cuenta de que hay grandes empresas nacionales de camiones y luego hay operaciones\" \/>\n<meta property=\"og:url\" content=\"https:\/\/thehometownlawyers.com\/es\/hamilton\/abogado-de-accidente-de-camion\/swift\/\" \/>\n<meta property=\"og:site_name\" content=\"Kruger &amp; Hodges Abogados De Lesiones\" \/>\n<meta property=\"article:publisher\" content=\"https:\/\/www.facebook.com\/KrugerHodges\/\" \/>\n<meta property=\"article:modified_time\" content=\"2025-03-17T15:39:55+00:00\" \/>\n<meta property=\"og:image\" content=\"https:\/\/thehometownlawyers.com\/wp-content\/uploads\/2019\/01\/FedEx-Truck-Accident.jpg\" \/>\n\t<meta property=\"og:image:width\" content=\"640\" \/>\n\t<meta property=\"og:image:height\" content=\"427\" \/>\n\t<meta property=\"og:image:type\" content=\"image\/jpeg\" \/>\n<meta name=\"twitter:card\" content=\"summary_large_image\" \/>\n<meta name=\"twitter:label1\" content=\"Tiempo de lectura\" \/>\n\t<meta name=\"twitter:data1\" content=\"4 minutos\" \/>\n<script type=\"application\/ld+json\" class=\"yoast-schema-graph\">{\"@context\":\"https:\\\/\\\/schema.org\",\"@graph\":[{\"@type\":\"WebPage\",\"@id\":\"https:\\\/\\\/thehometownlawyers.com\\\/es\\\/hamilton\\\/abogado-de-accidente-de-camion\\\/swift\\\/\",\"url\":\"https:\\\/\\\/thehometownlawyers.com\\\/es\\\/hamilton\\\/abogado-de-accidente-de-camion\\\/swift\\\/\",\"name\":\"Abogado de Accidente de Cami\u00f3n Swfit en Hamilton | Consulta Gratuita\",\"isPartOf\":{\"@id\":\"https:\\\/\\\/thehometownlawyers.com\\\/es\\\/#website\"},\"primaryImageOfPage\":{\"@id\":\"https:\\\/\\\/thehometownlawyers.com\\\/es\\\/hamilton\\\/abogado-de-accidente-de-camion\\\/swift\\\/#primaryimage\"},\"image\":{\"@id\":\"https:\\\/\\\/thehometownlawyers.com\\\/es\\\/hamilton\\\/abogado-de-accidente-de-camion\\\/swift\\\/#primaryimage\"},\"thumbnailUrl\":\"https:\\\/\\\/thehometownlawyers.com\\\/wp-content\\\/uploads\\\/2019\\\/01\\\/FedEx-Truck-Accident.jpg\",\"datePublished\":\"2020-01-13T19:26:32+00:00\",\"dateModified\":\"2025-03-17T15:39:55+00:00\",\"description\":\"Accidentes de camiones r\u00e1pidos La mayor\u00eda de las personas ahora se dan cuenta de que hay grandes empresas nacionales de camiones y luego hay operaciones\",\"breadcrumb\":{\"@id\":\"https:\\\/\\\/thehometownlawyers.com\\\/es\\\/hamilton\\\/abogado-de-accidente-de-camion\\\/swift\\\/#breadcrumb\"},\"inLanguage\":\"es\",\"potentialAction\":[{\"@type\":\"ReadAction\",\"target\":[\"https:\\\/\\\/thehometownlawyers.com\\\/es\\\/hamilton\\\/abogado-de-accidente-de-camion\\\/swift\\\/\"]}]},{\"@type\":\"ImageObject\",\"inLanguage\":\"es\",\"@id\":\"https:\\\/\\\/thehometownlawyers.com\\\/es\\\/hamilton\\\/abogado-de-accidente-de-camion\\\/swift\\\/#primaryimage\",\"url\":\"https:\\\/\\\/thehometownlawyers.com\\\/wp-content\\\/uploads\\\/2019\\\/01\\\/FedEx-Truck-Accident.jpg\",\"contentUrl\":\"https:\\\/\\\/thehometownlawyers.com\\\/wp-content\\\/uploads\\\/2019\\\/01\\\/FedEx-Truck-Accident.jpg\",\"width\":640,\"height\":427,\"caption\":\"Accidente de tres semirremolques\"},{\"@type\":\"BreadcrumbList\",\"@id\":\"https:\\\/\\\/thehometownlawyers.com\\\/es\\\/hamilton\\\/abogado-de-accidente-de-camion\\\/swift\\\/#breadcrumb\",\"itemListElement\":[{\"@type\":\"ListItem\",\"position\":1,\"name\":\"Home\",\"item\":\"https:\\\/\\\/thehometownlawyers.com\\\/es\\\/\"},{\"@type\":\"ListItem\",\"position\":2,\"name\":\"Abogados de Lesiones Personales en Hamilton\",\"item\":\"https:\\\/\\\/thehometownlawyers.com\\\/es\\\/\"},{\"@type\":\"ListItem\",\"position\":3,\"name\":\"Abogado de Accidente de Cami\u00f3n en Hamilton\",\"item\":\"https:\\\/\\\/thehometownlawyers.com\\\/es\\\/hamilton\\\/abogado-de-accidente-de-camion\\\/\"},{\"@type\":\"ListItem\",\"position\":4,\"name\":\"Accidente de Cami\u00f3n Swift\"}]},{\"@type\":\"WebSite\",\"@id\":\"https:\\\/\\\/thehometownlawyers.com\\\/es\\\/#website\",\"url\":\"https:\\\/\\\/thehometownlawyers.com\\\/es\\\/\",\"name\":\"Kruger & Hodges Hometown Injury Lawyers | Accident Attorneys\",\"description\":\"Attorneys for Car, Truck and Motorcycle Accidents, Personal Injuries, and Criminal Defense.\",\"publisher\":{\"@id\":\"https:\\\/\\\/thehometownlawyers.com\\\/es\\\/#organization\"},\"alternateName\":\"Kruger & Hodges Personal Injury Lawyers\",\"inLanguage\":\"es\"},{\"@type\":\"Organization\",\"@id\":\"https:\\\/\\\/thehometownlawyers.com\\\/es\\\/#organization\",\"name\":\"Kruger & Hodges Hometown Injury Lawyers\",\"alternateName\":\"Kruger & Hodges\",\"url\":\"https:\\\/\\\/thehometownlawyers.com\\\/es\\\/\",\"logo\":{\"@type\":\"ImageObject\",\"inLanguage\":\"es\",\"@id\":\"https:\\\/\\\/thehometownlawyers.com\\\/es\\\/#\\\/schema\\\/logo\\\/image\\\/\",\"url\":\"https:\\\/\\\/thehometownlawyers.com\\\/wp-content\\\/uploads\\\/2025\\\/12\\\/revised-kh-logo-vertical-white-background-scaled.png\",\"contentUrl\":\"https:\\\/\\\/thehometownlawyers.com\\\/wp-content\\\/uploads\\\/2025\\\/12\\\/revised-kh-logo-vertical-white-background-scaled.png\",\"width\":2560,\"height\":1440,\"caption\":\"Kruger & Hodges Hometown Injury Lawyers\"},\"image\":{\"@id\":\"https:\\\/\\\/thehometownlawyers.com\\\/es\\\/#\\\/schema\\\/logo\\\/image\\\/\"},\"sameAs\":[\"https:\\\/\\\/www.facebook.com\\\/KrugerHodges\\\/\",\"https:\\\/\\\/www.instagram.com\\\/krugerhodges\\\/\",\"https:\\\/\\\/www.linkedin.com\\\/company\\\/kruger-hodges-hometown-injury-lawyers\\\/\",\"https:\\\/\\\/www.youtube.com\\\/channel\\\/UCeYcMaMaN2rb9jMlqt4EIdQ\",\"https:\\\/\\\/www.tiktok.com\\\/@thehometownlawyer\"]}]}<\/script>\n<!-- \/ Yoast SEO plugin. -->","yoast_head_json":{"title":"Abogado de Accidente de Cami\u00f3n Swfit en Hamilton | Consulta Gratuita","description":"Accidentes de camiones r\u00e1pidos La mayor\u00eda de las personas ahora se dan cuenta de que hay grandes empresas nacionales de camiones y luego hay operaciones","robots":{"index":"index","follow":"follow","max-snippet":"max-snippet:-1","max-image-preview":"max-image-preview:large","max-video-preview":"max-video-preview:-1"},"canonical":"https:\/\/thehometownlawyers.com\/es\/hamilton\/abogado-de-accidente-de-camion\/swift\/","og_locale":"es_MX","og_type":"article","og_title":"Abogado de Accidente de Cami\u00f3n Swfit en Hamilton | Consulta Gratuita","og_description":"Accidentes de camiones r\u00e1pidos La mayor\u00eda de las personas ahora se dan cuenta de que hay grandes empresas nacionales de camiones y luego hay operaciones","og_url":"https:\/\/thehometownlawyers.com\/es\/hamilton\/abogado-de-accidente-de-camion\/swift\/","og_site_name":"Kruger &amp; Hodges Abogados De Lesiones","article_publisher":"https:\/\/www.facebook.com\/KrugerHodges\/","article_modified_time":"2025-03-17T15:39:55+00:00","og_image":[{"width":640,"height":427,"url":"https:\/\/thehometownlawyers.com\/wp-content\/uploads\/2019\/01\/FedEx-Truck-Accident.jpg","type":"image\/jpeg"}],"twitter_card":"summary_large_image","twitter_misc":{"Tiempo de lectura":"4 minutos"},"schema":{"@context":"https:\/\/schema.org","@graph":[{"@type":"WebPage","@id":"https:\/\/thehometownlawyers.com\/es\/hamilton\/abogado-de-accidente-de-camion\/swift\/","url":"https:\/\/thehometownlawyers.com\/es\/hamilton\/abogado-de-accidente-de-camion\/swift\/","name":"Abogado de Accidente de Cami\u00f3n Swfit en Hamilton | Consulta Gratuita","isPartOf":{"@id":"https:\/\/thehometownlawyers.com\/es\/#website"},"primaryImageOfPage":{"@id":"https:\/\/thehometownlawyers.com\/es\/hamilton\/abogado-de-accidente-de-camion\/swift\/#primaryimage"},"image":{"@id":"https:\/\/thehometownlawyers.com\/es\/hamilton\/abogado-de-accidente-de-camion\/swift\/#primaryimage"},"thumbnailUrl":"https:\/\/thehometownlawyers.com\/wp-content\/uploads\/2019\/01\/FedEx-Truck-Accident.jpg","datePublished":"2020-01-13T19:26:32+00:00","dateModified":"2025-03-17T15:39:55+00:00","description":"Accidentes de camiones r\u00e1pidos La mayor\u00eda de las personas ahora se dan cuenta de que hay grandes empresas nacionales de camiones y luego hay operaciones","breadcrumb":{"@id":"https:\/\/thehometownlawyers.com\/es\/hamilton\/abogado-de-accidente-de-camion\/swift\/#breadcrumb"},"inLanguage":"es","potentialAction":[{"@type":"ReadAction","target":["https:\/\/thehometownlawyers.com\/es\/hamilton\/abogado-de-accidente-de-camion\/swift\/"]}]},{"@type":"ImageObject","inLanguage":"es","@id":"https:\/\/thehometownlawyers.com\/es\/hamilton\/abogado-de-accidente-de-camion\/swift\/#primaryimage","url":"https:\/\/thehometownlawyers.com\/wp-content\/uploads\/2019\/01\/FedEx-Truck-Accident.jpg","contentUrl":"https:\/\/thehometownlawyers.com\/wp-content\/uploads\/2019\/01\/FedEx-Truck-Accident.jpg","width":640,"height":427,"caption":"Accidente de tres semirremolques"},{"@type":"BreadcrumbList","@id":"https:\/\/thehometownlawyers.com\/es\/hamilton\/abogado-de-accidente-de-camion\/swift\/#breadcrumb","itemListElement":[{"@type":"ListItem","position":1,"name":"Home","item":"https:\/\/thehometownlawyers.com\/es\/"},{"@type":"ListItem","position":2,"name":"Abogados de Lesiones Personales en Hamilton","item":"https:\/\/thehometownlawyers.com\/es\/"},{"@type":"ListItem","position":3,"name":"Abogado de Accidente de Cami\u00f3n en Hamilton","item":"https:\/\/thehometownlawyers.com\/es\/hamilton\/abogado-de-accidente-de-camion\/"},{"@type":"ListItem","position":4,"name":"Accidente de Cami\u00f3n Swift"}]},{"@type":"WebSite","@id":"https:\/\/thehometownlawyers.com\/es\/#website","url":"https:\/\/thehometownlawyers.com\/es\/","name":"Kruger & Hodges Hometown Injury Lawyers | Accident Attorneys","description":"Attorneys for Car, Truck and Motorcycle Accidents, Personal Injuries, and Criminal Defense.","publisher":{"@id":"https:\/\/thehometownlawyers.com\/es\/#organization"},"alternateName":"Kruger & Hodges Personal Injury Lawyers","inLanguage":"es"},{"@type":"Organization","@id":"https:\/\/thehometownlawyers.com\/es\/#organization","name":"Kruger & Hodges Hometown Injury Lawyers","alternateName":"Kruger & Hodges","url":"https:\/\/thehometownlawyers.com\/es\/","logo":{"@type":"ImageObject","inLanguage":"es","@id":"https:\/\/thehometownlawyers.com\/es\/#\/schema\/logo\/image\/","url":"https:\/\/thehometownlawyers.com\/wp-content\/uploads\/2025\/12\/revised-kh-logo-vertical-white-background-scaled.png","contentUrl":"https:\/\/thehometownlawyers.com\/wp-content\/uploads\/2025\/12\/revised-kh-logo-vertical-white-background-scaled.png","width":2560,"height":1440,"caption":"Kruger & Hodges Hometown Injury Lawyers"},"image":{"@id":"https:\/\/thehometownlawyers.com\/es\/#\/schema\/logo\/image\/"},"sameAs":["https:\/\/www.facebook.com\/KrugerHodges\/","https:\/\/www.instagram.com\/krugerhodges\/","https:\/\/www.linkedin.com\/company\/kruger-hodges-hometown-injury-lawyers\/","https:\/\/www.youtube.com\/channel\/UCeYcMaMaN2rb9jMlqt4EIdQ","https:\/\/www.tiktok.com\/@thehometownlawyer"]}]}},"_links":{"self":[{"href":"https:\/\/thehometownlawyers.com\/es\/wp-json\/wp\/v2\/pages\/21282","targetHints":{"allow":["GET"]}}],"collection":[{"href":"https:\/\/thehometownlawyers.com\/es\/wp-json\/wp\/v2\/pages"}],"about":[{"href":"https:\/\/thehometownlawyers.com\/es\/wp-json\/wp\/v2\/types\/page"}],"author":[{"embeddable":true,"href":"https:\/\/thehometownlawyers.com\/es\/wp-json\/wp\/v2\/users\/7"}],"replies":[{"embeddable":true,"href":"https:\/\/thehometownlawyers.com\/es\/wp-json\/wp\/v2\/comments?post=21282"}],"version-history":[{"count":0,"href":"https:\/\/thehometownlawyers.com\/es\/wp-json\/wp\/v2\/pages\/21282\/revisions"}],"up":[{"embeddable":true,"href":"https:\/\/thehometownlawyers.com\/es\/wp-json\/wp\/v2\/pages\/20967"}],"wp:featuredmedia":[{"embeddable":true,"href":"https:\/\/thehometownlawyers.com\/es\/wp-json\/wp\/v2\/media\/20728"}],"wp:attachment":[{"href":"https:\/\/thehometownlawyers.com\/es\/wp-json\/wp\/v2\/media?parent=21282"}],"wp:term":[{"taxonomy":"hc_faqs","embeddable":true,"href":"https:\/\/thehometownlawyers.com\/es\/wp-json\/wp\/v2\/hc_faqs?post=21282"},{"taxonomy":"hc_spanish_faqs","embeddable":true,"href":"https:\/\/thehometownlawyers.com\/es\/wp-json\/wp\/v2\/hc_spanish_faqs?post=21282"}],"curies":[{"name":"wp","href":"https:\/\/api.w.org\/{rel}","templated":true}]}}