{"id":21283,"date":"2020-01-13T13:05:59","date_gmt":"2020-01-13T18:05:59","guid":{"rendered":"https:\/\/thehometownlawyers.com\/?page_id=21283"},"modified":"2025-04-03T13:45:47","modified_gmt":"2025-04-03T17:45:47","slug":"accidentes-de-camiones-de-fedex","status":"publish","type":"page","link":"https:\/\/thehometownlawyers.com\/es\/hamilton\/abogado-de-accidente-de-camion\/fedex\/","title":{"rendered":"Abogado de Accidente de Cami\u00f3n Fedex en Hamilton"},"content":{"rendered":"<h2>Accidentes de camiones de FedEx<\/h2>\n<p>En 2014, un <a href=\"https:\/\/www.nbcbayarea.com\/news\/national-international\/tracker-on-delivery-truck-likely-destroyed-investigator\/89238\/\" target=\"_blank\" rel=\"noopener noreferrer\">informe especial de NBC<\/a> indic\u00f3 que FedEx Freight, una de las principales empresas de transporte internacional y divisi\u00f3n de FedEx, tuvo hasta 730 accidentes en solo dos a\u00f1os, y la empresa fue citada por conducci\u00f3n insegura m\u00e1s de 679 veces. Estos n\u00fameros ofrecen solo un vistazo sutil al peligroso mundo del env\u00edo de carga en los EE. UU. Incluso las empresas con excelentes registros de seguridad pueden tener un problema real con los conductores y otros empleados peligrosos y descuidados. Cuando las operaciones de camiones y sus conductores negligentes no siguen las reglas b\u00e1sicas de seguridad en la carretera, pueden ocurrir colisiones mortales. Aqu\u00ed hay algunas cosas que debe considerar si alguna vez se ve involucrado en accidentes de camiones de FedEx o con uno de sus conductores.<\/p>\n<p class=\"rs-content-cta rs-content-cta-small\">Para una consulta legal gratuita, llame al <a href=\"tel:+15138943333\">513-894-3333 <\/a><\/p><h2>Det\u00e9ngase y pida ayuda<\/h2>\n<p>Si bien puede parecer obvio que el cami\u00f3n de FedEx es propiedad y est\u00e1 operado por FedEx, no haga suposiciones. Nunca permita que el otro conductor simplemente abandone la escena, incluso si se ofrece a darle un n\u00famero o informaci\u00f3n del operador. En su lugar, sea cort\u00e9s y explique que preferir\u00eda que la polic\u00eda y los equipos de emergencia estuvieran en el lugar para investigar. Hacer esto asegurar\u00e1 que se cree un registro oficial. Tambi\u00e9n garantizar\u00e1 que la polic\u00eda pueda recopilar la informaci\u00f3n legal correcta del conductor. Algunos camioneros dan un n\u00famero de tel\u00e9fono falso o inventan la informaci\u00f3n del seguro para evitar que una persona lesionada se comunique con su compa\u00f1\u00eda sobre el accidente. Al tener a las autoridades en la escena de un accidente de cami\u00f3n de FedEx, se asegura de obtener la informaci\u00f3n correcta que necesitar\u00e1 para resolver un reclamo.<\/p>\n<p class=\"rs-content-cta\">Abogado de Accidente de Cami\u00f3n de hamilton Cerca de M\u00ed <a href=\"tel:+15138943333\">513-894-3333<\/a><\/p><h2>Tome fotos del accidente del cami\u00f3n de FedEx<\/h2>\n<p>Trate de obtener fotograf\u00edas de las partes da\u00f1adas de ambos veh\u00edculos, pero tambi\u00e9n obtenga im\u00e1genes del n\u00famero de control, DOT y n\u00fameros de transporte en el costado de la unidad de potencia real (es decir, el tractor). Estos n\u00fameros lo ayudar\u00e1n a usted y a su <a href=\"https:\/\/thehometownlawyers.com\/es\/\">abogado de accidentes de camiones<\/a> a determinar el propietario y operador real de la unidad. En algunos casos, un contratista privado o una empresa subcontratista puede estar operando el veh\u00edculo, a diferencia de FedEx Freight. Si este es el caso, en realidad puede ser otra persona con la que deba tratar para resolver su reclamo.<\/p>\n<p class=\"rs-content-cta rs-content-cta-small\"><a href=\"\/es\/contacto\/\">Haga clic para contactar<\/a> con nuestros accidente de cami\u00f3n abogados hoy<\/p><h2>Busque atenci\u00f3n m\u00e9dica de inmediato<\/h2>\n<p>Los retrasos en la obtenci\u00f3n de atenci\u00f3n son quiz\u00e1s una de las principales razones por las que las compa\u00f1\u00edas de seguros y las principales empresas de camiones se niegan a pagar las reclamaciones o reducen el valor de las reclamaciones. Considere esto: si espera varios d\u00edas o semanas antes de ir al m\u00e9dico por sus lesiones, la compa\u00f1\u00eda de seguros o la compa\u00f1\u00eda de camiones pueden decir que sus lesiones no est\u00e1n relacionadas con el accidente. Por lo tanto, dado que no tiene pruebas claras de que el accidente caus\u00f3 sus lesiones, es posible que se nieguen a pagar. Esto puede dejarlo colgado con el costo y la dificultad de una lesi\u00f3n permanente.<\/p>\n<p class=\"rs-content-cta rs-content-cta-small\">Complete una <a href=\"\/es\/contacto\/\">evaluaci\u00f3n gratuita de su caso<\/a> ahora<\/p><h2>No hable con los ajustadores de seguros<\/h2>\n<p>Los representantes de reclamos de seguros son muy buenos para hacer que las personas den declaraciones grabadas y luego tergiversar y hacer mal uso de esas declaraciones para rechazar una compensaci\u00f3n. Antes de arriesgarse a hablar con los representantes de seguros de una compa\u00f1\u00eda de camiones, siempre debe hablar primero con un <a href=\"https:\/\/thehometownlawyers.com\/es\/\">abogado experto en accidentes de camiones<\/a> . Llame a <a href=\"https:\/\/thehometownlawyers.com\/es\/contacto\/\">Kruger &amp; Hodges<\/a> hoy y hable con un abogado de accidentes de camiones sin cargo para <a href=\"https:\/\/thehometownlawyers.com\/es\/contacto\/\">averiguar si tiene un caso<\/a> .<\/p>\n<p class=\"rs-content-cta rs-content-cta-small\">Llame o env\u00ede un mensaje de texto al <a href=\"tel:+15138943333\">513-894-3333<\/a> o complete una <a href=\"\/es\/contacto\/\">evaluaci\u00f3n gratuita de su caso<\/a><\/p>","protected":false},"excerpt":{"rendered":"<p>Accidentes de camiones de FedEx En 2014, un informe especial de NBC indic\u00f3 que FedEx Freight, una de las principales empresas de transporte internacional y divisi\u00f3n de FedEx, tuvo hasta 730 accidentes en solo dos a\u00f1os, y la empresa fue citada por conducci\u00f3n insegura m\u00e1s de 679 veces. Estos n\u00fameros ofrecen solo un vistazo sutil &#8230;<\/p>\n","protected":false},"author":7,"featured_media":24612,"parent":20967,"menu_order":0,"comment_status":"closed","ping_status":"closed","template":"","meta":{"_acf_changed":false,"inline_featured_image":false,"_genesis_hide_title":false,"_genesis_hide_breadcrumbs":false,"_genesis_hide_singular_image":false,"_genesis_hide_footer_widgets":false,"_genesis_custom_body_class":"","_genesis_custom_post_class":"","_genesis_layout":"","footnotes":""},"hc_faqs":[],"hc_spanish_faqs":[],"class_list":{"0":"post-21283","1":"page","2":"type-page","3":"status-publish","4":"has-post-thumbnail","6":"hc_city_location-hamilton-es-2","7":"entry"},"acf":[],"yoast_head":"<!-- This site is optimized with the Yoast SEO plugin v27.4 - https:\/\/yoast.com\/product\/yoast-seo-wordpress\/ -->\n<title>Abogado de Accidente de Cami\u00f3n Fedex en Hamilton | Consulta Gratuita<\/title>\n<meta name=\"description\" content=\"Con las autoridades en la escena de los accidentes de camiones de FedEx, se asegura de obtener la informaci\u00f3n correcta que necesitar\u00e1 para resolver un reclamo.\" \/>\n<meta name=\"robots\" content=\"index, follow, max-snippet:-1, max-image-preview:large, max-video-preview:-1\" \/>\n<link rel=\"canonical\" href=\"https:\/\/thehometownlawyers.com\/es\/hamilton\/abogado-de-accidente-de-camion\/fedex\/\" \/>\n<meta property=\"og:locale\" content=\"es_MX\" \/>\n<meta property=\"og:type\" content=\"article\" \/>\n<meta property=\"og:title\" content=\"Abogado de Accidente de Cami\u00f3n Fedex en Hamilton | Consulta Gratuita\" \/>\n<meta property=\"og:description\" content=\"Con las autoridades en la escena de los accidentes de camiones de FedEx, se asegura de obtener la informaci\u00f3n correcta que necesitar\u00e1 para resolver un reclamo.\" \/>\n<meta property=\"og:url\" content=\"https:\/\/thehometownlawyers.com\/es\/hamilton\/abogado-de-accidente-de-camion\/fedex\/\" \/>\n<meta property=\"og:site_name\" content=\"Kruger &amp; Hodges Abogados De Lesiones\" \/>\n<meta property=\"article:publisher\" content=\"https:\/\/www.facebook.com\/KrugerHodges\/\" \/>\n<meta property=\"article:modified_time\" content=\"2025-04-03T17:45:47+00:00\" \/>\n<meta property=\"og:image\" content=\"https:\/\/thehometownlawyers.com\/wp-content\/uploads\/2025\/03\/hamilton-abogado-de-accidente-de-camion-fedex.jpg\" \/>\n\t<meta property=\"og:image:width\" content=\"768\" \/>\n\t<meta property=\"og:image:height\" content=\"512\" \/>\n\t<meta property=\"og:image:type\" content=\"image\/jpeg\" \/>\n<meta name=\"twitter:card\" content=\"summary_large_image\" \/>\n<meta name=\"twitter:label1\" content=\"Tiempo de lectura\" \/>\n\t<meta name=\"twitter:data1\" content=\"3 minutos\" \/>\n<script type=\"application\/ld+json\" class=\"yoast-schema-graph\">{\"@context\":\"https:\\\/\\\/schema.org\",\"@graph\":[{\"@type\":\"WebPage\",\"@id\":\"https:\\\/\\\/thehometownlawyers.com\\\/es\\\/hamilton\\\/abogado-de-accidente-de-camion\\\/fedex\\\/\",\"url\":\"https:\\\/\\\/thehometownlawyers.com\\\/es\\\/hamilton\\\/abogado-de-accidente-de-camion\\\/fedex\\\/\",\"name\":\"Abogado de Accidente de Cami\u00f3n Fedex en Hamilton | Consulta Gratuita\",\"isPartOf\":{\"@id\":\"https:\\\/\\\/thehometownlawyers.com\\\/es\\\/#website\"},\"primaryImageOfPage\":{\"@id\":\"https:\\\/\\\/thehometownlawyers.com\\\/es\\\/hamilton\\\/abogado-de-accidente-de-camion\\\/fedex\\\/#primaryimage\"},\"image\":{\"@id\":\"https:\\\/\\\/thehometownlawyers.com\\\/es\\\/hamilton\\\/abogado-de-accidente-de-camion\\\/fedex\\\/#primaryimage\"},\"thumbnailUrl\":\"https:\\\/\\\/thehometownlawyers.com\\\/wp-content\\\/uploads\\\/2025\\\/03\\\/hamilton-abogado-de-accidente-de-camion-fedex.jpg\",\"datePublished\":\"2020-01-13T18:05:59+00:00\",\"dateModified\":\"2025-04-03T17:45:47+00:00\",\"description\":\"Con las autoridades en la escena de los accidentes de camiones de FedEx, se asegura de obtener la informaci\u00f3n correcta que necesitar\u00e1 para resolver un reclamo.\",\"breadcrumb\":{\"@id\":\"https:\\\/\\\/thehometownlawyers.com\\\/es\\\/hamilton\\\/abogado-de-accidente-de-camion\\\/fedex\\\/#breadcrumb\"},\"inLanguage\":\"es\",\"potentialAction\":[{\"@type\":\"ReadAction\",\"target\":[\"https:\\\/\\\/thehometownlawyers.com\\\/es\\\/hamilton\\\/abogado-de-accidente-de-camion\\\/fedex\\\/\"]}]},{\"@type\":\"ImageObject\",\"inLanguage\":\"es\",\"@id\":\"https:\\\/\\\/thehometownlawyers.com\\\/es\\\/hamilton\\\/abogado-de-accidente-de-camion\\\/fedex\\\/#primaryimage\",\"url\":\"https:\\\/\\\/thehometownlawyers.com\\\/wp-content\\\/uploads\\\/2025\\\/03\\\/hamilton-abogado-de-accidente-de-camion-fedex.jpg\",\"contentUrl\":\"https:\\\/\\\/thehometownlawyers.com\\\/wp-content\\\/uploads\\\/2025\\\/03\\\/hamilton-abogado-de-accidente-de-camion-fedex.jpg\",\"width\":768,\"height\":512,\"caption\":\"Convoy of the industrial carriers long haulers big rig semi trucks with refrigerator semi trailers transporting commercial cargo running on the divided highway road in California at sunset time.\"},{\"@type\":\"BreadcrumbList\",\"@id\":\"https:\\\/\\\/thehometownlawyers.com\\\/es\\\/hamilton\\\/abogado-de-accidente-de-camion\\\/fedex\\\/#breadcrumb\",\"itemListElement\":[{\"@type\":\"ListItem\",\"position\":1,\"name\":\"Home\",\"item\":\"https:\\\/\\\/thehometownlawyers.com\\\/es\\\/\"},{\"@type\":\"ListItem\",\"position\":2,\"name\":\"Abogados de Lesiones Personales en Hamilton\",\"item\":\"https:\\\/\\\/thehometownlawyers.com\\\/es\\\/\"},{\"@type\":\"ListItem\",\"position\":3,\"name\":\"Abogado de Accidente de Cami\u00f3n en Hamilton\",\"item\":\"https:\\\/\\\/thehometownlawyers.com\\\/es\\\/hamilton\\\/abogado-de-accidente-de-camion\\\/\"},{\"@type\":\"ListItem\",\"position\":4,\"name\":\"Accidente de Cami\u00f3n Fedex\"}]},{\"@type\":\"WebSite\",\"@id\":\"https:\\\/\\\/thehometownlawyers.com\\\/es\\\/#website\",\"url\":\"https:\\\/\\\/thehometownlawyers.com\\\/es\\\/\",\"name\":\"Kruger & Hodges Hometown Injury Lawyers | Accident Attorneys\",\"description\":\"Attorneys for Car, Truck and Motorcycle Accidents, Personal Injuries, and Criminal Defense.\",\"publisher\":{\"@id\":\"https:\\\/\\\/thehometownlawyers.com\\\/es\\\/#organization\"},\"alternateName\":\"Kruger & Hodges Personal Injury Lawyers\",\"inLanguage\":\"es\"},{\"@type\":\"Organization\",\"@id\":\"https:\\\/\\\/thehometownlawyers.com\\\/es\\\/#organization\",\"name\":\"Kruger & Hodges Hometown Injury Lawyers\",\"alternateName\":\"Kruger & Hodges\",\"url\":\"https:\\\/\\\/thehometownlawyers.com\\\/es\\\/\",\"logo\":{\"@type\":\"ImageObject\",\"inLanguage\":\"es\",\"@id\":\"https:\\\/\\\/thehometownlawyers.com\\\/es\\\/#\\\/schema\\\/logo\\\/image\\\/\",\"url\":\"https:\\\/\\\/thehometownlawyers.com\\\/wp-content\\\/uploads\\\/2025\\\/12\\\/revised-kh-logo-vertical-white-background-scaled.png\",\"contentUrl\":\"https:\\\/\\\/thehometownlawyers.com\\\/wp-content\\\/uploads\\\/2025\\\/12\\\/revised-kh-logo-vertical-white-background-scaled.png\",\"width\":2560,\"height\":1440,\"caption\":\"Kruger & Hodges Hometown Injury Lawyers\"},\"image\":{\"@id\":\"https:\\\/\\\/thehometownlawyers.com\\\/es\\\/#\\\/schema\\\/logo\\\/image\\\/\"},\"sameAs\":[\"https:\\\/\\\/www.facebook.com\\\/KrugerHodges\\\/\",\"https:\\\/\\\/www.instagram.com\\\/krugerhodges\\\/\",\"https:\\\/\\\/www.linkedin.com\\\/company\\\/kruger-hodges-hometown-injury-lawyers\\\/\",\"https:\\\/\\\/www.youtube.com\\\/channel\\\/UCeYcMaMaN2rb9jMlqt4EIdQ\",\"https:\\\/\\\/www.tiktok.com\\\/@thehometownlawyer\"]}]}<\/script>\n<!-- \/ Yoast SEO plugin. -->","yoast_head_json":{"title":"Abogado de Accidente de Cami\u00f3n Fedex en Hamilton | Consulta Gratuita","description":"Con las autoridades en la escena de los accidentes de camiones de FedEx, se asegura de obtener la informaci\u00f3n correcta que necesitar\u00e1 para resolver un reclamo.","robots":{"index":"index","follow":"follow","max-snippet":"max-snippet:-1","max-image-preview":"max-image-preview:large","max-video-preview":"max-video-preview:-1"},"canonical":"https:\/\/thehometownlawyers.com\/es\/hamilton\/abogado-de-accidente-de-camion\/fedex\/","og_locale":"es_MX","og_type":"article","og_title":"Abogado de Accidente de Cami\u00f3n Fedex en Hamilton | Consulta Gratuita","og_description":"Con las autoridades en la escena de los accidentes de camiones de FedEx, se asegura de obtener la informaci\u00f3n correcta que necesitar\u00e1 para resolver un reclamo.","og_url":"https:\/\/thehometownlawyers.com\/es\/hamilton\/abogado-de-accidente-de-camion\/fedex\/","og_site_name":"Kruger &amp; Hodges Abogados De Lesiones","article_publisher":"https:\/\/www.facebook.com\/KrugerHodges\/","article_modified_time":"2025-04-03T17:45:47+00:00","og_image":[{"width":768,"height":512,"url":"https:\/\/thehometownlawyers.com\/wp-content\/uploads\/2025\/03\/hamilton-abogado-de-accidente-de-camion-fedex.jpg","type":"image\/jpeg"}],"twitter_card":"summary_large_image","twitter_misc":{"Tiempo de lectura":"3 minutos"},"schema":{"@context":"https:\/\/schema.org","@graph":[{"@type":"WebPage","@id":"https:\/\/thehometownlawyers.com\/es\/hamilton\/abogado-de-accidente-de-camion\/fedex\/","url":"https:\/\/thehometownlawyers.com\/es\/hamilton\/abogado-de-accidente-de-camion\/fedex\/","name":"Abogado de Accidente de Cami\u00f3n Fedex en Hamilton | Consulta Gratuita","isPartOf":{"@id":"https:\/\/thehometownlawyers.com\/es\/#website"},"primaryImageOfPage":{"@id":"https:\/\/thehometownlawyers.com\/es\/hamilton\/abogado-de-accidente-de-camion\/fedex\/#primaryimage"},"image":{"@id":"https:\/\/thehometownlawyers.com\/es\/hamilton\/abogado-de-accidente-de-camion\/fedex\/#primaryimage"},"thumbnailUrl":"https:\/\/thehometownlawyers.com\/wp-content\/uploads\/2025\/03\/hamilton-abogado-de-accidente-de-camion-fedex.jpg","datePublished":"2020-01-13T18:05:59+00:00","dateModified":"2025-04-03T17:45:47+00:00","description":"Con las autoridades en la escena de los accidentes de camiones de FedEx, se asegura de obtener la informaci\u00f3n correcta que necesitar\u00e1 para resolver un reclamo.","breadcrumb":{"@id":"https:\/\/thehometownlawyers.com\/es\/hamilton\/abogado-de-accidente-de-camion\/fedex\/#breadcrumb"},"inLanguage":"es","potentialAction":[{"@type":"ReadAction","target":["https:\/\/thehometownlawyers.com\/es\/hamilton\/abogado-de-accidente-de-camion\/fedex\/"]}]},{"@type":"ImageObject","inLanguage":"es","@id":"https:\/\/thehometownlawyers.com\/es\/hamilton\/abogado-de-accidente-de-camion\/fedex\/#primaryimage","url":"https:\/\/thehometownlawyers.com\/wp-content\/uploads\/2025\/03\/hamilton-abogado-de-accidente-de-camion-fedex.jpg","contentUrl":"https:\/\/thehometownlawyers.com\/wp-content\/uploads\/2025\/03\/hamilton-abogado-de-accidente-de-camion-fedex.jpg","width":768,"height":512,"caption":"Convoy of the industrial carriers long haulers big rig semi trucks with refrigerator semi trailers transporting commercial cargo running on the divided highway road in California at sunset time."},{"@type":"BreadcrumbList","@id":"https:\/\/thehometownlawyers.com\/es\/hamilton\/abogado-de-accidente-de-camion\/fedex\/#breadcrumb","itemListElement":[{"@type":"ListItem","position":1,"name":"Home","item":"https:\/\/thehometownlawyers.com\/es\/"},{"@type":"ListItem","position":2,"name":"Abogados de Lesiones Personales en Hamilton","item":"https:\/\/thehometownlawyers.com\/es\/"},{"@type":"ListItem","position":3,"name":"Abogado de Accidente de Cami\u00f3n en Hamilton","item":"https:\/\/thehometownlawyers.com\/es\/hamilton\/abogado-de-accidente-de-camion\/"},{"@type":"ListItem","position":4,"name":"Accidente de Cami\u00f3n Fedex"}]},{"@type":"WebSite","@id":"https:\/\/thehometownlawyers.com\/es\/#website","url":"https:\/\/thehometownlawyers.com\/es\/","name":"Kruger & Hodges Hometown Injury Lawyers | Accident Attorneys","description":"Attorneys for Car, Truck and Motorcycle Accidents, Personal Injuries, and Criminal Defense.","publisher":{"@id":"https:\/\/thehometownlawyers.com\/es\/#organization"},"alternateName":"Kruger & Hodges Personal Injury Lawyers","inLanguage":"es"},{"@type":"Organization","@id":"https:\/\/thehometownlawyers.com\/es\/#organization","name":"Kruger & Hodges Hometown Injury Lawyers","alternateName":"Kruger & Hodges","url":"https:\/\/thehometownlawyers.com\/es\/","logo":{"@type":"ImageObject","inLanguage":"es","@id":"https:\/\/thehometownlawyers.com\/es\/#\/schema\/logo\/image\/","url":"https:\/\/thehometownlawyers.com\/wp-content\/uploads\/2025\/12\/revised-kh-logo-vertical-white-background-scaled.png","contentUrl":"https:\/\/thehometownlawyers.com\/wp-content\/uploads\/2025\/12\/revised-kh-logo-vertical-white-background-scaled.png","width":2560,"height":1440,"caption":"Kruger & Hodges Hometown Injury Lawyers"},"image":{"@id":"https:\/\/thehometownlawyers.com\/es\/#\/schema\/logo\/image\/"},"sameAs":["https:\/\/www.facebook.com\/KrugerHodges\/","https:\/\/www.instagram.com\/krugerhodges\/","https:\/\/www.linkedin.com\/company\/kruger-hodges-hometown-injury-lawyers\/","https:\/\/www.youtube.com\/channel\/UCeYcMaMaN2rb9jMlqt4EIdQ","https:\/\/www.tiktok.com\/@thehometownlawyer"]}]}},"_links":{"self":[{"href":"https:\/\/thehometownlawyers.com\/es\/wp-json\/wp\/v2\/pages\/21283","targetHints":{"allow":["GET"]}}],"collection":[{"href":"https:\/\/thehometownlawyers.com\/es\/wp-json\/wp\/v2\/pages"}],"about":[{"href":"https:\/\/thehometownlawyers.com\/es\/wp-json\/wp\/v2\/types\/page"}],"author":[{"embeddable":true,"href":"https:\/\/thehometownlawyers.com\/es\/wp-json\/wp\/v2\/users\/7"}],"replies":[{"embeddable":true,"href":"https:\/\/thehometownlawyers.com\/es\/wp-json\/wp\/v2\/comments?post=21283"}],"version-history":[{"count":0,"href":"https:\/\/thehometownlawyers.com\/es\/wp-json\/wp\/v2\/pages\/21283\/revisions"}],"up":[{"embeddable":true,"href":"https:\/\/thehometownlawyers.com\/es\/wp-json\/wp\/v2\/pages\/20967"}],"wp:featuredmedia":[{"embeddable":true,"href":"https:\/\/thehometownlawyers.com\/es\/wp-json\/wp\/v2\/media\/24612"}],"wp:attachment":[{"href":"https:\/\/thehometownlawyers.com\/es\/wp-json\/wp\/v2\/media?parent=21283"}],"wp:term":[{"taxonomy":"hc_faqs","embeddable":true,"href":"https:\/\/thehometownlawyers.com\/es\/wp-json\/wp\/v2\/hc_faqs?post=21283"},{"taxonomy":"hc_spanish_faqs","embeddable":true,"href":"https:\/\/thehometownlawyers.com\/es\/wp-json\/wp\/v2\/hc_spanish_faqs?post=21283"}],"curies":[{"name":"wp","href":"https:\/\/api.w.org\/{rel}","templated":true}]}}