{"id":21284,"date":"2019-12-24T09:17:38","date_gmt":"2019-12-24T14:17:38","guid":{"rendered":"https:\/\/thehometownlawyers.com\/?page_id=21284"},"modified":"2025-01-31T12:16:03","modified_gmt":"2025-01-31T17:16:03","slug":"politica-de-privacidad","status":"publish","type":"page","link":"https:\/\/thehometownlawyers.com\/es\/politica-de-privacidad\/","title":{"rendered":"Pol\u00edtica de privacidad"},"content":{"rendered":"<p>Esta pol\u00edtica de privacidad se aplica a la informaci\u00f3n recopilada en l\u00ednea de los usuarios de este sitio web. En esta pol\u00edtica, puede aprender qu\u00e9 tipo de informaci\u00f3n recopilamos, cu\u00e1ndo y c\u00f3mo podemos usar esa informaci\u00f3n, c\u00f3mo protegemos la informaci\u00f3n y las opciones que tiene con respecto a su informaci\u00f3n personal.<\/p>\n<p><strong>\u00bfQu\u00e9 informaci\u00f3n personal recopila este sitio web y c\u00f3mo se utiliza?<\/strong><\/p>\n<p>Recopilamos informaci\u00f3n sobre nuestros usuarios de tres maneras: directamente del usuario, de los registros de nuestro servidor web y mediante cookies. Usamos la informaci\u00f3n principalmente para brindarle una experiencia de Internet personalizada que le brinda informaci\u00f3n, recursos y servicios que son m\u00e1s relevantes y \u00fatiles para usted. No compartimos la informaci\u00f3n que proporciona con otros, a menos que lo indiquemos en esta Pol\u00edtica de privacidad, o cuando creamos de buena fe que la ley lo requiere.<\/p>\n<p><strong>Informaci\u00f3n proporcionada por el usuario:<\/strong> si completa el formulario de contacto en este sitio web, le pediremos que proporcione cierta informaci\u00f3n personal (como correo electr\u00f3nico, direcci\u00f3n, nombre, n\u00famero de tel\u00e9fono y estado). Solo requerimos que proporcione una direcci\u00f3n de correo electr\u00f3nico en el formulario de contacto. Adem\u00e1s, si el chat est\u00e1 disponible a trav\u00e9s de este sitio, es posible que se le solicite informaci\u00f3n si participa en un chat en l\u00ednea. No env\u00ede ninguna informaci\u00f3n de identificaci\u00f3n personal confidencial, patentada o delicada (p. ej., n\u00famero de seguro social, fecha de nacimiento, n\u00famero de licencia de conducir, tarjeta de cr\u00e9dito, cuenta bancaria u otra informaci\u00f3n financiera) (colectivamente, &#8220;Informaci\u00f3n confidencial&#8221;). Si env\u00eda Informaci\u00f3n confidencial, lo hace bajo su propio riesgo y no seremos responsables ante usted ni por las consecuencias de su env\u00edo.<\/p>\n<p>La informaci\u00f3n que nos proporcione a trav\u00e9s del formulario de contacto o un chat en l\u00ednea se utilizar\u00e1 para que podamos responder a su consulta. Tambi\u00e9n podemos utilizar la informaci\u00f3n que nos proporciona para comunicarnos con usted en el futuro. Si no desea recibir dichas comunicaciones, puede optar por no participar (darse de baja) como se describe a continuaci\u00f3n.<\/p>\n<p>Registros del <strong>servidor web:<\/strong> cuando visita nuestro sitio web, podemos rastrear informaci\u00f3n sobre su visita y almacenar esa informaci\u00f3n en registros del servidor web, que son registros de las actividades en nuestros sitios. Los servidores capturan y guardan autom\u00e1ticamente la informaci\u00f3n electr\u00f3nicamente. Ejemplos de la informaci\u00f3n que podemos recopilar incluyen:<\/p>\n<ul>\n<li>su direcci\u00f3n de protocolo de Internet \u00fanica;<\/li>\n<li>el nombre de su proveedor de servicios de Internet \u00fanico;<\/li>\n<li>el pueblo\/ciudad, condado\/estado y pa\u00eds desde el que accede a su sitio web;<\/li>\n<li>el tipo de navegador o computadora que usa;<\/li>\n<li>la cantidad de enlaces en los que hace clic dentro del sitio;<\/li>\n<li>la fecha y hora de su visita;<\/li>\n<li>la p\u00e1gina web desde la que lleg\u00f3 a nuestro sitio;<\/li>\n<li>las p\u00e1ginas que vio en el sitio; y<\/li>\n<li>ciertas b\u00fasquedas\/consultas que realiz\u00f3 a trav\u00e9s de nuestro(s) sitio(s) web<\/li>\n<\/ul>\n<p>La informaci\u00f3n que recopilamos en los registros del servidor web nos ayuda a administrar el sitio, analizar su uso, proteger el sitio web y su contenido del uso inapropiado y mejorar la experiencia del usuario.<\/p>\n<p><strong>Cookies:<\/strong> con el fin de ofrecer y brindar un servicio personalizado y personalizado, nuestros sitios web y aplicaciones pueden usar cookies para almacenar y ayudar a rastrear informaci\u00f3n sobre usted. Las cookies son simplemente peque\u00f1os fragmentos de datos que se env\u00edan a su navegador desde un servidor web y se almacenan en el disco duro de su computadora. Usamos cookies para ayudarnos a recordar qui\u00e9n es usted y ayudarlo a navegar por nuestros sitios durante sus visitas. Las cookies nos permiten guardar contrase\u00f1as y preferencias para que no tenga que volver a ingresarlas cada vez que visite.<\/p>\n<p>El uso de cookies es relativamente est\u00e1ndar. La mayor\u00eda de los navegadores estan inicialmente preparados para aceptar cookies. Sin embargo, si lo prefiere, puede configurar su navegador para que le notifique cuando reciba una cookie o para que se niegue a aceptar cookies. Debe comprender que algunas funciones de muchos sitios pueden no funcionar correctamente si no acepta las cookies.<\/p>\n<p><strong>\u00bfC\u00f3mo se protege la informaci\u00f3n personal?<\/strong><\/p>\n<p>Tomamos ciertas medidas de seguridad apropiadas para ayudar a proteger su informaci\u00f3n personal de p\u00e9rdidas accidentales y del acceso, uso o divulgaci\u00f3n no autorizados. Sin embargo, no podemos garantizar que las personas no autorizadas siempre sean incapaces de vencer nuestras medidas de seguridad.<\/p>\n<p><strong>\u00bfQui\u00e9n tiene acceso a la informaci\u00f3n?<\/strong><\/p>\n<p>No venderemos, alquilaremos ni arrendaremos listas de correo u otros datos de usuario a otros, y no pondremos su informaci\u00f3n personal a disposici\u00f3n de terceros no afiliados, excepto en los siguientes casos:<\/p>\n<ul>\n<li>a agentes, proveedores de sitios web y\/o contratistas que puedan usarlo en nuestro nombre o en relaci\u00f3n con su relaci\u00f3n con nosotros;<\/li>\n<li>si no podemos ayudarlo con su asunto, pero conocemos a un abogado o firma no afiliado que puede ayudarlo, podemos referirlo y compartir la informaci\u00f3n que nos proporcion\u00f3 con esa parte; y<\/li>\n<li>seg\u00fan lo requiera la ley, en un asunto de seguridad o pol\u00edtica p\u00fablica, seg\u00fan sea necesario en relaci\u00f3n con la transferencia de nuestros activos comerciales (por ejemplo, si somos adquiridos por otra empresa o si somos liquidados durante un proceso de quiebra), o si creemos de buena fe que compartir los datos es necesario para proteger nuestros derechos o propiedad.<\/li>\n<\/ul>\n<p><strong>\u00bfC\u00f3mo puedo corregir, modificar o eliminar mi informaci\u00f3n personal y\/o optar por no recibir comunicaciones futuras?<\/strong><\/p>\n<p>Puede optar por no recibir nuestros contactos en el futuro en cualquier momento. P\u00f3ngase en contacto con nosotros a trav\u00e9s del n\u00famero de tel\u00e9fono, formulario de contacto o direcci\u00f3n postal en nuestro sitio web en cualquier momento para:<\/p>\n<ul>\n<li>ver qu\u00e9 datos tenemos sobre usted, si los hay;<\/li>\n<li>cambiar\/corregir cualquier dato que tengamos sobre usted;<\/li>\n<li>pedirnos que eliminemos cualquier dato que tengamos sobre usted; y\/o<\/li>\n<li>optar por no recibir comunicaciones futuras de nosotros.<\/li>\n<\/ul>\n<p>Si tiene preguntas o inquietudes adicionales sobre esta pol\u00edtica de privacidad, comun\u00edquese con nosotros a trav\u00e9s del n\u00famero de tel\u00e9fono, el formulario de contacto o la direcci\u00f3n postal que se encuentran en este sitio web. Si nuestras pr\u00e1cticas de informaci\u00f3n cambian de manera significativa, publicaremos los cambios de pol\u00edtica aqu\u00ed.<\/p>\n","protected":false},"excerpt":{"rendered":"<p>Esta pol\u00edtica de privacidad se aplica a la informaci\u00f3n recopilada en l\u00ednea de los usuarios de este sitio web. En esta pol\u00edtica, puede aprender qu\u00e9 tipo de informaci\u00f3n recopilamos, cu\u00e1ndo y c\u00f3mo podemos usar esa informaci\u00f3n, c\u00f3mo protegemos la informaci\u00f3n y las opciones que tiene con respecto a su informaci\u00f3n personal. \u00bfQu\u00e9 informaci\u00f3n personal recopila &#8230;<\/p>\n","protected":false},"author":7,"featured_media":0,"parent":0,"menu_order":0,"comment_status":"closed","ping_status":"closed","template":"","meta":{"_acf_changed":false,"inline_featured_image":false,"_genesis_hide_title":false,"_genesis_hide_breadcrumbs":false,"_genesis_hide_singular_image":false,"_genesis_hide_footer_widgets":false,"_genesis_custom_body_class":"","_genesis_custom_post_class":"","_genesis_layout":"","footnotes":""},"hc_faqs":[],"hc_spanish_faqs":[],"class_list":{"0":"post-21284","1":"page","2":"type-page","3":"status-publish","5":"entry"},"acf":[],"yoast_head":"<!-- This site is optimized with the Yoast SEO plugin v27.3 - https:\/\/yoast.com\/product\/yoast-seo-wordpress\/ -->\n<title>Pol\u00edtica de privacidad: Consulta gratuita<\/title>\n<meta name=\"description\" content=\"Esta pol\u00edtica de privacidad se aplica a la informaci\u00f3n recopilada en l\u00ednea de los usuarios de este sitio web. En esta pol\u00edtica, puede aprender qu\u00e9 tipo de\" \/>\n<meta name=\"robots\" content=\"index, follow, max-snippet:-1, max-image-preview:large, max-video-preview:-1\" \/>\n<link rel=\"canonical\" href=\"https:\/\/thehometownlawyers.com\/es\/politica-de-privacidad\/\" \/>\n<meta property=\"og:locale\" content=\"es_MX\" \/>\n<meta property=\"og:type\" content=\"article\" \/>\n<meta property=\"og:title\" content=\"Pol\u00edtica de privacidad: Consulta gratuita\" \/>\n<meta property=\"og:description\" content=\"Esta pol\u00edtica de privacidad se aplica a la informaci\u00f3n recopilada en l\u00ednea de los usuarios de este sitio web. En esta pol\u00edtica, puede aprender qu\u00e9 tipo de\" \/>\n<meta property=\"og:url\" content=\"https:\/\/thehometownlawyers.com\/es\/politica-de-privacidad\/\" \/>\n<meta property=\"og:site_name\" content=\"Kruger &amp; Hodges Abogados De Lesiones\" \/>\n<meta property=\"article:publisher\" content=\"https:\/\/www.facebook.com\/KrugerHodges\/\" \/>\n<meta property=\"article:modified_time\" content=\"2025-01-31T17:16:03+00:00\" \/>\n<meta property=\"og:image\" content=\"https:\/\/thehometownlawyers.com\/wp-content\/uploads\/2026\/02\/TEAM-PHOTO-2026-scaled.jpg\" \/>\n\t<meta property=\"og:image:width\" content=\"2560\" \/>\n\t<meta property=\"og:image:height\" content=\"1689\" \/>\n\t<meta property=\"og:image:type\" content=\"image\/jpeg\" \/>\n<meta name=\"twitter:card\" content=\"summary_large_image\" \/>\n<meta name=\"twitter:label1\" content=\"Tiempo de lectura\" \/>\n\t<meta name=\"twitter:data1\" content=\"5 minutos\" \/>\n<script type=\"application\/ld+json\" class=\"yoast-schema-graph\">{\"@context\":\"https:\\\/\\\/schema.org\",\"@graph\":[{\"@type\":\"WebPage\",\"@id\":\"https:\\\/\\\/thehometownlawyers.com\\\/es\\\/politica-de-privacidad\\\/\",\"url\":\"https:\\\/\\\/thehometownlawyers.com\\\/es\\\/politica-de-privacidad\\\/\",\"name\":\"Pol\u00edtica de privacidad: Consulta gratuita\",\"isPartOf\":{\"@id\":\"https:\\\/\\\/thehometownlawyers.com\\\/es\\\/#website\"},\"datePublished\":\"2019-12-24T14:17:38+00:00\",\"dateModified\":\"2025-01-31T17:16:03+00:00\",\"description\":\"Esta pol\u00edtica de privacidad se aplica a la informaci\u00f3n recopilada en l\u00ednea de los usuarios de este sitio web. En esta pol\u00edtica, puede aprender qu\u00e9 tipo de\",\"breadcrumb\":{\"@id\":\"https:\\\/\\\/thehometownlawyers.com\\\/es\\\/politica-de-privacidad\\\/#breadcrumb\"},\"inLanguage\":\"es\",\"potentialAction\":[{\"@type\":\"ReadAction\",\"target\":[\"https:\\\/\\\/thehometownlawyers.com\\\/es\\\/politica-de-privacidad\\\/\"]}]},{\"@type\":\"BreadcrumbList\",\"@id\":\"https:\\\/\\\/thehometownlawyers.com\\\/es\\\/politica-de-privacidad\\\/#breadcrumb\",\"itemListElement\":[{\"@type\":\"ListItem\",\"position\":1,\"name\":\"Home\",\"item\":\"https:\\\/\\\/thehometownlawyers.com\\\/es\\\/\"},{\"@type\":\"ListItem\",\"position\":2,\"name\":\"Pol\u00edtica de privacidad\"}]},{\"@type\":\"WebSite\",\"@id\":\"https:\\\/\\\/thehometownlawyers.com\\\/es\\\/#website\",\"url\":\"https:\\\/\\\/thehometownlawyers.com\\\/es\\\/\",\"name\":\"Kruger & Hodges Hometown Injury Lawyers | Accident Attorneys\",\"description\":\"Attorneys for Car, Truck and Motorcycle Accidents, Personal Injuries, and Criminal Defense.\",\"publisher\":{\"@id\":\"https:\\\/\\\/thehometownlawyers.com\\\/es\\\/#organization\"},\"alternateName\":\"Kruger & Hodges Personal Injury Lawyers\",\"inLanguage\":\"es\"},{\"@type\":\"Organization\",\"@id\":\"https:\\\/\\\/thehometownlawyers.com\\\/es\\\/#organization\",\"name\":\"Kruger & Hodges Hometown Injury Lawyers\",\"alternateName\":\"Kruger & Hodges Accident Attorneys\",\"url\":\"https:\\\/\\\/thehometownlawyers.com\\\/es\\\/\",\"logo\":{\"@type\":\"ImageObject\",\"inLanguage\":\"es\",\"@id\":\"https:\\\/\\\/thehometownlawyers.com\\\/es\\\/#\\\/schema\\\/logo\\\/image\\\/\",\"url\":\"https:\\\/\\\/thehometownlawyers.com\\\/wp-content\\\/uploads\\\/2025\\\/12\\\/revised-kh-logo-vertical-white-background-scaled.png\",\"contentUrl\":\"https:\\\/\\\/thehometownlawyers.com\\\/wp-content\\\/uploads\\\/2025\\\/12\\\/revised-kh-logo-vertical-white-background-scaled.png\",\"width\":2560,\"height\":1440,\"caption\":\"Kruger & Hodges Hometown Injury Lawyers\"},\"image\":{\"@id\":\"https:\\\/\\\/thehometownlawyers.com\\\/es\\\/#\\\/schema\\\/logo\\\/image\\\/\"},\"sameAs\":[\"https:\\\/\\\/www.facebook.com\\\/KrugerHodges\\\/\",\"https:\\\/\\\/www.instagram.com\\\/krugerhodges\\\/\",\"https:\\\/\\\/www.linkedin.com\\\/company\\\/kruger-hodges-hometown-injury-lawyers\\\/\",\"https:\\\/\\\/www.youtube.com\\\/channel\\\/UCeYcMaMaN2rb9jMlqt4EIdQ\",\"https:\\\/\\\/www.tiktok.com\\\/@thehometownlawyer\"]}]}<\/script>\n<!-- \/ Yoast SEO plugin. -->","yoast_head_json":{"title":"Pol\u00edtica de privacidad: Consulta gratuita","description":"Esta pol\u00edtica de privacidad se aplica a la informaci\u00f3n recopilada en l\u00ednea de los usuarios de este sitio web. En esta pol\u00edtica, puede aprender qu\u00e9 tipo de","robots":{"index":"index","follow":"follow","max-snippet":"max-snippet:-1","max-image-preview":"max-image-preview:large","max-video-preview":"max-video-preview:-1"},"canonical":"https:\/\/thehometownlawyers.com\/es\/politica-de-privacidad\/","og_locale":"es_MX","og_type":"article","og_title":"Pol\u00edtica de privacidad: Consulta gratuita","og_description":"Esta pol\u00edtica de privacidad se aplica a la informaci\u00f3n recopilada en l\u00ednea de los usuarios de este sitio web. En esta pol\u00edtica, puede aprender qu\u00e9 tipo de","og_url":"https:\/\/thehometownlawyers.com\/es\/politica-de-privacidad\/","og_site_name":"Kruger &amp; Hodges Abogados De Lesiones","article_publisher":"https:\/\/www.facebook.com\/KrugerHodges\/","article_modified_time":"2025-01-31T17:16:03+00:00","og_image":[{"width":2560,"height":1689,"url":"https:\/\/thehometownlawyers.com\/wp-content\/uploads\/2026\/02\/TEAM-PHOTO-2026-scaled.jpg","type":"image\/jpeg"}],"twitter_card":"summary_large_image","twitter_misc":{"Tiempo de lectura":"5 minutos"},"schema":{"@context":"https:\/\/schema.org","@graph":[{"@type":"WebPage","@id":"https:\/\/thehometownlawyers.com\/es\/politica-de-privacidad\/","url":"https:\/\/thehometownlawyers.com\/es\/politica-de-privacidad\/","name":"Pol\u00edtica de privacidad: Consulta gratuita","isPartOf":{"@id":"https:\/\/thehometownlawyers.com\/es\/#website"},"datePublished":"2019-12-24T14:17:38+00:00","dateModified":"2025-01-31T17:16:03+00:00","description":"Esta pol\u00edtica de privacidad se aplica a la informaci\u00f3n recopilada en l\u00ednea de los usuarios de este sitio web. En esta pol\u00edtica, puede aprender qu\u00e9 tipo de","breadcrumb":{"@id":"https:\/\/thehometownlawyers.com\/es\/politica-de-privacidad\/#breadcrumb"},"inLanguage":"es","potentialAction":[{"@type":"ReadAction","target":["https:\/\/thehometownlawyers.com\/es\/politica-de-privacidad\/"]}]},{"@type":"BreadcrumbList","@id":"https:\/\/thehometownlawyers.com\/es\/politica-de-privacidad\/#breadcrumb","itemListElement":[{"@type":"ListItem","position":1,"name":"Home","item":"https:\/\/thehometownlawyers.com\/es\/"},{"@type":"ListItem","position":2,"name":"Pol\u00edtica de privacidad"}]},{"@type":"WebSite","@id":"https:\/\/thehometownlawyers.com\/es\/#website","url":"https:\/\/thehometownlawyers.com\/es\/","name":"Kruger & Hodges Hometown Injury Lawyers | Accident Attorneys","description":"Attorneys for Car, Truck and Motorcycle Accidents, Personal Injuries, and Criminal Defense.","publisher":{"@id":"https:\/\/thehometownlawyers.com\/es\/#organization"},"alternateName":"Kruger & Hodges Personal Injury Lawyers","inLanguage":"es"},{"@type":"Organization","@id":"https:\/\/thehometownlawyers.com\/es\/#organization","name":"Kruger & Hodges Hometown Injury Lawyers","alternateName":"Kruger & Hodges Accident Attorneys","url":"https:\/\/thehometownlawyers.com\/es\/","logo":{"@type":"ImageObject","inLanguage":"es","@id":"https:\/\/thehometownlawyers.com\/es\/#\/schema\/logo\/image\/","url":"https:\/\/thehometownlawyers.com\/wp-content\/uploads\/2025\/12\/revised-kh-logo-vertical-white-background-scaled.png","contentUrl":"https:\/\/thehometownlawyers.com\/wp-content\/uploads\/2025\/12\/revised-kh-logo-vertical-white-background-scaled.png","width":2560,"height":1440,"caption":"Kruger & Hodges Hometown Injury Lawyers"},"image":{"@id":"https:\/\/thehometownlawyers.com\/es\/#\/schema\/logo\/image\/"},"sameAs":["https:\/\/www.facebook.com\/KrugerHodges\/","https:\/\/www.instagram.com\/krugerhodges\/","https:\/\/www.linkedin.com\/company\/kruger-hodges-hometown-injury-lawyers\/","https:\/\/www.youtube.com\/channel\/UCeYcMaMaN2rb9jMlqt4EIdQ","https:\/\/www.tiktok.com\/@thehometownlawyer"]}]}},"_links":{"self":[{"href":"https:\/\/thehometownlawyers.com\/es\/wp-json\/wp\/v2\/pages\/21284","targetHints":{"allow":["GET"]}}],"collection":[{"href":"https:\/\/thehometownlawyers.com\/es\/wp-json\/wp\/v2\/pages"}],"about":[{"href":"https:\/\/thehometownlawyers.com\/es\/wp-json\/wp\/v2\/types\/page"}],"author":[{"embeddable":true,"href":"https:\/\/thehometownlawyers.com\/es\/wp-json\/wp\/v2\/users\/7"}],"replies":[{"embeddable":true,"href":"https:\/\/thehometownlawyers.com\/es\/wp-json\/wp\/v2\/comments?post=21284"}],"version-history":[{"count":0,"href":"https:\/\/thehometownlawyers.com\/es\/wp-json\/wp\/v2\/pages\/21284\/revisions"}],"wp:attachment":[{"href":"https:\/\/thehometownlawyers.com\/es\/wp-json\/wp\/v2\/media?parent=21284"}],"wp:term":[{"taxonomy":"hc_faqs","embeddable":true,"href":"https:\/\/thehometownlawyers.com\/es\/wp-json\/wp\/v2\/hc_faqs?post=21284"},{"taxonomy":"hc_spanish_faqs","embeddable":true,"href":"https:\/\/thehometownlawyers.com\/es\/wp-json\/wp\/v2\/hc_spanish_faqs?post=21284"}],"curies":[{"name":"wp","href":"https:\/\/api.w.org\/{rel}","templated":true}]}}