{"id":21391,"date":"2022-07-07T12:52:08","date_gmt":"2022-07-07T16:52:08","guid":{"rendered":"https:\/\/thehometownlawyers.com\/?post_type=faq&#038;p=21391"},"modified":"2025-02-03T10:43:59","modified_gmt":"2025-02-03T15:43:59","slug":"que-debe-hacer-si-se-accidenta-en-un-ascensor","status":"publish","type":"page","link":"https:\/\/thehometownlawyers.com\/es\/nuestro-blog\/que-debe-hacer-si-se-accidenta-en-un-ascensor\/","title":{"rendered":"\u00bfQu\u00e9 debe hacer si se accidenta en un ascensor?"},"content":{"rendered":"<p><span style=\"font-weight: 400;\"><strong>\u00bfQu\u00e9 debe hacer si se accidenta en un ascensor?<\/strong> Aunque creamos poco probable que nos quedemos alguna vez encerrados en un ascensor, no est\u00e1 de m\u00e1s mencionar que podr\u00eda ocurrirnos si esto ocurre. Esto podr\u00eda suceder si abordamos un ascensor que no cuenta con la inspecci\u00f3n regular o si ocurre una emergencia, como una tormenta el\u00e9ctrica, un sismo o un incendio.<\/span><\/p>\n<p><span style=\"font-weight: 400;\">Si a pesar de tomar las medidas necesarias, en alg\u00fan momento le sucede, recomendamos considerar guardar la calma para no desesperarse, pues esta es la mejor manera de pasar tal adversidad.<\/span><\/p>\n<p><span style=\"font-weight: 400;\">Para empezar, los ascensores siempre cuentan con un bot\u00f3n de alarma que r\u00e1pidamente alertar\u00e1 del incidente a las personas correspondientes. Dependiendo de la complejidad de la situaci\u00f3n, es probable que est\u00e9 encerrado ah\u00ed de 20 minutos a 1 hora. Debemos asegurarle, tambi\u00e9n, que estos espacios nunca se quedar\u00e1n sin ox\u00edgeno, pues siempre cuentan con la ventilaci\u00f3n necesaria.<\/span><\/p>\n<p><span style=\"font-weight: 400;\">Quedarse dentro del ascensor puede ser una mejor idea que intentar salir por nuestra cuenta, pues en muchos casos no hay manera de saber en qu\u00e9 posici\u00f3n est\u00e1 frente a las puertas de los pisos. Si cuenta con ventanas o puertas de vidrio, estas ser\u00e1n de ayuda para que alguna persona que est\u00e9 afuera pueda darse cuenta del problema. Bajo ninguna circunstancia, intente romper los vidrios o seguir instrucciones de alguien que no se identifique como un experto, pues esto tambi\u00e9n podr\u00eda empeorar m\u00e1s el caso.<\/span><\/p>\n<p><span style=\"font-weight: 400;\">Adem\u00e1s del bot\u00f3n de alarma, tambi\u00e9n puede contar con los n\u00fameros de emergencia o servicio al cliente y puede acudir a estos en caso tenga se\u00f1al en el tel\u00e9fono. Si ya logr\u00f3 comunicarle a los encargados de lo que est\u00e1 pasando, evite insistir mucho a no ser que sea para comunicar alg\u00fan evento importante o para recibir indicaciones.<\/span><\/p>\n<p><span style=\"font-weight: 400;\">Si usted estuvo en una situaci\u00f3n en la que sali\u00f3 perjudicado f\u00edsicamente, la responsabilidad cae totalmente en el lugar donde ocurri\u00f3 el accidente y tiene todo el derecho de presentar cargos por los da\u00f1os ocasionados.<\/span><\/p>\n<p><span style=\"font-weight: 400;\"><a href=\"https:\/\/thehometownlawyers.com\/es\/contacto\/\">Ll\u00e1menos<\/a> y reciba una evaluaci\u00f3n gratuita del caso.<\/span><\/p>\n","protected":false},"excerpt":{"rendered":"<p>\u00bfQu\u00e9 debe hacer si se accidenta en un ascensor? Aunque creamos poco probable que nos quedemos alguna vez encerrados en un ascensor, no est\u00e1 de m\u00e1s mencionar que podr\u00eda ocurrirnos si esto ocurre. Esto podr\u00eda suceder si abordamos un ascensor que no cuenta con la inspecci\u00f3n regular o si ocurre una emergencia, como una tormenta &#8230;<\/p>\n","protected":false},"author":7,"featured_media":21389,"parent":20988,"menu_order":0,"comment_status":"closed","ping_status":"closed","template":"","meta":{"_acf_changed":false,"inline_featured_image":false,"_genesis_hide_title":false,"_genesis_hide_breadcrumbs":false,"_genesis_hide_singular_image":false,"_genesis_hide_footer_widgets":false,"_genesis_custom_body_class":"","_genesis_custom_post_class":"","_genesis_layout":"","footnotes":""},"hc_faqs":[],"hc_spanish_faqs":[],"class_list":{"0":"post-21391","1":"page","2":"type-page","3":"status-publish","4":"has-post-thumbnail","6":"entry"},"acf":[],"yoast_head":"<!-- This site is optimized with the Yoast SEO plugin v27.4 - https:\/\/yoast.com\/product\/yoast-seo-wordpress\/ -->\n<title>\u00bfQu\u00e9 debe hacer si se accidenta en un ascensor? | K&amp;H<\/title>\n<meta name=\"description\" content=\"\u00bfQu\u00e9 debe hacer si se accidenta en un ascensor? Aprende m\u00e1s aqu\u00ed. Ll\u00e1menos y reciba una evaluaci\u00f3n gratuita del caso.\" \/>\n<meta name=\"robots\" content=\"index, follow, max-snippet:-1, max-image-preview:large, max-video-preview:-1\" \/>\n<link rel=\"canonical\" href=\"https:\/\/thehometownlawyers.com\/es\/nuestro-blog\/que-debe-hacer-si-se-accidenta-en-un-ascensor\/\" \/>\n<meta property=\"og:locale\" content=\"es_MX\" \/>\n<meta property=\"og:type\" content=\"article\" \/>\n<meta property=\"og:title\" content=\"\u00bfQu\u00e9 debe hacer si se accidenta en un ascensor? | K&amp;H\" \/>\n<meta property=\"og:description\" content=\"\u00bfQu\u00e9 debe hacer si se accidenta en un ascensor? Aprende m\u00e1s aqu\u00ed. Ll\u00e1menos y reciba una evaluaci\u00f3n gratuita del caso.\" \/>\n<meta property=\"og:url\" content=\"https:\/\/thehometownlawyers.com\/es\/nuestro-blog\/que-debe-hacer-si-se-accidenta-en-un-ascensor\/\" \/>\n<meta property=\"og:site_name\" content=\"Kruger &amp; Hodges Abogados De Lesiones\" \/>\n<meta property=\"article:publisher\" content=\"https:\/\/www.facebook.com\/KrugerHodges\/\" \/>\n<meta property=\"article:modified_time\" content=\"2025-02-03T15:43:59+00:00\" \/>\n<meta property=\"og:image\" content=\"https:\/\/thehometownlawyers.com\/wp-content\/uploads\/2022\/07\/accidenta-en-un-ascensor.jpg\" \/>\n\t<meta property=\"og:image:width\" content=\"1600\" \/>\n\t<meta property=\"og:image:height\" content=\"1067\" \/>\n\t<meta property=\"og:image:type\" content=\"image\/jpeg\" \/>\n<meta name=\"twitter:card\" content=\"summary_large_image\" \/>\n<meta name=\"twitter:label1\" content=\"Tiempo de lectura\" \/>\n\t<meta name=\"twitter:data1\" content=\"2 minutos\" \/>\n<script type=\"application\/ld+json\" class=\"yoast-schema-graph\">{\"@context\":\"https:\\\/\\\/schema.org\",\"@graph\":[{\"@type\":\"WebPage\",\"@id\":\"https:\\\/\\\/thehometownlawyers.com\\\/es\\\/nuestro-blog\\\/que-debe-hacer-si-se-accidenta-en-un-ascensor\\\/\",\"url\":\"https:\\\/\\\/thehometownlawyers.com\\\/es\\\/nuestro-blog\\\/que-debe-hacer-si-se-accidenta-en-un-ascensor\\\/\",\"name\":\"\u00bfQu\u00e9 debe hacer si se accidenta en un ascensor? | K&H\",\"isPartOf\":{\"@id\":\"https:\\\/\\\/thehometownlawyers.com\\\/es\\\/#website\"},\"primaryImageOfPage\":{\"@id\":\"https:\\\/\\\/thehometownlawyers.com\\\/es\\\/nuestro-blog\\\/que-debe-hacer-si-se-accidenta-en-un-ascensor\\\/#primaryimage\"},\"image\":{\"@id\":\"https:\\\/\\\/thehometownlawyers.com\\\/es\\\/nuestro-blog\\\/que-debe-hacer-si-se-accidenta-en-un-ascensor\\\/#primaryimage\"},\"thumbnailUrl\":\"https:\\\/\\\/thehometownlawyers.com\\\/wp-content\\\/uploads\\\/2022\\\/07\\\/accidenta-en-un-ascensor.jpg\",\"datePublished\":\"2022-07-07T16:52:08+00:00\",\"dateModified\":\"2025-02-03T15:43:59+00:00\",\"description\":\"\u00bfQu\u00e9 debe hacer si se accidenta en un ascensor? Aprende m\u00e1s aqu\u00ed. Ll\u00e1menos y reciba una evaluaci\u00f3n gratuita del caso.\",\"breadcrumb\":{\"@id\":\"https:\\\/\\\/thehometownlawyers.com\\\/es\\\/nuestro-blog\\\/que-debe-hacer-si-se-accidenta-en-un-ascensor\\\/#breadcrumb\"},\"inLanguage\":\"es\",\"potentialAction\":[{\"@type\":\"ReadAction\",\"target\":[\"https:\\\/\\\/thehometownlawyers.com\\\/es\\\/nuestro-blog\\\/que-debe-hacer-si-se-accidenta-en-un-ascensor\\\/\"]}]},{\"@type\":\"ImageObject\",\"inLanguage\":\"es\",\"@id\":\"https:\\\/\\\/thehometownlawyers.com\\\/es\\\/nuestro-blog\\\/que-debe-hacer-si-se-accidenta-en-un-ascensor\\\/#primaryimage\",\"url\":\"https:\\\/\\\/thehometownlawyers.com\\\/wp-content\\\/uploads\\\/2022\\\/07\\\/accidenta-en-un-ascensor.jpg\",\"contentUrl\":\"https:\\\/\\\/thehometownlawyers.com\\\/wp-content\\\/uploads\\\/2022\\\/07\\\/accidenta-en-un-ascensor.jpg\",\"width\":1600,\"height\":1067,\"caption\":\"un ascensor\"},{\"@type\":\"BreadcrumbList\",\"@id\":\"https:\\\/\\\/thehometownlawyers.com\\\/es\\\/nuestro-blog\\\/que-debe-hacer-si-se-accidenta-en-un-ascensor\\\/#breadcrumb\",\"itemListElement\":[{\"@type\":\"ListItem\",\"position\":1,\"name\":\"Home\",\"item\":\"https:\\\/\\\/thehometownlawyers.com\\\/es\\\/\"},{\"@type\":\"ListItem\",\"position\":2,\"name\":\"Nuestro blog\",\"item\":\"https:\\\/\\\/thehometownlawyers.com\\\/es\\\/blog\\\/\"},{\"@type\":\"ListItem\",\"position\":3,\"name\":\"\u00bfQu\u00e9 debe hacer si se accidenta en un ascensor?\"}]},{\"@type\":\"WebSite\",\"@id\":\"https:\\\/\\\/thehometownlawyers.com\\\/es\\\/#website\",\"url\":\"https:\\\/\\\/thehometownlawyers.com\\\/es\\\/\",\"name\":\"Kruger & Hodges Hometown Injury Lawyers | Accident Attorneys\",\"description\":\"Attorneys for Car, Truck and Motorcycle Accidents, Personal Injuries, and Criminal Defense.\",\"publisher\":{\"@id\":\"https:\\\/\\\/thehometownlawyers.com\\\/es\\\/#organization\"},\"alternateName\":\"Kruger & Hodges Personal Injury Lawyers\",\"inLanguage\":\"es\"},{\"@type\":\"Organization\",\"@id\":\"https:\\\/\\\/thehometownlawyers.com\\\/es\\\/#organization\",\"name\":\"Kruger & Hodges Hometown Injury Lawyers\",\"alternateName\":\"Kruger & Hodges\",\"url\":\"https:\\\/\\\/thehometownlawyers.com\\\/es\\\/\",\"logo\":{\"@type\":\"ImageObject\",\"inLanguage\":\"es\",\"@id\":\"https:\\\/\\\/thehometownlawyers.com\\\/es\\\/#\\\/schema\\\/logo\\\/image\\\/\",\"url\":\"https:\\\/\\\/thehometownlawyers.com\\\/wp-content\\\/uploads\\\/2025\\\/12\\\/revised-kh-logo-vertical-white-background-scaled.png\",\"contentUrl\":\"https:\\\/\\\/thehometownlawyers.com\\\/wp-content\\\/uploads\\\/2025\\\/12\\\/revised-kh-logo-vertical-white-background-scaled.png\",\"width\":2560,\"height\":1440,\"caption\":\"Kruger & Hodges Hometown Injury Lawyers\"},\"image\":{\"@id\":\"https:\\\/\\\/thehometownlawyers.com\\\/es\\\/#\\\/schema\\\/logo\\\/image\\\/\"},\"sameAs\":[\"https:\\\/\\\/www.facebook.com\\\/KrugerHodges\\\/\",\"https:\\\/\\\/www.instagram.com\\\/krugerhodges\\\/\",\"https:\\\/\\\/www.linkedin.com\\\/company\\\/kruger-hodges-hometown-injury-lawyers\\\/\",\"https:\\\/\\\/www.youtube.com\\\/channel\\\/UCeYcMaMaN2rb9jMlqt4EIdQ\",\"https:\\\/\\\/www.tiktok.com\\\/@thehometownlawyer\"]}]}<\/script>\n<!-- \/ Yoast SEO plugin. -->","yoast_head_json":{"title":"\u00bfQu\u00e9 debe hacer si se accidenta en un ascensor? | K&H","description":"\u00bfQu\u00e9 debe hacer si se accidenta en un ascensor? Aprende m\u00e1s aqu\u00ed. Ll\u00e1menos y reciba una evaluaci\u00f3n gratuita del caso.","robots":{"index":"index","follow":"follow","max-snippet":"max-snippet:-1","max-image-preview":"max-image-preview:large","max-video-preview":"max-video-preview:-1"},"canonical":"https:\/\/thehometownlawyers.com\/es\/nuestro-blog\/que-debe-hacer-si-se-accidenta-en-un-ascensor\/","og_locale":"es_MX","og_type":"article","og_title":"\u00bfQu\u00e9 debe hacer si se accidenta en un ascensor? | K&H","og_description":"\u00bfQu\u00e9 debe hacer si se accidenta en un ascensor? Aprende m\u00e1s aqu\u00ed. Ll\u00e1menos y reciba una evaluaci\u00f3n gratuita del caso.","og_url":"https:\/\/thehometownlawyers.com\/es\/nuestro-blog\/que-debe-hacer-si-se-accidenta-en-un-ascensor\/","og_site_name":"Kruger &amp; Hodges Abogados De Lesiones","article_publisher":"https:\/\/www.facebook.com\/KrugerHodges\/","article_modified_time":"2025-02-03T15:43:59+00:00","og_image":[{"width":1600,"height":1067,"url":"https:\/\/thehometownlawyers.com\/wp-content\/uploads\/2022\/07\/accidenta-en-un-ascensor.jpg","type":"image\/jpeg"}],"twitter_card":"summary_large_image","twitter_misc":{"Tiempo de lectura":"2 minutos"},"schema":{"@context":"https:\/\/schema.org","@graph":[{"@type":"WebPage","@id":"https:\/\/thehometownlawyers.com\/es\/nuestro-blog\/que-debe-hacer-si-se-accidenta-en-un-ascensor\/","url":"https:\/\/thehometownlawyers.com\/es\/nuestro-blog\/que-debe-hacer-si-se-accidenta-en-un-ascensor\/","name":"\u00bfQu\u00e9 debe hacer si se accidenta en un ascensor? | K&H","isPartOf":{"@id":"https:\/\/thehometownlawyers.com\/es\/#website"},"primaryImageOfPage":{"@id":"https:\/\/thehometownlawyers.com\/es\/nuestro-blog\/que-debe-hacer-si-se-accidenta-en-un-ascensor\/#primaryimage"},"image":{"@id":"https:\/\/thehometownlawyers.com\/es\/nuestro-blog\/que-debe-hacer-si-se-accidenta-en-un-ascensor\/#primaryimage"},"thumbnailUrl":"https:\/\/thehometownlawyers.com\/wp-content\/uploads\/2022\/07\/accidenta-en-un-ascensor.jpg","datePublished":"2022-07-07T16:52:08+00:00","dateModified":"2025-02-03T15:43:59+00:00","description":"\u00bfQu\u00e9 debe hacer si se accidenta en un ascensor? Aprende m\u00e1s aqu\u00ed. Ll\u00e1menos y reciba una evaluaci\u00f3n gratuita del caso.","breadcrumb":{"@id":"https:\/\/thehometownlawyers.com\/es\/nuestro-blog\/que-debe-hacer-si-se-accidenta-en-un-ascensor\/#breadcrumb"},"inLanguage":"es","potentialAction":[{"@type":"ReadAction","target":["https:\/\/thehometownlawyers.com\/es\/nuestro-blog\/que-debe-hacer-si-se-accidenta-en-un-ascensor\/"]}]},{"@type":"ImageObject","inLanguage":"es","@id":"https:\/\/thehometownlawyers.com\/es\/nuestro-blog\/que-debe-hacer-si-se-accidenta-en-un-ascensor\/#primaryimage","url":"https:\/\/thehometownlawyers.com\/wp-content\/uploads\/2022\/07\/accidenta-en-un-ascensor.jpg","contentUrl":"https:\/\/thehometownlawyers.com\/wp-content\/uploads\/2022\/07\/accidenta-en-un-ascensor.jpg","width":1600,"height":1067,"caption":"un ascensor"},{"@type":"BreadcrumbList","@id":"https:\/\/thehometownlawyers.com\/es\/nuestro-blog\/que-debe-hacer-si-se-accidenta-en-un-ascensor\/#breadcrumb","itemListElement":[{"@type":"ListItem","position":1,"name":"Home","item":"https:\/\/thehometownlawyers.com\/es\/"},{"@type":"ListItem","position":2,"name":"Nuestro blog","item":"https:\/\/thehometownlawyers.com\/es\/blog\/"},{"@type":"ListItem","position":3,"name":"\u00bfQu\u00e9 debe hacer si se accidenta en un ascensor?"}]},{"@type":"WebSite","@id":"https:\/\/thehometownlawyers.com\/es\/#website","url":"https:\/\/thehometownlawyers.com\/es\/","name":"Kruger & Hodges Hometown Injury Lawyers | Accident Attorneys","description":"Attorneys for Car, Truck and Motorcycle Accidents, Personal Injuries, and Criminal Defense.","publisher":{"@id":"https:\/\/thehometownlawyers.com\/es\/#organization"},"alternateName":"Kruger & Hodges Personal Injury Lawyers","inLanguage":"es"},{"@type":"Organization","@id":"https:\/\/thehometownlawyers.com\/es\/#organization","name":"Kruger & Hodges Hometown Injury Lawyers","alternateName":"Kruger & Hodges","url":"https:\/\/thehometownlawyers.com\/es\/","logo":{"@type":"ImageObject","inLanguage":"es","@id":"https:\/\/thehometownlawyers.com\/es\/#\/schema\/logo\/image\/","url":"https:\/\/thehometownlawyers.com\/wp-content\/uploads\/2025\/12\/revised-kh-logo-vertical-white-background-scaled.png","contentUrl":"https:\/\/thehometownlawyers.com\/wp-content\/uploads\/2025\/12\/revised-kh-logo-vertical-white-background-scaled.png","width":2560,"height":1440,"caption":"Kruger & Hodges Hometown Injury Lawyers"},"image":{"@id":"https:\/\/thehometownlawyers.com\/es\/#\/schema\/logo\/image\/"},"sameAs":["https:\/\/www.facebook.com\/KrugerHodges\/","https:\/\/www.instagram.com\/krugerhodges\/","https:\/\/www.linkedin.com\/company\/kruger-hodges-hometown-injury-lawyers\/","https:\/\/www.youtube.com\/channel\/UCeYcMaMaN2rb9jMlqt4EIdQ","https:\/\/www.tiktok.com\/@thehometownlawyer"]}]}},"_links":{"self":[{"href":"https:\/\/thehometownlawyers.com\/es\/wp-json\/wp\/v2\/pages\/21391","targetHints":{"allow":["GET"]}}],"collection":[{"href":"https:\/\/thehometownlawyers.com\/es\/wp-json\/wp\/v2\/pages"}],"about":[{"href":"https:\/\/thehometownlawyers.com\/es\/wp-json\/wp\/v2\/types\/page"}],"author":[{"embeddable":true,"href":"https:\/\/thehometownlawyers.com\/es\/wp-json\/wp\/v2\/users\/7"}],"replies":[{"embeddable":true,"href":"https:\/\/thehometownlawyers.com\/es\/wp-json\/wp\/v2\/comments?post=21391"}],"version-history":[{"count":0,"href":"https:\/\/thehometownlawyers.com\/es\/wp-json\/wp\/v2\/pages\/21391\/revisions"}],"up":[{"embeddable":true,"href":"https:\/\/thehometownlawyers.com\/es\/wp-json\/wp\/v2\/pages\/20988"}],"wp:featuredmedia":[{"embeddable":true,"href":"https:\/\/thehometownlawyers.com\/es\/wp-json\/wp\/v2\/media\/21389"}],"wp:attachment":[{"href":"https:\/\/thehometownlawyers.com\/es\/wp-json\/wp\/v2\/media?parent=21391"}],"wp:term":[{"taxonomy":"hc_faqs","embeddable":true,"href":"https:\/\/thehometownlawyers.com\/es\/wp-json\/wp\/v2\/hc_faqs?post=21391"},{"taxonomy":"hc_spanish_faqs","embeddable":true,"href":"https:\/\/thehometownlawyers.com\/es\/wp-json\/wp\/v2\/hc_spanish_faqs?post=21391"}],"curies":[{"name":"wp","href":"https:\/\/api.w.org\/{rel}","templated":true}]}}