{"id":21424,"date":"2022-07-09T19:22:10","date_gmt":"2022-07-09T23:22:10","guid":{"rendered":"https:\/\/thehometownlawyers.com\/?post_type=faq&#038;p=21424"},"modified":"2025-02-03T10:59:05","modified_gmt":"2025-02-03T15:59:05","slug":"como-se-miden-las-secuelas-psicologicas-en-un-juicio","status":"publish","type":"page","link":"https:\/\/thehometownlawyers.com\/es\/preguntas-frecuentes\/como-se-miden-las-secuelas-psicologicas-en-un-juicio\/","title":{"rendered":"\u00bfC\u00f3mo se miden las secuelas psicol\u00f3gicas en un juicio?"},"content":{"rendered":"<p><b>\u00bfC\u00f3mo se miden las secuelas psicol\u00f3gicas en un juicio?\u00a0<\/b><span style=\"font-weight: 400;\">Los da\u00f1os psicol\u00f3gicos son, en muchos casos, la peor parte de un accidente. La raz\u00f3n de esto es que incluso pueden estar vinculados a los da\u00f1os f\u00edsicos, como por ejemplo una amputaci\u00f3n, secuelas f\u00edsicas irreversibles o la p\u00e9rdida de un ser querido. Despu\u00e9s de un suceso catastr\u00f3fico, la vida de todos los involucrados cambia en tantos aspectos, que la ley necesita pruebas de los da\u00f1os que van m\u00e1s all\u00e1 de lo f\u00edsico.<\/span><\/p>\n<p><span style=\"font-weight: 400;\">Es dif\u00edcil calcular el da\u00f1o psicol\u00f3gico despu\u00e9s de eventos que involucran accidentes traum\u00e1ticos, por lo que en la mayor\u00eda de los casos se necesitar\u00e1 presentar evidencia que pruebe la existencia del da\u00f1o. Principalmente, la ley confiar\u00e1 en los resultados del an\u00e1lisis de un psiquiatra, quien tiene la obligaci\u00f3n de diagnosticar la situaci\u00f3n mental de su paciente, la gravedad de su situaci\u00f3n y como las consecuencias han afectado y afectar\u00e1n su vida.<\/span><\/p>\n<p><span style=\"font-weight: 400;\">Para documentar el proceso, se puede usar un registro de c\u00f3mo cambi\u00f3 la vida de los involucrados despu\u00e9s del accidente, c\u00f3mo este impact\u00f3 sus vidas y las complicaciones en la vida diaria de la v\u00edctima despu\u00e9s del accidente. En los juicios tambi\u00e9n se consideran los testimonios de familiares y amigos, pues estos tambi\u00e9n pueden\u00a0 ayudar a probar la magnitud de los da\u00f1os.<\/span><\/p>\n<p><span style=\"font-weight: 400;\">Pueden existir muchas razones en las que se puede probar que el demandante realmente sufre por las consecuencias de un trauma, por ejemplo:<\/span><\/p>\n<ul>\n<li style=\"font-weight: 400;\" aria-level=\"1\"><span style=\"font-weight: 400;\">Incapacidad de trabajar<\/span><\/li>\n<li style=\"font-weight: 400;\" aria-level=\"1\"><span style=\"font-weight: 400;\">Sufrimiento intenso, insomnio, depresi\u00f3n o ansiedad<\/span><\/li>\n<li style=\"font-weight: 400;\" aria-level=\"1\"><span style=\"font-weight: 400;\">Adicciones al cigarrillo, alcohol y otras sustancias<\/span><\/li>\n<li style=\"font-weight: 400;\" aria-level=\"1\"><span style=\"font-weight: 400;\">Efectos f\u00edsicos a causa de los da\u00f1os psicol\u00f3gicos<\/span><\/li>\n<\/ul>\n<p><span style=\"font-weight: 400;\">Todas las pruebas que se presenten servir\u00e1n para obtener una compensaci\u00f3n m\u00e1s justa, pues esta ayudar\u00e1 al agraviado a poder pagar todos los tratamientos y gastos adicionales. A su vez, la compensaci\u00f3n servir\u00e1 para ayudar a la v\u00edctima a retomar su vida lo m\u00e1s parecido posible a como era antes del accidente. Los puntos m\u00e1s comunes a tratar al hablar de una reparaci\u00f3n de da\u00f1os son, en primera instancia, el tratamiento psicol\u00f3gico y los salarios perdidos a causa de los da\u00f1os emocionales.<\/span><\/p>\n<p><span style=\"font-weight: 400;\">Si requiere de asistencia legal para poder obtener una compensaci\u00f3n justa por da\u00f1os psicol\u00f3gicos o f\u00edsicos despu\u00e9s de un accidente, no dude en <a href=\"https:\/\/thehometownlawyers.com\/es\/contacto\/\">contactarnos<\/a>. Cuente con que seremos emp\u00e1ticos con su situaci\u00f3n y lucharemos por un resultado satisfactorio.<\/span><\/p>\n","protected":false},"excerpt":{"rendered":"<p>\u00bfC\u00f3mo se miden las secuelas psicol\u00f3gicas en un juicio?\u00a0Los da\u00f1os psicol\u00f3gicos son, en muchos casos, la peor parte de un accidente. La raz\u00f3n de esto es que incluso pueden estar vinculados a los da\u00f1os f\u00edsicos, como por ejemplo una amputaci\u00f3n, secuelas f\u00edsicas irreversibles o la p\u00e9rdida de un ser querido. Despu\u00e9s de un suceso catastr\u00f3fico, &#8230;<\/p>\n","protected":false},"author":7,"featured_media":20848,"parent":20989,"menu_order":0,"comment_status":"closed","ping_status":"closed","template":"","meta":{"_acf_changed":false,"inline_featured_image":false,"_genesis_hide_title":false,"_genesis_hide_breadcrumbs":false,"_genesis_hide_singular_image":false,"_genesis_hide_footer_widgets":false,"_genesis_custom_body_class":"","_genesis_custom_post_class":"","_genesis_layout":"","footnotes":""},"hc_faqs":[],"hc_spanish_faqs":[],"class_list":{"0":"post-21424","1":"page","2":"type-page","3":"status-publish","4":"has-post-thumbnail","6":"entry"},"acf":[],"yoast_head":"<!-- This site is optimized with the Yoast SEO plugin v27.2 - https:\/\/yoast.com\/product\/yoast-seo-wordpress\/ -->\n<title>\u00bfC\u00f3mo se miden las secuelas psicol\u00f3gicas en un juicio? | K&amp;H<\/title>\n<meta name=\"description\" content=\"\u00bfC\u00f3mo se miden las secuelas psicol\u00f3gicas en un juicio? Aprende m\u00e1s aqu\u00ed. Ll\u00e1menos y reciba una evaluaci\u00f3n gratuita del caso.\" \/>\n<meta name=\"robots\" content=\"index, follow, max-snippet:-1, max-image-preview:large, max-video-preview:-1\" \/>\n<link rel=\"canonical\" href=\"https:\/\/thehometownlawyers.com\/es\/preguntas-frecuentes\/como-se-miden-las-secuelas-psicologicas-en-un-juicio\/\" \/>\n<meta property=\"og:locale\" content=\"es_MX\" \/>\n<meta property=\"og:type\" content=\"article\" \/>\n<meta property=\"og:title\" content=\"\u00bfC\u00f3mo se miden las secuelas psicol\u00f3gicas en un juicio? | K&amp;H\" \/>\n<meta property=\"og:description\" content=\"\u00bfC\u00f3mo se miden las secuelas psicol\u00f3gicas en un juicio? Aprende m\u00e1s aqu\u00ed. Ll\u00e1menos y reciba una evaluaci\u00f3n gratuita del caso.\" \/>\n<meta property=\"og:url\" content=\"https:\/\/thehometownlawyers.com\/es\/preguntas-frecuentes\/como-se-miden-las-secuelas-psicologicas-en-un-juicio\/\" \/>\n<meta property=\"og:site_name\" content=\"Kruger &amp; Hodges Abogados De Lesiones\" \/>\n<meta property=\"article:publisher\" content=\"https:\/\/www.facebook.com\/KrugerHodges\/\" \/>\n<meta property=\"article:modified_time\" content=\"2025-02-03T15:59:05+00:00\" \/>\n<meta property=\"og:image\" content=\"https:\/\/thehometownlawyers.com\/wp-content\/uploads\/2021\/09\/teen-table-sad.jpg\" \/>\n\t<meta property=\"og:image:width\" content=\"1920\" \/>\n\t<meta property=\"og:image:height\" content=\"1080\" \/>\n\t<meta property=\"og:image:type\" content=\"image\/jpeg\" \/>\n<meta name=\"twitter:card\" content=\"summary_large_image\" \/>\n<meta name=\"twitter:label1\" content=\"Tiempo de lectura\" \/>\n\t<meta name=\"twitter:data1\" content=\"2 minutos\" \/>\n<script type=\"application\/ld+json\" class=\"yoast-schema-graph\">{\"@context\":\"https:\/\/schema.org\",\"@graph\":[{\"@type\":\"WebPage\",\"@id\":\"https:\/\/thehometownlawyers.com\/es\/preguntas-frecuentes\/como-se-miden-las-secuelas-psicologicas-en-un-juicio\/\",\"url\":\"https:\/\/thehometownlawyers.com\/es\/preguntas-frecuentes\/como-se-miden-las-secuelas-psicologicas-en-un-juicio\/\",\"name\":\"\u00bfC\u00f3mo se miden las secuelas psicol\u00f3gicas en un juicio? | K&H\",\"isPartOf\":{\"@id\":\"https:\/\/thehometownlawyers.com\/es\/#website\"},\"primaryImageOfPage\":{\"@id\":\"https:\/\/thehometownlawyers.com\/es\/preguntas-frecuentes\/como-se-miden-las-secuelas-psicologicas-en-un-juicio\/#primaryimage\"},\"image\":{\"@id\":\"https:\/\/thehometownlawyers.com\/es\/preguntas-frecuentes\/como-se-miden-las-secuelas-psicologicas-en-un-juicio\/#primaryimage\"},\"thumbnailUrl\":\"https:\/\/thehometownlawyers.com\/wp-content\/uploads\/2021\/09\/teen-table-sad.jpg\",\"datePublished\":\"2022-07-09T23:22:10+00:00\",\"dateModified\":\"2025-02-03T15:59:05+00:00\",\"description\":\"\u00bfC\u00f3mo se miden las secuelas psicol\u00f3gicas en un juicio? Aprende m\u00e1s aqu\u00ed. Ll\u00e1menos y reciba una evaluaci\u00f3n gratuita del caso.\",\"breadcrumb\":{\"@id\":\"https:\/\/thehometownlawyers.com\/es\/preguntas-frecuentes\/como-se-miden-las-secuelas-psicologicas-en-un-juicio\/#breadcrumb\"},\"inLanguage\":\"es\",\"potentialAction\":[{\"@type\":\"ReadAction\",\"target\":[\"https:\/\/thehometownlawyers.com\/es\/preguntas-frecuentes\/como-se-miden-las-secuelas-psicologicas-en-un-juicio\/\"]}]},{\"@type\":\"ImageObject\",\"inLanguage\":\"es\",\"@id\":\"https:\/\/thehometownlawyers.com\/es\/preguntas-frecuentes\/como-se-miden-las-secuelas-psicologicas-en-un-juicio\/#primaryimage\",\"url\":\"https:\/\/thehometownlawyers.com\/wp-content\/uploads\/2021\/09\/teen-table-sad.jpg\",\"contentUrl\":\"https:\/\/thehometownlawyers.com\/wp-content\/uploads\/2021\/09\/teen-table-sad.jpg\",\"width\":1920,\"height\":1080,\"caption\":\"adolescente triste en una mesa de cocina\"},{\"@type\":\"BreadcrumbList\",\"@id\":\"https:\/\/thehometownlawyers.com\/es\/preguntas-frecuentes\/como-se-miden-las-secuelas-psicologicas-en-un-juicio\/#breadcrumb\",\"itemListElement\":[{\"@type\":\"ListItem\",\"position\":1,\"name\":\"Home\",\"item\":\"https:\/\/thehometownlawyers.com\/es\/\"},{\"@type\":\"ListItem\",\"position\":2,\"name\":\"Preguntas Frecuentes\",\"item\":\"https:\/\/thehometownlawyers.com\/es\/preguntas-frecuentes\/\"},{\"@type\":\"ListItem\",\"position\":3,\"name\":\"\u00bfC\u00f3mo se miden las secuelas psicol\u00f3gicas en un juicio?\"}]},{\"@type\":\"WebSite\",\"@id\":\"https:\/\/thehometownlawyers.com\/es\/#website\",\"url\":\"https:\/\/thehometownlawyers.com\/es\/\",\"name\":\"Kruger & Hodges Hometown Injury Lawyers | Accident Attorneys\",\"description\":\"Attorneys for Car, Truck and Motorcycle Accidents, Personal Injuries, and Criminal Defense.\",\"publisher\":{\"@id\":\"https:\/\/thehometownlawyers.com\/es\/#organization\"},\"alternateName\":\"Kruger & Hodges Personal Injury Lawyers\",\"inLanguage\":\"es\"},{\"@type\":\"Organization\",\"@id\":\"https:\/\/thehometownlawyers.com\/es\/#organization\",\"name\":\"Kruger & Hodges Hometown Injury Lawyers\",\"alternateName\":\"Kruger & Hodges Accident Attorneys\",\"url\":\"https:\/\/thehometownlawyers.com\/es\/\",\"logo\":{\"@type\":\"ImageObject\",\"inLanguage\":\"es\",\"@id\":\"https:\/\/thehometownlawyers.com\/es\/#\/schema\/logo\/image\/\",\"url\":\"https:\/\/thehometownlawyers.com\/wp-content\/uploads\/2025\/12\/revised-kh-logo-vertical-white-background-scaled.png\",\"contentUrl\":\"https:\/\/thehometownlawyers.com\/wp-content\/uploads\/2025\/12\/revised-kh-logo-vertical-white-background-scaled.png\",\"width\":2560,\"height\":1440,\"caption\":\"Kruger & Hodges Hometown Injury Lawyers\"},\"image\":{\"@id\":\"https:\/\/thehometownlawyers.com\/es\/#\/schema\/logo\/image\/\"},\"sameAs\":[\"https:\/\/www.facebook.com\/KrugerHodges\/\",\"https:\/\/www.instagram.com\/krugerhodges\/\",\"https:\/\/www.linkedin.com\/company\/kruger-hodges-hometown-injury-lawyers\/\",\"https:\/\/www.youtube.com\/channel\/UCeYcMaMaN2rb9jMlqt4EIdQ\",\"https:\/\/www.tiktok.com\/@thehometownlawyer\"]}]}<\/script>\n<!-- \/ Yoast SEO plugin. -->","yoast_head_json":{"title":"\u00bfC\u00f3mo se miden las secuelas psicol\u00f3gicas en un juicio? | K&H","description":"\u00bfC\u00f3mo se miden las secuelas psicol\u00f3gicas en un juicio? Aprende m\u00e1s aqu\u00ed. Ll\u00e1menos y reciba una evaluaci\u00f3n gratuita del caso.","robots":{"index":"index","follow":"follow","max-snippet":"max-snippet:-1","max-image-preview":"max-image-preview:large","max-video-preview":"max-video-preview:-1"},"canonical":"https:\/\/thehometownlawyers.com\/es\/preguntas-frecuentes\/como-se-miden-las-secuelas-psicologicas-en-un-juicio\/","og_locale":"es_MX","og_type":"article","og_title":"\u00bfC\u00f3mo se miden las secuelas psicol\u00f3gicas en un juicio? | K&H","og_description":"\u00bfC\u00f3mo se miden las secuelas psicol\u00f3gicas en un juicio? Aprende m\u00e1s aqu\u00ed. Ll\u00e1menos y reciba una evaluaci\u00f3n gratuita del caso.","og_url":"https:\/\/thehometownlawyers.com\/es\/preguntas-frecuentes\/como-se-miden-las-secuelas-psicologicas-en-un-juicio\/","og_site_name":"Kruger &amp; Hodges Abogados De Lesiones","article_publisher":"https:\/\/www.facebook.com\/KrugerHodges\/","article_modified_time":"2025-02-03T15:59:05+00:00","og_image":[{"width":1920,"height":1080,"url":"https:\/\/thehometownlawyers.com\/wp-content\/uploads\/2021\/09\/teen-table-sad.jpg","type":"image\/jpeg"}],"twitter_card":"summary_large_image","twitter_misc":{"Tiempo de lectura":"2 minutos"},"schema":{"@context":"https:\/\/schema.org","@graph":[{"@type":"WebPage","@id":"https:\/\/thehometownlawyers.com\/es\/preguntas-frecuentes\/como-se-miden-las-secuelas-psicologicas-en-un-juicio\/","url":"https:\/\/thehometownlawyers.com\/es\/preguntas-frecuentes\/como-se-miden-las-secuelas-psicologicas-en-un-juicio\/","name":"\u00bfC\u00f3mo se miden las secuelas psicol\u00f3gicas en un juicio? | K&H","isPartOf":{"@id":"https:\/\/thehometownlawyers.com\/es\/#website"},"primaryImageOfPage":{"@id":"https:\/\/thehometownlawyers.com\/es\/preguntas-frecuentes\/como-se-miden-las-secuelas-psicologicas-en-un-juicio\/#primaryimage"},"image":{"@id":"https:\/\/thehometownlawyers.com\/es\/preguntas-frecuentes\/como-se-miden-las-secuelas-psicologicas-en-un-juicio\/#primaryimage"},"thumbnailUrl":"https:\/\/thehometownlawyers.com\/wp-content\/uploads\/2021\/09\/teen-table-sad.jpg","datePublished":"2022-07-09T23:22:10+00:00","dateModified":"2025-02-03T15:59:05+00:00","description":"\u00bfC\u00f3mo se miden las secuelas psicol\u00f3gicas en un juicio? Aprende m\u00e1s aqu\u00ed. Ll\u00e1menos y reciba una evaluaci\u00f3n gratuita del caso.","breadcrumb":{"@id":"https:\/\/thehometownlawyers.com\/es\/preguntas-frecuentes\/como-se-miden-las-secuelas-psicologicas-en-un-juicio\/#breadcrumb"},"inLanguage":"es","potentialAction":[{"@type":"ReadAction","target":["https:\/\/thehometownlawyers.com\/es\/preguntas-frecuentes\/como-se-miden-las-secuelas-psicologicas-en-un-juicio\/"]}]},{"@type":"ImageObject","inLanguage":"es","@id":"https:\/\/thehometownlawyers.com\/es\/preguntas-frecuentes\/como-se-miden-las-secuelas-psicologicas-en-un-juicio\/#primaryimage","url":"https:\/\/thehometownlawyers.com\/wp-content\/uploads\/2021\/09\/teen-table-sad.jpg","contentUrl":"https:\/\/thehometownlawyers.com\/wp-content\/uploads\/2021\/09\/teen-table-sad.jpg","width":1920,"height":1080,"caption":"adolescente triste en una mesa de cocina"},{"@type":"BreadcrumbList","@id":"https:\/\/thehometownlawyers.com\/es\/preguntas-frecuentes\/como-se-miden-las-secuelas-psicologicas-en-un-juicio\/#breadcrumb","itemListElement":[{"@type":"ListItem","position":1,"name":"Home","item":"https:\/\/thehometownlawyers.com\/es\/"},{"@type":"ListItem","position":2,"name":"Preguntas Frecuentes","item":"https:\/\/thehometownlawyers.com\/es\/preguntas-frecuentes\/"},{"@type":"ListItem","position":3,"name":"\u00bfC\u00f3mo se miden las secuelas psicol\u00f3gicas en un juicio?"}]},{"@type":"WebSite","@id":"https:\/\/thehometownlawyers.com\/es\/#website","url":"https:\/\/thehometownlawyers.com\/es\/","name":"Kruger & Hodges Hometown Injury Lawyers | Accident Attorneys","description":"Attorneys for Car, Truck and Motorcycle Accidents, Personal Injuries, and Criminal Defense.","publisher":{"@id":"https:\/\/thehometownlawyers.com\/es\/#organization"},"alternateName":"Kruger & Hodges Personal Injury Lawyers","inLanguage":"es"},{"@type":"Organization","@id":"https:\/\/thehometownlawyers.com\/es\/#organization","name":"Kruger & Hodges Hometown Injury Lawyers","alternateName":"Kruger & Hodges Accident Attorneys","url":"https:\/\/thehometownlawyers.com\/es\/","logo":{"@type":"ImageObject","inLanguage":"es","@id":"https:\/\/thehometownlawyers.com\/es\/#\/schema\/logo\/image\/","url":"https:\/\/thehometownlawyers.com\/wp-content\/uploads\/2025\/12\/revised-kh-logo-vertical-white-background-scaled.png","contentUrl":"https:\/\/thehometownlawyers.com\/wp-content\/uploads\/2025\/12\/revised-kh-logo-vertical-white-background-scaled.png","width":2560,"height":1440,"caption":"Kruger & Hodges Hometown Injury Lawyers"},"image":{"@id":"https:\/\/thehometownlawyers.com\/es\/#\/schema\/logo\/image\/"},"sameAs":["https:\/\/www.facebook.com\/KrugerHodges\/","https:\/\/www.instagram.com\/krugerhodges\/","https:\/\/www.linkedin.com\/company\/kruger-hodges-hometown-injury-lawyers\/","https:\/\/www.youtube.com\/channel\/UCeYcMaMaN2rb9jMlqt4EIdQ","https:\/\/www.tiktok.com\/@thehometownlawyer"]}]}},"_links":{"self":[{"href":"https:\/\/thehometownlawyers.com\/es\/wp-json\/wp\/v2\/pages\/21424","targetHints":{"allow":["GET"]}}],"collection":[{"href":"https:\/\/thehometownlawyers.com\/es\/wp-json\/wp\/v2\/pages"}],"about":[{"href":"https:\/\/thehometownlawyers.com\/es\/wp-json\/wp\/v2\/types\/page"}],"author":[{"embeddable":true,"href":"https:\/\/thehometownlawyers.com\/es\/wp-json\/wp\/v2\/users\/7"}],"replies":[{"embeddable":true,"href":"https:\/\/thehometownlawyers.com\/es\/wp-json\/wp\/v2\/comments?post=21424"}],"version-history":[{"count":0,"href":"https:\/\/thehometownlawyers.com\/es\/wp-json\/wp\/v2\/pages\/21424\/revisions"}],"up":[{"embeddable":true,"href":"https:\/\/thehometownlawyers.com\/es\/wp-json\/wp\/v2\/pages\/20989"}],"wp:featuredmedia":[{"embeddable":true,"href":"https:\/\/thehometownlawyers.com\/es\/wp-json\/wp\/v2\/media\/20848"}],"wp:attachment":[{"href":"https:\/\/thehometownlawyers.com\/es\/wp-json\/wp\/v2\/media?parent=21424"}],"wp:term":[{"taxonomy":"hc_faqs","embeddable":true,"href":"https:\/\/thehometownlawyers.com\/es\/wp-json\/wp\/v2\/hc_faqs?post=21424"},{"taxonomy":"hc_spanish_faqs","embeddable":true,"href":"https:\/\/thehometownlawyers.com\/es\/wp-json\/wp\/v2\/hc_spanish_faqs?post=21424"}],"curies":[{"name":"wp","href":"https:\/\/api.w.org\/{rel}","templated":true}]}}