{"id":24160,"date":"2022-06-09T08:26:32","date_gmt":"2022-06-09T12:26:32","guid":{"rendered":"https:\/\/thehometownlawyers.com\/?page_id=24160"},"modified":"2025-04-03T13:38:19","modified_gmt":"2025-04-03T17:38:19","slug":"eaton-insurance-claims-lawyer","status":"publish","type":"page","link":"https:\/\/thehometownlawyers.com\/es\/eaton\/abogado-de-reclamaciones-de-seguros\/","title":{"rendered":"Abogado de Reclamaciones de Seguros en Eaton"},"content":{"rendered":"<h2>Leyes de Seguro de Autom\u00f3vil en el Estado de Ohio<\/h2>\n<p>En el estado de Ohio, es ilegal conducir cualquier veh\u00edculo sin prueba de responsabilidad financiera y\/o seguro. Tampoco puede permitir que otra persona conduzca su veh\u00edculo sin dicha prueba. Esto significa que para cumplir con las leyes de seguro de Ohio, debe mantener un seguro de veh\u00edculo o adquirir una fianza. Si obtiene un seguro de autom\u00f3vil, debe adquirir Cobertura de Responsabilidad por Lesiones Corporales adem\u00e1s de Cobertura de Responsabilidad por Da\u00f1os a la Propiedad, con las siguientes coberturas m\u00ednimas:<\/p>\n<ul>\n<li>$25,000 por persona lesionada en un accidente bajo Cobertura de Responsabilidad por Lesiones Corporales<\/li>\n<li>$50,000 para todas las personas lesionadas en un accidente bajo Cobertura de Responsabilidad por Lesiones Corporales<\/li>\n<li>$25,000 por lesiones o destrucci\u00f3n de la propiedad de otros en un accidente bajo Cobertura de Responsabilidad por Da\u00f1os a la Propiedad<\/li>\n<\/ul>\n<p>Es posible que se pregunte si deber\u00eda adquirir mayores coberturas de las exigidas por el estado. Al tomar esa decisi\u00f3n, piense en lo que podr\u00eda perder si causa un accidente automovil\u00edstico. Tener una cobertura adicional podr\u00eda proteger sus activos en caso de un accidente grave.<\/p>\n<p>Por otro lado, si usted resulta lesionado por la negligencia de otra persona, sus lesiones podr\u00edan superar f\u00e1cilmente los $25,000, por lo que deber\u00eda considerar adquirir cobertura de seguro contra conductores no asegurados o con seguro insuficiente en su propia p\u00f3liza. Si ha estado involucrado en un accidente automovil\u00edstico que no fue su culpa, hablar con un abogado experimentado en seguros de autom\u00f3viles en Eaton de Kruger &amp; Hodges es extremadamente importante para garantizar que sus derechos sean debidamente protegidos.<\/p>\n<p class=\"rs-content-cta rs-content-cta-small\">Para una consulta legal gratuita, llame al <a href=\"tel:+19377336079\">937-733-6079 <\/a><\/p><h2>\u00bfC\u00f3mo se Asigna la Responsabilidad en un Accidente de Auto en Ohio?<\/h2>\n<p>Un informe policial es extremadamente importante para determinar qui\u00e9n tiene la culpa en un accidente de auto en Ohio, ya que involucra a una tercera parte autorizada para documentar el incidente. El informe policial es un factor clave para determinar la responsabilidad. Los informes policiales generalmente incluyen la informaci\u00f3n de contacto de ambos conductores y cualquier pasajero. Tambi\u00e9n pueden registrar las condiciones clim\u00e1ticas y de la carretera si influyeron en el accidente, as\u00ed como el estado de los autom\u00f3viles y los da\u00f1os resultantes.<\/p>\n<p>El oficial tambi\u00e9n considerar\u00e1 ciertos factores para determinar la responsabilidad. Estos factores pueden incluir conducir bajo los efectos del alcohol o drogas, exceso de velocidad, manejo distra\u00eddo o negligente, rebasar en una zona prohibida, pasarse un sem\u00e1foro en rojo o ignorar una se\u00f1al de alto. El estado de Ohio permite que cualquier persona lesionada en un accidente demande al conductor culpable. Incluso si usted tuvo parte de la culpa en la colisi\u00f3n, a\u00fan puede buscar una compensaci\u00f3n del otro conductor.<\/p>\n<p>\u00bfCu\u00e1les son Algunos Problemas Comunes con los que su Abogado de Seguros en Eaton Puede Ayudar?<br \/>\nDespu\u00e9s de su accidente automovil\u00edstico, puede enfrentar las siguientes dificultades:<\/p>\n<ul>\n<li>La cuesti\u00f3n de la responsabilidad puede no estar completamente clara, lo que podr\u00eda dificultar su determinaci\u00f3n.<\/li>\n<li>Sus lesiones pueden ser tan graves que no pueda volver al trabajo ni pagar sus gastos mensuales habituales.<\/li>\n<li>Es posible que no est\u00e9 recibiendo el tratamiento m\u00e9dico que necesita o que no pueda pagar los tratamientos m\u00e9dicos.<\/li>\n<li>La compa\u00f1\u00eda de seguros del conductor culpable puede estar demorando el pago por sus lesiones, haber rechazado su reclamaci\u00f3n por completo o haberle ofrecido una oferta de compensaci\u00f3n extremadamente baja.<\/li>\n<\/ul>\n<p>Una vez que est\u00e9 representado legalmente, su abogado podr\u00e1 abordar todos estos problemas. Su abogado de seguros en Eaton de Kruger &amp; Hodges realizar\u00e1 una investigaci\u00f3n independiente para determinar la responsabilidad. Adem\u00e1s, puede ayudarle a obtener los tratamientos m\u00e9dicos que necesita e incluso negociar con los m\u00e9dicos para esperar el pago hasta que se resuelva su caso.<\/p>\n<p>\u00bfCu\u00e1l es el Proceso para Presentar una Reclamaci\u00f3n de Seguro por Accidente Automovil\u00edstico en Eaton?<br \/>\nSi ya ha hablado con la compa\u00f1\u00eda de seguros del responsable y esta ha rechazado su reclamaci\u00f3n, retrasado su acuerdo o le ha ofrecido una cantidad extremadamente baja, podr\u00eda decidir contratar a un abogado de seguros en Eaton. En ese momento, su abogado investigar\u00e1 su reclamaci\u00f3n para mostrar claramente la responsabilidad y luego presentar\u00e1 una carta de demanda que solicite una cantidad espec\u00edfica de da\u00f1os a su favor.<\/p>\n<p>Si se acuerda una cantidad de compensaci\u00f3n, puede esperar recibir su cheque de compensaci\u00f3n en aproximadamente seis semanas. Si no se puede llegar a un acuerdo, su reclamaci\u00f3n podr\u00eda ir a juicio, donde un juez o jurado determinar\u00e1 si su reclamaci\u00f3n tiene m\u00e9rito y cu\u00e1nto tiene derecho a recibir. Su reclamaci\u00f3n debe presentarse dentro de los dos a\u00f1os a partir de la fecha del accidente.<\/p>\n<p class=\"rs-content-cta\">Abogado de Reclamaciones de Seguros de Eaton Cerca de M\u00ed <a href=\"tel:+19377336079\">937-733-6079<\/a><\/p><h2>\u00bfQu\u00e9 Ocurre si una Aseguradora Tiene Pr\u00e1cticas de Mala Fe?<\/h2>\n<p>Si una aseguradora act\u00faa de mala fe, ha infringido la ley. Las pr\u00e1cticas de mala fe incluyen tergiversar deliberadamente los hechos o disposiciones de la p\u00f3liza, ofrecerle intencionadamente una compensaci\u00f3n extremadamente baja, demorar una reclamaci\u00f3n leg\u00edtima o rechazar una reclamaci\u00f3n v\u00e1lida. Si su compa\u00f1\u00eda de seguros ha incurrido en pr\u00e1cticas de mala fe, su abogado podr\u00e1 abordar esas pr\u00e1cticas para garantizar que la compa\u00f1\u00eda de seguros lo trate de manera justa y honesta.<\/p>\n<p class=\"rs-content-cta rs-content-cta-small\"><a href=\"\/es\/contacto\/\">Haga clic para contactar<\/a> con nuestros reclamaciones de seguros abogados hoy<\/p><h2>\u00bfC\u00f3mo un Abogado de Seguros en Eaton Puede Ayudarle?<\/h2>\n<p>Tener un abogado de seguros en Eaton de Kruger &amp; Hodges puede marcar una gran diferencia en el resultado de su reclamaci\u00f3n por accidente automovil\u00edstico. En Kruger &amp; Hodges, entendemos que la vida no siempre sale como se planea. Es posible que haya estado involucrado en un accidente automovil\u00edstico en Eaton que no fue su culpa, y ahora se encuentra lesionado, tal vez sin poder trabajar, sin saber a d\u00f3nde acudir.<\/p>\n<p>Sabemos que es dif\u00edcil encontrar un abogado en quien pueda confiar, por lo que hemos construido una pr\u00e1ctica legal compasiva comprometida con buscar justicia para nuestros clientes. Tener un abogado accesible que conteste cuando llame y realmente escuche puede ser un salvavidas cuando m\u00e1s lo necesita. <a href=\"https:\/\/thehometownlawyers.com\/es\/contacto\/\">Cont\u00e1ctenos<\/a> hoy mismo para tener un abogado de Kruger &amp; Hodges de su lado que realmente crea en usted, en sus derechos y en su futuro.<\/p>\n<p class=\"rs-content-cta rs-content-cta-small\">Llame o env\u00ede un mensaje de texto al <a href=\"tel:+19377336079\">937-733-6079<\/a> o complete una <a href=\"\/es\/contacto\/\">evaluaci\u00f3n gratuita de su caso<\/a><\/p>","protected":false},"excerpt":{"rendered":"<p>Leyes de Seguro de Autom\u00f3vil en el Estado de Ohio En el estado de Ohio, es ilegal conducir cualquier veh\u00edculo sin prueba de responsabilidad financiera y\/o seguro. Tampoco puede permitir que otra persona conduzca su veh\u00edculo sin dicha prueba. Esto significa que para cumplir con las leyes de seguro de Ohio, debe mantener un seguro &#8230;<\/p>\n","protected":false},"author":7,"featured_media":20847,"parent":21199,"menu_order":0,"comment_status":"closed","ping_status":"closed","template":"","meta":{"_acf_changed":false,"inline_featured_image":false,"_genesis_hide_title":false,"_genesis_hide_breadcrumbs":false,"_genesis_hide_singular_image":false,"_genesis_hide_footer_widgets":false,"_genesis_custom_body_class":"","_genesis_custom_post_class":"","_genesis_layout":"","footnotes":""},"hc_faqs":[],"hc_spanish_faqs":[],"class_list":{"0":"post-24160","1":"page","2":"type-page","3":"status-publish","4":"has-post-thumbnail","6":"hc_city_location-eaton-es","7":"entry"},"acf":[],"yoast_head":"<!-- This site is optimized with the Yoast SEO plugin v27.4 - https:\/\/yoast.com\/product\/yoast-seo-wordpress\/ -->\n<title>Abogado de reclamaciones de seguros en Eaton | Consulta gratuita<\/title>\n<meta name=\"description\" content=\"Abogado de reclamaciones de seguros en Eaton: luchamos por una compensaci\u00f3n justa en nombre de las familias. Consultas gratuitas.\" \/>\n<meta name=\"robots\" content=\"index, follow, max-snippet:-1, max-image-preview:large, max-video-preview:-1\" \/>\n<link rel=\"canonical\" href=\"https:\/\/thehometownlawyers.com\/es\/eaton\/abogado-de-reclamaciones-de-seguros\/\" \/>\n<meta property=\"og:locale\" content=\"es_MX\" \/>\n<meta property=\"og:type\" content=\"article\" \/>\n<meta property=\"og:title\" content=\"Abogado de reclamaciones de seguros en Eaton | Consulta gratuita\" \/>\n<meta property=\"og:description\" content=\"Abogado de reclamaciones de seguros en Eaton: luchamos por una compensaci\u00f3n justa en nombre de las familias. Consultas gratuitas.\" \/>\n<meta property=\"og:url\" content=\"https:\/\/thehometownlawyers.com\/es\/eaton\/abogado-de-reclamaciones-de-seguros\/\" \/>\n<meta property=\"og:site_name\" content=\"Kruger &amp; Hodges Abogados De Lesiones\" \/>\n<meta property=\"article:publisher\" content=\"https:\/\/www.facebook.com\/KrugerHodges\/\" \/>\n<meta property=\"article:modified_time\" content=\"2025-04-03T17:38:19+00:00\" \/>\n<meta property=\"og:image\" content=\"https:\/\/thehometownlawyers.com\/wp-content\/uploads\/2021\/09\/car-driving-wheel.jpg\" \/>\n\t<meta property=\"og:image:width\" content=\"1920\" \/>\n\t<meta property=\"og:image:height\" content=\"1080\" \/>\n\t<meta property=\"og:image:type\" content=\"image\/jpeg\" \/>\n<meta name=\"twitter:card\" content=\"summary_large_image\" \/>\n<meta name=\"twitter:label1\" content=\"Tiempo de lectura\" \/>\n\t<meta name=\"twitter:data1\" content=\"5 minutos\" \/>\n<script type=\"application\/ld+json\" class=\"yoast-schema-graph\">{\"@context\":\"https:\\\/\\\/schema.org\",\"@graph\":[{\"@type\":\"WebPage\",\"@id\":\"https:\\\/\\\/thehometownlawyers.com\\\/es\\\/eaton\\\/abogado-de-reclamaciones-de-seguros\\\/\",\"url\":\"https:\\\/\\\/thehometownlawyers.com\\\/es\\\/eaton\\\/abogado-de-reclamaciones-de-seguros\\\/\",\"name\":\"Abogado de reclamaciones de seguros en Eaton | Consulta gratuita\",\"isPartOf\":{\"@id\":\"https:\\\/\\\/thehometownlawyers.com\\\/es\\\/#website\"},\"primaryImageOfPage\":{\"@id\":\"https:\\\/\\\/thehometownlawyers.com\\\/es\\\/eaton\\\/abogado-de-reclamaciones-de-seguros\\\/#primaryimage\"},\"image\":{\"@id\":\"https:\\\/\\\/thehometownlawyers.com\\\/es\\\/eaton\\\/abogado-de-reclamaciones-de-seguros\\\/#primaryimage\"},\"thumbnailUrl\":\"https:\\\/\\\/thehometownlawyers.com\\\/wp-content\\\/uploads\\\/2021\\\/09\\\/car-driving-wheel.jpg\",\"datePublished\":\"2022-06-09T12:26:32+00:00\",\"dateModified\":\"2025-04-03T17:38:19+00:00\",\"description\":\"Abogado de reclamaciones de seguros en Eaton: luchamos por una compensaci\u00f3n justa en nombre de las familias. Consultas gratuitas.\",\"breadcrumb\":{\"@id\":\"https:\\\/\\\/thehometownlawyers.com\\\/es\\\/eaton\\\/abogado-de-reclamaciones-de-seguros\\\/#breadcrumb\"},\"inLanguage\":\"es\",\"potentialAction\":[{\"@type\":\"ReadAction\",\"target\":[\"https:\\\/\\\/thehometownlawyers.com\\\/es\\\/eaton\\\/abogado-de-reclamaciones-de-seguros\\\/\"]}]},{\"@type\":\"ImageObject\",\"inLanguage\":\"es\",\"@id\":\"https:\\\/\\\/thehometownlawyers.com\\\/es\\\/eaton\\\/abogado-de-reclamaciones-de-seguros\\\/#primaryimage\",\"url\":\"https:\\\/\\\/thehometownlawyers.com\\\/wp-content\\\/uploads\\\/2021\\\/09\\\/car-driving-wheel.jpg\",\"contentUrl\":\"https:\\\/\\\/thehometownlawyers.com\\\/wp-content\\\/uploads\\\/2021\\\/09\\\/car-driving-wheel.jpg\",\"width\":1920,\"height\":1080,\"caption\":\"conductor e interior del veh\u00edculo\"},{\"@type\":\"BreadcrumbList\",\"@id\":\"https:\\\/\\\/thehometownlawyers.com\\\/es\\\/eaton\\\/abogado-de-reclamaciones-de-seguros\\\/#breadcrumb\",\"itemListElement\":[{\"@type\":\"ListItem\",\"position\":1,\"name\":\"Home\",\"item\":\"https:\\\/\\\/thehometownlawyers.com\\\/es\\\/\"},{\"@type\":\"ListItem\",\"position\":2,\"name\":\"Abogado de Lesiones Personales en Eaton\",\"item\":\"https:\\\/\\\/thehometownlawyers.com\\\/es\\\/abogados-de-lesiones-personales-en-eaton-ohio\\\/\"},{\"@type\":\"ListItem\",\"position\":3,\"name\":\"Abogado de Reclamaciones de Seguros en Eaton\"}]},{\"@type\":\"WebSite\",\"@id\":\"https:\\\/\\\/thehometownlawyers.com\\\/es\\\/#website\",\"url\":\"https:\\\/\\\/thehometownlawyers.com\\\/es\\\/\",\"name\":\"Kruger & Hodges Hometown Injury Lawyers | Accident Attorneys\",\"description\":\"Attorneys for Car, Truck and Motorcycle Accidents, Personal Injuries, and Criminal Defense.\",\"publisher\":{\"@id\":\"https:\\\/\\\/thehometownlawyers.com\\\/es\\\/#organization\"},\"alternateName\":\"Kruger & Hodges Personal Injury Lawyers\",\"inLanguage\":\"es\"},{\"@type\":\"Organization\",\"@id\":\"https:\\\/\\\/thehometownlawyers.com\\\/es\\\/#organization\",\"name\":\"Kruger & Hodges Hometown Injury Lawyers\",\"alternateName\":\"Kruger & Hodges\",\"url\":\"https:\\\/\\\/thehometownlawyers.com\\\/es\\\/\",\"logo\":{\"@type\":\"ImageObject\",\"inLanguage\":\"es\",\"@id\":\"https:\\\/\\\/thehometownlawyers.com\\\/es\\\/#\\\/schema\\\/logo\\\/image\\\/\",\"url\":\"https:\\\/\\\/thehometownlawyers.com\\\/wp-content\\\/uploads\\\/2025\\\/12\\\/revised-kh-logo-vertical-white-background-scaled.png\",\"contentUrl\":\"https:\\\/\\\/thehometownlawyers.com\\\/wp-content\\\/uploads\\\/2025\\\/12\\\/revised-kh-logo-vertical-white-background-scaled.png\",\"width\":2560,\"height\":1440,\"caption\":\"Kruger & Hodges Hometown Injury Lawyers\"},\"image\":{\"@id\":\"https:\\\/\\\/thehometownlawyers.com\\\/es\\\/#\\\/schema\\\/logo\\\/image\\\/\"},\"sameAs\":[\"https:\\\/\\\/www.facebook.com\\\/KrugerHodges\\\/\",\"https:\\\/\\\/www.instagram.com\\\/krugerhodges\\\/\",\"https:\\\/\\\/www.linkedin.com\\\/company\\\/kruger-hodges-hometown-injury-lawyers\\\/\",\"https:\\\/\\\/www.youtube.com\\\/channel\\\/UCeYcMaMaN2rb9jMlqt4EIdQ\",\"https:\\\/\\\/www.tiktok.com\\\/@thehometownlawyer\"]}]}<\/script>\n<!-- \/ Yoast SEO plugin. -->","yoast_head_json":{"title":"Abogado de reclamaciones de seguros en Eaton | Consulta gratuita","description":"Abogado de reclamaciones de seguros en Eaton: luchamos por una compensaci\u00f3n justa en nombre de las familias. Consultas gratuitas.","robots":{"index":"index","follow":"follow","max-snippet":"max-snippet:-1","max-image-preview":"max-image-preview:large","max-video-preview":"max-video-preview:-1"},"canonical":"https:\/\/thehometownlawyers.com\/es\/eaton\/abogado-de-reclamaciones-de-seguros\/","og_locale":"es_MX","og_type":"article","og_title":"Abogado de reclamaciones de seguros en Eaton | Consulta gratuita","og_description":"Abogado de reclamaciones de seguros en Eaton: luchamos por una compensaci\u00f3n justa en nombre de las familias. Consultas gratuitas.","og_url":"https:\/\/thehometownlawyers.com\/es\/eaton\/abogado-de-reclamaciones-de-seguros\/","og_site_name":"Kruger &amp; Hodges Abogados De Lesiones","article_publisher":"https:\/\/www.facebook.com\/KrugerHodges\/","article_modified_time":"2025-04-03T17:38:19+00:00","og_image":[{"width":1920,"height":1080,"url":"https:\/\/thehometownlawyers.com\/wp-content\/uploads\/2021\/09\/car-driving-wheel.jpg","type":"image\/jpeg"}],"twitter_card":"summary_large_image","twitter_misc":{"Tiempo de lectura":"5 minutos"},"schema":{"@context":"https:\/\/schema.org","@graph":[{"@type":"WebPage","@id":"https:\/\/thehometownlawyers.com\/es\/eaton\/abogado-de-reclamaciones-de-seguros\/","url":"https:\/\/thehometownlawyers.com\/es\/eaton\/abogado-de-reclamaciones-de-seguros\/","name":"Abogado de reclamaciones de seguros en Eaton | Consulta gratuita","isPartOf":{"@id":"https:\/\/thehometownlawyers.com\/es\/#website"},"primaryImageOfPage":{"@id":"https:\/\/thehometownlawyers.com\/es\/eaton\/abogado-de-reclamaciones-de-seguros\/#primaryimage"},"image":{"@id":"https:\/\/thehometownlawyers.com\/es\/eaton\/abogado-de-reclamaciones-de-seguros\/#primaryimage"},"thumbnailUrl":"https:\/\/thehometownlawyers.com\/wp-content\/uploads\/2021\/09\/car-driving-wheel.jpg","datePublished":"2022-06-09T12:26:32+00:00","dateModified":"2025-04-03T17:38:19+00:00","description":"Abogado de reclamaciones de seguros en Eaton: luchamos por una compensaci\u00f3n justa en nombre de las familias. Consultas gratuitas.","breadcrumb":{"@id":"https:\/\/thehometownlawyers.com\/es\/eaton\/abogado-de-reclamaciones-de-seguros\/#breadcrumb"},"inLanguage":"es","potentialAction":[{"@type":"ReadAction","target":["https:\/\/thehometownlawyers.com\/es\/eaton\/abogado-de-reclamaciones-de-seguros\/"]}]},{"@type":"ImageObject","inLanguage":"es","@id":"https:\/\/thehometownlawyers.com\/es\/eaton\/abogado-de-reclamaciones-de-seguros\/#primaryimage","url":"https:\/\/thehometownlawyers.com\/wp-content\/uploads\/2021\/09\/car-driving-wheel.jpg","contentUrl":"https:\/\/thehometownlawyers.com\/wp-content\/uploads\/2021\/09\/car-driving-wheel.jpg","width":1920,"height":1080,"caption":"conductor e interior del veh\u00edculo"},{"@type":"BreadcrumbList","@id":"https:\/\/thehometownlawyers.com\/es\/eaton\/abogado-de-reclamaciones-de-seguros\/#breadcrumb","itemListElement":[{"@type":"ListItem","position":1,"name":"Home","item":"https:\/\/thehometownlawyers.com\/es\/"},{"@type":"ListItem","position":2,"name":"Abogado de Lesiones Personales en Eaton","item":"https:\/\/thehometownlawyers.com\/es\/abogados-de-lesiones-personales-en-eaton-ohio\/"},{"@type":"ListItem","position":3,"name":"Abogado de Reclamaciones de Seguros en Eaton"}]},{"@type":"WebSite","@id":"https:\/\/thehometownlawyers.com\/es\/#website","url":"https:\/\/thehometownlawyers.com\/es\/","name":"Kruger & Hodges Hometown Injury Lawyers | Accident Attorneys","description":"Attorneys for Car, Truck and Motorcycle Accidents, Personal Injuries, and Criminal Defense.","publisher":{"@id":"https:\/\/thehometownlawyers.com\/es\/#organization"},"alternateName":"Kruger & Hodges Personal Injury Lawyers","inLanguage":"es"},{"@type":"Organization","@id":"https:\/\/thehometownlawyers.com\/es\/#organization","name":"Kruger & Hodges Hometown Injury Lawyers","alternateName":"Kruger & Hodges","url":"https:\/\/thehometownlawyers.com\/es\/","logo":{"@type":"ImageObject","inLanguage":"es","@id":"https:\/\/thehometownlawyers.com\/es\/#\/schema\/logo\/image\/","url":"https:\/\/thehometownlawyers.com\/wp-content\/uploads\/2025\/12\/revised-kh-logo-vertical-white-background-scaled.png","contentUrl":"https:\/\/thehometownlawyers.com\/wp-content\/uploads\/2025\/12\/revised-kh-logo-vertical-white-background-scaled.png","width":2560,"height":1440,"caption":"Kruger & Hodges Hometown Injury Lawyers"},"image":{"@id":"https:\/\/thehometownlawyers.com\/es\/#\/schema\/logo\/image\/"},"sameAs":["https:\/\/www.facebook.com\/KrugerHodges\/","https:\/\/www.instagram.com\/krugerhodges\/","https:\/\/www.linkedin.com\/company\/kruger-hodges-hometown-injury-lawyers\/","https:\/\/www.youtube.com\/channel\/UCeYcMaMaN2rb9jMlqt4EIdQ","https:\/\/www.tiktok.com\/@thehometownlawyer"]}]}},"_links":{"self":[{"href":"https:\/\/thehometownlawyers.com\/es\/wp-json\/wp\/v2\/pages\/24160","targetHints":{"allow":["GET"]}}],"collection":[{"href":"https:\/\/thehometownlawyers.com\/es\/wp-json\/wp\/v2\/pages"}],"about":[{"href":"https:\/\/thehometownlawyers.com\/es\/wp-json\/wp\/v2\/types\/page"}],"author":[{"embeddable":true,"href":"https:\/\/thehometownlawyers.com\/es\/wp-json\/wp\/v2\/users\/7"}],"replies":[{"embeddable":true,"href":"https:\/\/thehometownlawyers.com\/es\/wp-json\/wp\/v2\/comments?post=24160"}],"version-history":[{"count":0,"href":"https:\/\/thehometownlawyers.com\/es\/wp-json\/wp\/v2\/pages\/24160\/revisions"}],"up":[{"embeddable":true,"href":"https:\/\/thehometownlawyers.com\/es\/wp-json\/wp\/v2\/pages\/21199"}],"wp:featuredmedia":[{"embeddable":true,"href":"https:\/\/thehometownlawyers.com\/es\/wp-json\/wp\/v2\/media\/20847"}],"wp:attachment":[{"href":"https:\/\/thehometownlawyers.com\/es\/wp-json\/wp\/v2\/media?parent=24160"}],"wp:term":[{"taxonomy":"hc_faqs","embeddable":true,"href":"https:\/\/thehometownlawyers.com\/es\/wp-json\/wp\/v2\/hc_faqs?post=24160"},{"taxonomy":"hc_spanish_faqs","embeddable":true,"href":"https:\/\/thehometownlawyers.com\/es\/wp-json\/wp\/v2\/hc_spanish_faqs?post=24160"}],"curies":[{"name":"wp","href":"https:\/\/api.w.org\/{rel}","templated":true}]}}