{"id":24162,"date":"2022-06-08T20:57:33","date_gmt":"2022-06-09T00:57:33","guid":{"rendered":"https:\/\/thehometownlawyers.com\/?page_id=24162"},"modified":"2025-04-03T13:45:16","modified_gmt":"2025-04-03T17:45:16","slug":"abogado-de-reclamaciones-de-seguros-en-hamilton","status":"publish","type":"page","link":"https:\/\/thehometownlawyers.com\/es\/hamilton\/abogado-de-seguros\/","title":{"rendered":"Abogado de reclamaciones de seguros en Hamilton"},"content":{"rendered":"<h2>Leyes de Seguro de Auto en el Estado de Ohio<\/h2>\n<p>El estado de Ohio es lo que se conoce como un estado de accidentes automovil\u00edsticos &#8220;con culpa&#8221;, lo que significa que los conductores deben demostrar responsabilidad financiera en caso de un accidente. Esto tambi\u00e9n significa que la persona que se considera culpable de causar el accidente es responsable de compensar a la v\u00edctima o v\u00edctimas del accidente. Desde un punto de vista pr\u00e1ctico, la compa\u00f1\u00eda de seguros del conductor culpable cubre las p\u00e9rdidas hasta los l\u00edmites de la p\u00f3liza. Si has sufrido una lesi\u00f3n en un accidente automovil\u00edstico causado por un conductor negligente, puedes proceder de tres maneras:<\/p>\n<ol>\n<li>Presentar un reclamo con tu propia compa\u00f1\u00eda de seguros, y tu aseguradora presentar\u00e1 un reclamo de subrogaci\u00f3n contra la compa\u00f1\u00eda de seguros del conductor culpable.<\/li>\n<li>Presentar un reclamo de terceros contra la compa\u00f1\u00eda de seguros del conductor culpable.<\/li>\n<li>Presentar una demanda por lesiones personales en un tribunal civil contra el conductor culpable.<\/li>\n<\/ol>\n<p>Aquellos que viven en estados con seguros de autos sin culpa no tienen las mismas opciones que los residentes de estados &#8220;con culpa&#8221; como Ohio. En Ohio, los conductores deben demostrar responsabilidad financiera en caso de un accidente automovil\u00edstico. Esto se puede hacer comprando un bono, presentando una garant\u00eda o adquiriendo un seguro de responsabilidad civil para autos. La mayor\u00eda de los conductores adquieren un seguro de responsabilidad civil cumpliendo con los requisitos m\u00ednimos del estado, que son los siguientes:<\/p>\n<ul>\n<li><strong>$25,000<\/strong> por lesiones o muerte de una persona en un accidente de auto en el que el asegurado tenga la culpa.<\/li>\n<li><strong>$50,000<\/strong> en total por todas las lesiones o muertes resultantes de un solo accidente en el que el asegurado tenga la culpa.<\/li>\n<li><strong>$25,000<\/strong> por da\u00f1os a la propiedad derivados de un solo accidente en el que el asegurado tenga la culpa.<\/li>\n<\/ul>\n<p>Aunque es obligatorio tener al menos la cobertura m\u00ednima requerida por la ley de Ohio, muchas personas eligen una protecci\u00f3n mayor, ya que los requisitos m\u00ednimos pueden agotarse r\u00e1pidamente.<\/p>\n<p>Si has resultado lesionado en un accidente automovil\u00edstico en el que no tuviste la culpa, puede ser muy beneficioso hablar con un abogado especializado en seguros de autos en Hamilton de <strong>Kruger &amp; Hodges<\/strong> para garantizar que tus derechos y tu futuro est\u00e9n adecuadamente protegidos.<\/p>\n<p class=\"rs-content-cta rs-content-cta-small\">Para una consulta legal gratuita, llame al <a href=\"tel:+15138943333\">513-894-3333 <\/a><\/p><h2>\u00bfC\u00f3mo se Determina la Responsabilidad en un Accidente de Auto en Ohio?<\/h2>\n<p>Si bien la culpa en un accidente puede parecer un asunto simple, en muchos casos puede ser mucho m\u00e1s complejo. Por ejemplo, si un veh\u00edculo te choca por detr\u00e1s en un sem\u00e1foro, la responsabilidad puede ser bastante clara. Sin embargo, en muchas otras situaciones, la culpa no es tan evidente. Los conductores pueden culparse mutuamente para evitar la responsabilidad, y al final, la aseguradora, los abogados o un jurado determinar\u00e1n qui\u00e9n tuvo la culpa.<\/p>\n<p>Un informe policial es una de las formas en que se puede establecer la culpa. El oficial de polic\u00eda que llegue al lugar del accidente entrevistar\u00e1 a los conductores y testigos, adem\u00e1s de analizar pruebas como marcas de frenado, para determinar la responsabilidad.<\/p>\n<p>El informe policial puede incluir una declaraci\u00f3n sobre la culpa basada en el juicio profesional del oficial. Sin embargo, muchos informes policiales no incluyen una determinaci\u00f3n definitiva de culpa. Adem\u00e1s, ambas compa\u00f1\u00edas de seguros pueden investigar el accidente, ya que ninguna querr\u00e1 pagar los da\u00f1os. Una vez que contrates a un abogado de seguros de autos en Hamilton, este podr\u00e1 realizar su propia investigaci\u00f3n del accidente.<\/p>\n<p class=\"rs-content-cta\">Abogado de Reclamaciones de Seguros de hamilton Cerca de M\u00ed <a href=\"tel:+15138943333\">513-894-3333<\/a><\/p><h2>\u00bfCu\u00e1les son Algunos Problemas Comunes que un Abogado de Seguros de Autos en Hamilton Puede Ayudar a Resolver?<\/h2>\n<p>Despu\u00e9s de un accidente en Hamilton, podr\u00edas enfrentar m\u00faltiples problemas, como que la compa\u00f1\u00eda de seguros del conductor culpable:<\/p>\n<ul>\n<li><strong>Niegue tu reclamo<\/strong><\/li>\n<li><strong>Retrase el pago<\/strong><\/li>\n<li><strong>Te ofrezca una compensaci\u00f3n insuficiente<\/strong><\/li>\n<\/ul>\n<p>Todo esto puede ser extremadamente frustrante. Contar con un abogado experimentado en seguros de autos en Hamilton puede ayudarte a resolver estos problemas.<\/p>\n<p>Las compa\u00f1\u00edas de seguros tienden a respetar m\u00e1s a quienes cuentan con representaci\u00f3n legal. Tu abogado podr\u00e1:<\/p>\n<ul>\n<li>Establecer la responsabilidad a trav\u00e9s de una investigaci\u00f3n independiente.<\/li>\n<li>Evitar que la aseguradora retrase o niegue injustamente tu reclamo.<\/li>\n<li>Asegurar que recibas la compensaci\u00f3n justa que mereces.<\/li>\n<\/ul>\n<p>Adem\u00e1s, tu abogado puede ayudarte a obtener los tratamientos m\u00e9dicos necesarios tras el accidente y garantizar que los salarios perdidos y futuros sean incluidos en la demanda de indemnizaci\u00f3n. Al final, tu abogado de seguros de autos en Hamilton de <strong>Kruger &amp; Hodges<\/strong> te permitir\u00e1 concentrarte en tu recuperaci\u00f3n mientras \u00e9l se encarga de asegurar un acuerdo justo para tus lesiones.<\/p>\n<p class=\"rs-content-cta rs-content-cta-small\"><a href=\"\/es\/contacto\/\">Haga clic para contactar<\/a> con nuestros reclamaciones de seguros abogados hoy<\/p><h2>\u00bfCu\u00e1l es el Proceso para Presentar un Reclamo de Seguro por Accidente en Hamilton?<\/h2>\n<p>El proceso comienza contratando a un abogado de seguros de autos en Hamilton para que te ayude con tu caso. Tu abogado presentar\u00e1 una carta de demanda a la compa\u00f1\u00eda de seguros despu\u00e9s de calcular tus da\u00f1os, incluidos gastos m\u00e9dicos, salarios perdidos y dolor y sufrimiento.<\/p>\n<p>Tu abogado tambi\u00e9n evitar\u00e1 que la aseguradora act\u00fae de mala fe, lo que puede incluir:<\/p>\n<ul>\n<li>Retrasar el pago del acuerdo<\/li>\n<li>Ofrecerte una oferta extremadamente baja<\/li>\n<li>Negar un reclamo leg\u00edtimo sin justificaci\u00f3n<\/li>\n<\/ul>\n<p>Si las negociaciones no tienen \u00e9xito, el caso puede ir a juicio, aunque la mayor\u00eda de los casos de accidentes automovil\u00edsticos no llegan a esa instancia. Si tu caso va a juicio, un juez o jurado decidir\u00e1 si tu reclamo es v\u00e1lido y cu\u00e1nto debes recibir como compensaci\u00f3n. Una vez que se alcance un acuerdo o se emita un veredicto, generalmente recibir\u00e1s tu cheque en aproximadamente seis semanas.<\/p>\n<p class=\"rs-content-cta rs-content-cta-small\">Complete una <a href=\"\/es\/contacto\/\">evaluaci\u00f3n gratuita de su caso<\/a> ahora<\/p><h2>\u00bfQu\u00e9 Pasa si una Aseguradora Act\u00faa de Mala Fe?<\/h2>\n<p>Desafortunadamente, algunas compa\u00f1\u00edas de seguros recurren a pr\u00e1cticas de mala fe, como:<\/p>\n<ul>\n<li><strong>Ofrecer una cantidad irrazonablemente baja<\/strong> como compensaci\u00f3n.<\/li>\n<li><strong>No investigar adecuadamente el accidente<\/strong> y el reclamo por da\u00f1os.<\/li>\n<li><strong>Retrasar el procesamiento del reclamo<\/strong> ignorando llamadas o mensajes.<\/li>\n<li><strong>Malinterpretar la ley<\/strong> o las condiciones de la p\u00f3liza de seguro de manera enga\u00f1osa.<\/li>\n<\/ul>\n<h2>\u00bfC\u00f3mo Puede Ayudarte un Abogado de Seguros de Autos en Hamilton?<\/h2>\n<p>El equipo legal de <strong>Kruger &amp; Hodges<\/strong> tiene a\u00f1os de experiencia representando a v\u00edctimas de accidentes automovil\u00edsticos. Nos caracterizamos por nuestra <strong>honestidad, compromiso con la comunidad y dedicaci\u00f3n a nuestros clientes<\/strong>.<\/p>\n<p>Nos enorgullece estar siempre disponibles para nuestros clientes. Una vez que contrates a <strong>Kruger &amp; Hodges<\/strong>, siempre podr\u00e1s comunicarte con tu abogado. Proporcionamos a nuestros clientes nuestros n\u00fameros de tel\u00e9fono personal y respondemos a sus llamadas de manera oportuna.<\/p>\n<p><strong>\u00a1Cont\u00e1ctanos hoy!<\/strong> En <strong>Kruger &amp; Hodges<\/strong>, lucharemos con determinaci\u00f3n para proteger tus derechos y asegurar tu bienestar y futuro.<\/p>\n<p class=\"rs-content-cta rs-content-cta-small\">Llame o env\u00ede un mensaje de texto al <a href=\"tel:+15138943333\">513-894-3333<\/a> o complete una <a href=\"\/es\/contacto\/\">evaluaci\u00f3n gratuita de su caso<\/a><\/p>","protected":false},"excerpt":{"rendered":"<p>Leyes de Seguro de Auto en el Estado de Ohio El estado de Ohio es lo que se conoce como un estado de accidentes automovil\u00edsticos &#8220;con culpa&#8221;, lo que significa que los conductores deben demostrar responsabilidad financiera en caso de un accidente. Esto tambi\u00e9n significa que la persona que se considera culpable de causar el &#8230;<\/p>\n","protected":false},"author":7,"featured_media":24578,"parent":20908,"menu_order":0,"comment_status":"closed","ping_status":"closed","template":"","meta":{"_acf_changed":false,"inline_featured_image":false,"_genesis_hide_title":false,"_genesis_hide_breadcrumbs":false,"_genesis_hide_singular_image":false,"_genesis_hide_footer_widgets":false,"_genesis_custom_body_class":"","_genesis_custom_post_class":"","_genesis_layout":"","footnotes":""},"hc_faqs":[],"hc_spanish_faqs":[],"class_list":{"0":"post-24162","1":"page","2":"type-page","3":"status-publish","4":"has-post-thumbnail","6":"hc_city_location-hamilton-es-2","7":"entry"},"acf":[],"yoast_head":"<!-- This site is optimized with the Yoast SEO plugin v27.3 - https:\/\/yoast.com\/product\/yoast-seo-wordpress\/ -->\n<title>Abogado de reclamaciones de seguros en Hamilton | Consulta gratuita<\/title>\n<meta name=\"description\" content=\"Abogado de reclamaciones de seguros de Hamilton: luchamos por una compensaci\u00f3n justa en nombre de las familias. Consultas gratuitas.\" \/>\n<meta name=\"robots\" content=\"index, follow, max-snippet:-1, max-image-preview:large, max-video-preview:-1\" \/>\n<link rel=\"canonical\" href=\"https:\/\/thehometownlawyers.com\/es\/hamilton\/abogado-de-seguros\/\" \/>\n<meta property=\"og:locale\" content=\"es_MX\" \/>\n<meta property=\"og:type\" content=\"article\" \/>\n<meta property=\"og:title\" content=\"Abogado de reclamaciones de seguros en Hamilton | Consulta gratuita\" \/>\n<meta property=\"og:description\" content=\"Abogado de reclamaciones de seguros de Hamilton: luchamos por una compensaci\u00f3n justa en nombre de las familias. Consultas gratuitas.\" \/>\n<meta property=\"og:url\" content=\"https:\/\/thehometownlawyers.com\/es\/hamilton\/abogado-de-seguros\/\" \/>\n<meta property=\"og:site_name\" content=\"Kruger &amp; Hodges Abogados De Lesiones\" \/>\n<meta property=\"article:publisher\" content=\"https:\/\/www.facebook.com\/KrugerHodges\/\" \/>\n<meta property=\"article:modified_time\" content=\"2025-04-03T17:45:16+00:00\" \/>\n<meta property=\"og:image\" content=\"https:\/\/thehometownlawyers.com\/wp-content\/uploads\/2025\/03\/hamilton-insurance-lawyer.jpg\" \/>\n\t<meta property=\"og:image:width\" content=\"768\" \/>\n\t<meta property=\"og:image:height\" content=\"512\" \/>\n\t<meta property=\"og:image:type\" content=\"image\/jpeg\" \/>\n<meta name=\"twitter:card\" content=\"summary_large_image\" \/>\n<meta name=\"twitter:label1\" content=\"Tiempo de lectura\" \/>\n\t<meta name=\"twitter:data1\" content=\"5 minutos\" \/>\n<script type=\"application\/ld+json\" class=\"yoast-schema-graph\">{\"@context\":\"https:\\\/\\\/schema.org\",\"@graph\":[{\"@type\":\"WebPage\",\"@id\":\"https:\\\/\\\/thehometownlawyers.com\\\/es\\\/hamilton\\\/abogado-de-seguros\\\/\",\"url\":\"https:\\\/\\\/thehometownlawyers.com\\\/es\\\/hamilton\\\/abogado-de-seguros\\\/\",\"name\":\"Abogado de reclamaciones de seguros en Hamilton | Consulta gratuita\",\"isPartOf\":{\"@id\":\"https:\\\/\\\/thehometownlawyers.com\\\/es\\\/#website\"},\"primaryImageOfPage\":{\"@id\":\"https:\\\/\\\/thehometownlawyers.com\\\/es\\\/hamilton\\\/abogado-de-seguros\\\/#primaryimage\"},\"image\":{\"@id\":\"https:\\\/\\\/thehometownlawyers.com\\\/es\\\/hamilton\\\/abogado-de-seguros\\\/#primaryimage\"},\"thumbnailUrl\":\"https:\\\/\\\/thehometownlawyers.com\\\/wp-content\\\/uploads\\\/2025\\\/03\\\/hamilton-insurance-lawyer.jpg\",\"datePublished\":\"2022-06-09T00:57:33+00:00\",\"dateModified\":\"2025-04-03T17:45:16+00:00\",\"description\":\"Abogado de reclamaciones de seguros de Hamilton: luchamos por una compensaci\u00f3n justa en nombre de las familias. Consultas gratuitas.\",\"breadcrumb\":{\"@id\":\"https:\\\/\\\/thehometownlawyers.com\\\/es\\\/hamilton\\\/abogado-de-seguros\\\/#breadcrumb\"},\"inLanguage\":\"es\",\"potentialAction\":[{\"@type\":\"ReadAction\",\"target\":[\"https:\\\/\\\/thehometownlawyers.com\\\/es\\\/hamilton\\\/abogado-de-seguros\\\/\"]}]},{\"@type\":\"ImageObject\",\"inLanguage\":\"es\",\"@id\":\"https:\\\/\\\/thehometownlawyers.com\\\/es\\\/hamilton\\\/abogado-de-seguros\\\/#primaryimage\",\"url\":\"https:\\\/\\\/thehometownlawyers.com\\\/wp-content\\\/uploads\\\/2025\\\/03\\\/hamilton-insurance-lawyer.jpg\",\"contentUrl\":\"https:\\\/\\\/thehometownlawyers.com\\\/wp-content\\\/uploads\\\/2025\\\/03\\\/hamilton-insurance-lawyer.jpg\",\"width\":768,\"height\":512,\"caption\":\"Close-up of a businessman signing an insurance claims.\"},{\"@type\":\"BreadcrumbList\",\"@id\":\"https:\\\/\\\/thehometownlawyers.com\\\/es\\\/hamilton\\\/abogado-de-seguros\\\/#breadcrumb\",\"itemListElement\":[{\"@type\":\"ListItem\",\"position\":1,\"name\":\"Home\",\"item\":\"https:\\\/\\\/thehometownlawyers.com\\\/es\\\/\"},{\"@type\":\"ListItem\",\"position\":2,\"name\":\"Abogados de Lesiones Personales en Hamilton\",\"item\":\"https:\\\/\\\/thehometownlawyers.com\\\/es\\\/\"},{\"@type\":\"ListItem\",\"position\":3,\"name\":\"Abogado de reclamaciones de seguros en Hamilton\"}]},{\"@type\":\"WebSite\",\"@id\":\"https:\\\/\\\/thehometownlawyers.com\\\/es\\\/#website\",\"url\":\"https:\\\/\\\/thehometownlawyers.com\\\/es\\\/\",\"name\":\"Kruger & Hodges Hometown Injury Lawyers | Accident Attorneys\",\"description\":\"Attorneys for Car, Truck and Motorcycle Accidents, Personal Injuries, and Criminal Defense.\",\"publisher\":{\"@id\":\"https:\\\/\\\/thehometownlawyers.com\\\/es\\\/#organization\"},\"alternateName\":\"Kruger & Hodges Personal Injury Lawyers\",\"inLanguage\":\"es\"},{\"@type\":\"Organization\",\"@id\":\"https:\\\/\\\/thehometownlawyers.com\\\/es\\\/#organization\",\"name\":\"Kruger & Hodges Hometown Injury Lawyers\",\"alternateName\":\"Kruger & Hodges Accident Attorneys\",\"url\":\"https:\\\/\\\/thehometownlawyers.com\\\/es\\\/\",\"logo\":{\"@type\":\"ImageObject\",\"inLanguage\":\"es\",\"@id\":\"https:\\\/\\\/thehometownlawyers.com\\\/es\\\/#\\\/schema\\\/logo\\\/image\\\/\",\"url\":\"https:\\\/\\\/thehometownlawyers.com\\\/wp-content\\\/uploads\\\/2025\\\/12\\\/revised-kh-logo-vertical-white-background-scaled.png\",\"contentUrl\":\"https:\\\/\\\/thehometownlawyers.com\\\/wp-content\\\/uploads\\\/2025\\\/12\\\/revised-kh-logo-vertical-white-background-scaled.png\",\"width\":2560,\"height\":1440,\"caption\":\"Kruger & Hodges Hometown Injury Lawyers\"},\"image\":{\"@id\":\"https:\\\/\\\/thehometownlawyers.com\\\/es\\\/#\\\/schema\\\/logo\\\/image\\\/\"},\"sameAs\":[\"https:\\\/\\\/www.facebook.com\\\/KrugerHodges\\\/\",\"https:\\\/\\\/www.instagram.com\\\/krugerhodges\\\/\",\"https:\\\/\\\/www.linkedin.com\\\/company\\\/kruger-hodges-hometown-injury-lawyers\\\/\",\"https:\\\/\\\/www.youtube.com\\\/channel\\\/UCeYcMaMaN2rb9jMlqt4EIdQ\",\"https:\\\/\\\/www.tiktok.com\\\/@thehometownlawyer\"]}]}<\/script>\n<!-- \/ Yoast SEO plugin. -->","yoast_head_json":{"title":"Abogado de reclamaciones de seguros en Hamilton | Consulta gratuita","description":"Abogado de reclamaciones de seguros de Hamilton: luchamos por una compensaci\u00f3n justa en nombre de las familias. Consultas gratuitas.","robots":{"index":"index","follow":"follow","max-snippet":"max-snippet:-1","max-image-preview":"max-image-preview:large","max-video-preview":"max-video-preview:-1"},"canonical":"https:\/\/thehometownlawyers.com\/es\/hamilton\/abogado-de-seguros\/","og_locale":"es_MX","og_type":"article","og_title":"Abogado de reclamaciones de seguros en Hamilton | Consulta gratuita","og_description":"Abogado de reclamaciones de seguros de Hamilton: luchamos por una compensaci\u00f3n justa en nombre de las familias. Consultas gratuitas.","og_url":"https:\/\/thehometownlawyers.com\/es\/hamilton\/abogado-de-seguros\/","og_site_name":"Kruger &amp; Hodges Abogados De Lesiones","article_publisher":"https:\/\/www.facebook.com\/KrugerHodges\/","article_modified_time":"2025-04-03T17:45:16+00:00","og_image":[{"width":768,"height":512,"url":"https:\/\/thehometownlawyers.com\/wp-content\/uploads\/2025\/03\/hamilton-insurance-lawyer.jpg","type":"image\/jpeg"}],"twitter_card":"summary_large_image","twitter_misc":{"Tiempo de lectura":"5 minutos"},"schema":{"@context":"https:\/\/schema.org","@graph":[{"@type":"WebPage","@id":"https:\/\/thehometownlawyers.com\/es\/hamilton\/abogado-de-seguros\/","url":"https:\/\/thehometownlawyers.com\/es\/hamilton\/abogado-de-seguros\/","name":"Abogado de reclamaciones de seguros en Hamilton | Consulta gratuita","isPartOf":{"@id":"https:\/\/thehometownlawyers.com\/es\/#website"},"primaryImageOfPage":{"@id":"https:\/\/thehometownlawyers.com\/es\/hamilton\/abogado-de-seguros\/#primaryimage"},"image":{"@id":"https:\/\/thehometownlawyers.com\/es\/hamilton\/abogado-de-seguros\/#primaryimage"},"thumbnailUrl":"https:\/\/thehometownlawyers.com\/wp-content\/uploads\/2025\/03\/hamilton-insurance-lawyer.jpg","datePublished":"2022-06-09T00:57:33+00:00","dateModified":"2025-04-03T17:45:16+00:00","description":"Abogado de reclamaciones de seguros de Hamilton: luchamos por una compensaci\u00f3n justa en nombre de las familias. Consultas gratuitas.","breadcrumb":{"@id":"https:\/\/thehometownlawyers.com\/es\/hamilton\/abogado-de-seguros\/#breadcrumb"},"inLanguage":"es","potentialAction":[{"@type":"ReadAction","target":["https:\/\/thehometownlawyers.com\/es\/hamilton\/abogado-de-seguros\/"]}]},{"@type":"ImageObject","inLanguage":"es","@id":"https:\/\/thehometownlawyers.com\/es\/hamilton\/abogado-de-seguros\/#primaryimage","url":"https:\/\/thehometownlawyers.com\/wp-content\/uploads\/2025\/03\/hamilton-insurance-lawyer.jpg","contentUrl":"https:\/\/thehometownlawyers.com\/wp-content\/uploads\/2025\/03\/hamilton-insurance-lawyer.jpg","width":768,"height":512,"caption":"Close-up of a businessman signing an insurance claims."},{"@type":"BreadcrumbList","@id":"https:\/\/thehometownlawyers.com\/es\/hamilton\/abogado-de-seguros\/#breadcrumb","itemListElement":[{"@type":"ListItem","position":1,"name":"Home","item":"https:\/\/thehometownlawyers.com\/es\/"},{"@type":"ListItem","position":2,"name":"Abogados de Lesiones Personales en Hamilton","item":"https:\/\/thehometownlawyers.com\/es\/"},{"@type":"ListItem","position":3,"name":"Abogado de reclamaciones de seguros en Hamilton"}]},{"@type":"WebSite","@id":"https:\/\/thehometownlawyers.com\/es\/#website","url":"https:\/\/thehometownlawyers.com\/es\/","name":"Kruger & Hodges Hometown Injury Lawyers | Accident Attorneys","description":"Attorneys for Car, Truck and Motorcycle Accidents, Personal Injuries, and Criminal Defense.","publisher":{"@id":"https:\/\/thehometownlawyers.com\/es\/#organization"},"alternateName":"Kruger & Hodges Personal Injury Lawyers","inLanguage":"es"},{"@type":"Organization","@id":"https:\/\/thehometownlawyers.com\/es\/#organization","name":"Kruger & Hodges Hometown Injury Lawyers","alternateName":"Kruger & Hodges Accident Attorneys","url":"https:\/\/thehometownlawyers.com\/es\/","logo":{"@type":"ImageObject","inLanguage":"es","@id":"https:\/\/thehometownlawyers.com\/es\/#\/schema\/logo\/image\/","url":"https:\/\/thehometownlawyers.com\/wp-content\/uploads\/2025\/12\/revised-kh-logo-vertical-white-background-scaled.png","contentUrl":"https:\/\/thehometownlawyers.com\/wp-content\/uploads\/2025\/12\/revised-kh-logo-vertical-white-background-scaled.png","width":2560,"height":1440,"caption":"Kruger & Hodges Hometown Injury Lawyers"},"image":{"@id":"https:\/\/thehometownlawyers.com\/es\/#\/schema\/logo\/image\/"},"sameAs":["https:\/\/www.facebook.com\/KrugerHodges\/","https:\/\/www.instagram.com\/krugerhodges\/","https:\/\/www.linkedin.com\/company\/kruger-hodges-hometown-injury-lawyers\/","https:\/\/www.youtube.com\/channel\/UCeYcMaMaN2rb9jMlqt4EIdQ","https:\/\/www.tiktok.com\/@thehometownlawyer"]}]}},"_links":{"self":[{"href":"https:\/\/thehometownlawyers.com\/es\/wp-json\/wp\/v2\/pages\/24162","targetHints":{"allow":["GET"]}}],"collection":[{"href":"https:\/\/thehometownlawyers.com\/es\/wp-json\/wp\/v2\/pages"}],"about":[{"href":"https:\/\/thehometownlawyers.com\/es\/wp-json\/wp\/v2\/types\/page"}],"author":[{"embeddable":true,"href":"https:\/\/thehometownlawyers.com\/es\/wp-json\/wp\/v2\/users\/7"}],"replies":[{"embeddable":true,"href":"https:\/\/thehometownlawyers.com\/es\/wp-json\/wp\/v2\/comments?post=24162"}],"version-history":[{"count":0,"href":"https:\/\/thehometownlawyers.com\/es\/wp-json\/wp\/v2\/pages\/24162\/revisions"}],"up":[{"embeddable":true,"href":"https:\/\/thehometownlawyers.com\/es\/wp-json\/wp\/v2\/pages\/20908"}],"wp:featuredmedia":[{"embeddable":true,"href":"https:\/\/thehometownlawyers.com\/es\/wp-json\/wp\/v2\/media\/24578"}],"wp:attachment":[{"href":"https:\/\/thehometownlawyers.com\/es\/wp-json\/wp\/v2\/media?parent=24162"}],"wp:term":[{"taxonomy":"hc_faqs","embeddable":true,"href":"https:\/\/thehometownlawyers.com\/es\/wp-json\/wp\/v2\/hc_faqs?post=24162"},{"taxonomy":"hc_spanish_faqs","embeddable":true,"href":"https:\/\/thehometownlawyers.com\/es\/wp-json\/wp\/v2\/hc_spanish_faqs?post=24162"}],"curies":[{"name":"wp","href":"https:\/\/api.w.org\/{rel}","templated":true}]}}