{"id":24170,"date":"2018-09-10T12:58:16","date_gmt":"2018-09-10T16:58:16","guid":{"rendered":"https:\/\/thehometownlawyers.com\/?p=24170"},"modified":"2025-03-24T13:17:13","modified_gmt":"2025-03-24T17:17:13","slug":"lesiones-causadas-por-colisiones-de-impacto-lateral","status":"publish","type":"page","link":"https:\/\/thehometownlawyers.com\/es\/preguntas-frecuentes\/lesiones-causadas-por-colisiones-de-impacto-lateral\/","title":{"rendered":"Lesiones Causadas por Colisiones de Impacto Lateral"},"content":{"rendered":"<p>Las colisiones de impacto lateral con frecuencia resultan en lesiones graves o muertes. A veces, estos accidentes automovil\u00edsticos se denominan accidentes de costado o T-bone debido a la forma perpendicular que adoptan los veh\u00edculos motorizados en el momento de la colisi\u00f3n.<\/p>\n<h2>El peligro de las colisiones de impacto lateral<\/h2>\n<p>Desafortunadamente, las colisiones de impacto lateral a menudo son m\u00e1s mortales que otros veh\u00edculos motorizados porque no hay tanta barrera al costado de los veh\u00edculos en comparaci\u00f3n con la parte delantera o trasera. Otra raz\u00f3n por la cual las colisiones de impacto lateral son particularmente mortales es que los conductores y los pasajeros a menudo no tienen indicios de que un impacto est\u00e1 a punto de ocurrir.<\/p>\n<p>Si bien a veces hay tiempo suficiente en las colisiones frontales para reducir la velocidad y, por lo tanto, disminuir la gravedad del da\u00f1o resultante, las colisiones de impacto lateral a menudo ocurren sin previo aviso. Como resultado, estos accidentes a menudo resultan en da\u00f1os materiales graves y lesiones f\u00edsicas. El <a href=\"https:\/\/m.iihs.org\/mobile\" target=\"_blank\" rel=\"noopener\">Instituto de Seguros de Seguridad Vial<\/a> informa que en todos los accidentes que involucran a pasajeros, el 51% de las muertes ocurren en accidentes de impacto lateral.<\/p>\n<p class=\"rs-content-cta rs-content-cta-small\">Para una consulta legal gratuita, llame al <a href=\"tel:+15138943333\">513-894-3333 <\/a><\/p><h2>Causas comunes de accidentes de impacto lateral<\/h2>\n<p>Los accidentes de impacto lateral frecuentemente involucran a conductores negligentes o imprudentes. Algunas de las causas m\u00e1s comunes de estos accidentes incluyen:<\/p>\n<ul>\n<li>Condiciones meteorol\u00f3gicas adversas que dificultan la detenci\u00f3n de un veh\u00edculo<\/li>\n<li>Conductores que no se detienen por completo en una intersecci\u00f3n<\/li>\n<li>Conductores que <a href=\"https:\/\/thehometownlawyers.com\/es\/abogados-de-defensa-criminal-de-hamilton\/abogados-defensores-de-ovi-dui-en-hamilton-oh\/\">operan veh\u00edculos bajo la influencia de drogas o alcohol<\/a><\/li>\n<li>Conductores que se saltan los sem\u00e1foros en rojo o se saltan las se\u00f1ales de alto<\/li>\n<li>Conductores que env\u00edan mensajes de texto mientras conducen un veh\u00edculo motorizado<\/li>\n<li>Equipo que no funciona correctamente<\/li>\n<li>No evaluar el tr\u00e1fico al girar en una intersecci\u00f3n<\/li>\n<li>Conducci\u00f3n temeraria o agresiva debido a la ira al volante<\/li>\n<li>Girar a trav\u00e9s de los carriles de tr\u00e1fico demasiado r\u00e1pido o ilegalmente<\/li>\n<\/ul>\n<h2>Lesiones Comunes Debido a Accidentes de Impacto Lateral<\/h2>\n<p>Las colisiones de impacto lateral a menudo son particularmente mortales cuando uno de los veh\u00edculos involucrados es m\u00e1s grande y pesado que el otro. En muchas situaciones, la <a href=\"https:\/\/www.sbes.vt.edu\/gabler\/publications\/sae-2005-01-0287.pdf\" target=\"_blank\" rel=\"noopener\">persona que est\u00e1 sentada en el costado del veh\u00edculo<\/a> que es golpeado termina lesionado m\u00e1s gravemente que la persona que est\u00e1 m\u00e1s lejos. Algunas de las lesiones m\u00e1s comunes que resultan de colisiones de impacto lateral incluyen:<\/p>\n<ul>\n<li>Huesos rotos y fracturas compuestas<\/li>\n<li>Conmociones cerebrales y otros tipos de lesiones cerebrales traum\u00e1ticas<\/li>\n<li>Cortes y laceraciones por vidrios rotos<\/li>\n<li>Extremidades dislocadas<\/li>\n<li>Discos herniados<\/li>\n<li>Da\u00f1o a los nervios o la m\u00e9dula espinal con par\u00e1lisis<\/li>\n<li>Lesiones de tejidos blandos<\/li>\n<li>Latigazo cervical debido a que el cuello y la espalda de una persona se sacuden repentinamente<\/li>\n<\/ul>\n<p class=\"rs-content-cta rs-content-cta-small\"><a href=\"\/es\/contacto\/\">Haga clic para contactar<\/a> con nuestros  abogados hoy<\/p><h2>P\u00f3ngase en contacto con un abogado experto en accidentes automovil\u00edsticos<\/h2>\n<p>Si usted o un ser querido ha resultado lesionado en una colisi\u00f3n de impacto lateral, es probable que enfrente numerosas complicaciones. <a href=\"https:\/\/thehometownlawyers.com\/es\/contacto\/\">P\u00f3ngase en contacto con un abogado experimentado en lesiones<\/a> hoy en <a href=\"https:\/\/thehometownlawyers.com\/es\/contacto\/\">Kruger &amp; Hodges<\/a> para que podamos comenzar a tomar las medidas necesarias para asegurarnos de que obtenga una compensaci\u00f3n adecuada. Tenemos una experiencia significativa en ayudar a las v\u00edctimas de accidentes automovil\u00edsticos, incluidas las personas lesionadas en colisiones de impacto lateral, a crear estrategias legales s\u00f3lidas para obtener la compensaci\u00f3n que merecen.<\/p>\n<p class=\"rs-content-cta rs-content-cta-small\">Llame o env\u00ede un mensaje de texto al <a href=\"tel:+15138943333\">513-894-3333<\/a> o complete una <a href=\"\/es\/contacto\/\">evaluaci\u00f3n gratuita de su caso<\/a><\/p>","protected":false},"excerpt":{"rendered":"<p>Las colisiones de impacto lateral con frecuencia resultan en lesiones graves o muertes. A veces, estos accidentes automovil\u00edsticos se denominan accidentes de costado o T-bone debido a la forma perpendicular que adoptan los veh\u00edculos motorizados en el momento de la colisi\u00f3n. El peligro de las colisiones de impacto lateral Desafortunadamente, las colisiones de impacto lateral &#8230;<\/p>\n","protected":false},"author":7,"featured_media":24650,"parent":20989,"menu_order":0,"comment_status":"closed","ping_status":"closed","template":"","meta":{"_acf_changed":false,"inline_featured_image":false,"_genesis_hide_title":false,"_genesis_hide_breadcrumbs":false,"_genesis_hide_singular_image":false,"_genesis_hide_footer_widgets":false,"_genesis_custom_body_class":"","_genesis_custom_post_class":"","_genesis_layout":"","footnotes":""},"hc_faqs":[316],"hc_spanish_faqs":[],"class_list":{"0":"post-24170","1":"page","2":"type-page","3":"status-publish","4":"has-post-thumbnail","6":"hc_faqs-accidente-de-automovilismo","7":"entry"},"acf":[],"yoast_head":"<!-- This site is optimized with the Yoast SEO plugin v27.4 - https:\/\/yoast.com\/product\/yoast-seo-wordpress\/ -->\n<title>Lesiones Causadas por Colisiones de Impacto Lateral: Consulta gratuita<\/title>\n<meta name=\"description\" content=\"Las colisiones de impacto lateral son algunos de los tipos m\u00e1s graves de accidentes automovil\u00edsticos. \u00bfSufri\u00f3 una lesi\u00f3n causada por un accidente? Cont\u00e1ctenos al 513-894-3333.\" \/>\n<meta name=\"robots\" content=\"index, follow, max-snippet:-1, max-image-preview:large, max-video-preview:-1\" \/>\n<link rel=\"canonical\" href=\"https:\/\/thehometownlawyers.com\/es\/preguntas-frecuentes\/lesiones-causadas-por-colisiones-de-impacto-lateral\/\" \/>\n<meta property=\"og:locale\" content=\"es_MX\" \/>\n<meta property=\"og:type\" content=\"article\" \/>\n<meta property=\"og:title\" content=\"Lesiones Causadas por Colisiones de Impacto Lateral: Consulta gratuita\" \/>\n<meta property=\"og:description\" content=\"Las colisiones de impacto lateral son algunos de los tipos m\u00e1s graves de accidentes automovil\u00edsticos. \u00bfSufri\u00f3 una lesi\u00f3n causada por un accidente? Cont\u00e1ctenos al 513-894-3333.\" \/>\n<meta property=\"og:url\" content=\"https:\/\/thehometownlawyers.com\/es\/preguntas-frecuentes\/lesiones-causadas-por-colisiones-de-impacto-lateral\/\" \/>\n<meta property=\"og:site_name\" content=\"Kruger &amp; Hodges Abogados De Lesiones\" \/>\n<meta property=\"article:publisher\" content=\"https:\/\/www.facebook.com\/KrugerHodges\/\" \/>\n<meta property=\"article:modified_time\" content=\"2025-03-24T17:17:13+00:00\" \/>\n<meta property=\"og:image\" content=\"https:\/\/thehometownlawyers.com\/wp-content\/uploads\/2025\/03\/lesiones-causadas-por-colisiones-de-impacto-lateral.jpg\" \/>\n\t<meta property=\"og:image:width\" content=\"768\" \/>\n\t<meta property=\"og:image:height\" content=\"464\" \/>\n\t<meta property=\"og:image:type\" content=\"image\/jpeg\" \/>\n<meta name=\"twitter:card\" content=\"summary_large_image\" \/>\n<meta name=\"twitter:label1\" content=\"Tiempo de lectura\" \/>\n\t<meta name=\"twitter:data1\" content=\"3 minutos\" \/>\n<script type=\"application\/ld+json\" class=\"yoast-schema-graph\">{\"@context\":\"https:\\\/\\\/schema.org\",\"@graph\":[{\"@type\":\"WebPage\",\"@id\":\"https:\\\/\\\/thehometownlawyers.com\\\/es\\\/preguntas-frecuentes\\\/lesiones-causadas-por-colisiones-de-impacto-lateral\\\/\",\"url\":\"https:\\\/\\\/thehometownlawyers.com\\\/es\\\/preguntas-frecuentes\\\/lesiones-causadas-por-colisiones-de-impacto-lateral\\\/\",\"name\":\"Lesiones Causadas por Colisiones de Impacto Lateral: Consulta gratuita\",\"isPartOf\":{\"@id\":\"https:\\\/\\\/thehometownlawyers.com\\\/es\\\/#website\"},\"primaryImageOfPage\":{\"@id\":\"https:\\\/\\\/thehometownlawyers.com\\\/es\\\/preguntas-frecuentes\\\/lesiones-causadas-por-colisiones-de-impacto-lateral\\\/#primaryimage\"},\"image\":{\"@id\":\"https:\\\/\\\/thehometownlawyers.com\\\/es\\\/preguntas-frecuentes\\\/lesiones-causadas-por-colisiones-de-impacto-lateral\\\/#primaryimage\"},\"thumbnailUrl\":\"https:\\\/\\\/thehometownlawyers.com\\\/wp-content\\\/uploads\\\/2025\\\/03\\\/lesiones-causadas-por-colisiones-de-impacto-lateral.jpg\",\"datePublished\":\"2018-09-10T16:58:16+00:00\",\"dateModified\":\"2025-03-24T17:17:13+00:00\",\"description\":\"Las colisiones de impacto lateral son algunos de los tipos m\u00e1s graves de accidentes automovil\u00edsticos. \u00bfSufri\u00f3 una lesi\u00f3n causada por un accidente? Cont\u00e1ctenos al 513-894-3333.\",\"breadcrumb\":{\"@id\":\"https:\\\/\\\/thehometownlawyers.com\\\/es\\\/preguntas-frecuentes\\\/lesiones-causadas-por-colisiones-de-impacto-lateral\\\/#breadcrumb\"},\"inLanguage\":\"es\",\"potentialAction\":[{\"@type\":\"ReadAction\",\"target\":[\"https:\\\/\\\/thehometownlawyers.com\\\/es\\\/preguntas-frecuentes\\\/lesiones-causadas-por-colisiones-de-impacto-lateral\\\/\"]}]},{\"@type\":\"ImageObject\",\"inLanguage\":\"es\",\"@id\":\"https:\\\/\\\/thehometownlawyers.com\\\/es\\\/preguntas-frecuentes\\\/lesiones-causadas-por-colisiones-de-impacto-lateral\\\/#primaryimage\",\"url\":\"https:\\\/\\\/thehometownlawyers.com\\\/wp-content\\\/uploads\\\/2025\\\/03\\\/lesiones-causadas-por-colisiones-de-impacto-lateral.jpg\",\"contentUrl\":\"https:\\\/\\\/thehometownlawyers.com\\\/wp-content\\\/uploads\\\/2025\\\/03\\\/lesiones-causadas-por-colisiones-de-impacto-lateral.jpg\",\"width\":768,\"height\":464,\"caption\":\"Sad female driver photographing on sellphone camera wrecked vehicles on street side for insurance service after car accident.\"},{\"@type\":\"BreadcrumbList\",\"@id\":\"https:\\\/\\\/thehometownlawyers.com\\\/es\\\/preguntas-frecuentes\\\/lesiones-causadas-por-colisiones-de-impacto-lateral\\\/#breadcrumb\",\"itemListElement\":[{\"@type\":\"ListItem\",\"position\":1,\"name\":\"Home\",\"item\":\"https:\\\/\\\/thehometownlawyers.com\\\/es\\\/\"},{\"@type\":\"ListItem\",\"position\":2,\"name\":\"Preguntas Frecuentes\",\"item\":\"https:\\\/\\\/thehometownlawyers.com\\\/es\\\/preguntas-frecuentes\\\/\"},{\"@type\":\"ListItem\",\"position\":3,\"name\":\"Lesiones Causadas por Colisiones de Impacto Lateral\"}]},{\"@type\":\"WebSite\",\"@id\":\"https:\\\/\\\/thehometownlawyers.com\\\/es\\\/#website\",\"url\":\"https:\\\/\\\/thehometownlawyers.com\\\/es\\\/\",\"name\":\"Kruger & Hodges Hometown Injury Lawyers | Accident Attorneys\",\"description\":\"Attorneys for Car, Truck and Motorcycle Accidents, Personal Injuries, and Criminal Defense.\",\"publisher\":{\"@id\":\"https:\\\/\\\/thehometownlawyers.com\\\/es\\\/#organization\"},\"alternateName\":\"Kruger & Hodges Personal Injury Lawyers\",\"inLanguage\":\"es\"},{\"@type\":\"Organization\",\"@id\":\"https:\\\/\\\/thehometownlawyers.com\\\/es\\\/#organization\",\"name\":\"Kruger & Hodges Hometown Injury Lawyers\",\"alternateName\":\"Kruger & Hodges\",\"url\":\"https:\\\/\\\/thehometownlawyers.com\\\/es\\\/\",\"logo\":{\"@type\":\"ImageObject\",\"inLanguage\":\"es\",\"@id\":\"https:\\\/\\\/thehometownlawyers.com\\\/es\\\/#\\\/schema\\\/logo\\\/image\\\/\",\"url\":\"https:\\\/\\\/thehometownlawyers.com\\\/wp-content\\\/uploads\\\/2025\\\/12\\\/revised-kh-logo-vertical-white-background-scaled.png\",\"contentUrl\":\"https:\\\/\\\/thehometownlawyers.com\\\/wp-content\\\/uploads\\\/2025\\\/12\\\/revised-kh-logo-vertical-white-background-scaled.png\",\"width\":2560,\"height\":1440,\"caption\":\"Kruger & Hodges Hometown Injury Lawyers\"},\"image\":{\"@id\":\"https:\\\/\\\/thehometownlawyers.com\\\/es\\\/#\\\/schema\\\/logo\\\/image\\\/\"},\"sameAs\":[\"https:\\\/\\\/www.facebook.com\\\/KrugerHodges\\\/\",\"https:\\\/\\\/www.instagram.com\\\/krugerhodges\\\/\",\"https:\\\/\\\/www.linkedin.com\\\/company\\\/kruger-hodges-hometown-injury-lawyers\\\/\",\"https:\\\/\\\/www.youtube.com\\\/channel\\\/UCeYcMaMaN2rb9jMlqt4EIdQ\",\"https:\\\/\\\/www.tiktok.com\\\/@thehometownlawyer\"]}]}<\/script>\n<!-- \/ Yoast SEO plugin. -->","yoast_head_json":{"title":"Lesiones Causadas por Colisiones de Impacto Lateral: Consulta gratuita","description":"Las colisiones de impacto lateral son algunos de los tipos m\u00e1s graves de accidentes automovil\u00edsticos. \u00bfSufri\u00f3 una lesi\u00f3n causada por un accidente? Cont\u00e1ctenos al 513-894-3333.","robots":{"index":"index","follow":"follow","max-snippet":"max-snippet:-1","max-image-preview":"max-image-preview:large","max-video-preview":"max-video-preview:-1"},"canonical":"https:\/\/thehometownlawyers.com\/es\/preguntas-frecuentes\/lesiones-causadas-por-colisiones-de-impacto-lateral\/","og_locale":"es_MX","og_type":"article","og_title":"Lesiones Causadas por Colisiones de Impacto Lateral: Consulta gratuita","og_description":"Las colisiones de impacto lateral son algunos de los tipos m\u00e1s graves de accidentes automovil\u00edsticos. \u00bfSufri\u00f3 una lesi\u00f3n causada por un accidente? Cont\u00e1ctenos al 513-894-3333.","og_url":"https:\/\/thehometownlawyers.com\/es\/preguntas-frecuentes\/lesiones-causadas-por-colisiones-de-impacto-lateral\/","og_site_name":"Kruger &amp; Hodges Abogados De Lesiones","article_publisher":"https:\/\/www.facebook.com\/KrugerHodges\/","article_modified_time":"2025-03-24T17:17:13+00:00","og_image":[{"width":768,"height":464,"url":"https:\/\/thehometownlawyers.com\/wp-content\/uploads\/2025\/03\/lesiones-causadas-por-colisiones-de-impacto-lateral.jpg","type":"image\/jpeg"}],"twitter_card":"summary_large_image","twitter_misc":{"Tiempo de lectura":"3 minutos"},"schema":{"@context":"https:\/\/schema.org","@graph":[{"@type":"WebPage","@id":"https:\/\/thehometownlawyers.com\/es\/preguntas-frecuentes\/lesiones-causadas-por-colisiones-de-impacto-lateral\/","url":"https:\/\/thehometownlawyers.com\/es\/preguntas-frecuentes\/lesiones-causadas-por-colisiones-de-impacto-lateral\/","name":"Lesiones Causadas por Colisiones de Impacto Lateral: Consulta gratuita","isPartOf":{"@id":"https:\/\/thehometownlawyers.com\/es\/#website"},"primaryImageOfPage":{"@id":"https:\/\/thehometownlawyers.com\/es\/preguntas-frecuentes\/lesiones-causadas-por-colisiones-de-impacto-lateral\/#primaryimage"},"image":{"@id":"https:\/\/thehometownlawyers.com\/es\/preguntas-frecuentes\/lesiones-causadas-por-colisiones-de-impacto-lateral\/#primaryimage"},"thumbnailUrl":"https:\/\/thehometownlawyers.com\/wp-content\/uploads\/2025\/03\/lesiones-causadas-por-colisiones-de-impacto-lateral.jpg","datePublished":"2018-09-10T16:58:16+00:00","dateModified":"2025-03-24T17:17:13+00:00","description":"Las colisiones de impacto lateral son algunos de los tipos m\u00e1s graves de accidentes automovil\u00edsticos. \u00bfSufri\u00f3 una lesi\u00f3n causada por un accidente? Cont\u00e1ctenos al 513-894-3333.","breadcrumb":{"@id":"https:\/\/thehometownlawyers.com\/es\/preguntas-frecuentes\/lesiones-causadas-por-colisiones-de-impacto-lateral\/#breadcrumb"},"inLanguage":"es","potentialAction":[{"@type":"ReadAction","target":["https:\/\/thehometownlawyers.com\/es\/preguntas-frecuentes\/lesiones-causadas-por-colisiones-de-impacto-lateral\/"]}]},{"@type":"ImageObject","inLanguage":"es","@id":"https:\/\/thehometownlawyers.com\/es\/preguntas-frecuentes\/lesiones-causadas-por-colisiones-de-impacto-lateral\/#primaryimage","url":"https:\/\/thehometownlawyers.com\/wp-content\/uploads\/2025\/03\/lesiones-causadas-por-colisiones-de-impacto-lateral.jpg","contentUrl":"https:\/\/thehometownlawyers.com\/wp-content\/uploads\/2025\/03\/lesiones-causadas-por-colisiones-de-impacto-lateral.jpg","width":768,"height":464,"caption":"Sad female driver photographing on sellphone camera wrecked vehicles on street side for insurance service after car accident."},{"@type":"BreadcrumbList","@id":"https:\/\/thehometownlawyers.com\/es\/preguntas-frecuentes\/lesiones-causadas-por-colisiones-de-impacto-lateral\/#breadcrumb","itemListElement":[{"@type":"ListItem","position":1,"name":"Home","item":"https:\/\/thehometownlawyers.com\/es\/"},{"@type":"ListItem","position":2,"name":"Preguntas Frecuentes","item":"https:\/\/thehometownlawyers.com\/es\/preguntas-frecuentes\/"},{"@type":"ListItem","position":3,"name":"Lesiones Causadas por Colisiones de Impacto Lateral"}]},{"@type":"WebSite","@id":"https:\/\/thehometownlawyers.com\/es\/#website","url":"https:\/\/thehometownlawyers.com\/es\/","name":"Kruger & Hodges Hometown Injury Lawyers | Accident Attorneys","description":"Attorneys for Car, Truck and Motorcycle Accidents, Personal Injuries, and Criminal Defense.","publisher":{"@id":"https:\/\/thehometownlawyers.com\/es\/#organization"},"alternateName":"Kruger & Hodges Personal Injury Lawyers","inLanguage":"es"},{"@type":"Organization","@id":"https:\/\/thehometownlawyers.com\/es\/#organization","name":"Kruger & Hodges Hometown Injury Lawyers","alternateName":"Kruger & Hodges","url":"https:\/\/thehometownlawyers.com\/es\/","logo":{"@type":"ImageObject","inLanguage":"es","@id":"https:\/\/thehometownlawyers.com\/es\/#\/schema\/logo\/image\/","url":"https:\/\/thehometownlawyers.com\/wp-content\/uploads\/2025\/12\/revised-kh-logo-vertical-white-background-scaled.png","contentUrl":"https:\/\/thehometownlawyers.com\/wp-content\/uploads\/2025\/12\/revised-kh-logo-vertical-white-background-scaled.png","width":2560,"height":1440,"caption":"Kruger & Hodges Hometown Injury Lawyers"},"image":{"@id":"https:\/\/thehometownlawyers.com\/es\/#\/schema\/logo\/image\/"},"sameAs":["https:\/\/www.facebook.com\/KrugerHodges\/","https:\/\/www.instagram.com\/krugerhodges\/","https:\/\/www.linkedin.com\/company\/kruger-hodges-hometown-injury-lawyers\/","https:\/\/www.youtube.com\/channel\/UCeYcMaMaN2rb9jMlqt4EIdQ","https:\/\/www.tiktok.com\/@thehometownlawyer"]}]}},"_links":{"self":[{"href":"https:\/\/thehometownlawyers.com\/es\/wp-json\/wp\/v2\/pages\/24170","targetHints":{"allow":["GET"]}}],"collection":[{"href":"https:\/\/thehometownlawyers.com\/es\/wp-json\/wp\/v2\/pages"}],"about":[{"href":"https:\/\/thehometownlawyers.com\/es\/wp-json\/wp\/v2\/types\/page"}],"author":[{"embeddable":true,"href":"https:\/\/thehometownlawyers.com\/es\/wp-json\/wp\/v2\/users\/7"}],"replies":[{"embeddable":true,"href":"https:\/\/thehometownlawyers.com\/es\/wp-json\/wp\/v2\/comments?post=24170"}],"version-history":[{"count":0,"href":"https:\/\/thehometownlawyers.com\/es\/wp-json\/wp\/v2\/pages\/24170\/revisions"}],"up":[{"embeddable":true,"href":"https:\/\/thehometownlawyers.com\/es\/wp-json\/wp\/v2\/pages\/20989"}],"wp:featuredmedia":[{"embeddable":true,"href":"https:\/\/thehometownlawyers.com\/es\/wp-json\/wp\/v2\/media\/24650"}],"wp:attachment":[{"href":"https:\/\/thehometownlawyers.com\/es\/wp-json\/wp\/v2\/media?parent=24170"}],"wp:term":[{"taxonomy":"hc_faqs","embeddable":true,"href":"https:\/\/thehometownlawyers.com\/es\/wp-json\/wp\/v2\/hc_faqs?post=24170"},{"taxonomy":"hc_spanish_faqs","embeddable":true,"href":"https:\/\/thehometownlawyers.com\/es\/wp-json\/wp\/v2\/hc_spanish_faqs?post=24170"}],"curies":[{"name":"wp","href":"https:\/\/api.w.org\/{rel}","templated":true}]}}