{"id":24192,"date":"2025-01-22T14:30:01","date_gmt":"2025-01-22T19:30:01","guid":{"rendered":"https:\/\/thehometownlawyers.com\/?page_id=24192"},"modified":"2025-02-27T16:50:08","modified_gmt":"2025-02-27T21:50:08","slug":"cual-es-el-acuerdo-promedio-por-accidente-de-motocicleta-en-ohio","status":"publish","type":"page","link":"https:\/\/thehometownlawyers.com\/es\/preguntas-frecuentes\/cual-es-el-acuerdo-promedio-por-accidente-de-motocicleta-en-ohio\/","title":{"rendered":"\u00bfCu\u00e1l es el acuerdo promedio por accidente de motocicleta en Ohio?"},"content":{"rendered":"<h3>Nuestros Abogados de Accidentes de Motocicleta en Hamilton<\/h3>\n<p>Nuestros abogados de accidentes de motocicleta en Hamilton no pueden asignar un acuerdo promedio para accidentes de motocicleta en Ohio. Cada accidente es diferente y requiere una evaluaci\u00f3n independiente antes de que podamos determinar el valor de tu acuerdo ideal. Afortunadamente, nuestro equipo facilita el proceso de evaluar el valor de tus p\u00e9rdidas.<\/p>\n<p>Nuestro apoyo garantiza que ni las compa\u00f1\u00edas de seguros ni las partes responsables puedan aprovecharse de ti despu\u00e9s de un accidente de motocicleta. Utilizamos pruebas para respaldar tu solicitud de compensaci\u00f3n financiera y no aceptamos ofertas insuficientes.<\/p>\n<p class=\"rs-content-cta rs-content-cta-small\">Para una consulta legal gratuita, llame al <a href=\"tel:+15138943333\">513-894-3333 <\/a><\/p><h3>\u00bfQu\u00e9 P\u00e9rdidas Puedes Incluir en una Solicitud de Acuerdo por un Accidente de Motocicleta?<\/h3>\n<p>Tienes derecho a presentar un reclamo de seguro, as\u00ed como una demanda por lesiones personales despu\u00e9s de un accidente de motocicleta. Sin embargo, los reclamos de seguro te ponen en la mira de los ajustadores de seguros, quienes buscan reducir la cantidad final de tu acuerdo.<\/p>\n<p>Adem\u00e1s, los reclamos de seguro solo te dan derecho a recuperar una compensaci\u00f3n por ciertas p\u00e9rdidas econ\u00f3micas, y la cobertura var\u00eda seg\u00fan el plan en el que haya invertido el conductor negligente. Lidiar con estas limitaciones, junto con los intentos del ajustador de minimizar tus p\u00e9rdidas, puede dejarte frustrado y sin el dinero que mereces.<\/p>\n<p>Si deseas recuperar una compensaci\u00f3n integral por un accidente de motocicleta, nuestros abogados de lesiones personales en Hamilton recomiendan presentar un reclamo por accidente de motocicleta. Podemos ayudarte a enfatizar tu derecho a compensaci\u00f3n basado en tus:<\/p>\n<h3>P\u00e9rdidas Econ\u00f3micas<\/h3>\n<p>Las p\u00e9rdidas econ\u00f3micas de tu accidente de motocicleta son aquellas que generan facturas. Por ejemplo, las m\u00e1s comunes incluyen el costo del traslado en ambulancia y los gastos m\u00e9dicos de emergencia. Otras p\u00e9rdidas econ\u00f3micas pueden incluir costos adicionales de tratamiento m\u00e9dico, el costo de reparar tu propiedad da\u00f1ada y los salarios perdidos si no puedes regresar al trabajo.<\/p>\n<p>Si bien las p\u00e9rdidas econ\u00f3micas pueden afectar tus ahorros, son algunas de las m\u00e1s f\u00e1ciles de probar en la corte. Estas suelen generar un rastro documental, lo que significa que puedes presentar facturas, recibos de pago y comprobantes para demostrar que la negligencia de otra persona te caus\u00f3 un perjuicio financiero.<\/p>\n<p class=\"rs-content-cta rs-content-cta-small\"><a href=\"\/es\/contacto\/\">Haga clic para contactar<\/a> con nuestros  abogados hoy<\/p><h3>P\u00e9rdidas No Econ\u00f3micas<\/h3>\n<p>Las p\u00e9rdidas no econ\u00f3micas de un accidente de motocicleta incluyen cualquier impacto en tu bienestar emocional despu\u00e9s de la colisi\u00f3n. Puedes trabajar con nuestros abogados de accidentes de motocicleta en Hamilton para calcular el valor monetario de p\u00e9rdidas como el dolor y sufrimiento, el estr\u00e9s emocional y la reducci\u00f3n de tu calidad de vida.<\/p>\n<p class=\"rs-content-cta rs-content-cta-small\">Complete una <a href=\"\/es\/contacto\/\">evaluaci\u00f3n gratuita de su caso<\/a> ahora<\/p><h3>Lo Que Debes Saber Sobre los Da\u00f1os Punitivos<\/h3>\n<p>Cuando presentas una demanda por lesiones personales, tienes la oportunidad de solicitar que la parte responsable de tu accidente comparezca ante un tribunal civil. Si llevas tu caso ante un juez, podr\u00edas recibir da\u00f1os punitivos en funci\u00f3n de la gravedad de tus p\u00e9rdidas.<\/p>\n<p>Sin embargo, no puedes solicitar da\u00f1os punitivos en el momento de presentar tu reclamo inicial por accidente de motocicleta. El acuerdo promedio por accidentes de motocicleta en Ohio no incluye el valor de los da\u00f1os punitivos que un juez podr\u00eda otorgarte. \u00bfPor qu\u00e9? Porque los jueces solo conceden da\u00f1os punitivos en accidentes que involucran negligencia grave o conducta temeraria.<\/p>\n<h3>\u00bfCu\u00e1ndo Puede un Abogado de Accidentes de Motocicleta en Hamilton Calcular el Valor de tu Caso?<\/h3>\n<p>Puedes comenzar a trabajar con un abogado de accidentes de motocicleta en Hamilton inmediatamente despu\u00e9s de tu accidente. No importa si decides presentar una demanda o no. Si llamas a nuestro equipo pocas horas despu\u00e9s de un accidente de motocicleta, puedes contar con nosotros para:<\/p>\n<ul>\n<li>Comunicarnos con los ajustadores y representantes de seguros en tu nombre.<\/li>\n<li>Analizar la escena del accidente para recopilar pruebas que ayuden a fortalecer tu caso.<\/li>\n<li>Conectar con expertos que puedan aportar conocimientos especializados a tu caso.<\/li>\n<li>Mantener una relaci\u00f3n profesional con la parte responsable del accidente.<\/li>\n<li>Cumplir con todos los plazos legales relevantes para tu caso.<\/li>\n<li>Brindarte la tranquilidad que necesitas para centrarte en tu recuperaci\u00f3n.<\/li>\n<\/ul>\n<p>Tu primera consulta con nuestro equipo es gratuita y no te obliga a continuar con nosotros. Cuanto antes te pongas en contacto con nuestro equipo, antes podr\u00e1s comenzar a luchar por la compensaci\u00f3n que necesitas para recuperarte del accidente.<\/p>\n<h3>No Permitas Que el Plazo de Prescripci\u00f3n Limite Tu Derecho a Reclamar<\/h3>\n<p>Ohio limita el tiempo que tiene una v\u00edctima de accidente de motocicleta para solicitar compensaci\u00f3n. Si deseas llevar tu reclamo por da\u00f1os a un tribunal civil, debes consultar con un abogado sobre el <strong>C\u00f3digo Revisado de Ohio \u00a7 2305.10(A)<\/strong>. Este c\u00f3digo establece el plazo de prescripci\u00f3n del estado y solo te otorga <strong>dos a\u00f1os<\/strong> para presentar pruebas de tus p\u00e9rdidas ante la corte.<\/p>\n<p>En otras palabras, debes presentar tu reclamo antes de que expire el plazo de prescripci\u00f3n de Ohio si deseas obtener compensaci\u00f3n ante un juez. No quieres perder esta oportunidad.<\/p>\n<p>Podemos ayudarte a cumplir con los plazos o explorar excepciones que puedan permitirte presentar un reclamo despu\u00e9s del per\u00edodo de dos a\u00f1os.<\/p>\n<h3>Tienes Derecho a una Compensaci\u00f3n Justa Despu\u00e9s de un Accidente de Motocicleta<\/h3>\n<p>Si bien no existe un acuerdo promedio para accidentes de motocicleta en Ohio, eso no significa que no puedas obtener compensaci\u00f3n tras una colisi\u00f3n. Tienes derecho a solicitar compensaci\u00f3n ya sea presentando un reclamo de seguro o iniciando una demanda por lesiones personales. Nuestros abogados pueden ayudarte a determinar el valor de tus p\u00e9rdidas para que nadie reduzca injustamente tu compensaci\u00f3n.<\/p>\n<p>Nuestros abogados de accidentes de motocicleta atienden a clientes en <strong>Hamilton, Middletown, Wilmington, Eaton, Washington Court House, Circleville y Urbana<\/strong>. No dejes que pase el tiempo y pierdas tu derecho a reclamar compensaci\u00f3n. <strong>Nuestros abogados locales est\u00e1n de tu lado y listos para brindarte el apoyo legal que necesitas.<\/strong><\/p>\n<p class=\"rs-content-cta rs-content-cta-small\">Llame o env\u00ede un mensaje de texto al <a href=\"tel:+15138943333\">513-894-3333<\/a> o complete una <a href=\"\/es\/contacto\/\">evaluaci\u00f3n gratuita de su caso<\/a><\/p>","protected":false},"excerpt":{"rendered":"<p>Nuestros Abogados de Accidentes de Motocicleta en Hamilton Nuestros abogados de accidentes de motocicleta en Hamilton no pueden asignar un acuerdo promedio para accidentes de motocicleta en Ohio. Cada accidente es diferente y requiere una evaluaci\u00f3n independiente antes de que podamos determinar el valor de tu acuerdo ideal. Afortunadamente, nuestro equipo facilita el proceso de &#8230;<\/p>\n","protected":false},"author":7,"featured_media":24031,"parent":20989,"menu_order":0,"comment_status":"closed","ping_status":"closed","template":"","meta":{"_acf_changed":false,"inline_featured_image":false,"_genesis_hide_title":false,"_genesis_hide_breadcrumbs":false,"_genesis_hide_singular_image":false,"_genesis_hide_footer_widgets":false,"_genesis_custom_body_class":"","_genesis_custom_post_class":"","_genesis_layout":"","footnotes":""},"hc_faqs":[321],"hc_spanish_faqs":[],"class_list":{"0":"post-24192","1":"page","2":"type-page","3":"status-publish","4":"has-post-thumbnail","6":"hc_faqs-accidente-de-motocicleta","7":"entry"},"acf":[],"yoast_head":"<!-- This site is optimized with the Yoast SEO plugin v27.4 - https:\/\/yoast.com\/product\/yoast-seo-wordpress\/ -->\n<title>\u00bfCu\u00e1l es el acuerdo promedio por accidente de motocicleta en Ohio? | Kruger &amp; Hodges<\/title>\n<meta name=\"description\" content=\"Puede recurrir a nuestros abogados de accidentes de motocicleta de Hamilton para obtener m\u00e1s informaci\u00f3n sobre los acuerdos promedio por accidentes de motocicleta en Ohio.\" \/>\n<meta name=\"robots\" content=\"index, follow, max-snippet:-1, max-image-preview:large, max-video-preview:-1\" \/>\n<link rel=\"canonical\" href=\"https:\/\/thehometownlawyers.com\/es\/preguntas-frecuentes\/cual-es-el-acuerdo-promedio-por-accidente-de-motocicleta-en-ohio\/\" \/>\n<meta property=\"og:locale\" content=\"es_MX\" \/>\n<meta property=\"og:type\" content=\"article\" \/>\n<meta property=\"og:title\" content=\"\u00bfCu\u00e1l es el acuerdo promedio por accidente de motocicleta en Ohio? | Kruger &amp; Hodges\" \/>\n<meta property=\"og:description\" content=\"Puede recurrir a nuestros abogados de accidentes de motocicleta de Hamilton para obtener m\u00e1s informaci\u00f3n sobre los acuerdos promedio por accidentes de motocicleta en Ohio.\" \/>\n<meta property=\"og:url\" content=\"https:\/\/thehometownlawyers.com\/es\/preguntas-frecuentes\/cual-es-el-acuerdo-promedio-por-accidente-de-motocicleta-en-ohio\/\" \/>\n<meta property=\"og:site_name\" content=\"Kruger &amp; Hodges Abogados De Lesiones\" \/>\n<meta property=\"article:publisher\" content=\"https:\/\/www.facebook.com\/KrugerHodges\/\" \/>\n<meta property=\"article:modified_time\" content=\"2025-02-27T21:50:08+00:00\" \/>\n<meta property=\"og:image\" content=\"https:\/\/thehometownlawyers.com\/wp-content\/uploads\/2025\/01\/what-is-the-average-motorcycle-accident-settlement-in-ohio.jpg\" \/>\n\t<meta property=\"og:image:width\" content=\"1000\" \/>\n\t<meta property=\"og:image:height\" content=\"675\" \/>\n\t<meta property=\"og:image:type\" content=\"image\/jpeg\" \/>\n<meta name=\"twitter:card\" content=\"summary_large_image\" \/>\n<meta name=\"twitter:label1\" content=\"Tiempo de lectura\" \/>\n\t<meta name=\"twitter:data1\" content=\"5 minutos\" \/>\n<script type=\"application\/ld+json\" class=\"yoast-schema-graph\">{\"@context\":\"https:\\\/\\\/schema.org\",\"@graph\":[{\"@type\":\"WebPage\",\"@id\":\"https:\\\/\\\/thehometownlawyers.com\\\/es\\\/preguntas-frecuentes\\\/cual-es-el-acuerdo-promedio-por-accidente-de-motocicleta-en-ohio\\\/\",\"url\":\"https:\\\/\\\/thehometownlawyers.com\\\/es\\\/preguntas-frecuentes\\\/cual-es-el-acuerdo-promedio-por-accidente-de-motocicleta-en-ohio\\\/\",\"name\":\"\u00bfCu\u00e1l es el acuerdo promedio por accidente de motocicleta en Ohio? | Kruger & Hodges\",\"isPartOf\":{\"@id\":\"https:\\\/\\\/thehometownlawyers.com\\\/es\\\/#website\"},\"primaryImageOfPage\":{\"@id\":\"https:\\\/\\\/thehometownlawyers.com\\\/es\\\/preguntas-frecuentes\\\/cual-es-el-acuerdo-promedio-por-accidente-de-motocicleta-en-ohio\\\/#primaryimage\"},\"image\":{\"@id\":\"https:\\\/\\\/thehometownlawyers.com\\\/es\\\/preguntas-frecuentes\\\/cual-es-el-acuerdo-promedio-por-accidente-de-motocicleta-en-ohio\\\/#primaryimage\"},\"thumbnailUrl\":\"https:\\\/\\\/thehometownlawyers.com\\\/wp-content\\\/uploads\\\/2025\\\/01\\\/what-is-the-average-motorcycle-accident-settlement-in-ohio.jpg\",\"datePublished\":\"2025-01-22T19:30:01+00:00\",\"dateModified\":\"2025-02-27T21:50:08+00:00\",\"description\":\"Puede recurrir a nuestros abogados de accidentes de motocicleta de Hamilton para obtener m\u00e1s informaci\u00f3n sobre los acuerdos promedio por accidentes de motocicleta en Ohio.\",\"breadcrumb\":{\"@id\":\"https:\\\/\\\/thehometownlawyers.com\\\/es\\\/preguntas-frecuentes\\\/cual-es-el-acuerdo-promedio-por-accidente-de-motocicleta-en-ohio\\\/#breadcrumb\"},\"inLanguage\":\"es\",\"potentialAction\":[{\"@type\":\"ReadAction\",\"target\":[\"https:\\\/\\\/thehometownlawyers.com\\\/es\\\/preguntas-frecuentes\\\/cual-es-el-acuerdo-promedio-por-accidente-de-motocicleta-en-ohio\\\/\"]}]},{\"@type\":\"ImageObject\",\"inLanguage\":\"es\",\"@id\":\"https:\\\/\\\/thehometownlawyers.com\\\/es\\\/preguntas-frecuentes\\\/cual-es-el-acuerdo-promedio-por-accidente-de-motocicleta-en-ohio\\\/#primaryimage\",\"url\":\"https:\\\/\\\/thehometownlawyers.com\\\/wp-content\\\/uploads\\\/2025\\\/01\\\/what-is-the-average-motorcycle-accident-settlement-in-ohio.jpg\",\"contentUrl\":\"https:\\\/\\\/thehometownlawyers.com\\\/wp-content\\\/uploads\\\/2025\\\/01\\\/what-is-the-average-motorcycle-accident-settlement-in-ohio.jpg\",\"width\":1000,\"height\":675,\"caption\":\"A mechanic assesses the damage done to a motorcycle rider\u2019s bike after a collision.\"},{\"@type\":\"BreadcrumbList\",\"@id\":\"https:\\\/\\\/thehometownlawyers.com\\\/es\\\/preguntas-frecuentes\\\/cual-es-el-acuerdo-promedio-por-accidente-de-motocicleta-en-ohio\\\/#breadcrumb\",\"itemListElement\":[{\"@type\":\"ListItem\",\"position\":1,\"name\":\"Home\",\"item\":\"https:\\\/\\\/thehometownlawyers.com\\\/es\\\/\"},{\"@type\":\"ListItem\",\"position\":2,\"name\":\"Preguntas Frecuentes\",\"item\":\"https:\\\/\\\/thehometownlawyers.com\\\/es\\\/preguntas-frecuentes\\\/\"},{\"@type\":\"ListItem\",\"position\":3,\"name\":\"\u00bfCu\u00e1l es el acuerdo promedio por accidente de motocicleta en Ohio?\"}]},{\"@type\":\"WebSite\",\"@id\":\"https:\\\/\\\/thehometownlawyers.com\\\/es\\\/#website\",\"url\":\"https:\\\/\\\/thehometownlawyers.com\\\/es\\\/\",\"name\":\"Kruger & Hodges Hometown Injury Lawyers | Accident Attorneys\",\"description\":\"Attorneys for Car, Truck and Motorcycle Accidents, Personal Injuries, and Criminal Defense.\",\"publisher\":{\"@id\":\"https:\\\/\\\/thehometownlawyers.com\\\/es\\\/#organization\"},\"alternateName\":\"Kruger & Hodges Personal Injury Lawyers\",\"inLanguage\":\"es\"},{\"@type\":\"Organization\",\"@id\":\"https:\\\/\\\/thehometownlawyers.com\\\/es\\\/#organization\",\"name\":\"Kruger & Hodges Hometown Injury Lawyers\",\"alternateName\":\"Kruger & Hodges\",\"url\":\"https:\\\/\\\/thehometownlawyers.com\\\/es\\\/\",\"logo\":{\"@type\":\"ImageObject\",\"inLanguage\":\"es\",\"@id\":\"https:\\\/\\\/thehometownlawyers.com\\\/es\\\/#\\\/schema\\\/logo\\\/image\\\/\",\"url\":\"https:\\\/\\\/thehometownlawyers.com\\\/wp-content\\\/uploads\\\/2025\\\/12\\\/revised-kh-logo-vertical-white-background-scaled.png\",\"contentUrl\":\"https:\\\/\\\/thehometownlawyers.com\\\/wp-content\\\/uploads\\\/2025\\\/12\\\/revised-kh-logo-vertical-white-background-scaled.png\",\"width\":2560,\"height\":1440,\"caption\":\"Kruger & Hodges Hometown Injury Lawyers\"},\"image\":{\"@id\":\"https:\\\/\\\/thehometownlawyers.com\\\/es\\\/#\\\/schema\\\/logo\\\/image\\\/\"},\"sameAs\":[\"https:\\\/\\\/www.facebook.com\\\/KrugerHodges\\\/\",\"https:\\\/\\\/www.instagram.com\\\/krugerhodges\\\/\",\"https:\\\/\\\/www.linkedin.com\\\/company\\\/kruger-hodges-hometown-injury-lawyers\\\/\",\"https:\\\/\\\/www.youtube.com\\\/channel\\\/UCeYcMaMaN2rb9jMlqt4EIdQ\",\"https:\\\/\\\/www.tiktok.com\\\/@thehometownlawyer\"]}]}<\/script>\n<!-- \/ Yoast SEO plugin. -->","yoast_head_json":{"title":"\u00bfCu\u00e1l es el acuerdo promedio por accidente de motocicleta en Ohio? | Kruger & Hodges","description":"Puede recurrir a nuestros abogados de accidentes de motocicleta de Hamilton para obtener m\u00e1s informaci\u00f3n sobre los acuerdos promedio por accidentes de motocicleta en Ohio.","robots":{"index":"index","follow":"follow","max-snippet":"max-snippet:-1","max-image-preview":"max-image-preview:large","max-video-preview":"max-video-preview:-1"},"canonical":"https:\/\/thehometownlawyers.com\/es\/preguntas-frecuentes\/cual-es-el-acuerdo-promedio-por-accidente-de-motocicleta-en-ohio\/","og_locale":"es_MX","og_type":"article","og_title":"\u00bfCu\u00e1l es el acuerdo promedio por accidente de motocicleta en Ohio? | Kruger & Hodges","og_description":"Puede recurrir a nuestros abogados de accidentes de motocicleta de Hamilton para obtener m\u00e1s informaci\u00f3n sobre los acuerdos promedio por accidentes de motocicleta en Ohio.","og_url":"https:\/\/thehometownlawyers.com\/es\/preguntas-frecuentes\/cual-es-el-acuerdo-promedio-por-accidente-de-motocicleta-en-ohio\/","og_site_name":"Kruger &amp; Hodges Abogados De Lesiones","article_publisher":"https:\/\/www.facebook.com\/KrugerHodges\/","article_modified_time":"2025-02-27T21:50:08+00:00","og_image":[{"width":1000,"height":675,"url":"https:\/\/thehometownlawyers.com\/wp-content\/uploads\/2025\/01\/what-is-the-average-motorcycle-accident-settlement-in-ohio.jpg","type":"image\/jpeg"}],"twitter_card":"summary_large_image","twitter_misc":{"Tiempo de lectura":"5 minutos"},"schema":{"@context":"https:\/\/schema.org","@graph":[{"@type":"WebPage","@id":"https:\/\/thehometownlawyers.com\/es\/preguntas-frecuentes\/cual-es-el-acuerdo-promedio-por-accidente-de-motocicleta-en-ohio\/","url":"https:\/\/thehometownlawyers.com\/es\/preguntas-frecuentes\/cual-es-el-acuerdo-promedio-por-accidente-de-motocicleta-en-ohio\/","name":"\u00bfCu\u00e1l es el acuerdo promedio por accidente de motocicleta en Ohio? | Kruger & Hodges","isPartOf":{"@id":"https:\/\/thehometownlawyers.com\/es\/#website"},"primaryImageOfPage":{"@id":"https:\/\/thehometownlawyers.com\/es\/preguntas-frecuentes\/cual-es-el-acuerdo-promedio-por-accidente-de-motocicleta-en-ohio\/#primaryimage"},"image":{"@id":"https:\/\/thehometownlawyers.com\/es\/preguntas-frecuentes\/cual-es-el-acuerdo-promedio-por-accidente-de-motocicleta-en-ohio\/#primaryimage"},"thumbnailUrl":"https:\/\/thehometownlawyers.com\/wp-content\/uploads\/2025\/01\/what-is-the-average-motorcycle-accident-settlement-in-ohio.jpg","datePublished":"2025-01-22T19:30:01+00:00","dateModified":"2025-02-27T21:50:08+00:00","description":"Puede recurrir a nuestros abogados de accidentes de motocicleta de Hamilton para obtener m\u00e1s informaci\u00f3n sobre los acuerdos promedio por accidentes de motocicleta en Ohio.","breadcrumb":{"@id":"https:\/\/thehometownlawyers.com\/es\/preguntas-frecuentes\/cual-es-el-acuerdo-promedio-por-accidente-de-motocicleta-en-ohio\/#breadcrumb"},"inLanguage":"es","potentialAction":[{"@type":"ReadAction","target":["https:\/\/thehometownlawyers.com\/es\/preguntas-frecuentes\/cual-es-el-acuerdo-promedio-por-accidente-de-motocicleta-en-ohio\/"]}]},{"@type":"ImageObject","inLanguage":"es","@id":"https:\/\/thehometownlawyers.com\/es\/preguntas-frecuentes\/cual-es-el-acuerdo-promedio-por-accidente-de-motocicleta-en-ohio\/#primaryimage","url":"https:\/\/thehometownlawyers.com\/wp-content\/uploads\/2025\/01\/what-is-the-average-motorcycle-accident-settlement-in-ohio.jpg","contentUrl":"https:\/\/thehometownlawyers.com\/wp-content\/uploads\/2025\/01\/what-is-the-average-motorcycle-accident-settlement-in-ohio.jpg","width":1000,"height":675,"caption":"A mechanic assesses the damage done to a motorcycle rider\u2019s bike after a collision."},{"@type":"BreadcrumbList","@id":"https:\/\/thehometownlawyers.com\/es\/preguntas-frecuentes\/cual-es-el-acuerdo-promedio-por-accidente-de-motocicleta-en-ohio\/#breadcrumb","itemListElement":[{"@type":"ListItem","position":1,"name":"Home","item":"https:\/\/thehometownlawyers.com\/es\/"},{"@type":"ListItem","position":2,"name":"Preguntas Frecuentes","item":"https:\/\/thehometownlawyers.com\/es\/preguntas-frecuentes\/"},{"@type":"ListItem","position":3,"name":"\u00bfCu\u00e1l es el acuerdo promedio por accidente de motocicleta en Ohio?"}]},{"@type":"WebSite","@id":"https:\/\/thehometownlawyers.com\/es\/#website","url":"https:\/\/thehometownlawyers.com\/es\/","name":"Kruger & Hodges Hometown Injury Lawyers | Accident Attorneys","description":"Attorneys for Car, Truck and Motorcycle Accidents, Personal Injuries, and Criminal Defense.","publisher":{"@id":"https:\/\/thehometownlawyers.com\/es\/#organization"},"alternateName":"Kruger & Hodges Personal Injury Lawyers","inLanguage":"es"},{"@type":"Organization","@id":"https:\/\/thehometownlawyers.com\/es\/#organization","name":"Kruger & Hodges Hometown Injury Lawyers","alternateName":"Kruger & Hodges","url":"https:\/\/thehometownlawyers.com\/es\/","logo":{"@type":"ImageObject","inLanguage":"es","@id":"https:\/\/thehometownlawyers.com\/es\/#\/schema\/logo\/image\/","url":"https:\/\/thehometownlawyers.com\/wp-content\/uploads\/2025\/12\/revised-kh-logo-vertical-white-background-scaled.png","contentUrl":"https:\/\/thehometownlawyers.com\/wp-content\/uploads\/2025\/12\/revised-kh-logo-vertical-white-background-scaled.png","width":2560,"height":1440,"caption":"Kruger & Hodges Hometown Injury Lawyers"},"image":{"@id":"https:\/\/thehometownlawyers.com\/es\/#\/schema\/logo\/image\/"},"sameAs":["https:\/\/www.facebook.com\/KrugerHodges\/","https:\/\/www.instagram.com\/krugerhodges\/","https:\/\/www.linkedin.com\/company\/kruger-hodges-hometown-injury-lawyers\/","https:\/\/www.youtube.com\/channel\/UCeYcMaMaN2rb9jMlqt4EIdQ","https:\/\/www.tiktok.com\/@thehometownlawyer"]}]}},"_links":{"self":[{"href":"https:\/\/thehometownlawyers.com\/es\/wp-json\/wp\/v2\/pages\/24192","targetHints":{"allow":["GET"]}}],"collection":[{"href":"https:\/\/thehometownlawyers.com\/es\/wp-json\/wp\/v2\/pages"}],"about":[{"href":"https:\/\/thehometownlawyers.com\/es\/wp-json\/wp\/v2\/types\/page"}],"author":[{"embeddable":true,"href":"https:\/\/thehometownlawyers.com\/es\/wp-json\/wp\/v2\/users\/7"}],"replies":[{"embeddable":true,"href":"https:\/\/thehometownlawyers.com\/es\/wp-json\/wp\/v2\/comments?post=24192"}],"version-history":[{"count":0,"href":"https:\/\/thehometownlawyers.com\/es\/wp-json\/wp\/v2\/pages\/24192\/revisions"}],"up":[{"embeddable":true,"href":"https:\/\/thehometownlawyers.com\/es\/wp-json\/wp\/v2\/pages\/20989"}],"wp:featuredmedia":[{"embeddable":true,"href":"https:\/\/thehometownlawyers.com\/es\/wp-json\/wp\/v2\/media\/24031"}],"wp:attachment":[{"href":"https:\/\/thehometownlawyers.com\/es\/wp-json\/wp\/v2\/media?parent=24192"}],"wp:term":[{"taxonomy":"hc_faqs","embeddable":true,"href":"https:\/\/thehometownlawyers.com\/es\/wp-json\/wp\/v2\/hc_faqs?post=24192"},{"taxonomy":"hc_spanish_faqs","embeddable":true,"href":"https:\/\/thehometownlawyers.com\/es\/wp-json\/wp\/v2\/hc_spanish_faqs?post=24192"}],"curies":[{"name":"wp","href":"https:\/\/api.w.org\/{rel}","templated":true}]}}